{"id":12887,"date":"2024-03-29T18:16:31","date_gmt":"2024-03-29T16:16:31","guid":{"rendered":"https:\/\/nettiseitti.fi\/showroom\/?page_id=12887"},"modified":"2024-08-12T14:19:16","modified_gmt":"2024-08-12T11:19:16","slug":"toimitus-ja-tilausehdot-seka-gdpr","status":"publish","type":"page","link":"https:\/\/nettiseitti.fi\/showroom\/toimitus-ja-tilausehdot-seka-gdpr\/","title":{"rendered":"Toimitus- ja tilausehdot sek\u00e4 GDPR"},"content":{"rendered":"\t\t<div data-elementor-type=\"wp-page\" data-elementor-id=\"12887\" class=\"elementor elementor-12887\">\n\t\t\t\t<div class=\"elementor-element elementor-element-547c164 e-con-full e-flex e-con e-parent\" data-id=\"547c164\" data-element_type=\"container\" data-e-type=\"container\" data-settings=\"{&quot;background_background&quot;:&quot;classic&quot;}\">\n\t\t<div class=\"elementor-element elementor-element-39fe0f3 e-flex e-con-boxed e-con e-child\" data-id=\"39fe0f3\" data-element_type=\"container\" data-e-type=\"container\">\n\t\t\t\t\t<div class=\"e-con-inner\">\n\t\t\t\t<div class=\"elementor-element elementor-element-8af205d elementor-widget elementor-widget-heading\" data-id=\"8af205d\" data-element_type=\"widget\" data-e-type=\"widget\" data-widget_type=\"heading.default\">\n\t\t\t\t<div class=\"elementor-widget-container\">\n\t\t\t\t\t<h2 class=\"elementor-heading-title elementor-size-default\">GDPR<\/h2>\t\t\t\t<\/div>\n\t\t\t\t<\/div>\n\t\t\t\t<div class=\"elementor-element elementor-element-d15bd9e elementor-widget elementor-widget-text-editor\" data-id=\"d15bd9e\" data-element_type=\"widget\" data-e-type=\"widget\" data-widget_type=\"text-editor.default\">\n\t\t\t\t<div class=\"elementor-widget-container\">\n\t\t\t\t\t\t\t\t\t\nTallennamme tarjouspyynt\u00f6ihin, toimituksiin ja laskutukseen liittyvi\u00e4 yhteystietoja asiakkailtamme. <br>Yhteystietoihin kuuluvat: Nimi, Osoite, Puhelinnumero, S\u00e4hk\u00f6postiosoite. <br>Ajantasaisten yhteystietojen avulla pystymme palvelemaan niin takuuasioissa kuin toimitusten seurannassakin. <br>Voit pyyt\u00e4\u00e4 omat tietosi poistettaviksi tai n\u00e4ht\u00e4viksi ottamalla yhteytt\u00e4 osoitteeseen myynti [at] micmedi.fi. <br>Varaudu todistamaan henkil\u00f6llisyytesi.\n\t\t\t\t\t\t\t\t<\/div>\n\t\t\t\t<\/div>\n\t\t\t\t<div class=\"elementor-element elementor-element-69bd3bc elementor-widget elementor-widget-heading\" data-id=\"69bd3bc\" data-element_type=\"widget\" data-e-type=\"widget\" data-widget_type=\"heading.default\">\n\t\t\t\t<div class=\"elementor-widget-container\">\n\t\t\t\t\t<h2 class=\"elementor-heading-title elementor-size-default\">TILAUS- JA TOIMITUSEHDOT<\/h2>\t\t\t\t<\/div>\n\t\t\t\t<\/div>\n\t\t\t\t<div class=\"elementor-element elementor-element-3d59d6b elementor-widget__width-initial elementor-widget elementor-widget-text-editor\" data-id=\"3d59d6b\" data-element_type=\"widget\" data-e-type=\"widget\" data-widget_type=\"text-editor.default\">\n\t\t\t\t<div class=\"elementor-widget-container\">\n\t\t\t\t\t\t\t\t\t<p>Alla olevat tilaus- sek\u00e4 toimitusehtomme ovat voimassa toistaiseksi ja voitte tarkistaa kulloinkin voimassa olevat tilaus- ja toimitusehtomme t\u00e4lt\u00e4 sivulta.<br \/>Teemme ensisijaisesti tarjouksen kaikista sivuillamme olevista palveluista \/ tuotteista, joten n\u00e4kyviss\u00e4 olevat hinnat ovat suuntaa antavia.<br \/>Olethan yhteydess\u00e4 meihin s\u00e4hk\u00f6postilla tai puhelimitse tuotteiden ja palveluidemme osalta.<br \/>Kaikki sivustolla n\u00e4kyv\u00e4t hinnat sis\u00e4lt\u00e4v\u00e4t arvonlis\u00e4veron 24%.<br \/>Pyrimme varmistamaan tuotetietojen oikeellisuuden ja esitt\u00e4m\u00e4\u00e4n mahdollisimman hyv\u00e4t tiedot kustakin tuotteesta, mutta emme ota vastuuta tuotetietojen oikeellisuudesta ja pid\u00e4t\u00e4mme oikeuden hinta- sek\u00e4 tuotetietojen muutoksiin.<\/p>\t\t\t\t\t\t\t\t<\/div>\n\t\t\t\t<\/div>\n\t\t\t\t<div class=\"elementor-element elementor-element-793495a elementor-widget elementor-widget-heading\" data-id=\"793495a\" data-element_type=\"widget\" data-e-type=\"widget\" data-widget_type=\"heading.default\">\n\t\t\t\t<div class=\"elementor-widget-container\">\n\t\t\t\t\t<h2 class=\"elementor-heading-title elementor-size-default\">Yhteystiedot<\/h2>\t\t\t\t<\/div>\n\t\t\t\t<\/div>\n\t\t\t\t<div class=\"elementor-element elementor-element-33da15c elementor-widget elementor-widget-text-editor\" data-id=\"33da15c\" data-element_type=\"widget\" data-e-type=\"widget\" data-widget_type=\"text-editor.default\">\n\t\t\t\t<div class=\"elementor-widget-container\">\n\t\t\t\t\t\t\t\t\t<h4>NettiSeitti \/ Micmedi Oy<br>Y-tunnus: 2154994-0<\/h4>\nSastamalan sijainti:<br>\nSep\u00e4npolku 3<br>\n38200 Sastamala<br>\nPuh. 044 5115958<br><br>\n\nSein\u00e4joen sijainti:<br>\nIlmarisenkatu 6 D 44<br>\n60100 Sein\u00e4joki<br>\nPuh. 040 1523801<br><br>\n\nS\u00e4hk\u00f6postit:<br>\nmyynti [at] nettiseitti.fi<br>\nmyynti [at] micmedi.fi\t\t\t\t\t\t\t\t<\/div>\n\t\t\t\t<\/div>\n\t\t\t\t<div class=\"elementor-element elementor-element-c360a1d elementor-widget elementor-widget-heading\" data-id=\"c360a1d\" data-element_type=\"widget\" data-e-type=\"widget\" data-widget_type=\"heading.default\">\n\t\t\t\t<div class=\"elementor-widget-container\">\n\t\t\t\t\t<h2 class=\"elementor-heading-title elementor-size-default\">Tavaran toimitus<\/h2>\t\t\t\t<\/div>\n\t\t\t\t<\/div>\n\t\t\t\t<div class=\"elementor-element elementor-element-0edce22 elementor-widget elementor-widget-text-editor\" data-id=\"0edce22\" data-element_type=\"widget\" data-e-type=\"widget\" data-widget_type=\"text-editor.default\">\n\t\t\t\t<div class=\"elementor-widget-container\">\n\t\t\t\t\t\t\t\t\tTilatut tavarat voi noutaa toimipisteilt\u00e4mme tai vaihtoehtoisesti voimme toimittaa tavarat sopimuksen mukaan voimassa olevan hinnaston mukaisesti.<br>\nToimituskuluihin vaikuttavat mm. tavaran koko ja paino, joten varmistathan tavarakohtaiset toimituskulut etuk\u00e4teen meilt\u00e4 s\u00e4hk\u00f6postitse tai puhelimitse.<br>\n\nPid\u00e4t\u00e4mme oikeuden toimituskulujen muutoksiin.\t\t\t\t\t\t\t\t<\/div>\n\t\t\t\t<\/div>\n\t\t\t\t<div class=\"elementor-element elementor-element-853e6f6 elementor-widget elementor-widget-heading\" data-id=\"853e6f6\" data-element_type=\"widget\" data-e-type=\"widget\" data-widget_type=\"heading.default\">\n\t\t\t\t<div class=\"elementor-widget-container\">\n\t\t\t\t\t<h2 class=\"elementor-heading-title elementor-size-default\">Maksaminen ja maksutavat<\/h2>\t\t\t\t<\/div>\n\t\t\t\t<\/div>\n\t\t\t\t<div class=\"elementor-element elementor-element-5ce9b90 elementor-widget elementor-widget-text-editor\" data-id=\"5ce9b90\" data-element_type=\"widget\" data-e-type=\"widget\" data-widget_type=\"text-editor.default\">\n\t\t\t\t<div class=\"elementor-widget-container\">\n\t\t\t\t\t\t\t\t\tMaksutapoina k\u00e4yt\u00f6ss\u00e4mme ovat laskutus sek\u00e4 asioidessanne toimipisteill\u00e4mme my\u00f6s k\u00e4teismaksu.<br>\nMik\u00e4li on sovittu tavaroiden toimittamisesta, l\u00e4het\u00e4mme tilatut tavarat laskun maksamisen j\u00e4lkeen edellytt\u00e4en, ett\u00e4 laskun summa n\u00e4kyy tilill\u00e4mme.\t\t\t\t\t\t\t\t<\/div>\n\t\t\t\t<\/div>\n\t\t\t\t<div class=\"elementor-element elementor-element-6058167 elementor-widget elementor-widget-heading\" data-id=\"6058167\" data-element_type=\"widget\" data-e-type=\"widget\" data-widget_type=\"heading.default\">\n\t\t\t\t<div class=\"elementor-widget-container\">\n\t\t\t\t\t<h2 class=\"elementor-heading-title elementor-size-default\">Takuu ja palautus<\/h2>\t\t\t\t<\/div>\n\t\t\t\t<\/div>\n\t\t\t\t<div class=\"elementor-element elementor-element-98044d9 elementor-widget elementor-widget-text-editor\" data-id=\"98044d9\" data-element_type=\"widget\" data-e-type=\"widget\" data-widget_type=\"text-editor.default\">\n\t\t\t\t<div class=\"elementor-widget-container\">\n\t\t\t\t\t\t\t\t\t<p>Olettehan ensisijaisesti meihin yhteydess\u00e4 mahdollisten palautusten ja takuuasioiden osalta.<\/p><p>Jos olet kuluttaja sinulla on kuluttajansuojalain mukainen oikeus peruuttaa tilaus 14 vuorokauden kuluessa tavaran vastaanottamisesta tai mik\u00e4li kyseess\u00e4 on s\u00e4\u00e4nn\u00f6llinen tavarantoimitus ensimm\u00e4isen tavaraer\u00e4n vastaanottamisesta, mik\u00e4li tilaus on tehty ja tavarat vastaanotettu t\u00e4ysin et\u00e4n\u00e4.<br \/>Palauttaja vastaa mahdollisista palautusten osalta koituvista toimituskuluista, mik\u00e4li toisin ei ole sovittu.<br \/>Palautettavien tavaroiden on oltava alkuper\u00e4ispakkauksessa, k\u00e4ytt\u00e4m\u00e4tt\u00f6mi\u00e4 ja hyvin takaisinl\u00e4hetyst\u00e4 varten pakattuja.<br \/>Palautusoikeus ei koske tarjoamiamme palveluita.<\/p><p>Jos toimitettua tilausta ei noudeta m\u00e4\u00e4r\u00e4ajassa ja l\u00e4hetys palautuu l\u00e4hett\u00e4j\u00e4lle eli meille, vastaa tilaaja t\u00e4ll\u00f6in mahdollisesti aiheutuvista kuluista.<br \/>Mik\u00e4li tilaaja haluaa, ett\u00e4 toimitamme tilatut tavarat uudelleen, vastaa tilaaja aiheutuneista lis\u00e4kustannuksista.<\/p><p>Mik\u00e4li tavara on mielest\u00e4nne virheellinen tai teille on toimitettu selke\u00e4sti v\u00e4\u00e4r\u00e4 tavara, olettehan yhteydess\u00e4 meihin mahdollisimman nopeasti s\u00e4hk\u00f6postitse tai puhelimitse.<\/p><p>Olkaa ensimm\u00e4isen\u00e4 yhteydess\u00e4 meihin, mik\u00e4li asia koskee toimittamamme tavaran palautusta, takuuta tai virhett\u00e4 niin ohjeistamme mill\u00e4 tavalla asiassa edet\u00e4\u00e4n.<\/p>\t\t\t\t\t\t\t\t<\/div>\n\t\t\t\t<\/div>\n\t\t\t\t\t<\/div>\n\t\t\t\t<\/div>\n\t\t\t\t<\/div>\n\t\t\t\t<\/div>\n\t\t","protected":false},"excerpt":{"rendered":"<p>GDPR Tallennamme tarjouspyynt\u00f6ihin, toimituksiin ja laskutukseen liittyvi\u00e4 yhteystietoja asiakkailtamme. Yhteystietoihin kuuluvat: Nimi, Osoite, Puhelinnumero, S\u00e4hk\u00f6postiosoite. Ajantasaisten yhteystietojen avulla pystymme palvelemaan niin takuuasioissa kuin toimitusten seurannassakin. Voit pyyt\u00e4\u00e4 omat tietosi poistettaviksi tai n\u00e4ht\u00e4viksi ottamalla yhteytt\u00e4 osoitteeseen myynti [at] micmedi.fi. Varaudu todistamaan henkil\u00f6llisyytesi. TILAUS- JA TOIMITUSEHDOT Alla olevat tilaus- sek\u00e4 toimitusehtomme ovat voimassa toistaiseksi ja voitte tarkistaa&hellip;&nbsp;<a href=\"https:\/\/nettiseitti.fi\/showroom\/toimitus-ja-tilausehdot-seka-gdpr\/\" rel=\"bookmark\">Lue lis\u00e4\u00e4 &raquo;<span class=\"screen-reader-text\">Toimitus- ja tilausehdot sek\u00e4 GDPR<\/span><\/a><\/p>\n","protected":false},"author":2,"featured_media":0,"parent":0,"menu_order":0,"comment_status":"closed","ping_status":"closed","template":"page-templates\/template-pagebuilder-full-width.php","meta":{"neve_meta_sidebar":"","neve_meta_container":"","neve_meta_enable_content_width":"","neve_meta_content_width":0,"neve_meta_title_alignment":"","neve_meta_author_avatar":"","neve_post_elements_order":"","neve_meta_disable_header":"","neve_meta_disable_footer":"","neve_meta_disable_title":"","footnotes":""},"class_list":["post-12887","page","type-page","status-publish","hentry"],"yoast_head":"<!-- This site is optimized with the Yoast SEO plugin v27.4 - https:\/\/yoast.com\/product\/yoast-seo-wordpress\/ -->\n<title>Toimitus- ja tilausehdot sek\u00e4 GDPR - NettiSeitti<\/title>\n<meta name=\"robots\" content=\"index, follow, max-snippet:-1, max-image-preview:large, max-video-preview:-1\" \/>\n<link rel=\"canonical\" href=\"https:\/\/nettiseitti.fi\/showroom\/toimitus-ja-tilausehdot-seka-gdpr\/\" \/>\n<meta property=\"og:locale\" content=\"fi_FI\" \/>\n<meta property=\"og:type\" content=\"article\" \/>\n<meta property=\"og:title\" content=\"Toimitus- ja tilausehdot sek\u00e4 GDPR - NettiSeitti\" \/>\n<meta property=\"og:description\" content=\"GDPR Tallennamme tarjouspyynt\u00f6ihin, toimituksiin ja laskutukseen liittyvi\u00e4 yhteystietoja asiakkailtamme. Yhteystietoihin kuuluvat: Nimi, Osoite, Puhelinnumero, S\u00e4hk\u00f6postiosoite. Ajantasaisten yhteystietojen avulla pystymme palvelemaan niin takuuasioissa kuin toimitusten seurannassakin. Voit pyyt\u00e4\u00e4 omat tietosi poistettaviksi tai n\u00e4ht\u00e4viksi ottamalla yhteytt\u00e4 osoitteeseen myynti [at] micmedi.fi. Varaudu todistamaan henkil\u00f6llisyytesi. TILAUS- JA TOIMITUSEHDOT Alla olevat tilaus- sek\u00e4 toimitusehtomme ovat voimassa toistaiseksi ja voitte tarkistaa&hellip;&nbsp;Lue lis\u00e4\u00e4 &raquo;Toimitus- ja tilausehdot sek\u00e4 GDPR\" \/>\n<meta property=\"og:url\" content=\"https:\/\/nettiseitti.fi\/showroom\/toimitus-ja-tilausehdot-seka-gdpr\/\" \/>\n<meta property=\"og:site_name\" content=\"NettiSeitti\" \/>\n<meta property=\"article:modified_time\" content=\"2024-08-12T11:19:16+00:00\" \/>\n<meta name=\"twitter:card\" content=\"summary_large_image\" \/>\n<meta name=\"twitter:label1\" content=\"Arvioitu lukuaika\" \/>\n\t<meta name=\"twitter:data1\" content=\"3 minuuttia\" \/>\n<script type=\"application\/ld+json\" class=\"yoast-schema-graph\">{\"@context\":\"https:\\\/\\\/schema.org\",\"@graph\":[{\"@type\":\"WebPage\",\"@id\":\"https:\\\/\\\/nettiseitti.fi\\\/showroom\\\/toimitus-ja-tilausehdot-seka-gdpr\\\/\",\"url\":\"https:\\\/\\\/nettiseitti.fi\\\/showroom\\\/toimitus-ja-tilausehdot-seka-gdpr\\\/\",\"name\":\"Toimitus- ja tilausehdot sek\u00e4 GDPR - NettiSeitti\",\"isPartOf\":{\"@id\":\"https:\\\/\\\/nettiseitti.fi\\\/showroom\\\/#website\"},\"datePublished\":\"2024-03-29T16:16:31+00:00\",\"dateModified\":\"2024-08-12T11:19:16+00:00\",\"breadcrumb\":{\"@id\":\"https:\\\/\\\/nettiseitti.fi\\\/showroom\\\/toimitus-ja-tilausehdot-seka-gdpr\\\/#breadcrumb\"},\"inLanguage\":\"fi\",\"potentialAction\":[{\"@type\":\"ReadAction\",\"target\":[\"https:\\\/\\\/nettiseitti.fi\\\/showroom\\\/toimitus-ja-tilausehdot-seka-gdpr\\\/\"]}]},{\"@type\":\"BreadcrumbList\",\"@id\":\"https:\\\/\\\/nettiseitti.fi\\\/showroom\\\/toimitus-ja-tilausehdot-seka-gdpr\\\/#breadcrumb\",\"itemListElement\":[{\"@type\":\"ListItem\",\"position\":1,\"name\":\"Etusivu\",\"item\":\"https:\\\/\\\/nettiseitti.fi\\\/showroom\\\/\"},{\"@type\":\"ListItem\",\"position\":2,\"name\":\"Toimitus- ja tilausehdot sek\u00e4 GDPR\"}]},{\"@type\":\"WebSite\",\"@id\":\"https:\\\/\\\/nettiseitti.fi\\\/showroom\\\/#website\",\"url\":\"https:\\\/\\\/nettiseitti.fi\\\/showroom\\\/\",\"name\":\"NettiSeitti\",\"description\":\"\",\"publisher\":{\"@id\":\"https:\\\/\\\/nettiseitti.fi\\\/showroom\\\/#organization\"},\"potentialAction\":[{\"@type\":\"SearchAction\",\"target\":{\"@type\":\"EntryPoint\",\"urlTemplate\":\"https:\\\/\\\/nettiseitti.fi\\\/showroom\\\/?s={search_term_string}\"},\"query-input\":{\"@type\":\"PropertyValueSpecification\",\"valueRequired\":true,\"valueName\":\"search_term_string\"}}],\"inLanguage\":\"fi\"},{\"@type\":\"Organization\",\"@id\":\"https:\\\/\\\/nettiseitti.fi\\\/showroom\\\/#organization\",\"name\":\"NettiSeitti\",\"url\":\"https:\\\/\\\/nettiseitti.fi\\\/showroom\\\/\",\"logo\":{\"@type\":\"ImageObject\",\"inLanguage\":\"fi\",\"@id\":\"https:\\\/\\\/nettiseitti.fi\\\/showroom\\\/#\\\/schema\\\/logo\\\/image\\\/\",\"url\":\"https:\\\/\\\/nettiseitti.fi\\\/showroom\\\/wp-content\\\/uploads\\\/2024\\\/03\\\/nettiseitti_lapinakyva_tausta.png\",\"contentUrl\":\"https:\\\/\\\/nettiseitti.fi\\\/showroom\\\/wp-content\\\/uploads\\\/2024\\\/03\\\/nettiseitti_lapinakyva_tausta.png\",\"width\":2176,\"height\":741,\"caption\":\"NettiSeitti\"},\"image\":{\"@id\":\"https:\\\/\\\/nettiseitti.fi\\\/showroom\\\/#\\\/schema\\\/logo\\\/image\\\/\"}}]}<\/script>\n<!-- \/ Yoast SEO plugin. -->","yoast_head_json":{"title":"Toimitus- ja tilausehdot sek\u00e4 GDPR - NettiSeitti","robots":{"index":"index","follow":"follow","max-snippet":"max-snippet:-1","max-image-preview":"max-image-preview:large","max-video-preview":"max-video-preview:-1"},"canonical":"https:\/\/nettiseitti.fi\/showroom\/toimitus-ja-tilausehdot-seka-gdpr\/","og_locale":"fi_FI","og_type":"article","og_title":"Toimitus- ja tilausehdot sek\u00e4 GDPR - NettiSeitti","og_description":"GDPR Tallennamme tarjouspyynt\u00f6ihin, toimituksiin ja laskutukseen liittyvi\u00e4 yhteystietoja asiakkailtamme. Yhteystietoihin kuuluvat: Nimi, Osoite, Puhelinnumero, S\u00e4hk\u00f6postiosoite. Ajantasaisten yhteystietojen avulla pystymme palvelemaan niin takuuasioissa kuin toimitusten seurannassakin. Voit pyyt\u00e4\u00e4 omat tietosi poistettaviksi tai n\u00e4ht\u00e4viksi ottamalla yhteytt\u00e4 osoitteeseen myynti [at] micmedi.fi. Varaudu todistamaan henkil\u00f6llisyytesi. TILAUS- JA TOIMITUSEHDOT Alla olevat tilaus- sek\u00e4 toimitusehtomme ovat voimassa toistaiseksi ja voitte tarkistaa&hellip;&nbsp;Lue lis\u00e4\u00e4 &raquo;Toimitus- ja tilausehdot sek\u00e4 GDPR","og_url":"https:\/\/nettiseitti.fi\/showroom\/toimitus-ja-tilausehdot-seka-gdpr\/","og_site_name":"NettiSeitti","article_modified_time":"2024-08-12T11:19:16+00:00","twitter_card":"summary_large_image","twitter_misc":{"Arvioitu lukuaika":"3 minuuttia"},"schema":{"@context":"https:\/\/schema.org","@graph":[{"@type":"WebPage","@id":"https:\/\/nettiseitti.fi\/showroom\/toimitus-ja-tilausehdot-seka-gdpr\/","url":"https:\/\/nettiseitti.fi\/showroom\/toimitus-ja-tilausehdot-seka-gdpr\/","name":"Toimitus- ja tilausehdot sek\u00e4 GDPR - NettiSeitti","isPartOf":{"@id":"https:\/\/nettiseitti.fi\/showroom\/#website"},"datePublished":"2024-03-29T16:16:31+00:00","dateModified":"2024-08-12T11:19:16+00:00","breadcrumb":{"@id":"https:\/\/nettiseitti.fi\/showroom\/toimitus-ja-tilausehdot-seka-gdpr\/#breadcrumb"},"inLanguage":"fi","potentialAction":[{"@type":"ReadAction","target":["https:\/\/nettiseitti.fi\/showroom\/toimitus-ja-tilausehdot-seka-gdpr\/"]}]},{"@type":"BreadcrumbList","@id":"https:\/\/nettiseitti.fi\/showroom\/toimitus-ja-tilausehdot-seka-gdpr\/#breadcrumb","itemListElement":[{"@type":"ListItem","position":1,"name":"Etusivu","item":"https:\/\/nettiseitti.fi\/showroom\/"},{"@type":"ListItem","position":2,"name":"Toimitus- ja tilausehdot sek\u00e4 GDPR"}]},{"@type":"WebSite","@id":"https:\/\/nettiseitti.fi\/showroom\/#website","url":"https:\/\/nettiseitti.fi\/showroom\/","name":"NettiSeitti","description":"","publisher":{"@id":"https:\/\/nettiseitti.fi\/showroom\/#organization"},"potentialAction":[{"@type":"SearchAction","target":{"@type":"EntryPoint","urlTemplate":"https:\/\/nettiseitti.fi\/showroom\/?s={search_term_string}"},"query-input":{"@type":"PropertyValueSpecification","valueRequired":true,"valueName":"search_term_string"}}],"inLanguage":"fi"},{"@type":"Organization","@id":"https:\/\/nettiseitti.fi\/showroom\/#organization","name":"NettiSeitti","url":"https:\/\/nettiseitti.fi\/showroom\/","logo":{"@type":"ImageObject","inLanguage":"fi","@id":"https:\/\/nettiseitti.fi\/showroom\/#\/schema\/logo\/image\/","url":"https:\/\/nettiseitti.fi\/showroom\/wp-content\/uploads\/2024\/03\/nettiseitti_lapinakyva_tausta.png","contentUrl":"https:\/\/nettiseitti.fi\/showroom\/wp-content\/uploads\/2024\/03\/nettiseitti_lapinakyva_tausta.png","width":2176,"height":741,"caption":"NettiSeitti"},"image":{"@id":"https:\/\/nettiseitti.fi\/showroom\/#\/schema\/logo\/image\/"}}]}},"_links":{"self":[{"href":"https:\/\/nettiseitti.fi\/showroom\/wp-json\/wp\/v2\/pages\/12887","targetHints":{"allow":["GET"]}}],"collection":[{"href":"https:\/\/nettiseitti.fi\/showroom\/wp-json\/wp\/v2\/pages"}],"about":[{"href":"https:\/\/nettiseitti.fi\/showroom\/wp-json\/wp\/v2\/types\/page"}],"author":[{"embeddable":true,"href":"https:\/\/nettiseitti.fi\/showroom\/wp-json\/wp\/v2\/users\/2"}],"replies":[{"embeddable":true,"href":"https:\/\/nettiseitti.fi\/showroom\/wp-json\/wp\/v2\/comments?post=12887"}],"version-history":[{"count":55,"href":"https:\/\/nettiseitti.fi\/showroom\/wp-json\/wp\/v2\/pages\/12887\/revisions"}],"predecessor-version":[{"id":13689,"href":"https:\/\/nettiseitti.fi\/showroom\/wp-json\/wp\/v2\/pages\/12887\/revisions\/13689"}],"wp:attachment":[{"href":"https:\/\/nettiseitti.fi\/showroom\/wp-json\/wp\/v2\/media?parent=12887"}],"curies":[{"name":"wp","href":"https:\/\/api.w.org\/{rel}","templated":true}]}}