{"id":13570,"date":"2024-07-27T17:37:30","date_gmt":"2024-07-27T14:37:30","guid":{"rendered":"https:\/\/nettiseitti.fi\/showroom\/?page_id=13570"},"modified":"2024-09-19T12:21:33","modified_gmt":"2024-09-19T09:21:33","slug":"kaapelihaku","status":"publish","type":"page","link":"https:\/\/nettiseitti.fi\/showroom\/kaapelihaku\/","title":{"rendered":"Kaapelihaku"},"content":{"rendered":"\t\t<div data-elementor-type=\"wp-page\" data-elementor-id=\"13570\" class=\"elementor elementor-13570\">\n\t\t\t\t<div class=\"elementor-element elementor-element-445b11d e-con-full e-flex e-con e-parent\" data-id=\"445b11d\" data-element_type=\"container\" data-e-type=\"container\" data-settings=\"{&quot;background_background&quot;:&quot;classic&quot;}\">\n\t\t\t\t<div class=\"elementor-element elementor-element-beda767 elementor-widget elementor-widget-heading\" data-id=\"beda767\" data-element_type=\"widget\" data-e-type=\"widget\" data-widget_type=\"heading.default\">\n\t\t\t\t<div class=\"elementor-widget-container\">\n\t\t\t\t\t<h2 class=\"elementor-heading-title elementor-size-default\">Kaapelihaku - etsi oikea kaapelityyppi ja -pituus<\/h2>\t\t\t\t<\/div>\n\t\t\t\t<\/div>\n\t\t\t\t<\/div>\n\t\t<div class=\"elementor-element elementor-element-12e74e6 e-flex e-con-boxed e-con e-parent\" data-id=\"12e74e6\" data-element_type=\"container\" data-e-type=\"container\">\n\t\t\t\t\t<div class=\"e-con-inner\">\n\t\t\t\t<div class=\"elementor-element elementor-element-20d32bf elementor-widget elementor-widget-heading\" data-id=\"20d32bf\" data-element_type=\"widget\" data-e-type=\"widget\" data-widget_type=\"heading.default\">\n\t\t\t\t<div class=\"elementor-widget-container\">\n\t\t\t\t\t<h2 class=\"elementor-heading-title elementor-size-default\">Voit hakea kaapeleita, johtoja sek\u00e4 adaptereita alla olevan johto- ja kaapeliluettelon kautta, tarkista ajantasaiset saatavuus- ja hintatiedot meilt\u00e4.<\/h2>\t\t\t\t<\/div>\n\t\t\t\t<\/div>\n\t\t\t\t\t<\/div>\n\t\t\t\t<\/div>\n\t\t<div class=\"elementor-element elementor-element-5248439 e-con-full e-flex e-con e-parent\" data-id=\"5248439\" data-element_type=\"container\" data-e-type=\"container\" data-settings=\"{&quot;background_background&quot;:&quot;classic&quot;}\">\n\t\t\t\t<\/div>\n\t\t<div class=\"elementor-element elementor-element-1dd407f e-flex e-con-boxed e-con e-parent\" data-id=\"1dd407f\" data-element_type=\"container\" data-e-type=\"container\">\n\t\t\t\t\t<div class=\"e-con-inner\">\n\t\t\t\t<div class=\"elementor-element elementor-element-2717696 elementor-widget elementor-widget-text-editor\" data-id=\"2717696\" data-element_type=\"widget\" data-e-type=\"widget\" data-widget_type=\"text-editor.default\">\n\t\t\t\t<div class=\"elementor-widget-container\">\n\t\t\t\t\t\t\t\t\t<h4 style=\"text-align: center;\">Alla olevasta johto- ja kaapeliluettelosta l\u00f6ytyv\u00e4t vain osa kauttamme saatavilla olevista johdoista, kaapeleista sek\u00e4 adaptereista.<br>\n<b>Mik\u00e4li et l\u00f6yd\u00e4 etsim\u00e4\u00e4si, ota yhteytt\u00e4 meihin niin tarkistamme etsim\u00e4si kaapelin tai johdon saatavuuden my\u00f6s muilta tavarantoimittajiltamme.<\/b><br><br>\nValikoimassamme l\u00e4hes kaikki ICT-laitteet ja niiden oheislaitteet uusista tietokoneista huoltopalveluihin sek\u00e4 varaosiin.<br><br>\n\nLuettelosta l\u00f6yd\u00e4t mm. tietokoneiden, puhelinten, tulostinten, n\u00e4ytt\u00f6jen, audio- \/ \u00e4\u00e4nilaitteiden ja verkkolaitteiden johdot.<br>\nEsim. ethernet \/ verkko- (mm. RJ45, valokuitu), \u00e4\u00e4ni \/ audio- (mm. 3,5mm, 2,5mm, XLR, RCA, Toslink), kuva- (mm. HDMI, DisplayPort, DVI, VGA), data- (mm. USB, Lightning, RS232, SATA), AV-, virta- (mm. apila-, laitekaapelit), antenni- (mm. IEC, F) ja valokuitukaapelit (mm. SC, LC, FC, ST, kytkent\u00e4- ja h\u00e4nt\u00e4kuidut) sek\u00e4 adapterit yms.<br><br>\nMy\u00f6s toimitus mahdollista riippuen tilatuista tuotteista.<br>\n\nTarkista ajantasaiset saatavuus- ja hintatiedot ottamalla yhteytt\u00e4 meihin.<br><br>\n\nPuh. <a href=\"tel:0401523801\">040 1523801<\/a><br>\nS\u00e4hk\u00f6posti: myynti [at] nettiseitti.fi<\/h4>\t\t\t\t\t\t\t\t<\/div>\n\t\t\t\t<\/div>\n\t\t\t\t<div class=\"elementor-element elementor-element-90a6b09 elementor-align-center elementor-widget elementor-widget-button\" data-id=\"90a6b09\" data-element_type=\"widget\" data-e-type=\"widget\" data-widget_type=\"button.default\">\n\t\t\t\t<div class=\"elementor-widget-container\">\n\t\t\t\t\t\t\t\t\t<div class=\"elementor-button-wrapper\">\n\t\t\t\t\t<a class=\"elementor-button elementor-button-link elementor-size-sm\" href=\"\/showroom\/yhteydenotto\">\n\t\t\t\t\t\t<span class=\"elementor-button-content-wrapper\">\n\t\t\t\t\t\t<span class=\"elementor-button-icon\">\n\t\t\t\t<svg aria-hidden=\"true\" class=\"e-font-icon-svg e-fas-arrow-right\" viewBox=\"0 0 448 512\" xmlns=\"http:\/\/www.w3.org\/2000\/svg\"><path d=\"M190.5 66.9l22.2-22.2c9.4-9.4 24.6-9.4 33.9 0L441 239c9.4 9.4 9.4 24.6 0 33.9L246.6 467.3c-9.4 9.4-24.6 9.4-33.9 0l-22.2-22.2c-9.5-9.5-9.3-25 .4-34.3L311.4 296H24c-13.3 0-24-10.7-24-24v-32c0-13.3 10.7-24 24-24h287.4L190.9 101.2c-9.8-9.3-10-24.8-.4-34.3z\"><\/path><\/svg>\t\t\t<\/span>\n\t\t\t\t\t\t\t\t\t<span class=\"elementor-button-text\">Ota yhteytt\u00e4<\/span>\n\t\t\t\t\t<\/span>\n\t\t\t\t\t<\/a>\n\t\t\t\t<\/div>\n\t\t\t\t\t\t\t\t<\/div>\n\t\t\t\t<\/div>\n\t\t\t\t\t<\/div>\n\t\t\t\t<\/div>\n\t\t<div class=\"elementor-element elementor-element-f6d9593 e-flex e-con-boxed e-con e-parent\" data-id=\"f6d9593\" data-element_type=\"container\" data-e-type=\"container\">\n\t\t\t\t\t<div class=\"e-con-inner\">\n\t\t\t\t<div class=\"elementor-element elementor-element-2612377 elementor-widget__width-inherit elementor-widget elementor-widget-html\" data-id=\"2612377\" data-element_type=\"widget\" data-e-type=\"widget\" data-widget_type=\"html.default\">\n\t\t\t\t<div class=\"elementor-widget-container\">\n\t\t\t\t\t<iframe src=\"https:\/\/www.eetgroup.com\/fi-fi\/external-guides\/productguide?externalId=a59e5053-3eb8-496a-b1bc-45f49dd237c5&guideId=cable\" width=\"100%\" height=\"500px\" frameborder=\"0\"><p>Your browser does not support iframes.<\/p><\/iframe>\t\t\t\t<\/div>\n\t\t\t\t<\/div>\n\t\t\t\t\t<\/div>\n\t\t\t\t<\/div>\n\t\t<div class=\"elementor-element elementor-element-aabeb50 e-con-full e-flex e-con e-parent\" data-id=\"aabeb50\" data-element_type=\"container\" data-e-type=\"container\">\n\t\t\t\t<div class=\"elementor-element elementor-element-0780a05 elementor-align-center elementor-widget elementor-widget-button\" data-id=\"0780a05\" data-element_type=\"widget\" data-e-type=\"widget\" data-widget_type=\"button.default\">\n\t\t\t\t<div class=\"elementor-widget-container\">\n\t\t\t\t\t\t\t\t\t<div class=\"elementor-button-wrapper\">\n\t\t\t\t\t<a class=\"elementor-button elementor-button-link elementor-size-sm\" href=\"\/showroom\/yhteydenotto\">\n\t\t\t\t\t\t<span class=\"elementor-button-content-wrapper\">\n\t\t\t\t\t\t<span class=\"elementor-button-icon\">\n\t\t\t\t<svg aria-hidden=\"true\" class=\"e-font-icon-svg e-fas-arrow-right\" viewBox=\"0 0 448 512\" xmlns=\"http:\/\/www.w3.org\/2000\/svg\"><path d=\"M190.5 66.9l22.2-22.2c9.4-9.4 24.6-9.4 33.9 0L441 239c9.4 9.4 9.4 24.6 0 33.9L246.6 467.3c-9.4 9.4-24.6 9.4-33.9 0l-22.2-22.2c-9.5-9.5-9.3-25 .4-34.3L311.4 296H24c-13.3 0-24-10.7-24-24v-32c0-13.3 10.7-24 24-24h287.4L190.9 101.2c-9.8-9.3-10-24.8-.4-34.3z\"><\/path><\/svg>\t\t\t<\/span>\n\t\t\t\t\t\t\t\t\t<span class=\"elementor-button-text\">Ota yhteytt\u00e4<\/span>\n\t\t\t\t\t<\/span>\n\t\t\t\t\t<\/a>\n\t\t\t\t<\/div>\n\t\t\t\t\t\t\t\t<\/div>\n\t\t\t\t<\/div>\n\t\t\t\t<\/div>\n\t\t<div class=\"elementor-element elementor-element-f1490d8 e-con-full e-flex e-con e-parent\" data-id=\"f1490d8\" data-element_type=\"container\" data-e-type=\"container\">\n\t\t\t\t<div class=\"elementor-element elementor-element-c148056 elementor-widget__width-inherit elementor-widget elementor-widget-html\" data-id=\"c148056\" data-element_type=\"widget\" data-e-type=\"widget\" data-widget_type=\"html.default\">\n\t\t\t\t<div class=\"elementor-widget-container\">\n\t\t\t\t\t<iframe src=\"https:\/\/www.nettiseitti.fi\/logot\/index.html\" width=\"100%\" height=\"100%\" frameborder=\"0\" scrolling=\"no\"><p>Your browser does not support iframes.<\/p><\/iframe>\t\t\t\t<\/div>\n\t\t\t\t<\/div>\n\t\t\t\t<\/div>\n\t\t\t\t<\/div>\n\t\t","protected":false},"excerpt":{"rendered":"<p>Kaapelihaku &#8211; etsi oikea kaapelityyppi ja -pituus Voit hakea kaapeleita, johtoja sek\u00e4 adaptereita alla olevan johto- ja kaapeliluettelon kautta, tarkista ajantasaiset saatavuus- ja hintatiedot meilt\u00e4. Alla olevasta johto- ja kaapeliluettelosta l\u00f6ytyv\u00e4t vain osa kauttamme saatavilla olevista johdoista, kaapeleista sek\u00e4 adaptereista. Mik\u00e4li et l\u00f6yd\u00e4 etsim\u00e4\u00e4si, ota yhteytt\u00e4 meihin niin tarkistamme etsim\u00e4si kaapelin tai johdon saatavuuden my\u00f6s&hellip;&nbsp;<a href=\"https:\/\/nettiseitti.fi\/showroom\/kaapelihaku\/\" rel=\"bookmark\">Lue lis\u00e4\u00e4 &raquo;<span class=\"screen-reader-text\">Kaapelihaku<\/span><\/a><\/p>\n","protected":false},"author":2,"featured_media":0,"parent":0,"menu_order":0,"comment_status":"closed","ping_status":"closed","template":"page-templates\/template-pagebuilder-full-width.php","meta":{"neve_meta_sidebar":"","neve_meta_container":"","neve_meta_enable_content_width":"","neve_meta_content_width":0,"neve_meta_title_alignment":"","neve_meta_author_avatar":"","neve_post_elements_order":"","neve_meta_disable_header":"","neve_meta_disable_footer":"","neve_meta_disable_title":"","footnotes":""},"class_list":["post-13570","page","type-page","status-publish","hentry"],"yoast_head":"<!-- This site is optimized with the Yoast SEO plugin v27.4 - https:\/\/yoast.com\/product\/yoast-seo-wordpress\/ -->\n<title>Kaapelihaku: verkko-, \u00e4\u00e4ni \/ audio-, data-, valokuitu-, kuvakaapelit - NettiSeitti<\/title>\n<meta name=\"description\" content=\"Esim. RJ45, valokuitu, \u00e4\u00e4nikaapelit: 3,5mm, 2,5mm, XLR, RCA, Toslink, HDMI, DisplayPort, DVI, VGA, USB, RS232, SATA, AV-kaapelit.\" \/>\n<meta name=\"robots\" content=\"index, follow, max-snippet:-1, max-image-preview:large, max-video-preview:-1\" \/>\n<link rel=\"canonical\" href=\"https:\/\/nettiseitti.fi\/showroom\/kaapelihaku\/\" \/>\n<meta property=\"og:locale\" content=\"fi_FI\" \/>\n<meta property=\"og:type\" content=\"article\" \/>\n<meta property=\"og:title\" content=\"Kaapelihaku: verkko-, \u00e4\u00e4ni \/ audio-, data-, valokuitu-, kuvakaapelit - NettiSeitti\" \/>\n<meta property=\"og:description\" content=\"Esim. RJ45, valokuitu, \u00e4\u00e4nikaapelit: 3,5mm, 2,5mm, XLR, RCA, Toslink, HDMI, DisplayPort, DVI, VGA, USB, RS232, SATA, AV-kaapelit.\" \/>\n<meta property=\"og:url\" content=\"https:\/\/nettiseitti.fi\/showroom\/kaapelihaku\/\" \/>\n<meta property=\"og:site_name\" content=\"NettiSeitti\" \/>\n<meta property=\"article:modified_time\" content=\"2024-09-19T09:21:33+00:00\" \/>\n<meta name=\"twitter:card\" content=\"summary_large_image\" \/>\n<meta name=\"twitter:label1\" content=\"Arvioitu lukuaika\" \/>\n\t<meta name=\"twitter:data1\" content=\"2 minuuttia\" \/>\n<script type=\"application\/ld+json\" class=\"yoast-schema-graph\">{\"@context\":\"https:\\\/\\\/schema.org\",\"@graph\":[{\"@type\":\"WebPage\",\"@id\":\"https:\\\/\\\/nettiseitti.fi\\\/showroom\\\/kaapelihaku\\\/\",\"url\":\"https:\\\/\\\/nettiseitti.fi\\\/showroom\\\/kaapelihaku\\\/\",\"name\":\"Kaapelihaku: verkko-, \u00e4\u00e4ni \\\/ audio-, data-, valokuitu-, kuvakaapelit - NettiSeitti\",\"isPartOf\":{\"@id\":\"https:\\\/\\\/nettiseitti.fi\\\/showroom\\\/#website\"},\"datePublished\":\"2024-07-27T14:37:30+00:00\",\"dateModified\":\"2024-09-19T09:21:33+00:00\",\"description\":\"Esim. RJ45, valokuitu, \u00e4\u00e4nikaapelit: 3,5mm, 2,5mm, XLR, RCA, Toslink, HDMI, DisplayPort, DVI, VGA, USB, RS232, SATA, AV-kaapelit.\",\"breadcrumb\":{\"@id\":\"https:\\\/\\\/nettiseitti.fi\\\/showroom\\\/kaapelihaku\\\/#breadcrumb\"},\"inLanguage\":\"fi\",\"potentialAction\":[{\"@type\":\"ReadAction\",\"target\":[\"https:\\\/\\\/nettiseitti.fi\\\/showroom\\\/kaapelihaku\\\/\"]}]},{\"@type\":\"BreadcrumbList\",\"@id\":\"https:\\\/\\\/nettiseitti.fi\\\/showroom\\\/kaapelihaku\\\/#breadcrumb\",\"itemListElement\":[{\"@type\":\"ListItem\",\"position\":1,\"name\":\"Etusivu\",\"item\":\"https:\\\/\\\/nettiseitti.fi\\\/showroom\\\/\"},{\"@type\":\"ListItem\",\"position\":2,\"name\":\"Kaapelihaku\"}]},{\"@type\":\"WebSite\",\"@id\":\"https:\\\/\\\/nettiseitti.fi\\\/showroom\\\/#website\",\"url\":\"https:\\\/\\\/nettiseitti.fi\\\/showroom\\\/\",\"name\":\"NettiSeitti\",\"description\":\"\",\"publisher\":{\"@id\":\"https:\\\/\\\/nettiseitti.fi\\\/showroom\\\/#organization\"},\"potentialAction\":[{\"@type\":\"SearchAction\",\"target\":{\"@type\":\"EntryPoint\",\"urlTemplate\":\"https:\\\/\\\/nettiseitti.fi\\\/showroom\\\/?s={search_term_string}\"},\"query-input\":{\"@type\":\"PropertyValueSpecification\",\"valueRequired\":true,\"valueName\":\"search_term_string\"}}],\"inLanguage\":\"fi\"},{\"@type\":\"Organization\",\"@id\":\"https:\\\/\\\/nettiseitti.fi\\\/showroom\\\/#organization\",\"name\":\"NettiSeitti\",\"url\":\"https:\\\/\\\/nettiseitti.fi\\\/showroom\\\/\",\"logo\":{\"@type\":\"ImageObject\",\"inLanguage\":\"fi\",\"@id\":\"https:\\\/\\\/nettiseitti.fi\\\/showroom\\\/#\\\/schema\\\/logo\\\/image\\\/\",\"url\":\"https:\\\/\\\/nettiseitti.fi\\\/showroom\\\/wp-content\\\/uploads\\\/2024\\\/03\\\/nettiseitti_lapinakyva_tausta.png\",\"contentUrl\":\"https:\\\/\\\/nettiseitti.fi\\\/showroom\\\/wp-content\\\/uploads\\\/2024\\\/03\\\/nettiseitti_lapinakyva_tausta.png\",\"width\":2176,\"height\":741,\"caption\":\"NettiSeitti\"},\"image\":{\"@id\":\"https:\\\/\\\/nettiseitti.fi\\\/showroom\\\/#\\\/schema\\\/logo\\\/image\\\/\"}}]}<\/script>\n<!-- \/ Yoast SEO plugin. -->","yoast_head_json":{"title":"Kaapelihaku: verkko-, \u00e4\u00e4ni \/ audio-, data-, valokuitu-, kuvakaapelit - NettiSeitti","description":"Esim. RJ45, valokuitu, \u00e4\u00e4nikaapelit: 3,5mm, 2,5mm, XLR, RCA, Toslink, HDMI, DisplayPort, DVI, VGA, USB, RS232, SATA, AV-kaapelit.","robots":{"index":"index","follow":"follow","max-snippet":"max-snippet:-1","max-image-preview":"max-image-preview:large","max-video-preview":"max-video-preview:-1"},"canonical":"https:\/\/nettiseitti.fi\/showroom\/kaapelihaku\/","og_locale":"fi_FI","og_type":"article","og_title":"Kaapelihaku: verkko-, \u00e4\u00e4ni \/ audio-, data-, valokuitu-, kuvakaapelit - NettiSeitti","og_description":"Esim. RJ45, valokuitu, \u00e4\u00e4nikaapelit: 3,5mm, 2,5mm, XLR, RCA, Toslink, HDMI, DisplayPort, DVI, VGA, USB, RS232, SATA, AV-kaapelit.","og_url":"https:\/\/nettiseitti.fi\/showroom\/kaapelihaku\/","og_site_name":"NettiSeitti","article_modified_time":"2024-09-19T09:21:33+00:00","twitter_card":"summary_large_image","twitter_misc":{"Arvioitu lukuaika":"2 minuuttia"},"schema":{"@context":"https:\/\/schema.org","@graph":[{"@type":"WebPage","@id":"https:\/\/nettiseitti.fi\/showroom\/kaapelihaku\/","url":"https:\/\/nettiseitti.fi\/showroom\/kaapelihaku\/","name":"Kaapelihaku: verkko-, \u00e4\u00e4ni \/ audio-, data-, valokuitu-, kuvakaapelit - NettiSeitti","isPartOf":{"@id":"https:\/\/nettiseitti.fi\/showroom\/#website"},"datePublished":"2024-07-27T14:37:30+00:00","dateModified":"2024-09-19T09:21:33+00:00","description":"Esim. RJ45, valokuitu, \u00e4\u00e4nikaapelit: 3,5mm, 2,5mm, XLR, RCA, Toslink, HDMI, DisplayPort, DVI, VGA, USB, RS232, SATA, AV-kaapelit.","breadcrumb":{"@id":"https:\/\/nettiseitti.fi\/showroom\/kaapelihaku\/#breadcrumb"},"inLanguage":"fi","potentialAction":[{"@type":"ReadAction","target":["https:\/\/nettiseitti.fi\/showroom\/kaapelihaku\/"]}]},{"@type":"BreadcrumbList","@id":"https:\/\/nettiseitti.fi\/showroom\/kaapelihaku\/#breadcrumb","itemListElement":[{"@type":"ListItem","position":1,"name":"Etusivu","item":"https:\/\/nettiseitti.fi\/showroom\/"},{"@type":"ListItem","position":2,"name":"Kaapelihaku"}]},{"@type":"WebSite","@id":"https:\/\/nettiseitti.fi\/showroom\/#website","url":"https:\/\/nettiseitti.fi\/showroom\/","name":"NettiSeitti","description":"","publisher":{"@id":"https:\/\/nettiseitti.fi\/showroom\/#organization"},"potentialAction":[{"@type":"SearchAction","target":{"@type":"EntryPoint","urlTemplate":"https:\/\/nettiseitti.fi\/showroom\/?s={search_term_string}"},"query-input":{"@type":"PropertyValueSpecification","valueRequired":true,"valueName":"search_term_string"}}],"inLanguage":"fi"},{"@type":"Organization","@id":"https:\/\/nettiseitti.fi\/showroom\/#organization","name":"NettiSeitti","url":"https:\/\/nettiseitti.fi\/showroom\/","logo":{"@type":"ImageObject","inLanguage":"fi","@id":"https:\/\/nettiseitti.fi\/showroom\/#\/schema\/logo\/image\/","url":"https:\/\/nettiseitti.fi\/showroom\/wp-content\/uploads\/2024\/03\/nettiseitti_lapinakyva_tausta.png","contentUrl":"https:\/\/nettiseitti.fi\/showroom\/wp-content\/uploads\/2024\/03\/nettiseitti_lapinakyva_tausta.png","width":2176,"height":741,"caption":"NettiSeitti"},"image":{"@id":"https:\/\/nettiseitti.fi\/showroom\/#\/schema\/logo\/image\/"}}]}},"_links":{"self":[{"href":"https:\/\/nettiseitti.fi\/showroom\/wp-json\/wp\/v2\/pages\/13570","targetHints":{"allow":["GET"]}}],"collection":[{"href":"https:\/\/nettiseitti.fi\/showroom\/wp-json\/wp\/v2\/pages"}],"about":[{"href":"https:\/\/nettiseitti.fi\/showroom\/wp-json\/wp\/v2\/types\/page"}],"author":[{"embeddable":true,"href":"https:\/\/nettiseitti.fi\/showroom\/wp-json\/wp\/v2\/users\/2"}],"replies":[{"embeddable":true,"href":"https:\/\/nettiseitti.fi\/showroom\/wp-json\/wp\/v2\/comments?post=13570"}],"version-history":[{"count":25,"href":"https:\/\/nettiseitti.fi\/showroom\/wp-json\/wp\/v2\/pages\/13570\/revisions"}],"predecessor-version":[{"id":13764,"href":"https:\/\/nettiseitti.fi\/showroom\/wp-json\/wp\/v2\/pages\/13570\/revisions\/13764"}],"wp:attachment":[{"href":"https:\/\/nettiseitti.fi\/showroom\/wp-json\/wp\/v2\/media?parent=13570"}],"curies":[{"name":"wp","href":"https:\/\/api.w.org\/{rel}","templated":true}]}}