{"id":13628,"date":"2024-08-01T18:26:07","date_gmt":"2024-08-01T15:26:07","guid":{"rendered":"https:\/\/nettiseitti.fi\/showroom\/?page_id=13628"},"modified":"2024-09-19T12:23:22","modified_gmt":"2024-09-19T09:23:22","slug":"projektorilamppuhaku","status":"publish","type":"page","link":"https:\/\/nettiseitti.fi\/showroom\/projektorilamppuhaku\/","title":{"rendered":"Projektorilamppuhaku"},"content":{"rendered":"\t\t<div data-elementor-type=\"wp-page\" data-elementor-id=\"13628\" class=\"elementor elementor-13628\">\n\t\t\t\t<div class=\"elementor-element elementor-element-6ac2c4f e-con-full e-flex e-con e-parent\" data-id=\"6ac2c4f\" data-element_type=\"container\" data-e-type=\"container\" data-settings=\"{&quot;background_background&quot;:&quot;classic&quot;}\">\n\t\t\t\t<div class=\"elementor-element elementor-element-6efecfa elementor-widget__width-inherit elementor-widget elementor-widget-heading\" data-id=\"6efecfa\" data-element_type=\"widget\" data-e-type=\"widget\" data-widget_type=\"heading.default\">\n\t\t\t\t<div class=\"elementor-widget-container\">\n\t\t\t\t\t<h2 class=\"elementor-heading-title elementor-size-default\">Projektorilamppuhaku - lamput ja varaosat projektoreille<\/h2>\t\t\t\t<\/div>\n\t\t\t\t<\/div>\n\t\t\t\t<\/div>\n\t\t<div class=\"elementor-element elementor-element-1da89ed e-flex e-con-boxed e-con e-parent\" data-id=\"1da89ed\" data-element_type=\"container\" data-e-type=\"container\">\n\t\t\t\t\t<div class=\"e-con-inner\">\n\t\t\t\t<div class=\"elementor-element elementor-element-b971ecc elementor-widget elementor-widget-heading\" data-id=\"b971ecc\" data-element_type=\"widget\" data-e-type=\"widget\" data-widget_type=\"heading.default\">\n\t\t\t\t<div class=\"elementor-widget-container\">\n\t\t\t\t\t<h2 class=\"elementor-heading-title elementor-size-default\">Voit hakea lamppuja ja varaosia projektoreihin alla olevan varaosaluettelon kautta, tarkista ajantasaiset saatavuus- ja hintatiedot meilt\u00e4.<\/h2>\t\t\t\t<\/div>\n\t\t\t\t<\/div>\n\t\t\t\t\t<\/div>\n\t\t\t\t<\/div>\n\t\t<div class=\"elementor-element elementor-element-cda97f7 e-con-full e-flex e-con e-parent\" data-id=\"cda97f7\" data-element_type=\"container\" data-e-type=\"container\" data-settings=\"{&quot;background_background&quot;:&quot;classic&quot;}\">\n\t\t\t\t<\/div>\n\t\t<div class=\"elementor-element elementor-element-7e3c81f e-flex e-con-boxed e-con e-parent\" data-id=\"7e3c81f\" data-element_type=\"container\" data-e-type=\"container\">\n\t\t\t\t\t<div class=\"e-con-inner\">\n\t\t\t\t<div class=\"elementor-element elementor-element-266e934 elementor-widget elementor-widget-text-editor\" data-id=\"266e934\" data-element_type=\"widget\" data-e-type=\"widget\" data-widget_type=\"text-editor.default\">\n\t\t\t\t<div class=\"elementor-widget-container\">\n\t\t\t\t\t\t\t\t\t<h4 style=\"text-align: center;\">Alla olevasta varaosaluettelosta l\u00f6ytyv\u00e4t vain osa kauttamme saatavilla olevista varaosista.<br>\n<b>Mik\u00e4li et l\u00f6yd\u00e4 etsim\u00e4\u00e4si, ota yhteytt\u00e4 meihin niin tarkistamme varaosan saatavuuden my\u00f6s muilta tavarantoimittajiltamme.<\/b><br><br>\nValikoimassamme l\u00e4hes kaikki ICT-laitteet ja niiden oheislaitteet uusista tietokoneista huoltopalveluihin sek\u00e4 varaosiin.<br>\nLuettelosta l\u00f6yd\u00e4t mm. projektorien lamput, ilmansuodattimet sek\u00e4 osia ja tarvikkeita.<br>\nKauttamme my\u00f6s esim. uudet projektorit, projektorien lamppu \/ ilmansuodatin, projektoritelineet, varaosat yms.<br><br>\nVaraosat valmistajille kuten BenQ, Epson, Acer, Optoma, Toshiba, Hitachi, Panasonic, NEC, Sony, Mitsubishi, Canon, ViewSonic, Sharp, Philips, Samsung, Fujitsu, HP, LG, Yamaha, Toshiba, Dell, Ricoh yms.<br><br>\n\nMy\u00f6s toimitus mahdollista riippuen tilatuista tuotteista.<br>\nTarkista ajantasaiset saatavuus- ja hintatiedot ottamalla yhteytt\u00e4 meihin.<br><br>\n\nTarvittaessa voimme laitetyypist\u00e4 riippuen my\u00f6s asentaa varaosat laitteisiin ja huoltaa laitteet.<br><br>\nPuh. <a href=\"tel:0401523801\">040 1523801<\/a><br>\nS\u00e4hk\u00f6posti: myynti [at] nettiseitti.fi<\/h4>\t\t\t\t\t\t\t\t<\/div>\n\t\t\t\t<\/div>\n\t\t\t\t<div class=\"elementor-element elementor-element-aa336ca elementor-align-center elementor-widget elementor-widget-button\" data-id=\"aa336ca\" data-element_type=\"widget\" data-e-type=\"widget\" data-widget_type=\"button.default\">\n\t\t\t\t<div class=\"elementor-widget-container\">\n\t\t\t\t\t\t\t\t\t<div class=\"elementor-button-wrapper\">\n\t\t\t\t\t<a class=\"elementor-button elementor-button-link elementor-size-sm\" href=\"\/showroom\/yhteydenotto\">\n\t\t\t\t\t\t<span class=\"elementor-button-content-wrapper\">\n\t\t\t\t\t\t<span class=\"elementor-button-icon\">\n\t\t\t\t<svg aria-hidden=\"true\" class=\"e-font-icon-svg e-fas-arrow-right\" viewBox=\"0 0 448 512\" xmlns=\"http:\/\/www.w3.org\/2000\/svg\"><path d=\"M190.5 66.9l22.2-22.2c9.4-9.4 24.6-9.4 33.9 0L441 239c9.4 9.4 9.4 24.6 0 33.9L246.6 467.3c-9.4 9.4-24.6 9.4-33.9 0l-22.2-22.2c-9.5-9.5-9.3-25 .4-34.3L311.4 296H24c-13.3 0-24-10.7-24-24v-32c0-13.3 10.7-24 24-24h287.4L190.9 101.2c-9.8-9.3-10-24.8-.4-34.3z\"><\/path><\/svg>\t\t\t<\/span>\n\t\t\t\t\t\t\t\t\t<span class=\"elementor-button-text\">Ota yhteytt\u00e4<\/span>\n\t\t\t\t\t<\/span>\n\t\t\t\t\t<\/a>\n\t\t\t\t<\/div>\n\t\t\t\t\t\t\t\t<\/div>\n\t\t\t\t<\/div>\n\t\t\t\t\t<\/div>\n\t\t\t\t<\/div>\n\t\t<div class=\"elementor-element elementor-element-c266ad8 e-flex e-con-boxed e-con e-parent\" data-id=\"c266ad8\" data-element_type=\"container\" data-e-type=\"container\">\n\t\t\t\t\t<div class=\"e-con-inner\">\n\t\t\t\t<div class=\"elementor-element elementor-element-0715bbd elementor-widget elementor-widget-html\" data-id=\"0715bbd\" data-element_type=\"widget\" data-e-type=\"widget\" data-widget_type=\"html.default\">\n\t\t\t\t<div class=\"elementor-widget-container\">\n\t\t\t\t\t<iframe src=\"https:\/\/www.eetgroup.com\/fi-fi\/external-guides\/productguide?externalId=3b502460-520b-4152-b578-a2326698ada9&guideId=all\n\" width=\"100%\" height=\"500px\" frameborder=\"0\"><p>Your browser does not support iframes.<\/p><\/iframe>\t\t\t\t<\/div>\n\t\t\t\t<\/div>\n\t\t\t\t\t<\/div>\n\t\t\t\t<\/div>\n\t\t<div class=\"elementor-element elementor-element-cd07b6c e-flex e-con-boxed e-con e-parent\" data-id=\"cd07b6c\" data-element_type=\"container\" data-e-type=\"container\">\n\t\t\t\t\t<div class=\"e-con-inner\">\n\t\t\t\t<div class=\"elementor-element elementor-element-5666ee4 elementor-widget elementor-widget-heading\" data-id=\"5666ee4\" data-element_type=\"widget\" data-e-type=\"widget\" data-widget_type=\"heading.default\">\n\t\t\t\t<div class=\"elementor-widget-container\">\n\t\t\t\t\t<h3 class=\"elementor-heading-title elementor-size-default\">Vaihtoehtoisesti voit etsi\u00e4 oikean varaosan k\u00e4ytt\u00e4m\u00e4ll\u00e4 Step-by-step tuoteopasta ja sy\u00f6tt\u00e4m\u00e4ll\u00e4 laitteesi valmistajan \/ mallin alla oleviin kenttiin:<\/h3>\t\t\t\t<\/div>\n\t\t\t\t<\/div>\n\t\t\t\t\t<\/div>\n\t\t\t\t<\/div>\n\t\t<div class=\"elementor-element elementor-element-9fb5785 e-flex e-con-boxed e-con e-parent\" data-id=\"9fb5785\" data-element_type=\"container\" data-e-type=\"container\">\n\t\t\t\t\t<div class=\"e-con-inner\">\n\t\t\t\t<div class=\"elementor-element elementor-element-cb4841e elementor-widget elementor-widget-html\" data-id=\"cb4841e\" data-element_type=\"widget\" data-e-type=\"widget\" data-widget_type=\"html.default\">\n\t\t\t\t<div class=\"elementor-widget-container\">\n\t\t\t\t\t<iframe src=\"https:\/\/www.eetgroup.com\/fi-fi\/external-guides\/productguide?externalId=27df3f06-e0ec-4b0d-91c4-51c2d672ca70&guideId=all\" width=\"100%\" height=\"500px\" frameborder=\"0\"><p>Your browser does not support iframes.<\/p><\/iframe>\t\t\t\t<\/div>\n\t\t\t\t<\/div>\n\t\t\t\t\t<\/div>\n\t\t\t\t<\/div>\n\t\t<div class=\"elementor-element elementor-element-af76250 e-flex e-con-boxed e-con e-parent\" data-id=\"af76250\" data-element_type=\"container\" data-e-type=\"container\">\n\t\t\t\t\t<div class=\"e-con-inner\">\n\t\t\t\t<div class=\"elementor-element elementor-element-f47db07 elementor-align-center elementor-widget elementor-widget-button\" data-id=\"f47db07\" data-element_type=\"widget\" data-e-type=\"widget\" data-widget_type=\"button.default\">\n\t\t\t\t<div class=\"elementor-widget-container\">\n\t\t\t\t\t\t\t\t\t<div class=\"elementor-button-wrapper\">\n\t\t\t\t\t<a class=\"elementor-button elementor-button-link elementor-size-sm\" href=\"\/showroom\/yhteydenotto\">\n\t\t\t\t\t\t<span class=\"elementor-button-content-wrapper\">\n\t\t\t\t\t\t<span class=\"elementor-button-icon\">\n\t\t\t\t<svg aria-hidden=\"true\" class=\"e-font-icon-svg e-fas-arrow-right\" viewBox=\"0 0 448 512\" xmlns=\"http:\/\/www.w3.org\/2000\/svg\"><path d=\"M190.5 66.9l22.2-22.2c9.4-9.4 24.6-9.4 33.9 0L441 239c9.4 9.4 9.4 24.6 0 33.9L246.6 467.3c-9.4 9.4-24.6 9.4-33.9 0l-22.2-22.2c-9.5-9.5-9.3-25 .4-34.3L311.4 296H24c-13.3 0-24-10.7-24-24v-32c0-13.3 10.7-24 24-24h287.4L190.9 101.2c-9.8-9.3-10-24.8-.4-34.3z\"><\/path><\/svg>\t\t\t<\/span>\n\t\t\t\t\t\t\t\t\t<span class=\"elementor-button-text\">Ota yhteytt\u00e4<\/span>\n\t\t\t\t\t<\/span>\n\t\t\t\t\t<\/a>\n\t\t\t\t<\/div>\n\t\t\t\t\t\t\t\t<\/div>\n\t\t\t\t<\/div>\n\t\t\t\t\t<\/div>\n\t\t\t\t<\/div>\n\t\t<div class=\"elementor-element elementor-element-c663efb e-flex e-con-boxed e-con e-parent\" data-id=\"c663efb\" data-element_type=\"container\" data-e-type=\"container\">\n\t\t\t\t\t<div class=\"e-con-inner\">\n\t\t\t\t<div class=\"elementor-element elementor-element-f698e19 elementor-widget elementor-widget-html\" data-id=\"f698e19\" data-element_type=\"widget\" data-e-type=\"widget\" data-widget_type=\"html.default\">\n\t\t\t\t<div class=\"elementor-widget-container\">\n\t\t\t\t\t<iframe src=\"https:\/\/www.nettiseitti.fi\/logot\/index.html\" width=\"100%\" height=\"100%\" frameborder=\"0\" scrolling=\"no\"><p>Your browser does not support iframes.<\/p><\/iframe>\t\t\t\t<\/div>\n\t\t\t\t<\/div>\n\t\t\t\t\t<\/div>\n\t\t\t\t<\/div>\n\t\t\t\t<\/div>\n\t\t","protected":false},"excerpt":{"rendered":"<p>Projektorilamppuhaku &#8211; lamput ja varaosat projektoreille Voit hakea lamppuja ja varaosia projektoreihin alla olevan varaosaluettelon kautta, tarkista ajantasaiset saatavuus- ja hintatiedot meilt\u00e4. Alla olevasta varaosaluettelosta l\u00f6ytyv\u00e4t vain osa kauttamme saatavilla olevista varaosista. Mik\u00e4li et l\u00f6yd\u00e4 etsim\u00e4\u00e4si, ota yhteytt\u00e4 meihin niin tarkistamme varaosan saatavuuden my\u00f6s muilta tavarantoimittajiltamme. Valikoimassamme l\u00e4hes kaikki ICT-laitteet ja niiden oheislaitteet uusista tietokoneista&hellip;&nbsp;<a href=\"https:\/\/nettiseitti.fi\/showroom\/projektorilamppuhaku\/\" rel=\"bookmark\">Lue lis\u00e4\u00e4 &raquo;<span class=\"screen-reader-text\">Projektorilamppuhaku<\/span><\/a><\/p>\n","protected":false},"author":2,"featured_media":0,"parent":0,"menu_order":0,"comment_status":"closed","ping_status":"closed","template":"page-templates\/template-pagebuilder-full-width.php","meta":{"neve_meta_sidebar":"","neve_meta_container":"","neve_meta_enable_content_width":"","neve_meta_content_width":0,"neve_meta_title_alignment":"","neve_meta_author_avatar":"","neve_post_elements_order":"","neve_meta_disable_header":"","neve_meta_disable_footer":"","neve_meta_disable_title":"","footnotes":""},"class_list":["post-13628","page","type-page","status-publish","hentry"],"yoast_head":"<!-- This site is optimized with the Yoast SEO plugin v27.4 - https:\/\/yoast.com\/product\/yoast-seo-wordpress\/ -->\n<title>Projektorilamppuhaku:lamppu, ilmansuodatin, varaosat, projektorit - NettiSeitti<\/title>\n<meta name=\"description\" content=\"Kauttamme my\u00f6s projektoritelineet, varaosat: esim. BenQ, Epson, Optoma, Toshiba, Hitachi, Panasonic, NEC, Sony, Canon, Samsung, ViewSonic yms.\" \/>\n<meta name=\"robots\" content=\"index, follow, max-snippet:-1, max-image-preview:large, max-video-preview:-1\" \/>\n<link rel=\"canonical\" href=\"https:\/\/nettiseitti.fi\/showroom\/projektorilamppuhaku\/\" \/>\n<meta property=\"og:locale\" content=\"fi_FI\" \/>\n<meta property=\"og:type\" content=\"article\" \/>\n<meta property=\"og:title\" content=\"Projektorilamppuhaku:lamppu, ilmansuodatin, varaosat, projektorit - NettiSeitti\" \/>\n<meta property=\"og:description\" content=\"Kauttamme my\u00f6s projektoritelineet, varaosat: esim. BenQ, Epson, Optoma, Toshiba, Hitachi, Panasonic, NEC, Sony, Canon, Samsung, ViewSonic yms.\" \/>\n<meta property=\"og:url\" content=\"https:\/\/nettiseitti.fi\/showroom\/projektorilamppuhaku\/\" \/>\n<meta property=\"og:site_name\" content=\"NettiSeitti\" \/>\n<meta property=\"article:modified_time\" content=\"2024-09-19T09:23:22+00:00\" \/>\n<meta name=\"twitter:card\" content=\"summary_large_image\" \/>\n<meta name=\"twitter:label1\" content=\"Arvioitu lukuaika\" \/>\n\t<meta name=\"twitter:data1\" content=\"2 minuuttia\" \/>\n<script type=\"application\/ld+json\" class=\"yoast-schema-graph\">{\"@context\":\"https:\\\/\\\/schema.org\",\"@graph\":[{\"@type\":\"WebPage\",\"@id\":\"https:\\\/\\\/nettiseitti.fi\\\/showroom\\\/projektorilamppuhaku\\\/\",\"url\":\"https:\\\/\\\/nettiseitti.fi\\\/showroom\\\/projektorilamppuhaku\\\/\",\"name\":\"Projektorilamppuhaku:lamppu, ilmansuodatin, varaosat, projektorit - NettiSeitti\",\"isPartOf\":{\"@id\":\"https:\\\/\\\/nettiseitti.fi\\\/showroom\\\/#website\"},\"datePublished\":\"2024-08-01T15:26:07+00:00\",\"dateModified\":\"2024-09-19T09:23:22+00:00\",\"description\":\"Kauttamme my\u00f6s projektoritelineet, varaosat: esim. BenQ, Epson, Optoma, Toshiba, Hitachi, Panasonic, NEC, Sony, Canon, Samsung, ViewSonic yms.\",\"breadcrumb\":{\"@id\":\"https:\\\/\\\/nettiseitti.fi\\\/showroom\\\/projektorilamppuhaku\\\/#breadcrumb\"},\"inLanguage\":\"fi\",\"potentialAction\":[{\"@type\":\"ReadAction\",\"target\":[\"https:\\\/\\\/nettiseitti.fi\\\/showroom\\\/projektorilamppuhaku\\\/\"]}]},{\"@type\":\"BreadcrumbList\",\"@id\":\"https:\\\/\\\/nettiseitti.fi\\\/showroom\\\/projektorilamppuhaku\\\/#breadcrumb\",\"itemListElement\":[{\"@type\":\"ListItem\",\"position\":1,\"name\":\"Etusivu\",\"item\":\"https:\\\/\\\/nettiseitti.fi\\\/showroom\\\/\"},{\"@type\":\"ListItem\",\"position\":2,\"name\":\"Projektorilamppuhaku\"}]},{\"@type\":\"WebSite\",\"@id\":\"https:\\\/\\\/nettiseitti.fi\\\/showroom\\\/#website\",\"url\":\"https:\\\/\\\/nettiseitti.fi\\\/showroom\\\/\",\"name\":\"NettiSeitti\",\"description\":\"\",\"publisher\":{\"@id\":\"https:\\\/\\\/nettiseitti.fi\\\/showroom\\\/#organization\"},\"potentialAction\":[{\"@type\":\"SearchAction\",\"target\":{\"@type\":\"EntryPoint\",\"urlTemplate\":\"https:\\\/\\\/nettiseitti.fi\\\/showroom\\\/?s={search_term_string}\"},\"query-input\":{\"@type\":\"PropertyValueSpecification\",\"valueRequired\":true,\"valueName\":\"search_term_string\"}}],\"inLanguage\":\"fi\"},{\"@type\":\"Organization\",\"@id\":\"https:\\\/\\\/nettiseitti.fi\\\/showroom\\\/#organization\",\"name\":\"NettiSeitti\",\"url\":\"https:\\\/\\\/nettiseitti.fi\\\/showroom\\\/\",\"logo\":{\"@type\":\"ImageObject\",\"inLanguage\":\"fi\",\"@id\":\"https:\\\/\\\/nettiseitti.fi\\\/showroom\\\/#\\\/schema\\\/logo\\\/image\\\/\",\"url\":\"https:\\\/\\\/nettiseitti.fi\\\/showroom\\\/wp-content\\\/uploads\\\/2024\\\/03\\\/nettiseitti_lapinakyva_tausta.png\",\"contentUrl\":\"https:\\\/\\\/nettiseitti.fi\\\/showroom\\\/wp-content\\\/uploads\\\/2024\\\/03\\\/nettiseitti_lapinakyva_tausta.png\",\"width\":2176,\"height\":741,\"caption\":\"NettiSeitti\"},\"image\":{\"@id\":\"https:\\\/\\\/nettiseitti.fi\\\/showroom\\\/#\\\/schema\\\/logo\\\/image\\\/\"}}]}<\/script>\n<!-- \/ Yoast SEO plugin. -->","yoast_head_json":{"title":"Projektorilamppuhaku:lamppu, ilmansuodatin, varaosat, projektorit - NettiSeitti","description":"Kauttamme my\u00f6s projektoritelineet, varaosat: esim. BenQ, Epson, Optoma, Toshiba, Hitachi, Panasonic, NEC, Sony, Canon, Samsung, ViewSonic yms.","robots":{"index":"index","follow":"follow","max-snippet":"max-snippet:-1","max-image-preview":"max-image-preview:large","max-video-preview":"max-video-preview:-1"},"canonical":"https:\/\/nettiseitti.fi\/showroom\/projektorilamppuhaku\/","og_locale":"fi_FI","og_type":"article","og_title":"Projektorilamppuhaku:lamppu, ilmansuodatin, varaosat, projektorit - NettiSeitti","og_description":"Kauttamme my\u00f6s projektoritelineet, varaosat: esim. BenQ, Epson, Optoma, Toshiba, Hitachi, Panasonic, NEC, Sony, Canon, Samsung, ViewSonic yms.","og_url":"https:\/\/nettiseitti.fi\/showroom\/projektorilamppuhaku\/","og_site_name":"NettiSeitti","article_modified_time":"2024-09-19T09:23:22+00:00","twitter_card":"summary_large_image","twitter_misc":{"Arvioitu lukuaika":"2 minuuttia"},"schema":{"@context":"https:\/\/schema.org","@graph":[{"@type":"WebPage","@id":"https:\/\/nettiseitti.fi\/showroom\/projektorilamppuhaku\/","url":"https:\/\/nettiseitti.fi\/showroom\/projektorilamppuhaku\/","name":"Projektorilamppuhaku:lamppu, ilmansuodatin, varaosat, projektorit - NettiSeitti","isPartOf":{"@id":"https:\/\/nettiseitti.fi\/showroom\/#website"},"datePublished":"2024-08-01T15:26:07+00:00","dateModified":"2024-09-19T09:23:22+00:00","description":"Kauttamme my\u00f6s projektoritelineet, varaosat: esim. BenQ, Epson, Optoma, Toshiba, Hitachi, Panasonic, NEC, Sony, Canon, Samsung, ViewSonic yms.","breadcrumb":{"@id":"https:\/\/nettiseitti.fi\/showroom\/projektorilamppuhaku\/#breadcrumb"},"inLanguage":"fi","potentialAction":[{"@type":"ReadAction","target":["https:\/\/nettiseitti.fi\/showroom\/projektorilamppuhaku\/"]}]},{"@type":"BreadcrumbList","@id":"https:\/\/nettiseitti.fi\/showroom\/projektorilamppuhaku\/#breadcrumb","itemListElement":[{"@type":"ListItem","position":1,"name":"Etusivu","item":"https:\/\/nettiseitti.fi\/showroom\/"},{"@type":"ListItem","position":2,"name":"Projektorilamppuhaku"}]},{"@type":"WebSite","@id":"https:\/\/nettiseitti.fi\/showroom\/#website","url":"https:\/\/nettiseitti.fi\/showroom\/","name":"NettiSeitti","description":"","publisher":{"@id":"https:\/\/nettiseitti.fi\/showroom\/#organization"},"potentialAction":[{"@type":"SearchAction","target":{"@type":"EntryPoint","urlTemplate":"https:\/\/nettiseitti.fi\/showroom\/?s={search_term_string}"},"query-input":{"@type":"PropertyValueSpecification","valueRequired":true,"valueName":"search_term_string"}}],"inLanguage":"fi"},{"@type":"Organization","@id":"https:\/\/nettiseitti.fi\/showroom\/#organization","name":"NettiSeitti","url":"https:\/\/nettiseitti.fi\/showroom\/","logo":{"@type":"ImageObject","inLanguage":"fi","@id":"https:\/\/nettiseitti.fi\/showroom\/#\/schema\/logo\/image\/","url":"https:\/\/nettiseitti.fi\/showroom\/wp-content\/uploads\/2024\/03\/nettiseitti_lapinakyva_tausta.png","contentUrl":"https:\/\/nettiseitti.fi\/showroom\/wp-content\/uploads\/2024\/03\/nettiseitti_lapinakyva_tausta.png","width":2176,"height":741,"caption":"NettiSeitti"},"image":{"@id":"https:\/\/nettiseitti.fi\/showroom\/#\/schema\/logo\/image\/"}}]}},"_links":{"self":[{"href":"https:\/\/nettiseitti.fi\/showroom\/wp-json\/wp\/v2\/pages\/13628","targetHints":{"allow":["GET"]}}],"collection":[{"href":"https:\/\/nettiseitti.fi\/showroom\/wp-json\/wp\/v2\/pages"}],"about":[{"href":"https:\/\/nettiseitti.fi\/showroom\/wp-json\/wp\/v2\/types\/page"}],"author":[{"embeddable":true,"href":"https:\/\/nettiseitti.fi\/showroom\/wp-json\/wp\/v2\/users\/2"}],"replies":[{"embeddable":true,"href":"https:\/\/nettiseitti.fi\/showroom\/wp-json\/wp\/v2\/comments?post=13628"}],"version-history":[{"count":34,"href":"https:\/\/nettiseitti.fi\/showroom\/wp-json\/wp\/v2\/pages\/13628\/revisions"}],"predecessor-version":[{"id":13767,"href":"https:\/\/nettiseitti.fi\/showroom\/wp-json\/wp\/v2\/pages\/13628\/revisions\/13767"}],"wp:attachment":[{"href":"https:\/\/nettiseitti.fi\/showroom\/wp-json\/wp\/v2\/media?parent=13628"}],"curies":[{"name":"wp","href":"https:\/\/api.w.org\/{rel}","templated":true}]}}