{"id":13666,"date":"2024-08-03T14:53:07","date_gmt":"2024-08-03T11:53:07","guid":{"rendered":"https:\/\/nettiseitti.fi\/showroom\/?page_id=13666"},"modified":"2024-09-19T12:24:42","modified_gmt":"2024-09-19T09:24:42","slug":"varikasettihaku","status":"publish","type":"page","link":"https:\/\/nettiseitti.fi\/showroom\/varikasettihaku\/","title":{"rendered":"V\u00e4rikasettihaku"},"content":{"rendered":"\t\t<div data-elementor-type=\"wp-page\" data-elementor-id=\"13666\" class=\"elementor elementor-13666\">\n\t\t\t\t<div class=\"elementor-element elementor-element-4ba6399 e-con-full e-flex e-con e-parent\" data-id=\"4ba6399\" data-element_type=\"container\" data-e-type=\"container\" data-settings=\"{&quot;background_background&quot;:&quot;classic&quot;}\">\n\t\t\t\t<div class=\"elementor-element elementor-element-080ede8 elementor-widget elementor-widget-heading\" data-id=\"080ede8\" data-element_type=\"widget\" data-e-type=\"widget\" data-widget_type=\"heading.default\">\n\t\t\t\t<div class=\"elementor-widget-container\">\n\t\t\t\t\t<h2 class=\"elementor-heading-title elementor-size-default\">V\u00e4rikasettihaku - v\u00e4rikasetit ja varaosat tulostimille<\/h2>\t\t\t\t<\/div>\n\t\t\t\t<\/div>\n\t\t\t\t<\/div>\n\t\t<div class=\"elementor-element elementor-element-7d8efcf e-flex e-con-boxed e-con e-parent\" data-id=\"7d8efcf\" data-element_type=\"container\" data-e-type=\"container\">\n\t\t\t\t\t<div class=\"e-con-inner\">\n\t\t\t\t<div class=\"elementor-element elementor-element-9fc972d elementor-widget elementor-widget-heading\" data-id=\"9fc972d\" data-element_type=\"widget\" data-e-type=\"widget\" data-widget_type=\"heading.default\">\n\t\t\t\t<div class=\"elementor-widget-container\">\n\t\t\t\t\t<h2 class=\"elementor-heading-title elementor-size-default\">Voit hakea v\u00e4rikasetteja sek\u00e4 varaosia tulostimeesi tai kopiokoneeseesi alla olevan varaosaluettelon kautta, tarkista ajantasaiset saatavuus- ja hintatiedot meilt\u00e4.<\/h2>\t\t\t\t<\/div>\n\t\t\t\t<\/div>\n\t\t\t\t\t<\/div>\n\t\t\t\t<\/div>\n\t\t<div class=\"elementor-element elementor-element-d4fc88a e-con-full e-flex e-con e-parent\" data-id=\"d4fc88a\" data-element_type=\"container\" data-e-type=\"container\" data-settings=\"{&quot;background_background&quot;:&quot;classic&quot;}\">\n\t\t\t\t<\/div>\n\t\t<div class=\"elementor-element elementor-element-61aa4e7 e-flex e-con-boxed e-con e-parent\" data-id=\"61aa4e7\" data-element_type=\"container\" data-e-type=\"container\">\n\t\t\t\t\t<div class=\"e-con-inner\">\n\t\t\t\t<div class=\"elementor-element elementor-element-2140781 elementor-widget elementor-widget-text-editor\" data-id=\"2140781\" data-element_type=\"widget\" data-e-type=\"widget\" data-widget_type=\"text-editor.default\">\n\t\t\t\t<div class=\"elementor-widget-container\">\n\t\t\t\t\t\t\t\t\t<h4 style=\"text-align: center;\">Alla olevasta luettelosta l\u00f6ytyv\u00e4t vain osa kauttamme saatavilla olevista v\u00e4rikaseteista ja varaosista.<br>\n<b>Mik\u00e4li et l\u00f6yd\u00e4 etsim\u00e4\u00e4si, ota yhteytt\u00e4 meihin niin tarkistamme varaosan saatavuuden my\u00f6s muilta tavarantoimittajiltamme.<\/b><br><br>\nValikoimassamme l\u00e4hes kaikki ICT-laitteet ja niiden oheislaitteet uusista tietokoneista huoltopalveluihin sek\u00e4 varaosiin.<br>\nKauttamme v\u00e4rikasetit sek\u00e4 varaosat l\u00e4hes kaikkiin tulostinmalleihin, kysy tarvitsemaasi v\u00e4rikasettia tai varaosaa !<br><br>\n\nLuettelosta l\u00f6yd\u00e4t mm. v\u00e4rikasetit, tulostinten, monitoimilaitteiden ja kopiokoneiden varaosat (esim. kuvarumpu, siirtohihnayksikk\u00f6, paperin poimintarulla, kiinnitysyksikk\u00f6, hukkav\u00e4ris\u00e4ili\u00f6, erottelurulla, sy\u00f6tt\u00f6rulla, monitoimilaite, siirtorulla yms.) sek\u00e4 osia ja tarvikkeita.<br><br>\n\nKauttamme my\u00f6s esim. uudet tulostimet, kopiokoneet, monitoimilaitteet (MFP), tarvikkeet, varaosat yms.<br>\nVaraosat valmistajille kuten HP, Laserjet, Canon, ImageRunner, OKI, Kyocera, Xerox, Ricoh, Brother, Dell, Epson, Lexmark, Panasonic, Samsung, Sharp yms.<br><br>\n\nMy\u00f6s toimitus mahdollista riippuen tilatuista tuotteista.<br>\nTarkista ajantasaiset saatavuus- ja hintatiedot ottamalla yhteytt\u00e4 meihin.<br><br>\n\nTarvittaessa voimme laitetyypist\u00e4 riippuen my\u00f6s asentaa varaosat laitteisiin ja huoltaa laitteet.<br><br>\nPuh. <a href=\"tel:0401523801\">040 1523801<\/a><br>\nS\u00e4hk\u00f6posti: myynti [at] nettiseitti.fi<\/h4>\t\t\t\t\t\t\t\t<\/div>\n\t\t\t\t<\/div>\n\t\t\t\t<div class=\"elementor-element elementor-element-d197601 elementor-align-center elementor-widget elementor-widget-button\" data-id=\"d197601\" data-element_type=\"widget\" data-e-type=\"widget\" data-widget_type=\"button.default\">\n\t\t\t\t<div class=\"elementor-widget-container\">\n\t\t\t\t\t\t\t\t\t<div class=\"elementor-button-wrapper\">\n\t\t\t\t\t<a class=\"elementor-button elementor-button-link elementor-size-sm\" href=\"\/showroom\/yhteydenotto\">\n\t\t\t\t\t\t<span class=\"elementor-button-content-wrapper\">\n\t\t\t\t\t\t<span class=\"elementor-button-icon\">\n\t\t\t\t<svg aria-hidden=\"true\" class=\"e-font-icon-svg e-fas-arrow-right\" viewBox=\"0 0 448 512\" xmlns=\"http:\/\/www.w3.org\/2000\/svg\"><path d=\"M190.5 66.9l22.2-22.2c9.4-9.4 24.6-9.4 33.9 0L441 239c9.4 9.4 9.4 24.6 0 33.9L246.6 467.3c-9.4 9.4-24.6 9.4-33.9 0l-22.2-22.2c-9.5-9.5-9.3-25 .4-34.3L311.4 296H24c-13.3 0-24-10.7-24-24v-32c0-13.3 10.7-24 24-24h287.4L190.9 101.2c-9.8-9.3-10-24.8-.4-34.3z\"><\/path><\/svg>\t\t\t<\/span>\n\t\t\t\t\t\t\t\t\t<span class=\"elementor-button-text\">Ota yhteytt\u00e4<\/span>\n\t\t\t\t\t<\/span>\n\t\t\t\t\t<\/a>\n\t\t\t\t<\/div>\n\t\t\t\t\t\t\t\t<\/div>\n\t\t\t\t<\/div>\n\t\t\t\t\t<\/div>\n\t\t\t\t<\/div>\n\t\t<div class=\"elementor-element elementor-element-d22917e e-flex e-con-boxed e-con e-parent\" data-id=\"d22917e\" data-element_type=\"container\" data-e-type=\"container\">\n\t\t\t\t\t<div class=\"e-con-inner\">\n\t\t\t\t<div class=\"elementor-element elementor-element-a180328 elementor-widget elementor-widget-html\" data-id=\"a180328\" data-element_type=\"widget\" data-e-type=\"widget\" data-widget_type=\"html.default\">\n\t\t\t\t<div class=\"elementor-widget-container\">\n\t\t\t\t\t<iframe src=\"https:\/\/www.eetgroup.com\/fi-fi\/external-guides\/productguide?externalId=3b502460-520b-4152-b578-a2326698ada9&guideId=all\n\" width=\"100%\" height=\"500px\" frameborder=\"0\"><p>Your browser does not support iframes.<\/p><\/iframe>\t\t\t\t<\/div>\n\t\t\t\t<\/div>\n\t\t\t\t\t<\/div>\n\t\t\t\t<\/div>\n\t\t<div class=\"elementor-element elementor-element-7d9b1c9 e-flex e-con-boxed e-con e-parent\" data-id=\"7d9b1c9\" data-element_type=\"container\" data-e-type=\"container\">\n\t\t\t\t\t<div class=\"e-con-inner\">\n\t\t\t\t<div class=\"elementor-element elementor-element-5141fad elementor-widget elementor-widget-heading\" data-id=\"5141fad\" data-element_type=\"widget\" data-e-type=\"widget\" data-widget_type=\"heading.default\">\n\t\t\t\t<div class=\"elementor-widget-container\">\n\t\t\t\t\t<h3 class=\"elementor-heading-title elementor-size-default\">Vaihtoehtoisesti voit etsi\u00e4 oikean v\u00e4rikasetin tai varaosan k\u00e4ytt\u00e4m\u00e4ll\u00e4 Step-by-step tuoteopasta ja sy\u00f6tt\u00e4m\u00e4ll\u00e4 laitteesi valmistajan \/ mallin alla oleviin kenttiin:<\/h3>\t\t\t\t<\/div>\n\t\t\t\t<\/div>\n\t\t\t\t\t<\/div>\n\t\t\t\t<\/div>\n\t\t<div class=\"elementor-element elementor-element-96f53fa e-flex e-con-boxed e-con e-parent\" data-id=\"96f53fa\" data-element_type=\"container\" data-e-type=\"container\">\n\t\t\t\t\t<div class=\"e-con-inner\">\n\t\t\t\t<div class=\"elementor-element elementor-element-68b75e6 elementor-widget elementor-widget-html\" data-id=\"68b75e6\" data-element_type=\"widget\" data-e-type=\"widget\" data-widget_type=\"html.default\">\n\t\t\t\t<div class=\"elementor-widget-container\">\n\t\t\t\t\t<iframe src=\"https:\/\/www.eetgroup.com\/fi-fi\/external-guides\/productguide?externalId=27df3f06-e0ec-4b0d-91c4-51c2d672ca70&guideId=all\" width=\"100%\" height=\"500px\" frameborder=\"0\"><p>Your browser does not support iframes.<\/p><\/iframe>\t\t\t\t<\/div>\n\t\t\t\t<\/div>\n\t\t\t\t\t<\/div>\n\t\t\t\t<\/div>\n\t\t<div class=\"elementor-element elementor-element-375557c e-flex e-con-boxed e-con e-parent\" data-id=\"375557c\" data-element_type=\"container\" data-e-type=\"container\">\n\t\t\t\t\t<div class=\"e-con-inner\">\n\t\t\t\t<div class=\"elementor-element elementor-element-d96a6b2 elementor-align-center elementor-widget elementor-widget-button\" data-id=\"d96a6b2\" data-element_type=\"widget\" data-e-type=\"widget\" data-widget_type=\"button.default\">\n\t\t\t\t<div class=\"elementor-widget-container\">\n\t\t\t\t\t\t\t\t\t<div class=\"elementor-button-wrapper\">\n\t\t\t\t\t<a class=\"elementor-button elementor-button-link elementor-size-sm\" href=\"\/showroom\/yhteydenotto\">\n\t\t\t\t\t\t<span class=\"elementor-button-content-wrapper\">\n\t\t\t\t\t\t<span class=\"elementor-button-icon\">\n\t\t\t\t<svg aria-hidden=\"true\" class=\"e-font-icon-svg e-fas-arrow-right\" viewBox=\"0 0 448 512\" xmlns=\"http:\/\/www.w3.org\/2000\/svg\"><path d=\"M190.5 66.9l22.2-22.2c9.4-9.4 24.6-9.4 33.9 0L441 239c9.4 9.4 9.4 24.6 0 33.9L246.6 467.3c-9.4 9.4-24.6 9.4-33.9 0l-22.2-22.2c-9.5-9.5-9.3-25 .4-34.3L311.4 296H24c-13.3 0-24-10.7-24-24v-32c0-13.3 10.7-24 24-24h287.4L190.9 101.2c-9.8-9.3-10-24.8-.4-34.3z\"><\/path><\/svg>\t\t\t<\/span>\n\t\t\t\t\t\t\t\t\t<span class=\"elementor-button-text\">Ota yhteytt\u00e4<\/span>\n\t\t\t\t\t<\/span>\n\t\t\t\t\t<\/a>\n\t\t\t\t<\/div>\n\t\t\t\t\t\t\t\t<\/div>\n\t\t\t\t<\/div>\n\t\t\t\t\t<\/div>\n\t\t\t\t<\/div>\n\t\t<div class=\"elementor-element elementor-element-6134b72 e-flex e-con-boxed e-con e-parent\" data-id=\"6134b72\" data-element_type=\"container\" data-e-type=\"container\">\n\t\t\t\t\t<div class=\"e-con-inner\">\n\t\t\t\t<div class=\"elementor-element elementor-element-9456b86 elementor-widget elementor-widget-html\" data-id=\"9456b86\" data-element_type=\"widget\" data-e-type=\"widget\" data-widget_type=\"html.default\">\n\t\t\t\t<div class=\"elementor-widget-container\">\n\t\t\t\t\t<iframe src=\"https:\/\/www.nettiseitti.fi\/logot\/index.html\" width=\"100%\" height=\"100%\" frameborder=\"0\" scrolling=\"no\"><p>Your browser does not support iframes.<\/p><\/iframe>\t\t\t\t<\/div>\n\t\t\t\t<\/div>\n\t\t\t\t\t<\/div>\n\t\t\t\t<\/div>\n\t\t\t\t<\/div>\n\t\t","protected":false},"excerpt":{"rendered":"<p>V\u00e4rikasettihaku &#8211; v\u00e4rikasetit ja varaosat tulostimille Voit hakea v\u00e4rikasetteja sek\u00e4 varaosia tulostimeesi tai kopiokoneeseesi alla olevan varaosaluettelon kautta, tarkista ajantasaiset saatavuus- ja hintatiedot meilt\u00e4. Alla olevasta luettelosta l\u00f6ytyv\u00e4t vain osa kauttamme saatavilla olevista v\u00e4rikaseteista ja varaosista. Mik\u00e4li et l\u00f6yd\u00e4 etsim\u00e4\u00e4si, ota yhteytt\u00e4 meihin niin tarkistamme varaosan saatavuuden my\u00f6s muilta tavarantoimittajiltamme. Valikoimassamme l\u00e4hes kaikki ICT-laitteet ja&hellip;&nbsp;<a href=\"https:\/\/nettiseitti.fi\/showroom\/varikasettihaku\/\" rel=\"bookmark\">Lue lis\u00e4\u00e4 &raquo;<span class=\"screen-reader-text\">V\u00e4rikasettihaku<\/span><\/a><\/p>\n","protected":false},"author":2,"featured_media":0,"parent":0,"menu_order":0,"comment_status":"closed","ping_status":"closed","template":"page-templates\/template-pagebuilder-full-width.php","meta":{"neve_meta_sidebar":"","neve_meta_container":"","neve_meta_enable_content_width":"","neve_meta_content_width":0,"neve_meta_title_alignment":"","neve_meta_author_avatar":"","neve_post_elements_order":"","neve_meta_disable_header":"","neve_meta_disable_footer":"","neve_meta_disable_title":"","footnotes":""},"class_list":["post-13666","page","type-page","status-publish","hentry"],"yoast_head":"<!-- This site is optimized with the Yoast SEO plugin v27.4 - https:\/\/yoast.com\/product\/yoast-seo-wordpress\/ -->\n<title>V\u00e4rikasettihaku: kuvarumpu, siirtohihnat, rullat, hukkav\u00e4ris\u00e4ili\u00f6, osat - NettiSeitti<\/title>\n<meta name=\"description\" content=\"Monitoimilaite, kopiokone, tulostin varaosat valmistajille kuten HP, LaserJet, Canon, ImageRunner, Epson, Samsung, Xerox, OKI, Brother, Lexmark.\" \/>\n<meta name=\"robots\" content=\"index, follow, max-snippet:-1, max-image-preview:large, max-video-preview:-1\" \/>\n<link rel=\"canonical\" href=\"https:\/\/nettiseitti.fi\/showroom\/varikasettihaku\/\" \/>\n<meta property=\"og:locale\" content=\"fi_FI\" \/>\n<meta property=\"og:type\" content=\"article\" \/>\n<meta property=\"og:title\" content=\"V\u00e4rikasettihaku: kuvarumpu, siirtohihnat, rullat, hukkav\u00e4ris\u00e4ili\u00f6, osat - NettiSeitti\" \/>\n<meta property=\"og:description\" content=\"Monitoimilaite, kopiokone, tulostin varaosat valmistajille kuten HP, LaserJet, Canon, ImageRunner, Epson, Samsung, Xerox, OKI, Brother, Lexmark.\" \/>\n<meta property=\"og:url\" content=\"https:\/\/nettiseitti.fi\/showroom\/varikasettihaku\/\" \/>\n<meta property=\"og:site_name\" content=\"NettiSeitti\" \/>\n<meta property=\"article:modified_time\" content=\"2024-09-19T09:24:42+00:00\" \/>\n<meta name=\"twitter:card\" content=\"summary_large_image\" \/>\n<meta name=\"twitter:label1\" content=\"Arvioitu lukuaika\" \/>\n\t<meta name=\"twitter:data1\" content=\"2 minuuttia\" \/>\n<script type=\"application\/ld+json\" class=\"yoast-schema-graph\">{\"@context\":\"https:\\\/\\\/schema.org\",\"@graph\":[{\"@type\":\"WebPage\",\"@id\":\"https:\\\/\\\/nettiseitti.fi\\\/showroom\\\/varikasettihaku\\\/\",\"url\":\"https:\\\/\\\/nettiseitti.fi\\\/showroom\\\/varikasettihaku\\\/\",\"name\":\"V\u00e4rikasettihaku: kuvarumpu, siirtohihnat, rullat, hukkav\u00e4ris\u00e4ili\u00f6, osat - NettiSeitti\",\"isPartOf\":{\"@id\":\"https:\\\/\\\/nettiseitti.fi\\\/showroom\\\/#website\"},\"datePublished\":\"2024-08-03T11:53:07+00:00\",\"dateModified\":\"2024-09-19T09:24:42+00:00\",\"description\":\"Monitoimilaite, kopiokone, tulostin varaosat valmistajille kuten HP, LaserJet, Canon, ImageRunner, Epson, Samsung, Xerox, OKI, Brother, Lexmark.\",\"breadcrumb\":{\"@id\":\"https:\\\/\\\/nettiseitti.fi\\\/showroom\\\/varikasettihaku\\\/#breadcrumb\"},\"inLanguage\":\"fi\",\"potentialAction\":[{\"@type\":\"ReadAction\",\"target\":[\"https:\\\/\\\/nettiseitti.fi\\\/showroom\\\/varikasettihaku\\\/\"]}]},{\"@type\":\"BreadcrumbList\",\"@id\":\"https:\\\/\\\/nettiseitti.fi\\\/showroom\\\/varikasettihaku\\\/#breadcrumb\",\"itemListElement\":[{\"@type\":\"ListItem\",\"position\":1,\"name\":\"Etusivu\",\"item\":\"https:\\\/\\\/nettiseitti.fi\\\/showroom\\\/\"},{\"@type\":\"ListItem\",\"position\":2,\"name\":\"V\u00e4rikasettihaku\"}]},{\"@type\":\"WebSite\",\"@id\":\"https:\\\/\\\/nettiseitti.fi\\\/showroom\\\/#website\",\"url\":\"https:\\\/\\\/nettiseitti.fi\\\/showroom\\\/\",\"name\":\"NettiSeitti\",\"description\":\"\",\"publisher\":{\"@id\":\"https:\\\/\\\/nettiseitti.fi\\\/showroom\\\/#organization\"},\"potentialAction\":[{\"@type\":\"SearchAction\",\"target\":{\"@type\":\"EntryPoint\",\"urlTemplate\":\"https:\\\/\\\/nettiseitti.fi\\\/showroom\\\/?s={search_term_string}\"},\"query-input\":{\"@type\":\"PropertyValueSpecification\",\"valueRequired\":true,\"valueName\":\"search_term_string\"}}],\"inLanguage\":\"fi\"},{\"@type\":\"Organization\",\"@id\":\"https:\\\/\\\/nettiseitti.fi\\\/showroom\\\/#organization\",\"name\":\"NettiSeitti\",\"url\":\"https:\\\/\\\/nettiseitti.fi\\\/showroom\\\/\",\"logo\":{\"@type\":\"ImageObject\",\"inLanguage\":\"fi\",\"@id\":\"https:\\\/\\\/nettiseitti.fi\\\/showroom\\\/#\\\/schema\\\/logo\\\/image\\\/\",\"url\":\"https:\\\/\\\/nettiseitti.fi\\\/showroom\\\/wp-content\\\/uploads\\\/2024\\\/03\\\/nettiseitti_lapinakyva_tausta.png\",\"contentUrl\":\"https:\\\/\\\/nettiseitti.fi\\\/showroom\\\/wp-content\\\/uploads\\\/2024\\\/03\\\/nettiseitti_lapinakyva_tausta.png\",\"width\":2176,\"height\":741,\"caption\":\"NettiSeitti\"},\"image\":{\"@id\":\"https:\\\/\\\/nettiseitti.fi\\\/showroom\\\/#\\\/schema\\\/logo\\\/image\\\/\"}}]}<\/script>\n<!-- \/ Yoast SEO plugin. -->","yoast_head_json":{"title":"V\u00e4rikasettihaku: kuvarumpu, siirtohihnat, rullat, hukkav\u00e4ris\u00e4ili\u00f6, osat - NettiSeitti","description":"Monitoimilaite, kopiokone, tulostin varaosat valmistajille kuten HP, LaserJet, Canon, ImageRunner, Epson, Samsung, Xerox, OKI, Brother, Lexmark.","robots":{"index":"index","follow":"follow","max-snippet":"max-snippet:-1","max-image-preview":"max-image-preview:large","max-video-preview":"max-video-preview:-1"},"canonical":"https:\/\/nettiseitti.fi\/showroom\/varikasettihaku\/","og_locale":"fi_FI","og_type":"article","og_title":"V\u00e4rikasettihaku: kuvarumpu, siirtohihnat, rullat, hukkav\u00e4ris\u00e4ili\u00f6, osat - NettiSeitti","og_description":"Monitoimilaite, kopiokone, tulostin varaosat valmistajille kuten HP, LaserJet, Canon, ImageRunner, Epson, Samsung, Xerox, OKI, Brother, Lexmark.","og_url":"https:\/\/nettiseitti.fi\/showroom\/varikasettihaku\/","og_site_name":"NettiSeitti","article_modified_time":"2024-09-19T09:24:42+00:00","twitter_card":"summary_large_image","twitter_misc":{"Arvioitu lukuaika":"2 minuuttia"},"schema":{"@context":"https:\/\/schema.org","@graph":[{"@type":"WebPage","@id":"https:\/\/nettiseitti.fi\/showroom\/varikasettihaku\/","url":"https:\/\/nettiseitti.fi\/showroom\/varikasettihaku\/","name":"V\u00e4rikasettihaku: kuvarumpu, siirtohihnat, rullat, hukkav\u00e4ris\u00e4ili\u00f6, osat - NettiSeitti","isPartOf":{"@id":"https:\/\/nettiseitti.fi\/showroom\/#website"},"datePublished":"2024-08-03T11:53:07+00:00","dateModified":"2024-09-19T09:24:42+00:00","description":"Monitoimilaite, kopiokone, tulostin varaosat valmistajille kuten HP, LaserJet, Canon, ImageRunner, Epson, Samsung, Xerox, OKI, Brother, Lexmark.","breadcrumb":{"@id":"https:\/\/nettiseitti.fi\/showroom\/varikasettihaku\/#breadcrumb"},"inLanguage":"fi","potentialAction":[{"@type":"ReadAction","target":["https:\/\/nettiseitti.fi\/showroom\/varikasettihaku\/"]}]},{"@type":"BreadcrumbList","@id":"https:\/\/nettiseitti.fi\/showroom\/varikasettihaku\/#breadcrumb","itemListElement":[{"@type":"ListItem","position":1,"name":"Etusivu","item":"https:\/\/nettiseitti.fi\/showroom\/"},{"@type":"ListItem","position":2,"name":"V\u00e4rikasettihaku"}]},{"@type":"WebSite","@id":"https:\/\/nettiseitti.fi\/showroom\/#website","url":"https:\/\/nettiseitti.fi\/showroom\/","name":"NettiSeitti","description":"","publisher":{"@id":"https:\/\/nettiseitti.fi\/showroom\/#organization"},"potentialAction":[{"@type":"SearchAction","target":{"@type":"EntryPoint","urlTemplate":"https:\/\/nettiseitti.fi\/showroom\/?s={search_term_string}"},"query-input":{"@type":"PropertyValueSpecification","valueRequired":true,"valueName":"search_term_string"}}],"inLanguage":"fi"},{"@type":"Organization","@id":"https:\/\/nettiseitti.fi\/showroom\/#organization","name":"NettiSeitti","url":"https:\/\/nettiseitti.fi\/showroom\/","logo":{"@type":"ImageObject","inLanguage":"fi","@id":"https:\/\/nettiseitti.fi\/showroom\/#\/schema\/logo\/image\/","url":"https:\/\/nettiseitti.fi\/showroom\/wp-content\/uploads\/2024\/03\/nettiseitti_lapinakyva_tausta.png","contentUrl":"https:\/\/nettiseitti.fi\/showroom\/wp-content\/uploads\/2024\/03\/nettiseitti_lapinakyva_tausta.png","width":2176,"height":741,"caption":"NettiSeitti"},"image":{"@id":"https:\/\/nettiseitti.fi\/showroom\/#\/schema\/logo\/image\/"}}]}},"_links":{"self":[{"href":"https:\/\/nettiseitti.fi\/showroom\/wp-json\/wp\/v2\/pages\/13666","targetHints":{"allow":["GET"]}}],"collection":[{"href":"https:\/\/nettiseitti.fi\/showroom\/wp-json\/wp\/v2\/pages"}],"about":[{"href":"https:\/\/nettiseitti.fi\/showroom\/wp-json\/wp\/v2\/types\/page"}],"author":[{"embeddable":true,"href":"https:\/\/nettiseitti.fi\/showroom\/wp-json\/wp\/v2\/users\/2"}],"replies":[{"embeddable":true,"href":"https:\/\/nettiseitti.fi\/showroom\/wp-json\/wp\/v2\/comments?post=13666"}],"version-history":[{"count":10,"href":"https:\/\/nettiseitti.fi\/showroom\/wp-json\/wp\/v2\/pages\/13666\/revisions"}],"predecessor-version":[{"id":13770,"href":"https:\/\/nettiseitti.fi\/showroom\/wp-json\/wp\/v2\/pages\/13666\/revisions\/13770"}],"wp:attachment":[{"href":"https:\/\/nettiseitti.fi\/showroom\/wp-json\/wp\/v2\/media?parent=13666"}],"curies":[{"name":"wp","href":"https:\/\/api.w.org\/{rel}","templated":true}]}}