{"id":12305,"date":"2024-03-11T21:00:47","date_gmt":"2024-03-11T19:00:47","guid":{"rendered":"https:\/\/nettiseitti.fi\/showroom\/?post_type=product&#038;p=12305"},"modified":"2024-12-08T14:57:51","modified_gmt":"2024-12-08T12:57:51","slug":"ict-tekninen-tuki","status":"publish","type":"product","link":"https:\/\/nettiseitti.fi\/showroom\/tuote\/ict-tekninen-tuki\/","title":{"rendered":"ICT \/ Tekninen tuki"},"content":{"rendered":"<p>Kauttamme teknist\u00e4 tukea niin yrityksille kuin yksityisillekin.<\/p>\n<p>Tekninen tukemme kattaa mm.<\/p>\n<ul>\n<li>PC-tietokoneet<\/li>\n<li>Kannettavat<\/li>\n<li>Tulostimet ja 3D-tulostimet<\/li>\n<li>Televisiot, digiboksit, signaali-ongelmat, kaukos\u00e4\u00e4timet yms.<\/li>\n<li>Verkkolaitteet, reitittimet, palomuurit, kytkimet, valokuitu- ja mobiiliyhteydet, verkko-ongelman ratkonta yms.<\/li>\n<li>\u00c4lylaitteet, puhelimet, tabletit, \u00e4lykellot, robotti-imurit yms.<\/li>\n<li>Aurinkopaneeli \/ tuulivoima invertterien tietoliikenne ongelmat<\/li>\n<li>Ilmal\u00e4mp\u00f6pumppujen yhdistys verkkoon \/ tietoliikenne ongelmien ratkonta<\/li>\n<li>Oheislaitteet, n\u00e4yt\u00f6t, n\u00e4pp\u00e4imist\u00f6t, tallennusv\u00e4lineet, kamerat, navigaattorit, dronet, riistakamerat, \u00e4lykoti laitteet, s\u00e4\u00e4asemat yms.<\/li>\n<li>Voit olla meihin yhteydess\u00e4 pienist\u00e4kin asioista. Pyrimme l\u00f6yt\u00e4m\u00e4\u00e4n ratkaisun mahdollisiin ongelmiin.<\/li>\n<\/ul>\n<div><\/div>\n<div><span class=\"xr_tl Normal_text xr_s21\"><span class=\"Normal_text xr_s20\">Osa teknisist\u00e4 ongelmista pystyt\u00e4\u00e4n<\/span><\/span> <span class=\"xr_tl Normal_text xr_s20\"> ratkomaan et\u00e4yhteyden avulla, lataa k\u00e4ytt\u00e4m\u00e4mme et\u00e4yhteysohjelma <a href=\"https:\/\/www.nettiseitti.fi\/eta\/eta.exe\">painamalla t\u00e4st\u00e4<\/a>.<br \/>\n<\/span><\/div>\n<p>Kotik\u00e4yntin\u00e4 tehty ty\u00f6 oikeuttaa kotitalousv\u00e4hennykseen, ennakkoperint\u00e4rekisterin voi tarkistaa YTJ:st\u00e4 (Micmedi Oy).<\/p>\n<div>\n<div class=\"xr_txt Normal_text_d xr_s18\"><span class=\"xr_tc Normal_text_d xr_s18\">Lis\u00e4ksi voimme tarvittaessa konfiguroida laitteistot toimintaan.<\/span><\/div>\n<div><span class=\"xr_tc Normal_text xr_s12\">Pyrimme l\u00f6yt\u00e4m\u00e4\u00e4n kaikkiin ongelmiin ratkaisun <span class=\"xr_tl Normal_text xr_s9\"> tarvitsemallasi tavalla<\/span>, ota yhteytt\u00e4.<\/span><\/div>\n<\/div>\n<div><\/div>\n<div>Voimme tarvittaessa noutaa laitteet huoltoon Etel\u00e4- ja L\u00e4nsi-Suomen alueilta,<br \/>\nmatkakustannukset sopimuksen mukaan.<\/div>\n<div><\/div>\n<p>Ota yhteytt\u00e4:<br \/>\nPuh. <a href=\"tel:0401523801\">040 1523801<\/a><br \/>\nS\u00e4hk\u00f6posti: huolto [at] nettiseitti.fi<\/p>\n","protected":false},"excerpt":{"rendered":"<p>Teknist\u00e4 tukea niin ohjelmallisiin, k\u00e4yt\u00e4nn\u00f6n kuin laitteisto-ongelmiin.<\/p>\n","protected":false},"featured_media":12307,"template":"","meta":{"neve_meta_sidebar":"","neve_meta_container":"","neve_meta_enable_content_width":"off","neve_meta_content_width":100,"neve_meta_title_alignment":"","neve_meta_author_avatar":"","neve_post_elements_order":"","neve_meta_disable_header":"","neve_meta_disable_footer":"","neve_meta_disable_title":""},"product_brand":[],"product_cat":[63],"product_tag":[217,195,450,451,85,339,92,93,100,107,459,106,457,178,327,446,448,449,453,81,447,91,94,84,108,79,105,455,90,89,445,88,456,98,101,104,86,454,83,96,99,97,87,103,80,102,82,458,452,95],"class_list":{"0":"post-12305","1":"product","2":"type-product","3":"status-publish","4":"has-post-thumbnail","6":"product_cat-palvelut","7":"product_tag-3d-tulostin","8":"product_tag-3d-tulostus","9":"product_tag-ahtari","10":"product_tag-alavus","11":"product_tag-alylaite","12":"product_tag-android","13":"product_tag-asennus","14":"product_tag-etatuki","15":"product_tag-etela-pohjanmaa","16":"product_tag-etela-suomi","17":"product_tag-hameenlinna","18":"product_tag-huittinen","19":"product_tag-ikaalinen","20":"product_tag-ilmalampopumppu","21":"product_tag-jalasjarvi","22":"product_tag-kankaanpaa","23":"product_tag-karvia","24":"product_tag-kauhajoki","25":"product_tag-kauhava","26":"product_tag-kaukosaadin","27":"product_tag-kihnio","28":"product_tag-konfigurointi","29":"product_tag-kotitalousvahennys","30":"product_tag-kytkin","31":"product_tag-lansi-suomi","32":"product_tag-lappari","33":"product_tag-lapua","34":"product_tag-lempaala","35":"product_tag-nappaimisto","36":"product_tag-naytto","37":"product_tag-nokia","38":"product_tag-oheislaite","39":"product_tag-parkano","40":"product_tag-pirkanmaa","41":"product_tag-pohjanmaa","42":"product_tag-pori","43":"product_tag-puhelin","44":"product_tag-rauma","45":"product_tag-reititin","46":"product_tag-sastamala","47":"product_tag-satakunta","48":"product_tag-seinajoki","49":"product_tag-tabletti","50":"product_tag-tampere","51":"product_tag-tulostin","52":"product_tag-vaasa","53":"product_tag-verkkolaite","54":"product_tag-virrat","55":"product_tag-ylojarvi","56":"product_tag-yritys","58":"first","59":"instock","60":"shipping-taxable","61":"purchasable","62":"product-type-simple"},"yoast_head":"<!-- This site is optimized with the Yoast SEO plugin v27.4 - https:\/\/yoast.com\/product\/yoast-seo-wordpress\/ -->\n<title>ICT \/ Tekninen tuki - Etel\u00e4- ja L\u00e4nsi-Suomi, Sein\u00e4joki, Tampere, Pori - NettiSeitti<\/title>\n<meta name=\"description\" content=\"Teknist\u00e4 tukea niin ohjelmallisiin, k\u00e4yt\u00e4nn\u00f6n kuin laitteisto-ongelmiin. Pirkanmaa, Satakunta, Etel\u00e4-Pohjanmaa, Pohjanmaa, Sein\u00e4joki, Sastamala, Tampere.\" \/>\n<meta name=\"robots\" content=\"index, follow, max-snippet:-1, max-image-preview:large, max-video-preview:-1\" \/>\n<link rel=\"canonical\" href=\"https:\/\/nettiseitti.fi\/showroom\/tuote\/ict-tekninen-tuki\/\" \/>\n<meta property=\"og:locale\" content=\"fi_FI\" \/>\n<meta property=\"og:type\" content=\"article\" \/>\n<meta property=\"og:title\" content=\"ICT \/ Tekninen tuki - Etel\u00e4- ja L\u00e4nsi-Suomi, Sein\u00e4joki, Tampere, Pori - NettiSeitti\" \/>\n<meta property=\"og:description\" content=\"Teknist\u00e4 tukea niin ohjelmallisiin, k\u00e4yt\u00e4nn\u00f6n kuin laitteisto-ongelmiin. Pirkanmaa, Satakunta, Etel\u00e4-Pohjanmaa, Pohjanmaa, Sein\u00e4joki, Sastamala, Tampere.\" \/>\n<meta property=\"og:url\" content=\"https:\/\/nettiseitti.fi\/showroom\/tuote\/ict-tekninen-tuki\/\" \/>\n<meta property=\"og:site_name\" content=\"NettiSeitti\" \/>\n<meta property=\"article:modified_time\" content=\"2024-12-08T12:57:51+00:00\" \/>\n<meta property=\"og:image\" content=\"https:\/\/nettiseitti.fi\/showroom\/wp-content\/uploads\/2024\/03\/RS74154_Fujitsu-Hand-and-Pen2-scaled.jpg\" \/>\n\t<meta property=\"og:image:width\" content=\"2560\" \/>\n\t<meta property=\"og:image:height\" content=\"1440\" \/>\n\t<meta property=\"og:image:type\" content=\"image\/jpeg\" \/>\n<meta name=\"twitter:card\" content=\"summary_large_image\" \/>\n<meta name=\"twitter:label1\" content=\"Arvioitu lukuaika\" \/>\n\t<meta name=\"twitter:data1\" content=\"2 minuuttia\" \/>\n<script type=\"application\/ld+json\" class=\"yoast-schema-graph\">{\"@context\":\"https:\\\/\\\/schema.org\",\"@graph\":[{\"@type\":\"WebPage\",\"@id\":\"https:\\\/\\\/nettiseitti.fi\\\/showroom\\\/tuote\\\/ict-tekninen-tuki\\\/\",\"url\":\"https:\\\/\\\/nettiseitti.fi\\\/showroom\\\/tuote\\\/ict-tekninen-tuki\\\/\",\"name\":\"ICT \\\/ Tekninen tuki - Etel\u00e4- ja L\u00e4nsi-Suomi, Sein\u00e4joki, Tampere, Pori - NettiSeitti\",\"isPartOf\":{\"@id\":\"https:\\\/\\\/nettiseitti.fi\\\/showroom\\\/#website\"},\"primaryImageOfPage\":{\"@id\":\"https:\\\/\\\/nettiseitti.fi\\\/showroom\\\/tuote\\\/ict-tekninen-tuki\\\/#primaryimage\"},\"image\":{\"@id\":\"https:\\\/\\\/nettiseitti.fi\\\/showroom\\\/tuote\\\/ict-tekninen-tuki\\\/#primaryimage\"},\"thumbnailUrl\":\"https:\\\/\\\/nettiseitti.fi\\\/showroom\\\/wp-content\\\/uploads\\\/2024\\\/03\\\/RS74154_Fujitsu-Hand-and-Pen2-scaled.jpg\",\"datePublished\":\"2024-03-11T19:00:47+00:00\",\"dateModified\":\"2024-12-08T12:57:51+00:00\",\"description\":\"Teknist\u00e4 tukea niin ohjelmallisiin, k\u00e4yt\u00e4nn\u00f6n kuin laitteisto-ongelmiin. Pirkanmaa, Satakunta, Etel\u00e4-Pohjanmaa, Pohjanmaa, Sein\u00e4joki, Sastamala, Tampere.\",\"breadcrumb\":{\"@id\":\"https:\\\/\\\/nettiseitti.fi\\\/showroom\\\/tuote\\\/ict-tekninen-tuki\\\/#breadcrumb\"},\"inLanguage\":\"fi\",\"potentialAction\":[{\"@type\":\"ReadAction\",\"target\":[\"https:\\\/\\\/nettiseitti.fi\\\/showroom\\\/tuote\\\/ict-tekninen-tuki\\\/\"]}]},{\"@type\":\"ImageObject\",\"inLanguage\":\"fi\",\"@id\":\"https:\\\/\\\/nettiseitti.fi\\\/showroom\\\/tuote\\\/ict-tekninen-tuki\\\/#primaryimage\",\"url\":\"https:\\\/\\\/nettiseitti.fi\\\/showroom\\\/wp-content\\\/uploads\\\/2024\\\/03\\\/RS74154_Fujitsu-Hand-and-Pen2-scaled.jpg\",\"contentUrl\":\"https:\\\/\\\/nettiseitti.fi\\\/showroom\\\/wp-content\\\/uploads\\\/2024\\\/03\\\/RS74154_Fujitsu-Hand-and-Pen2-scaled.jpg\",\"width\":2560,\"height\":1440},{\"@type\":\"BreadcrumbList\",\"@id\":\"https:\\\/\\\/nettiseitti.fi\\\/showroom\\\/tuote\\\/ict-tekninen-tuki\\\/#breadcrumb\",\"itemListElement\":[{\"@type\":\"ListItem\",\"position\":1,\"name\":\"Etusivu\",\"item\":\"https:\\\/\\\/nettiseitti.fi\\\/showroom\\\/\"},{\"@type\":\"ListItem\",\"position\":2,\"name\":\"Tuotteet\",\"item\":\"https:\\\/\\\/nettiseitti.fi\\\/showroom\\\/tuotteet\\\/\"},{\"@type\":\"ListItem\",\"position\":3,\"name\":\"ICT \\\/ Tekninen tuki\"}]},{\"@type\":\"WebSite\",\"@id\":\"https:\\\/\\\/nettiseitti.fi\\\/showroom\\\/#website\",\"url\":\"https:\\\/\\\/nettiseitti.fi\\\/showroom\\\/\",\"name\":\"NettiSeitti\",\"description\":\"\",\"publisher\":{\"@id\":\"https:\\\/\\\/nettiseitti.fi\\\/showroom\\\/#organization\"},\"potentialAction\":[{\"@type\":\"SearchAction\",\"target\":{\"@type\":\"EntryPoint\",\"urlTemplate\":\"https:\\\/\\\/nettiseitti.fi\\\/showroom\\\/?s={search_term_string}\"},\"query-input\":{\"@type\":\"PropertyValueSpecification\",\"valueRequired\":true,\"valueName\":\"search_term_string\"}}],\"inLanguage\":\"fi\"},{\"@type\":\"Organization\",\"@id\":\"https:\\\/\\\/nettiseitti.fi\\\/showroom\\\/#organization\",\"name\":\"NettiSeitti\",\"url\":\"https:\\\/\\\/nettiseitti.fi\\\/showroom\\\/\",\"logo\":{\"@type\":\"ImageObject\",\"inLanguage\":\"fi\",\"@id\":\"https:\\\/\\\/nettiseitti.fi\\\/showroom\\\/#\\\/schema\\\/logo\\\/image\\\/\",\"url\":\"https:\\\/\\\/nettiseitti.fi\\\/showroom\\\/wp-content\\\/uploads\\\/2024\\\/03\\\/nettiseitti_lapinakyva_tausta.png\",\"contentUrl\":\"https:\\\/\\\/nettiseitti.fi\\\/showroom\\\/wp-content\\\/uploads\\\/2024\\\/03\\\/nettiseitti_lapinakyva_tausta.png\",\"width\":2176,\"height\":741,\"caption\":\"NettiSeitti\"},\"image\":{\"@id\":\"https:\\\/\\\/nettiseitti.fi\\\/showroom\\\/#\\\/schema\\\/logo\\\/image\\\/\"}}]}<\/script>\n<!-- \/ Yoast SEO plugin. -->","yoast_head_json":{"title":"ICT \/ Tekninen tuki - Etel\u00e4- ja L\u00e4nsi-Suomi, Sein\u00e4joki, Tampere, Pori - NettiSeitti","description":"Teknist\u00e4 tukea niin ohjelmallisiin, k\u00e4yt\u00e4nn\u00f6n kuin laitteisto-ongelmiin. Pirkanmaa, Satakunta, Etel\u00e4-Pohjanmaa, Pohjanmaa, Sein\u00e4joki, Sastamala, Tampere.","robots":{"index":"index","follow":"follow","max-snippet":"max-snippet:-1","max-image-preview":"max-image-preview:large","max-video-preview":"max-video-preview:-1"},"canonical":"https:\/\/nettiseitti.fi\/showroom\/tuote\/ict-tekninen-tuki\/","og_locale":"fi_FI","og_type":"article","og_title":"ICT \/ Tekninen tuki - Etel\u00e4- ja L\u00e4nsi-Suomi, Sein\u00e4joki, Tampere, Pori - NettiSeitti","og_description":"Teknist\u00e4 tukea niin ohjelmallisiin, k\u00e4yt\u00e4nn\u00f6n kuin laitteisto-ongelmiin. Pirkanmaa, Satakunta, Etel\u00e4-Pohjanmaa, Pohjanmaa, Sein\u00e4joki, Sastamala, Tampere.","og_url":"https:\/\/nettiseitti.fi\/showroom\/tuote\/ict-tekninen-tuki\/","og_site_name":"NettiSeitti","article_modified_time":"2024-12-08T12:57:51+00:00","og_image":[{"width":2560,"height":1440,"url":"https:\/\/nettiseitti.fi\/showroom\/wp-content\/uploads\/2024\/03\/RS74154_Fujitsu-Hand-and-Pen2-scaled.jpg","type":"image\/jpeg"}],"twitter_card":"summary_large_image","twitter_misc":{"Arvioitu lukuaika":"2 minuuttia"},"schema":{"@context":"https:\/\/schema.org","@graph":[{"@type":"WebPage","@id":"https:\/\/nettiseitti.fi\/showroom\/tuote\/ict-tekninen-tuki\/","url":"https:\/\/nettiseitti.fi\/showroom\/tuote\/ict-tekninen-tuki\/","name":"ICT \/ Tekninen tuki - Etel\u00e4- ja L\u00e4nsi-Suomi, Sein\u00e4joki, Tampere, Pori - NettiSeitti","isPartOf":{"@id":"https:\/\/nettiseitti.fi\/showroom\/#website"},"primaryImageOfPage":{"@id":"https:\/\/nettiseitti.fi\/showroom\/tuote\/ict-tekninen-tuki\/#primaryimage"},"image":{"@id":"https:\/\/nettiseitti.fi\/showroom\/tuote\/ict-tekninen-tuki\/#primaryimage"},"thumbnailUrl":"https:\/\/nettiseitti.fi\/showroom\/wp-content\/uploads\/2024\/03\/RS74154_Fujitsu-Hand-and-Pen2-scaled.jpg","datePublished":"2024-03-11T19:00:47+00:00","dateModified":"2024-12-08T12:57:51+00:00","description":"Teknist\u00e4 tukea niin ohjelmallisiin, k\u00e4yt\u00e4nn\u00f6n kuin laitteisto-ongelmiin. Pirkanmaa, Satakunta, Etel\u00e4-Pohjanmaa, Pohjanmaa, Sein\u00e4joki, Sastamala, Tampere.","breadcrumb":{"@id":"https:\/\/nettiseitti.fi\/showroom\/tuote\/ict-tekninen-tuki\/#breadcrumb"},"inLanguage":"fi","potentialAction":[{"@type":"ReadAction","target":["https:\/\/nettiseitti.fi\/showroom\/tuote\/ict-tekninen-tuki\/"]}]},{"@type":"ImageObject","inLanguage":"fi","@id":"https:\/\/nettiseitti.fi\/showroom\/tuote\/ict-tekninen-tuki\/#primaryimage","url":"https:\/\/nettiseitti.fi\/showroom\/wp-content\/uploads\/2024\/03\/RS74154_Fujitsu-Hand-and-Pen2-scaled.jpg","contentUrl":"https:\/\/nettiseitti.fi\/showroom\/wp-content\/uploads\/2024\/03\/RS74154_Fujitsu-Hand-and-Pen2-scaled.jpg","width":2560,"height":1440},{"@type":"BreadcrumbList","@id":"https:\/\/nettiseitti.fi\/showroom\/tuote\/ict-tekninen-tuki\/#breadcrumb","itemListElement":[{"@type":"ListItem","position":1,"name":"Etusivu","item":"https:\/\/nettiseitti.fi\/showroom\/"},{"@type":"ListItem","position":2,"name":"Tuotteet","item":"https:\/\/nettiseitti.fi\/showroom\/tuotteet\/"},{"@type":"ListItem","position":3,"name":"ICT \/ Tekninen tuki"}]},{"@type":"WebSite","@id":"https:\/\/nettiseitti.fi\/showroom\/#website","url":"https:\/\/nettiseitti.fi\/showroom\/","name":"NettiSeitti","description":"","publisher":{"@id":"https:\/\/nettiseitti.fi\/showroom\/#organization"},"potentialAction":[{"@type":"SearchAction","target":{"@type":"EntryPoint","urlTemplate":"https:\/\/nettiseitti.fi\/showroom\/?s={search_term_string}"},"query-input":{"@type":"PropertyValueSpecification","valueRequired":true,"valueName":"search_term_string"}}],"inLanguage":"fi"},{"@type":"Organization","@id":"https:\/\/nettiseitti.fi\/showroom\/#organization","name":"NettiSeitti","url":"https:\/\/nettiseitti.fi\/showroom\/","logo":{"@type":"ImageObject","inLanguage":"fi","@id":"https:\/\/nettiseitti.fi\/showroom\/#\/schema\/logo\/image\/","url":"https:\/\/nettiseitti.fi\/showroom\/wp-content\/uploads\/2024\/03\/nettiseitti_lapinakyva_tausta.png","contentUrl":"https:\/\/nettiseitti.fi\/showroom\/wp-content\/uploads\/2024\/03\/nettiseitti_lapinakyva_tausta.png","width":2176,"height":741,"caption":"NettiSeitti"},"image":{"@id":"https:\/\/nettiseitti.fi\/showroom\/#\/schema\/logo\/image\/"}}]}},"_links":{"self":[{"href":"https:\/\/nettiseitti.fi\/showroom\/wp-json\/wp\/v2\/product\/12305","targetHints":{"allow":["GET"]}}],"collection":[{"href":"https:\/\/nettiseitti.fi\/showroom\/wp-json\/wp\/v2\/product"}],"about":[{"href":"https:\/\/nettiseitti.fi\/showroom\/wp-json\/wp\/v2\/types\/product"}],"wp:featuredmedia":[{"embeddable":true,"href":"https:\/\/nettiseitti.fi\/showroom\/wp-json\/wp\/v2\/media\/12307"}],"wp:attachment":[{"href":"https:\/\/nettiseitti.fi\/showroom\/wp-json\/wp\/v2\/media?parent=12305"}],"wp:term":[{"taxonomy":"product_brand","embeddable":true,"href":"https:\/\/nettiseitti.fi\/showroom\/wp-json\/wp\/v2\/product_brand?post=12305"},{"taxonomy":"product_cat","embeddable":true,"href":"https:\/\/nettiseitti.fi\/showroom\/wp-json\/wp\/v2\/product_cat?post=12305"},{"taxonomy":"product_tag","embeddable":true,"href":"https:\/\/nettiseitti.fi\/showroom\/wp-json\/wp\/v2\/product_tag?post=12305"}],"curies":[{"name":"wp","href":"https:\/\/api.w.org\/{rel}","templated":true}]}}