{"id":12390,"date":"2024-03-13T21:53:54","date_gmt":"2024-03-13T19:53:54","guid":{"rendered":"https:\/\/nettiseitti.fi\/showroom\/?post_type=product&#038;p=12390"},"modified":"2026-02-03T15:11:42","modified_gmt":"2026-02-03T13:11:42","slug":"kannettavat","status":"publish","type":"product","link":"https:\/\/nettiseitti.fi\/showroom\/tuote\/kannettavat\/","title":{"rendered":"Kannettavat"},"content":{"rendered":"<p>Kannettavat tietokoneet useilta valmistajilta partner-edustuksin.<\/p>\n<p>Kannettavat moniin k\u00e4ytt\u00f6tarkoituksiin mm.<\/p>\n<ul>\n<li>Ty\u00f6kannettavat<\/li>\n<li>Pelikannettavat<\/li>\n<li>Tehokannettavat vaativaan k\u00e4ytt\u00f6\u00f6n esim. CAD\/3D\/kuvank\u00e4sittely\/videoeditointi<\/li>\n<li>Yrityskannettavat<\/li>\n<\/ul>\n<p>Kannettavat useilta valmistajilta mm. HP, Fujitsu, Asus, Acer, Dell, Lenovo.<br \/>\nMy\u00f6s k\u00e4ytetyt koneet takuulla, kysy tarjous !<\/p>\n<p>Ota yhteytt\u00e4:<br \/>\nPuh. <a href=\"tel:0401523801\">040 1523801<\/a><br \/>\nS\u00e4hk\u00f6posti: myynti [at] nettiseitti.fi<\/p>\n<p><img decoding=\"async\" class=\"alignnone wp-image-12074\" src=\"https:\/\/nettiseitti.fi\/showroom\/wp-content\/uploads\/2024\/03\/hp-300x148.png\" alt=\"\" width=\"164\" height=\"81\" srcset=\"https:\/\/nettiseitti.fi\/showroom\/wp-content\/uploads\/2024\/03\/hp-300x148.png 300w, https:\/\/nettiseitti.fi\/showroom\/wp-content\/uploads\/2024\/03\/hp-600x295.png 600w, https:\/\/nettiseitti.fi\/showroom\/wp-content\/uploads\/2024\/03\/hp.png 638w\" sizes=\"(max-width: 164px) 100vw, 164px\" \/><\/p>\n<p><img decoding=\"async\" class=\"alignnone  wp-image-14836\" src=\"https:\/\/nettiseitti.fi\/showroom\/wp-content\/uploads\/2025\/12\/dell_authorized_partner-300x87.jpg\" alt=\"\" width=\"221\" height=\"64\" srcset=\"https:\/\/nettiseitti.fi\/showroom\/wp-content\/uploads\/2025\/12\/dell_authorized_partner-300x87.jpg 300w, https:\/\/nettiseitti.fi\/showroom\/wp-content\/uploads\/2025\/12\/dell_authorized_partner-768x223.jpg 768w, https:\/\/nettiseitti.fi\/showroom\/wp-content\/uploads\/2025\/12\/dell_authorized_partner-600x174.jpg 600w, https:\/\/nettiseitti.fi\/showroom\/wp-content\/uploads\/2025\/12\/dell_authorized_partner.jpg 879w\" sizes=\"(max-width: 221px) 100vw, 221px\" \/><\/p>\n","protected":false},"excerpt":{"rendered":"<p>Kannettavat moniin k\u00e4ytt\u00f6tarkoituksiin, kysy tarjous.<\/p>\n","protected":false},"featured_media":12391,"template":"","meta":{"neve_meta_sidebar":"","neve_meta_container":"","neve_meta_enable_content_width":"off","neve_meta_content_width":100,"neve_meta_title_alignment":"","neve_meta_author_avatar":"","neve_post_elements_order":"","neve_meta_disable_header":"","neve_meta_disable_footer":"","neve_meta_disable_title":""},"product_brand":[],"product_cat":[480],"product_tag":[159,450,451,152,160,100,107,158,459,135,106,457,327,446,448,449,453,447,108,79,105,455,161,445,456,127,98,101,104,454,96,99,97,103,128,102,458,216,329,452,129],"class_list":{"0":"post-12390","1":"product","2":"type-product","3":"status-publish","4":"has-post-thumbnail","6":"product_cat-kannettavat","7":"product_tag-acer","8":"product_tag-ahtari","9":"product_tag-alavus","10":"product_tag-asus","11":"product_tag-dell","12":"product_tag-etela-pohjanmaa","13":"product_tag-etela-suomi","14":"product_tag-fujitsu","15":"product_tag-hameenlinna","16":"product_tag-hp","17":"product_tag-huittinen","18":"product_tag-ikaalinen","19":"product_tag-jalasjarvi","20":"product_tag-kankaanpaa","21":"product_tag-karvia","22":"product_tag-kauhajoki","23":"product_tag-kauhava","24":"product_tag-kihnio","25":"product_tag-lansi-suomi","26":"product_tag-lappari","27":"product_tag-lapua","28":"product_tag-lempaala","29":"product_tag-lenovo","30":"product_tag-nokia","31":"product_tag-parkano","32":"product_tag-pelilappari","33":"product_tag-pirkanmaa","34":"product_tag-pohjanmaa","35":"product_tag-pori","36":"product_tag-rauma","37":"product_tag-sastamala","38":"product_tag-satakunta","39":"product_tag-seinajoki","40":"product_tag-tampere","41":"product_tag-tyolappari","42":"product_tag-vaasa","43":"product_tag-virrat","44":"product_tag-windows","45":"product_tag-windows-11","46":"product_tag-ylojarvi","47":"product_tag-yrityslappari","49":"first","50":"instock","51":"shipping-taxable","52":"product-type-simple"},"yoast_head":"<!-- This site is optimized with the Yoast SEO plugin v27.6 - https:\/\/yoast.com\/product\/yoast-seo-wordpress\/ -->\n<title>Kannettavat, l\u00e4pp\u00e4rit, tietokoneet - Sein\u00e4joki, Sastamala, Tampere, Vaasa, Pori - NettiSeitti<\/title>\n<meta name=\"description\" content=\"Kannettavat ja l\u00e4pp\u00e4rit moniin k\u00e4ytt\u00f6tarkoituksiin, kysy tarjous. Pirkanmaa, Satakunta, Etel\u00e4-Pohjanmaa, Pohjanmaa, Sein\u00e4joki, Sastamala, Tampere, Vaasa.\" \/>\n<meta name=\"robots\" content=\"index, follow, max-snippet:-1, max-image-preview:large, max-video-preview:-1\" \/>\n<link rel=\"canonical\" href=\"https:\/\/nettiseitti.fi\/showroom\/tuote\/kannettavat\/\" \/>\n<meta property=\"og:locale\" content=\"fi_FI\" \/>\n<meta property=\"og:type\" content=\"article\" \/>\n<meta property=\"og:title\" content=\"Kannettavat, l\u00e4pp\u00e4rit, tietokoneet - Sein\u00e4joki, Sastamala, Tampere, Vaasa, Pori - NettiSeitti\" \/>\n<meta property=\"og:description\" content=\"Kannettavat ja l\u00e4pp\u00e4rit moniin k\u00e4ytt\u00f6tarkoituksiin, kysy tarjous. Pirkanmaa, Satakunta, Etel\u00e4-Pohjanmaa, Pohjanmaa, Sein\u00e4joki, Sastamala, Tampere, Vaasa.\" \/>\n<meta property=\"og:url\" content=\"https:\/\/nettiseitti.fi\/showroom\/tuote\/kannettavat\/\" \/>\n<meta property=\"og:site_name\" content=\"NettiSeitti\" \/>\n<meta property=\"article:modified_time\" content=\"2026-02-03T13:11:42+00:00\" \/>\n<meta property=\"og:image\" content=\"https:\/\/nettiseitti.fi\/showroom\/wp-content\/uploads\/2024\/03\/kannettava.jpg\" \/>\n\t<meta property=\"og:image:width\" content=\"2068\" \/>\n\t<meta property=\"og:image:height\" content=\"1420\" \/>\n\t<meta property=\"og:image:type\" content=\"image\/jpeg\" \/>\n<meta name=\"twitter:card\" content=\"summary_large_image\" \/>\n<meta name=\"twitter:label1\" content=\"Arvioitu lukuaika\" \/>\n\t<meta name=\"twitter:data1\" content=\"1 minuutti\" \/>\n<script type=\"application\/ld+json\" class=\"yoast-schema-graph\">{\"@context\":\"https:\\\/\\\/schema.org\",\"@graph\":[{\"@type\":\"WebPage\",\"@id\":\"https:\\\/\\\/nettiseitti.fi\\\/showroom\\\/tuote\\\/kannettavat\\\/\",\"url\":\"https:\\\/\\\/nettiseitti.fi\\\/showroom\\\/tuote\\\/kannettavat\\\/\",\"name\":\"Kannettavat, l\u00e4pp\u00e4rit, tietokoneet - Sein\u00e4joki, Sastamala, Tampere, Vaasa, Pori - NettiSeitti\",\"isPartOf\":{\"@id\":\"https:\\\/\\\/nettiseitti.fi\\\/showroom\\\/#website\"},\"primaryImageOfPage\":{\"@id\":\"https:\\\/\\\/nettiseitti.fi\\\/showroom\\\/tuote\\\/kannettavat\\\/#primaryimage\"},\"image\":{\"@id\":\"https:\\\/\\\/nettiseitti.fi\\\/showroom\\\/tuote\\\/kannettavat\\\/#primaryimage\"},\"thumbnailUrl\":\"https:\\\/\\\/nettiseitti.fi\\\/showroom\\\/wp-content\\\/uploads\\\/2024\\\/03\\\/kannettava.jpg\",\"datePublished\":\"2024-03-13T19:53:54+00:00\",\"dateModified\":\"2026-02-03T13:11:42+00:00\",\"description\":\"Kannettavat ja l\u00e4pp\u00e4rit moniin k\u00e4ytt\u00f6tarkoituksiin, kysy tarjous. Pirkanmaa, Satakunta, Etel\u00e4-Pohjanmaa, Pohjanmaa, Sein\u00e4joki, Sastamala, Tampere, Vaasa.\",\"breadcrumb\":{\"@id\":\"https:\\\/\\\/nettiseitti.fi\\\/showroom\\\/tuote\\\/kannettavat\\\/#breadcrumb\"},\"inLanguage\":\"fi\",\"potentialAction\":[{\"@type\":\"ReadAction\",\"target\":[\"https:\\\/\\\/nettiseitti.fi\\\/showroom\\\/tuote\\\/kannettavat\\\/\"]}]},{\"@type\":\"ImageObject\",\"inLanguage\":\"fi\",\"@id\":\"https:\\\/\\\/nettiseitti.fi\\\/showroom\\\/tuote\\\/kannettavat\\\/#primaryimage\",\"url\":\"https:\\\/\\\/nettiseitti.fi\\\/showroom\\\/wp-content\\\/uploads\\\/2024\\\/03\\\/kannettava.jpg\",\"contentUrl\":\"https:\\\/\\\/nettiseitti.fi\\\/showroom\\\/wp-content\\\/uploads\\\/2024\\\/03\\\/kannettava.jpg\",\"width\":2068,\"height\":1420},{\"@type\":\"BreadcrumbList\",\"@id\":\"https:\\\/\\\/nettiseitti.fi\\\/showroom\\\/tuote\\\/kannettavat\\\/#breadcrumb\",\"itemListElement\":[{\"@type\":\"ListItem\",\"position\":1,\"name\":\"Etusivu\",\"item\":\"https:\\\/\\\/nettiseitti.fi\\\/showroom\\\/\"},{\"@type\":\"ListItem\",\"position\":2,\"name\":\"Tuotteet\",\"item\":\"https:\\\/\\\/nettiseitti.fi\\\/showroom\\\/tuotteet\\\/\"},{\"@type\":\"ListItem\",\"position\":3,\"name\":\"Kannettavat\"}]},{\"@type\":\"WebSite\",\"@id\":\"https:\\\/\\\/nettiseitti.fi\\\/showroom\\\/#website\",\"url\":\"https:\\\/\\\/nettiseitti.fi\\\/showroom\\\/\",\"name\":\"NettiSeitti\",\"description\":\"\",\"publisher\":{\"@id\":\"https:\\\/\\\/nettiseitti.fi\\\/showroom\\\/#organization\"},\"potentialAction\":[{\"@type\":\"SearchAction\",\"target\":{\"@type\":\"EntryPoint\",\"urlTemplate\":\"https:\\\/\\\/nettiseitti.fi\\\/showroom\\\/?s={search_term_string}\"},\"query-input\":{\"@type\":\"PropertyValueSpecification\",\"valueRequired\":true,\"valueName\":\"search_term_string\"}}],\"inLanguage\":\"fi\"},{\"@type\":\"Organization\",\"@id\":\"https:\\\/\\\/nettiseitti.fi\\\/showroom\\\/#organization\",\"name\":\"NettiSeitti\",\"url\":\"https:\\\/\\\/nettiseitti.fi\\\/showroom\\\/\",\"logo\":{\"@type\":\"ImageObject\",\"inLanguage\":\"fi\",\"@id\":\"https:\\\/\\\/nettiseitti.fi\\\/showroom\\\/#\\\/schema\\\/logo\\\/image\\\/\",\"url\":\"https:\\\/\\\/nettiseitti.fi\\\/showroom\\\/wp-content\\\/uploads\\\/2024\\\/03\\\/nettiseitti_lapinakyva_tausta.png\",\"contentUrl\":\"https:\\\/\\\/nettiseitti.fi\\\/showroom\\\/wp-content\\\/uploads\\\/2024\\\/03\\\/nettiseitti_lapinakyva_tausta.png\",\"width\":2176,\"height\":741,\"caption\":\"NettiSeitti\"},\"image\":{\"@id\":\"https:\\\/\\\/nettiseitti.fi\\\/showroom\\\/#\\\/schema\\\/logo\\\/image\\\/\"}}]}<\/script>\n<!-- \/ Yoast SEO plugin. -->","yoast_head_json":{"title":"Kannettavat, l\u00e4pp\u00e4rit, tietokoneet - Sein\u00e4joki, Sastamala, Tampere, Vaasa, Pori - NettiSeitti","description":"Kannettavat ja l\u00e4pp\u00e4rit moniin k\u00e4ytt\u00f6tarkoituksiin, kysy tarjous. Pirkanmaa, Satakunta, Etel\u00e4-Pohjanmaa, Pohjanmaa, Sein\u00e4joki, Sastamala, Tampere, Vaasa.","robots":{"index":"index","follow":"follow","max-snippet":"max-snippet:-1","max-image-preview":"max-image-preview:large","max-video-preview":"max-video-preview:-1"},"canonical":"https:\/\/nettiseitti.fi\/showroom\/tuote\/kannettavat\/","og_locale":"fi_FI","og_type":"article","og_title":"Kannettavat, l\u00e4pp\u00e4rit, tietokoneet - Sein\u00e4joki, Sastamala, Tampere, Vaasa, Pori - NettiSeitti","og_description":"Kannettavat ja l\u00e4pp\u00e4rit moniin k\u00e4ytt\u00f6tarkoituksiin, kysy tarjous. Pirkanmaa, Satakunta, Etel\u00e4-Pohjanmaa, Pohjanmaa, Sein\u00e4joki, Sastamala, Tampere, Vaasa.","og_url":"https:\/\/nettiseitti.fi\/showroom\/tuote\/kannettavat\/","og_site_name":"NettiSeitti","article_modified_time":"2026-02-03T13:11:42+00:00","og_image":[{"width":2068,"height":1420,"url":"https:\/\/nettiseitti.fi\/showroom\/wp-content\/uploads\/2024\/03\/kannettava.jpg","type":"image\/jpeg"}],"twitter_card":"summary_large_image","twitter_misc":{"Arvioitu lukuaika":"1 minuutti"},"schema":{"@context":"https:\/\/schema.org","@graph":[{"@type":"WebPage","@id":"https:\/\/nettiseitti.fi\/showroom\/tuote\/kannettavat\/","url":"https:\/\/nettiseitti.fi\/showroom\/tuote\/kannettavat\/","name":"Kannettavat, l\u00e4pp\u00e4rit, tietokoneet - Sein\u00e4joki, Sastamala, Tampere, Vaasa, Pori - NettiSeitti","isPartOf":{"@id":"https:\/\/nettiseitti.fi\/showroom\/#website"},"primaryImageOfPage":{"@id":"https:\/\/nettiseitti.fi\/showroom\/tuote\/kannettavat\/#primaryimage"},"image":{"@id":"https:\/\/nettiseitti.fi\/showroom\/tuote\/kannettavat\/#primaryimage"},"thumbnailUrl":"https:\/\/nettiseitti.fi\/showroom\/wp-content\/uploads\/2024\/03\/kannettava.jpg","datePublished":"2024-03-13T19:53:54+00:00","dateModified":"2026-02-03T13:11:42+00:00","description":"Kannettavat ja l\u00e4pp\u00e4rit moniin k\u00e4ytt\u00f6tarkoituksiin, kysy tarjous. Pirkanmaa, Satakunta, Etel\u00e4-Pohjanmaa, Pohjanmaa, Sein\u00e4joki, Sastamala, Tampere, Vaasa.","breadcrumb":{"@id":"https:\/\/nettiseitti.fi\/showroom\/tuote\/kannettavat\/#breadcrumb"},"inLanguage":"fi","potentialAction":[{"@type":"ReadAction","target":["https:\/\/nettiseitti.fi\/showroom\/tuote\/kannettavat\/"]}]},{"@type":"ImageObject","inLanguage":"fi","@id":"https:\/\/nettiseitti.fi\/showroom\/tuote\/kannettavat\/#primaryimage","url":"https:\/\/nettiseitti.fi\/showroom\/wp-content\/uploads\/2024\/03\/kannettava.jpg","contentUrl":"https:\/\/nettiseitti.fi\/showroom\/wp-content\/uploads\/2024\/03\/kannettava.jpg","width":2068,"height":1420},{"@type":"BreadcrumbList","@id":"https:\/\/nettiseitti.fi\/showroom\/tuote\/kannettavat\/#breadcrumb","itemListElement":[{"@type":"ListItem","position":1,"name":"Etusivu","item":"https:\/\/nettiseitti.fi\/showroom\/"},{"@type":"ListItem","position":2,"name":"Tuotteet","item":"https:\/\/nettiseitti.fi\/showroom\/tuotteet\/"},{"@type":"ListItem","position":3,"name":"Kannettavat"}]},{"@type":"WebSite","@id":"https:\/\/nettiseitti.fi\/showroom\/#website","url":"https:\/\/nettiseitti.fi\/showroom\/","name":"NettiSeitti","description":"","publisher":{"@id":"https:\/\/nettiseitti.fi\/showroom\/#organization"},"potentialAction":[{"@type":"SearchAction","target":{"@type":"EntryPoint","urlTemplate":"https:\/\/nettiseitti.fi\/showroom\/?s={search_term_string}"},"query-input":{"@type":"PropertyValueSpecification","valueRequired":true,"valueName":"search_term_string"}}],"inLanguage":"fi"},{"@type":"Organization","@id":"https:\/\/nettiseitti.fi\/showroom\/#organization","name":"NettiSeitti","url":"https:\/\/nettiseitti.fi\/showroom\/","logo":{"@type":"ImageObject","inLanguage":"fi","@id":"https:\/\/nettiseitti.fi\/showroom\/#\/schema\/logo\/image\/","url":"https:\/\/nettiseitti.fi\/showroom\/wp-content\/uploads\/2024\/03\/nettiseitti_lapinakyva_tausta.png","contentUrl":"https:\/\/nettiseitti.fi\/showroom\/wp-content\/uploads\/2024\/03\/nettiseitti_lapinakyva_tausta.png","width":2176,"height":741,"caption":"NettiSeitti"},"image":{"@id":"https:\/\/nettiseitti.fi\/showroom\/#\/schema\/logo\/image\/"}}]}},"_links":{"self":[{"href":"https:\/\/nettiseitti.fi\/showroom\/wp-json\/wp\/v2\/product\/12390","targetHints":{"allow":["GET"]}}],"collection":[{"href":"https:\/\/nettiseitti.fi\/showroom\/wp-json\/wp\/v2\/product"}],"about":[{"href":"https:\/\/nettiseitti.fi\/showroom\/wp-json\/wp\/v2\/types\/product"}],"wp:featuredmedia":[{"embeddable":true,"href":"https:\/\/nettiseitti.fi\/showroom\/wp-json\/wp\/v2\/media\/12391"}],"wp:attachment":[{"href":"https:\/\/nettiseitti.fi\/showroom\/wp-json\/wp\/v2\/media?parent=12390"}],"wp:term":[{"taxonomy":"product_brand","embeddable":true,"href":"https:\/\/nettiseitti.fi\/showroom\/wp-json\/wp\/v2\/product_brand?post=12390"},{"taxonomy":"product_cat","embeddable":true,"href":"https:\/\/nettiseitti.fi\/showroom\/wp-json\/wp\/v2\/product_cat?post=12390"},{"taxonomy":"product_tag","embeddable":true,"href":"https:\/\/nettiseitti.fi\/showroom\/wp-json\/wp\/v2\/product_tag?post=12390"}],"curies":[{"name":"wp","href":"https:\/\/api.w.org\/{rel}","templated":true}]}}