{"id":12403,"date":"2024-03-14T12:46:41","date_gmt":"2024-03-14T10:46:41","guid":{"rendered":"https:\/\/nettiseitti.fi\/showroom\/?post_type=product&#038;p=12403"},"modified":"2024-07-16T15:39:25","modified_gmt":"2024-07-16T12:39:25","slug":"varikasetit","status":"publish","type":"product","link":"https:\/\/nettiseitti.fi\/showroom\/tuote\/varikasetit\/","title":{"rendered":"V\u00e4rikasetit"},"content":{"rendered":"<p>Alkuper\u00e4iset ja tarvikev\u00e4rikasetit lasertulostimille useilta valmistajilta partner-edustuksin.<\/p>\n<p>V\u00e4rikasetit useille tulostimille mm.<\/p>\n<ul>\n<li>HP LaserJet \/ Color LaserJet<\/li>\n<li>Canon<\/li>\n<li>Brother<\/li>\n<li>Xerox<\/li>\n<li>Samsung<\/li>\n<li>V\u00e4rikasetit my\u00f6s muille merkeille ja malleille, kysy tarvitsemaasi v\u00e4rikasettia !<\/li>\n<\/ul>\n<p>Ota yhteytt\u00e4:<br \/>\nPuh. <a href=\"tel:0401523801\">040 1523801<\/a><br \/>\nS\u00e4hk\u00f6posti: myynti [at] nettiseitti.fi<\/p>\n<p><img decoding=\"async\" class=\"alignnone wp-image-12074\" src=\"https:\/\/nettiseitti.fi\/showroom\/wp-content\/uploads\/2024\/03\/hp-300x148.png\" alt=\"\" width=\"166\" height=\"82\" srcset=\"https:\/\/nettiseitti.fi\/showroom\/wp-content\/uploads\/2024\/03\/hp-300x148.png 300w, https:\/\/nettiseitti.fi\/showroom\/wp-content\/uploads\/2024\/03\/hp-600x295.png 600w, https:\/\/nettiseitti.fi\/showroom\/wp-content\/uploads\/2024\/03\/hp.png 638w\" sizes=\"(max-width: 166px) 100vw, 166px\" \/><\/p>\n","protected":false},"excerpt":{"rendered":"<p>Alkuper\u00e4iset ja tarvikev\u00e4rikasetit tulostimille.<\/p>\n","protected":false},"featured_media":12408,"template":"","meta":{"neve_meta_sidebar":"","neve_meta_container":"","neve_meta_enable_content_width":"off","neve_meta_content_width":100,"neve_meta_title_alignment":"","neve_meta_author_avatar":"","neve_post_elements_order":"","neve_meta_disable_header":"","neve_meta_disable_footer":"","neve_meta_disable_title":""},"product_brand":[],"product_cat":[550],"product_tag":[450,451,147,146,100,107,459,135,106,457,327,446,448,449,453,447,108,105,145,149,455,445,88,456,98,101,104,454,96,99,97,103,80,102,136,458,148,452],"class_list":{"0":"post-12403","1":"product","2":"type-product","3":"status-publish","4":"has-post-thumbnail","6":"product_cat-varikasetit","7":"product_tag-ahtari","8":"product_tag-alavus","9":"product_tag-brother","10":"product_tag-canon","11":"product_tag-etela-pohjanmaa","12":"product_tag-etela-suomi","13":"product_tag-hameenlinna","14":"product_tag-hp","15":"product_tag-huittinen","16":"product_tag-ikaalinen","17":"product_tag-jalasjarvi","18":"product_tag-kankaanpaa","19":"product_tag-karvia","20":"product_tag-kauhajoki","21":"product_tag-kauhava","22":"product_tag-kihnio","23":"product_tag-lansi-suomi","24":"product_tag-lapua","25":"product_tag-laserjet","26":"product_tag-lasertulostin","27":"product_tag-lempaala","28":"product_tag-nokia","29":"product_tag-oheislaite","30":"product_tag-parkano","31":"product_tag-pirkanmaa","32":"product_tag-pohjanmaa","33":"product_tag-pori","34":"product_tag-rauma","35":"product_tag-sastamala","36":"product_tag-satakunta","37":"product_tag-seinajoki","38":"product_tag-tampere","39":"product_tag-tulostin","40":"product_tag-vaasa","41":"product_tag-varikasetti","42":"product_tag-virrat","43":"product_tag-xerox","44":"product_tag-ylojarvi","46":"first","47":"instock","48":"shipping-taxable","49":"product-type-simple"},"yoast_head":"<!-- This site is optimized with the Yoast SEO plugin v27.4 - https:\/\/yoast.com\/product\/yoast-seo-wordpress\/ -->\n<title>V\u00e4rikasetit, v\u00e4rikasetti, LaserJet, Canon, Xerox, Brother, Samsung - Sein\u00e4joki, Sastamala, Tampere, Vaasa, Pori - NettiSeitti<\/title>\n<meta name=\"description\" content=\"Alkuper\u00e4iset ja tarvikev\u00e4rikasetit tulostimille. V\u00e4rikasetti, Pirkanmaa, Satakunta, Etel\u00e4-Pohjanmaa, Pohjanmaa, Sein\u00e4joki, Sastamala, Tampere, Vaasa, Pori.\" \/>\n<meta name=\"robots\" content=\"index, follow, max-snippet:-1, max-image-preview:large, max-video-preview:-1\" \/>\n<link rel=\"canonical\" href=\"https:\/\/nettiseitti.fi\/showroom\/tuote\/varikasetit\/\" \/>\n<meta property=\"og:locale\" content=\"fi_FI\" \/>\n<meta property=\"og:type\" content=\"article\" \/>\n<meta property=\"og:title\" content=\"V\u00e4rikasetit, v\u00e4rikasetti, LaserJet, Canon, Xerox, Brother, Samsung - Sein\u00e4joki, Sastamala, Tampere, Vaasa, Pori - NettiSeitti\" \/>\n<meta property=\"og:description\" content=\"Alkuper\u00e4iset ja tarvikev\u00e4rikasetit tulostimille. V\u00e4rikasetti, Pirkanmaa, Satakunta, Etel\u00e4-Pohjanmaa, Pohjanmaa, Sein\u00e4joki, Sastamala, Tampere, Vaasa, Pori.\" \/>\n<meta property=\"og:url\" content=\"https:\/\/nettiseitti.fi\/showroom\/tuote\/varikasetit\/\" \/>\n<meta property=\"og:site_name\" content=\"NettiSeitti\" \/>\n<meta property=\"article:modified_time\" content=\"2024-07-16T12:39:25+00:00\" \/>\n<meta property=\"og:image\" content=\"https:\/\/nettiseitti.fi\/showroom\/wp-content\/uploads\/2024\/03\/varikasetit_hp.jpg\" \/>\n\t<meta property=\"og:image:width\" content=\"683\" \/>\n\t<meta property=\"og:image:height\" content=\"550\" \/>\n\t<meta property=\"og:image:type\" content=\"image\/jpeg\" \/>\n<meta name=\"twitter:card\" content=\"summary_large_image\" \/>\n<meta name=\"twitter:label1\" content=\"Arvioitu lukuaika\" \/>\n\t<meta name=\"twitter:data1\" content=\"1 minuutti\" \/>\n<script type=\"application\/ld+json\" class=\"yoast-schema-graph\">{\"@context\":\"https:\\\/\\\/schema.org\",\"@graph\":[{\"@type\":\"WebPage\",\"@id\":\"https:\\\/\\\/nettiseitti.fi\\\/showroom\\\/tuote\\\/varikasetit\\\/\",\"url\":\"https:\\\/\\\/nettiseitti.fi\\\/showroom\\\/tuote\\\/varikasetit\\\/\",\"name\":\"V\u00e4rikasetit, v\u00e4rikasetti, LaserJet, Canon, Xerox, Brother, Samsung - Sein\u00e4joki, Sastamala, Tampere, Vaasa, Pori - NettiSeitti\",\"isPartOf\":{\"@id\":\"https:\\\/\\\/nettiseitti.fi\\\/showroom\\\/#website\"},\"primaryImageOfPage\":{\"@id\":\"https:\\\/\\\/nettiseitti.fi\\\/showroom\\\/tuote\\\/varikasetit\\\/#primaryimage\"},\"image\":{\"@id\":\"https:\\\/\\\/nettiseitti.fi\\\/showroom\\\/tuote\\\/varikasetit\\\/#primaryimage\"},\"thumbnailUrl\":\"https:\\\/\\\/nettiseitti.fi\\\/showroom\\\/wp-content\\\/uploads\\\/2024\\\/03\\\/varikasetit_hp.jpg\",\"datePublished\":\"2024-03-14T10:46:41+00:00\",\"dateModified\":\"2024-07-16T12:39:25+00:00\",\"description\":\"Alkuper\u00e4iset ja tarvikev\u00e4rikasetit tulostimille. V\u00e4rikasetti, Pirkanmaa, Satakunta, Etel\u00e4-Pohjanmaa, Pohjanmaa, Sein\u00e4joki, Sastamala, Tampere, Vaasa, Pori.\",\"breadcrumb\":{\"@id\":\"https:\\\/\\\/nettiseitti.fi\\\/showroom\\\/tuote\\\/varikasetit\\\/#breadcrumb\"},\"inLanguage\":\"fi\",\"potentialAction\":[{\"@type\":\"ReadAction\",\"target\":[\"https:\\\/\\\/nettiseitti.fi\\\/showroom\\\/tuote\\\/varikasetit\\\/\"]}]},{\"@type\":\"ImageObject\",\"inLanguage\":\"fi\",\"@id\":\"https:\\\/\\\/nettiseitti.fi\\\/showroom\\\/tuote\\\/varikasetit\\\/#primaryimage\",\"url\":\"https:\\\/\\\/nettiseitti.fi\\\/showroom\\\/wp-content\\\/uploads\\\/2024\\\/03\\\/varikasetit_hp.jpg\",\"contentUrl\":\"https:\\\/\\\/nettiseitti.fi\\\/showroom\\\/wp-content\\\/uploads\\\/2024\\\/03\\\/varikasetit_hp.jpg\",\"width\":683,\"height\":550},{\"@type\":\"BreadcrumbList\",\"@id\":\"https:\\\/\\\/nettiseitti.fi\\\/showroom\\\/tuote\\\/varikasetit\\\/#breadcrumb\",\"itemListElement\":[{\"@type\":\"ListItem\",\"position\":1,\"name\":\"Etusivu\",\"item\":\"https:\\\/\\\/nettiseitti.fi\\\/showroom\\\/\"},{\"@type\":\"ListItem\",\"position\":2,\"name\":\"Tuotteet\",\"item\":\"https:\\\/\\\/nettiseitti.fi\\\/showroom\\\/tuotteet\\\/\"},{\"@type\":\"ListItem\",\"position\":3,\"name\":\"V\u00e4rikasetit\"}]},{\"@type\":\"WebSite\",\"@id\":\"https:\\\/\\\/nettiseitti.fi\\\/showroom\\\/#website\",\"url\":\"https:\\\/\\\/nettiseitti.fi\\\/showroom\\\/\",\"name\":\"NettiSeitti\",\"description\":\"\",\"publisher\":{\"@id\":\"https:\\\/\\\/nettiseitti.fi\\\/showroom\\\/#organization\"},\"potentialAction\":[{\"@type\":\"SearchAction\",\"target\":{\"@type\":\"EntryPoint\",\"urlTemplate\":\"https:\\\/\\\/nettiseitti.fi\\\/showroom\\\/?s={search_term_string}\"},\"query-input\":{\"@type\":\"PropertyValueSpecification\",\"valueRequired\":true,\"valueName\":\"search_term_string\"}}],\"inLanguage\":\"fi\"},{\"@type\":\"Organization\",\"@id\":\"https:\\\/\\\/nettiseitti.fi\\\/showroom\\\/#organization\",\"name\":\"NettiSeitti\",\"url\":\"https:\\\/\\\/nettiseitti.fi\\\/showroom\\\/\",\"logo\":{\"@type\":\"ImageObject\",\"inLanguage\":\"fi\",\"@id\":\"https:\\\/\\\/nettiseitti.fi\\\/showroom\\\/#\\\/schema\\\/logo\\\/image\\\/\",\"url\":\"https:\\\/\\\/nettiseitti.fi\\\/showroom\\\/wp-content\\\/uploads\\\/2024\\\/03\\\/nettiseitti_lapinakyva_tausta.png\",\"contentUrl\":\"https:\\\/\\\/nettiseitti.fi\\\/showroom\\\/wp-content\\\/uploads\\\/2024\\\/03\\\/nettiseitti_lapinakyva_tausta.png\",\"width\":2176,\"height\":741,\"caption\":\"NettiSeitti\"},\"image\":{\"@id\":\"https:\\\/\\\/nettiseitti.fi\\\/showroom\\\/#\\\/schema\\\/logo\\\/image\\\/\"}}]}<\/script>\n<!-- \/ Yoast SEO plugin. -->","yoast_head_json":{"title":"V\u00e4rikasetit, v\u00e4rikasetti, LaserJet, Canon, Xerox, Brother, Samsung - Sein\u00e4joki, Sastamala, Tampere, Vaasa, Pori - NettiSeitti","description":"Alkuper\u00e4iset ja tarvikev\u00e4rikasetit tulostimille. V\u00e4rikasetti, Pirkanmaa, Satakunta, Etel\u00e4-Pohjanmaa, Pohjanmaa, Sein\u00e4joki, Sastamala, Tampere, Vaasa, Pori.","robots":{"index":"index","follow":"follow","max-snippet":"max-snippet:-1","max-image-preview":"max-image-preview:large","max-video-preview":"max-video-preview:-1"},"canonical":"https:\/\/nettiseitti.fi\/showroom\/tuote\/varikasetit\/","og_locale":"fi_FI","og_type":"article","og_title":"V\u00e4rikasetit, v\u00e4rikasetti, LaserJet, Canon, Xerox, Brother, Samsung - Sein\u00e4joki, Sastamala, Tampere, Vaasa, Pori - NettiSeitti","og_description":"Alkuper\u00e4iset ja tarvikev\u00e4rikasetit tulostimille. V\u00e4rikasetti, Pirkanmaa, Satakunta, Etel\u00e4-Pohjanmaa, Pohjanmaa, Sein\u00e4joki, Sastamala, Tampere, Vaasa, Pori.","og_url":"https:\/\/nettiseitti.fi\/showroom\/tuote\/varikasetit\/","og_site_name":"NettiSeitti","article_modified_time":"2024-07-16T12:39:25+00:00","og_image":[{"width":683,"height":550,"url":"https:\/\/nettiseitti.fi\/showroom\/wp-content\/uploads\/2024\/03\/varikasetit_hp.jpg","type":"image\/jpeg"}],"twitter_card":"summary_large_image","twitter_misc":{"Arvioitu lukuaika":"1 minuutti"},"schema":{"@context":"https:\/\/schema.org","@graph":[{"@type":"WebPage","@id":"https:\/\/nettiseitti.fi\/showroom\/tuote\/varikasetit\/","url":"https:\/\/nettiseitti.fi\/showroom\/tuote\/varikasetit\/","name":"V\u00e4rikasetit, v\u00e4rikasetti, LaserJet, Canon, Xerox, Brother, Samsung - Sein\u00e4joki, Sastamala, Tampere, Vaasa, Pori - NettiSeitti","isPartOf":{"@id":"https:\/\/nettiseitti.fi\/showroom\/#website"},"primaryImageOfPage":{"@id":"https:\/\/nettiseitti.fi\/showroom\/tuote\/varikasetit\/#primaryimage"},"image":{"@id":"https:\/\/nettiseitti.fi\/showroom\/tuote\/varikasetit\/#primaryimage"},"thumbnailUrl":"https:\/\/nettiseitti.fi\/showroom\/wp-content\/uploads\/2024\/03\/varikasetit_hp.jpg","datePublished":"2024-03-14T10:46:41+00:00","dateModified":"2024-07-16T12:39:25+00:00","description":"Alkuper\u00e4iset ja tarvikev\u00e4rikasetit tulostimille. V\u00e4rikasetti, Pirkanmaa, Satakunta, Etel\u00e4-Pohjanmaa, Pohjanmaa, Sein\u00e4joki, Sastamala, Tampere, Vaasa, Pori.","breadcrumb":{"@id":"https:\/\/nettiseitti.fi\/showroom\/tuote\/varikasetit\/#breadcrumb"},"inLanguage":"fi","potentialAction":[{"@type":"ReadAction","target":["https:\/\/nettiseitti.fi\/showroom\/tuote\/varikasetit\/"]}]},{"@type":"ImageObject","inLanguage":"fi","@id":"https:\/\/nettiseitti.fi\/showroom\/tuote\/varikasetit\/#primaryimage","url":"https:\/\/nettiseitti.fi\/showroom\/wp-content\/uploads\/2024\/03\/varikasetit_hp.jpg","contentUrl":"https:\/\/nettiseitti.fi\/showroom\/wp-content\/uploads\/2024\/03\/varikasetit_hp.jpg","width":683,"height":550},{"@type":"BreadcrumbList","@id":"https:\/\/nettiseitti.fi\/showroom\/tuote\/varikasetit\/#breadcrumb","itemListElement":[{"@type":"ListItem","position":1,"name":"Etusivu","item":"https:\/\/nettiseitti.fi\/showroom\/"},{"@type":"ListItem","position":2,"name":"Tuotteet","item":"https:\/\/nettiseitti.fi\/showroom\/tuotteet\/"},{"@type":"ListItem","position":3,"name":"V\u00e4rikasetit"}]},{"@type":"WebSite","@id":"https:\/\/nettiseitti.fi\/showroom\/#website","url":"https:\/\/nettiseitti.fi\/showroom\/","name":"NettiSeitti","description":"","publisher":{"@id":"https:\/\/nettiseitti.fi\/showroom\/#organization"},"potentialAction":[{"@type":"SearchAction","target":{"@type":"EntryPoint","urlTemplate":"https:\/\/nettiseitti.fi\/showroom\/?s={search_term_string}"},"query-input":{"@type":"PropertyValueSpecification","valueRequired":true,"valueName":"search_term_string"}}],"inLanguage":"fi"},{"@type":"Organization","@id":"https:\/\/nettiseitti.fi\/showroom\/#organization","name":"NettiSeitti","url":"https:\/\/nettiseitti.fi\/showroom\/","logo":{"@type":"ImageObject","inLanguage":"fi","@id":"https:\/\/nettiseitti.fi\/showroom\/#\/schema\/logo\/image\/","url":"https:\/\/nettiseitti.fi\/showroom\/wp-content\/uploads\/2024\/03\/nettiseitti_lapinakyva_tausta.png","contentUrl":"https:\/\/nettiseitti.fi\/showroom\/wp-content\/uploads\/2024\/03\/nettiseitti_lapinakyva_tausta.png","width":2176,"height":741,"caption":"NettiSeitti"},"image":{"@id":"https:\/\/nettiseitti.fi\/showroom\/#\/schema\/logo\/image\/"}}]}},"_links":{"self":[{"href":"https:\/\/nettiseitti.fi\/showroom\/wp-json\/wp\/v2\/product\/12403","targetHints":{"allow":["GET"]}}],"collection":[{"href":"https:\/\/nettiseitti.fi\/showroom\/wp-json\/wp\/v2\/product"}],"about":[{"href":"https:\/\/nettiseitti.fi\/showroom\/wp-json\/wp\/v2\/types\/product"}],"wp:featuredmedia":[{"embeddable":true,"href":"https:\/\/nettiseitti.fi\/showroom\/wp-json\/wp\/v2\/media\/12408"}],"wp:attachment":[{"href":"https:\/\/nettiseitti.fi\/showroom\/wp-json\/wp\/v2\/media?parent=12403"}],"wp:term":[{"taxonomy":"product_brand","embeddable":true,"href":"https:\/\/nettiseitti.fi\/showroom\/wp-json\/wp\/v2\/product_brand?post=12403"},{"taxonomy":"product_cat","embeddable":true,"href":"https:\/\/nettiseitti.fi\/showroom\/wp-json\/wp\/v2\/product_cat?post=12403"},{"taxonomy":"product_tag","embeddable":true,"href":"https:\/\/nettiseitti.fi\/showroom\/wp-json\/wp\/v2\/product_tag?post=12403"}],"curies":[{"name":"wp","href":"https:\/\/api.w.org\/{rel}","templated":true}]}}