{"id":12515,"date":"2024-03-14T19:07:54","date_gmt":"2024-03-14T17:07:54","guid":{"rendered":"https:\/\/nettiseitti.fi\/showroom\/?post_type=product&#038;p=12515"},"modified":"2024-12-08T14:56:21","modified_gmt":"2024-12-08T12:56:21","slug":"lampokuvaus-ilmalampokuvaus","status":"publish","type":"product","link":"https:\/\/nettiseitti.fi\/showroom\/tuote\/lampokuvaus-ilmalampokuvaus\/","title":{"rendered":"L\u00e4mp\u00f6kuvaus \/ ilmal\u00e4mp\u00f6kuvaus"},"content":{"rendered":"<p>L\u00e4mp\u00f6kuvaus onnistuu ilmasta dronella ja perinteisemp\u00e4\u00e4n tapaan maassa.<\/p>\n<p>L\u00e4mp\u00f6kuvausta voidaan <span class=\"xr_tl Normal_text xr_s9\">hy\u00f6dynt\u00e4\u00e4 esim. aurinkopaneelien<\/span> <span class=\"xr_tl Normal_text xr_s9\">kuntokartoituksessa tai rakennuksen tarkastuksessa.<\/span><\/p>\n<ul>\n<li>L\u00e4mp\u00f6kuvauksella voidaan saada ilmi esim. mahdolliset ikkunoiden, ovien tai saumojen ilmavuodot.<br \/>\nMy\u00f6s kylm\u00e4sillat ja kosteusvauriot voidaan havaita l\u00e4mp\u00f6kameralla.<\/li>\n<li>L\u00e4mp\u00f6kameraa voidaan k\u00e4ytt\u00e4\u00e4 my\u00f6s lattial\u00e4mmityksen putkiston \/ kaapeleiden etsinn\u00e4ss\u00e4 ja kartoittamisessa.<\/li>\n<li>Ilmal\u00e4mp\u00f6pumpun puhaltaman ilman l\u00e4mm\u00f6n mittauksessa l\u00e4mp\u00f6kamera on hy\u00f6dyllinen, koska t\u00e4ll\u00f6in saadaan l\u00e4mp\u00f6tilatietojen rinnalle l\u00e4mp\u00f6kuva josta ilmenee ilmal\u00e4mp\u00f6pumpun koko leveydelt\u00e4 antama ilman l\u00e4mp\u00f6tila.<br \/>\nIlmal\u00e4mp\u00f6pumpun puhaltaman ilman l\u00e4mp\u00f6tilasta voidaan kartoittaa, onko ilmal\u00e4mp\u00f6pumpun sis\u00e4ll\u00e4 riitt\u00e4v\u00e4sti kylm\u00e4ainetta ja voidaan saada ilmi mahdolliset kylm\u00e4ainevuodot.<\/li>\n<li>Radiometrinen l\u00e4mp\u00f6kameramme antaa l\u00e4mp\u00f6tilatiedot kaikista kuvassa n\u00e4kyvist\u00e4 kohdista.<\/li>\n<li>L\u00e4mp\u00f6kuvauksen ty\u00f6n osuus saattaa tietyin edellytyksin oikeuttaa kotitalousv\u00e4hennykseen, jos l\u00e4mp\u00f6kuvaus on tehty remonttia, kunnossapito- tai perusparannusty\u00f6t\u00e4 edelt\u00e4v\u00e4n\u00e4 kartoituksena. Ennakkoperint\u00e4rekisterin voi tarkistaa YTJ:st\u00e4 (Micmedi Oy)<\/li>\n<\/ul>\n<p>&nbsp;<\/p>\n<p>Aurinkovoimalan kuntokartoitukset:<\/p>\n<ul>\n<li>Aurinkovoimalan kuntokartoituksessa etsit\u00e4\u00e4n mahdollisia ylikuumenneita tai oikosulussa olevia aurinkopaneeleja ja paneelien kennoja.<\/li>\n<li>Aurinkopaneelij\u00e4rjestelm\u00e4t ovat yleens\u00e4 kytketty sarjaan, jolloin yhden paneelin vaurio aiheuttaa koko j\u00e4rjestelm\u00e4n tehon laskun.<\/li>\n<li>Ilmal\u00e4mp\u00f6kuvaus mahdollistaa my\u00f6s muita k\u00e4ytt\u00f6kohteita, ota yhteytt\u00e4 niin kartoitamme teille sopivimman kuvauspaketin !<\/li>\n<\/ul>\n<p>Tutustu l\u00e4mp\u00f6kuvaukseen lis\u00e4\u00e4 sivuillamme: https:\/\/www.micmedi.fi\/nettiseitti\/lampokuvaus.htm<\/p>\n<p>Teemme l\u00e4mp\u00f6kuvauksia p\u00e4\u00e4osin L\u00e4nsi- ja Etel\u00e4-Suomen alueella Sein\u00e4joen, Sastamalan, Pirkanmaan, Satakunnan, Etel\u00e4-Pohjanmaan ja Pohjanmaan alueilla.<br \/>\nSopimuksen mukaan my\u00f6s muilla alueilla.<\/p>\n<p>&nbsp;<\/p>\n<ul>\n<li><span class=\"xr_tc Normal_text xr_s21\"><span class=\"Normal_text xr_s20\">L\u00e4mp\u00f6kuvaus &#8211; Alk. 80 \u20ac<\/span><\/span><\/li>\n<li><span class=\"xr_tc Normal_text xr_s20\">Ilmal\u00e4mp\u00f6kuvaus dronella &#8211; Alk. 250 \u20ac<\/span><\/li>\n<li>Hinnat sis. alv 25,5%<\/li>\n<li><span class=\"xr_tc Normal_text xr_s20\"><span class=\"Normal_text xr_s20\">Kysy tarjous<\/span> niin kartoitamme juuri sinulle sopivimman l\u00e4mp\u00f6kuvauspaketin !<\/span><\/li>\n<\/ul>\n<p>L\u00e4mp\u00f6kuvauksen hinnat riippuvat paljolti kuvattavan alueen koosta, kokonaisuudesta, kohteen sijainnista sek\u00e4 ty\u00f6n m\u00e4\u00e4r\u00e4st\u00e4, joten teemme kaikista l\u00e4mp\u00f6kuvauksista yksil\u00f6idyn tarjouksen.<\/p>\n<p>Ota yhteytt\u00e4:<br \/>\nPuh. <a href=\"tel:0401523801\">040 1523801<\/a><br \/>\nS\u00e4hk\u00f6posti: kuvaus [at] nettiseitti.fi<\/p>\n<p><img decoding=\"async\" class=\"alignnone wp-image-12204\" src=\"https:\/\/nettiseitti.fi\/showroom\/wp-content\/uploads\/2024\/03\/ilmakuvaajat-300x83.png\" alt=\"\" width=\"202\" height=\"56\" srcset=\"https:\/\/nettiseitti.fi\/showroom\/wp-content\/uploads\/2024\/03\/ilmakuvaajat-300x83.png 300w, https:\/\/nettiseitti.fi\/showroom\/wp-content\/uploads\/2024\/03\/ilmakuvaajat.png 400w\" sizes=\"(max-width: 202px) 100vw, 202px\" \/><\/p>\n<p><img decoding=\"async\" class=\"alignnone wp-image-12205\" src=\"https:\/\/nettiseitti.fi\/showroom\/wp-content\/uploads\/2024\/03\/valokuvaajat-300x93.png\" alt=\"\" width=\"206\" height=\"64\" srcset=\"https:\/\/nettiseitti.fi\/showroom\/wp-content\/uploads\/2024\/03\/valokuvaajat-300x93.png 300w, https:\/\/nettiseitti.fi\/showroom\/wp-content\/uploads\/2024\/03\/valokuvaajat.png 331w\" sizes=\"(max-width: 206px) 100vw, 206px\" \/><\/p>\n","protected":false},"excerpt":{"rendered":"<p><span class=\"xr_tl Normal_text xr_s9\">L\u00e4mp\u00f6kuvauksella on monia k\u00e4ytt\u00f6kohteita, ota yhteytt\u00e4 !<br \/>\n<\/span><\/p>\n","protected":false},"featured_media":12516,"template":"","meta":{"neve_meta_sidebar":"","neve_meta_container":"","neve_meta_enable_content_width":"off","neve_meta_content_width":100,"neve_meta_title_alignment":"","neve_meta_author_avatar":"","neve_post_elements_order":"","neve_meta_disable_header":"","neve_meta_disable_footer":"","neve_meta_disable_title":""},"product_brand":[],"product_cat":[63],"product_tag":[450,451,173,100,107,459,106,457,175,168,178,327,446,448,449,453,447,94,174,177,172,108,105,179,455,445,176,456,98,101,104,454,96,99,97,103,102,458,452],"class_list":{"0":"post-12515","1":"product","2":"type-product","3":"status-publish","4":"has-post-thumbnail","6":"product_cat-palvelut","7":"product_tag-ahtari","8":"product_tag-alavus","9":"product_tag-aurinkovoimala","10":"product_tag-etela-pohjanmaa","11":"product_tag-etela-suomi","12":"product_tag-hameenlinna","13":"product_tag-huittinen","14":"product_tag-ikaalinen","15":"product_tag-ikkunat","16":"product_tag-ilmakuvaus","17":"product_tag-ilmalampopumppu","18":"product_tag-jalasjarvi","19":"product_tag-kankaanpaa","20":"product_tag-karvia","21":"product_tag-kauhajoki","22":"product_tag-kauhava","23":"product_tag-kihnio","24":"product_tag-kotitalousvahennys","25":"product_tag-kuntokartoitus","26":"product_tag-kylmasilta","27":"product_tag-lampokuvaus","28":"product_tag-lansi-suomi","29":"product_tag-lapua","30":"product_tag-lattialammitys","31":"product_tag-lempaala","32":"product_tag-nokia","33":"product_tag-ovi","34":"product_tag-parkano","35":"product_tag-pirkanmaa","36":"product_tag-pohjanmaa","37":"product_tag-pori","38":"product_tag-rauma","39":"product_tag-sastamala","40":"product_tag-satakunta","41":"product_tag-seinajoki","42":"product_tag-tampere","43":"product_tag-vaasa","44":"product_tag-virrat","45":"product_tag-ylojarvi","47":"first","48":"instock","49":"shipping-taxable","50":"purchasable","51":"product-type-simple"},"yoast_head":"<!-- This site is optimized with the Yoast SEO plugin v27.4 - https:\/\/yoast.com\/product\/yoast-seo-wordpress\/ -->\n<title>L\u00e4mp\u00f6kuvaus \/ ilmal\u00e4mp\u00f6kuvaus - Etel\u00e4- ja L\u00e4nsi-Suomi, Tampere - NettiSeitti<\/title>\n<meta name=\"description\" content=\"L\u00e4mp\u00f6kuvauksella on monia k\u00e4ytt\u00f6kohteita, ota yhteytt\u00e4 ! Pirkanmaa, Satakunta, Etel\u00e4-Pohjanmaa, Pohjanmaa, Sein\u00e4joki, Sastamala, Tampere, Vaasa, Pori.\" \/>\n<meta name=\"robots\" content=\"index, follow, max-snippet:-1, max-image-preview:large, max-video-preview:-1\" \/>\n<link rel=\"canonical\" href=\"https:\/\/nettiseitti.fi\/showroom\/tuote\/lampokuvaus-ilmalampokuvaus\/\" \/>\n<meta property=\"og:locale\" content=\"fi_FI\" \/>\n<meta property=\"og:type\" content=\"article\" \/>\n<meta property=\"og:title\" content=\"L\u00e4mp\u00f6kuvaus \/ ilmal\u00e4mp\u00f6kuvaus - Etel\u00e4- ja L\u00e4nsi-Suomi, Tampere - NettiSeitti\" \/>\n<meta property=\"og:description\" content=\"L\u00e4mp\u00f6kuvauksella on monia k\u00e4ytt\u00f6kohteita, ota yhteytt\u00e4 ! Pirkanmaa, Satakunta, Etel\u00e4-Pohjanmaa, Pohjanmaa, Sein\u00e4joki, Sastamala, Tampere, Vaasa, Pori.\" \/>\n<meta property=\"og:url\" content=\"https:\/\/nettiseitti.fi\/showroom\/tuote\/lampokuvaus-ilmalampokuvaus\/\" \/>\n<meta property=\"og:site_name\" content=\"NettiSeitti\" \/>\n<meta property=\"article:modified_time\" content=\"2024-12-08T12:56:21+00:00\" \/>\n<meta property=\"og:image\" content=\"https:\/\/nettiseitti.fi\/showroom\/wp-content\/uploads\/2024\/03\/ovi_lampokuvaus_tiiviste_rajaus_iso_960.jpg\" \/>\n\t<meta property=\"og:image:width\" content=\"1278\" \/>\n\t<meta property=\"og:image:height\" content=\"960\" \/>\n\t<meta property=\"og:image:type\" content=\"image\/jpeg\" \/>\n<meta name=\"twitter:card\" content=\"summary_large_image\" \/>\n<meta name=\"twitter:label1\" content=\"Arvioitu lukuaika\" \/>\n\t<meta name=\"twitter:data1\" content=\"3 minuuttia\" \/>\n<script type=\"application\/ld+json\" class=\"yoast-schema-graph\">{\"@context\":\"https:\\\/\\\/schema.org\",\"@graph\":[{\"@type\":\"WebPage\",\"@id\":\"https:\\\/\\\/nettiseitti.fi\\\/showroom\\\/tuote\\\/lampokuvaus-ilmalampokuvaus\\\/\",\"url\":\"https:\\\/\\\/nettiseitti.fi\\\/showroom\\\/tuote\\\/lampokuvaus-ilmalampokuvaus\\\/\",\"name\":\"L\u00e4mp\u00f6kuvaus \\\/ ilmal\u00e4mp\u00f6kuvaus - Etel\u00e4- ja L\u00e4nsi-Suomi, Tampere - NettiSeitti\",\"isPartOf\":{\"@id\":\"https:\\\/\\\/nettiseitti.fi\\\/showroom\\\/#website\"},\"primaryImageOfPage\":{\"@id\":\"https:\\\/\\\/nettiseitti.fi\\\/showroom\\\/tuote\\\/lampokuvaus-ilmalampokuvaus\\\/#primaryimage\"},\"image\":{\"@id\":\"https:\\\/\\\/nettiseitti.fi\\\/showroom\\\/tuote\\\/lampokuvaus-ilmalampokuvaus\\\/#primaryimage\"},\"thumbnailUrl\":\"https:\\\/\\\/nettiseitti.fi\\\/showroom\\\/wp-content\\\/uploads\\\/2024\\\/03\\\/ovi_lampokuvaus_tiiviste_rajaus_iso_960.jpg\",\"datePublished\":\"2024-03-14T17:07:54+00:00\",\"dateModified\":\"2024-12-08T12:56:21+00:00\",\"description\":\"L\u00e4mp\u00f6kuvauksella on monia k\u00e4ytt\u00f6kohteita, ota yhteytt\u00e4 ! Pirkanmaa, Satakunta, Etel\u00e4-Pohjanmaa, Pohjanmaa, Sein\u00e4joki, Sastamala, Tampere, Vaasa, Pori.\",\"breadcrumb\":{\"@id\":\"https:\\\/\\\/nettiseitti.fi\\\/showroom\\\/tuote\\\/lampokuvaus-ilmalampokuvaus\\\/#breadcrumb\"},\"inLanguage\":\"fi\",\"potentialAction\":[{\"@type\":\"ReadAction\",\"target\":[\"https:\\\/\\\/nettiseitti.fi\\\/showroom\\\/tuote\\\/lampokuvaus-ilmalampokuvaus\\\/\"]}]},{\"@type\":\"ImageObject\",\"inLanguage\":\"fi\",\"@id\":\"https:\\\/\\\/nettiseitti.fi\\\/showroom\\\/tuote\\\/lampokuvaus-ilmalampokuvaus\\\/#primaryimage\",\"url\":\"https:\\\/\\\/nettiseitti.fi\\\/showroom\\\/wp-content\\\/uploads\\\/2024\\\/03\\\/ovi_lampokuvaus_tiiviste_rajaus_iso_960.jpg\",\"contentUrl\":\"https:\\\/\\\/nettiseitti.fi\\\/showroom\\\/wp-content\\\/uploads\\\/2024\\\/03\\\/ovi_lampokuvaus_tiiviste_rajaus_iso_960.jpg\",\"width\":1278,\"height\":960},{\"@type\":\"BreadcrumbList\",\"@id\":\"https:\\\/\\\/nettiseitti.fi\\\/showroom\\\/tuote\\\/lampokuvaus-ilmalampokuvaus\\\/#breadcrumb\",\"itemListElement\":[{\"@type\":\"ListItem\",\"position\":1,\"name\":\"Etusivu\",\"item\":\"https:\\\/\\\/nettiseitti.fi\\\/showroom\\\/\"},{\"@type\":\"ListItem\",\"position\":2,\"name\":\"Tuotteet\",\"item\":\"https:\\\/\\\/nettiseitti.fi\\\/showroom\\\/tuotteet\\\/\"},{\"@type\":\"ListItem\",\"position\":3,\"name\":\"L\u00e4mp\u00f6kuvaus \\\/ ilmal\u00e4mp\u00f6kuvaus\"}]},{\"@type\":\"WebSite\",\"@id\":\"https:\\\/\\\/nettiseitti.fi\\\/showroom\\\/#website\",\"url\":\"https:\\\/\\\/nettiseitti.fi\\\/showroom\\\/\",\"name\":\"NettiSeitti\",\"description\":\"\",\"publisher\":{\"@id\":\"https:\\\/\\\/nettiseitti.fi\\\/showroom\\\/#organization\"},\"potentialAction\":[{\"@type\":\"SearchAction\",\"target\":{\"@type\":\"EntryPoint\",\"urlTemplate\":\"https:\\\/\\\/nettiseitti.fi\\\/showroom\\\/?s={search_term_string}\"},\"query-input\":{\"@type\":\"PropertyValueSpecification\",\"valueRequired\":true,\"valueName\":\"search_term_string\"}}],\"inLanguage\":\"fi\"},{\"@type\":\"Organization\",\"@id\":\"https:\\\/\\\/nettiseitti.fi\\\/showroom\\\/#organization\",\"name\":\"NettiSeitti\",\"url\":\"https:\\\/\\\/nettiseitti.fi\\\/showroom\\\/\",\"logo\":{\"@type\":\"ImageObject\",\"inLanguage\":\"fi\",\"@id\":\"https:\\\/\\\/nettiseitti.fi\\\/showroom\\\/#\\\/schema\\\/logo\\\/image\\\/\",\"url\":\"https:\\\/\\\/nettiseitti.fi\\\/showroom\\\/wp-content\\\/uploads\\\/2024\\\/03\\\/nettiseitti_lapinakyva_tausta.png\",\"contentUrl\":\"https:\\\/\\\/nettiseitti.fi\\\/showroom\\\/wp-content\\\/uploads\\\/2024\\\/03\\\/nettiseitti_lapinakyva_tausta.png\",\"width\":2176,\"height\":741,\"caption\":\"NettiSeitti\"},\"image\":{\"@id\":\"https:\\\/\\\/nettiseitti.fi\\\/showroom\\\/#\\\/schema\\\/logo\\\/image\\\/\"}}]}<\/script>\n<!-- \/ Yoast SEO plugin. -->","yoast_head_json":{"title":"L\u00e4mp\u00f6kuvaus \/ ilmal\u00e4mp\u00f6kuvaus - Etel\u00e4- ja L\u00e4nsi-Suomi, Tampere - NettiSeitti","description":"L\u00e4mp\u00f6kuvauksella on monia k\u00e4ytt\u00f6kohteita, ota yhteytt\u00e4 ! Pirkanmaa, Satakunta, Etel\u00e4-Pohjanmaa, Pohjanmaa, Sein\u00e4joki, Sastamala, Tampere, Vaasa, Pori.","robots":{"index":"index","follow":"follow","max-snippet":"max-snippet:-1","max-image-preview":"max-image-preview:large","max-video-preview":"max-video-preview:-1"},"canonical":"https:\/\/nettiseitti.fi\/showroom\/tuote\/lampokuvaus-ilmalampokuvaus\/","og_locale":"fi_FI","og_type":"article","og_title":"L\u00e4mp\u00f6kuvaus \/ ilmal\u00e4mp\u00f6kuvaus - Etel\u00e4- ja L\u00e4nsi-Suomi, Tampere - NettiSeitti","og_description":"L\u00e4mp\u00f6kuvauksella on monia k\u00e4ytt\u00f6kohteita, ota yhteytt\u00e4 ! Pirkanmaa, Satakunta, Etel\u00e4-Pohjanmaa, Pohjanmaa, Sein\u00e4joki, Sastamala, Tampere, Vaasa, Pori.","og_url":"https:\/\/nettiseitti.fi\/showroom\/tuote\/lampokuvaus-ilmalampokuvaus\/","og_site_name":"NettiSeitti","article_modified_time":"2024-12-08T12:56:21+00:00","og_image":[{"width":1278,"height":960,"url":"https:\/\/nettiseitti.fi\/showroom\/wp-content\/uploads\/2024\/03\/ovi_lampokuvaus_tiiviste_rajaus_iso_960.jpg","type":"image\/jpeg"}],"twitter_card":"summary_large_image","twitter_misc":{"Arvioitu lukuaika":"3 minuuttia"},"schema":{"@context":"https:\/\/schema.org","@graph":[{"@type":"WebPage","@id":"https:\/\/nettiseitti.fi\/showroom\/tuote\/lampokuvaus-ilmalampokuvaus\/","url":"https:\/\/nettiseitti.fi\/showroom\/tuote\/lampokuvaus-ilmalampokuvaus\/","name":"L\u00e4mp\u00f6kuvaus \/ ilmal\u00e4mp\u00f6kuvaus - Etel\u00e4- ja L\u00e4nsi-Suomi, Tampere - NettiSeitti","isPartOf":{"@id":"https:\/\/nettiseitti.fi\/showroom\/#website"},"primaryImageOfPage":{"@id":"https:\/\/nettiseitti.fi\/showroom\/tuote\/lampokuvaus-ilmalampokuvaus\/#primaryimage"},"image":{"@id":"https:\/\/nettiseitti.fi\/showroom\/tuote\/lampokuvaus-ilmalampokuvaus\/#primaryimage"},"thumbnailUrl":"https:\/\/nettiseitti.fi\/showroom\/wp-content\/uploads\/2024\/03\/ovi_lampokuvaus_tiiviste_rajaus_iso_960.jpg","datePublished":"2024-03-14T17:07:54+00:00","dateModified":"2024-12-08T12:56:21+00:00","description":"L\u00e4mp\u00f6kuvauksella on monia k\u00e4ytt\u00f6kohteita, ota yhteytt\u00e4 ! Pirkanmaa, Satakunta, Etel\u00e4-Pohjanmaa, Pohjanmaa, Sein\u00e4joki, Sastamala, Tampere, Vaasa, Pori.","breadcrumb":{"@id":"https:\/\/nettiseitti.fi\/showroom\/tuote\/lampokuvaus-ilmalampokuvaus\/#breadcrumb"},"inLanguage":"fi","potentialAction":[{"@type":"ReadAction","target":["https:\/\/nettiseitti.fi\/showroom\/tuote\/lampokuvaus-ilmalampokuvaus\/"]}]},{"@type":"ImageObject","inLanguage":"fi","@id":"https:\/\/nettiseitti.fi\/showroom\/tuote\/lampokuvaus-ilmalampokuvaus\/#primaryimage","url":"https:\/\/nettiseitti.fi\/showroom\/wp-content\/uploads\/2024\/03\/ovi_lampokuvaus_tiiviste_rajaus_iso_960.jpg","contentUrl":"https:\/\/nettiseitti.fi\/showroom\/wp-content\/uploads\/2024\/03\/ovi_lampokuvaus_tiiviste_rajaus_iso_960.jpg","width":1278,"height":960},{"@type":"BreadcrumbList","@id":"https:\/\/nettiseitti.fi\/showroom\/tuote\/lampokuvaus-ilmalampokuvaus\/#breadcrumb","itemListElement":[{"@type":"ListItem","position":1,"name":"Etusivu","item":"https:\/\/nettiseitti.fi\/showroom\/"},{"@type":"ListItem","position":2,"name":"Tuotteet","item":"https:\/\/nettiseitti.fi\/showroom\/tuotteet\/"},{"@type":"ListItem","position":3,"name":"L\u00e4mp\u00f6kuvaus \/ ilmal\u00e4mp\u00f6kuvaus"}]},{"@type":"WebSite","@id":"https:\/\/nettiseitti.fi\/showroom\/#website","url":"https:\/\/nettiseitti.fi\/showroom\/","name":"NettiSeitti","description":"","publisher":{"@id":"https:\/\/nettiseitti.fi\/showroom\/#organization"},"potentialAction":[{"@type":"SearchAction","target":{"@type":"EntryPoint","urlTemplate":"https:\/\/nettiseitti.fi\/showroom\/?s={search_term_string}"},"query-input":{"@type":"PropertyValueSpecification","valueRequired":true,"valueName":"search_term_string"}}],"inLanguage":"fi"},{"@type":"Organization","@id":"https:\/\/nettiseitti.fi\/showroom\/#organization","name":"NettiSeitti","url":"https:\/\/nettiseitti.fi\/showroom\/","logo":{"@type":"ImageObject","inLanguage":"fi","@id":"https:\/\/nettiseitti.fi\/showroom\/#\/schema\/logo\/image\/","url":"https:\/\/nettiseitti.fi\/showroom\/wp-content\/uploads\/2024\/03\/nettiseitti_lapinakyva_tausta.png","contentUrl":"https:\/\/nettiseitti.fi\/showroom\/wp-content\/uploads\/2024\/03\/nettiseitti_lapinakyva_tausta.png","width":2176,"height":741,"caption":"NettiSeitti"},"image":{"@id":"https:\/\/nettiseitti.fi\/showroom\/#\/schema\/logo\/image\/"}}]}},"_links":{"self":[{"href":"https:\/\/nettiseitti.fi\/showroom\/wp-json\/wp\/v2\/product\/12515","targetHints":{"allow":["GET"]}}],"collection":[{"href":"https:\/\/nettiseitti.fi\/showroom\/wp-json\/wp\/v2\/product"}],"about":[{"href":"https:\/\/nettiseitti.fi\/showroom\/wp-json\/wp\/v2\/types\/product"}],"wp:featuredmedia":[{"embeddable":true,"href":"https:\/\/nettiseitti.fi\/showroom\/wp-json\/wp\/v2\/media\/12516"}],"wp:attachment":[{"href":"https:\/\/nettiseitti.fi\/showroom\/wp-json\/wp\/v2\/media?parent=12515"}],"wp:term":[{"taxonomy":"product_brand","embeddable":true,"href":"https:\/\/nettiseitti.fi\/showroom\/wp-json\/wp\/v2\/product_brand?post=12515"},{"taxonomy":"product_cat","embeddable":true,"href":"https:\/\/nettiseitti.fi\/showroom\/wp-json\/wp\/v2\/product_cat?post=12515"},{"taxonomy":"product_tag","embeddable":true,"href":"https:\/\/nettiseitti.fi\/showroom\/wp-json\/wp\/v2\/product_tag?post=12515"}],"curies":[{"name":"wp","href":"https:\/\/api.w.org\/{rel}","templated":true}]}}