{"id":12520,"date":"2024-03-14T19:28:51","date_gmt":"2024-03-14T17:28:51","guid":{"rendered":"https:\/\/nettiseitti.fi\/showroom\/?post_type=product&#038;p=12520"},"modified":"2024-12-08T14:55:31","modified_gmt":"2024-12-08T12:55:31","slug":"websivut-kotisivut","status":"publish","type":"product","link":"https:\/\/nettiseitti.fi\/showroom\/tuote\/websivut-kotisivut\/","title":{"rendered":"Websivut \/ kotisivut"},"content":{"rendered":"<p><span class=\"xr_tc Normal_text xr_s12\">Toteutamme responsiiviset websivustot koko Suomen alueella.<\/span><br \/>\nSuunnittelu toteutetaan yhdess\u00e4 asiakkaan kanssa, jotta saavutamme haluamanne tyylisen lopputuloksen.<\/p>\n<p>Kauttamme mm.<\/p>\n<ul>\n<li>Websivujen \/ kotisivujen suunnittelu ja toteutus<\/li>\n<li>Hakukoneoptimointi (SEO)<\/li>\n<li>Google Analytics -k\u00e4vij\u00e4seurannan asennus sivustolle<\/li>\n<li>Logosuunnittelu sopimuksen mukaan<\/li>\n<li>Webhotellin eli palvelintilan konfigurointi websivuston toteutuksen yhteydess\u00e4<\/li>\n<li>SSL ja TLS -sertifikaattien lis\u00e4\u00e4minen<\/li>\n<li>S\u00e4hk\u00f6postit, osoitteiden lis\u00e4\u00e4minen palvelimelle, s\u00e4hk\u00f6postien konfigurointi yms.<\/li>\n<\/ul>\n<p>Olemme suorittaneet Googlen sertifikaatin, joka kattaa mm. hakukonetoimintojen, k\u00e4vij\u00e4seurannan ja karttapalveluiden hy\u00f6dynt\u00e4misen sek\u00e4 sivustojen nykyaikaisen rakentamisen hallinnan.<\/p>\n<ul>\n<li style=\"list-style-type: none;\">\n<ul>\n<li>Mobiiliyhteensopiva yksisivuinen sivusto, sis. yhteydenottolomakkeen, hakukoneoptimoinnin ja Google Analytics -k\u00e4vij\u00e4seurannan &#8211; Alk. 390 \u20ac<\/li>\n<li>Mobiiliyhteensopiva 5-sivuinen sivusto, sis. yhteydenottolomakkeen, hakukoneoptimoinnin, Google Analytics -k\u00e4vij\u00e4seurannan, yrityksen tietojen p\u00e4ivitys Google Maps -palveluun &#8211; Alk. 750 \u20ac<\/li>\n<li>Lis\u00e4sivuja on mahdollista lis\u00e4t\u00e4 yll\u00e4 oleviin paketteihin. Ty\u00f6n m\u00e4\u00e4r\u00e4n noustessa pieni lis\u00e4ys hintaan.<\/li>\n<li>Esim. webhotellin ja s\u00e4hk\u00f6postien konfigurointi, materiaalien ty\u00f6st\u00e4minen, muu tekninen tuki tai konfigurointi yms. &#8211; Alk. 50 \u20ac \/ tunti riippuen ty\u00f6n vaativuudesta.<\/li>\n<li>Voit olla meihin yhteydess\u00e4 pienist\u00e4kin asioista. Pyrimme l\u00f6yt\u00e4m\u00e4\u00e4n ratkaisun mahdollisiin ongelmiin.<\/li>\n<li>Hinnat sis. alv 25,5%<\/li>\n<\/ul>\n<\/li>\n<\/ul>\n<p>Lopulliseen hintaan vaikuttavat mm. materiaalin ja ty\u00f6n m\u00e4\u00e4r\u00e4 sek\u00e4 kokonaisuus.<br \/>\nKysy tarjous niin kartoitamme juuri sinulle sopivimman paketin !<br \/>\nOta yhteytt\u00e4:<br \/>\nPuh. <a href=\"tel:0401523801\">040 1523801<\/a><br \/>\nS\u00e4hk\u00f6posti: myynti [at] nettiseitti.fi<\/p>\n<p><img decoding=\"async\" class=\"alignnone wp-image-12521\" src=\"https:\/\/nettiseitti.fi\/showroom\/wp-content\/uploads\/2024\/03\/google-1.png\" alt=\"\" width=\"175\" height=\"60\" \/><\/p>\n","protected":false},"excerpt":{"rendered":"<p>Websivujen suunnittelu ja toteutus sek\u00e4 hakukoneoptimointi.<\/p>\n","protected":false},"featured_media":12522,"template":"","meta":{"neve_meta_sidebar":"","neve_meta_container":"","neve_meta_enable_content_width":"off","neve_meta_content_width":100,"neve_meta_title_alignment":"","neve_meta_author_avatar":"","neve_post_elements_order":"","neve_meta_disable_header":"","neve_meta_disable_footer":"","neve_meta_disable_title":""},"product_brand":[],"product_cat":[63],"product_tag":[450,451,100,107,183,459,106,457,327,446,448,449,453,447,91,181,108,105,455,182,445,185,456,98,101,104,454,184,96,99,97,169,103,102,458,180,452],"class_list":{"0":"post-12520","1":"product","2":"type-product","3":"status-publish","4":"has-post-thumbnail","6":"product_cat-palvelut","7":"product_tag-ahtari","8":"product_tag-alavus","9":"product_tag-etela-pohjanmaa","10":"product_tag-etela-suomi","11":"product_tag-hakukoneoptimointi","12":"product_tag-hameenlinna","13":"product_tag-huittinen","14":"product_tag-ikaalinen","15":"product_tag-jalasjarvi","16":"product_tag-kankaanpaa","17":"product_tag-karvia","18":"product_tag-kauhajoki","19":"product_tag-kauhava","20":"product_tag-kihnio","21":"product_tag-konfigurointi","22":"product_tag-kotisivut","23":"product_tag-lansi-suomi","24":"product_tag-lapua","25":"product_tag-lempaala","26":"product_tag-nettisivut","27":"product_tag-nokia","28":"product_tag-palvelin","29":"product_tag-parkano","30":"product_tag-pirkanmaa","31":"product_tag-pohjanmaa","32":"product_tag-pori","33":"product_tag-rauma","34":"product_tag-sahkoposti","35":"product_tag-sastamala","36":"product_tag-satakunta","37":"product_tag-seinajoki","38":"product_tag-suunnittelu","39":"product_tag-tampere","40":"product_tag-vaasa","41":"product_tag-virrat","42":"product_tag-websivut","43":"product_tag-ylojarvi","45":"first","46":"instock","47":"shipping-taxable","48":"purchasable","49":"product-type-simple"},"yoast_head":"<!-- This site is optimized with the Yoast SEO plugin v27.4 - https:\/\/yoast.com\/product\/yoast-seo-wordpress\/ -->\n<title>Websivut \/ kotisivut - Koko Suomen alueelle, Tampere, Sein\u00e4joki - NettiSeitti<\/title>\n<meta name=\"description\" content=\"Websivujen suunnittelu ja toteutus sek\u00e4 hakukoneoptimointi. Pirkanmaa, Satakunta, Etel\u00e4-Pohjanmaa, Pohjanmaa, Sein\u00e4joki, Sastamala, Tampere, Vaasa, Pori.\" \/>\n<meta name=\"robots\" content=\"index, follow, max-snippet:-1, max-image-preview:large, max-video-preview:-1\" \/>\n<link rel=\"canonical\" href=\"https:\/\/nettiseitti.fi\/showroom\/tuote\/websivut-kotisivut\/\" \/>\n<meta property=\"og:locale\" content=\"fi_FI\" \/>\n<meta property=\"og:type\" content=\"article\" \/>\n<meta property=\"og:title\" content=\"Websivut \/ kotisivut - Koko Suomen alueelle, Tampere, Sein\u00e4joki - NettiSeitti\" \/>\n<meta property=\"og:description\" content=\"Websivujen suunnittelu ja toteutus sek\u00e4 hakukoneoptimointi. Pirkanmaa, Satakunta, Etel\u00e4-Pohjanmaa, Pohjanmaa, Sein\u00e4joki, Sastamala, Tampere, Vaasa, Pori.\" \/>\n<meta property=\"og:url\" content=\"https:\/\/nettiseitti.fi\/showroom\/tuote\/websivut-kotisivut\/\" \/>\n<meta property=\"og:site_name\" content=\"NettiSeitti\" \/>\n<meta property=\"article:modified_time\" content=\"2024-12-08T12:55:31+00:00\" \/>\n<meta property=\"og:image\" content=\"https:\/\/nettiseitti.fi\/showroom\/wp-content\/uploads\/2024\/03\/osoite.jpg\" \/>\n\t<meta property=\"og:image:width\" content=\"1920\" \/>\n\t<meta property=\"og:image:height\" content=\"950\" \/>\n\t<meta property=\"og:image:type\" content=\"image\/jpeg\" \/>\n<meta name=\"twitter:card\" content=\"summary_large_image\" \/>\n<meta name=\"twitter:label1\" content=\"Arvioitu lukuaika\" \/>\n\t<meta name=\"twitter:data1\" content=\"2 minuuttia\" \/>\n<script type=\"application\/ld+json\" class=\"yoast-schema-graph\">{\"@context\":\"https:\\\/\\\/schema.org\",\"@graph\":[{\"@type\":\"WebPage\",\"@id\":\"https:\\\/\\\/nettiseitti.fi\\\/showroom\\\/tuote\\\/websivut-kotisivut\\\/\",\"url\":\"https:\\\/\\\/nettiseitti.fi\\\/showroom\\\/tuote\\\/websivut-kotisivut\\\/\",\"name\":\"Websivut \\\/ kotisivut - Koko Suomen alueelle, Tampere, Sein\u00e4joki - NettiSeitti\",\"isPartOf\":{\"@id\":\"https:\\\/\\\/nettiseitti.fi\\\/showroom\\\/#website\"},\"primaryImageOfPage\":{\"@id\":\"https:\\\/\\\/nettiseitti.fi\\\/showroom\\\/tuote\\\/websivut-kotisivut\\\/#primaryimage\"},\"image\":{\"@id\":\"https:\\\/\\\/nettiseitti.fi\\\/showroom\\\/tuote\\\/websivut-kotisivut\\\/#primaryimage\"},\"thumbnailUrl\":\"https:\\\/\\\/nettiseitti.fi\\\/showroom\\\/wp-content\\\/uploads\\\/2024\\\/03\\\/osoite.jpg\",\"datePublished\":\"2024-03-14T17:28:51+00:00\",\"dateModified\":\"2024-12-08T12:55:31+00:00\",\"description\":\"Websivujen suunnittelu ja toteutus sek\u00e4 hakukoneoptimointi. Pirkanmaa, Satakunta, Etel\u00e4-Pohjanmaa, Pohjanmaa, Sein\u00e4joki, Sastamala, Tampere, Vaasa, Pori.\",\"breadcrumb\":{\"@id\":\"https:\\\/\\\/nettiseitti.fi\\\/showroom\\\/tuote\\\/websivut-kotisivut\\\/#breadcrumb\"},\"inLanguage\":\"fi\",\"potentialAction\":[{\"@type\":\"ReadAction\",\"target\":[\"https:\\\/\\\/nettiseitti.fi\\\/showroom\\\/tuote\\\/websivut-kotisivut\\\/\"]}]},{\"@type\":\"ImageObject\",\"inLanguage\":\"fi\",\"@id\":\"https:\\\/\\\/nettiseitti.fi\\\/showroom\\\/tuote\\\/websivut-kotisivut\\\/#primaryimage\",\"url\":\"https:\\\/\\\/nettiseitti.fi\\\/showroom\\\/wp-content\\\/uploads\\\/2024\\\/03\\\/osoite.jpg\",\"contentUrl\":\"https:\\\/\\\/nettiseitti.fi\\\/showroom\\\/wp-content\\\/uploads\\\/2024\\\/03\\\/osoite.jpg\",\"width\":1920,\"height\":950},{\"@type\":\"BreadcrumbList\",\"@id\":\"https:\\\/\\\/nettiseitti.fi\\\/showroom\\\/tuote\\\/websivut-kotisivut\\\/#breadcrumb\",\"itemListElement\":[{\"@type\":\"ListItem\",\"position\":1,\"name\":\"Etusivu\",\"item\":\"https:\\\/\\\/nettiseitti.fi\\\/showroom\\\/\"},{\"@type\":\"ListItem\",\"position\":2,\"name\":\"Tuotteet\",\"item\":\"https:\\\/\\\/nettiseitti.fi\\\/showroom\\\/tuotteet\\\/\"},{\"@type\":\"ListItem\",\"position\":3,\"name\":\"Websivut \\\/ kotisivut\"}]},{\"@type\":\"WebSite\",\"@id\":\"https:\\\/\\\/nettiseitti.fi\\\/showroom\\\/#website\",\"url\":\"https:\\\/\\\/nettiseitti.fi\\\/showroom\\\/\",\"name\":\"NettiSeitti\",\"description\":\"\",\"publisher\":{\"@id\":\"https:\\\/\\\/nettiseitti.fi\\\/showroom\\\/#organization\"},\"potentialAction\":[{\"@type\":\"SearchAction\",\"target\":{\"@type\":\"EntryPoint\",\"urlTemplate\":\"https:\\\/\\\/nettiseitti.fi\\\/showroom\\\/?s={search_term_string}\"},\"query-input\":{\"@type\":\"PropertyValueSpecification\",\"valueRequired\":true,\"valueName\":\"search_term_string\"}}],\"inLanguage\":\"fi\"},{\"@type\":\"Organization\",\"@id\":\"https:\\\/\\\/nettiseitti.fi\\\/showroom\\\/#organization\",\"name\":\"NettiSeitti\",\"url\":\"https:\\\/\\\/nettiseitti.fi\\\/showroom\\\/\",\"logo\":{\"@type\":\"ImageObject\",\"inLanguage\":\"fi\",\"@id\":\"https:\\\/\\\/nettiseitti.fi\\\/showroom\\\/#\\\/schema\\\/logo\\\/image\\\/\",\"url\":\"https:\\\/\\\/nettiseitti.fi\\\/showroom\\\/wp-content\\\/uploads\\\/2024\\\/03\\\/nettiseitti_lapinakyva_tausta.png\",\"contentUrl\":\"https:\\\/\\\/nettiseitti.fi\\\/showroom\\\/wp-content\\\/uploads\\\/2024\\\/03\\\/nettiseitti_lapinakyva_tausta.png\",\"width\":2176,\"height\":741,\"caption\":\"NettiSeitti\"},\"image\":{\"@id\":\"https:\\\/\\\/nettiseitti.fi\\\/showroom\\\/#\\\/schema\\\/logo\\\/image\\\/\"}}]}<\/script>\n<!-- \/ Yoast SEO plugin. -->","yoast_head_json":{"title":"Websivut \/ kotisivut - Koko Suomen alueelle, Tampere, Sein\u00e4joki - NettiSeitti","description":"Websivujen suunnittelu ja toteutus sek\u00e4 hakukoneoptimointi. Pirkanmaa, Satakunta, Etel\u00e4-Pohjanmaa, Pohjanmaa, Sein\u00e4joki, Sastamala, Tampere, Vaasa, Pori.","robots":{"index":"index","follow":"follow","max-snippet":"max-snippet:-1","max-image-preview":"max-image-preview:large","max-video-preview":"max-video-preview:-1"},"canonical":"https:\/\/nettiseitti.fi\/showroom\/tuote\/websivut-kotisivut\/","og_locale":"fi_FI","og_type":"article","og_title":"Websivut \/ kotisivut - Koko Suomen alueelle, Tampere, Sein\u00e4joki - NettiSeitti","og_description":"Websivujen suunnittelu ja toteutus sek\u00e4 hakukoneoptimointi. Pirkanmaa, Satakunta, Etel\u00e4-Pohjanmaa, Pohjanmaa, Sein\u00e4joki, Sastamala, Tampere, Vaasa, Pori.","og_url":"https:\/\/nettiseitti.fi\/showroom\/tuote\/websivut-kotisivut\/","og_site_name":"NettiSeitti","article_modified_time":"2024-12-08T12:55:31+00:00","og_image":[{"width":1920,"height":950,"url":"https:\/\/nettiseitti.fi\/showroom\/wp-content\/uploads\/2024\/03\/osoite.jpg","type":"image\/jpeg"}],"twitter_card":"summary_large_image","twitter_misc":{"Arvioitu lukuaika":"2 minuuttia"},"schema":{"@context":"https:\/\/schema.org","@graph":[{"@type":"WebPage","@id":"https:\/\/nettiseitti.fi\/showroom\/tuote\/websivut-kotisivut\/","url":"https:\/\/nettiseitti.fi\/showroom\/tuote\/websivut-kotisivut\/","name":"Websivut \/ kotisivut - Koko Suomen alueelle, Tampere, Sein\u00e4joki - NettiSeitti","isPartOf":{"@id":"https:\/\/nettiseitti.fi\/showroom\/#website"},"primaryImageOfPage":{"@id":"https:\/\/nettiseitti.fi\/showroom\/tuote\/websivut-kotisivut\/#primaryimage"},"image":{"@id":"https:\/\/nettiseitti.fi\/showroom\/tuote\/websivut-kotisivut\/#primaryimage"},"thumbnailUrl":"https:\/\/nettiseitti.fi\/showroom\/wp-content\/uploads\/2024\/03\/osoite.jpg","datePublished":"2024-03-14T17:28:51+00:00","dateModified":"2024-12-08T12:55:31+00:00","description":"Websivujen suunnittelu ja toteutus sek\u00e4 hakukoneoptimointi. Pirkanmaa, Satakunta, Etel\u00e4-Pohjanmaa, Pohjanmaa, Sein\u00e4joki, Sastamala, Tampere, Vaasa, Pori.","breadcrumb":{"@id":"https:\/\/nettiseitti.fi\/showroom\/tuote\/websivut-kotisivut\/#breadcrumb"},"inLanguage":"fi","potentialAction":[{"@type":"ReadAction","target":["https:\/\/nettiseitti.fi\/showroom\/tuote\/websivut-kotisivut\/"]}]},{"@type":"ImageObject","inLanguage":"fi","@id":"https:\/\/nettiseitti.fi\/showroom\/tuote\/websivut-kotisivut\/#primaryimage","url":"https:\/\/nettiseitti.fi\/showroom\/wp-content\/uploads\/2024\/03\/osoite.jpg","contentUrl":"https:\/\/nettiseitti.fi\/showroom\/wp-content\/uploads\/2024\/03\/osoite.jpg","width":1920,"height":950},{"@type":"BreadcrumbList","@id":"https:\/\/nettiseitti.fi\/showroom\/tuote\/websivut-kotisivut\/#breadcrumb","itemListElement":[{"@type":"ListItem","position":1,"name":"Etusivu","item":"https:\/\/nettiseitti.fi\/showroom\/"},{"@type":"ListItem","position":2,"name":"Tuotteet","item":"https:\/\/nettiseitti.fi\/showroom\/tuotteet\/"},{"@type":"ListItem","position":3,"name":"Websivut \/ kotisivut"}]},{"@type":"WebSite","@id":"https:\/\/nettiseitti.fi\/showroom\/#website","url":"https:\/\/nettiseitti.fi\/showroom\/","name":"NettiSeitti","description":"","publisher":{"@id":"https:\/\/nettiseitti.fi\/showroom\/#organization"},"potentialAction":[{"@type":"SearchAction","target":{"@type":"EntryPoint","urlTemplate":"https:\/\/nettiseitti.fi\/showroom\/?s={search_term_string}"},"query-input":{"@type":"PropertyValueSpecification","valueRequired":true,"valueName":"search_term_string"}}],"inLanguage":"fi"},{"@type":"Organization","@id":"https:\/\/nettiseitti.fi\/showroom\/#organization","name":"NettiSeitti","url":"https:\/\/nettiseitti.fi\/showroom\/","logo":{"@type":"ImageObject","inLanguage":"fi","@id":"https:\/\/nettiseitti.fi\/showroom\/#\/schema\/logo\/image\/","url":"https:\/\/nettiseitti.fi\/showroom\/wp-content\/uploads\/2024\/03\/nettiseitti_lapinakyva_tausta.png","contentUrl":"https:\/\/nettiseitti.fi\/showroom\/wp-content\/uploads\/2024\/03\/nettiseitti_lapinakyva_tausta.png","width":2176,"height":741,"caption":"NettiSeitti"},"image":{"@id":"https:\/\/nettiseitti.fi\/showroom\/#\/schema\/logo\/image\/"}}]}},"_links":{"self":[{"href":"https:\/\/nettiseitti.fi\/showroom\/wp-json\/wp\/v2\/product\/12520","targetHints":{"allow":["GET"]}}],"collection":[{"href":"https:\/\/nettiseitti.fi\/showroom\/wp-json\/wp\/v2\/product"}],"about":[{"href":"https:\/\/nettiseitti.fi\/showroom\/wp-json\/wp\/v2\/types\/product"}],"wp:featuredmedia":[{"embeddable":true,"href":"https:\/\/nettiseitti.fi\/showroom\/wp-json\/wp\/v2\/media\/12522"}],"wp:attachment":[{"href":"https:\/\/nettiseitti.fi\/showroom\/wp-json\/wp\/v2\/media?parent=12520"}],"wp:term":[{"taxonomy":"product_brand","embeddable":true,"href":"https:\/\/nettiseitti.fi\/showroom\/wp-json\/wp\/v2\/product_brand?post=12520"},{"taxonomy":"product_cat","embeddable":true,"href":"https:\/\/nettiseitti.fi\/showroom\/wp-json\/wp\/v2\/product_cat?post=12520"},{"taxonomy":"product_tag","embeddable":true,"href":"https:\/\/nettiseitti.fi\/showroom\/wp-json\/wp\/v2\/product_tag?post=12520"}],"curies":[{"name":"wp","href":"https:\/\/api.w.org\/{rel}","templated":true}]}}