{"id":12527,"date":"2024-03-14T20:02:43","date_gmt":"2024-03-14T18:02:43","guid":{"rendered":"https:\/\/nettiseitti.fi\/showroom\/?post_type=product&#038;p=12527"},"modified":"2024-12-08T14:53:43","modified_gmt":"2024-12-08T12:53:43","slug":"ilmakuvaus","status":"publish","type":"product","link":"https:\/\/nettiseitti.fi\/showroom\/tuote\/ilmakuvaus\/","title":{"rendered":"Ilmakuvaus"},"content":{"rendered":"<p>Ilmakuvat antavat kohteesta uuden kuvakulman.<\/p>\n<p>Ilmakuvaukset jopa 4K-laadulla p\u00e4\u00e4osin L\u00e4nsi- ja Etel\u00e4-Suomen alueella Sein\u00e4joen ja Sastamalan sek\u00e4 Etel\u00e4-Pohjanmaan, Pohjanmaan, Pirkanmaan ja Satakunnan alueilla.<br \/>\nMeill\u00e4 on vuosien kokemus droneilla ja pienoiskoptereilla lent\u00e4misest\u00e4 ja kuvaamisesta.<\/p>\n<p>Ilmakuvausta moniin erilaisiin tarkoituksiin mm.<\/p>\n<ul>\n<li>Kiinteist\u00f6kuvaukset<\/li>\n<li>Tarkastuslennot<\/li>\n<li>Ty\u00f6maakuvaukset<\/li>\n<li>Teollisuuskuvaukset<\/li>\n<li>360\u00ba panoraamailmakuvat<\/li>\n<li>L\u00e4mp\u00f6kuvaukset<\/li>\n<li>Ilmavideot<\/li>\n<li>3D-kartoitukset \/ 3D-mallinnus<\/li>\n<li>Teemme my\u00f6s muun tyyppisi\u00e4 kuvauslentoja, kysy tarjous!<\/li>\n<\/ul>\n<p>Tutustu ilmakuvaukseen lis\u00e4\u00e4 sivuillamme: <a href=\"https:\/\/www.nettiseitti.fi\/kuvaus\/\" target=\"_blank\" rel=\"noopener\">https:\/\/www.nettiseitti.fi\/kuvaus\/<\/a><br \/>\n<a href=\"https:\/\/www.nettiseitti.fi\/ilmakuvaus.htm\" target=\"_blank\" rel=\"noopener\">https:\/\/www.nettiseitti.fi\/ilmakuvaus.htm<\/a><\/p>\n<p>Katso aiemmin kuvaamiamme kohteita kuvakaupassamme: <a href=\"https:\/\/www.nettiseitti.fi\/kuvaus\/kuvakauppa.htm\" target=\"_blank\" rel=\"noopener\">https:\/\/www.nettiseitti.fi\/kuvaus\/kuvakauppa.htm<\/a><\/p>\n<ul>\n<li>5 ilmakuvaa &#8211; Alk. 125 \u20ac<\/li>\n<li>5 kuvaa + videokuvaus &#8211; Alk. 150 \u20ac<\/li>\n<li>360\u00b0-ilmakuvaus &#8211; Alk. 150 \u20ac<\/li>\n<li>Kuvataulut &#8211; Alk. 39 \u20ac<\/li>\n<li>Kuvajulisteet &#8211; Alk. 25 \u20ac<\/li>\n<li>L\u00e4mp\u00f6kuvaus &#8211; Alk. 250 \u20ac<\/li>\n<li>Lis\u00e4kuvat &#8211; n. 20 \u20ac \/ kpl<\/li>\n<li>Hinnat sis. alv 25,5%<\/li>\n<\/ul>\n<p>Lopullinen hinta riippuu kohteen sijainnista, laajuudesta ja vaativuudesta, joten teemme jokaisesta kohteesta erikseen tarjouksen.<\/p>\n<p>&nbsp;<\/p>\n<p>Ota yhteytt\u00e4 ja kysy tarjous:<br \/>\nPuh. <a href=\"tel:0401523801\">040 1523801<\/a><br \/>\nS\u00e4hk\u00f6posti: kuvaus [at] nettiseitti.fi<\/p>\n<p><img decoding=\"async\" class=\"alignnone wp-image-12204\" src=\"https:\/\/nettiseitti.fi\/showroom\/wp-content\/uploads\/2024\/03\/ilmakuvaajat-300x83.png\" alt=\"\" width=\"188\" height=\"52\" srcset=\"https:\/\/nettiseitti.fi\/showroom\/wp-content\/uploads\/2024\/03\/ilmakuvaajat-300x83.png 300w, https:\/\/nettiseitti.fi\/showroom\/wp-content\/uploads\/2024\/03\/ilmakuvaajat.png 400w\" sizes=\"(max-width: 188px) 100vw, 188px\" \/><\/p>\n<p><img decoding=\"async\" class=\"alignnone wp-image-12205\" src=\"https:\/\/nettiseitti.fi\/showroom\/wp-content\/uploads\/2024\/03\/valokuvaajat-300x93.png\" alt=\"\" width=\"210\" height=\"65\" srcset=\"https:\/\/nettiseitti.fi\/showroom\/wp-content\/uploads\/2024\/03\/valokuvaajat-300x93.png 300w, https:\/\/nettiseitti.fi\/showroom\/wp-content\/uploads\/2024\/03\/valokuvaajat.png 331w\" sizes=\"(max-width: 210px) 100vw, 210px\" \/><\/p>\n","protected":false},"excerpt":{"rendered":"<p>Ilmakuvaukset moniin k\u00e4ytt\u00f6tarkoituksiin vuosien kokemuksella.<\/p>\n","protected":false},"featured_media":12529,"template":"","meta":{"neve_meta_sidebar":"","neve_meta_container":"","neve_meta_enable_content_width":"off","neve_meta_content_width":100,"neve_meta_title_alignment":"","neve_meta_author_avatar":"","neve_post_elements_order":"","neve_meta_disable_header":"","neve_meta_disable_footer":"","neve_meta_disable_title":""},"product_brand":[],"product_cat":[63],"product_tag":[167,450,451,186,100,107,459,106,457,188,168,187,327,446,448,449,453,447,189,172,108,105,455,445,456,98,101,104,454,96,99,97,103,102,190,458,452],"class_list":{"0":"post-12527","1":"product","2":"type-product","3":"status-publish","4":"has-post-thumbnail","6":"product_cat-palvelut","7":"product_tag-360-kuvaus","8":"product_tag-ahtari","9":"product_tag-alavus","10":"product_tag-drone","11":"product_tag-etela-pohjanmaa","12":"product_tag-etela-suomi","13":"product_tag-hameenlinna","14":"product_tag-huittinen","15":"product_tag-ikaalinen","16":"product_tag-ilmakuva","17":"product_tag-ilmakuvaus","18":"product_tag-ilmavideo","19":"product_tag-jalasjarvi","20":"product_tag-kankaanpaa","21":"product_tag-karvia","22":"product_tag-kauhajoki","23":"product_tag-kauhava","24":"product_tag-kihnio","25":"product_tag-kuvataulu","26":"product_tag-lampokuvaus","27":"product_tag-lansi-suomi","28":"product_tag-lapua","29":"product_tag-lempaala","30":"product_tag-nokia","31":"product_tag-parkano","32":"product_tag-pirkanmaa","33":"product_tag-pohjanmaa","34":"product_tag-pori","35":"product_tag-rauma","36":"product_tag-sastamala","37":"product_tag-satakunta","38":"product_tag-seinajoki","39":"product_tag-tampere","40":"product_tag-vaasa","41":"product_tag-videokuvaus","42":"product_tag-virrat","43":"product_tag-ylojarvi","45":"first","46":"instock","47":"shipping-taxable","48":"purchasable","49":"product-type-simple"},"yoast_head":"<!-- This site is optimized with the Yoast SEO plugin v27.4 - https:\/\/yoast.com\/product\/yoast-seo-wordpress\/ -->\n<title>Ilmakuvaus - Etel\u00e4- ja L\u00e4nsi-Suomi, Sein\u00e4joki, Tampere, Pori, Vaasa - NettiSeitti<\/title>\n<meta name=\"description\" content=\"Ilmakuvaukset moniin k\u00e4ytt\u00f6tarkoituksiin vuosien kokemuksella. Pirkanmaa, Satakunta, Etel\u00e4-Pohjanmaa, Pohjanmaa, Sein\u00e4joki, Sastamala, Tampere, Vaasa, Pori.\" \/>\n<meta name=\"robots\" content=\"index, follow, max-snippet:-1, max-image-preview:large, max-video-preview:-1\" \/>\n<link rel=\"canonical\" href=\"https:\/\/nettiseitti.fi\/showroom\/tuote\/ilmakuvaus\/\" \/>\n<meta property=\"og:locale\" content=\"fi_FI\" \/>\n<meta property=\"og:type\" content=\"article\" \/>\n<meta property=\"og:title\" content=\"Ilmakuvaus - Etel\u00e4- ja L\u00e4nsi-Suomi, Sein\u00e4joki, Tampere, Pori, Vaasa - NettiSeitti\" \/>\n<meta property=\"og:description\" content=\"Ilmakuvaukset moniin k\u00e4ytt\u00f6tarkoituksiin vuosien kokemuksella. Pirkanmaa, Satakunta, Etel\u00e4-Pohjanmaa, Pohjanmaa, Sein\u00e4joki, Sastamala, Tampere, Vaasa, Pori.\" \/>\n<meta property=\"og:url\" content=\"https:\/\/nettiseitti.fi\/showroom\/tuote\/ilmakuvaus\/\" \/>\n<meta property=\"og:site_name\" content=\"NettiSeitti\" \/>\n<meta property=\"article:modified_time\" content=\"2024-12-08T12:53:43+00:00\" \/>\n<meta property=\"og:image\" content=\"https:\/\/nettiseitti.fi\/showroom\/wp-content\/uploads\/2024\/03\/8_2020-1-scaled.jpg\" \/>\n\t<meta property=\"og:image:width\" content=\"2560\" \/>\n\t<meta property=\"og:image:height\" content=\"1473\" \/>\n\t<meta property=\"og:image:type\" content=\"image\/jpeg\" \/>\n<meta name=\"twitter:card\" content=\"summary_large_image\" \/>\n<meta name=\"twitter:label1\" content=\"Arvioitu lukuaika\" \/>\n\t<meta name=\"twitter:data1\" content=\"2 minuuttia\" \/>\n<script type=\"application\/ld+json\" class=\"yoast-schema-graph\">{\"@context\":\"https:\\\/\\\/schema.org\",\"@graph\":[{\"@type\":\"WebPage\",\"@id\":\"https:\\\/\\\/nettiseitti.fi\\\/showroom\\\/tuote\\\/ilmakuvaus\\\/\",\"url\":\"https:\\\/\\\/nettiseitti.fi\\\/showroom\\\/tuote\\\/ilmakuvaus\\\/\",\"name\":\"Ilmakuvaus - Etel\u00e4- ja L\u00e4nsi-Suomi, Sein\u00e4joki, Tampere, Pori, Vaasa - NettiSeitti\",\"isPartOf\":{\"@id\":\"https:\\\/\\\/nettiseitti.fi\\\/showroom\\\/#website\"},\"primaryImageOfPage\":{\"@id\":\"https:\\\/\\\/nettiseitti.fi\\\/showroom\\\/tuote\\\/ilmakuvaus\\\/#primaryimage\"},\"image\":{\"@id\":\"https:\\\/\\\/nettiseitti.fi\\\/showroom\\\/tuote\\\/ilmakuvaus\\\/#primaryimage\"},\"thumbnailUrl\":\"https:\\\/\\\/nettiseitti.fi\\\/showroom\\\/wp-content\\\/uploads\\\/2024\\\/03\\\/8_2020-1-scaled.jpg\",\"datePublished\":\"2024-03-14T18:02:43+00:00\",\"dateModified\":\"2024-12-08T12:53:43+00:00\",\"description\":\"Ilmakuvaukset moniin k\u00e4ytt\u00f6tarkoituksiin vuosien kokemuksella. Pirkanmaa, Satakunta, Etel\u00e4-Pohjanmaa, Pohjanmaa, Sein\u00e4joki, Sastamala, Tampere, Vaasa, Pori.\",\"breadcrumb\":{\"@id\":\"https:\\\/\\\/nettiseitti.fi\\\/showroom\\\/tuote\\\/ilmakuvaus\\\/#breadcrumb\"},\"inLanguage\":\"fi\",\"potentialAction\":[{\"@type\":\"ReadAction\",\"target\":[\"https:\\\/\\\/nettiseitti.fi\\\/showroom\\\/tuote\\\/ilmakuvaus\\\/\"]}]},{\"@type\":\"ImageObject\",\"inLanguage\":\"fi\",\"@id\":\"https:\\\/\\\/nettiseitti.fi\\\/showroom\\\/tuote\\\/ilmakuvaus\\\/#primaryimage\",\"url\":\"https:\\\/\\\/nettiseitti.fi\\\/showroom\\\/wp-content\\\/uploads\\\/2024\\\/03\\\/8_2020-1-scaled.jpg\",\"contentUrl\":\"https:\\\/\\\/nettiseitti.fi\\\/showroom\\\/wp-content\\\/uploads\\\/2024\\\/03\\\/8_2020-1-scaled.jpg\",\"width\":2560,\"height\":1473},{\"@type\":\"BreadcrumbList\",\"@id\":\"https:\\\/\\\/nettiseitti.fi\\\/showroom\\\/tuote\\\/ilmakuvaus\\\/#breadcrumb\",\"itemListElement\":[{\"@type\":\"ListItem\",\"position\":1,\"name\":\"Etusivu\",\"item\":\"https:\\\/\\\/nettiseitti.fi\\\/showroom\\\/\"},{\"@type\":\"ListItem\",\"position\":2,\"name\":\"Tuotteet\",\"item\":\"https:\\\/\\\/nettiseitti.fi\\\/showroom\\\/tuotteet\\\/\"},{\"@type\":\"ListItem\",\"position\":3,\"name\":\"Ilmakuvaus\"}]},{\"@type\":\"WebSite\",\"@id\":\"https:\\\/\\\/nettiseitti.fi\\\/showroom\\\/#website\",\"url\":\"https:\\\/\\\/nettiseitti.fi\\\/showroom\\\/\",\"name\":\"NettiSeitti\",\"description\":\"\",\"publisher\":{\"@id\":\"https:\\\/\\\/nettiseitti.fi\\\/showroom\\\/#organization\"},\"potentialAction\":[{\"@type\":\"SearchAction\",\"target\":{\"@type\":\"EntryPoint\",\"urlTemplate\":\"https:\\\/\\\/nettiseitti.fi\\\/showroom\\\/?s={search_term_string}\"},\"query-input\":{\"@type\":\"PropertyValueSpecification\",\"valueRequired\":true,\"valueName\":\"search_term_string\"}}],\"inLanguage\":\"fi\"},{\"@type\":\"Organization\",\"@id\":\"https:\\\/\\\/nettiseitti.fi\\\/showroom\\\/#organization\",\"name\":\"NettiSeitti\",\"url\":\"https:\\\/\\\/nettiseitti.fi\\\/showroom\\\/\",\"logo\":{\"@type\":\"ImageObject\",\"inLanguage\":\"fi\",\"@id\":\"https:\\\/\\\/nettiseitti.fi\\\/showroom\\\/#\\\/schema\\\/logo\\\/image\\\/\",\"url\":\"https:\\\/\\\/nettiseitti.fi\\\/showroom\\\/wp-content\\\/uploads\\\/2024\\\/03\\\/nettiseitti_lapinakyva_tausta.png\",\"contentUrl\":\"https:\\\/\\\/nettiseitti.fi\\\/showroom\\\/wp-content\\\/uploads\\\/2024\\\/03\\\/nettiseitti_lapinakyva_tausta.png\",\"width\":2176,\"height\":741,\"caption\":\"NettiSeitti\"},\"image\":{\"@id\":\"https:\\\/\\\/nettiseitti.fi\\\/showroom\\\/#\\\/schema\\\/logo\\\/image\\\/\"}}]}<\/script>\n<!-- \/ Yoast SEO plugin. -->","yoast_head_json":{"title":"Ilmakuvaus - Etel\u00e4- ja L\u00e4nsi-Suomi, Sein\u00e4joki, Tampere, Pori, Vaasa - NettiSeitti","description":"Ilmakuvaukset moniin k\u00e4ytt\u00f6tarkoituksiin vuosien kokemuksella. Pirkanmaa, Satakunta, Etel\u00e4-Pohjanmaa, Pohjanmaa, Sein\u00e4joki, Sastamala, Tampere, Vaasa, Pori.","robots":{"index":"index","follow":"follow","max-snippet":"max-snippet:-1","max-image-preview":"max-image-preview:large","max-video-preview":"max-video-preview:-1"},"canonical":"https:\/\/nettiseitti.fi\/showroom\/tuote\/ilmakuvaus\/","og_locale":"fi_FI","og_type":"article","og_title":"Ilmakuvaus - Etel\u00e4- ja L\u00e4nsi-Suomi, Sein\u00e4joki, Tampere, Pori, Vaasa - NettiSeitti","og_description":"Ilmakuvaukset moniin k\u00e4ytt\u00f6tarkoituksiin vuosien kokemuksella. Pirkanmaa, Satakunta, Etel\u00e4-Pohjanmaa, Pohjanmaa, Sein\u00e4joki, Sastamala, Tampere, Vaasa, Pori.","og_url":"https:\/\/nettiseitti.fi\/showroom\/tuote\/ilmakuvaus\/","og_site_name":"NettiSeitti","article_modified_time":"2024-12-08T12:53:43+00:00","og_image":[{"width":2560,"height":1473,"url":"https:\/\/nettiseitti.fi\/showroom\/wp-content\/uploads\/2024\/03\/8_2020-1-scaled.jpg","type":"image\/jpeg"}],"twitter_card":"summary_large_image","twitter_misc":{"Arvioitu lukuaika":"2 minuuttia"},"schema":{"@context":"https:\/\/schema.org","@graph":[{"@type":"WebPage","@id":"https:\/\/nettiseitti.fi\/showroom\/tuote\/ilmakuvaus\/","url":"https:\/\/nettiseitti.fi\/showroom\/tuote\/ilmakuvaus\/","name":"Ilmakuvaus - Etel\u00e4- ja L\u00e4nsi-Suomi, Sein\u00e4joki, Tampere, Pori, Vaasa - NettiSeitti","isPartOf":{"@id":"https:\/\/nettiseitti.fi\/showroom\/#website"},"primaryImageOfPage":{"@id":"https:\/\/nettiseitti.fi\/showroom\/tuote\/ilmakuvaus\/#primaryimage"},"image":{"@id":"https:\/\/nettiseitti.fi\/showroom\/tuote\/ilmakuvaus\/#primaryimage"},"thumbnailUrl":"https:\/\/nettiseitti.fi\/showroom\/wp-content\/uploads\/2024\/03\/8_2020-1-scaled.jpg","datePublished":"2024-03-14T18:02:43+00:00","dateModified":"2024-12-08T12:53:43+00:00","description":"Ilmakuvaukset moniin k\u00e4ytt\u00f6tarkoituksiin vuosien kokemuksella. Pirkanmaa, Satakunta, Etel\u00e4-Pohjanmaa, Pohjanmaa, Sein\u00e4joki, Sastamala, Tampere, Vaasa, Pori.","breadcrumb":{"@id":"https:\/\/nettiseitti.fi\/showroom\/tuote\/ilmakuvaus\/#breadcrumb"},"inLanguage":"fi","potentialAction":[{"@type":"ReadAction","target":["https:\/\/nettiseitti.fi\/showroom\/tuote\/ilmakuvaus\/"]}]},{"@type":"ImageObject","inLanguage":"fi","@id":"https:\/\/nettiseitti.fi\/showroom\/tuote\/ilmakuvaus\/#primaryimage","url":"https:\/\/nettiseitti.fi\/showroom\/wp-content\/uploads\/2024\/03\/8_2020-1-scaled.jpg","contentUrl":"https:\/\/nettiseitti.fi\/showroom\/wp-content\/uploads\/2024\/03\/8_2020-1-scaled.jpg","width":2560,"height":1473},{"@type":"BreadcrumbList","@id":"https:\/\/nettiseitti.fi\/showroom\/tuote\/ilmakuvaus\/#breadcrumb","itemListElement":[{"@type":"ListItem","position":1,"name":"Etusivu","item":"https:\/\/nettiseitti.fi\/showroom\/"},{"@type":"ListItem","position":2,"name":"Tuotteet","item":"https:\/\/nettiseitti.fi\/showroom\/tuotteet\/"},{"@type":"ListItem","position":3,"name":"Ilmakuvaus"}]},{"@type":"WebSite","@id":"https:\/\/nettiseitti.fi\/showroom\/#website","url":"https:\/\/nettiseitti.fi\/showroom\/","name":"NettiSeitti","description":"","publisher":{"@id":"https:\/\/nettiseitti.fi\/showroom\/#organization"},"potentialAction":[{"@type":"SearchAction","target":{"@type":"EntryPoint","urlTemplate":"https:\/\/nettiseitti.fi\/showroom\/?s={search_term_string}"},"query-input":{"@type":"PropertyValueSpecification","valueRequired":true,"valueName":"search_term_string"}}],"inLanguage":"fi"},{"@type":"Organization","@id":"https:\/\/nettiseitti.fi\/showroom\/#organization","name":"NettiSeitti","url":"https:\/\/nettiseitti.fi\/showroom\/","logo":{"@type":"ImageObject","inLanguage":"fi","@id":"https:\/\/nettiseitti.fi\/showroom\/#\/schema\/logo\/image\/","url":"https:\/\/nettiseitti.fi\/showroom\/wp-content\/uploads\/2024\/03\/nettiseitti_lapinakyva_tausta.png","contentUrl":"https:\/\/nettiseitti.fi\/showroom\/wp-content\/uploads\/2024\/03\/nettiseitti_lapinakyva_tausta.png","width":2176,"height":741,"caption":"NettiSeitti"},"image":{"@id":"https:\/\/nettiseitti.fi\/showroom\/#\/schema\/logo\/image\/"}}]}},"_links":{"self":[{"href":"https:\/\/nettiseitti.fi\/showroom\/wp-json\/wp\/v2\/product\/12527","targetHints":{"allow":["GET"]}}],"collection":[{"href":"https:\/\/nettiseitti.fi\/showroom\/wp-json\/wp\/v2\/product"}],"about":[{"href":"https:\/\/nettiseitti.fi\/showroom\/wp-json\/wp\/v2\/types\/product"}],"wp:featuredmedia":[{"embeddable":true,"href":"https:\/\/nettiseitti.fi\/showroom\/wp-json\/wp\/v2\/media\/12529"}],"wp:attachment":[{"href":"https:\/\/nettiseitti.fi\/showroom\/wp-json\/wp\/v2\/media?parent=12527"}],"wp:term":[{"taxonomy":"product_brand","embeddable":true,"href":"https:\/\/nettiseitti.fi\/showroom\/wp-json\/wp\/v2\/product_brand?post=12527"},{"taxonomy":"product_cat","embeddable":true,"href":"https:\/\/nettiseitti.fi\/showroom\/wp-json\/wp\/v2\/product_cat?post=12527"},{"taxonomy":"product_tag","embeddable":true,"href":"https:\/\/nettiseitti.fi\/showroom\/wp-json\/wp\/v2\/product_tag?post=12527"}],"curies":[{"name":"wp","href":"https:\/\/api.w.org\/{rel}","templated":true}]}}