{"id":12540,"date":"2024-03-14T20:58:45","date_gmt":"2024-03-14T18:58:45","guid":{"rendered":"https:\/\/nettiseitti.fi\/showroom\/?post_type=product&#038;p=12540"},"modified":"2024-07-16T15:36:17","modified_gmt":"2024-07-16T12:36:17","slug":"naytot","status":"publish","type":"product","link":"https:\/\/nettiseitti.fi\/showroom\/tuote\/naytot\/","title":{"rendered":"N\u00e4yt\u00f6t"},"content":{"rendered":"<p>N\u00e4yt\u00f6t moniin erilaisiin k\u00e4ytt\u00f6tarkoituksiin.<\/p>\n<p>Kauttamme mm.<\/p>\n<ul>\n<li>Pelin\u00e4yt\u00f6t<\/li>\n<li>Yritysn\u00e4yt\u00f6t<\/li>\n<li>Kaarevat n\u00e4yt\u00f6t<\/li>\n<li>N\u00e4yt\u00f6t perusk\u00e4ytt\u00f6\u00f6n<\/li>\n<\/ul>\n<p>Erikokoisia n\u00e4ytt\u00f6j\u00e4 erilaisilla resoluutioilla ja paneeleilla useilta valmistajilta mm. Benq, Samsung, Asus, HP.<\/p>\n<p>&nbsp;<\/p>\n<p>Ota yhteytt\u00e4:<br \/>\nPuh. <a href=\"tel:0401523801\">040 1523801<\/a><br \/>\nS\u00e4hk\u00f6posti: myynti [at] nettiseitti.fi<\/p>\n","protected":false},"excerpt":{"rendered":"<p>N\u00e4yt\u00f6t moniin k\u00e4ytt\u00f6tarkoituksiin.<\/p>\n","protected":false},"featured_media":12541,"template":"","meta":{"neve_meta_sidebar":"","neve_meta_container":"","neve_meta_enable_content_width":"off","neve_meta_content_width":100,"neve_meta_title_alignment":"","neve_meta_author_avatar":"","neve_post_elements_order":"","neve_meta_disable_header":"","neve_meta_disable_footer":"","neve_meta_disable_title":""},"product_brand":[],"product_cat":[561],"product_tag":[450,451,152,191,100,107,459,135,106,457,327,194,446,448,449,453,447,108,105,455,89,445,88,456,192,98,101,104,454,157,96,99,97,103,102,458,452,193],"class_list":{"0":"post-12540","1":"product","2":"type-product","3":"status-publish","4":"has-post-thumbnail","6":"product_cat-naytot","7":"product_tag-ahtari","8":"product_tag-alavus","9":"product_tag-asus","10":"product_tag-benq","11":"product_tag-etela-pohjanmaa","12":"product_tag-etela-suomi","13":"product_tag-hameenlinna","14":"product_tag-hp","15":"product_tag-huittinen","16":"product_tag-ikaalinen","17":"product_tag-jalasjarvi","18":"product_tag-kaareva-naytto","19":"product_tag-kankaanpaa","20":"product_tag-karvia","21":"product_tag-kauhajoki","22":"product_tag-kauhava","23":"product_tag-kihnio","24":"product_tag-lansi-suomi","25":"product_tag-lapua","26":"product_tag-lempaala","27":"product_tag-naytto","28":"product_tag-nokia","29":"product_tag-oheislaite","30":"product_tag-parkano","31":"product_tag-pelinaytto","32":"product_tag-pirkanmaa","33":"product_tag-pohjanmaa","34":"product_tag-pori","35":"product_tag-rauma","36":"product_tag-samsung","37":"product_tag-sastamala","38":"product_tag-satakunta","39":"product_tag-seinajoki","40":"product_tag-tampere","41":"product_tag-vaasa","42":"product_tag-virrat","43":"product_tag-ylojarvi","44":"product_tag-yritysnaytto","46":"first","47":"instock","48":"shipping-taxable","49":"product-type-simple"},"yoast_head":"<!-- This site is optimized with the Yoast SEO plugin v27.4 - https:\/\/yoast.com\/product\/yoast-seo-wordpress\/ -->\n<title>N\u00e4yt\u00f6t, kaareva n\u00e4ytt\u00f6, 4K, Full HD - Sein\u00e4joki, Sastamala, Tampere, Vaasa, Pori - NettiSeitti<\/title>\n<meta name=\"description\" content=\"N\u00e4yt\u00f6t moniin k\u00e4ytt\u00f6tarkoituksiin. N\u00e4ytt\u00f6, Pirkanmaa, Satakunta, Etel\u00e4-Pohjanmaa, Pohjanmaa, Sein\u00e4joki, Sastamala, Tampere, Vaasa, Pori, Rauma, Etel\u00e4-Suomi.\" \/>\n<meta name=\"robots\" content=\"index, follow, max-snippet:-1, max-image-preview:large, max-video-preview:-1\" \/>\n<link rel=\"canonical\" href=\"https:\/\/nettiseitti.fi\/showroom\/tuote\/naytot\/\" \/>\n<meta property=\"og:locale\" content=\"fi_FI\" \/>\n<meta property=\"og:type\" content=\"article\" \/>\n<meta property=\"og:title\" content=\"N\u00e4yt\u00f6t, kaareva n\u00e4ytt\u00f6, 4K, Full HD - Sein\u00e4joki, Sastamala, Tampere, Vaasa, Pori - NettiSeitti\" \/>\n<meta property=\"og:description\" content=\"N\u00e4yt\u00f6t moniin k\u00e4ytt\u00f6tarkoituksiin. N\u00e4ytt\u00f6, Pirkanmaa, Satakunta, Etel\u00e4-Pohjanmaa, Pohjanmaa, Sein\u00e4joki, Sastamala, Tampere, Vaasa, Pori, Rauma, Etel\u00e4-Suomi.\" \/>\n<meta property=\"og:url\" content=\"https:\/\/nettiseitti.fi\/showroom\/tuote\/naytot\/\" \/>\n<meta property=\"og:site_name\" content=\"NettiSeitti\" \/>\n<meta property=\"article:modified_time\" content=\"2024-07-16T12:36:17+00:00\" \/>\n<meta property=\"og:image\" content=\"https:\/\/nettiseitti.fi\/showroom\/wp-content\/uploads\/2024\/03\/naytot.jpg\" \/>\n\t<meta property=\"og:image:width\" content=\"913\" \/>\n\t<meta property=\"og:image:height\" content=\"336\" \/>\n\t<meta property=\"og:image:type\" content=\"image\/jpeg\" \/>\n<meta name=\"twitter:card\" content=\"summary_large_image\" \/>\n<meta name=\"twitter:label1\" content=\"Arvioitu lukuaika\" \/>\n\t<meta name=\"twitter:data1\" content=\"1 minuutti\" \/>\n<script type=\"application\/ld+json\" class=\"yoast-schema-graph\">{\"@context\":\"https:\\\/\\\/schema.org\",\"@graph\":[{\"@type\":\"WebPage\",\"@id\":\"https:\\\/\\\/nettiseitti.fi\\\/showroom\\\/tuote\\\/naytot\\\/\",\"url\":\"https:\\\/\\\/nettiseitti.fi\\\/showroom\\\/tuote\\\/naytot\\\/\",\"name\":\"N\u00e4yt\u00f6t, kaareva n\u00e4ytt\u00f6, 4K, Full HD - Sein\u00e4joki, Sastamala, Tampere, Vaasa, Pori - NettiSeitti\",\"isPartOf\":{\"@id\":\"https:\\\/\\\/nettiseitti.fi\\\/showroom\\\/#website\"},\"primaryImageOfPage\":{\"@id\":\"https:\\\/\\\/nettiseitti.fi\\\/showroom\\\/tuote\\\/naytot\\\/#primaryimage\"},\"image\":{\"@id\":\"https:\\\/\\\/nettiseitti.fi\\\/showroom\\\/tuote\\\/naytot\\\/#primaryimage\"},\"thumbnailUrl\":\"https:\\\/\\\/nettiseitti.fi\\\/showroom\\\/wp-content\\\/uploads\\\/2024\\\/03\\\/naytot.jpg\",\"datePublished\":\"2024-03-14T18:58:45+00:00\",\"dateModified\":\"2024-07-16T12:36:17+00:00\",\"description\":\"N\u00e4yt\u00f6t moniin k\u00e4ytt\u00f6tarkoituksiin. N\u00e4ytt\u00f6, Pirkanmaa, Satakunta, Etel\u00e4-Pohjanmaa, Pohjanmaa, Sein\u00e4joki, Sastamala, Tampere, Vaasa, Pori, Rauma, Etel\u00e4-Suomi.\",\"breadcrumb\":{\"@id\":\"https:\\\/\\\/nettiseitti.fi\\\/showroom\\\/tuote\\\/naytot\\\/#breadcrumb\"},\"inLanguage\":\"fi\",\"potentialAction\":[{\"@type\":\"ReadAction\",\"target\":[\"https:\\\/\\\/nettiseitti.fi\\\/showroom\\\/tuote\\\/naytot\\\/\"]}]},{\"@type\":\"ImageObject\",\"inLanguage\":\"fi\",\"@id\":\"https:\\\/\\\/nettiseitti.fi\\\/showroom\\\/tuote\\\/naytot\\\/#primaryimage\",\"url\":\"https:\\\/\\\/nettiseitti.fi\\\/showroom\\\/wp-content\\\/uploads\\\/2024\\\/03\\\/naytot.jpg\",\"contentUrl\":\"https:\\\/\\\/nettiseitti.fi\\\/showroom\\\/wp-content\\\/uploads\\\/2024\\\/03\\\/naytot.jpg\",\"width\":913,\"height\":336},{\"@type\":\"BreadcrumbList\",\"@id\":\"https:\\\/\\\/nettiseitti.fi\\\/showroom\\\/tuote\\\/naytot\\\/#breadcrumb\",\"itemListElement\":[{\"@type\":\"ListItem\",\"position\":1,\"name\":\"Etusivu\",\"item\":\"https:\\\/\\\/nettiseitti.fi\\\/showroom\\\/\"},{\"@type\":\"ListItem\",\"position\":2,\"name\":\"Tuotteet\",\"item\":\"https:\\\/\\\/nettiseitti.fi\\\/showroom\\\/tuotteet\\\/\"},{\"@type\":\"ListItem\",\"position\":3,\"name\":\"N\u00e4yt\u00f6t\"}]},{\"@type\":\"WebSite\",\"@id\":\"https:\\\/\\\/nettiseitti.fi\\\/showroom\\\/#website\",\"url\":\"https:\\\/\\\/nettiseitti.fi\\\/showroom\\\/\",\"name\":\"NettiSeitti\",\"description\":\"\",\"publisher\":{\"@id\":\"https:\\\/\\\/nettiseitti.fi\\\/showroom\\\/#organization\"},\"potentialAction\":[{\"@type\":\"SearchAction\",\"target\":{\"@type\":\"EntryPoint\",\"urlTemplate\":\"https:\\\/\\\/nettiseitti.fi\\\/showroom\\\/?s={search_term_string}\"},\"query-input\":{\"@type\":\"PropertyValueSpecification\",\"valueRequired\":true,\"valueName\":\"search_term_string\"}}],\"inLanguage\":\"fi\"},{\"@type\":\"Organization\",\"@id\":\"https:\\\/\\\/nettiseitti.fi\\\/showroom\\\/#organization\",\"name\":\"NettiSeitti\",\"url\":\"https:\\\/\\\/nettiseitti.fi\\\/showroom\\\/\",\"logo\":{\"@type\":\"ImageObject\",\"inLanguage\":\"fi\",\"@id\":\"https:\\\/\\\/nettiseitti.fi\\\/showroom\\\/#\\\/schema\\\/logo\\\/image\\\/\",\"url\":\"https:\\\/\\\/nettiseitti.fi\\\/showroom\\\/wp-content\\\/uploads\\\/2024\\\/03\\\/nettiseitti_lapinakyva_tausta.png\",\"contentUrl\":\"https:\\\/\\\/nettiseitti.fi\\\/showroom\\\/wp-content\\\/uploads\\\/2024\\\/03\\\/nettiseitti_lapinakyva_tausta.png\",\"width\":2176,\"height\":741,\"caption\":\"NettiSeitti\"},\"image\":{\"@id\":\"https:\\\/\\\/nettiseitti.fi\\\/showroom\\\/#\\\/schema\\\/logo\\\/image\\\/\"}}]}<\/script>\n<!-- \/ Yoast SEO plugin. -->","yoast_head_json":{"title":"N\u00e4yt\u00f6t, kaareva n\u00e4ytt\u00f6, 4K, Full HD - Sein\u00e4joki, Sastamala, Tampere, Vaasa, Pori - NettiSeitti","description":"N\u00e4yt\u00f6t moniin k\u00e4ytt\u00f6tarkoituksiin. N\u00e4ytt\u00f6, Pirkanmaa, Satakunta, Etel\u00e4-Pohjanmaa, Pohjanmaa, Sein\u00e4joki, Sastamala, Tampere, Vaasa, Pori, Rauma, Etel\u00e4-Suomi.","robots":{"index":"index","follow":"follow","max-snippet":"max-snippet:-1","max-image-preview":"max-image-preview:large","max-video-preview":"max-video-preview:-1"},"canonical":"https:\/\/nettiseitti.fi\/showroom\/tuote\/naytot\/","og_locale":"fi_FI","og_type":"article","og_title":"N\u00e4yt\u00f6t, kaareva n\u00e4ytt\u00f6, 4K, Full HD - Sein\u00e4joki, Sastamala, Tampere, Vaasa, Pori - NettiSeitti","og_description":"N\u00e4yt\u00f6t moniin k\u00e4ytt\u00f6tarkoituksiin. N\u00e4ytt\u00f6, Pirkanmaa, Satakunta, Etel\u00e4-Pohjanmaa, Pohjanmaa, Sein\u00e4joki, Sastamala, Tampere, Vaasa, Pori, Rauma, Etel\u00e4-Suomi.","og_url":"https:\/\/nettiseitti.fi\/showroom\/tuote\/naytot\/","og_site_name":"NettiSeitti","article_modified_time":"2024-07-16T12:36:17+00:00","og_image":[{"width":913,"height":336,"url":"https:\/\/nettiseitti.fi\/showroom\/wp-content\/uploads\/2024\/03\/naytot.jpg","type":"image\/jpeg"}],"twitter_card":"summary_large_image","twitter_misc":{"Arvioitu lukuaika":"1 minuutti"},"schema":{"@context":"https:\/\/schema.org","@graph":[{"@type":"WebPage","@id":"https:\/\/nettiseitti.fi\/showroom\/tuote\/naytot\/","url":"https:\/\/nettiseitti.fi\/showroom\/tuote\/naytot\/","name":"N\u00e4yt\u00f6t, kaareva n\u00e4ytt\u00f6, 4K, Full HD - Sein\u00e4joki, Sastamala, Tampere, Vaasa, Pori - NettiSeitti","isPartOf":{"@id":"https:\/\/nettiseitti.fi\/showroom\/#website"},"primaryImageOfPage":{"@id":"https:\/\/nettiseitti.fi\/showroom\/tuote\/naytot\/#primaryimage"},"image":{"@id":"https:\/\/nettiseitti.fi\/showroom\/tuote\/naytot\/#primaryimage"},"thumbnailUrl":"https:\/\/nettiseitti.fi\/showroom\/wp-content\/uploads\/2024\/03\/naytot.jpg","datePublished":"2024-03-14T18:58:45+00:00","dateModified":"2024-07-16T12:36:17+00:00","description":"N\u00e4yt\u00f6t moniin k\u00e4ytt\u00f6tarkoituksiin. N\u00e4ytt\u00f6, Pirkanmaa, Satakunta, Etel\u00e4-Pohjanmaa, Pohjanmaa, Sein\u00e4joki, Sastamala, Tampere, Vaasa, Pori, Rauma, Etel\u00e4-Suomi.","breadcrumb":{"@id":"https:\/\/nettiseitti.fi\/showroom\/tuote\/naytot\/#breadcrumb"},"inLanguage":"fi","potentialAction":[{"@type":"ReadAction","target":["https:\/\/nettiseitti.fi\/showroom\/tuote\/naytot\/"]}]},{"@type":"ImageObject","inLanguage":"fi","@id":"https:\/\/nettiseitti.fi\/showroom\/tuote\/naytot\/#primaryimage","url":"https:\/\/nettiseitti.fi\/showroom\/wp-content\/uploads\/2024\/03\/naytot.jpg","contentUrl":"https:\/\/nettiseitti.fi\/showroom\/wp-content\/uploads\/2024\/03\/naytot.jpg","width":913,"height":336},{"@type":"BreadcrumbList","@id":"https:\/\/nettiseitti.fi\/showroom\/tuote\/naytot\/#breadcrumb","itemListElement":[{"@type":"ListItem","position":1,"name":"Etusivu","item":"https:\/\/nettiseitti.fi\/showroom\/"},{"@type":"ListItem","position":2,"name":"Tuotteet","item":"https:\/\/nettiseitti.fi\/showroom\/tuotteet\/"},{"@type":"ListItem","position":3,"name":"N\u00e4yt\u00f6t"}]},{"@type":"WebSite","@id":"https:\/\/nettiseitti.fi\/showroom\/#website","url":"https:\/\/nettiseitti.fi\/showroom\/","name":"NettiSeitti","description":"","publisher":{"@id":"https:\/\/nettiseitti.fi\/showroom\/#organization"},"potentialAction":[{"@type":"SearchAction","target":{"@type":"EntryPoint","urlTemplate":"https:\/\/nettiseitti.fi\/showroom\/?s={search_term_string}"},"query-input":{"@type":"PropertyValueSpecification","valueRequired":true,"valueName":"search_term_string"}}],"inLanguage":"fi"},{"@type":"Organization","@id":"https:\/\/nettiseitti.fi\/showroom\/#organization","name":"NettiSeitti","url":"https:\/\/nettiseitti.fi\/showroom\/","logo":{"@type":"ImageObject","inLanguage":"fi","@id":"https:\/\/nettiseitti.fi\/showroom\/#\/schema\/logo\/image\/","url":"https:\/\/nettiseitti.fi\/showroom\/wp-content\/uploads\/2024\/03\/nettiseitti_lapinakyva_tausta.png","contentUrl":"https:\/\/nettiseitti.fi\/showroom\/wp-content\/uploads\/2024\/03\/nettiseitti_lapinakyva_tausta.png","width":2176,"height":741,"caption":"NettiSeitti"},"image":{"@id":"https:\/\/nettiseitti.fi\/showroom\/#\/schema\/logo\/image\/"}}]}},"_links":{"self":[{"href":"https:\/\/nettiseitti.fi\/showroom\/wp-json\/wp\/v2\/product\/12540","targetHints":{"allow":["GET"]}}],"collection":[{"href":"https:\/\/nettiseitti.fi\/showroom\/wp-json\/wp\/v2\/product"}],"about":[{"href":"https:\/\/nettiseitti.fi\/showroom\/wp-json\/wp\/v2\/types\/product"}],"wp:featuredmedia":[{"embeddable":true,"href":"https:\/\/nettiseitti.fi\/showroom\/wp-json\/wp\/v2\/media\/12541"}],"wp:attachment":[{"href":"https:\/\/nettiseitti.fi\/showroom\/wp-json\/wp\/v2\/media?parent=12540"}],"wp:term":[{"taxonomy":"product_brand","embeddable":true,"href":"https:\/\/nettiseitti.fi\/showroom\/wp-json\/wp\/v2\/product_brand?post=12540"},{"taxonomy":"product_cat","embeddable":true,"href":"https:\/\/nettiseitti.fi\/showroom\/wp-json\/wp\/v2\/product_cat?post=12540"},{"taxonomy":"product_tag","embeddable":true,"href":"https:\/\/nettiseitti.fi\/showroom\/wp-json\/wp\/v2\/product_tag?post=12540"}],"curies":[{"name":"wp","href":"https:\/\/api.w.org\/{rel}","templated":true}]}}