{"id":12606,"date":"2024-03-15T02:01:34","date_gmt":"2024-03-15T00:01:34","guid":{"rendered":"https:\/\/nettiseitti.fi\/showroom\/?post_type=product&#038;p=12606"},"modified":"2026-02-03T15:12:08","modified_gmt":"2026-02-03T13:12:08","slug":"tietokonehuolto-oheislaitehuolto","status":"publish","type":"product","link":"https:\/\/nettiseitti.fi\/showroom\/tuote\/tietokonehuolto-oheislaitehuolto\/","title":{"rendered":"Tietokonehuolto \/ oheislaitehuolto"},"content":{"rendered":"<p>Huollamme tietokoneet, kannettavat ja oheislaitteet.<\/p>\n<p>Esim.<\/p>\n<ul>\n<li>Viankartoitus ja ratkonta<\/li>\n<li>Varaosien asennus<\/li>\n<li>K\u00e4ytt\u00f6j\u00e4rjestelm\u00e4n p\u00e4ivitys, ohjelmisto-ongelmien ratkonta<\/li>\n<li>Tietokoneen vuosihuolto, p\u00f6lyjen putsaus, k\u00e4ytt\u00f6j\u00e4rjestelm\u00e4n p\u00e4ivitykset ja virustorjunta ajan tasalle sek\u00e4 virustarkastuksen suoritus, tallennustilan \/ keskusmuistin riitt\u00e4vyyden arviointi yms. &#8211; Alk. 50 \u20ac (sis. alv 25,5%)<\/li>\n<li>Kiintolevyn vaihto puolijohdelevyyn eli SSD-levyyn<\/li>\n<li>Laitteiden konfigurointi \/ asennus<\/li>\n<li>Laitteisto ongelmat<\/li>\n<li>Navigaattorien ohjelmisto- ja karttap\u00e4ivitykset,<\/li>\n<li>Reitittimen p\u00e4ivitys yms.<\/li>\n<li>Ohjelmistolliset viat \/ ongelmat<\/li>\n<li>Virusten, haittaohjelmien tai vakoiluohjelmien poistaminen tietokoneesta, puhelimesta, tabletista yms.<\/li>\n<li>Akun vaihto laitteeseen<\/li>\n<li>Tulostimien ja 3D-tulostinten asennus \/ konfigurointi \/ huolto<\/li>\n<li>Verkkolaitteiden konfigurointi \/ asennus \/ huolto<\/li>\n<li>Projektorien korjaus, lampunvaihto, ilmansuodattimien vaihto tms.<\/li>\n<\/ul>\n<p>Tarvittaessa huollon ajaksi saatavissa lainakoneita, esim. kannettava tai p\u00f6yt\u00e4kone.<\/p>\n<p>Voimme tarvittaessa my\u00f6s asentaa ja konfiguroida ohjelmistot \/ laitteistot toimintaan.<br \/>\nKotik\u00e4yntin\u00e4 tehty ty\u00f6 oikeuttaa kotitalousv\u00e4hennykseen, ennakkoperint\u00e4rekisterin voi tarkistaa YTJ:st\u00e4 (Micmedi Oy).<\/p>\n<p>Kauttamme merkkiosat useilta valmistajilta mm. Fujitsu, Samsung, Kingston, Asus, HP, Lenovo, Dell, Acer, Canon, Brother, Epson, BenQ yms.<\/p>\n<p>Voimme tarvittaessa noutaa laitteet huoltoon Etel\u00e4- ja L\u00e4nsi-Suomen alueilta,<br \/>\nmatkakustannukset sopimuksen mukaan.<\/p>\n<p>Ota yhteytt\u00e4:<br \/>\nPuh. <a href=\"tel:0401523801\">040 1523801<\/a><br \/>\nS\u00e4hk\u00f6posti: huolto [at] nettiseitti.fi<\/p>\n<p><img decoding=\"async\" class=\"alignnone wp-image-12074\" src=\"https:\/\/nettiseitti.fi\/showroom\/wp-content\/uploads\/2024\/03\/hp-300x148.png\" alt=\"\" width=\"164\" height=\"81\" srcset=\"https:\/\/nettiseitti.fi\/showroom\/wp-content\/uploads\/2024\/03\/hp-300x148.png 300w, https:\/\/nettiseitti.fi\/showroom\/wp-content\/uploads\/2024\/03\/hp-600x295.png 600w, https:\/\/nettiseitti.fi\/showroom\/wp-content\/uploads\/2024\/03\/hp.png 638w\" sizes=\"(max-width: 164px) 100vw, 164px\" \/><\/p>\n<p><img decoding=\"async\" class=\"alignnone  wp-image-14836\" src=\"https:\/\/nettiseitti.fi\/showroom\/wp-content\/uploads\/2025\/12\/dell_authorized_partner-300x87.jpg\" alt=\"\" width=\"210\" height=\"61\" srcset=\"https:\/\/nettiseitti.fi\/showroom\/wp-content\/uploads\/2025\/12\/dell_authorized_partner-300x87.jpg 300w, https:\/\/nettiseitti.fi\/showroom\/wp-content\/uploads\/2025\/12\/dell_authorized_partner-768x223.jpg 768w, https:\/\/nettiseitti.fi\/showroom\/wp-content\/uploads\/2025\/12\/dell_authorized_partner-600x174.jpg 600w, https:\/\/nettiseitti.fi\/showroom\/wp-content\/uploads\/2025\/12\/dell_authorized_partner.jpg 879w\" sizes=\"(max-width: 210px) 100vw, 210px\" \/><\/p>\n","protected":false},"excerpt":{"rendered":"<p>Huollamme tietokoneet, kannettavat ja oheislaitteet.<\/p>\n","protected":false},"featured_media":12607,"template":"","meta":{"neve_meta_sidebar":"","neve_meta_container":"","neve_meta_enable_content_width":"off","neve_meta_content_width":100,"neve_meta_title_alignment":"","neve_meta_author_avatar":"","neve_post_elements_order":"","neve_meta_disable_header":"","neve_meta_disable_footer":"","neve_meta_disable_title":""},"product_brand":[],"product_cat":[63],"product_tag":[217,195,450,126,451,339,92,152,160,100,107,158,201,459,135,106,200,457,582,327,446,448,449,453,204,447,91,94,84,583,108,79,105,455,445,88,456,98,101,104,398,86,454,83,157,96,99,97,87,103,80,77,102,202,75,136,82,458,203,452],"class_list":{"0":"post-12606","1":"product","2":"type-product","3":"status-publish","4":"has-post-thumbnail","6":"product_cat-palvelut","7":"product_tag-3d-tulostin","8":"product_tag-3d-tulostus","9":"product_tag-ahtari","10":"product_tag-akku","11":"product_tag-alavus","12":"product_tag-android","13":"product_tag-asennus","14":"product_tag-asus","15":"product_tag-dell","16":"product_tag-etela-pohjanmaa","17":"product_tag-etela-suomi","18":"product_tag-fujitsu","19":"product_tag-haittaohjelma","20":"product_tag-hameenlinna","21":"product_tag-hp","22":"product_tag-huittinen","23":"product_tag-huolto","24":"product_tag-ikaalinen","25":"product_tag-ilmansuodatin","26":"product_tag-jalasjarvi","27":"product_tag-kankaanpaa","28":"product_tag-karvia","29":"product_tag-kauhajoki","30":"product_tag-kauhava","31":"product_tag-kayttojarjestelma","32":"product_tag-kihnio","33":"product_tag-konfigurointi","34":"product_tag-kotitalousvahennys","35":"product_tag-kytkin","36":"product_tag-lamppu","37":"product_tag-lansi-suomi","38":"product_tag-lappari","39":"product_tag-lapua","40":"product_tag-lempaala","41":"product_tag-nokia","42":"product_tag-oheislaite","43":"product_tag-parkano","44":"product_tag-pirkanmaa","45":"product_tag-pohjanmaa","46":"product_tag-pori","47":"product_tag-projektori","48":"product_tag-puhelin","49":"product_tag-rauma","50":"product_tag-reititin","51":"product_tag-samsung","52":"product_tag-sastamala","53":"product_tag-satakunta","54":"product_tag-seinajoki","55":"product_tag-tabletti","56":"product_tag-tampere","57":"product_tag-tulostin","58":"product_tag-tuuletin","59":"product_tag-vaasa","60":"product_tag-vakoiluohjelma","61":"product_tag-varaosat","62":"product_tag-varikasetti","63":"product_tag-verkkolaite","64":"product_tag-virrat","65":"product_tag-vuosihuolto","66":"product_tag-ylojarvi","68":"first","69":"instock","70":"shipping-taxable","71":"purchasable","72":"product-type-simple"},"yoast_head":"<!-- This site is optimized with the Yoast SEO plugin v27.4 - https:\/\/yoast.com\/product\/yoast-seo-wordpress\/ -->\n<title>Tietokonehuolto \/ oheislaitehuolto - Sein\u00e4joki, Tampere, Pori, Vaasa- NettiSeitti<\/title>\n<meta name=\"description\" content=\"Huollamme tietokoneet, kannettavat ja oheislaitteet. Pirkanmaa, Satakunta, Etel\u00e4-Pohjanmaa, Pohjanmaa, Sein\u00e4joki, Sastamala, Tampere, Vaasa, Pori, Nokia.\" \/>\n<meta name=\"robots\" content=\"index, follow, max-snippet:-1, max-image-preview:large, max-video-preview:-1\" \/>\n<link rel=\"canonical\" href=\"https:\/\/nettiseitti.fi\/showroom\/tuote\/tietokonehuolto-oheislaitehuolto\/\" \/>\n<meta property=\"og:locale\" content=\"fi_FI\" \/>\n<meta property=\"og:type\" content=\"article\" \/>\n<meta property=\"og:title\" content=\"Tietokonehuolto \/ oheislaitehuolto - Sein\u00e4joki, Tampere, Pori, Vaasa- NettiSeitti\" \/>\n<meta property=\"og:description\" content=\"Huollamme tietokoneet, kannettavat ja oheislaitteet. Pirkanmaa, Satakunta, Etel\u00e4-Pohjanmaa, Pohjanmaa, Sein\u00e4joki, Sastamala, Tampere, Vaasa, Pori, Nokia.\" \/>\n<meta property=\"og:url\" content=\"https:\/\/nettiseitti.fi\/showroom\/tuote\/tietokonehuolto-oheislaitehuolto\/\" \/>\n<meta property=\"og:site_name\" content=\"NettiSeitti\" \/>\n<meta property=\"article:modified_time\" content=\"2026-02-03T13:12:08+00:00\" \/>\n<meta property=\"og:image\" content=\"https:\/\/nettiseitti.fi\/showroom\/wp-content\/uploads\/2024\/03\/kannettava_kingston-1.jpg\" \/>\n\t<meta property=\"og:image:width\" content=\"2048\" \/>\n\t<meta property=\"og:image:height\" content=\"960\" \/>\n\t<meta property=\"og:image:type\" content=\"image\/jpeg\" \/>\n<meta name=\"twitter:card\" content=\"summary_large_image\" \/>\n<meta name=\"twitter:label1\" content=\"Arvioitu lukuaika\" \/>\n\t<meta name=\"twitter:data1\" content=\"2 minuuttia\" \/>\n<script type=\"application\/ld+json\" class=\"yoast-schema-graph\">{\"@context\":\"https:\\\/\\\/schema.org\",\"@graph\":[{\"@type\":\"WebPage\",\"@id\":\"https:\\\/\\\/nettiseitti.fi\\\/showroom\\\/tuote\\\/tietokonehuolto-oheislaitehuolto\\\/\",\"url\":\"https:\\\/\\\/nettiseitti.fi\\\/showroom\\\/tuote\\\/tietokonehuolto-oheislaitehuolto\\\/\",\"name\":\"Tietokonehuolto \\\/ oheislaitehuolto - Sein\u00e4joki, Tampere, Pori, Vaasa- NettiSeitti\",\"isPartOf\":{\"@id\":\"https:\\\/\\\/nettiseitti.fi\\\/showroom\\\/#website\"},\"primaryImageOfPage\":{\"@id\":\"https:\\\/\\\/nettiseitti.fi\\\/showroom\\\/tuote\\\/tietokonehuolto-oheislaitehuolto\\\/#primaryimage\"},\"image\":{\"@id\":\"https:\\\/\\\/nettiseitti.fi\\\/showroom\\\/tuote\\\/tietokonehuolto-oheislaitehuolto\\\/#primaryimage\"},\"thumbnailUrl\":\"https:\\\/\\\/nettiseitti.fi\\\/showroom\\\/wp-content\\\/uploads\\\/2024\\\/03\\\/kannettava_kingston-1.jpg\",\"datePublished\":\"2024-03-15T00:01:34+00:00\",\"dateModified\":\"2026-02-03T13:12:08+00:00\",\"description\":\"Huollamme tietokoneet, kannettavat ja oheislaitteet. Pirkanmaa, Satakunta, Etel\u00e4-Pohjanmaa, Pohjanmaa, Sein\u00e4joki, Sastamala, Tampere, Vaasa, Pori, Nokia.\",\"breadcrumb\":{\"@id\":\"https:\\\/\\\/nettiseitti.fi\\\/showroom\\\/tuote\\\/tietokonehuolto-oheislaitehuolto\\\/#breadcrumb\"},\"inLanguage\":\"fi\",\"potentialAction\":[{\"@type\":\"ReadAction\",\"target\":[\"https:\\\/\\\/nettiseitti.fi\\\/showroom\\\/tuote\\\/tietokonehuolto-oheislaitehuolto\\\/\"]}]},{\"@type\":\"ImageObject\",\"inLanguage\":\"fi\",\"@id\":\"https:\\\/\\\/nettiseitti.fi\\\/showroom\\\/tuote\\\/tietokonehuolto-oheislaitehuolto\\\/#primaryimage\",\"url\":\"https:\\\/\\\/nettiseitti.fi\\\/showroom\\\/wp-content\\\/uploads\\\/2024\\\/03\\\/kannettava_kingston-1.jpg\",\"contentUrl\":\"https:\\\/\\\/nettiseitti.fi\\\/showroom\\\/wp-content\\\/uploads\\\/2024\\\/03\\\/kannettava_kingston-1.jpg\",\"width\":2048,\"height\":960},{\"@type\":\"BreadcrumbList\",\"@id\":\"https:\\\/\\\/nettiseitti.fi\\\/showroom\\\/tuote\\\/tietokonehuolto-oheislaitehuolto\\\/#breadcrumb\",\"itemListElement\":[{\"@type\":\"ListItem\",\"position\":1,\"name\":\"Etusivu\",\"item\":\"https:\\\/\\\/nettiseitti.fi\\\/showroom\\\/\"},{\"@type\":\"ListItem\",\"position\":2,\"name\":\"Tuotteet\",\"item\":\"https:\\\/\\\/nettiseitti.fi\\\/showroom\\\/tuotteet\\\/\"},{\"@type\":\"ListItem\",\"position\":3,\"name\":\"Tietokonehuolto \\\/ oheislaitehuolto\"}]},{\"@type\":\"WebSite\",\"@id\":\"https:\\\/\\\/nettiseitti.fi\\\/showroom\\\/#website\",\"url\":\"https:\\\/\\\/nettiseitti.fi\\\/showroom\\\/\",\"name\":\"NettiSeitti\",\"description\":\"\",\"publisher\":{\"@id\":\"https:\\\/\\\/nettiseitti.fi\\\/showroom\\\/#organization\"},\"potentialAction\":[{\"@type\":\"SearchAction\",\"target\":{\"@type\":\"EntryPoint\",\"urlTemplate\":\"https:\\\/\\\/nettiseitti.fi\\\/showroom\\\/?s={search_term_string}\"},\"query-input\":{\"@type\":\"PropertyValueSpecification\",\"valueRequired\":true,\"valueName\":\"search_term_string\"}}],\"inLanguage\":\"fi\"},{\"@type\":\"Organization\",\"@id\":\"https:\\\/\\\/nettiseitti.fi\\\/showroom\\\/#organization\",\"name\":\"NettiSeitti\",\"url\":\"https:\\\/\\\/nettiseitti.fi\\\/showroom\\\/\",\"logo\":{\"@type\":\"ImageObject\",\"inLanguage\":\"fi\",\"@id\":\"https:\\\/\\\/nettiseitti.fi\\\/showroom\\\/#\\\/schema\\\/logo\\\/image\\\/\",\"url\":\"https:\\\/\\\/nettiseitti.fi\\\/showroom\\\/wp-content\\\/uploads\\\/2024\\\/03\\\/nettiseitti_lapinakyva_tausta.png\",\"contentUrl\":\"https:\\\/\\\/nettiseitti.fi\\\/showroom\\\/wp-content\\\/uploads\\\/2024\\\/03\\\/nettiseitti_lapinakyva_tausta.png\",\"width\":2176,\"height\":741,\"caption\":\"NettiSeitti\"},\"image\":{\"@id\":\"https:\\\/\\\/nettiseitti.fi\\\/showroom\\\/#\\\/schema\\\/logo\\\/image\\\/\"}}]}<\/script>\n<!-- \/ Yoast SEO plugin. -->","yoast_head_json":{"title":"Tietokonehuolto \/ oheislaitehuolto - Sein\u00e4joki, Tampere, Pori, Vaasa- NettiSeitti","description":"Huollamme tietokoneet, kannettavat ja oheislaitteet. Pirkanmaa, Satakunta, Etel\u00e4-Pohjanmaa, Pohjanmaa, Sein\u00e4joki, Sastamala, Tampere, Vaasa, Pori, Nokia.","robots":{"index":"index","follow":"follow","max-snippet":"max-snippet:-1","max-image-preview":"max-image-preview:large","max-video-preview":"max-video-preview:-1"},"canonical":"https:\/\/nettiseitti.fi\/showroom\/tuote\/tietokonehuolto-oheislaitehuolto\/","og_locale":"fi_FI","og_type":"article","og_title":"Tietokonehuolto \/ oheislaitehuolto - Sein\u00e4joki, Tampere, Pori, Vaasa- NettiSeitti","og_description":"Huollamme tietokoneet, kannettavat ja oheislaitteet. Pirkanmaa, Satakunta, Etel\u00e4-Pohjanmaa, Pohjanmaa, Sein\u00e4joki, Sastamala, Tampere, Vaasa, Pori, Nokia.","og_url":"https:\/\/nettiseitti.fi\/showroom\/tuote\/tietokonehuolto-oheislaitehuolto\/","og_site_name":"NettiSeitti","article_modified_time":"2026-02-03T13:12:08+00:00","og_image":[{"width":2048,"height":960,"url":"https:\/\/nettiseitti.fi\/showroom\/wp-content\/uploads\/2024\/03\/kannettava_kingston-1.jpg","type":"image\/jpeg"}],"twitter_card":"summary_large_image","twitter_misc":{"Arvioitu lukuaika":"2 minuuttia"},"schema":{"@context":"https:\/\/schema.org","@graph":[{"@type":"WebPage","@id":"https:\/\/nettiseitti.fi\/showroom\/tuote\/tietokonehuolto-oheislaitehuolto\/","url":"https:\/\/nettiseitti.fi\/showroom\/tuote\/tietokonehuolto-oheislaitehuolto\/","name":"Tietokonehuolto \/ oheislaitehuolto - Sein\u00e4joki, Tampere, Pori, Vaasa- NettiSeitti","isPartOf":{"@id":"https:\/\/nettiseitti.fi\/showroom\/#website"},"primaryImageOfPage":{"@id":"https:\/\/nettiseitti.fi\/showroom\/tuote\/tietokonehuolto-oheislaitehuolto\/#primaryimage"},"image":{"@id":"https:\/\/nettiseitti.fi\/showroom\/tuote\/tietokonehuolto-oheislaitehuolto\/#primaryimage"},"thumbnailUrl":"https:\/\/nettiseitti.fi\/showroom\/wp-content\/uploads\/2024\/03\/kannettava_kingston-1.jpg","datePublished":"2024-03-15T00:01:34+00:00","dateModified":"2026-02-03T13:12:08+00:00","description":"Huollamme tietokoneet, kannettavat ja oheislaitteet. Pirkanmaa, Satakunta, Etel\u00e4-Pohjanmaa, Pohjanmaa, Sein\u00e4joki, Sastamala, Tampere, Vaasa, Pori, Nokia.","breadcrumb":{"@id":"https:\/\/nettiseitti.fi\/showroom\/tuote\/tietokonehuolto-oheislaitehuolto\/#breadcrumb"},"inLanguage":"fi","potentialAction":[{"@type":"ReadAction","target":["https:\/\/nettiseitti.fi\/showroom\/tuote\/tietokonehuolto-oheislaitehuolto\/"]}]},{"@type":"ImageObject","inLanguage":"fi","@id":"https:\/\/nettiseitti.fi\/showroom\/tuote\/tietokonehuolto-oheislaitehuolto\/#primaryimage","url":"https:\/\/nettiseitti.fi\/showroom\/wp-content\/uploads\/2024\/03\/kannettava_kingston-1.jpg","contentUrl":"https:\/\/nettiseitti.fi\/showroom\/wp-content\/uploads\/2024\/03\/kannettava_kingston-1.jpg","width":2048,"height":960},{"@type":"BreadcrumbList","@id":"https:\/\/nettiseitti.fi\/showroom\/tuote\/tietokonehuolto-oheislaitehuolto\/#breadcrumb","itemListElement":[{"@type":"ListItem","position":1,"name":"Etusivu","item":"https:\/\/nettiseitti.fi\/showroom\/"},{"@type":"ListItem","position":2,"name":"Tuotteet","item":"https:\/\/nettiseitti.fi\/showroom\/tuotteet\/"},{"@type":"ListItem","position":3,"name":"Tietokonehuolto \/ oheislaitehuolto"}]},{"@type":"WebSite","@id":"https:\/\/nettiseitti.fi\/showroom\/#website","url":"https:\/\/nettiseitti.fi\/showroom\/","name":"NettiSeitti","description":"","publisher":{"@id":"https:\/\/nettiseitti.fi\/showroom\/#organization"},"potentialAction":[{"@type":"SearchAction","target":{"@type":"EntryPoint","urlTemplate":"https:\/\/nettiseitti.fi\/showroom\/?s={search_term_string}"},"query-input":{"@type":"PropertyValueSpecification","valueRequired":true,"valueName":"search_term_string"}}],"inLanguage":"fi"},{"@type":"Organization","@id":"https:\/\/nettiseitti.fi\/showroom\/#organization","name":"NettiSeitti","url":"https:\/\/nettiseitti.fi\/showroom\/","logo":{"@type":"ImageObject","inLanguage":"fi","@id":"https:\/\/nettiseitti.fi\/showroom\/#\/schema\/logo\/image\/","url":"https:\/\/nettiseitti.fi\/showroom\/wp-content\/uploads\/2024\/03\/nettiseitti_lapinakyva_tausta.png","contentUrl":"https:\/\/nettiseitti.fi\/showroom\/wp-content\/uploads\/2024\/03\/nettiseitti_lapinakyva_tausta.png","width":2176,"height":741,"caption":"NettiSeitti"},"image":{"@id":"https:\/\/nettiseitti.fi\/showroom\/#\/schema\/logo\/image\/"}}]}},"_links":{"self":[{"href":"https:\/\/nettiseitti.fi\/showroom\/wp-json\/wp\/v2\/product\/12606","targetHints":{"allow":["GET"]}}],"collection":[{"href":"https:\/\/nettiseitti.fi\/showroom\/wp-json\/wp\/v2\/product"}],"about":[{"href":"https:\/\/nettiseitti.fi\/showroom\/wp-json\/wp\/v2\/types\/product"}],"wp:featuredmedia":[{"embeddable":true,"href":"https:\/\/nettiseitti.fi\/showroom\/wp-json\/wp\/v2\/media\/12607"}],"wp:attachment":[{"href":"https:\/\/nettiseitti.fi\/showroom\/wp-json\/wp\/v2\/media?parent=12606"}],"wp:term":[{"taxonomy":"product_brand","embeddable":true,"href":"https:\/\/nettiseitti.fi\/showroom\/wp-json\/wp\/v2\/product_brand?post=12606"},{"taxonomy":"product_cat","embeddable":true,"href":"https:\/\/nettiseitti.fi\/showroom\/wp-json\/wp\/v2\/product_cat?post=12606"},{"taxonomy":"product_tag","embeddable":true,"href":"https:\/\/nettiseitti.fi\/showroom\/wp-json\/wp\/v2\/product_tag?post=12606"}],"curies":[{"name":"wp","href":"https:\/\/api.w.org\/{rel}","templated":true}]}}