{"id":12669,"date":"2024-03-16T13:58:24","date_gmt":"2024-03-16T11:58:24","guid":{"rendered":"https:\/\/nettiseitti.fi\/showroom\/?post_type=product&#038;p=12669"},"modified":"2024-10-01T19:43:14","modified_gmt":"2024-10-01T16:43:14","slug":"alykoti-jarjestelmat","status":"publish","type":"product","link":"https:\/\/nettiseitti.fi\/showroom\/tuote\/alykoti-jarjestelmat\/","title":{"rendered":"\u00c4lykoti j\u00e4rjestelm\u00e4t"},"content":{"rendered":"<p>\u00c4lykoti j\u00e4rjestelmiin saatavissa mm.<\/p>\n<ul>\n<li>L\u00e4mp\u00f6tila- ja kosteus-anturi<\/li>\n<li>Et\u00e4hallittava pistorasia<\/li>\n<li>Ulkokamera yms.<\/li>\n<\/ul>\n<p>\u00c4lykoti laitteita voidaan hallita puhelimen \/ netin kautta.<\/p>\n<p>Voimme tarvittaessa my\u00f6s konfiguroida \/ asentaa laitteet k\u00e4ytt\u00f6kuntoon.<\/p>\n<p>Ota yhteytt\u00e4:<br \/>\nPuh. <a href=\"tel:0401523801\">040 1523801<\/a><br \/>\nS\u00e4hk\u00f6posti: myynti [at] nettiseitti.fi<\/p>\n","protected":false},"excerpt":{"rendered":"<p>Erilaiset \u00e4lykoti j\u00e4rjestelm\u00e4t mm. l\u00e4mp\u00f6tilan mittaamiseen.<\/p>\n","protected":false},"featured_media":12670,"template":"","meta":{"neve_meta_sidebar":"","neve_meta_container":"","neve_meta_enable_content_width":"off","neve_meta_content_width":100,"neve_meta_title_alignment":"","neve_meta_author_avatar":"","neve_post_elements_order":"","neve_meta_disable_header":"","neve_meta_disable_footer":"","neve_meta_disable_title":""},"product_brand":[],"product_cat":[486,71,70],"product_tag":[450,451,213,339,92,100,107,459,106,457,327,214,446,448,449,453,447,91,265,264,108,105,455,445,88,456,98,266,101,104,454,96,99,97,103,102,458,452,263],"class_list":{"0":"post-12669","1":"product","2":"type-product","3":"status-publish","4":"has-post-thumbnail","6":"product_cat-alykoti","7":"product_cat-oheislaitteet","8":"product_cat-tarvikkeet","9":"product_tag-ahtari","10":"product_tag-alavus","11":"product_tag-alykoti","12":"product_tag-android","13":"product_tag-asennus","14":"product_tag-etela-pohjanmaa","15":"product_tag-etela-suomi","16":"product_tag-hameenlinna","17":"product_tag-huittinen","18":"product_tag-ikaalinen","19":"product_tag-jalasjarvi","20":"product_tag-kamera","21":"product_tag-kankaanpaa","22":"product_tag-karvia","23":"product_tag-kauhajoki","24":"product_tag-kauhava","25":"product_tag-kihnio","26":"product_tag-konfigurointi","27":"product_tag-kosteus","28":"product_tag-lampotila","29":"product_tag-lansi-suomi","30":"product_tag-lapua","31":"product_tag-lempaala","32":"product_tag-nokia","33":"product_tag-oheislaite","34":"product_tag-parkano","35":"product_tag-pirkanmaa","36":"product_tag-pistorasia","37":"product_tag-pohjanmaa","38":"product_tag-pori","39":"product_tag-rauma","40":"product_tag-sastamala","41":"product_tag-satakunta","42":"product_tag-seinajoki","43":"product_tag-tampere","44":"product_tag-vaasa","45":"product_tag-virrat","46":"product_tag-ylojarvi","47":"product_tag-zigbee","49":"first","50":"instock","51":"shipping-taxable","52":"product-type-simple"},"yoast_head":"<!-- This site is optimized with the Yoast SEO plugin v27.4 - https:\/\/yoast.com\/product\/yoast-seo-wordpress\/ -->\n<title>\u00c4lykoti j\u00e4rjestelm\u00e4t - NettiSeitti<\/title>\n<meta name=\"description\" content=\"Erilaiset \u00e4lykoti j\u00e4rjestelm\u00e4t mm. l\u00e4mp\u00f6tilan mittaamiseen. Pirkanmaa, Satakunta, Etel\u00e4-Pohjanmaa, Pohjanmaa, Sein\u00e4joki, Sastamala, Tampere, Vaasa, Pori.\" \/>\n<meta name=\"robots\" content=\"index, follow, max-snippet:-1, max-image-preview:large, max-video-preview:-1\" \/>\n<link rel=\"canonical\" href=\"https:\/\/nettiseitti.fi\/showroom\/tuote\/alykoti-jarjestelmat\/\" \/>\n<meta property=\"og:locale\" content=\"fi_FI\" \/>\n<meta property=\"og:type\" content=\"article\" \/>\n<meta property=\"og:title\" content=\"\u00c4lykoti j\u00e4rjestelm\u00e4t - NettiSeitti\" \/>\n<meta property=\"og:description\" content=\"Erilaiset \u00e4lykoti j\u00e4rjestelm\u00e4t mm. l\u00e4mp\u00f6tilan mittaamiseen. Pirkanmaa, Satakunta, Etel\u00e4-Pohjanmaa, Pohjanmaa, Sein\u00e4joki, Sastamala, Tampere, Vaasa, Pori.\" \/>\n<meta property=\"og:url\" content=\"https:\/\/nettiseitti.fi\/showroom\/tuote\/alykoti-jarjestelmat\/\" \/>\n<meta property=\"og:site_name\" content=\"NettiSeitti\" \/>\n<meta property=\"article:modified_time\" content=\"2024-10-01T16:43:14+00:00\" \/>\n<meta property=\"og:image\" content=\"https:\/\/nettiseitti.fi\/showroom\/wp-content\/uploads\/2024\/03\/alykoti.jpg\" \/>\n\t<meta property=\"og:image:width\" content=\"337\" \/>\n\t<meta property=\"og:image:height\" content=\"332\" \/>\n\t<meta property=\"og:image:type\" content=\"image\/jpeg\" \/>\n<meta name=\"twitter:card\" content=\"summary_large_image\" \/>\n<meta name=\"twitter:label1\" content=\"Arvioitu lukuaika\" \/>\n\t<meta name=\"twitter:data1\" content=\"1 minuutti\" \/>\n<script type=\"application\/ld+json\" class=\"yoast-schema-graph\">{\"@context\":\"https:\\\/\\\/schema.org\",\"@graph\":[{\"@type\":\"WebPage\",\"@id\":\"https:\\\/\\\/nettiseitti.fi\\\/showroom\\\/tuote\\\/alykoti-jarjestelmat\\\/\",\"url\":\"https:\\\/\\\/nettiseitti.fi\\\/showroom\\\/tuote\\\/alykoti-jarjestelmat\\\/\",\"name\":\"\u00c4lykoti j\u00e4rjestelm\u00e4t - NettiSeitti\",\"isPartOf\":{\"@id\":\"https:\\\/\\\/nettiseitti.fi\\\/showroom\\\/#website\"},\"primaryImageOfPage\":{\"@id\":\"https:\\\/\\\/nettiseitti.fi\\\/showroom\\\/tuote\\\/alykoti-jarjestelmat\\\/#primaryimage\"},\"image\":{\"@id\":\"https:\\\/\\\/nettiseitti.fi\\\/showroom\\\/tuote\\\/alykoti-jarjestelmat\\\/#primaryimage\"},\"thumbnailUrl\":\"https:\\\/\\\/nettiseitti.fi\\\/showroom\\\/wp-content\\\/uploads\\\/2024\\\/03\\\/alykoti.jpg\",\"datePublished\":\"2024-03-16T11:58:24+00:00\",\"dateModified\":\"2024-10-01T16:43:14+00:00\",\"description\":\"Erilaiset \u00e4lykoti j\u00e4rjestelm\u00e4t mm. l\u00e4mp\u00f6tilan mittaamiseen. Pirkanmaa, Satakunta, Etel\u00e4-Pohjanmaa, Pohjanmaa, Sein\u00e4joki, Sastamala, Tampere, Vaasa, Pori.\",\"breadcrumb\":{\"@id\":\"https:\\\/\\\/nettiseitti.fi\\\/showroom\\\/tuote\\\/alykoti-jarjestelmat\\\/#breadcrumb\"},\"inLanguage\":\"fi\",\"potentialAction\":[{\"@type\":\"ReadAction\",\"target\":[\"https:\\\/\\\/nettiseitti.fi\\\/showroom\\\/tuote\\\/alykoti-jarjestelmat\\\/\"]}]},{\"@type\":\"ImageObject\",\"inLanguage\":\"fi\",\"@id\":\"https:\\\/\\\/nettiseitti.fi\\\/showroom\\\/tuote\\\/alykoti-jarjestelmat\\\/#primaryimage\",\"url\":\"https:\\\/\\\/nettiseitti.fi\\\/showroom\\\/wp-content\\\/uploads\\\/2024\\\/03\\\/alykoti.jpg\",\"contentUrl\":\"https:\\\/\\\/nettiseitti.fi\\\/showroom\\\/wp-content\\\/uploads\\\/2024\\\/03\\\/alykoti.jpg\",\"width\":337,\"height\":332},{\"@type\":\"BreadcrumbList\",\"@id\":\"https:\\\/\\\/nettiseitti.fi\\\/showroom\\\/tuote\\\/alykoti-jarjestelmat\\\/#breadcrumb\",\"itemListElement\":[{\"@type\":\"ListItem\",\"position\":1,\"name\":\"Etusivu\",\"item\":\"https:\\\/\\\/nettiseitti.fi\\\/showroom\\\/\"},{\"@type\":\"ListItem\",\"position\":2,\"name\":\"Tuotteet\",\"item\":\"https:\\\/\\\/nettiseitti.fi\\\/showroom\\\/tuotteet\\\/\"},{\"@type\":\"ListItem\",\"position\":3,\"name\":\"\u00c4lykoti j\u00e4rjestelm\u00e4t\"}]},{\"@type\":\"WebSite\",\"@id\":\"https:\\\/\\\/nettiseitti.fi\\\/showroom\\\/#website\",\"url\":\"https:\\\/\\\/nettiseitti.fi\\\/showroom\\\/\",\"name\":\"NettiSeitti\",\"description\":\"\",\"publisher\":{\"@id\":\"https:\\\/\\\/nettiseitti.fi\\\/showroom\\\/#organization\"},\"potentialAction\":[{\"@type\":\"SearchAction\",\"target\":{\"@type\":\"EntryPoint\",\"urlTemplate\":\"https:\\\/\\\/nettiseitti.fi\\\/showroom\\\/?s={search_term_string}\"},\"query-input\":{\"@type\":\"PropertyValueSpecification\",\"valueRequired\":true,\"valueName\":\"search_term_string\"}}],\"inLanguage\":\"fi\"},{\"@type\":\"Organization\",\"@id\":\"https:\\\/\\\/nettiseitti.fi\\\/showroom\\\/#organization\",\"name\":\"NettiSeitti\",\"url\":\"https:\\\/\\\/nettiseitti.fi\\\/showroom\\\/\",\"logo\":{\"@type\":\"ImageObject\",\"inLanguage\":\"fi\",\"@id\":\"https:\\\/\\\/nettiseitti.fi\\\/showroom\\\/#\\\/schema\\\/logo\\\/image\\\/\",\"url\":\"https:\\\/\\\/nettiseitti.fi\\\/showroom\\\/wp-content\\\/uploads\\\/2024\\\/03\\\/nettiseitti_lapinakyva_tausta.png\",\"contentUrl\":\"https:\\\/\\\/nettiseitti.fi\\\/showroom\\\/wp-content\\\/uploads\\\/2024\\\/03\\\/nettiseitti_lapinakyva_tausta.png\",\"width\":2176,\"height\":741,\"caption\":\"NettiSeitti\"},\"image\":{\"@id\":\"https:\\\/\\\/nettiseitti.fi\\\/showroom\\\/#\\\/schema\\\/logo\\\/image\\\/\"}}]}<\/script>\n<!-- \/ Yoast SEO plugin. -->","yoast_head_json":{"title":"\u00c4lykoti j\u00e4rjestelm\u00e4t - NettiSeitti","description":"Erilaiset \u00e4lykoti j\u00e4rjestelm\u00e4t mm. l\u00e4mp\u00f6tilan mittaamiseen. Pirkanmaa, Satakunta, Etel\u00e4-Pohjanmaa, Pohjanmaa, Sein\u00e4joki, Sastamala, Tampere, Vaasa, Pori.","robots":{"index":"index","follow":"follow","max-snippet":"max-snippet:-1","max-image-preview":"max-image-preview:large","max-video-preview":"max-video-preview:-1"},"canonical":"https:\/\/nettiseitti.fi\/showroom\/tuote\/alykoti-jarjestelmat\/","og_locale":"fi_FI","og_type":"article","og_title":"\u00c4lykoti j\u00e4rjestelm\u00e4t - NettiSeitti","og_description":"Erilaiset \u00e4lykoti j\u00e4rjestelm\u00e4t mm. l\u00e4mp\u00f6tilan mittaamiseen. Pirkanmaa, Satakunta, Etel\u00e4-Pohjanmaa, Pohjanmaa, Sein\u00e4joki, Sastamala, Tampere, Vaasa, Pori.","og_url":"https:\/\/nettiseitti.fi\/showroom\/tuote\/alykoti-jarjestelmat\/","og_site_name":"NettiSeitti","article_modified_time":"2024-10-01T16:43:14+00:00","og_image":[{"width":337,"height":332,"url":"https:\/\/nettiseitti.fi\/showroom\/wp-content\/uploads\/2024\/03\/alykoti.jpg","type":"image\/jpeg"}],"twitter_card":"summary_large_image","twitter_misc":{"Arvioitu lukuaika":"1 minuutti"},"schema":{"@context":"https:\/\/schema.org","@graph":[{"@type":"WebPage","@id":"https:\/\/nettiseitti.fi\/showroom\/tuote\/alykoti-jarjestelmat\/","url":"https:\/\/nettiseitti.fi\/showroom\/tuote\/alykoti-jarjestelmat\/","name":"\u00c4lykoti j\u00e4rjestelm\u00e4t - NettiSeitti","isPartOf":{"@id":"https:\/\/nettiseitti.fi\/showroom\/#website"},"primaryImageOfPage":{"@id":"https:\/\/nettiseitti.fi\/showroom\/tuote\/alykoti-jarjestelmat\/#primaryimage"},"image":{"@id":"https:\/\/nettiseitti.fi\/showroom\/tuote\/alykoti-jarjestelmat\/#primaryimage"},"thumbnailUrl":"https:\/\/nettiseitti.fi\/showroom\/wp-content\/uploads\/2024\/03\/alykoti.jpg","datePublished":"2024-03-16T11:58:24+00:00","dateModified":"2024-10-01T16:43:14+00:00","description":"Erilaiset \u00e4lykoti j\u00e4rjestelm\u00e4t mm. l\u00e4mp\u00f6tilan mittaamiseen. Pirkanmaa, Satakunta, Etel\u00e4-Pohjanmaa, Pohjanmaa, Sein\u00e4joki, Sastamala, Tampere, Vaasa, Pori.","breadcrumb":{"@id":"https:\/\/nettiseitti.fi\/showroom\/tuote\/alykoti-jarjestelmat\/#breadcrumb"},"inLanguage":"fi","potentialAction":[{"@type":"ReadAction","target":["https:\/\/nettiseitti.fi\/showroom\/tuote\/alykoti-jarjestelmat\/"]}]},{"@type":"ImageObject","inLanguage":"fi","@id":"https:\/\/nettiseitti.fi\/showroom\/tuote\/alykoti-jarjestelmat\/#primaryimage","url":"https:\/\/nettiseitti.fi\/showroom\/wp-content\/uploads\/2024\/03\/alykoti.jpg","contentUrl":"https:\/\/nettiseitti.fi\/showroom\/wp-content\/uploads\/2024\/03\/alykoti.jpg","width":337,"height":332},{"@type":"BreadcrumbList","@id":"https:\/\/nettiseitti.fi\/showroom\/tuote\/alykoti-jarjestelmat\/#breadcrumb","itemListElement":[{"@type":"ListItem","position":1,"name":"Etusivu","item":"https:\/\/nettiseitti.fi\/showroom\/"},{"@type":"ListItem","position":2,"name":"Tuotteet","item":"https:\/\/nettiseitti.fi\/showroom\/tuotteet\/"},{"@type":"ListItem","position":3,"name":"\u00c4lykoti j\u00e4rjestelm\u00e4t"}]},{"@type":"WebSite","@id":"https:\/\/nettiseitti.fi\/showroom\/#website","url":"https:\/\/nettiseitti.fi\/showroom\/","name":"NettiSeitti","description":"","publisher":{"@id":"https:\/\/nettiseitti.fi\/showroom\/#organization"},"potentialAction":[{"@type":"SearchAction","target":{"@type":"EntryPoint","urlTemplate":"https:\/\/nettiseitti.fi\/showroom\/?s={search_term_string}"},"query-input":{"@type":"PropertyValueSpecification","valueRequired":true,"valueName":"search_term_string"}}],"inLanguage":"fi"},{"@type":"Organization","@id":"https:\/\/nettiseitti.fi\/showroom\/#organization","name":"NettiSeitti","url":"https:\/\/nettiseitti.fi\/showroom\/","logo":{"@type":"ImageObject","inLanguage":"fi","@id":"https:\/\/nettiseitti.fi\/showroom\/#\/schema\/logo\/image\/","url":"https:\/\/nettiseitti.fi\/showroom\/wp-content\/uploads\/2024\/03\/nettiseitti_lapinakyva_tausta.png","contentUrl":"https:\/\/nettiseitti.fi\/showroom\/wp-content\/uploads\/2024\/03\/nettiseitti_lapinakyva_tausta.png","width":2176,"height":741,"caption":"NettiSeitti"},"image":{"@id":"https:\/\/nettiseitti.fi\/showroom\/#\/schema\/logo\/image\/"}}]}},"_links":{"self":[{"href":"https:\/\/nettiseitti.fi\/showroom\/wp-json\/wp\/v2\/product\/12669","targetHints":{"allow":["GET"]}}],"collection":[{"href":"https:\/\/nettiseitti.fi\/showroom\/wp-json\/wp\/v2\/product"}],"about":[{"href":"https:\/\/nettiseitti.fi\/showroom\/wp-json\/wp\/v2\/types\/product"}],"wp:featuredmedia":[{"embeddable":true,"href":"https:\/\/nettiseitti.fi\/showroom\/wp-json\/wp\/v2\/media\/12670"}],"wp:attachment":[{"href":"https:\/\/nettiseitti.fi\/showroom\/wp-json\/wp\/v2\/media?parent=12669"}],"wp:term":[{"taxonomy":"product_brand","embeddable":true,"href":"https:\/\/nettiseitti.fi\/showroom\/wp-json\/wp\/v2\/product_brand?post=12669"},{"taxonomy":"product_cat","embeddable":true,"href":"https:\/\/nettiseitti.fi\/showroom\/wp-json\/wp\/v2\/product_cat?post=12669"},{"taxonomy":"product_tag","embeddable":true,"href":"https:\/\/nettiseitti.fi\/showroom\/wp-json\/wp\/v2\/product_tag?post=12669"}],"curies":[{"name":"wp","href":"https:\/\/api.w.org\/{rel}","templated":true}]}}