{"id":12711,"date":"2024-03-16T19:07:45","date_gmt":"2024-03-16T17:07:45","guid":{"rendered":"https:\/\/nettiseitti.fi\/showroom\/?post_type=product&#038;p=12711"},"modified":"2024-09-02T23:08:57","modified_gmt":"2024-09-02T20:08:57","slug":"virusten-haittaohjelmien-vakoiluohjelmien-poisto","status":"publish","type":"product","link":"https:\/\/nettiseitti.fi\/showroom\/tuote\/virusten-haittaohjelmien-vakoiluohjelmien-poisto\/","title":{"rendered":"Virusten, haittaohjelmien, vakoiluohjelmien poisto"},"content":{"rendered":"<p>Hankkiudutaan eroon seuraajista:<\/p>\n<ul>\n<li>Poistamme tableteista, puhelimista, tietokoneista, kannettavista ja muista laitteista virukset, haittaohjelmat ja vakoiluohjelmat.<\/li>\n<li>Viime vuosina my\u00f6s Android-laitteilla etenkin haittaohjelmat ovat yleistyneet. My\u00f6s mobiililaitteessa tulisi olla ajan tasalla oleva virustorjuntaohjelma<\/li>\n<\/ul>\n<p>Virukset, haittaohjelmat ja vakoiluohjelmat ovat useimmiten tehty Windows-k\u00e4ytt\u00f6j\u00e4rjestelm\u00e4lle sen yleisyyden vuoksi.<br \/>\nSen vuoksi Windows-laitteissa esiintyy m\u00e4\u00e4r\u00e4llisesti eniten viruksia, haittaohjelmia ja vakoiluohjelmia.<\/p>\n<p>Ota yhteytt\u00e4 niin kartoitetaan laitteesi tilanne !<\/p>\n<p>Ota yhteytt\u00e4:<br \/>\nPuh. <a href=\"tel:0401523801\">040 1523801<\/a><br \/>\nS\u00e4hk\u00f6posti: huolto [at] nettiseitti.fi<\/p>\n","protected":false},"excerpt":{"rendered":"<p>Poistamme ik\u00e4v\u00e4t ohjelmat ja virukset laitteiltasi.<\/p>\n","protected":false},"featured_media":12712,"template":"","meta":{"neve_meta_sidebar":"","neve_meta_container":"","neve_meta_enable_content_width":"off","neve_meta_content_width":100,"neve_meta_title_alignment":"","neve_meta_author_avatar":"","neve_post_elements_order":"","neve_meta_disable_header":"","neve_meta_disable_footer":"","neve_meta_disable_title":""},"product_brand":[],"product_cat":[63],"product_tag":[450,451,339,92,100,107,201,459,106,457,327,446,448,449,453,447,91,108,79,105,455,445,456,98,101,104,454,96,99,97,87,103,102,202,458,343,340,216,452],"class_list":{"0":"post-12711","1":"product","2":"type-product","3":"status-publish","4":"has-post-thumbnail","6":"product_cat-palvelut","7":"product_tag-ahtari","8":"product_tag-alavus","9":"product_tag-android","10":"product_tag-asennus","11":"product_tag-etela-pohjanmaa","12":"product_tag-etela-suomi","13":"product_tag-haittaohjelma","14":"product_tag-hameenlinna","15":"product_tag-huittinen","16":"product_tag-ikaalinen","17":"product_tag-jalasjarvi","18":"product_tag-kankaanpaa","19":"product_tag-karvia","20":"product_tag-kauhajoki","21":"product_tag-kauhava","22":"product_tag-kihnio","23":"product_tag-konfigurointi","24":"product_tag-lansi-suomi","25":"product_tag-lappari","26":"product_tag-lapua","27":"product_tag-lempaala","28":"product_tag-nokia","29":"product_tag-parkano","30":"product_tag-pirkanmaa","31":"product_tag-pohjanmaa","32":"product_tag-pori","33":"product_tag-rauma","34":"product_tag-sastamala","35":"product_tag-satakunta","36":"product_tag-seinajoki","37":"product_tag-tabletti","38":"product_tag-tampere","39":"product_tag-vaasa","40":"product_tag-vakoiluohjelma","41":"product_tag-virrat","42":"product_tag-virus","43":"product_tag-virustorjunta","44":"product_tag-windows","45":"product_tag-ylojarvi","47":"first","48":"instock","49":"shipping-taxable","50":"purchasable","51":"product-type-simple"},"yoast_head":"<!-- This site is optimized with the Yoast SEO plugin v27.4 - https:\/\/yoast.com\/product\/yoast-seo-wordpress\/ -->\n<title>Virusten, haittaohjelmien, vakoiluohjelmien poisto, haittaohjelma, vakoiluohjelma - Sein\u00e4joki, Sastamala, Tampere, Vaasa, Pori - NettiSeitti<\/title>\n<meta name=\"description\" content=\"Poistamme ik\u00e4v\u00e4t ohjelmat ja virukset laitteiltasi. Pirkanmaa, Satakunta, Etel\u00e4-Pohjanmaa, Pohjanmaa, Sein\u00e4joki, Sastamala, Tampere, Vaasa, Etel\u00e4-Suomi.\" \/>\n<meta name=\"robots\" content=\"index, follow, max-snippet:-1, max-image-preview:large, max-video-preview:-1\" \/>\n<link rel=\"canonical\" href=\"https:\/\/nettiseitti.fi\/showroom\/tuote\/virusten-haittaohjelmien-vakoiluohjelmien-poisto\/\" \/>\n<meta property=\"og:locale\" content=\"fi_FI\" \/>\n<meta property=\"og:type\" content=\"article\" \/>\n<meta property=\"og:title\" content=\"Virusten, haittaohjelmien, vakoiluohjelmien poisto, haittaohjelma, vakoiluohjelma - Sein\u00e4joki, Sastamala, Tampere, Vaasa, Pori - NettiSeitti\" \/>\n<meta property=\"og:description\" content=\"Poistamme ik\u00e4v\u00e4t ohjelmat ja virukset laitteiltasi. Pirkanmaa, Satakunta, Etel\u00e4-Pohjanmaa, Pohjanmaa, Sein\u00e4joki, Sastamala, Tampere, Vaasa, Etel\u00e4-Suomi.\" \/>\n<meta property=\"og:url\" content=\"https:\/\/nettiseitti.fi\/showroom\/tuote\/virusten-haittaohjelmien-vakoiluohjelmien-poisto\/\" \/>\n<meta property=\"og:site_name\" content=\"NettiSeitti\" \/>\n<meta property=\"article:modified_time\" content=\"2024-09-02T20:08:57+00:00\" \/>\n<meta property=\"og:image\" content=\"https:\/\/nettiseitti.fi\/showroom\/wp-content\/uploads\/2024\/03\/RS71428_U939X_black_folded_Win-scaled.jpg\" \/>\n\t<meta property=\"og:image:width\" content=\"2560\" \/>\n\t<meta property=\"og:image:height\" content=\"2560\" \/>\n\t<meta property=\"og:image:type\" content=\"image\/jpeg\" \/>\n<meta name=\"twitter:card\" content=\"summary_large_image\" \/>\n<meta name=\"twitter:label1\" content=\"Arvioitu lukuaika\" \/>\n\t<meta name=\"twitter:data1\" content=\"1 minuutti\" \/>\n<script type=\"application\/ld+json\" class=\"yoast-schema-graph\">{\"@context\":\"https:\\\/\\\/schema.org\",\"@graph\":[{\"@type\":\"WebPage\",\"@id\":\"https:\\\/\\\/nettiseitti.fi\\\/showroom\\\/tuote\\\/virusten-haittaohjelmien-vakoiluohjelmien-poisto\\\/\",\"url\":\"https:\\\/\\\/nettiseitti.fi\\\/showroom\\\/tuote\\\/virusten-haittaohjelmien-vakoiluohjelmien-poisto\\\/\",\"name\":\"Virusten, haittaohjelmien, vakoiluohjelmien poisto, haittaohjelma, vakoiluohjelma - Sein\u00e4joki, Sastamala, Tampere, Vaasa, Pori - NettiSeitti\",\"isPartOf\":{\"@id\":\"https:\\\/\\\/nettiseitti.fi\\\/showroom\\\/#website\"},\"primaryImageOfPage\":{\"@id\":\"https:\\\/\\\/nettiseitti.fi\\\/showroom\\\/tuote\\\/virusten-haittaohjelmien-vakoiluohjelmien-poisto\\\/#primaryimage\"},\"image\":{\"@id\":\"https:\\\/\\\/nettiseitti.fi\\\/showroom\\\/tuote\\\/virusten-haittaohjelmien-vakoiluohjelmien-poisto\\\/#primaryimage\"},\"thumbnailUrl\":\"https:\\\/\\\/nettiseitti.fi\\\/showroom\\\/wp-content\\\/uploads\\\/2024\\\/03\\\/RS71428_U939X_black_folded_Win-scaled.jpg\",\"datePublished\":\"2024-03-16T17:07:45+00:00\",\"dateModified\":\"2024-09-02T20:08:57+00:00\",\"description\":\"Poistamme ik\u00e4v\u00e4t ohjelmat ja virukset laitteiltasi. Pirkanmaa, Satakunta, Etel\u00e4-Pohjanmaa, Pohjanmaa, Sein\u00e4joki, Sastamala, Tampere, Vaasa, Etel\u00e4-Suomi.\",\"breadcrumb\":{\"@id\":\"https:\\\/\\\/nettiseitti.fi\\\/showroom\\\/tuote\\\/virusten-haittaohjelmien-vakoiluohjelmien-poisto\\\/#breadcrumb\"},\"inLanguage\":\"fi\",\"potentialAction\":[{\"@type\":\"ReadAction\",\"target\":[\"https:\\\/\\\/nettiseitti.fi\\\/showroom\\\/tuote\\\/virusten-haittaohjelmien-vakoiluohjelmien-poisto\\\/\"]}]},{\"@type\":\"ImageObject\",\"inLanguage\":\"fi\",\"@id\":\"https:\\\/\\\/nettiseitti.fi\\\/showroom\\\/tuote\\\/virusten-haittaohjelmien-vakoiluohjelmien-poisto\\\/#primaryimage\",\"url\":\"https:\\\/\\\/nettiseitti.fi\\\/showroom\\\/wp-content\\\/uploads\\\/2024\\\/03\\\/RS71428_U939X_black_folded_Win-scaled.jpg\",\"contentUrl\":\"https:\\\/\\\/nettiseitti.fi\\\/showroom\\\/wp-content\\\/uploads\\\/2024\\\/03\\\/RS71428_U939X_black_folded_Win-scaled.jpg\",\"width\":2560,\"height\":2560},{\"@type\":\"BreadcrumbList\",\"@id\":\"https:\\\/\\\/nettiseitti.fi\\\/showroom\\\/tuote\\\/virusten-haittaohjelmien-vakoiluohjelmien-poisto\\\/#breadcrumb\",\"itemListElement\":[{\"@type\":\"ListItem\",\"position\":1,\"name\":\"Etusivu\",\"item\":\"https:\\\/\\\/nettiseitti.fi\\\/showroom\\\/\"},{\"@type\":\"ListItem\",\"position\":2,\"name\":\"Tuotteet\",\"item\":\"https:\\\/\\\/nettiseitti.fi\\\/showroom\\\/tuotteet\\\/\"},{\"@type\":\"ListItem\",\"position\":3,\"name\":\"Virusten, haittaohjelmien, vakoiluohjelmien poisto\"}]},{\"@type\":\"WebSite\",\"@id\":\"https:\\\/\\\/nettiseitti.fi\\\/showroom\\\/#website\",\"url\":\"https:\\\/\\\/nettiseitti.fi\\\/showroom\\\/\",\"name\":\"NettiSeitti\",\"description\":\"\",\"publisher\":{\"@id\":\"https:\\\/\\\/nettiseitti.fi\\\/showroom\\\/#organization\"},\"potentialAction\":[{\"@type\":\"SearchAction\",\"target\":{\"@type\":\"EntryPoint\",\"urlTemplate\":\"https:\\\/\\\/nettiseitti.fi\\\/showroom\\\/?s={search_term_string}\"},\"query-input\":{\"@type\":\"PropertyValueSpecification\",\"valueRequired\":true,\"valueName\":\"search_term_string\"}}],\"inLanguage\":\"fi\"},{\"@type\":\"Organization\",\"@id\":\"https:\\\/\\\/nettiseitti.fi\\\/showroom\\\/#organization\",\"name\":\"NettiSeitti\",\"url\":\"https:\\\/\\\/nettiseitti.fi\\\/showroom\\\/\",\"logo\":{\"@type\":\"ImageObject\",\"inLanguage\":\"fi\",\"@id\":\"https:\\\/\\\/nettiseitti.fi\\\/showroom\\\/#\\\/schema\\\/logo\\\/image\\\/\",\"url\":\"https:\\\/\\\/nettiseitti.fi\\\/showroom\\\/wp-content\\\/uploads\\\/2024\\\/03\\\/nettiseitti_lapinakyva_tausta.png\",\"contentUrl\":\"https:\\\/\\\/nettiseitti.fi\\\/showroom\\\/wp-content\\\/uploads\\\/2024\\\/03\\\/nettiseitti_lapinakyva_tausta.png\",\"width\":2176,\"height\":741,\"caption\":\"NettiSeitti\"},\"image\":{\"@id\":\"https:\\\/\\\/nettiseitti.fi\\\/showroom\\\/#\\\/schema\\\/logo\\\/image\\\/\"}}]}<\/script>\n<!-- \/ Yoast SEO plugin. -->","yoast_head_json":{"title":"Virusten, haittaohjelmien, vakoiluohjelmien poisto, haittaohjelma, vakoiluohjelma - Sein\u00e4joki, Sastamala, Tampere, Vaasa, Pori - NettiSeitti","description":"Poistamme ik\u00e4v\u00e4t ohjelmat ja virukset laitteiltasi. Pirkanmaa, Satakunta, Etel\u00e4-Pohjanmaa, Pohjanmaa, Sein\u00e4joki, Sastamala, Tampere, Vaasa, Etel\u00e4-Suomi.","robots":{"index":"index","follow":"follow","max-snippet":"max-snippet:-1","max-image-preview":"max-image-preview:large","max-video-preview":"max-video-preview:-1"},"canonical":"https:\/\/nettiseitti.fi\/showroom\/tuote\/virusten-haittaohjelmien-vakoiluohjelmien-poisto\/","og_locale":"fi_FI","og_type":"article","og_title":"Virusten, haittaohjelmien, vakoiluohjelmien poisto, haittaohjelma, vakoiluohjelma - Sein\u00e4joki, Sastamala, Tampere, Vaasa, Pori - NettiSeitti","og_description":"Poistamme ik\u00e4v\u00e4t ohjelmat ja virukset laitteiltasi. Pirkanmaa, Satakunta, Etel\u00e4-Pohjanmaa, Pohjanmaa, Sein\u00e4joki, Sastamala, Tampere, Vaasa, Etel\u00e4-Suomi.","og_url":"https:\/\/nettiseitti.fi\/showroom\/tuote\/virusten-haittaohjelmien-vakoiluohjelmien-poisto\/","og_site_name":"NettiSeitti","article_modified_time":"2024-09-02T20:08:57+00:00","og_image":[{"width":2560,"height":2560,"url":"https:\/\/nettiseitti.fi\/showroom\/wp-content\/uploads\/2024\/03\/RS71428_U939X_black_folded_Win-scaled.jpg","type":"image\/jpeg"}],"twitter_card":"summary_large_image","twitter_misc":{"Arvioitu lukuaika":"1 minuutti"},"schema":{"@context":"https:\/\/schema.org","@graph":[{"@type":"WebPage","@id":"https:\/\/nettiseitti.fi\/showroom\/tuote\/virusten-haittaohjelmien-vakoiluohjelmien-poisto\/","url":"https:\/\/nettiseitti.fi\/showroom\/tuote\/virusten-haittaohjelmien-vakoiluohjelmien-poisto\/","name":"Virusten, haittaohjelmien, vakoiluohjelmien poisto, haittaohjelma, vakoiluohjelma - Sein\u00e4joki, Sastamala, Tampere, Vaasa, Pori - NettiSeitti","isPartOf":{"@id":"https:\/\/nettiseitti.fi\/showroom\/#website"},"primaryImageOfPage":{"@id":"https:\/\/nettiseitti.fi\/showroom\/tuote\/virusten-haittaohjelmien-vakoiluohjelmien-poisto\/#primaryimage"},"image":{"@id":"https:\/\/nettiseitti.fi\/showroom\/tuote\/virusten-haittaohjelmien-vakoiluohjelmien-poisto\/#primaryimage"},"thumbnailUrl":"https:\/\/nettiseitti.fi\/showroom\/wp-content\/uploads\/2024\/03\/RS71428_U939X_black_folded_Win-scaled.jpg","datePublished":"2024-03-16T17:07:45+00:00","dateModified":"2024-09-02T20:08:57+00:00","description":"Poistamme ik\u00e4v\u00e4t ohjelmat ja virukset laitteiltasi. Pirkanmaa, Satakunta, Etel\u00e4-Pohjanmaa, Pohjanmaa, Sein\u00e4joki, Sastamala, Tampere, Vaasa, Etel\u00e4-Suomi.","breadcrumb":{"@id":"https:\/\/nettiseitti.fi\/showroom\/tuote\/virusten-haittaohjelmien-vakoiluohjelmien-poisto\/#breadcrumb"},"inLanguage":"fi","potentialAction":[{"@type":"ReadAction","target":["https:\/\/nettiseitti.fi\/showroom\/tuote\/virusten-haittaohjelmien-vakoiluohjelmien-poisto\/"]}]},{"@type":"ImageObject","inLanguage":"fi","@id":"https:\/\/nettiseitti.fi\/showroom\/tuote\/virusten-haittaohjelmien-vakoiluohjelmien-poisto\/#primaryimage","url":"https:\/\/nettiseitti.fi\/showroom\/wp-content\/uploads\/2024\/03\/RS71428_U939X_black_folded_Win-scaled.jpg","contentUrl":"https:\/\/nettiseitti.fi\/showroom\/wp-content\/uploads\/2024\/03\/RS71428_U939X_black_folded_Win-scaled.jpg","width":2560,"height":2560},{"@type":"BreadcrumbList","@id":"https:\/\/nettiseitti.fi\/showroom\/tuote\/virusten-haittaohjelmien-vakoiluohjelmien-poisto\/#breadcrumb","itemListElement":[{"@type":"ListItem","position":1,"name":"Etusivu","item":"https:\/\/nettiseitti.fi\/showroom\/"},{"@type":"ListItem","position":2,"name":"Tuotteet","item":"https:\/\/nettiseitti.fi\/showroom\/tuotteet\/"},{"@type":"ListItem","position":3,"name":"Virusten, haittaohjelmien, vakoiluohjelmien poisto"}]},{"@type":"WebSite","@id":"https:\/\/nettiseitti.fi\/showroom\/#website","url":"https:\/\/nettiseitti.fi\/showroom\/","name":"NettiSeitti","description":"","publisher":{"@id":"https:\/\/nettiseitti.fi\/showroom\/#organization"},"potentialAction":[{"@type":"SearchAction","target":{"@type":"EntryPoint","urlTemplate":"https:\/\/nettiseitti.fi\/showroom\/?s={search_term_string}"},"query-input":{"@type":"PropertyValueSpecification","valueRequired":true,"valueName":"search_term_string"}}],"inLanguage":"fi"},{"@type":"Organization","@id":"https:\/\/nettiseitti.fi\/showroom\/#organization","name":"NettiSeitti","url":"https:\/\/nettiseitti.fi\/showroom\/","logo":{"@type":"ImageObject","inLanguage":"fi","@id":"https:\/\/nettiseitti.fi\/showroom\/#\/schema\/logo\/image\/","url":"https:\/\/nettiseitti.fi\/showroom\/wp-content\/uploads\/2024\/03\/nettiseitti_lapinakyva_tausta.png","contentUrl":"https:\/\/nettiseitti.fi\/showroom\/wp-content\/uploads\/2024\/03\/nettiseitti_lapinakyva_tausta.png","width":2176,"height":741,"caption":"NettiSeitti"},"image":{"@id":"https:\/\/nettiseitti.fi\/showroom\/#\/schema\/logo\/image\/"}}]}},"_links":{"self":[{"href":"https:\/\/nettiseitti.fi\/showroom\/wp-json\/wp\/v2\/product\/12711","targetHints":{"allow":["GET"]}}],"collection":[{"href":"https:\/\/nettiseitti.fi\/showroom\/wp-json\/wp\/v2\/product"}],"about":[{"href":"https:\/\/nettiseitti.fi\/showroom\/wp-json\/wp\/v2\/types\/product"}],"wp:featuredmedia":[{"embeddable":true,"href":"https:\/\/nettiseitti.fi\/showroom\/wp-json\/wp\/v2\/media\/12712"}],"wp:attachment":[{"href":"https:\/\/nettiseitti.fi\/showroom\/wp-json\/wp\/v2\/media?parent=12711"}],"wp:term":[{"taxonomy":"product_brand","embeddable":true,"href":"https:\/\/nettiseitti.fi\/showroom\/wp-json\/wp\/v2\/product_brand?post=12711"},{"taxonomy":"product_cat","embeddable":true,"href":"https:\/\/nettiseitti.fi\/showroom\/wp-json\/wp\/v2\/product_cat?post=12711"},{"taxonomy":"product_tag","embeddable":true,"href":"https:\/\/nettiseitti.fi\/showroom\/wp-json\/wp\/v2\/product_tag?post=12711"}],"curies":[{"name":"wp","href":"https:\/\/api.w.org\/{rel}","templated":true}]}}