{"id":12820,"date":"2024-03-20T22:12:28","date_gmt":"2024-03-20T20:12:28","guid":{"rendered":"https:\/\/nettiseitti.fi\/showroom\/?post_type=product&#038;p=12820"},"modified":"2024-10-01T19:50:12","modified_gmt":"2024-10-01T16:50:12","slug":"ups-laitteet-varavoimalahde","status":"publish","type":"product","link":"https:\/\/nettiseitti.fi\/showroom\/tuote\/ups-laitteet-varavoimalahde\/","title":{"rendered":"UPS-laitteet, varavoimal\u00e4hde"},"content":{"rendered":"<p>UPS-varavoimal\u00e4hteet Lithium akuilla sek\u00e4 muilla akkutyypeill\u00e4 ja monilla erilaisilla akkujen kapasiteeteill\u00e4.<\/p>\n<ul>\n<li>UPS (<span class=\"BxUVEf ILfuVd\" lang=\"fi\"><span class=\"hgKElc\">Uninterruptible Power Supply<\/span><\/span>) -varavirtalaitteella varmistat, ett\u00e4 laitteet eiv\u00e4t lakkaa toimimasta s\u00e4hk\u00f6katkon tullessa.<\/li>\n<li>Useissa UPS-laitteissa my\u00f6s ominaisuuksia, jotka poistavat j\u00e4nnitepiikit ja -alenemat, kohinan sek\u00e4 yliaallot siten ett\u00e4 UPS-laitteesta l\u00e4htev\u00e4 s\u00e4hk\u00f6 on h\u00e4iri\u00f6t\u00f6nt\u00e4 sek\u00e4 puhdasta siniaaltoista vaihtos\u00e4hk\u00f6\u00e4.<\/li>\n<\/ul>\n<p>UPS-laitteet useilta valmistajilta mm. ABB, APC, PowerWalker, Eaton yms.<\/p>\n<p>Ota yhteytt\u00e4:<br \/>\nPuh. <a href=\"tel:0401523801\">040 1523801<\/a><br \/>\nS\u00e4hk\u00f6posti: myynti [at] nettiseitti.fi<\/p>\n","protected":false},"excerpt":{"rendered":"<p>UPS-varavirtalaitteet useilla erilaisilla akustoilla.<\/p>\n","protected":false},"featured_media":12822,"template":"","meta":{"neve_meta_sidebar":"","neve_meta_container":"","neve_meta_enable_content_width":"off","neve_meta_content_width":100,"neve_meta_title_alignment":"","neve_meta_author_avatar":"","neve_post_elements_order":"","neve_meta_disable_header":"","neve_meta_disable_footer":"","neve_meta_disable_title":""},"product_brand":[],"product_cat":[495],"product_tag":[389,450,126,393,451,390,407,100,107,459,106,457,327,446,448,449,453,447,108,105,455,395,445,456,98,101,104,391,454,394,96,99,97,103,384,388,385,386,387,102,392,383,458,452],"class_list":{"0":"post-12820","1":"product","2":"type-product","3":"status-publish","4":"has-post-thumbnail","6":"product_cat-ups-varavoimalaitteet","7":"product_tag-abb","8":"product_tag-ahtari","9":"product_tag-akku","10":"product_tag-akusto","11":"product_tag-alavus","12":"product_tag-apc","13":"product_tag-eaton","14":"product_tag-etela-pohjanmaa","15":"product_tag-etela-suomi","16":"product_tag-hameenlinna","17":"product_tag-huittinen","18":"product_tag-ikaalinen","19":"product_tag-jalasjarvi","20":"product_tag-kankaanpaa","21":"product_tag-karvia","22":"product_tag-kauhajoki","23":"product_tag-kauhava","24":"product_tag-kihnio","25":"product_tag-lansi-suomi","26":"product_tag-lapua","27":"product_tag-lempaala","28":"product_tag-lithium","29":"product_tag-nokia","30":"product_tag-parkano","31":"product_tag-pirkanmaa","32":"product_tag-pohjanmaa","33":"product_tag-pori","34":"product_tag-powerwalker","35":"product_tag-rauma","36":"product_tag-sahkokatko","37":"product_tag-sastamala","38":"product_tag-satakunta","39":"product_tag-seinajoki","40":"product_tag-tampere","41":"product_tag-ups","42":"product_tag-ups-laite","43":"product_tag-ups-varavirtalahde","44":"product_tag-ups-varavirtalaite","45":"product_tag-ups-varavoimalahde","46":"product_tag-vaasa","47":"product_tag-vaihtosahko","48":"product_tag-varavirtalahde","49":"product_tag-virrat","50":"product_tag-ylojarvi","52":"first","53":"instock","54":"shipping-taxable","55":"product-type-simple"},"yoast_head":"<!-- This site is optimized with the Yoast SEO plugin v27.4 - https:\/\/yoast.com\/product\/yoast-seo-wordpress\/ -->\n<title>UPS-laitteet, varavoimal\u00e4hde - NettiSeitti<\/title>\n<meta name=\"description\" content=\"UPS-varavirtalaitteet useilla erilaisilla akustoilla. Pirkanmaa, Satakunta, Etel\u00e4-Pohjanmaa, Pohjanmaa, Sein\u00e4joki, Sastamala, Tampere, Vaasa, Etel\u00e4-Suomi.\" \/>\n<meta name=\"robots\" content=\"index, follow, max-snippet:-1, max-image-preview:large, max-video-preview:-1\" \/>\n<link rel=\"canonical\" href=\"https:\/\/nettiseitti.fi\/showroom\/tuote\/ups-laitteet-varavoimalahde\/\" \/>\n<meta property=\"og:locale\" content=\"fi_FI\" \/>\n<meta property=\"og:type\" content=\"article\" \/>\n<meta property=\"og:title\" content=\"UPS-laitteet, varavoimal\u00e4hde - NettiSeitti\" \/>\n<meta property=\"og:description\" content=\"UPS-varavirtalaitteet useilla erilaisilla akustoilla. Pirkanmaa, Satakunta, Etel\u00e4-Pohjanmaa, Pohjanmaa, Sein\u00e4joki, Sastamala, Tampere, Vaasa, Etel\u00e4-Suomi.\" \/>\n<meta property=\"og:url\" content=\"https:\/\/nettiseitti.fi\/showroom\/tuote\/ups-laitteet-varavoimalahde\/\" \/>\n<meta property=\"og:site_name\" content=\"NettiSeitti\" \/>\n<meta property=\"article:modified_time\" content=\"2024-10-01T16:50:12+00:00\" \/>\n<meta property=\"og:image\" content=\"https:\/\/nettiseitti.fi\/showroom\/wp-content\/uploads\/2024\/03\/ups-varavirtalaite.jpg\" \/>\n\t<meta property=\"og:image:width\" content=\"481\" \/>\n\t<meta property=\"og:image:height\" content=\"466\" \/>\n\t<meta property=\"og:image:type\" content=\"image\/jpeg\" \/>\n<meta name=\"twitter:card\" content=\"summary_large_image\" \/>\n<meta name=\"twitter:label1\" content=\"Arvioitu lukuaika\" \/>\n\t<meta name=\"twitter:data1\" content=\"1 minuutti\" \/>\n<script type=\"application\/ld+json\" class=\"yoast-schema-graph\">{\"@context\":\"https:\\\/\\\/schema.org\",\"@graph\":[{\"@type\":\"WebPage\",\"@id\":\"https:\\\/\\\/nettiseitti.fi\\\/showroom\\\/tuote\\\/ups-laitteet-varavoimalahde\\\/\",\"url\":\"https:\\\/\\\/nettiseitti.fi\\\/showroom\\\/tuote\\\/ups-laitteet-varavoimalahde\\\/\",\"name\":\"UPS-laitteet, varavoimal\u00e4hde - NettiSeitti\",\"isPartOf\":{\"@id\":\"https:\\\/\\\/nettiseitti.fi\\\/showroom\\\/#website\"},\"primaryImageOfPage\":{\"@id\":\"https:\\\/\\\/nettiseitti.fi\\\/showroom\\\/tuote\\\/ups-laitteet-varavoimalahde\\\/#primaryimage\"},\"image\":{\"@id\":\"https:\\\/\\\/nettiseitti.fi\\\/showroom\\\/tuote\\\/ups-laitteet-varavoimalahde\\\/#primaryimage\"},\"thumbnailUrl\":\"https:\\\/\\\/nettiseitti.fi\\\/showroom\\\/wp-content\\\/uploads\\\/2024\\\/03\\\/ups-varavirtalaite.jpg\",\"datePublished\":\"2024-03-20T20:12:28+00:00\",\"dateModified\":\"2024-10-01T16:50:12+00:00\",\"description\":\"UPS-varavirtalaitteet useilla erilaisilla akustoilla. Pirkanmaa, Satakunta, Etel\u00e4-Pohjanmaa, Pohjanmaa, Sein\u00e4joki, Sastamala, Tampere, Vaasa, Etel\u00e4-Suomi.\",\"breadcrumb\":{\"@id\":\"https:\\\/\\\/nettiseitti.fi\\\/showroom\\\/tuote\\\/ups-laitteet-varavoimalahde\\\/#breadcrumb\"},\"inLanguage\":\"fi\",\"potentialAction\":[{\"@type\":\"ReadAction\",\"target\":[\"https:\\\/\\\/nettiseitti.fi\\\/showroom\\\/tuote\\\/ups-laitteet-varavoimalahde\\\/\"]}]},{\"@type\":\"ImageObject\",\"inLanguage\":\"fi\",\"@id\":\"https:\\\/\\\/nettiseitti.fi\\\/showroom\\\/tuote\\\/ups-laitteet-varavoimalahde\\\/#primaryimage\",\"url\":\"https:\\\/\\\/nettiseitti.fi\\\/showroom\\\/wp-content\\\/uploads\\\/2024\\\/03\\\/ups-varavirtalaite.jpg\",\"contentUrl\":\"https:\\\/\\\/nettiseitti.fi\\\/showroom\\\/wp-content\\\/uploads\\\/2024\\\/03\\\/ups-varavirtalaite.jpg\",\"width\":481,\"height\":466},{\"@type\":\"BreadcrumbList\",\"@id\":\"https:\\\/\\\/nettiseitti.fi\\\/showroom\\\/tuote\\\/ups-laitteet-varavoimalahde\\\/#breadcrumb\",\"itemListElement\":[{\"@type\":\"ListItem\",\"position\":1,\"name\":\"Etusivu\",\"item\":\"https:\\\/\\\/nettiseitti.fi\\\/showroom\\\/\"},{\"@type\":\"ListItem\",\"position\":2,\"name\":\"Tuotteet\",\"item\":\"https:\\\/\\\/nettiseitti.fi\\\/showroom\\\/tuotteet\\\/\"},{\"@type\":\"ListItem\",\"position\":3,\"name\":\"UPS-laitteet, varavoimal\u00e4hde\"}]},{\"@type\":\"WebSite\",\"@id\":\"https:\\\/\\\/nettiseitti.fi\\\/showroom\\\/#website\",\"url\":\"https:\\\/\\\/nettiseitti.fi\\\/showroom\\\/\",\"name\":\"NettiSeitti\",\"description\":\"\",\"publisher\":{\"@id\":\"https:\\\/\\\/nettiseitti.fi\\\/showroom\\\/#organization\"},\"potentialAction\":[{\"@type\":\"SearchAction\",\"target\":{\"@type\":\"EntryPoint\",\"urlTemplate\":\"https:\\\/\\\/nettiseitti.fi\\\/showroom\\\/?s={search_term_string}\"},\"query-input\":{\"@type\":\"PropertyValueSpecification\",\"valueRequired\":true,\"valueName\":\"search_term_string\"}}],\"inLanguage\":\"fi\"},{\"@type\":\"Organization\",\"@id\":\"https:\\\/\\\/nettiseitti.fi\\\/showroom\\\/#organization\",\"name\":\"NettiSeitti\",\"url\":\"https:\\\/\\\/nettiseitti.fi\\\/showroom\\\/\",\"logo\":{\"@type\":\"ImageObject\",\"inLanguage\":\"fi\",\"@id\":\"https:\\\/\\\/nettiseitti.fi\\\/showroom\\\/#\\\/schema\\\/logo\\\/image\\\/\",\"url\":\"https:\\\/\\\/nettiseitti.fi\\\/showroom\\\/wp-content\\\/uploads\\\/2024\\\/03\\\/nettiseitti_lapinakyva_tausta.png\",\"contentUrl\":\"https:\\\/\\\/nettiseitti.fi\\\/showroom\\\/wp-content\\\/uploads\\\/2024\\\/03\\\/nettiseitti_lapinakyva_tausta.png\",\"width\":2176,\"height\":741,\"caption\":\"NettiSeitti\"},\"image\":{\"@id\":\"https:\\\/\\\/nettiseitti.fi\\\/showroom\\\/#\\\/schema\\\/logo\\\/image\\\/\"}}]}<\/script>\n<!-- \/ Yoast SEO plugin. -->","yoast_head_json":{"title":"UPS-laitteet, varavoimal\u00e4hde - NettiSeitti","description":"UPS-varavirtalaitteet useilla erilaisilla akustoilla. Pirkanmaa, Satakunta, Etel\u00e4-Pohjanmaa, Pohjanmaa, Sein\u00e4joki, Sastamala, Tampere, Vaasa, Etel\u00e4-Suomi.","robots":{"index":"index","follow":"follow","max-snippet":"max-snippet:-1","max-image-preview":"max-image-preview:large","max-video-preview":"max-video-preview:-1"},"canonical":"https:\/\/nettiseitti.fi\/showroom\/tuote\/ups-laitteet-varavoimalahde\/","og_locale":"fi_FI","og_type":"article","og_title":"UPS-laitteet, varavoimal\u00e4hde - NettiSeitti","og_description":"UPS-varavirtalaitteet useilla erilaisilla akustoilla. Pirkanmaa, Satakunta, Etel\u00e4-Pohjanmaa, Pohjanmaa, Sein\u00e4joki, Sastamala, Tampere, Vaasa, Etel\u00e4-Suomi.","og_url":"https:\/\/nettiseitti.fi\/showroom\/tuote\/ups-laitteet-varavoimalahde\/","og_site_name":"NettiSeitti","article_modified_time":"2024-10-01T16:50:12+00:00","og_image":[{"width":481,"height":466,"url":"https:\/\/nettiseitti.fi\/showroom\/wp-content\/uploads\/2024\/03\/ups-varavirtalaite.jpg","type":"image\/jpeg"}],"twitter_card":"summary_large_image","twitter_misc":{"Arvioitu lukuaika":"1 minuutti"},"schema":{"@context":"https:\/\/schema.org","@graph":[{"@type":"WebPage","@id":"https:\/\/nettiseitti.fi\/showroom\/tuote\/ups-laitteet-varavoimalahde\/","url":"https:\/\/nettiseitti.fi\/showroom\/tuote\/ups-laitteet-varavoimalahde\/","name":"UPS-laitteet, varavoimal\u00e4hde - NettiSeitti","isPartOf":{"@id":"https:\/\/nettiseitti.fi\/showroom\/#website"},"primaryImageOfPage":{"@id":"https:\/\/nettiseitti.fi\/showroom\/tuote\/ups-laitteet-varavoimalahde\/#primaryimage"},"image":{"@id":"https:\/\/nettiseitti.fi\/showroom\/tuote\/ups-laitteet-varavoimalahde\/#primaryimage"},"thumbnailUrl":"https:\/\/nettiseitti.fi\/showroom\/wp-content\/uploads\/2024\/03\/ups-varavirtalaite.jpg","datePublished":"2024-03-20T20:12:28+00:00","dateModified":"2024-10-01T16:50:12+00:00","description":"UPS-varavirtalaitteet useilla erilaisilla akustoilla. Pirkanmaa, Satakunta, Etel\u00e4-Pohjanmaa, Pohjanmaa, Sein\u00e4joki, Sastamala, Tampere, Vaasa, Etel\u00e4-Suomi.","breadcrumb":{"@id":"https:\/\/nettiseitti.fi\/showroom\/tuote\/ups-laitteet-varavoimalahde\/#breadcrumb"},"inLanguage":"fi","potentialAction":[{"@type":"ReadAction","target":["https:\/\/nettiseitti.fi\/showroom\/tuote\/ups-laitteet-varavoimalahde\/"]}]},{"@type":"ImageObject","inLanguage":"fi","@id":"https:\/\/nettiseitti.fi\/showroom\/tuote\/ups-laitteet-varavoimalahde\/#primaryimage","url":"https:\/\/nettiseitti.fi\/showroom\/wp-content\/uploads\/2024\/03\/ups-varavirtalaite.jpg","contentUrl":"https:\/\/nettiseitti.fi\/showroom\/wp-content\/uploads\/2024\/03\/ups-varavirtalaite.jpg","width":481,"height":466},{"@type":"BreadcrumbList","@id":"https:\/\/nettiseitti.fi\/showroom\/tuote\/ups-laitteet-varavoimalahde\/#breadcrumb","itemListElement":[{"@type":"ListItem","position":1,"name":"Etusivu","item":"https:\/\/nettiseitti.fi\/showroom\/"},{"@type":"ListItem","position":2,"name":"Tuotteet","item":"https:\/\/nettiseitti.fi\/showroom\/tuotteet\/"},{"@type":"ListItem","position":3,"name":"UPS-laitteet, varavoimal\u00e4hde"}]},{"@type":"WebSite","@id":"https:\/\/nettiseitti.fi\/showroom\/#website","url":"https:\/\/nettiseitti.fi\/showroom\/","name":"NettiSeitti","description":"","publisher":{"@id":"https:\/\/nettiseitti.fi\/showroom\/#organization"},"potentialAction":[{"@type":"SearchAction","target":{"@type":"EntryPoint","urlTemplate":"https:\/\/nettiseitti.fi\/showroom\/?s={search_term_string}"},"query-input":{"@type":"PropertyValueSpecification","valueRequired":true,"valueName":"search_term_string"}}],"inLanguage":"fi"},{"@type":"Organization","@id":"https:\/\/nettiseitti.fi\/showroom\/#organization","name":"NettiSeitti","url":"https:\/\/nettiseitti.fi\/showroom\/","logo":{"@type":"ImageObject","inLanguage":"fi","@id":"https:\/\/nettiseitti.fi\/showroom\/#\/schema\/logo\/image\/","url":"https:\/\/nettiseitti.fi\/showroom\/wp-content\/uploads\/2024\/03\/nettiseitti_lapinakyva_tausta.png","contentUrl":"https:\/\/nettiseitti.fi\/showroom\/wp-content\/uploads\/2024\/03\/nettiseitti_lapinakyva_tausta.png","width":2176,"height":741,"caption":"NettiSeitti"},"image":{"@id":"https:\/\/nettiseitti.fi\/showroom\/#\/schema\/logo\/image\/"}}]}},"_links":{"self":[{"href":"https:\/\/nettiseitti.fi\/showroom\/wp-json\/wp\/v2\/product\/12820","targetHints":{"allow":["GET"]}}],"collection":[{"href":"https:\/\/nettiseitti.fi\/showroom\/wp-json\/wp\/v2\/product"}],"about":[{"href":"https:\/\/nettiseitti.fi\/showroom\/wp-json\/wp\/v2\/types\/product"}],"wp:featuredmedia":[{"embeddable":true,"href":"https:\/\/nettiseitti.fi\/showroom\/wp-json\/wp\/v2\/media\/12822"}],"wp:attachment":[{"href":"https:\/\/nettiseitti.fi\/showroom\/wp-json\/wp\/v2\/media?parent=12820"}],"wp:term":[{"taxonomy":"product_brand","embeddable":true,"href":"https:\/\/nettiseitti.fi\/showroom\/wp-json\/wp\/v2\/product_brand?post=12820"},{"taxonomy":"product_cat","embeddable":true,"href":"https:\/\/nettiseitti.fi\/showroom\/wp-json\/wp\/v2\/product_cat?post=12820"},{"taxonomy":"product_tag","embeddable":true,"href":"https:\/\/nettiseitti.fi\/showroom\/wp-json\/wp\/v2\/product_tag?post=12820"}],"curies":[{"name":"wp","href":"https:\/\/api.w.org\/{rel}","templated":true}]}}