{"id":12868,"date":"2024-03-24T15:09:33","date_gmt":"2024-03-24T13:09:33","guid":{"rendered":"https:\/\/nettiseitti.fi\/showroom\/?post_type=product&#038;p=12868"},"modified":"2024-07-16T15:48:28","modified_gmt":"2024-07-16T12:48:28","slug":"a3-tulostimet-tulostin-kopiokone","status":"publish","type":"product","link":"https:\/\/nettiseitti.fi\/showroom\/tuote\/a3-tulostimet-tulostin-kopiokone\/","title":{"rendered":"A3-tulostimet \/ tulostin, kopiokone"},"content":{"rendered":"<p>Kauttamme mm.<\/p>\n<p>A3-mustavalko- ja v\u00e4rilasertulostimet \/ kopiokoneet<br \/>\nMonitoimitulostimet, tulostus, skannaus, kopiointi, faksi<br \/>\nUSB \/ WiFi \/ Ethernet \/ mobiilitulostus yhteensopivat tulostimet<br \/>\nTulostimet sy\u00f6tt\u00f6laitteella<br \/>\nKysy tarvitsemaasi tulostintyyppi\u00e4.<br \/>\nTulostimet useilta valmistajilta mm. HP, Samsung yms.<\/p>\n<p>My\u00f6s A4-tulostimet, mustavalko- ja v\u00e4rilaser, kysy lis\u00e4\u00e4.<br \/>\nVoimme tarvittaessa my\u00f6s konfiguroida \/ asentaa laitteet k\u00e4ytt\u00f6kuntoon.<\/p>\n<p>Ota yhteytt\u00e4:<br \/>\nPuh. <a href=\"tel:0401523801\">040 1523801<\/a><br \/>\nS\u00e4hk\u00f6posti: myynti [at] nettiseitti.fi<br \/>\n<img decoding=\"async\" class=\"alignnone  wp-image-12074\" src=\"https:\/\/nettiseitti.fi\/showroom\/wp-content\/uploads\/2024\/03\/hp-300x148.png\" alt=\"\" width=\"174\" height=\"86\" srcset=\"https:\/\/nettiseitti.fi\/showroom\/wp-content\/uploads\/2024\/03\/hp-300x148.png 300w, https:\/\/nettiseitti.fi\/showroom\/wp-content\/uploads\/2024\/03\/hp-600x295.png 600w, https:\/\/nettiseitti.fi\/showroom\/wp-content\/uploads\/2024\/03\/hp.png 638w\" sizes=\"(max-width: 174px) 100vw, 174px\" \/><\/p>\n","protected":false},"excerpt":{"rendered":"<p>Mustavalko- ja v\u00e4rilaserit sek\u00e4 monitoimilaitteet.<\/p>\n","protected":false},"featured_media":12869,"template":"","meta":{"neve_meta_sidebar":"","neve_meta_container":"","neve_meta_enable_content_width":"off","neve_meta_content_width":100,"neve_meta_title_alignment":"","neve_meta_author_avatar":"","neve_post_elements_order":"","neve_meta_disable_header":"","neve_meta_disable_footer":"","neve_meta_disable_title":""},"product_brand":[],"product_cat":[484,560],"product_tag":[450,451,92,100,107,460,459,106,200,457,327,446,448,449,453,447,91,442,108,105,455,445,88,456,98,101,104,440,454,96,99,97,441,103,80,102,75,458,452],"class_list":{"0":"post-12868","1":"product","2":"type-product","3":"status-publish","4":"has-post-thumbnail","6":"product_cat-a3-tulostimet","7":"product_cat-monitoimilaitteet-a4-tulostimet","8":"product_tag-ahtari","9":"product_tag-alavus","10":"product_tag-asennus","11":"product_tag-etela-pohjanmaa","12":"product_tag-etela-suomi","13":"product_tag-faksi","14":"product_tag-hameenlinna","15":"product_tag-huittinen","16":"product_tag-huolto","17":"product_tag-ikaalinen","18":"product_tag-jalasjarvi","19":"product_tag-kankaanpaa","20":"product_tag-karvia","21":"product_tag-kauhajoki","22":"product_tag-kauhava","23":"product_tag-kihnio","24":"product_tag-konfigurointi","25":"product_tag-kopiokone","26":"product_tag-lansi-suomi","27":"product_tag-lapua","28":"product_tag-lempaala","29":"product_tag-nokia","30":"product_tag-oheislaite","31":"product_tag-parkano","32":"product_tag-pirkanmaa","33":"product_tag-pohjanmaa","34":"product_tag-pori","35":"product_tag-printteri","36":"product_tag-rauma","37":"product_tag-sastamala","38":"product_tag-satakunta","39":"product_tag-seinajoki","40":"product_tag-skanneri","41":"product_tag-tampere","42":"product_tag-tulostin","43":"product_tag-vaasa","44":"product_tag-varaosat","45":"product_tag-virrat","46":"product_tag-ylojarvi","48":"first","49":"instock","50":"shipping-taxable","51":"product-type-simple"},"yoast_head":"<!-- This site is optimized with the Yoast SEO plugin v27.4 - https:\/\/yoast.com\/product\/yoast-seo-wordpress\/ -->\n<title>A3-tulostimet \/ tulostin, kopiokone - NettiSeitti<\/title>\n<meta name=\"description\" content=\"Mustavalko- ja v\u00e4rilaserit sek\u00e4 monitoimilaitteet. Pirkanmaa, Satakunta, Etel\u00e4-Pohjanmaa, Pohjanmaa, Sein\u00e4joki, Sastamala, Tampere, Pori, Vaasa, Rauma.\" \/>\n<meta name=\"robots\" content=\"index, follow, max-snippet:-1, max-image-preview:large, max-video-preview:-1\" \/>\n<link rel=\"canonical\" href=\"https:\/\/nettiseitti.fi\/showroom\/tuote\/a3-tulostimet-tulostin-kopiokone\/\" \/>\n<meta property=\"og:locale\" content=\"fi_FI\" \/>\n<meta property=\"og:type\" content=\"article\" \/>\n<meta property=\"og:title\" content=\"A3-tulostimet \/ tulostin, kopiokone - NettiSeitti\" \/>\n<meta property=\"og:description\" content=\"Mustavalko- ja v\u00e4rilaserit sek\u00e4 monitoimilaitteet. Pirkanmaa, Satakunta, Etel\u00e4-Pohjanmaa, Pohjanmaa, Sein\u00e4joki, Sastamala, Tampere, Pori, Vaasa, Rauma.\" \/>\n<meta property=\"og:url\" content=\"https:\/\/nettiseitti.fi\/showroom\/tuote\/a3-tulostimet-tulostin-kopiokone\/\" \/>\n<meta property=\"og:site_name\" content=\"NettiSeitti\" \/>\n<meta property=\"article:modified_time\" content=\"2024-07-16T12:48:28+00:00\" \/>\n<meta property=\"og:image\" content=\"https:\/\/nettiseitti.fi\/showroom\/wp-content\/uploads\/2024\/03\/a3tulostin.jpg\" \/>\n\t<meta property=\"og:image:width\" content=\"737\" \/>\n\t<meta property=\"og:image:height\" content=\"871\" \/>\n\t<meta property=\"og:image:type\" content=\"image\/jpeg\" \/>\n<meta name=\"twitter:card\" content=\"summary_large_image\" \/>\n<meta name=\"twitter:label1\" content=\"Arvioitu lukuaika\" \/>\n\t<meta name=\"twitter:data1\" content=\"1 minuutti\" \/>\n<script type=\"application\/ld+json\" class=\"yoast-schema-graph\">{\"@context\":\"https:\\\/\\\/schema.org\",\"@graph\":[{\"@type\":\"WebPage\",\"@id\":\"https:\\\/\\\/nettiseitti.fi\\\/showroom\\\/tuote\\\/a3-tulostimet-tulostin-kopiokone\\\/\",\"url\":\"https:\\\/\\\/nettiseitti.fi\\\/showroom\\\/tuote\\\/a3-tulostimet-tulostin-kopiokone\\\/\",\"name\":\"A3-tulostimet \\\/ tulostin, kopiokone - NettiSeitti\",\"isPartOf\":{\"@id\":\"https:\\\/\\\/nettiseitti.fi\\\/showroom\\\/#website\"},\"primaryImageOfPage\":{\"@id\":\"https:\\\/\\\/nettiseitti.fi\\\/showroom\\\/tuote\\\/a3-tulostimet-tulostin-kopiokone\\\/#primaryimage\"},\"image\":{\"@id\":\"https:\\\/\\\/nettiseitti.fi\\\/showroom\\\/tuote\\\/a3-tulostimet-tulostin-kopiokone\\\/#primaryimage\"},\"thumbnailUrl\":\"https:\\\/\\\/nettiseitti.fi\\\/showroom\\\/wp-content\\\/uploads\\\/2024\\\/03\\\/a3tulostin.jpg\",\"datePublished\":\"2024-03-24T13:09:33+00:00\",\"dateModified\":\"2024-07-16T12:48:28+00:00\",\"description\":\"Mustavalko- ja v\u00e4rilaserit sek\u00e4 monitoimilaitteet. Pirkanmaa, Satakunta, Etel\u00e4-Pohjanmaa, Pohjanmaa, Sein\u00e4joki, Sastamala, Tampere, Pori, Vaasa, Rauma.\",\"breadcrumb\":{\"@id\":\"https:\\\/\\\/nettiseitti.fi\\\/showroom\\\/tuote\\\/a3-tulostimet-tulostin-kopiokone\\\/#breadcrumb\"},\"inLanguage\":\"fi\",\"potentialAction\":[{\"@type\":\"ReadAction\",\"target\":[\"https:\\\/\\\/nettiseitti.fi\\\/showroom\\\/tuote\\\/a3-tulostimet-tulostin-kopiokone\\\/\"]}]},{\"@type\":\"ImageObject\",\"inLanguage\":\"fi\",\"@id\":\"https:\\\/\\\/nettiseitti.fi\\\/showroom\\\/tuote\\\/a3-tulostimet-tulostin-kopiokone\\\/#primaryimage\",\"url\":\"https:\\\/\\\/nettiseitti.fi\\\/showroom\\\/wp-content\\\/uploads\\\/2024\\\/03\\\/a3tulostin.jpg\",\"contentUrl\":\"https:\\\/\\\/nettiseitti.fi\\\/showroom\\\/wp-content\\\/uploads\\\/2024\\\/03\\\/a3tulostin.jpg\",\"width\":737,\"height\":871},{\"@type\":\"BreadcrumbList\",\"@id\":\"https:\\\/\\\/nettiseitti.fi\\\/showroom\\\/tuote\\\/a3-tulostimet-tulostin-kopiokone\\\/#breadcrumb\",\"itemListElement\":[{\"@type\":\"ListItem\",\"position\":1,\"name\":\"Etusivu\",\"item\":\"https:\\\/\\\/nettiseitti.fi\\\/showroom\\\/\"},{\"@type\":\"ListItem\",\"position\":2,\"name\":\"Tuotteet\",\"item\":\"https:\\\/\\\/nettiseitti.fi\\\/showroom\\\/tuotteet\\\/\"},{\"@type\":\"ListItem\",\"position\":3,\"name\":\"A3-tulostimet \\\/ tulostin, kopiokone\"}]},{\"@type\":\"WebSite\",\"@id\":\"https:\\\/\\\/nettiseitti.fi\\\/showroom\\\/#website\",\"url\":\"https:\\\/\\\/nettiseitti.fi\\\/showroom\\\/\",\"name\":\"NettiSeitti\",\"description\":\"\",\"publisher\":{\"@id\":\"https:\\\/\\\/nettiseitti.fi\\\/showroom\\\/#organization\"},\"potentialAction\":[{\"@type\":\"SearchAction\",\"target\":{\"@type\":\"EntryPoint\",\"urlTemplate\":\"https:\\\/\\\/nettiseitti.fi\\\/showroom\\\/?s={search_term_string}\"},\"query-input\":{\"@type\":\"PropertyValueSpecification\",\"valueRequired\":true,\"valueName\":\"search_term_string\"}}],\"inLanguage\":\"fi\"},{\"@type\":\"Organization\",\"@id\":\"https:\\\/\\\/nettiseitti.fi\\\/showroom\\\/#organization\",\"name\":\"NettiSeitti\",\"url\":\"https:\\\/\\\/nettiseitti.fi\\\/showroom\\\/\",\"logo\":{\"@type\":\"ImageObject\",\"inLanguage\":\"fi\",\"@id\":\"https:\\\/\\\/nettiseitti.fi\\\/showroom\\\/#\\\/schema\\\/logo\\\/image\\\/\",\"url\":\"https:\\\/\\\/nettiseitti.fi\\\/showroom\\\/wp-content\\\/uploads\\\/2024\\\/03\\\/nettiseitti_lapinakyva_tausta.png\",\"contentUrl\":\"https:\\\/\\\/nettiseitti.fi\\\/showroom\\\/wp-content\\\/uploads\\\/2024\\\/03\\\/nettiseitti_lapinakyva_tausta.png\",\"width\":2176,\"height\":741,\"caption\":\"NettiSeitti\"},\"image\":{\"@id\":\"https:\\\/\\\/nettiseitti.fi\\\/showroom\\\/#\\\/schema\\\/logo\\\/image\\\/\"}}]}<\/script>\n<!-- \/ Yoast SEO plugin. -->","yoast_head_json":{"title":"A3-tulostimet \/ tulostin, kopiokone - NettiSeitti","description":"Mustavalko- ja v\u00e4rilaserit sek\u00e4 monitoimilaitteet. Pirkanmaa, Satakunta, Etel\u00e4-Pohjanmaa, Pohjanmaa, Sein\u00e4joki, Sastamala, Tampere, Pori, Vaasa, Rauma.","robots":{"index":"index","follow":"follow","max-snippet":"max-snippet:-1","max-image-preview":"max-image-preview:large","max-video-preview":"max-video-preview:-1"},"canonical":"https:\/\/nettiseitti.fi\/showroom\/tuote\/a3-tulostimet-tulostin-kopiokone\/","og_locale":"fi_FI","og_type":"article","og_title":"A3-tulostimet \/ tulostin, kopiokone - NettiSeitti","og_description":"Mustavalko- ja v\u00e4rilaserit sek\u00e4 monitoimilaitteet. Pirkanmaa, Satakunta, Etel\u00e4-Pohjanmaa, Pohjanmaa, Sein\u00e4joki, Sastamala, Tampere, Pori, Vaasa, Rauma.","og_url":"https:\/\/nettiseitti.fi\/showroom\/tuote\/a3-tulostimet-tulostin-kopiokone\/","og_site_name":"NettiSeitti","article_modified_time":"2024-07-16T12:48:28+00:00","og_image":[{"width":737,"height":871,"url":"https:\/\/nettiseitti.fi\/showroom\/wp-content\/uploads\/2024\/03\/a3tulostin.jpg","type":"image\/jpeg"}],"twitter_card":"summary_large_image","twitter_misc":{"Arvioitu lukuaika":"1 minuutti"},"schema":{"@context":"https:\/\/schema.org","@graph":[{"@type":"WebPage","@id":"https:\/\/nettiseitti.fi\/showroom\/tuote\/a3-tulostimet-tulostin-kopiokone\/","url":"https:\/\/nettiseitti.fi\/showroom\/tuote\/a3-tulostimet-tulostin-kopiokone\/","name":"A3-tulostimet \/ tulostin, kopiokone - NettiSeitti","isPartOf":{"@id":"https:\/\/nettiseitti.fi\/showroom\/#website"},"primaryImageOfPage":{"@id":"https:\/\/nettiseitti.fi\/showroom\/tuote\/a3-tulostimet-tulostin-kopiokone\/#primaryimage"},"image":{"@id":"https:\/\/nettiseitti.fi\/showroom\/tuote\/a3-tulostimet-tulostin-kopiokone\/#primaryimage"},"thumbnailUrl":"https:\/\/nettiseitti.fi\/showroom\/wp-content\/uploads\/2024\/03\/a3tulostin.jpg","datePublished":"2024-03-24T13:09:33+00:00","dateModified":"2024-07-16T12:48:28+00:00","description":"Mustavalko- ja v\u00e4rilaserit sek\u00e4 monitoimilaitteet. Pirkanmaa, Satakunta, Etel\u00e4-Pohjanmaa, Pohjanmaa, Sein\u00e4joki, Sastamala, Tampere, Pori, Vaasa, Rauma.","breadcrumb":{"@id":"https:\/\/nettiseitti.fi\/showroom\/tuote\/a3-tulostimet-tulostin-kopiokone\/#breadcrumb"},"inLanguage":"fi","potentialAction":[{"@type":"ReadAction","target":["https:\/\/nettiseitti.fi\/showroom\/tuote\/a3-tulostimet-tulostin-kopiokone\/"]}]},{"@type":"ImageObject","inLanguage":"fi","@id":"https:\/\/nettiseitti.fi\/showroom\/tuote\/a3-tulostimet-tulostin-kopiokone\/#primaryimage","url":"https:\/\/nettiseitti.fi\/showroom\/wp-content\/uploads\/2024\/03\/a3tulostin.jpg","contentUrl":"https:\/\/nettiseitti.fi\/showroom\/wp-content\/uploads\/2024\/03\/a3tulostin.jpg","width":737,"height":871},{"@type":"BreadcrumbList","@id":"https:\/\/nettiseitti.fi\/showroom\/tuote\/a3-tulostimet-tulostin-kopiokone\/#breadcrumb","itemListElement":[{"@type":"ListItem","position":1,"name":"Etusivu","item":"https:\/\/nettiseitti.fi\/showroom\/"},{"@type":"ListItem","position":2,"name":"Tuotteet","item":"https:\/\/nettiseitti.fi\/showroom\/tuotteet\/"},{"@type":"ListItem","position":3,"name":"A3-tulostimet \/ tulostin, kopiokone"}]},{"@type":"WebSite","@id":"https:\/\/nettiseitti.fi\/showroom\/#website","url":"https:\/\/nettiseitti.fi\/showroom\/","name":"NettiSeitti","description":"","publisher":{"@id":"https:\/\/nettiseitti.fi\/showroom\/#organization"},"potentialAction":[{"@type":"SearchAction","target":{"@type":"EntryPoint","urlTemplate":"https:\/\/nettiseitti.fi\/showroom\/?s={search_term_string}"},"query-input":{"@type":"PropertyValueSpecification","valueRequired":true,"valueName":"search_term_string"}}],"inLanguage":"fi"},{"@type":"Organization","@id":"https:\/\/nettiseitti.fi\/showroom\/#organization","name":"NettiSeitti","url":"https:\/\/nettiseitti.fi\/showroom\/","logo":{"@type":"ImageObject","inLanguage":"fi","@id":"https:\/\/nettiseitti.fi\/showroom\/#\/schema\/logo\/image\/","url":"https:\/\/nettiseitti.fi\/showroom\/wp-content\/uploads\/2024\/03\/nettiseitti_lapinakyva_tausta.png","contentUrl":"https:\/\/nettiseitti.fi\/showroom\/wp-content\/uploads\/2024\/03\/nettiseitti_lapinakyva_tausta.png","width":2176,"height":741,"caption":"NettiSeitti"},"image":{"@id":"https:\/\/nettiseitti.fi\/showroom\/#\/schema\/logo\/image\/"}}]}},"_links":{"self":[{"href":"https:\/\/nettiseitti.fi\/showroom\/wp-json\/wp\/v2\/product\/12868","targetHints":{"allow":["GET"]}}],"collection":[{"href":"https:\/\/nettiseitti.fi\/showroom\/wp-json\/wp\/v2\/product"}],"about":[{"href":"https:\/\/nettiseitti.fi\/showroom\/wp-json\/wp\/v2\/types\/product"}],"wp:featuredmedia":[{"embeddable":true,"href":"https:\/\/nettiseitti.fi\/showroom\/wp-json\/wp\/v2\/media\/12869"}],"wp:attachment":[{"href":"https:\/\/nettiseitti.fi\/showroom\/wp-json\/wp\/v2\/media?parent=12868"}],"wp:term":[{"taxonomy":"product_brand","embeddable":true,"href":"https:\/\/nettiseitti.fi\/showroom\/wp-json\/wp\/v2\/product_brand?post=12868"},{"taxonomy":"product_cat","embeddable":true,"href":"https:\/\/nettiseitti.fi\/showroom\/wp-json\/wp\/v2\/product_cat?post=12868"},{"taxonomy":"product_tag","embeddable":true,"href":"https:\/\/nettiseitti.fi\/showroom\/wp-json\/wp\/v2\/product_tag?post=12868"}],"curies":[{"name":"wp","href":"https:\/\/api.w.org\/{rel}","templated":true}]}}