{"id":12873,"date":"2024-03-24T16:18:58","date_gmt":"2024-03-24T14:18:58","guid":{"rendered":"https:\/\/nettiseitti.fi\/showroom\/?post_type=product&#038;p=12873"},"modified":"2024-07-16T15:51:55","modified_gmt":"2024-07-16T12:51:55","slug":"3d-tulostus-tarvikkeet-varaosat-filamentti","status":"publish","type":"product","link":"https:\/\/nettiseitti.fi\/showroom\/tuote\/3d-tulostus-tarvikkeet-varaosat-filamentti\/","title":{"rendered":"3D-tulostus tarvikkeet, varaosat, filamentti"},"content":{"rendered":"<p>Kauttamme mm.<\/p>\n<ul>\n<li>Filamentit, esim. PLA, ABS, PC, ASA, PETG, TPE\/TPU, hiilikuitu- ja metallivahvistetut filamentit yms.<\/li>\n<li>Resiinit<\/li>\n<li>Varaosat 3D-tulostimiin, hammashihnat, moottorit, hihnapy\u00f6r\u00e4t, tulostusalustat, suuttimet, tulostusp\u00e4\u00e4t yms.<\/li>\n<li>Tarvikkeet, tulostusliimat, ty\u00f6kalut yms.<\/li>\n<\/ul>\n<p>Kysy tarvitsemaasi osaa tai tarviketta niin palaamme asiaan.<\/p>\n<p>Ota yhteytt\u00e4:<br \/>\nPuh. <a href=\"tel:0401523801\">040 1523801<\/a><br \/>\nS\u00e4hk\u00f6posti: myynti [at] nettiseitti.fi<\/p>\n","protected":false},"excerpt":{"rendered":"<p>Varaosat, tarvikkeet ja filamentit 3D-tulostukseen.<\/p>\n","protected":false},"featured_media":12874,"template":"","meta":{"neve_meta_sidebar":"","neve_meta_container":"","neve_meta_enable_content_width":"off","neve_meta_content_width":100,"neve_meta_title_alignment":"","neve_meta_author_avatar":"","neve_post_elements_order":"","neve_meta_disable_header":"","neve_meta_disable_footer":"","neve_meta_disable_title":""},"product_brand":[],"product_cat":[566,473],"product_tag":[217,195,198,450,451,466,92,100,107,199,459,465,106,457,327,446,448,449,453,447,91,108,105,455,445,88,456,467,98,197,101,104,454,96,99,97,103,80,102,75,458,452],"class_list":{"0":"post-12873","1":"product","2":"type-product","3":"status-publish","4":"has-post-thumbnail","6":"product_cat-3d-tulostimet","7":"product_cat-filamentit","8":"product_tag-3d-tulostin","9":"product_tag-3d-tulostus","10":"product_tag-abs","11":"product_tag-ahtari","12":"product_tag-alavus","13":"product_tag-asa","14":"product_tag-asennus","15":"product_tag-etela-pohjanmaa","16":"product_tag-etela-suomi","17":"product_tag-filamentti","18":"product_tag-hameenlinna","19":"product_tag-hiilikuitu","20":"product_tag-huittinen","21":"product_tag-ikaalinen","22":"product_tag-jalasjarvi","23":"product_tag-kankaanpaa","24":"product_tag-karvia","25":"product_tag-kauhajoki","26":"product_tag-kauhava","27":"product_tag-kihnio","28":"product_tag-konfigurointi","29":"product_tag-lansi-suomi","30":"product_tag-lapua","31":"product_tag-lempaala","32":"product_tag-nokia","33":"product_tag-oheislaite","34":"product_tag-parkano","35":"product_tag-petg","36":"product_tag-pirkanmaa","37":"product_tag-pla","38":"product_tag-pohjanmaa","39":"product_tag-pori","40":"product_tag-rauma","41":"product_tag-sastamala","42":"product_tag-satakunta","43":"product_tag-seinajoki","44":"product_tag-tampere","45":"product_tag-tulostin","46":"product_tag-vaasa","47":"product_tag-varaosat","48":"product_tag-virrat","49":"product_tag-ylojarvi","51":"first","52":"instock","53":"shipping-taxable","54":"product-type-simple"},"yoast_head":"<!-- This site is optimized with the Yoast SEO plugin v27.4 - https:\/\/yoast.com\/product\/yoast-seo-wordpress\/ -->\n<title>3D-tulostus tarvikkeet, varaosat, filamentti - NettiSeitti<\/title>\n<meta name=\"description\" content=\"Varaosat, tarvikkeet ja filamentit 3D-tulostukseen. Pirkanmaa, Satakunta, Etel\u00e4-Pohjanmaa, Pohjanmaa, Sein\u00e4joki, Sastamala, Tampere, Pori, Vaasa, Rauma.\" \/>\n<meta name=\"robots\" content=\"index, follow, max-snippet:-1, max-image-preview:large, max-video-preview:-1\" \/>\n<link rel=\"canonical\" href=\"https:\/\/nettiseitti.fi\/showroom\/tuote\/3d-tulostus-tarvikkeet-varaosat-filamentti\/\" \/>\n<meta property=\"og:locale\" content=\"fi_FI\" \/>\n<meta property=\"og:type\" content=\"article\" \/>\n<meta property=\"og:title\" content=\"3D-tulostus tarvikkeet, varaosat, filamentti - NettiSeitti\" \/>\n<meta property=\"og:description\" content=\"Varaosat, tarvikkeet ja filamentit 3D-tulostukseen. Pirkanmaa, Satakunta, Etel\u00e4-Pohjanmaa, Pohjanmaa, Sein\u00e4joki, Sastamala, Tampere, Pori, Vaasa, Rauma.\" \/>\n<meta property=\"og:url\" content=\"https:\/\/nettiseitti.fi\/showroom\/tuote\/3d-tulostus-tarvikkeet-varaosat-filamentti\/\" \/>\n<meta property=\"og:site_name\" content=\"NettiSeitti\" \/>\n<meta property=\"article:modified_time\" content=\"2024-07-16T12:51:55+00:00\" \/>\n<meta property=\"og:image\" content=\"https:\/\/nettiseitti.fi\/showroom\/wp-content\/uploads\/2024\/03\/filamentti.jpg\" \/>\n\t<meta property=\"og:image:width\" content=\"691\" \/>\n\t<meta property=\"og:image:height\" content=\"467\" \/>\n\t<meta property=\"og:image:type\" content=\"image\/jpeg\" \/>\n<meta name=\"twitter:card\" content=\"summary_large_image\" \/>\n<meta name=\"twitter:label1\" content=\"Arvioitu lukuaika\" \/>\n\t<meta name=\"twitter:data1\" content=\"1 minuutti\" \/>\n<script type=\"application\/ld+json\" class=\"yoast-schema-graph\">{\"@context\":\"https:\\\/\\\/schema.org\",\"@graph\":[{\"@type\":\"WebPage\",\"@id\":\"https:\\\/\\\/nettiseitti.fi\\\/showroom\\\/tuote\\\/3d-tulostus-tarvikkeet-varaosat-filamentti\\\/\",\"url\":\"https:\\\/\\\/nettiseitti.fi\\\/showroom\\\/tuote\\\/3d-tulostus-tarvikkeet-varaosat-filamentti\\\/\",\"name\":\"3D-tulostus tarvikkeet, varaosat, filamentti - NettiSeitti\",\"isPartOf\":{\"@id\":\"https:\\\/\\\/nettiseitti.fi\\\/showroom\\\/#website\"},\"primaryImageOfPage\":{\"@id\":\"https:\\\/\\\/nettiseitti.fi\\\/showroom\\\/tuote\\\/3d-tulostus-tarvikkeet-varaosat-filamentti\\\/#primaryimage\"},\"image\":{\"@id\":\"https:\\\/\\\/nettiseitti.fi\\\/showroom\\\/tuote\\\/3d-tulostus-tarvikkeet-varaosat-filamentti\\\/#primaryimage\"},\"thumbnailUrl\":\"https:\\\/\\\/nettiseitti.fi\\\/showroom\\\/wp-content\\\/uploads\\\/2024\\\/03\\\/filamentti.jpg\",\"datePublished\":\"2024-03-24T14:18:58+00:00\",\"dateModified\":\"2024-07-16T12:51:55+00:00\",\"description\":\"Varaosat, tarvikkeet ja filamentit 3D-tulostukseen. Pirkanmaa, Satakunta, Etel\u00e4-Pohjanmaa, Pohjanmaa, Sein\u00e4joki, Sastamala, Tampere, Pori, Vaasa, Rauma.\",\"breadcrumb\":{\"@id\":\"https:\\\/\\\/nettiseitti.fi\\\/showroom\\\/tuote\\\/3d-tulostus-tarvikkeet-varaosat-filamentti\\\/#breadcrumb\"},\"inLanguage\":\"fi\",\"potentialAction\":[{\"@type\":\"ReadAction\",\"target\":[\"https:\\\/\\\/nettiseitti.fi\\\/showroom\\\/tuote\\\/3d-tulostus-tarvikkeet-varaosat-filamentti\\\/\"]}]},{\"@type\":\"ImageObject\",\"inLanguage\":\"fi\",\"@id\":\"https:\\\/\\\/nettiseitti.fi\\\/showroom\\\/tuote\\\/3d-tulostus-tarvikkeet-varaosat-filamentti\\\/#primaryimage\",\"url\":\"https:\\\/\\\/nettiseitti.fi\\\/showroom\\\/wp-content\\\/uploads\\\/2024\\\/03\\\/filamentti.jpg\",\"contentUrl\":\"https:\\\/\\\/nettiseitti.fi\\\/showroom\\\/wp-content\\\/uploads\\\/2024\\\/03\\\/filamentti.jpg\",\"width\":691,\"height\":467},{\"@type\":\"BreadcrumbList\",\"@id\":\"https:\\\/\\\/nettiseitti.fi\\\/showroom\\\/tuote\\\/3d-tulostus-tarvikkeet-varaosat-filamentti\\\/#breadcrumb\",\"itemListElement\":[{\"@type\":\"ListItem\",\"position\":1,\"name\":\"Etusivu\",\"item\":\"https:\\\/\\\/nettiseitti.fi\\\/showroom\\\/\"},{\"@type\":\"ListItem\",\"position\":2,\"name\":\"Tuotteet\",\"item\":\"https:\\\/\\\/nettiseitti.fi\\\/showroom\\\/tuotteet\\\/\"},{\"@type\":\"ListItem\",\"position\":3,\"name\":\"3D-tulostus tarvikkeet, varaosat, filamentti\"}]},{\"@type\":\"WebSite\",\"@id\":\"https:\\\/\\\/nettiseitti.fi\\\/showroom\\\/#website\",\"url\":\"https:\\\/\\\/nettiseitti.fi\\\/showroom\\\/\",\"name\":\"NettiSeitti\",\"description\":\"\",\"publisher\":{\"@id\":\"https:\\\/\\\/nettiseitti.fi\\\/showroom\\\/#organization\"},\"potentialAction\":[{\"@type\":\"SearchAction\",\"target\":{\"@type\":\"EntryPoint\",\"urlTemplate\":\"https:\\\/\\\/nettiseitti.fi\\\/showroom\\\/?s={search_term_string}\"},\"query-input\":{\"@type\":\"PropertyValueSpecification\",\"valueRequired\":true,\"valueName\":\"search_term_string\"}}],\"inLanguage\":\"fi\"},{\"@type\":\"Organization\",\"@id\":\"https:\\\/\\\/nettiseitti.fi\\\/showroom\\\/#organization\",\"name\":\"NettiSeitti\",\"url\":\"https:\\\/\\\/nettiseitti.fi\\\/showroom\\\/\",\"logo\":{\"@type\":\"ImageObject\",\"inLanguage\":\"fi\",\"@id\":\"https:\\\/\\\/nettiseitti.fi\\\/showroom\\\/#\\\/schema\\\/logo\\\/image\\\/\",\"url\":\"https:\\\/\\\/nettiseitti.fi\\\/showroom\\\/wp-content\\\/uploads\\\/2024\\\/03\\\/nettiseitti_lapinakyva_tausta.png\",\"contentUrl\":\"https:\\\/\\\/nettiseitti.fi\\\/showroom\\\/wp-content\\\/uploads\\\/2024\\\/03\\\/nettiseitti_lapinakyva_tausta.png\",\"width\":2176,\"height\":741,\"caption\":\"NettiSeitti\"},\"image\":{\"@id\":\"https:\\\/\\\/nettiseitti.fi\\\/showroom\\\/#\\\/schema\\\/logo\\\/image\\\/\"}}]}<\/script>\n<!-- \/ Yoast SEO plugin. -->","yoast_head_json":{"title":"3D-tulostus tarvikkeet, varaosat, filamentti - NettiSeitti","description":"Varaosat, tarvikkeet ja filamentit 3D-tulostukseen. Pirkanmaa, Satakunta, Etel\u00e4-Pohjanmaa, Pohjanmaa, Sein\u00e4joki, Sastamala, Tampere, Pori, Vaasa, Rauma.","robots":{"index":"index","follow":"follow","max-snippet":"max-snippet:-1","max-image-preview":"max-image-preview:large","max-video-preview":"max-video-preview:-1"},"canonical":"https:\/\/nettiseitti.fi\/showroom\/tuote\/3d-tulostus-tarvikkeet-varaosat-filamentti\/","og_locale":"fi_FI","og_type":"article","og_title":"3D-tulostus tarvikkeet, varaosat, filamentti - NettiSeitti","og_description":"Varaosat, tarvikkeet ja filamentit 3D-tulostukseen. Pirkanmaa, Satakunta, Etel\u00e4-Pohjanmaa, Pohjanmaa, Sein\u00e4joki, Sastamala, Tampere, Pori, Vaasa, Rauma.","og_url":"https:\/\/nettiseitti.fi\/showroom\/tuote\/3d-tulostus-tarvikkeet-varaosat-filamentti\/","og_site_name":"NettiSeitti","article_modified_time":"2024-07-16T12:51:55+00:00","og_image":[{"width":691,"height":467,"url":"https:\/\/nettiseitti.fi\/showroom\/wp-content\/uploads\/2024\/03\/filamentti.jpg","type":"image\/jpeg"}],"twitter_card":"summary_large_image","twitter_misc":{"Arvioitu lukuaika":"1 minuutti"},"schema":{"@context":"https:\/\/schema.org","@graph":[{"@type":"WebPage","@id":"https:\/\/nettiseitti.fi\/showroom\/tuote\/3d-tulostus-tarvikkeet-varaosat-filamentti\/","url":"https:\/\/nettiseitti.fi\/showroom\/tuote\/3d-tulostus-tarvikkeet-varaosat-filamentti\/","name":"3D-tulostus tarvikkeet, varaosat, filamentti - NettiSeitti","isPartOf":{"@id":"https:\/\/nettiseitti.fi\/showroom\/#website"},"primaryImageOfPage":{"@id":"https:\/\/nettiseitti.fi\/showroom\/tuote\/3d-tulostus-tarvikkeet-varaosat-filamentti\/#primaryimage"},"image":{"@id":"https:\/\/nettiseitti.fi\/showroom\/tuote\/3d-tulostus-tarvikkeet-varaosat-filamentti\/#primaryimage"},"thumbnailUrl":"https:\/\/nettiseitti.fi\/showroom\/wp-content\/uploads\/2024\/03\/filamentti.jpg","datePublished":"2024-03-24T14:18:58+00:00","dateModified":"2024-07-16T12:51:55+00:00","description":"Varaosat, tarvikkeet ja filamentit 3D-tulostukseen. Pirkanmaa, Satakunta, Etel\u00e4-Pohjanmaa, Pohjanmaa, Sein\u00e4joki, Sastamala, Tampere, Pori, Vaasa, Rauma.","breadcrumb":{"@id":"https:\/\/nettiseitti.fi\/showroom\/tuote\/3d-tulostus-tarvikkeet-varaosat-filamentti\/#breadcrumb"},"inLanguage":"fi","potentialAction":[{"@type":"ReadAction","target":["https:\/\/nettiseitti.fi\/showroom\/tuote\/3d-tulostus-tarvikkeet-varaosat-filamentti\/"]}]},{"@type":"ImageObject","inLanguage":"fi","@id":"https:\/\/nettiseitti.fi\/showroom\/tuote\/3d-tulostus-tarvikkeet-varaosat-filamentti\/#primaryimage","url":"https:\/\/nettiseitti.fi\/showroom\/wp-content\/uploads\/2024\/03\/filamentti.jpg","contentUrl":"https:\/\/nettiseitti.fi\/showroom\/wp-content\/uploads\/2024\/03\/filamentti.jpg","width":691,"height":467},{"@type":"BreadcrumbList","@id":"https:\/\/nettiseitti.fi\/showroom\/tuote\/3d-tulostus-tarvikkeet-varaosat-filamentti\/#breadcrumb","itemListElement":[{"@type":"ListItem","position":1,"name":"Etusivu","item":"https:\/\/nettiseitti.fi\/showroom\/"},{"@type":"ListItem","position":2,"name":"Tuotteet","item":"https:\/\/nettiseitti.fi\/showroom\/tuotteet\/"},{"@type":"ListItem","position":3,"name":"3D-tulostus tarvikkeet, varaosat, filamentti"}]},{"@type":"WebSite","@id":"https:\/\/nettiseitti.fi\/showroom\/#website","url":"https:\/\/nettiseitti.fi\/showroom\/","name":"NettiSeitti","description":"","publisher":{"@id":"https:\/\/nettiseitti.fi\/showroom\/#organization"},"potentialAction":[{"@type":"SearchAction","target":{"@type":"EntryPoint","urlTemplate":"https:\/\/nettiseitti.fi\/showroom\/?s={search_term_string}"},"query-input":{"@type":"PropertyValueSpecification","valueRequired":true,"valueName":"search_term_string"}}],"inLanguage":"fi"},{"@type":"Organization","@id":"https:\/\/nettiseitti.fi\/showroom\/#organization","name":"NettiSeitti","url":"https:\/\/nettiseitti.fi\/showroom\/","logo":{"@type":"ImageObject","inLanguage":"fi","@id":"https:\/\/nettiseitti.fi\/showroom\/#\/schema\/logo\/image\/","url":"https:\/\/nettiseitti.fi\/showroom\/wp-content\/uploads\/2024\/03\/nettiseitti_lapinakyva_tausta.png","contentUrl":"https:\/\/nettiseitti.fi\/showroom\/wp-content\/uploads\/2024\/03\/nettiseitti_lapinakyva_tausta.png","width":2176,"height":741,"caption":"NettiSeitti"},"image":{"@id":"https:\/\/nettiseitti.fi\/showroom\/#\/schema\/logo\/image\/"}}]}},"_links":{"self":[{"href":"https:\/\/nettiseitti.fi\/showroom\/wp-json\/wp\/v2\/product\/12873","targetHints":{"allow":["GET"]}}],"collection":[{"href":"https:\/\/nettiseitti.fi\/showroom\/wp-json\/wp\/v2\/product"}],"about":[{"href":"https:\/\/nettiseitti.fi\/showroom\/wp-json\/wp\/v2\/types\/product"}],"wp:featuredmedia":[{"embeddable":true,"href":"https:\/\/nettiseitti.fi\/showroom\/wp-json\/wp\/v2\/media\/12874"}],"wp:attachment":[{"href":"https:\/\/nettiseitti.fi\/showroom\/wp-json\/wp\/v2\/media?parent=12873"}],"wp:term":[{"taxonomy":"product_brand","embeddable":true,"href":"https:\/\/nettiseitti.fi\/showroom\/wp-json\/wp\/v2\/product_brand?post=12873"},{"taxonomy":"product_cat","embeddable":true,"href":"https:\/\/nettiseitti.fi\/showroom\/wp-json\/wp\/v2\/product_cat?post=12873"},{"taxonomy":"product_tag","embeddable":true,"href":"https:\/\/nettiseitti.fi\/showroom\/wp-json\/wp\/v2\/product_tag?post=12873"}],"curies":[{"name":"wp","href":"https:\/\/api.w.org\/{rel}","templated":true}]}}