{"id":12958,"date":"2024-03-31T14:53:56","date_gmt":"2024-03-31T11:53:56","guid":{"rendered":"https:\/\/nettiseitti.fi\/showroom\/?post_type=product&#038;p=12958"},"modified":"2024-03-31T22:14:06","modified_gmt":"2024-03-31T19:14:06","slug":"basf-pet-polyetyleenitereftalaatti-filamentti-1-75mm-750g-25kg-45kg-useita-vareja","status":"publish","type":"product","link":"https:\/\/nettiseitti.fi\/showroom\/tuote\/basf-pet-polyetyleenitereftalaatti-filamentti-1-75mm-750g-25kg-45kg-useita-vareja\/","title":{"rendered":"BASF PET Polyetyleenitereftalaatti filamentti 1.75mm &#8211; 750g \/ 2,5kg \/ 4,5kg &#8211; useita v\u00e4rej\u00e4"},"content":{"rendered":"<ul>\n<li>BASF PET Polyetyleenitereftalaatti:<\/li>\n<li>Valmistajan mukaan valmistettu elintarvikehyv\u00e4ksytyst\u00e4 PET-muovista, hyv\u00e4t mekaaniset ominaisuudet, sitkas ja kest\u00e4v\u00e4 muovi<\/li>\n<li>Parempi iskulujuus ja taivutuksen kesto kuin PLA-filamentilla<\/li>\n<li>Valmistajan mukaan vedenkest\u00e4v\u00e4<\/li>\n<li>Lasittumisl\u00e4mp\u00f6tila: n. 70\u00b0C<\/li>\n<li>Ei UV-s\u00e4teilyn kestoa<\/li>\n<li>Tulostuslangan paksuus 1,75mm<\/li>\n<li>Useita v\u00e4rej\u00e4: l\u00e4pikuultava, musta, valkoinen, sininen, punainen, vihre\u00e4, keltainen, harmaa, oranssi<\/li>\n<li>Useita pakkauskokoja 750g \/ 2,5kg \/ 4,5kg<\/li>\n<\/ul>\n<p>Kysy ajantasainen hinnasto ja lis\u00e4tietoja ottamalla meihin yhteytt\u00e4.<\/p>\n<p>Ota yhteytt\u00e4:<br \/>\nPuh. <a href=\"tel:0401523801\">040 1523801<\/a><br \/>\nS\u00e4hk\u00f6posti: myynti [at] nettiseitti.fi<\/p>\n","protected":false},"excerpt":{"rendered":"<div class=\"woocommerce-product-details__short-description\">\n<p>Kauttamme polyetyleenitereftalaatti filamentit.<\/p>\n<\/div>\n","protected":false},"featured_media":12959,"template":"","meta":{"neve_meta_sidebar":"","neve_meta_container":"","neve_meta_enable_content_width":"off","neve_meta_content_width":100,"neve_meta_title_alignment":"","neve_meta_author_avatar":"","neve_post_elements_order":"","neve_meta_disable_header":"","neve_meta_disable_footer":"","neve_meta_disable_title":""},"product_brand":[],"product_cat":[472,473],"product_tag":[217,195,450,451,100,107,199,459,106,457,327,446,448,449,453,447,108,105,455,445,456,475,98,101,104,454,96,99,97,103,102,458,452],"class_list":{"0":"post-12958","1":"product","2":"type-product","3":"status-publish","4":"has-post-thumbnail","6":"product_cat-3d-tulostus","7":"product_cat-filamentit","8":"product_tag-3d-tulostin","9":"product_tag-3d-tulostus","10":"product_tag-ahtari","11":"product_tag-alavus","12":"product_tag-etela-pohjanmaa","13":"product_tag-etela-suomi","14":"product_tag-filamentti","15":"product_tag-hameenlinna","16":"product_tag-huittinen","17":"product_tag-ikaalinen","18":"product_tag-jalasjarvi","19":"product_tag-kankaanpaa","20":"product_tag-karvia","21":"product_tag-kauhajoki","22":"product_tag-kauhava","23":"product_tag-kihnio","24":"product_tag-lansi-suomi","25":"product_tag-lapua","26":"product_tag-lempaala","27":"product_tag-nokia","28":"product_tag-parkano","29":"product_tag-pet","30":"product_tag-pirkanmaa","31":"product_tag-pohjanmaa","32":"product_tag-pori","33":"product_tag-rauma","34":"product_tag-sastamala","35":"product_tag-satakunta","36":"product_tag-seinajoki","37":"product_tag-tampere","38":"product_tag-vaasa","39":"product_tag-virrat","40":"product_tag-ylojarvi","42":"first","43":"instock","44":"shipping-taxable","45":"product-type-simple"},"yoast_head":"<!-- This site is optimized with the Yoast SEO plugin v27.4 - https:\/\/yoast.com\/product\/yoast-seo-wordpress\/ -->\n<title>BASF PET Polyetyleenitereftalaatti filamentti 1.75mm - 750g \/ 2,5kg \/ 4,5kg - useita v\u00e4rej\u00e4 - NettiSeitti<\/title>\n<meta name=\"description\" content=\"Kauttamme polyetyleenitereftalaatti filamentit. Pirkanmaa, Satakunta, Etel\u00e4-Pohjanmaa, Pohjanmaa, Sein\u00e4joki, Sastamala, Tampere, Pori, Vaasa, Nokia, Lapua.\" \/>\n<meta name=\"robots\" content=\"index, follow, max-snippet:-1, max-image-preview:large, max-video-preview:-1\" \/>\n<link rel=\"canonical\" href=\"https:\/\/nettiseitti.fi\/showroom\/tuote\/basf-pet-polyetyleenitereftalaatti-filamentti-1-75mm-750g-25kg-45kg-useita-vareja\/\" \/>\n<meta property=\"og:locale\" content=\"fi_FI\" \/>\n<meta property=\"og:type\" content=\"article\" \/>\n<meta property=\"og:title\" content=\"BASF PET Polyetyleenitereftalaatti filamentti 1.75mm - 750g \/ 2,5kg \/ 4,5kg - useita v\u00e4rej\u00e4 - NettiSeitti\" \/>\n<meta property=\"og:description\" content=\"Kauttamme polyetyleenitereftalaatti filamentit. Pirkanmaa, Satakunta, Etel\u00e4-Pohjanmaa, Pohjanmaa, Sein\u00e4joki, Sastamala, Tampere, Pori, Vaasa, Nokia, Lapua.\" \/>\n<meta property=\"og:url\" content=\"https:\/\/nettiseitti.fi\/showroom\/tuote\/basf-pet-polyetyleenitereftalaatti-filamentti-1-75mm-750g-25kg-45kg-useita-vareja\/\" \/>\n<meta property=\"og:site_name\" content=\"NettiSeitti\" \/>\n<meta property=\"article:modified_time\" content=\"2024-03-31T19:14:06+00:00\" \/>\n<meta property=\"og:image\" content=\"https:\/\/nettiseitti.fi\/showroom\/wp-content\/uploads\/2024\/03\/pet-filamentti.jpg\" \/>\n\t<meta property=\"og:image:width\" content=\"766\" \/>\n\t<meta property=\"og:image:height\" content=\"692\" \/>\n\t<meta property=\"og:image:type\" content=\"image\/jpeg\" \/>\n<meta name=\"twitter:card\" content=\"summary_large_image\" \/>\n<meta name=\"twitter:label1\" content=\"Arvioitu lukuaika\" \/>\n\t<meta name=\"twitter:data1\" content=\"1 minuutti\" \/>\n<script type=\"application\/ld+json\" class=\"yoast-schema-graph\">{\"@context\":\"https:\\\/\\\/schema.org\",\"@graph\":[{\"@type\":\"WebPage\",\"@id\":\"https:\\\/\\\/nettiseitti.fi\\\/showroom\\\/tuote\\\/basf-pet-polyetyleenitereftalaatti-filamentti-1-75mm-750g-25kg-45kg-useita-vareja\\\/\",\"url\":\"https:\\\/\\\/nettiseitti.fi\\\/showroom\\\/tuote\\\/basf-pet-polyetyleenitereftalaatti-filamentti-1-75mm-750g-25kg-45kg-useita-vareja\\\/\",\"name\":\"BASF PET Polyetyleenitereftalaatti filamentti 1.75mm - 750g \\\/ 2,5kg \\\/ 4,5kg - useita v\u00e4rej\u00e4 - NettiSeitti\",\"isPartOf\":{\"@id\":\"https:\\\/\\\/nettiseitti.fi\\\/showroom\\\/#website\"},\"primaryImageOfPage\":{\"@id\":\"https:\\\/\\\/nettiseitti.fi\\\/showroom\\\/tuote\\\/basf-pet-polyetyleenitereftalaatti-filamentti-1-75mm-750g-25kg-45kg-useita-vareja\\\/#primaryimage\"},\"image\":{\"@id\":\"https:\\\/\\\/nettiseitti.fi\\\/showroom\\\/tuote\\\/basf-pet-polyetyleenitereftalaatti-filamentti-1-75mm-750g-25kg-45kg-useita-vareja\\\/#primaryimage\"},\"thumbnailUrl\":\"https:\\\/\\\/nettiseitti.fi\\\/showroom\\\/wp-content\\\/uploads\\\/2024\\\/03\\\/pet-filamentti.jpg\",\"datePublished\":\"2024-03-31T11:53:56+00:00\",\"dateModified\":\"2024-03-31T19:14:06+00:00\",\"description\":\"Kauttamme polyetyleenitereftalaatti filamentit. Pirkanmaa, Satakunta, Etel\u00e4-Pohjanmaa, Pohjanmaa, Sein\u00e4joki, Sastamala, Tampere, Pori, Vaasa, Nokia, Lapua.\",\"breadcrumb\":{\"@id\":\"https:\\\/\\\/nettiseitti.fi\\\/showroom\\\/tuote\\\/basf-pet-polyetyleenitereftalaatti-filamentti-1-75mm-750g-25kg-45kg-useita-vareja\\\/#breadcrumb\"},\"inLanguage\":\"fi\",\"potentialAction\":[{\"@type\":\"ReadAction\",\"target\":[\"https:\\\/\\\/nettiseitti.fi\\\/showroom\\\/tuote\\\/basf-pet-polyetyleenitereftalaatti-filamentti-1-75mm-750g-25kg-45kg-useita-vareja\\\/\"]}]},{\"@type\":\"ImageObject\",\"inLanguage\":\"fi\",\"@id\":\"https:\\\/\\\/nettiseitti.fi\\\/showroom\\\/tuote\\\/basf-pet-polyetyleenitereftalaatti-filamentti-1-75mm-750g-25kg-45kg-useita-vareja\\\/#primaryimage\",\"url\":\"https:\\\/\\\/nettiseitti.fi\\\/showroom\\\/wp-content\\\/uploads\\\/2024\\\/03\\\/pet-filamentti.jpg\",\"contentUrl\":\"https:\\\/\\\/nettiseitti.fi\\\/showroom\\\/wp-content\\\/uploads\\\/2024\\\/03\\\/pet-filamentti.jpg\",\"width\":766,\"height\":692},{\"@type\":\"BreadcrumbList\",\"@id\":\"https:\\\/\\\/nettiseitti.fi\\\/showroom\\\/tuote\\\/basf-pet-polyetyleenitereftalaatti-filamentti-1-75mm-750g-25kg-45kg-useita-vareja\\\/#breadcrumb\",\"itemListElement\":[{\"@type\":\"ListItem\",\"position\":1,\"name\":\"Etusivu\",\"item\":\"https:\\\/\\\/nettiseitti.fi\\\/showroom\\\/\"},{\"@type\":\"ListItem\",\"position\":2,\"name\":\"Tuotteet\",\"item\":\"https:\\\/\\\/nettiseitti.fi\\\/showroom\\\/tuotteet\\\/\"},{\"@type\":\"ListItem\",\"position\":3,\"name\":\"BASF PET Polyetyleenitereftalaatti filamentti 1.75mm &#8211; 750g \\\/ 2,5kg \\\/ 4,5kg &#8211; useita v\u00e4rej\u00e4\"}]},{\"@type\":\"WebSite\",\"@id\":\"https:\\\/\\\/nettiseitti.fi\\\/showroom\\\/#website\",\"url\":\"https:\\\/\\\/nettiseitti.fi\\\/showroom\\\/\",\"name\":\"NettiSeitti\",\"description\":\"\",\"publisher\":{\"@id\":\"https:\\\/\\\/nettiseitti.fi\\\/showroom\\\/#organization\"},\"potentialAction\":[{\"@type\":\"SearchAction\",\"target\":{\"@type\":\"EntryPoint\",\"urlTemplate\":\"https:\\\/\\\/nettiseitti.fi\\\/showroom\\\/?s={search_term_string}\"},\"query-input\":{\"@type\":\"PropertyValueSpecification\",\"valueRequired\":true,\"valueName\":\"search_term_string\"}}],\"inLanguage\":\"fi\"},{\"@type\":\"Organization\",\"@id\":\"https:\\\/\\\/nettiseitti.fi\\\/showroom\\\/#organization\",\"name\":\"NettiSeitti\",\"url\":\"https:\\\/\\\/nettiseitti.fi\\\/showroom\\\/\",\"logo\":{\"@type\":\"ImageObject\",\"inLanguage\":\"fi\",\"@id\":\"https:\\\/\\\/nettiseitti.fi\\\/showroom\\\/#\\\/schema\\\/logo\\\/image\\\/\",\"url\":\"https:\\\/\\\/nettiseitti.fi\\\/showroom\\\/wp-content\\\/uploads\\\/2024\\\/03\\\/nettiseitti_lapinakyva_tausta.png\",\"contentUrl\":\"https:\\\/\\\/nettiseitti.fi\\\/showroom\\\/wp-content\\\/uploads\\\/2024\\\/03\\\/nettiseitti_lapinakyva_tausta.png\",\"width\":2176,\"height\":741,\"caption\":\"NettiSeitti\"},\"image\":{\"@id\":\"https:\\\/\\\/nettiseitti.fi\\\/showroom\\\/#\\\/schema\\\/logo\\\/image\\\/\"}}]}<\/script>\n<!-- \/ Yoast SEO plugin. -->","yoast_head_json":{"title":"BASF PET Polyetyleenitereftalaatti filamentti 1.75mm - 750g \/ 2,5kg \/ 4,5kg - useita v\u00e4rej\u00e4 - NettiSeitti","description":"Kauttamme polyetyleenitereftalaatti filamentit. Pirkanmaa, Satakunta, Etel\u00e4-Pohjanmaa, Pohjanmaa, Sein\u00e4joki, Sastamala, Tampere, Pori, Vaasa, Nokia, Lapua.","robots":{"index":"index","follow":"follow","max-snippet":"max-snippet:-1","max-image-preview":"max-image-preview:large","max-video-preview":"max-video-preview:-1"},"canonical":"https:\/\/nettiseitti.fi\/showroom\/tuote\/basf-pet-polyetyleenitereftalaatti-filamentti-1-75mm-750g-25kg-45kg-useita-vareja\/","og_locale":"fi_FI","og_type":"article","og_title":"BASF PET Polyetyleenitereftalaatti filamentti 1.75mm - 750g \/ 2,5kg \/ 4,5kg - useita v\u00e4rej\u00e4 - NettiSeitti","og_description":"Kauttamme polyetyleenitereftalaatti filamentit. Pirkanmaa, Satakunta, Etel\u00e4-Pohjanmaa, Pohjanmaa, Sein\u00e4joki, Sastamala, Tampere, Pori, Vaasa, Nokia, Lapua.","og_url":"https:\/\/nettiseitti.fi\/showroom\/tuote\/basf-pet-polyetyleenitereftalaatti-filamentti-1-75mm-750g-25kg-45kg-useita-vareja\/","og_site_name":"NettiSeitti","article_modified_time":"2024-03-31T19:14:06+00:00","og_image":[{"width":766,"height":692,"url":"https:\/\/nettiseitti.fi\/showroom\/wp-content\/uploads\/2024\/03\/pet-filamentti.jpg","type":"image\/jpeg"}],"twitter_card":"summary_large_image","twitter_misc":{"Arvioitu lukuaika":"1 minuutti"},"schema":{"@context":"https:\/\/schema.org","@graph":[{"@type":"WebPage","@id":"https:\/\/nettiseitti.fi\/showroom\/tuote\/basf-pet-polyetyleenitereftalaatti-filamentti-1-75mm-750g-25kg-45kg-useita-vareja\/","url":"https:\/\/nettiseitti.fi\/showroom\/tuote\/basf-pet-polyetyleenitereftalaatti-filamentti-1-75mm-750g-25kg-45kg-useita-vareja\/","name":"BASF PET Polyetyleenitereftalaatti filamentti 1.75mm - 750g \/ 2,5kg \/ 4,5kg - useita v\u00e4rej\u00e4 - NettiSeitti","isPartOf":{"@id":"https:\/\/nettiseitti.fi\/showroom\/#website"},"primaryImageOfPage":{"@id":"https:\/\/nettiseitti.fi\/showroom\/tuote\/basf-pet-polyetyleenitereftalaatti-filamentti-1-75mm-750g-25kg-45kg-useita-vareja\/#primaryimage"},"image":{"@id":"https:\/\/nettiseitti.fi\/showroom\/tuote\/basf-pet-polyetyleenitereftalaatti-filamentti-1-75mm-750g-25kg-45kg-useita-vareja\/#primaryimage"},"thumbnailUrl":"https:\/\/nettiseitti.fi\/showroom\/wp-content\/uploads\/2024\/03\/pet-filamentti.jpg","datePublished":"2024-03-31T11:53:56+00:00","dateModified":"2024-03-31T19:14:06+00:00","description":"Kauttamme polyetyleenitereftalaatti filamentit. Pirkanmaa, Satakunta, Etel\u00e4-Pohjanmaa, Pohjanmaa, Sein\u00e4joki, Sastamala, Tampere, Pori, Vaasa, Nokia, Lapua.","breadcrumb":{"@id":"https:\/\/nettiseitti.fi\/showroom\/tuote\/basf-pet-polyetyleenitereftalaatti-filamentti-1-75mm-750g-25kg-45kg-useita-vareja\/#breadcrumb"},"inLanguage":"fi","potentialAction":[{"@type":"ReadAction","target":["https:\/\/nettiseitti.fi\/showroom\/tuote\/basf-pet-polyetyleenitereftalaatti-filamentti-1-75mm-750g-25kg-45kg-useita-vareja\/"]}]},{"@type":"ImageObject","inLanguage":"fi","@id":"https:\/\/nettiseitti.fi\/showroom\/tuote\/basf-pet-polyetyleenitereftalaatti-filamentti-1-75mm-750g-25kg-45kg-useita-vareja\/#primaryimage","url":"https:\/\/nettiseitti.fi\/showroom\/wp-content\/uploads\/2024\/03\/pet-filamentti.jpg","contentUrl":"https:\/\/nettiseitti.fi\/showroom\/wp-content\/uploads\/2024\/03\/pet-filamentti.jpg","width":766,"height":692},{"@type":"BreadcrumbList","@id":"https:\/\/nettiseitti.fi\/showroom\/tuote\/basf-pet-polyetyleenitereftalaatti-filamentti-1-75mm-750g-25kg-45kg-useita-vareja\/#breadcrumb","itemListElement":[{"@type":"ListItem","position":1,"name":"Etusivu","item":"https:\/\/nettiseitti.fi\/showroom\/"},{"@type":"ListItem","position":2,"name":"Tuotteet","item":"https:\/\/nettiseitti.fi\/showroom\/tuotteet\/"},{"@type":"ListItem","position":3,"name":"BASF PET Polyetyleenitereftalaatti filamentti 1.75mm &#8211; 750g \/ 2,5kg \/ 4,5kg &#8211; useita v\u00e4rej\u00e4"}]},{"@type":"WebSite","@id":"https:\/\/nettiseitti.fi\/showroom\/#website","url":"https:\/\/nettiseitti.fi\/showroom\/","name":"NettiSeitti","description":"","publisher":{"@id":"https:\/\/nettiseitti.fi\/showroom\/#organization"},"potentialAction":[{"@type":"SearchAction","target":{"@type":"EntryPoint","urlTemplate":"https:\/\/nettiseitti.fi\/showroom\/?s={search_term_string}"},"query-input":{"@type":"PropertyValueSpecification","valueRequired":true,"valueName":"search_term_string"}}],"inLanguage":"fi"},{"@type":"Organization","@id":"https:\/\/nettiseitti.fi\/showroom\/#organization","name":"NettiSeitti","url":"https:\/\/nettiseitti.fi\/showroom\/","logo":{"@type":"ImageObject","inLanguage":"fi","@id":"https:\/\/nettiseitti.fi\/showroom\/#\/schema\/logo\/image\/","url":"https:\/\/nettiseitti.fi\/showroom\/wp-content\/uploads\/2024\/03\/nettiseitti_lapinakyva_tausta.png","contentUrl":"https:\/\/nettiseitti.fi\/showroom\/wp-content\/uploads\/2024\/03\/nettiseitti_lapinakyva_tausta.png","width":2176,"height":741,"caption":"NettiSeitti"},"image":{"@id":"https:\/\/nettiseitti.fi\/showroom\/#\/schema\/logo\/image\/"}}]}},"_links":{"self":[{"href":"https:\/\/nettiseitti.fi\/showroom\/wp-json\/wp\/v2\/product\/12958","targetHints":{"allow":["GET"]}}],"collection":[{"href":"https:\/\/nettiseitti.fi\/showroom\/wp-json\/wp\/v2\/product"}],"about":[{"href":"https:\/\/nettiseitti.fi\/showroom\/wp-json\/wp\/v2\/types\/product"}],"wp:featuredmedia":[{"embeddable":true,"href":"https:\/\/nettiseitti.fi\/showroom\/wp-json\/wp\/v2\/media\/12959"}],"wp:attachment":[{"href":"https:\/\/nettiseitti.fi\/showroom\/wp-json\/wp\/v2\/media?parent=12958"}],"wp:term":[{"taxonomy":"product_brand","embeddable":true,"href":"https:\/\/nettiseitti.fi\/showroom\/wp-json\/wp\/v2\/product_brand?post=12958"},{"taxonomy":"product_cat","embeddable":true,"href":"https:\/\/nettiseitti.fi\/showroom\/wp-json\/wp\/v2\/product_cat?post=12958"},{"taxonomy":"product_tag","embeddable":true,"href":"https:\/\/nettiseitti.fi\/showroom\/wp-json\/wp\/v2\/product_tag?post=12958"}],"curies":[{"name":"wp","href":"https:\/\/api.w.org\/{rel}","templated":true}]}}