{"id":13006,"date":"2024-04-06T15:23:26","date_gmt":"2024-04-06T12:23:26","guid":{"rendered":"https:\/\/nettiseitti.fi\/showroom\/?post_type=product&#038;p=13006"},"modified":"2024-10-12T15:33:16","modified_gmt":"2024-10-12T12:33:16","slug":"tulostinhuolto","status":"publish","type":"product","link":"https:\/\/nettiseitti.fi\/showroom\/tuote\/tulostinhuolto\/","title":{"rendered":"Tulostinhuolto \/ kopiokonehuolto"},"content":{"rendered":"<p>Tulostinhuolto, varaosat ja viankartoitus tulostimille sek\u00e4 kopiokoneille.<\/p>\n<p>Merkkiosat valmistajilta kuten:<\/p>\n<ul>\n<li>HP<\/li>\n<li>HP LaserJet \/ Color LaserJet<\/li>\n<li>Canon<\/li>\n<li>Samsung<\/li>\n<li>Lexmark<\/li>\n<li>Brother<\/li>\n<li>Epson<\/li>\n<li>Xerox<\/li>\n<li>Muut mallit, varaosia l\u00f6ytyy monille merkeille ja malleille.<\/li>\n<li>Varaosia mm. siirtohihnayksikk\u00f6 (siirtoyksikk\u00f6), kiinnitysyksikk\u00f6, hukkav\u00e4ris\u00e4ili\u00f6, kuvarumpu, siirtorullat, paperin poimintarullat yms.<\/li>\n<\/ul>\n<p>Lasertulostinten, mustesuihkutulostinten ja 3D-tulostinten varaosat.<br \/>\nKauttamme my\u00f6s v\u00e4rikasetit tulostimille ja filamentit 3D-tulostimille sek\u00e4 uudet tulostimet.<\/p>\n<p>Voimme tarvittaessa noutaa laitteet huoltoon Etel\u00e4- ja L\u00e4nsi-Suomen alueilta,<br \/>\nmatkakustannukset sopimuksen mukaan.<\/p>\n<p>Ota yhteytt\u00e4 niin kartoitetaan laitteesi tilanne !<\/p>\n<p>Ota yhteytt\u00e4:<br \/>\nPuh. <a href=\"tel:0401523801\">040 1523801<\/a><br \/>\nS\u00e4hk\u00f6posti: myynti [at] nettiseitti.fi<\/p>\n<p><img decoding=\"async\" class=\"alignnone wp-image-12074\" src=\"https:\/\/nettiseitti.fi\/showroom\/wp-content\/uploads\/2024\/03\/hp-300x148.png\" alt=\"\" width=\"140\" height=\"69\" srcset=\"https:\/\/nettiseitti.fi\/showroom\/wp-content\/uploads\/2024\/03\/hp-300x148.png 300w, https:\/\/nettiseitti.fi\/showroom\/wp-content\/uploads\/2024\/03\/hp-600x295.png 600w, https:\/\/nettiseitti.fi\/showroom\/wp-content\/uploads\/2024\/03\/hp.png 638w\" sizes=\"(max-width: 140px) 100vw, 140px\" \/><\/p>\n","protected":false},"excerpt":{"rendered":"<p>Huollamme ja korjaamme tulostimet. Lis\u00e4ksi merkkivaraosat moniin tulostin malleihin.<\/p>\n","protected":false},"featured_media":13007,"template":"","meta":{"neve_meta_sidebar":"","neve_meta_container":"","neve_meta_enable_content_width":"off","neve_meta_content_width":100,"neve_meta_title_alignment":"","neve_meta_author_avatar":"","neve_post_elements_order":"","neve_meta_disable_header":"","neve_meta_disable_footer":"","neve_meta_disable_title":""},"product_brand":[],"product_cat":[63,66],"product_tag":[217,450,451,92,100,107,459,135,106,457,327,446,448,449,453,447,91,108,105,455,445,88,456,98,101,104,454,96,99,97,103,80,102,75,458,452],"class_list":{"0":"post-13006","1":"product","2":"type-product","3":"status-publish","4":"has-post-thumbnail","6":"product_cat-palvelut","7":"product_cat-tulostimet","8":"product_tag-3d-tulostin","9":"product_tag-ahtari","10":"product_tag-alavus","11":"product_tag-asennus","12":"product_tag-etela-pohjanmaa","13":"product_tag-etela-suomi","14":"product_tag-hameenlinna","15":"product_tag-hp","16":"product_tag-huittinen","17":"product_tag-ikaalinen","18":"product_tag-jalasjarvi","19":"product_tag-kankaanpaa","20":"product_tag-karvia","21":"product_tag-kauhajoki","22":"product_tag-kauhava","23":"product_tag-kihnio","24":"product_tag-konfigurointi","25":"product_tag-lansi-suomi","26":"product_tag-lapua","27":"product_tag-lempaala","28":"product_tag-nokia","29":"product_tag-oheislaite","30":"product_tag-parkano","31":"product_tag-pirkanmaa","32":"product_tag-pohjanmaa","33":"product_tag-pori","34":"product_tag-rauma","35":"product_tag-sastamala","36":"product_tag-satakunta","37":"product_tag-seinajoki","38":"product_tag-tampere","39":"product_tag-tulostin","40":"product_tag-vaasa","41":"product_tag-varaosat","42":"product_tag-virrat","43":"product_tag-ylojarvi","45":"first","46":"instock","47":"shipping-taxable","48":"purchasable","49":"product-type-simple"},"yoast_head":"<!-- This site is optimized with the Yoast SEO plugin v27.4 - https:\/\/yoast.com\/product\/yoast-seo-wordpress\/ -->\n<title>Tulostinhuolto \/ kopiokonehuolto, lasertulostin, mustesuihku, 3D-tulostin - Sein\u00e4joki, Sastamala, Tampere, Vaasa, Pori - NettiSeitti<\/title>\n<meta name=\"description\" content=\"Huollamme ja korjaamme tulostimet. Lis\u00e4ksi merkkivaraosat moniin tulostin malleihin. Pirkanmaa, Satakunta, Etel\u00e4-Pohjanmaa, Pohjanmaa, Sein\u00e4joki, Sastamala.\" \/>\n<meta name=\"robots\" content=\"index, follow, max-snippet:-1, max-image-preview:large, max-video-preview:-1\" \/>\n<link rel=\"canonical\" href=\"https:\/\/nettiseitti.fi\/showroom\/tuote\/tulostinhuolto\/\" \/>\n<meta property=\"og:locale\" content=\"fi_FI\" \/>\n<meta property=\"og:type\" content=\"article\" \/>\n<meta property=\"og:title\" content=\"Tulostinhuolto \/ kopiokonehuolto, lasertulostin, mustesuihku, 3D-tulostin - Sein\u00e4joki, Sastamala, Tampere, Vaasa, Pori - NettiSeitti\" \/>\n<meta property=\"og:description\" content=\"Huollamme ja korjaamme tulostimet. Lis\u00e4ksi merkkivaraosat moniin tulostin malleihin. Pirkanmaa, Satakunta, Etel\u00e4-Pohjanmaa, Pohjanmaa, Sein\u00e4joki, Sastamala.\" \/>\n<meta property=\"og:url\" content=\"https:\/\/nettiseitti.fi\/showroom\/tuote\/tulostinhuolto\/\" \/>\n<meta property=\"og:site_name\" content=\"NettiSeitti\" \/>\n<meta property=\"article:modified_time\" content=\"2024-10-12T12:33:16+00:00\" \/>\n<meta property=\"og:image\" content=\"https:\/\/nettiseitti.fi\/showroom\/wp-content\/uploads\/2024\/04\/tulostinhuolto-siirtohihnayksikko.jpg\" \/>\n\t<meta property=\"og:image:width\" content=\"868\" \/>\n\t<meta property=\"og:image:height\" content=\"696\" \/>\n\t<meta property=\"og:image:type\" content=\"image\/jpeg\" \/>\n<meta name=\"twitter:card\" content=\"summary_large_image\" \/>\n<meta name=\"twitter:label1\" content=\"Arvioitu lukuaika\" \/>\n\t<meta name=\"twitter:data1\" content=\"1 minuutti\" \/>\n<script type=\"application\/ld+json\" class=\"yoast-schema-graph\">{\"@context\":\"https:\\\/\\\/schema.org\",\"@graph\":[{\"@type\":\"WebPage\",\"@id\":\"https:\\\/\\\/nettiseitti.fi\\\/showroom\\\/tuote\\\/tulostinhuolto\\\/\",\"url\":\"https:\\\/\\\/nettiseitti.fi\\\/showroom\\\/tuote\\\/tulostinhuolto\\\/\",\"name\":\"Tulostinhuolto \\\/ kopiokonehuolto, lasertulostin, mustesuihku, 3D-tulostin - Sein\u00e4joki, Sastamala, Tampere, Vaasa, Pori - NettiSeitti\",\"isPartOf\":{\"@id\":\"https:\\\/\\\/nettiseitti.fi\\\/showroom\\\/#website\"},\"primaryImageOfPage\":{\"@id\":\"https:\\\/\\\/nettiseitti.fi\\\/showroom\\\/tuote\\\/tulostinhuolto\\\/#primaryimage\"},\"image\":{\"@id\":\"https:\\\/\\\/nettiseitti.fi\\\/showroom\\\/tuote\\\/tulostinhuolto\\\/#primaryimage\"},\"thumbnailUrl\":\"https:\\\/\\\/nettiseitti.fi\\\/showroom\\\/wp-content\\\/uploads\\\/2024\\\/04\\\/tulostinhuolto-siirtohihnayksikko.jpg\",\"datePublished\":\"2024-04-06T12:23:26+00:00\",\"dateModified\":\"2024-10-12T12:33:16+00:00\",\"description\":\"Huollamme ja korjaamme tulostimet. Lis\u00e4ksi merkkivaraosat moniin tulostin malleihin. Pirkanmaa, Satakunta, Etel\u00e4-Pohjanmaa, Pohjanmaa, Sein\u00e4joki, Sastamala.\",\"breadcrumb\":{\"@id\":\"https:\\\/\\\/nettiseitti.fi\\\/showroom\\\/tuote\\\/tulostinhuolto\\\/#breadcrumb\"},\"inLanguage\":\"fi\",\"potentialAction\":[{\"@type\":\"ReadAction\",\"target\":[\"https:\\\/\\\/nettiseitti.fi\\\/showroom\\\/tuote\\\/tulostinhuolto\\\/\"]}]},{\"@type\":\"ImageObject\",\"inLanguage\":\"fi\",\"@id\":\"https:\\\/\\\/nettiseitti.fi\\\/showroom\\\/tuote\\\/tulostinhuolto\\\/#primaryimage\",\"url\":\"https:\\\/\\\/nettiseitti.fi\\\/showroom\\\/wp-content\\\/uploads\\\/2024\\\/04\\\/tulostinhuolto-siirtohihnayksikko.jpg\",\"contentUrl\":\"https:\\\/\\\/nettiseitti.fi\\\/showroom\\\/wp-content\\\/uploads\\\/2024\\\/04\\\/tulostinhuolto-siirtohihnayksikko.jpg\",\"width\":868,\"height\":696},{\"@type\":\"BreadcrumbList\",\"@id\":\"https:\\\/\\\/nettiseitti.fi\\\/showroom\\\/tuote\\\/tulostinhuolto\\\/#breadcrumb\",\"itemListElement\":[{\"@type\":\"ListItem\",\"position\":1,\"name\":\"Etusivu\",\"item\":\"https:\\\/\\\/nettiseitti.fi\\\/showroom\\\/\"},{\"@type\":\"ListItem\",\"position\":2,\"name\":\"Tuotteet\",\"item\":\"https:\\\/\\\/nettiseitti.fi\\\/showroom\\\/tuotteet\\\/\"},{\"@type\":\"ListItem\",\"position\":3,\"name\":\"Tulostinhuolto \\\/ kopiokonehuolto\"}]},{\"@type\":\"WebSite\",\"@id\":\"https:\\\/\\\/nettiseitti.fi\\\/showroom\\\/#website\",\"url\":\"https:\\\/\\\/nettiseitti.fi\\\/showroom\\\/\",\"name\":\"NettiSeitti\",\"description\":\"\",\"publisher\":{\"@id\":\"https:\\\/\\\/nettiseitti.fi\\\/showroom\\\/#organization\"},\"potentialAction\":[{\"@type\":\"SearchAction\",\"target\":{\"@type\":\"EntryPoint\",\"urlTemplate\":\"https:\\\/\\\/nettiseitti.fi\\\/showroom\\\/?s={search_term_string}\"},\"query-input\":{\"@type\":\"PropertyValueSpecification\",\"valueRequired\":true,\"valueName\":\"search_term_string\"}}],\"inLanguage\":\"fi\"},{\"@type\":\"Organization\",\"@id\":\"https:\\\/\\\/nettiseitti.fi\\\/showroom\\\/#organization\",\"name\":\"NettiSeitti\",\"url\":\"https:\\\/\\\/nettiseitti.fi\\\/showroom\\\/\",\"logo\":{\"@type\":\"ImageObject\",\"inLanguage\":\"fi\",\"@id\":\"https:\\\/\\\/nettiseitti.fi\\\/showroom\\\/#\\\/schema\\\/logo\\\/image\\\/\",\"url\":\"https:\\\/\\\/nettiseitti.fi\\\/showroom\\\/wp-content\\\/uploads\\\/2024\\\/03\\\/nettiseitti_lapinakyva_tausta.png\",\"contentUrl\":\"https:\\\/\\\/nettiseitti.fi\\\/showroom\\\/wp-content\\\/uploads\\\/2024\\\/03\\\/nettiseitti_lapinakyva_tausta.png\",\"width\":2176,\"height\":741,\"caption\":\"NettiSeitti\"},\"image\":{\"@id\":\"https:\\\/\\\/nettiseitti.fi\\\/showroom\\\/#\\\/schema\\\/logo\\\/image\\\/\"}}]}<\/script>\n<!-- \/ Yoast SEO plugin. -->","yoast_head_json":{"title":"Tulostinhuolto \/ kopiokonehuolto, lasertulostin, mustesuihku, 3D-tulostin - Sein\u00e4joki, Sastamala, Tampere, Vaasa, Pori - NettiSeitti","description":"Huollamme ja korjaamme tulostimet. Lis\u00e4ksi merkkivaraosat moniin tulostin malleihin. Pirkanmaa, Satakunta, Etel\u00e4-Pohjanmaa, Pohjanmaa, Sein\u00e4joki, Sastamala.","robots":{"index":"index","follow":"follow","max-snippet":"max-snippet:-1","max-image-preview":"max-image-preview:large","max-video-preview":"max-video-preview:-1"},"canonical":"https:\/\/nettiseitti.fi\/showroom\/tuote\/tulostinhuolto\/","og_locale":"fi_FI","og_type":"article","og_title":"Tulostinhuolto \/ kopiokonehuolto, lasertulostin, mustesuihku, 3D-tulostin - Sein\u00e4joki, Sastamala, Tampere, Vaasa, Pori - NettiSeitti","og_description":"Huollamme ja korjaamme tulostimet. Lis\u00e4ksi merkkivaraosat moniin tulostin malleihin. Pirkanmaa, Satakunta, Etel\u00e4-Pohjanmaa, Pohjanmaa, Sein\u00e4joki, Sastamala.","og_url":"https:\/\/nettiseitti.fi\/showroom\/tuote\/tulostinhuolto\/","og_site_name":"NettiSeitti","article_modified_time":"2024-10-12T12:33:16+00:00","og_image":[{"width":868,"height":696,"url":"https:\/\/nettiseitti.fi\/showroom\/wp-content\/uploads\/2024\/04\/tulostinhuolto-siirtohihnayksikko.jpg","type":"image\/jpeg"}],"twitter_card":"summary_large_image","twitter_misc":{"Arvioitu lukuaika":"1 minuutti"},"schema":{"@context":"https:\/\/schema.org","@graph":[{"@type":"WebPage","@id":"https:\/\/nettiseitti.fi\/showroom\/tuote\/tulostinhuolto\/","url":"https:\/\/nettiseitti.fi\/showroom\/tuote\/tulostinhuolto\/","name":"Tulostinhuolto \/ kopiokonehuolto, lasertulostin, mustesuihku, 3D-tulostin - Sein\u00e4joki, Sastamala, Tampere, Vaasa, Pori - NettiSeitti","isPartOf":{"@id":"https:\/\/nettiseitti.fi\/showroom\/#website"},"primaryImageOfPage":{"@id":"https:\/\/nettiseitti.fi\/showroom\/tuote\/tulostinhuolto\/#primaryimage"},"image":{"@id":"https:\/\/nettiseitti.fi\/showroom\/tuote\/tulostinhuolto\/#primaryimage"},"thumbnailUrl":"https:\/\/nettiseitti.fi\/showroom\/wp-content\/uploads\/2024\/04\/tulostinhuolto-siirtohihnayksikko.jpg","datePublished":"2024-04-06T12:23:26+00:00","dateModified":"2024-10-12T12:33:16+00:00","description":"Huollamme ja korjaamme tulostimet. Lis\u00e4ksi merkkivaraosat moniin tulostin malleihin. Pirkanmaa, Satakunta, Etel\u00e4-Pohjanmaa, Pohjanmaa, Sein\u00e4joki, Sastamala.","breadcrumb":{"@id":"https:\/\/nettiseitti.fi\/showroom\/tuote\/tulostinhuolto\/#breadcrumb"},"inLanguage":"fi","potentialAction":[{"@type":"ReadAction","target":["https:\/\/nettiseitti.fi\/showroom\/tuote\/tulostinhuolto\/"]}]},{"@type":"ImageObject","inLanguage":"fi","@id":"https:\/\/nettiseitti.fi\/showroom\/tuote\/tulostinhuolto\/#primaryimage","url":"https:\/\/nettiseitti.fi\/showroom\/wp-content\/uploads\/2024\/04\/tulostinhuolto-siirtohihnayksikko.jpg","contentUrl":"https:\/\/nettiseitti.fi\/showroom\/wp-content\/uploads\/2024\/04\/tulostinhuolto-siirtohihnayksikko.jpg","width":868,"height":696},{"@type":"BreadcrumbList","@id":"https:\/\/nettiseitti.fi\/showroom\/tuote\/tulostinhuolto\/#breadcrumb","itemListElement":[{"@type":"ListItem","position":1,"name":"Etusivu","item":"https:\/\/nettiseitti.fi\/showroom\/"},{"@type":"ListItem","position":2,"name":"Tuotteet","item":"https:\/\/nettiseitti.fi\/showroom\/tuotteet\/"},{"@type":"ListItem","position":3,"name":"Tulostinhuolto \/ kopiokonehuolto"}]},{"@type":"WebSite","@id":"https:\/\/nettiseitti.fi\/showroom\/#website","url":"https:\/\/nettiseitti.fi\/showroom\/","name":"NettiSeitti","description":"","publisher":{"@id":"https:\/\/nettiseitti.fi\/showroom\/#organization"},"potentialAction":[{"@type":"SearchAction","target":{"@type":"EntryPoint","urlTemplate":"https:\/\/nettiseitti.fi\/showroom\/?s={search_term_string}"},"query-input":{"@type":"PropertyValueSpecification","valueRequired":true,"valueName":"search_term_string"}}],"inLanguage":"fi"},{"@type":"Organization","@id":"https:\/\/nettiseitti.fi\/showroom\/#organization","name":"NettiSeitti","url":"https:\/\/nettiseitti.fi\/showroom\/","logo":{"@type":"ImageObject","inLanguage":"fi","@id":"https:\/\/nettiseitti.fi\/showroom\/#\/schema\/logo\/image\/","url":"https:\/\/nettiseitti.fi\/showroom\/wp-content\/uploads\/2024\/03\/nettiseitti_lapinakyva_tausta.png","contentUrl":"https:\/\/nettiseitti.fi\/showroom\/wp-content\/uploads\/2024\/03\/nettiseitti_lapinakyva_tausta.png","width":2176,"height":741,"caption":"NettiSeitti"},"image":{"@id":"https:\/\/nettiseitti.fi\/showroom\/#\/schema\/logo\/image\/"}}]}},"_links":{"self":[{"href":"https:\/\/nettiseitti.fi\/showroom\/wp-json\/wp\/v2\/product\/13006","targetHints":{"allow":["GET"]}}],"collection":[{"href":"https:\/\/nettiseitti.fi\/showroom\/wp-json\/wp\/v2\/product"}],"about":[{"href":"https:\/\/nettiseitti.fi\/showroom\/wp-json\/wp\/v2\/types\/product"}],"wp:featuredmedia":[{"embeddable":true,"href":"https:\/\/nettiseitti.fi\/showroom\/wp-json\/wp\/v2\/media\/13007"}],"wp:attachment":[{"href":"https:\/\/nettiseitti.fi\/showroom\/wp-json\/wp\/v2\/media?parent=13006"}],"wp:term":[{"taxonomy":"product_brand","embeddable":true,"href":"https:\/\/nettiseitti.fi\/showroom\/wp-json\/wp\/v2\/product_brand?post=13006"},{"taxonomy":"product_cat","embeddable":true,"href":"https:\/\/nettiseitti.fi\/showroom\/wp-json\/wp\/v2\/product_cat?post=13006"},{"taxonomy":"product_tag","embeddable":true,"href":"https:\/\/nettiseitti.fi\/showroom\/wp-json\/wp\/v2\/product_tag?post=13006"}],"curies":[{"name":"wp","href":"https:\/\/api.w.org\/{rel}","templated":true}]}}