{"id":13020,"date":"2024-04-08T18:26:40","date_gmt":"2024-04-08T15:26:40","guid":{"rendered":"https:\/\/nettiseitti.fi\/showroom\/?post_type=product&#038;p=13020"},"modified":"2024-05-29T16:25:55","modified_gmt":"2024-05-29T13:25:55","slug":"smartlife-yhdyskaytava","status":"publish","type":"product","link":"https:\/\/nettiseitti.fi\/showroom\/tuote\/smartlife-yhdyskaytava\/","title":{"rendered":"SmartLife Yhdysk\u00e4yt\u00e4v\u00e4"},"content":{"rendered":"<p>SmartLife yhdysk\u00e4yt\u00e4v\u00e4 mahdollistaa Zigbee-laitteiden ja anturien k\u00e4ytt\u00e4misen sek\u00e4 hallitsemisen SmartLife-sovelluksen kautta.<br \/>\nAnturit sek\u00e4 laitteet yhdistet\u00e4\u00e4n yhdysk\u00e4yt\u00e4v\u00e4\u00e4n ja yhdysk\u00e4yt\u00e4v\u00e4 yhdistet\u00e4\u00e4n WiFi-verkkoon, jonka kautta voit seurata \/ ohjata laitteita ja antureita.<\/p>\n<p>Yhdysk\u00e4yt\u00e4v\u00e4n kautta voidaan l\u00e4hett\u00e4\u00e4 esim. h\u00e4lytys puhelimeesi, jos asetetut l\u00e4mp\u00f6tila- tai kosteusrajat ylittyv\u00e4t.<\/p>\n<p>Yhdysk\u00e4yt\u00e4v\u00e4\u00e4n saatavissa mm.<\/p>\n<ul>\n<li>L\u00e4mp\u00f6tila-anturi<\/li>\n<li>Kosteusanturi<\/li>\n<li>Liiketunnistin<\/li>\n<li>CO-Ilmaisin (h\u00e4k\u00e4ilmaisin)<\/li>\n<li>Ulkovalo<\/li>\n<li>Kaasunilmaisin<\/li>\n<li>Palovaroitin<\/li>\n<li>Ovi \/ ikkuna-anturi<\/li>\n<li>\u00c4lypistorasia virtamittarilla<\/li>\n<li>Verho robotti verhojen aukaisemiseen \/ sulkemiseen<\/li>\n<\/ul>\n<p>Ominaisuuksia:<\/p>\n<ul>\n<li>Yhdist\u00e4 jopa 50 Zigbee-tuotetta yhteen yhdysk\u00e4yt\u00e4v\u00e4\u00e4n<\/li>\n<li>Pistotulppa integroitu yhdysk\u00e4yt\u00e4v\u00e4\u00e4n, ei tarvitse vaihtaa paristoja<\/li>\n<li>Yhdysk\u00e4yt\u00e4v\u00e4 yhdistet\u00e4\u00e4n langattomaan WiFi-verkkoon<\/li>\n<li>Tukee sek\u00e4 Zigbee- ett\u00e4 Bluetooth-protokollia<\/li>\n<\/ul>\n<p>Kauttamme my\u00f6s muut \u00e4lykotituotteet ja uusimmat laitteet, ota yhteytt\u00e4 !<\/p>\n<p>Kysy ajantasainen hinnasto ja lis\u00e4tietoja ottamalla meihin yhteytt\u00e4.<br \/>\nMy\u00f6s toimitus mahdollista tarvittaessa riippuen tilatuista tuotteista.<\/p>\n<p>Kauttamme \u00e4lykotituotteet tarvittaessa k\u00e4ytt\u00f6kuntoon asennettuna.<\/p>\n<p>Ota yhteytt\u00e4:<br \/>\nPuh. <a href=\"tel:0401523801\">040 1523801<\/a><br \/>\nS\u00e4hk\u00f6posti: myynti [at] nettiseitti.fi<\/p>\n","protected":false},"excerpt":{"rendered":"<p>Yhdysk\u00e4yt\u00e4v\u00e4 Zigbee-laitteille ja antureille.<\/p>\n","protected":false},"featured_media":13021,"template":"","meta":{"neve_meta_sidebar":"","neve_meta_container":"","neve_meta_enable_content_width":"off","neve_meta_content_width":100,"neve_meta_title_alignment":"","neve_meta_author_avatar":"","neve_post_elements_order":"","neve_meta_disable_header":"","neve_meta_disable_footer":"","neve_meta_disable_title":""},"product_brand":[],"product_cat":[486],"product_tag":[450,451,213,85,100,107,459,106,457,327,446,448,449,453,447,265,264,108,105,455,445,456,98,101,104,454,96,99,97,103,102,458,487,452],"class_list":{"0":"post-13020","1":"product","2":"type-product","3":"status-publish","4":"has-post-thumbnail","6":"product_cat-alykoti","7":"product_tag-ahtari","8":"product_tag-alavus","9":"product_tag-alykoti","10":"product_tag-alylaite","11":"product_tag-etela-pohjanmaa","12":"product_tag-etela-suomi","13":"product_tag-hameenlinna","14":"product_tag-huittinen","15":"product_tag-ikaalinen","16":"product_tag-jalasjarvi","17":"product_tag-kankaanpaa","18":"product_tag-karvia","19":"product_tag-kauhajoki","20":"product_tag-kauhava","21":"product_tag-kihnio","22":"product_tag-kosteus","23":"product_tag-lampotila","24":"product_tag-lansi-suomi","25":"product_tag-lapua","26":"product_tag-lempaala","27":"product_tag-nokia","28":"product_tag-parkano","29":"product_tag-pirkanmaa","30":"product_tag-pohjanmaa","31":"product_tag-pori","32":"product_tag-rauma","33":"product_tag-sastamala","34":"product_tag-satakunta","35":"product_tag-seinajoki","36":"product_tag-tampere","37":"product_tag-vaasa","38":"product_tag-virrat","39":"product_tag-yhdyskaytava","40":"product_tag-ylojarvi","42":"first","43":"instock","44":"shipping-taxable","45":"product-type-simple"},"yoast_head":"<!-- This site is optimized with the Yoast SEO plugin v27.4 - https:\/\/yoast.com\/product\/yoast-seo-wordpress\/ -->\n<title>SmartLife Yhdysk\u00e4yt\u00e4v\u00e4 - NettiSeitti<\/title>\n<meta name=\"description\" content=\"Yhdysk\u00e4yt\u00e4v\u00e4 Zigbee-laitteille ja antureille. Pirkanmaa, Satakunta, Etel\u00e4-Pohjanmaa, Pohjanmaa, Sein\u00e4joki, Sastamala, Tampere, Pori, Nokia, Vaasa, Rauma.\" \/>\n<meta name=\"robots\" content=\"index, follow, max-snippet:-1, max-image-preview:large, max-video-preview:-1\" \/>\n<link rel=\"canonical\" href=\"https:\/\/nettiseitti.fi\/showroom\/tuote\/smartlife-yhdyskaytava\/\" \/>\n<meta property=\"og:locale\" content=\"fi_FI\" \/>\n<meta property=\"og:type\" content=\"article\" \/>\n<meta property=\"og:title\" content=\"SmartLife Yhdysk\u00e4yt\u00e4v\u00e4 - NettiSeitti\" \/>\n<meta property=\"og:description\" content=\"Yhdysk\u00e4yt\u00e4v\u00e4 Zigbee-laitteille ja antureille. Pirkanmaa, Satakunta, Etel\u00e4-Pohjanmaa, Pohjanmaa, Sein\u00e4joki, Sastamala, Tampere, Pori, Nokia, Vaasa, Rauma.\" \/>\n<meta property=\"og:url\" content=\"https:\/\/nettiseitti.fi\/showroom\/tuote\/smartlife-yhdyskaytava\/\" \/>\n<meta property=\"og:site_name\" content=\"NettiSeitti\" \/>\n<meta property=\"article:modified_time\" content=\"2024-05-29T13:25:55+00:00\" \/>\n<meta property=\"og:image\" content=\"https:\/\/nettiseitti.fi\/showroom\/wp-content\/uploads\/2024\/04\/yhdyskaytava-zigbee.jpg\" \/>\n\t<meta property=\"og:image:width\" content=\"618\" \/>\n\t<meta property=\"og:image:height\" content=\"594\" \/>\n\t<meta property=\"og:image:type\" content=\"image\/jpeg\" \/>\n<meta name=\"twitter:card\" content=\"summary_large_image\" \/>\n<meta name=\"twitter:label1\" content=\"Arvioitu lukuaika\" \/>\n\t<meta name=\"twitter:data1\" content=\"1 minuutti\" \/>\n<script type=\"application\/ld+json\" class=\"yoast-schema-graph\">{\"@context\":\"https:\\\/\\\/schema.org\",\"@graph\":[{\"@type\":\"WebPage\",\"@id\":\"https:\\\/\\\/nettiseitti.fi\\\/showroom\\\/tuote\\\/smartlife-yhdyskaytava\\\/\",\"url\":\"https:\\\/\\\/nettiseitti.fi\\\/showroom\\\/tuote\\\/smartlife-yhdyskaytava\\\/\",\"name\":\"SmartLife Yhdysk\u00e4yt\u00e4v\u00e4 - NettiSeitti\",\"isPartOf\":{\"@id\":\"https:\\\/\\\/nettiseitti.fi\\\/showroom\\\/#website\"},\"primaryImageOfPage\":{\"@id\":\"https:\\\/\\\/nettiseitti.fi\\\/showroom\\\/tuote\\\/smartlife-yhdyskaytava\\\/#primaryimage\"},\"image\":{\"@id\":\"https:\\\/\\\/nettiseitti.fi\\\/showroom\\\/tuote\\\/smartlife-yhdyskaytava\\\/#primaryimage\"},\"thumbnailUrl\":\"https:\\\/\\\/nettiseitti.fi\\\/showroom\\\/wp-content\\\/uploads\\\/2024\\\/04\\\/yhdyskaytava-zigbee.jpg\",\"datePublished\":\"2024-04-08T15:26:40+00:00\",\"dateModified\":\"2024-05-29T13:25:55+00:00\",\"description\":\"Yhdysk\u00e4yt\u00e4v\u00e4 Zigbee-laitteille ja antureille. Pirkanmaa, Satakunta, Etel\u00e4-Pohjanmaa, Pohjanmaa, Sein\u00e4joki, Sastamala, Tampere, Pori, Nokia, Vaasa, Rauma.\",\"breadcrumb\":{\"@id\":\"https:\\\/\\\/nettiseitti.fi\\\/showroom\\\/tuote\\\/smartlife-yhdyskaytava\\\/#breadcrumb\"},\"inLanguage\":\"fi\",\"potentialAction\":[{\"@type\":\"ReadAction\",\"target\":[\"https:\\\/\\\/nettiseitti.fi\\\/showroom\\\/tuote\\\/smartlife-yhdyskaytava\\\/\"]}]},{\"@type\":\"ImageObject\",\"inLanguage\":\"fi\",\"@id\":\"https:\\\/\\\/nettiseitti.fi\\\/showroom\\\/tuote\\\/smartlife-yhdyskaytava\\\/#primaryimage\",\"url\":\"https:\\\/\\\/nettiseitti.fi\\\/showroom\\\/wp-content\\\/uploads\\\/2024\\\/04\\\/yhdyskaytava-zigbee.jpg\",\"contentUrl\":\"https:\\\/\\\/nettiseitti.fi\\\/showroom\\\/wp-content\\\/uploads\\\/2024\\\/04\\\/yhdyskaytava-zigbee.jpg\",\"width\":618,\"height\":594},{\"@type\":\"BreadcrumbList\",\"@id\":\"https:\\\/\\\/nettiseitti.fi\\\/showroom\\\/tuote\\\/smartlife-yhdyskaytava\\\/#breadcrumb\",\"itemListElement\":[{\"@type\":\"ListItem\",\"position\":1,\"name\":\"Etusivu\",\"item\":\"https:\\\/\\\/nettiseitti.fi\\\/showroom\\\/\"},{\"@type\":\"ListItem\",\"position\":2,\"name\":\"Tuotteet\",\"item\":\"https:\\\/\\\/nettiseitti.fi\\\/showroom\\\/tuotteet\\\/\"},{\"@type\":\"ListItem\",\"position\":3,\"name\":\"SmartLife Yhdysk\u00e4yt\u00e4v\u00e4\"}]},{\"@type\":\"WebSite\",\"@id\":\"https:\\\/\\\/nettiseitti.fi\\\/showroom\\\/#website\",\"url\":\"https:\\\/\\\/nettiseitti.fi\\\/showroom\\\/\",\"name\":\"NettiSeitti\",\"description\":\"\",\"publisher\":{\"@id\":\"https:\\\/\\\/nettiseitti.fi\\\/showroom\\\/#organization\"},\"potentialAction\":[{\"@type\":\"SearchAction\",\"target\":{\"@type\":\"EntryPoint\",\"urlTemplate\":\"https:\\\/\\\/nettiseitti.fi\\\/showroom\\\/?s={search_term_string}\"},\"query-input\":{\"@type\":\"PropertyValueSpecification\",\"valueRequired\":true,\"valueName\":\"search_term_string\"}}],\"inLanguage\":\"fi\"},{\"@type\":\"Organization\",\"@id\":\"https:\\\/\\\/nettiseitti.fi\\\/showroom\\\/#organization\",\"name\":\"NettiSeitti\",\"url\":\"https:\\\/\\\/nettiseitti.fi\\\/showroom\\\/\",\"logo\":{\"@type\":\"ImageObject\",\"inLanguage\":\"fi\",\"@id\":\"https:\\\/\\\/nettiseitti.fi\\\/showroom\\\/#\\\/schema\\\/logo\\\/image\\\/\",\"url\":\"https:\\\/\\\/nettiseitti.fi\\\/showroom\\\/wp-content\\\/uploads\\\/2024\\\/03\\\/nettiseitti_lapinakyva_tausta.png\",\"contentUrl\":\"https:\\\/\\\/nettiseitti.fi\\\/showroom\\\/wp-content\\\/uploads\\\/2024\\\/03\\\/nettiseitti_lapinakyva_tausta.png\",\"width\":2176,\"height\":741,\"caption\":\"NettiSeitti\"},\"image\":{\"@id\":\"https:\\\/\\\/nettiseitti.fi\\\/showroom\\\/#\\\/schema\\\/logo\\\/image\\\/\"}}]}<\/script>\n<!-- \/ Yoast SEO plugin. -->","yoast_head_json":{"title":"SmartLife Yhdysk\u00e4yt\u00e4v\u00e4 - NettiSeitti","description":"Yhdysk\u00e4yt\u00e4v\u00e4 Zigbee-laitteille ja antureille. Pirkanmaa, Satakunta, Etel\u00e4-Pohjanmaa, Pohjanmaa, Sein\u00e4joki, Sastamala, Tampere, Pori, Nokia, Vaasa, Rauma.","robots":{"index":"index","follow":"follow","max-snippet":"max-snippet:-1","max-image-preview":"max-image-preview:large","max-video-preview":"max-video-preview:-1"},"canonical":"https:\/\/nettiseitti.fi\/showroom\/tuote\/smartlife-yhdyskaytava\/","og_locale":"fi_FI","og_type":"article","og_title":"SmartLife Yhdysk\u00e4yt\u00e4v\u00e4 - NettiSeitti","og_description":"Yhdysk\u00e4yt\u00e4v\u00e4 Zigbee-laitteille ja antureille. Pirkanmaa, Satakunta, Etel\u00e4-Pohjanmaa, Pohjanmaa, Sein\u00e4joki, Sastamala, Tampere, Pori, Nokia, Vaasa, Rauma.","og_url":"https:\/\/nettiseitti.fi\/showroom\/tuote\/smartlife-yhdyskaytava\/","og_site_name":"NettiSeitti","article_modified_time":"2024-05-29T13:25:55+00:00","og_image":[{"width":618,"height":594,"url":"https:\/\/nettiseitti.fi\/showroom\/wp-content\/uploads\/2024\/04\/yhdyskaytava-zigbee.jpg","type":"image\/jpeg"}],"twitter_card":"summary_large_image","twitter_misc":{"Arvioitu lukuaika":"1 minuutti"},"schema":{"@context":"https:\/\/schema.org","@graph":[{"@type":"WebPage","@id":"https:\/\/nettiseitti.fi\/showroom\/tuote\/smartlife-yhdyskaytava\/","url":"https:\/\/nettiseitti.fi\/showroom\/tuote\/smartlife-yhdyskaytava\/","name":"SmartLife Yhdysk\u00e4yt\u00e4v\u00e4 - NettiSeitti","isPartOf":{"@id":"https:\/\/nettiseitti.fi\/showroom\/#website"},"primaryImageOfPage":{"@id":"https:\/\/nettiseitti.fi\/showroom\/tuote\/smartlife-yhdyskaytava\/#primaryimage"},"image":{"@id":"https:\/\/nettiseitti.fi\/showroom\/tuote\/smartlife-yhdyskaytava\/#primaryimage"},"thumbnailUrl":"https:\/\/nettiseitti.fi\/showroom\/wp-content\/uploads\/2024\/04\/yhdyskaytava-zigbee.jpg","datePublished":"2024-04-08T15:26:40+00:00","dateModified":"2024-05-29T13:25:55+00:00","description":"Yhdysk\u00e4yt\u00e4v\u00e4 Zigbee-laitteille ja antureille. Pirkanmaa, Satakunta, Etel\u00e4-Pohjanmaa, Pohjanmaa, Sein\u00e4joki, Sastamala, Tampere, Pori, Nokia, Vaasa, Rauma.","breadcrumb":{"@id":"https:\/\/nettiseitti.fi\/showroom\/tuote\/smartlife-yhdyskaytava\/#breadcrumb"},"inLanguage":"fi","potentialAction":[{"@type":"ReadAction","target":["https:\/\/nettiseitti.fi\/showroom\/tuote\/smartlife-yhdyskaytava\/"]}]},{"@type":"ImageObject","inLanguage":"fi","@id":"https:\/\/nettiseitti.fi\/showroom\/tuote\/smartlife-yhdyskaytava\/#primaryimage","url":"https:\/\/nettiseitti.fi\/showroom\/wp-content\/uploads\/2024\/04\/yhdyskaytava-zigbee.jpg","contentUrl":"https:\/\/nettiseitti.fi\/showroom\/wp-content\/uploads\/2024\/04\/yhdyskaytava-zigbee.jpg","width":618,"height":594},{"@type":"BreadcrumbList","@id":"https:\/\/nettiseitti.fi\/showroom\/tuote\/smartlife-yhdyskaytava\/#breadcrumb","itemListElement":[{"@type":"ListItem","position":1,"name":"Etusivu","item":"https:\/\/nettiseitti.fi\/showroom\/"},{"@type":"ListItem","position":2,"name":"Tuotteet","item":"https:\/\/nettiseitti.fi\/showroom\/tuotteet\/"},{"@type":"ListItem","position":3,"name":"SmartLife Yhdysk\u00e4yt\u00e4v\u00e4"}]},{"@type":"WebSite","@id":"https:\/\/nettiseitti.fi\/showroom\/#website","url":"https:\/\/nettiseitti.fi\/showroom\/","name":"NettiSeitti","description":"","publisher":{"@id":"https:\/\/nettiseitti.fi\/showroom\/#organization"},"potentialAction":[{"@type":"SearchAction","target":{"@type":"EntryPoint","urlTemplate":"https:\/\/nettiseitti.fi\/showroom\/?s={search_term_string}"},"query-input":{"@type":"PropertyValueSpecification","valueRequired":true,"valueName":"search_term_string"}}],"inLanguage":"fi"},{"@type":"Organization","@id":"https:\/\/nettiseitti.fi\/showroom\/#organization","name":"NettiSeitti","url":"https:\/\/nettiseitti.fi\/showroom\/","logo":{"@type":"ImageObject","inLanguage":"fi","@id":"https:\/\/nettiseitti.fi\/showroom\/#\/schema\/logo\/image\/","url":"https:\/\/nettiseitti.fi\/showroom\/wp-content\/uploads\/2024\/03\/nettiseitti_lapinakyva_tausta.png","contentUrl":"https:\/\/nettiseitti.fi\/showroom\/wp-content\/uploads\/2024\/03\/nettiseitti_lapinakyva_tausta.png","width":2176,"height":741,"caption":"NettiSeitti"},"image":{"@id":"https:\/\/nettiseitti.fi\/showroom\/#\/schema\/logo\/image\/"}}]}},"_links":{"self":[{"href":"https:\/\/nettiseitti.fi\/showroom\/wp-json\/wp\/v2\/product\/13020","targetHints":{"allow":["GET"]}}],"collection":[{"href":"https:\/\/nettiseitti.fi\/showroom\/wp-json\/wp\/v2\/product"}],"about":[{"href":"https:\/\/nettiseitti.fi\/showroom\/wp-json\/wp\/v2\/types\/product"}],"wp:featuredmedia":[{"embeddable":true,"href":"https:\/\/nettiseitti.fi\/showroom\/wp-json\/wp\/v2\/media\/13021"}],"wp:attachment":[{"href":"https:\/\/nettiseitti.fi\/showroom\/wp-json\/wp\/v2\/media?parent=13020"}],"wp:term":[{"taxonomy":"product_brand","embeddable":true,"href":"https:\/\/nettiseitti.fi\/showroom\/wp-json\/wp\/v2\/product_brand?post=13020"},{"taxonomy":"product_cat","embeddable":true,"href":"https:\/\/nettiseitti.fi\/showroom\/wp-json\/wp\/v2\/product_cat?post=13020"},{"taxonomy":"product_tag","embeddable":true,"href":"https:\/\/nettiseitti.fi\/showroom\/wp-json\/wp\/v2\/product_tag?post=13020"}],"curies":[{"name":"wp","href":"https:\/\/api.w.org\/{rel}","templated":true}]}}