{"id":13022,"date":"2024-04-08T18:43:31","date_gmt":"2024-04-08T15:43:31","guid":{"rendered":"https:\/\/nettiseitti.fi\/showroom\/?post_type=product&#038;p=13022"},"modified":"2024-04-08T18:43:32","modified_gmt":"2024-04-08T15:43:32","slug":"smartlife-vedenilmaisin","status":"publish","type":"product","link":"https:\/\/nettiseitti.fi\/showroom\/tuote\/smartlife-vedenilmaisin\/","title":{"rendered":"SmartLife Vedenilmaisin"},"content":{"rendered":"<p>Veden tunnistus ja h\u00e4lytys ongelman varhaisimmissa vaiheissa est\u00e4\u00e4 kustannuksia aiheuttavan kosteuden kertymisen sek\u00e4 vesivahingot.<br \/>\nLaite antaa vett\u00e4 havaitessaan \u00e4\u00e4nih\u00e4lytyksen sek\u00e4 ilmoittaa SmartLife-sovelluksen kautta havaitusta vedest\u00e4 push-ilmoituksen avulla.<\/p>\n<p>Ominaisuuksia:<\/p>\n<ul>\n<li>Voidaan yhdist\u00e4\u00e4 suoraan WiFi-verkkoon, yhdysk\u00e4yt\u00e4v\u00e4\u00e4 ei tarvita<\/li>\n<li>Pitk\u00e4 pariston k\u00e4ytt\u00f6ik\u00e4<\/li>\n<li>Jatkokaapelin avulla voi tehd\u00e4 tarkistuksia jopa 115 cm:n p\u00e4\u00e4h\u00e4n ilmaisimesta ja tavoittaa vaikeap\u00e4\u00e4syiset putket, laajennusosan leveys n. 6mm.<\/li>\n<\/ul>\n<p>Kauttamme my\u00f6s muut \u00e4lykotituotteet ja uusimmat laitteet, ota yhteytt\u00e4 !<\/p>\n<p>Kysy ajantasainen hinnasto ja lis\u00e4tietoja ottamalla meihin yhteytt\u00e4.<br \/>\nMy\u00f6s toimitus mahdollista tarvittaessa riippuen tilatuista tuotteista.<\/p>\n<p>Kauttamme \u00e4lykotituotteet tarvittaessa k\u00e4ytt\u00f6kuntoon asennettuna.<\/p>\n<p>Ota yhteytt\u00e4:<br \/>\nPuh. <a href=\"tel:0401523801\">040 1523801<\/a><br \/>\nS\u00e4hk\u00f6posti: myynti [at] nettiseitti.fi<\/p>\n","protected":false},"excerpt":{"rendered":"<p>Havaitsee veden ja h\u00e4lytt\u00e4\u00e4 havaitessaan vett\u00e4.<\/p>\n","protected":false},"featured_media":13023,"template":"","meta":{"neve_meta_sidebar":"","neve_meta_container":"","neve_meta_enable_content_width":"off","neve_meta_content_width":100,"neve_meta_title_alignment":"","neve_meta_author_avatar":"","neve_post_elements_order":"","neve_meta_disable_header":"","neve_meta_disable_footer":"","neve_meta_disable_title":""},"product_brand":[],"product_cat":[486],"product_tag":[450,451,213,85,100,107,459,106,457,327,446,448,449,453,447,108,105,455,445,456,98,101,104,454,96,99,97,103,102,488,458,452],"class_list":{"0":"post-13022","1":"product","2":"type-product","3":"status-publish","4":"has-post-thumbnail","6":"product_cat-alykoti","7":"product_tag-ahtari","8":"product_tag-alavus","9":"product_tag-alykoti","10":"product_tag-alylaite","11":"product_tag-etela-pohjanmaa","12":"product_tag-etela-suomi","13":"product_tag-hameenlinna","14":"product_tag-huittinen","15":"product_tag-ikaalinen","16":"product_tag-jalasjarvi","17":"product_tag-kankaanpaa","18":"product_tag-karvia","19":"product_tag-kauhajoki","20":"product_tag-kauhava","21":"product_tag-kihnio","22":"product_tag-lansi-suomi","23":"product_tag-lapua","24":"product_tag-lempaala","25":"product_tag-nokia","26":"product_tag-parkano","27":"product_tag-pirkanmaa","28":"product_tag-pohjanmaa","29":"product_tag-pori","30":"product_tag-rauma","31":"product_tag-sastamala","32":"product_tag-satakunta","33":"product_tag-seinajoki","34":"product_tag-tampere","35":"product_tag-vaasa","36":"product_tag-vedenilmaisin","37":"product_tag-virrat","38":"product_tag-ylojarvi","40":"first","41":"instock","42":"shipping-taxable","43":"product-type-simple"},"yoast_head":"<!-- This site is optimized with the Yoast SEO plugin v27.4 - https:\/\/yoast.com\/product\/yoast-seo-wordpress\/ -->\n<title>SmartLife Vedenilmaisin - NettiSeitti<\/title>\n<meta name=\"description\" content=\"Havaitsee veden ja h\u00e4lytt\u00e4\u00e4 havaitessaan vett\u00e4. Pirkanmaa, Satakunta, Etel\u00e4-Pohjanmaa, Pohjanmaa, Sein\u00e4joki, Sastamala, Tampere, Vaasa, Pori, Rauma, Nokia.\" \/>\n<meta name=\"robots\" content=\"index, follow, max-snippet:-1, max-image-preview:large, max-video-preview:-1\" \/>\n<link rel=\"canonical\" href=\"https:\/\/nettiseitti.fi\/showroom\/tuote\/smartlife-vedenilmaisin\/\" \/>\n<meta property=\"og:locale\" content=\"fi_FI\" \/>\n<meta property=\"og:type\" content=\"article\" \/>\n<meta property=\"og:title\" content=\"SmartLife Vedenilmaisin - NettiSeitti\" \/>\n<meta property=\"og:description\" content=\"Havaitsee veden ja h\u00e4lytt\u00e4\u00e4 havaitessaan vett\u00e4. Pirkanmaa, Satakunta, Etel\u00e4-Pohjanmaa, Pohjanmaa, Sein\u00e4joki, Sastamala, Tampere, Vaasa, Pori, Rauma, Nokia.\" \/>\n<meta property=\"og:url\" content=\"https:\/\/nettiseitti.fi\/showroom\/tuote\/smartlife-vedenilmaisin\/\" \/>\n<meta property=\"og:site_name\" content=\"NettiSeitti\" \/>\n<meta property=\"article:modified_time\" content=\"2024-04-08T15:43:32+00:00\" \/>\n<meta property=\"og:image\" content=\"https:\/\/nettiseitti.fi\/showroom\/wp-content\/uploads\/2024\/04\/vedenilmaisin.jpg\" \/>\n\t<meta property=\"og:image:width\" content=\"640\" \/>\n\t<meta property=\"og:image:height\" content=\"672\" \/>\n\t<meta property=\"og:image:type\" content=\"image\/jpeg\" \/>\n<meta name=\"twitter:card\" content=\"summary_large_image\" \/>\n<meta name=\"twitter:label1\" content=\"Arvioitu lukuaika\" \/>\n\t<meta name=\"twitter:data1\" content=\"1 minuutti\" \/>\n<script type=\"application\/ld+json\" class=\"yoast-schema-graph\">{\"@context\":\"https:\\\/\\\/schema.org\",\"@graph\":[{\"@type\":\"WebPage\",\"@id\":\"https:\\\/\\\/nettiseitti.fi\\\/showroom\\\/tuote\\\/smartlife-vedenilmaisin\\\/\",\"url\":\"https:\\\/\\\/nettiseitti.fi\\\/showroom\\\/tuote\\\/smartlife-vedenilmaisin\\\/\",\"name\":\"SmartLife Vedenilmaisin - NettiSeitti\",\"isPartOf\":{\"@id\":\"https:\\\/\\\/nettiseitti.fi\\\/showroom\\\/#website\"},\"primaryImageOfPage\":{\"@id\":\"https:\\\/\\\/nettiseitti.fi\\\/showroom\\\/tuote\\\/smartlife-vedenilmaisin\\\/#primaryimage\"},\"image\":{\"@id\":\"https:\\\/\\\/nettiseitti.fi\\\/showroom\\\/tuote\\\/smartlife-vedenilmaisin\\\/#primaryimage\"},\"thumbnailUrl\":\"https:\\\/\\\/nettiseitti.fi\\\/showroom\\\/wp-content\\\/uploads\\\/2024\\\/04\\\/vedenilmaisin.jpg\",\"datePublished\":\"2024-04-08T15:43:31+00:00\",\"dateModified\":\"2024-04-08T15:43:32+00:00\",\"description\":\"Havaitsee veden ja h\u00e4lytt\u00e4\u00e4 havaitessaan vett\u00e4. Pirkanmaa, Satakunta, Etel\u00e4-Pohjanmaa, Pohjanmaa, Sein\u00e4joki, Sastamala, Tampere, Vaasa, Pori, Rauma, Nokia.\",\"breadcrumb\":{\"@id\":\"https:\\\/\\\/nettiseitti.fi\\\/showroom\\\/tuote\\\/smartlife-vedenilmaisin\\\/#breadcrumb\"},\"inLanguage\":\"fi\",\"potentialAction\":[{\"@type\":\"ReadAction\",\"target\":[\"https:\\\/\\\/nettiseitti.fi\\\/showroom\\\/tuote\\\/smartlife-vedenilmaisin\\\/\"]}]},{\"@type\":\"ImageObject\",\"inLanguage\":\"fi\",\"@id\":\"https:\\\/\\\/nettiseitti.fi\\\/showroom\\\/tuote\\\/smartlife-vedenilmaisin\\\/#primaryimage\",\"url\":\"https:\\\/\\\/nettiseitti.fi\\\/showroom\\\/wp-content\\\/uploads\\\/2024\\\/04\\\/vedenilmaisin.jpg\",\"contentUrl\":\"https:\\\/\\\/nettiseitti.fi\\\/showroom\\\/wp-content\\\/uploads\\\/2024\\\/04\\\/vedenilmaisin.jpg\",\"width\":640,\"height\":672},{\"@type\":\"BreadcrumbList\",\"@id\":\"https:\\\/\\\/nettiseitti.fi\\\/showroom\\\/tuote\\\/smartlife-vedenilmaisin\\\/#breadcrumb\",\"itemListElement\":[{\"@type\":\"ListItem\",\"position\":1,\"name\":\"Etusivu\",\"item\":\"https:\\\/\\\/nettiseitti.fi\\\/showroom\\\/\"},{\"@type\":\"ListItem\",\"position\":2,\"name\":\"Tuotteet\",\"item\":\"https:\\\/\\\/nettiseitti.fi\\\/showroom\\\/tuotteet\\\/\"},{\"@type\":\"ListItem\",\"position\":3,\"name\":\"SmartLife Vedenilmaisin\"}]},{\"@type\":\"WebSite\",\"@id\":\"https:\\\/\\\/nettiseitti.fi\\\/showroom\\\/#website\",\"url\":\"https:\\\/\\\/nettiseitti.fi\\\/showroom\\\/\",\"name\":\"NettiSeitti\",\"description\":\"\",\"publisher\":{\"@id\":\"https:\\\/\\\/nettiseitti.fi\\\/showroom\\\/#organization\"},\"potentialAction\":[{\"@type\":\"SearchAction\",\"target\":{\"@type\":\"EntryPoint\",\"urlTemplate\":\"https:\\\/\\\/nettiseitti.fi\\\/showroom\\\/?s={search_term_string}\"},\"query-input\":{\"@type\":\"PropertyValueSpecification\",\"valueRequired\":true,\"valueName\":\"search_term_string\"}}],\"inLanguage\":\"fi\"},{\"@type\":\"Organization\",\"@id\":\"https:\\\/\\\/nettiseitti.fi\\\/showroom\\\/#organization\",\"name\":\"NettiSeitti\",\"url\":\"https:\\\/\\\/nettiseitti.fi\\\/showroom\\\/\",\"logo\":{\"@type\":\"ImageObject\",\"inLanguage\":\"fi\",\"@id\":\"https:\\\/\\\/nettiseitti.fi\\\/showroom\\\/#\\\/schema\\\/logo\\\/image\\\/\",\"url\":\"https:\\\/\\\/nettiseitti.fi\\\/showroom\\\/wp-content\\\/uploads\\\/2024\\\/03\\\/nettiseitti_lapinakyva_tausta.png\",\"contentUrl\":\"https:\\\/\\\/nettiseitti.fi\\\/showroom\\\/wp-content\\\/uploads\\\/2024\\\/03\\\/nettiseitti_lapinakyva_tausta.png\",\"width\":2176,\"height\":741,\"caption\":\"NettiSeitti\"},\"image\":{\"@id\":\"https:\\\/\\\/nettiseitti.fi\\\/showroom\\\/#\\\/schema\\\/logo\\\/image\\\/\"}}]}<\/script>\n<!-- \/ Yoast SEO plugin. -->","yoast_head_json":{"title":"SmartLife Vedenilmaisin - NettiSeitti","description":"Havaitsee veden ja h\u00e4lytt\u00e4\u00e4 havaitessaan vett\u00e4. Pirkanmaa, Satakunta, Etel\u00e4-Pohjanmaa, Pohjanmaa, Sein\u00e4joki, Sastamala, Tampere, Vaasa, Pori, Rauma, Nokia.","robots":{"index":"index","follow":"follow","max-snippet":"max-snippet:-1","max-image-preview":"max-image-preview:large","max-video-preview":"max-video-preview:-1"},"canonical":"https:\/\/nettiseitti.fi\/showroom\/tuote\/smartlife-vedenilmaisin\/","og_locale":"fi_FI","og_type":"article","og_title":"SmartLife Vedenilmaisin - NettiSeitti","og_description":"Havaitsee veden ja h\u00e4lytt\u00e4\u00e4 havaitessaan vett\u00e4. Pirkanmaa, Satakunta, Etel\u00e4-Pohjanmaa, Pohjanmaa, Sein\u00e4joki, Sastamala, Tampere, Vaasa, Pori, Rauma, Nokia.","og_url":"https:\/\/nettiseitti.fi\/showroom\/tuote\/smartlife-vedenilmaisin\/","og_site_name":"NettiSeitti","article_modified_time":"2024-04-08T15:43:32+00:00","og_image":[{"width":640,"height":672,"url":"https:\/\/nettiseitti.fi\/showroom\/wp-content\/uploads\/2024\/04\/vedenilmaisin.jpg","type":"image\/jpeg"}],"twitter_card":"summary_large_image","twitter_misc":{"Arvioitu lukuaika":"1 minuutti"},"schema":{"@context":"https:\/\/schema.org","@graph":[{"@type":"WebPage","@id":"https:\/\/nettiseitti.fi\/showroom\/tuote\/smartlife-vedenilmaisin\/","url":"https:\/\/nettiseitti.fi\/showroom\/tuote\/smartlife-vedenilmaisin\/","name":"SmartLife Vedenilmaisin - NettiSeitti","isPartOf":{"@id":"https:\/\/nettiseitti.fi\/showroom\/#website"},"primaryImageOfPage":{"@id":"https:\/\/nettiseitti.fi\/showroom\/tuote\/smartlife-vedenilmaisin\/#primaryimage"},"image":{"@id":"https:\/\/nettiseitti.fi\/showroom\/tuote\/smartlife-vedenilmaisin\/#primaryimage"},"thumbnailUrl":"https:\/\/nettiseitti.fi\/showroom\/wp-content\/uploads\/2024\/04\/vedenilmaisin.jpg","datePublished":"2024-04-08T15:43:31+00:00","dateModified":"2024-04-08T15:43:32+00:00","description":"Havaitsee veden ja h\u00e4lytt\u00e4\u00e4 havaitessaan vett\u00e4. Pirkanmaa, Satakunta, Etel\u00e4-Pohjanmaa, Pohjanmaa, Sein\u00e4joki, Sastamala, Tampere, Vaasa, Pori, Rauma, Nokia.","breadcrumb":{"@id":"https:\/\/nettiseitti.fi\/showroom\/tuote\/smartlife-vedenilmaisin\/#breadcrumb"},"inLanguage":"fi","potentialAction":[{"@type":"ReadAction","target":["https:\/\/nettiseitti.fi\/showroom\/tuote\/smartlife-vedenilmaisin\/"]}]},{"@type":"ImageObject","inLanguage":"fi","@id":"https:\/\/nettiseitti.fi\/showroom\/tuote\/smartlife-vedenilmaisin\/#primaryimage","url":"https:\/\/nettiseitti.fi\/showroom\/wp-content\/uploads\/2024\/04\/vedenilmaisin.jpg","contentUrl":"https:\/\/nettiseitti.fi\/showroom\/wp-content\/uploads\/2024\/04\/vedenilmaisin.jpg","width":640,"height":672},{"@type":"BreadcrumbList","@id":"https:\/\/nettiseitti.fi\/showroom\/tuote\/smartlife-vedenilmaisin\/#breadcrumb","itemListElement":[{"@type":"ListItem","position":1,"name":"Etusivu","item":"https:\/\/nettiseitti.fi\/showroom\/"},{"@type":"ListItem","position":2,"name":"Tuotteet","item":"https:\/\/nettiseitti.fi\/showroom\/tuotteet\/"},{"@type":"ListItem","position":3,"name":"SmartLife Vedenilmaisin"}]},{"@type":"WebSite","@id":"https:\/\/nettiseitti.fi\/showroom\/#website","url":"https:\/\/nettiseitti.fi\/showroom\/","name":"NettiSeitti","description":"","publisher":{"@id":"https:\/\/nettiseitti.fi\/showroom\/#organization"},"potentialAction":[{"@type":"SearchAction","target":{"@type":"EntryPoint","urlTemplate":"https:\/\/nettiseitti.fi\/showroom\/?s={search_term_string}"},"query-input":{"@type":"PropertyValueSpecification","valueRequired":true,"valueName":"search_term_string"}}],"inLanguage":"fi"},{"@type":"Organization","@id":"https:\/\/nettiseitti.fi\/showroom\/#organization","name":"NettiSeitti","url":"https:\/\/nettiseitti.fi\/showroom\/","logo":{"@type":"ImageObject","inLanguage":"fi","@id":"https:\/\/nettiseitti.fi\/showroom\/#\/schema\/logo\/image\/","url":"https:\/\/nettiseitti.fi\/showroom\/wp-content\/uploads\/2024\/03\/nettiseitti_lapinakyva_tausta.png","contentUrl":"https:\/\/nettiseitti.fi\/showroom\/wp-content\/uploads\/2024\/03\/nettiseitti_lapinakyva_tausta.png","width":2176,"height":741,"caption":"NettiSeitti"},"image":{"@id":"https:\/\/nettiseitti.fi\/showroom\/#\/schema\/logo\/image\/"}}]}},"_links":{"self":[{"href":"https:\/\/nettiseitti.fi\/showroom\/wp-json\/wp\/v2\/product\/13022","targetHints":{"allow":["GET"]}}],"collection":[{"href":"https:\/\/nettiseitti.fi\/showroom\/wp-json\/wp\/v2\/product"}],"about":[{"href":"https:\/\/nettiseitti.fi\/showroom\/wp-json\/wp\/v2\/types\/product"}],"wp:featuredmedia":[{"embeddable":true,"href":"https:\/\/nettiseitti.fi\/showroom\/wp-json\/wp\/v2\/media\/13023"}],"wp:attachment":[{"href":"https:\/\/nettiseitti.fi\/showroom\/wp-json\/wp\/v2\/media?parent=13022"}],"wp:term":[{"taxonomy":"product_brand","embeddable":true,"href":"https:\/\/nettiseitti.fi\/showroom\/wp-json\/wp\/v2\/product_brand?post=13022"},{"taxonomy":"product_cat","embeddable":true,"href":"https:\/\/nettiseitti.fi\/showroom\/wp-json\/wp\/v2\/product_cat?post=13022"},{"taxonomy":"product_tag","embeddable":true,"href":"https:\/\/nettiseitti.fi\/showroom\/wp-json\/wp\/v2\/product_tag?post=13022"}],"curies":[{"name":"wp","href":"https:\/\/api.w.org\/{rel}","templated":true}]}}