{"id":13077,"date":"2024-04-13T15:05:05","date_gmt":"2024-04-13T12:05:05","guid":{"rendered":"https:\/\/nettiseitti.fi\/showroom\/?post_type=product&#038;p=13077"},"modified":"2024-04-25T18:50:17","modified_gmt":"2024-04-25T15:50:17","slug":"asus-tuf-gaming-m3-pelihiiri","status":"publish","type":"product","link":"https:\/\/nettiseitti.fi\/showroom\/tuote\/asus-tuf-gaming-m3-pelihiiri\/","title":{"rendered":"Asus TUF Gaming M3 -pelihiiri"},"content":{"rendered":"<p>Langallinen pelihiiri, joka soveltuu hyv\u00e4n ergonomiansa ansiosta my\u00f6s esim. toimistok\u00e4ytt\u00f6\u00f6n.<\/p>\n<p>Ominaisuuksia:<\/p>\n<ul>\n<li>Langallinen USB 2.0 -liit\u00e4nt\u00e4<\/li>\n<li>Hiiren herkkyys: 200 &#8211; 7000 DPI, optinen sensori, s\u00e4\u00e4dett\u00e4viss\u00e4 k\u00e4tev\u00e4sti hiiress\u00e4 sijaitsevilla napeilla<\/li>\n<li>USB-p\u00e4ivitysnopeus: 1000 Hz<\/li>\n<li>7x ohjelmoitavia painikkeita<\/li>\n<li>Valmistajan mukaan hiiren napit erikoiskest\u00e4v\u00e4t<\/li>\n<li>Valmistajalla oma ohjelmisto hiiren hallintaan, nappien ohjelmointiin ja kustomointiin.<\/li>\n<\/ul>\n<p>Kauttamme my\u00f6s muut hiiret ja n\u00e4pp\u00e4imist\u00f6t, ota yhteytt\u00e4 !<\/p>\n<p>Kysy ajantasainen hinnasto ja lis\u00e4tietoja ottamalla meihin yhteytt\u00e4.<br \/>\nMy\u00f6s toimitus mahdollista riippuen tilatuista tuotteista.<\/p>\n<p>Ota yhteytt\u00e4:<br \/>\nPuh. <a href=\"tel:0401523801\">040 1523801<\/a><br \/>\nS\u00e4hk\u00f6posti: myynti [at] nettiseitti.fi<\/p>\n","protected":false},"excerpt":{"rendered":"<p>Monipuolinen hiiri, joka soveltuu monipuolisten ominaisuuksiensa ansiosta moniin k\u00e4ytt\u00f6tarkoituksiin.<\/p>\n","protected":false},"featured_media":13078,"template":"","meta":{"neve_meta_sidebar":"","neve_meta_container":"","neve_meta_enable_content_width":"off","neve_meta_content_width":100,"neve_meta_title_alignment":"","neve_meta_author_avatar":"","neve_post_elements_order":"","neve_meta_disable_header":"","neve_meta_disable_footer":"","neve_meta_disable_title":""},"product_brand":[],"product_cat":[503],"product_tag":[450,451,152,100,107,459,298,106,457,327,446,448,449,453,447,108,105,455,445,456,502,98,101,104,454,96,99,97,103,102,458,452],"class_list":{"0":"post-13077","1":"product","2":"type-product","3":"status-publish","4":"has-post-thumbnail","6":"product_cat-hiiret-ja-nappaimistot","7":"product_tag-ahtari","8":"product_tag-alavus","9":"product_tag-asus","10":"product_tag-etela-pohjanmaa","11":"product_tag-etela-suomi","12":"product_tag-hameenlinna","13":"product_tag-hiiri","14":"product_tag-huittinen","15":"product_tag-ikaalinen","16":"product_tag-jalasjarvi","17":"product_tag-kankaanpaa","18":"product_tag-karvia","19":"product_tag-kauhajoki","20":"product_tag-kauhava","21":"product_tag-kihnio","22":"product_tag-lansi-suomi","23":"product_tag-lapua","24":"product_tag-lempaala","25":"product_tag-nokia","26":"product_tag-parkano","27":"product_tag-pelihiiri","28":"product_tag-pirkanmaa","29":"product_tag-pohjanmaa","30":"product_tag-pori","31":"product_tag-rauma","32":"product_tag-sastamala","33":"product_tag-satakunta","34":"product_tag-seinajoki","35":"product_tag-tampere","36":"product_tag-vaasa","37":"product_tag-virrat","38":"product_tag-ylojarvi","40":"first","41":"instock","42":"shipping-taxable","43":"product-type-simple"},"yoast_head":"<!-- This site is optimized with the Yoast SEO plugin v27.4 - https:\/\/yoast.com\/product\/yoast-seo-wordpress\/ -->\n<title>Asus TUF Gaming M3 -pelihiiri - NettiSeitti<\/title>\n<meta name=\"description\" content=\"Monipuolinen hiiri, joka soveltuu monipuolisten ominaisuuksiensa ansiosta moniin k\u00e4ytt\u00f6tarkoituksiin. Pirkanmaa, Satakunta, Etel\u00e4-Pohjanmaa, Pohjanmaa, Pori\" \/>\n<meta name=\"robots\" content=\"index, follow, max-snippet:-1, max-image-preview:large, max-video-preview:-1\" \/>\n<link rel=\"canonical\" href=\"https:\/\/nettiseitti.fi\/showroom\/tuote\/asus-tuf-gaming-m3-pelihiiri\/\" \/>\n<meta property=\"og:locale\" content=\"fi_FI\" \/>\n<meta property=\"og:type\" content=\"article\" \/>\n<meta property=\"og:title\" content=\"Asus TUF Gaming M3 -pelihiiri - NettiSeitti\" \/>\n<meta property=\"og:description\" content=\"Monipuolinen hiiri, joka soveltuu monipuolisten ominaisuuksiensa ansiosta moniin k\u00e4ytt\u00f6tarkoituksiin. Pirkanmaa, Satakunta, Etel\u00e4-Pohjanmaa, Pohjanmaa, Pori\" \/>\n<meta property=\"og:url\" content=\"https:\/\/nettiseitti.fi\/showroom\/tuote\/asus-tuf-gaming-m3-pelihiiri\/\" \/>\n<meta property=\"og:site_name\" content=\"NettiSeitti\" \/>\n<meta property=\"article:modified_time\" content=\"2024-04-25T15:50:17+00:00\" \/>\n<meta property=\"og:image\" content=\"https:\/\/nettiseitti.fi\/showroom\/wp-content\/uploads\/2024\/04\/asus-m3.jpg\" \/>\n\t<meta property=\"og:image:width\" content=\"873\" \/>\n\t<meta property=\"og:image:height\" content=\"821\" \/>\n\t<meta property=\"og:image:type\" content=\"image\/jpeg\" \/>\n<meta name=\"twitter:card\" content=\"summary_large_image\" \/>\n<meta name=\"twitter:label1\" content=\"Arvioitu lukuaika\" \/>\n\t<meta name=\"twitter:data1\" content=\"1 minuutti\" \/>\n<script type=\"application\/ld+json\" class=\"yoast-schema-graph\">{\"@context\":\"https:\\\/\\\/schema.org\",\"@graph\":[{\"@type\":\"WebPage\",\"@id\":\"https:\\\/\\\/nettiseitti.fi\\\/showroom\\\/tuote\\\/asus-tuf-gaming-m3-pelihiiri\\\/\",\"url\":\"https:\\\/\\\/nettiseitti.fi\\\/showroom\\\/tuote\\\/asus-tuf-gaming-m3-pelihiiri\\\/\",\"name\":\"Asus TUF Gaming M3 -pelihiiri - NettiSeitti\",\"isPartOf\":{\"@id\":\"https:\\\/\\\/nettiseitti.fi\\\/showroom\\\/#website\"},\"primaryImageOfPage\":{\"@id\":\"https:\\\/\\\/nettiseitti.fi\\\/showroom\\\/tuote\\\/asus-tuf-gaming-m3-pelihiiri\\\/#primaryimage\"},\"image\":{\"@id\":\"https:\\\/\\\/nettiseitti.fi\\\/showroom\\\/tuote\\\/asus-tuf-gaming-m3-pelihiiri\\\/#primaryimage\"},\"thumbnailUrl\":\"https:\\\/\\\/nettiseitti.fi\\\/showroom\\\/wp-content\\\/uploads\\\/2024\\\/04\\\/asus-m3.jpg\",\"datePublished\":\"2024-04-13T12:05:05+00:00\",\"dateModified\":\"2024-04-25T15:50:17+00:00\",\"description\":\"Monipuolinen hiiri, joka soveltuu monipuolisten ominaisuuksiensa ansiosta moniin k\u00e4ytt\u00f6tarkoituksiin. Pirkanmaa, Satakunta, Etel\u00e4-Pohjanmaa, Pohjanmaa, Pori\",\"breadcrumb\":{\"@id\":\"https:\\\/\\\/nettiseitti.fi\\\/showroom\\\/tuote\\\/asus-tuf-gaming-m3-pelihiiri\\\/#breadcrumb\"},\"inLanguage\":\"fi\",\"potentialAction\":[{\"@type\":\"ReadAction\",\"target\":[\"https:\\\/\\\/nettiseitti.fi\\\/showroom\\\/tuote\\\/asus-tuf-gaming-m3-pelihiiri\\\/\"]}]},{\"@type\":\"ImageObject\",\"inLanguage\":\"fi\",\"@id\":\"https:\\\/\\\/nettiseitti.fi\\\/showroom\\\/tuote\\\/asus-tuf-gaming-m3-pelihiiri\\\/#primaryimage\",\"url\":\"https:\\\/\\\/nettiseitti.fi\\\/showroom\\\/wp-content\\\/uploads\\\/2024\\\/04\\\/asus-m3.jpg\",\"contentUrl\":\"https:\\\/\\\/nettiseitti.fi\\\/showroom\\\/wp-content\\\/uploads\\\/2024\\\/04\\\/asus-m3.jpg\",\"width\":873,\"height\":821},{\"@type\":\"BreadcrumbList\",\"@id\":\"https:\\\/\\\/nettiseitti.fi\\\/showroom\\\/tuote\\\/asus-tuf-gaming-m3-pelihiiri\\\/#breadcrumb\",\"itemListElement\":[{\"@type\":\"ListItem\",\"position\":1,\"name\":\"Etusivu\",\"item\":\"https:\\\/\\\/nettiseitti.fi\\\/showroom\\\/\"},{\"@type\":\"ListItem\",\"position\":2,\"name\":\"Tuotteet\",\"item\":\"https:\\\/\\\/nettiseitti.fi\\\/showroom\\\/tuotteet\\\/\"},{\"@type\":\"ListItem\",\"position\":3,\"name\":\"Asus TUF Gaming M3 -pelihiiri\"}]},{\"@type\":\"WebSite\",\"@id\":\"https:\\\/\\\/nettiseitti.fi\\\/showroom\\\/#website\",\"url\":\"https:\\\/\\\/nettiseitti.fi\\\/showroom\\\/\",\"name\":\"NettiSeitti\",\"description\":\"\",\"publisher\":{\"@id\":\"https:\\\/\\\/nettiseitti.fi\\\/showroom\\\/#organization\"},\"potentialAction\":[{\"@type\":\"SearchAction\",\"target\":{\"@type\":\"EntryPoint\",\"urlTemplate\":\"https:\\\/\\\/nettiseitti.fi\\\/showroom\\\/?s={search_term_string}\"},\"query-input\":{\"@type\":\"PropertyValueSpecification\",\"valueRequired\":true,\"valueName\":\"search_term_string\"}}],\"inLanguage\":\"fi\"},{\"@type\":\"Organization\",\"@id\":\"https:\\\/\\\/nettiseitti.fi\\\/showroom\\\/#organization\",\"name\":\"NettiSeitti\",\"url\":\"https:\\\/\\\/nettiseitti.fi\\\/showroom\\\/\",\"logo\":{\"@type\":\"ImageObject\",\"inLanguage\":\"fi\",\"@id\":\"https:\\\/\\\/nettiseitti.fi\\\/showroom\\\/#\\\/schema\\\/logo\\\/image\\\/\",\"url\":\"https:\\\/\\\/nettiseitti.fi\\\/showroom\\\/wp-content\\\/uploads\\\/2024\\\/03\\\/nettiseitti_lapinakyva_tausta.png\",\"contentUrl\":\"https:\\\/\\\/nettiseitti.fi\\\/showroom\\\/wp-content\\\/uploads\\\/2024\\\/03\\\/nettiseitti_lapinakyva_tausta.png\",\"width\":2176,\"height\":741,\"caption\":\"NettiSeitti\"},\"image\":{\"@id\":\"https:\\\/\\\/nettiseitti.fi\\\/showroom\\\/#\\\/schema\\\/logo\\\/image\\\/\"}}]}<\/script>\n<!-- \/ Yoast SEO plugin. -->","yoast_head_json":{"title":"Asus TUF Gaming M3 -pelihiiri - NettiSeitti","description":"Monipuolinen hiiri, joka soveltuu monipuolisten ominaisuuksiensa ansiosta moniin k\u00e4ytt\u00f6tarkoituksiin. Pirkanmaa, Satakunta, Etel\u00e4-Pohjanmaa, Pohjanmaa, Pori","robots":{"index":"index","follow":"follow","max-snippet":"max-snippet:-1","max-image-preview":"max-image-preview:large","max-video-preview":"max-video-preview:-1"},"canonical":"https:\/\/nettiseitti.fi\/showroom\/tuote\/asus-tuf-gaming-m3-pelihiiri\/","og_locale":"fi_FI","og_type":"article","og_title":"Asus TUF Gaming M3 -pelihiiri - NettiSeitti","og_description":"Monipuolinen hiiri, joka soveltuu monipuolisten ominaisuuksiensa ansiosta moniin k\u00e4ytt\u00f6tarkoituksiin. Pirkanmaa, Satakunta, Etel\u00e4-Pohjanmaa, Pohjanmaa, Pori","og_url":"https:\/\/nettiseitti.fi\/showroom\/tuote\/asus-tuf-gaming-m3-pelihiiri\/","og_site_name":"NettiSeitti","article_modified_time":"2024-04-25T15:50:17+00:00","og_image":[{"width":873,"height":821,"url":"https:\/\/nettiseitti.fi\/showroom\/wp-content\/uploads\/2024\/04\/asus-m3.jpg","type":"image\/jpeg"}],"twitter_card":"summary_large_image","twitter_misc":{"Arvioitu lukuaika":"1 minuutti"},"schema":{"@context":"https:\/\/schema.org","@graph":[{"@type":"WebPage","@id":"https:\/\/nettiseitti.fi\/showroom\/tuote\/asus-tuf-gaming-m3-pelihiiri\/","url":"https:\/\/nettiseitti.fi\/showroom\/tuote\/asus-tuf-gaming-m3-pelihiiri\/","name":"Asus TUF Gaming M3 -pelihiiri - NettiSeitti","isPartOf":{"@id":"https:\/\/nettiseitti.fi\/showroom\/#website"},"primaryImageOfPage":{"@id":"https:\/\/nettiseitti.fi\/showroom\/tuote\/asus-tuf-gaming-m3-pelihiiri\/#primaryimage"},"image":{"@id":"https:\/\/nettiseitti.fi\/showroom\/tuote\/asus-tuf-gaming-m3-pelihiiri\/#primaryimage"},"thumbnailUrl":"https:\/\/nettiseitti.fi\/showroom\/wp-content\/uploads\/2024\/04\/asus-m3.jpg","datePublished":"2024-04-13T12:05:05+00:00","dateModified":"2024-04-25T15:50:17+00:00","description":"Monipuolinen hiiri, joka soveltuu monipuolisten ominaisuuksiensa ansiosta moniin k\u00e4ytt\u00f6tarkoituksiin. Pirkanmaa, Satakunta, Etel\u00e4-Pohjanmaa, Pohjanmaa, Pori","breadcrumb":{"@id":"https:\/\/nettiseitti.fi\/showroom\/tuote\/asus-tuf-gaming-m3-pelihiiri\/#breadcrumb"},"inLanguage":"fi","potentialAction":[{"@type":"ReadAction","target":["https:\/\/nettiseitti.fi\/showroom\/tuote\/asus-tuf-gaming-m3-pelihiiri\/"]}]},{"@type":"ImageObject","inLanguage":"fi","@id":"https:\/\/nettiseitti.fi\/showroom\/tuote\/asus-tuf-gaming-m3-pelihiiri\/#primaryimage","url":"https:\/\/nettiseitti.fi\/showroom\/wp-content\/uploads\/2024\/04\/asus-m3.jpg","contentUrl":"https:\/\/nettiseitti.fi\/showroom\/wp-content\/uploads\/2024\/04\/asus-m3.jpg","width":873,"height":821},{"@type":"BreadcrumbList","@id":"https:\/\/nettiseitti.fi\/showroom\/tuote\/asus-tuf-gaming-m3-pelihiiri\/#breadcrumb","itemListElement":[{"@type":"ListItem","position":1,"name":"Etusivu","item":"https:\/\/nettiseitti.fi\/showroom\/"},{"@type":"ListItem","position":2,"name":"Tuotteet","item":"https:\/\/nettiseitti.fi\/showroom\/tuotteet\/"},{"@type":"ListItem","position":3,"name":"Asus TUF Gaming M3 -pelihiiri"}]},{"@type":"WebSite","@id":"https:\/\/nettiseitti.fi\/showroom\/#website","url":"https:\/\/nettiseitti.fi\/showroom\/","name":"NettiSeitti","description":"","publisher":{"@id":"https:\/\/nettiseitti.fi\/showroom\/#organization"},"potentialAction":[{"@type":"SearchAction","target":{"@type":"EntryPoint","urlTemplate":"https:\/\/nettiseitti.fi\/showroom\/?s={search_term_string}"},"query-input":{"@type":"PropertyValueSpecification","valueRequired":true,"valueName":"search_term_string"}}],"inLanguage":"fi"},{"@type":"Organization","@id":"https:\/\/nettiseitti.fi\/showroom\/#organization","name":"NettiSeitti","url":"https:\/\/nettiseitti.fi\/showroom\/","logo":{"@type":"ImageObject","inLanguage":"fi","@id":"https:\/\/nettiseitti.fi\/showroom\/#\/schema\/logo\/image\/","url":"https:\/\/nettiseitti.fi\/showroom\/wp-content\/uploads\/2024\/03\/nettiseitti_lapinakyva_tausta.png","contentUrl":"https:\/\/nettiseitti.fi\/showroom\/wp-content\/uploads\/2024\/03\/nettiseitti_lapinakyva_tausta.png","width":2176,"height":741,"caption":"NettiSeitti"},"image":{"@id":"https:\/\/nettiseitti.fi\/showroom\/#\/schema\/logo\/image\/"}}]}},"_links":{"self":[{"href":"https:\/\/nettiseitti.fi\/showroom\/wp-json\/wp\/v2\/product\/13077","targetHints":{"allow":["GET"]}}],"collection":[{"href":"https:\/\/nettiseitti.fi\/showroom\/wp-json\/wp\/v2\/product"}],"about":[{"href":"https:\/\/nettiseitti.fi\/showroom\/wp-json\/wp\/v2\/types\/product"}],"wp:featuredmedia":[{"embeddable":true,"href":"https:\/\/nettiseitti.fi\/showroom\/wp-json\/wp\/v2\/media\/13078"}],"wp:attachment":[{"href":"https:\/\/nettiseitti.fi\/showroom\/wp-json\/wp\/v2\/media?parent=13077"}],"wp:term":[{"taxonomy":"product_brand","embeddable":true,"href":"https:\/\/nettiseitti.fi\/showroom\/wp-json\/wp\/v2\/product_brand?post=13077"},{"taxonomy":"product_cat","embeddable":true,"href":"https:\/\/nettiseitti.fi\/showroom\/wp-json\/wp\/v2\/product_cat?post=13077"},{"taxonomy":"product_tag","embeddable":true,"href":"https:\/\/nettiseitti.fi\/showroom\/wp-json\/wp\/v2\/product_tag?post=13077"}],"curies":[{"name":"wp","href":"https:\/\/api.w.org\/{rel}","templated":true}]}}