{"id":13124,"date":"2024-04-26T10:04:13","date_gmt":"2024-04-26T07:04:13","guid":{"rendered":"https:\/\/nettiseitti.fi\/showroom\/?post_type=product&#038;p=13124"},"modified":"2024-04-26T10:05:18","modified_gmt":"2024-04-26T07:05:18","slug":"muistikortinlukija-laajalla-muistikorttituella-cmp-cardrw61","status":"publish","type":"product","link":"https:\/\/nettiseitti.fi\/showroom\/tuote\/muistikortinlukija-laajalla-muistikorttituella-cmp-cardrw61\/","title":{"rendered":"Muistikortinlukija laajalla muistikorttituella, CMP-CARDRW61"},"content":{"rendered":"<p>USB-muistikortinlukija laajalla muistikorttituella.<\/p>\n<ul>\n<li>Tuetut muistikorttityypit mm. xD-Picture, MultiMediaCard (MMC), Secure Digital (SD), miniSD, Smart Media, Memory Stick Pro Duo (MS Pro Duo), Memory Stick Pro (MS Pro), Memory Stick Duo (MS Duo), Microdrive, Compact Flash (CF), Compact Flash II (CF II), Memory Stick (MS), MultiMediaCard Plus (MMC Plus)<\/li>\n<li>Ei vaadi erillist\u00e4 virtal\u00e4hdett\u00e4, ottaa virran USB-portista<\/li>\n<\/ul>\n<p>Kauttamme my\u00f6s muut muistikortinlukijat ja muistikortit, ota yhteytt\u00e4 !<\/p>\n<p>Kysy ajantasainen hinnasto ja lis\u00e4tietoja ottamalla meihin yhteytt\u00e4.<br \/>\nMy\u00f6s toimitus mahdollista riippuen tilatuista tuotteista.<\/p>\n<p>Ota yhteytt\u00e4:<br \/>\nPuh. <a href=\"tel:0401523801\">040 1523801<\/a><br \/>\nS\u00e4hk\u00f6posti: myynti [at] nettiseitti.fi<\/p>\n","protected":false},"excerpt":{"rendered":"<p>Muistikortinlukija, joka tukee monia muistikorttityyppej\u00e4.<\/p>\n","protected":false},"featured_media":13125,"template":"","meta":{"neve_meta_sidebar":"","neve_meta_container":"","neve_meta_enable_content_width":"off","neve_meta_content_width":100,"neve_meta_title_alignment":"","neve_meta_author_avatar":"","neve_post_elements_order":"","neve_meta_disable_header":"","neve_meta_disable_footer":"","neve_meta_disable_title":""},"product_brand":[],"product_cat":[518],"product_tag":[450,451,100,107,459,106,457,327,446,448,449,453,447,108,105,455,523,305,445,456,98,101,104,454,96,99,97,103,309,102,458,452],"class_list":{"0":"post-13124","1":"product","2":"type-product","3":"status-publish","4":"has-post-thumbnail","6":"product_cat-usb-hubit-jakajat-adapterit","7":"product_tag-ahtari","8":"product_tag-alavus","9":"product_tag-etela-pohjanmaa","10":"product_tag-etela-suomi","11":"product_tag-hameenlinna","12":"product_tag-huittinen","13":"product_tag-ikaalinen","14":"product_tag-jalasjarvi","15":"product_tag-kankaanpaa","16":"product_tag-karvia","17":"product_tag-kauhajoki","18":"product_tag-kauhava","19":"product_tag-kihnio","20":"product_tag-lansi-suomi","21":"product_tag-lapua","22":"product_tag-lempaala","23":"product_tag-muistikortinlukija","24":"product_tag-muistikortti","25":"product_tag-nokia","26":"product_tag-parkano","27":"product_tag-pirkanmaa","28":"product_tag-pohjanmaa","29":"product_tag-pori","30":"product_tag-rauma","31":"product_tag-sastamala","32":"product_tag-satakunta","33":"product_tag-seinajoki","34":"product_tag-tampere","35":"product_tag-usb","36":"product_tag-vaasa","37":"product_tag-virrat","38":"product_tag-ylojarvi","40":"first","41":"instock","42":"shipping-taxable","43":"product-type-simple"},"yoast_head":"<!-- This site is optimized with the Yoast SEO plugin v27.4 - https:\/\/yoast.com\/product\/yoast-seo-wordpress\/ -->\n<title>Muistikortinlukija laajalla muistikorttituella, CMP-CARDRW61 - NettiSeitti<\/title>\n<meta name=\"description\" content=\"Muistikortinlukija, joka tukee monia muistikorttityyppej\u00e4. Pirkanmaa, Satakunta, Etel\u00e4-Pohjanmaa, Pohjanmaa, Sein\u00e4joki, Sastamala, Tampere, Vaasa, Pori.\" \/>\n<meta name=\"robots\" content=\"index, follow, max-snippet:-1, max-image-preview:large, max-video-preview:-1\" \/>\n<link rel=\"canonical\" href=\"https:\/\/nettiseitti.fi\/showroom\/tuote\/muistikortinlukija-laajalla-muistikorttituella-cmp-cardrw61\/\" \/>\n<meta property=\"og:locale\" content=\"fi_FI\" \/>\n<meta property=\"og:type\" content=\"article\" \/>\n<meta property=\"og:title\" content=\"Muistikortinlukija laajalla muistikorttituella, CMP-CARDRW61 - NettiSeitti\" \/>\n<meta property=\"og:description\" content=\"Muistikortinlukija, joka tukee monia muistikorttityyppej\u00e4. Pirkanmaa, Satakunta, Etel\u00e4-Pohjanmaa, Pohjanmaa, Sein\u00e4joki, Sastamala, Tampere, Vaasa, Pori.\" \/>\n<meta property=\"og:url\" content=\"https:\/\/nettiseitti.fi\/showroom\/tuote\/muistikortinlukija-laajalla-muistikorttituella-cmp-cardrw61\/\" \/>\n<meta property=\"og:site_name\" content=\"NettiSeitti\" \/>\n<meta property=\"article:modified_time\" content=\"2024-04-26T07:05:18+00:00\" \/>\n<meta property=\"og:image\" content=\"https:\/\/nettiseitti.fi\/showroom\/wp-content\/uploads\/2024\/04\/muistikortinlukija-laaja-tuki.jpg\" \/>\n\t<meta property=\"og:image:width\" content=\"209\" \/>\n\t<meta property=\"og:image:height\" content=\"150\" \/>\n\t<meta property=\"og:image:type\" content=\"image\/jpeg\" \/>\n<meta name=\"twitter:card\" content=\"summary_large_image\" \/>\n<meta name=\"twitter:label1\" content=\"Arvioitu lukuaika\" \/>\n\t<meta name=\"twitter:data1\" content=\"1 minuutti\" \/>\n<script type=\"application\/ld+json\" class=\"yoast-schema-graph\">{\"@context\":\"https:\\\/\\\/schema.org\",\"@graph\":[{\"@type\":\"WebPage\",\"@id\":\"https:\\\/\\\/nettiseitti.fi\\\/showroom\\\/tuote\\\/muistikortinlukija-laajalla-muistikorttituella-cmp-cardrw61\\\/\",\"url\":\"https:\\\/\\\/nettiseitti.fi\\\/showroom\\\/tuote\\\/muistikortinlukija-laajalla-muistikorttituella-cmp-cardrw61\\\/\",\"name\":\"Muistikortinlukija laajalla muistikorttituella, CMP-CARDRW61 - NettiSeitti\",\"isPartOf\":{\"@id\":\"https:\\\/\\\/nettiseitti.fi\\\/showroom\\\/#website\"},\"primaryImageOfPage\":{\"@id\":\"https:\\\/\\\/nettiseitti.fi\\\/showroom\\\/tuote\\\/muistikortinlukija-laajalla-muistikorttituella-cmp-cardrw61\\\/#primaryimage\"},\"image\":{\"@id\":\"https:\\\/\\\/nettiseitti.fi\\\/showroom\\\/tuote\\\/muistikortinlukija-laajalla-muistikorttituella-cmp-cardrw61\\\/#primaryimage\"},\"thumbnailUrl\":\"https:\\\/\\\/nettiseitti.fi\\\/showroom\\\/wp-content\\\/uploads\\\/2024\\\/04\\\/muistikortinlukija-laaja-tuki.jpg\",\"datePublished\":\"2024-04-26T07:04:13+00:00\",\"dateModified\":\"2024-04-26T07:05:18+00:00\",\"description\":\"Muistikortinlukija, joka tukee monia muistikorttityyppej\u00e4. Pirkanmaa, Satakunta, Etel\u00e4-Pohjanmaa, Pohjanmaa, Sein\u00e4joki, Sastamala, Tampere, Vaasa, Pori.\",\"breadcrumb\":{\"@id\":\"https:\\\/\\\/nettiseitti.fi\\\/showroom\\\/tuote\\\/muistikortinlukija-laajalla-muistikorttituella-cmp-cardrw61\\\/#breadcrumb\"},\"inLanguage\":\"fi\",\"potentialAction\":[{\"@type\":\"ReadAction\",\"target\":[\"https:\\\/\\\/nettiseitti.fi\\\/showroom\\\/tuote\\\/muistikortinlukija-laajalla-muistikorttituella-cmp-cardrw61\\\/\"]}]},{\"@type\":\"ImageObject\",\"inLanguage\":\"fi\",\"@id\":\"https:\\\/\\\/nettiseitti.fi\\\/showroom\\\/tuote\\\/muistikortinlukija-laajalla-muistikorttituella-cmp-cardrw61\\\/#primaryimage\",\"url\":\"https:\\\/\\\/nettiseitti.fi\\\/showroom\\\/wp-content\\\/uploads\\\/2024\\\/04\\\/muistikortinlukija-laaja-tuki.jpg\",\"contentUrl\":\"https:\\\/\\\/nettiseitti.fi\\\/showroom\\\/wp-content\\\/uploads\\\/2024\\\/04\\\/muistikortinlukija-laaja-tuki.jpg\",\"width\":209,\"height\":150},{\"@type\":\"BreadcrumbList\",\"@id\":\"https:\\\/\\\/nettiseitti.fi\\\/showroom\\\/tuote\\\/muistikortinlukija-laajalla-muistikorttituella-cmp-cardrw61\\\/#breadcrumb\",\"itemListElement\":[{\"@type\":\"ListItem\",\"position\":1,\"name\":\"Etusivu\",\"item\":\"https:\\\/\\\/nettiseitti.fi\\\/showroom\\\/\"},{\"@type\":\"ListItem\",\"position\":2,\"name\":\"Tuotteet\",\"item\":\"https:\\\/\\\/nettiseitti.fi\\\/showroom\\\/tuotteet\\\/\"},{\"@type\":\"ListItem\",\"position\":3,\"name\":\"Muistikortinlukija laajalla muistikorttituella, CMP-CARDRW61\"}]},{\"@type\":\"WebSite\",\"@id\":\"https:\\\/\\\/nettiseitti.fi\\\/showroom\\\/#website\",\"url\":\"https:\\\/\\\/nettiseitti.fi\\\/showroom\\\/\",\"name\":\"NettiSeitti\",\"description\":\"\",\"publisher\":{\"@id\":\"https:\\\/\\\/nettiseitti.fi\\\/showroom\\\/#organization\"},\"potentialAction\":[{\"@type\":\"SearchAction\",\"target\":{\"@type\":\"EntryPoint\",\"urlTemplate\":\"https:\\\/\\\/nettiseitti.fi\\\/showroom\\\/?s={search_term_string}\"},\"query-input\":{\"@type\":\"PropertyValueSpecification\",\"valueRequired\":true,\"valueName\":\"search_term_string\"}}],\"inLanguage\":\"fi\"},{\"@type\":\"Organization\",\"@id\":\"https:\\\/\\\/nettiseitti.fi\\\/showroom\\\/#organization\",\"name\":\"NettiSeitti\",\"url\":\"https:\\\/\\\/nettiseitti.fi\\\/showroom\\\/\",\"logo\":{\"@type\":\"ImageObject\",\"inLanguage\":\"fi\",\"@id\":\"https:\\\/\\\/nettiseitti.fi\\\/showroom\\\/#\\\/schema\\\/logo\\\/image\\\/\",\"url\":\"https:\\\/\\\/nettiseitti.fi\\\/showroom\\\/wp-content\\\/uploads\\\/2024\\\/03\\\/nettiseitti_lapinakyva_tausta.png\",\"contentUrl\":\"https:\\\/\\\/nettiseitti.fi\\\/showroom\\\/wp-content\\\/uploads\\\/2024\\\/03\\\/nettiseitti_lapinakyva_tausta.png\",\"width\":2176,\"height\":741,\"caption\":\"NettiSeitti\"},\"image\":{\"@id\":\"https:\\\/\\\/nettiseitti.fi\\\/showroom\\\/#\\\/schema\\\/logo\\\/image\\\/\"}}]}<\/script>\n<!-- \/ Yoast SEO plugin. -->","yoast_head_json":{"title":"Muistikortinlukija laajalla muistikorttituella, CMP-CARDRW61 - NettiSeitti","description":"Muistikortinlukija, joka tukee monia muistikorttityyppej\u00e4. Pirkanmaa, Satakunta, Etel\u00e4-Pohjanmaa, Pohjanmaa, Sein\u00e4joki, Sastamala, Tampere, Vaasa, Pori.","robots":{"index":"index","follow":"follow","max-snippet":"max-snippet:-1","max-image-preview":"max-image-preview:large","max-video-preview":"max-video-preview:-1"},"canonical":"https:\/\/nettiseitti.fi\/showroom\/tuote\/muistikortinlukija-laajalla-muistikorttituella-cmp-cardrw61\/","og_locale":"fi_FI","og_type":"article","og_title":"Muistikortinlukija laajalla muistikorttituella, CMP-CARDRW61 - NettiSeitti","og_description":"Muistikortinlukija, joka tukee monia muistikorttityyppej\u00e4. Pirkanmaa, Satakunta, Etel\u00e4-Pohjanmaa, Pohjanmaa, Sein\u00e4joki, Sastamala, Tampere, Vaasa, Pori.","og_url":"https:\/\/nettiseitti.fi\/showroom\/tuote\/muistikortinlukija-laajalla-muistikorttituella-cmp-cardrw61\/","og_site_name":"NettiSeitti","article_modified_time":"2024-04-26T07:05:18+00:00","og_image":[{"width":209,"height":150,"url":"https:\/\/nettiseitti.fi\/showroom\/wp-content\/uploads\/2024\/04\/muistikortinlukija-laaja-tuki.jpg","type":"image\/jpeg"}],"twitter_card":"summary_large_image","twitter_misc":{"Arvioitu lukuaika":"1 minuutti"},"schema":{"@context":"https:\/\/schema.org","@graph":[{"@type":"WebPage","@id":"https:\/\/nettiseitti.fi\/showroom\/tuote\/muistikortinlukija-laajalla-muistikorttituella-cmp-cardrw61\/","url":"https:\/\/nettiseitti.fi\/showroom\/tuote\/muistikortinlukija-laajalla-muistikorttituella-cmp-cardrw61\/","name":"Muistikortinlukija laajalla muistikorttituella, CMP-CARDRW61 - NettiSeitti","isPartOf":{"@id":"https:\/\/nettiseitti.fi\/showroom\/#website"},"primaryImageOfPage":{"@id":"https:\/\/nettiseitti.fi\/showroom\/tuote\/muistikortinlukija-laajalla-muistikorttituella-cmp-cardrw61\/#primaryimage"},"image":{"@id":"https:\/\/nettiseitti.fi\/showroom\/tuote\/muistikortinlukija-laajalla-muistikorttituella-cmp-cardrw61\/#primaryimage"},"thumbnailUrl":"https:\/\/nettiseitti.fi\/showroom\/wp-content\/uploads\/2024\/04\/muistikortinlukija-laaja-tuki.jpg","datePublished":"2024-04-26T07:04:13+00:00","dateModified":"2024-04-26T07:05:18+00:00","description":"Muistikortinlukija, joka tukee monia muistikorttityyppej\u00e4. Pirkanmaa, Satakunta, Etel\u00e4-Pohjanmaa, Pohjanmaa, Sein\u00e4joki, Sastamala, Tampere, Vaasa, Pori.","breadcrumb":{"@id":"https:\/\/nettiseitti.fi\/showroom\/tuote\/muistikortinlukija-laajalla-muistikorttituella-cmp-cardrw61\/#breadcrumb"},"inLanguage":"fi","potentialAction":[{"@type":"ReadAction","target":["https:\/\/nettiseitti.fi\/showroom\/tuote\/muistikortinlukija-laajalla-muistikorttituella-cmp-cardrw61\/"]}]},{"@type":"ImageObject","inLanguage":"fi","@id":"https:\/\/nettiseitti.fi\/showroom\/tuote\/muistikortinlukija-laajalla-muistikorttituella-cmp-cardrw61\/#primaryimage","url":"https:\/\/nettiseitti.fi\/showroom\/wp-content\/uploads\/2024\/04\/muistikortinlukija-laaja-tuki.jpg","contentUrl":"https:\/\/nettiseitti.fi\/showroom\/wp-content\/uploads\/2024\/04\/muistikortinlukija-laaja-tuki.jpg","width":209,"height":150},{"@type":"BreadcrumbList","@id":"https:\/\/nettiseitti.fi\/showroom\/tuote\/muistikortinlukija-laajalla-muistikorttituella-cmp-cardrw61\/#breadcrumb","itemListElement":[{"@type":"ListItem","position":1,"name":"Etusivu","item":"https:\/\/nettiseitti.fi\/showroom\/"},{"@type":"ListItem","position":2,"name":"Tuotteet","item":"https:\/\/nettiseitti.fi\/showroom\/tuotteet\/"},{"@type":"ListItem","position":3,"name":"Muistikortinlukija laajalla muistikorttituella, CMP-CARDRW61"}]},{"@type":"WebSite","@id":"https:\/\/nettiseitti.fi\/showroom\/#website","url":"https:\/\/nettiseitti.fi\/showroom\/","name":"NettiSeitti","description":"","publisher":{"@id":"https:\/\/nettiseitti.fi\/showroom\/#organization"},"potentialAction":[{"@type":"SearchAction","target":{"@type":"EntryPoint","urlTemplate":"https:\/\/nettiseitti.fi\/showroom\/?s={search_term_string}"},"query-input":{"@type":"PropertyValueSpecification","valueRequired":true,"valueName":"search_term_string"}}],"inLanguage":"fi"},{"@type":"Organization","@id":"https:\/\/nettiseitti.fi\/showroom\/#organization","name":"NettiSeitti","url":"https:\/\/nettiseitti.fi\/showroom\/","logo":{"@type":"ImageObject","inLanguage":"fi","@id":"https:\/\/nettiseitti.fi\/showroom\/#\/schema\/logo\/image\/","url":"https:\/\/nettiseitti.fi\/showroom\/wp-content\/uploads\/2024\/03\/nettiseitti_lapinakyva_tausta.png","contentUrl":"https:\/\/nettiseitti.fi\/showroom\/wp-content\/uploads\/2024\/03\/nettiseitti_lapinakyva_tausta.png","width":2176,"height":741,"caption":"NettiSeitti"},"image":{"@id":"https:\/\/nettiseitti.fi\/showroom\/#\/schema\/logo\/image\/"}}]}},"_links":{"self":[{"href":"https:\/\/nettiseitti.fi\/showroom\/wp-json\/wp\/v2\/product\/13124","targetHints":{"allow":["GET"]}}],"collection":[{"href":"https:\/\/nettiseitti.fi\/showroom\/wp-json\/wp\/v2\/product"}],"about":[{"href":"https:\/\/nettiseitti.fi\/showroom\/wp-json\/wp\/v2\/types\/product"}],"wp:featuredmedia":[{"embeddable":true,"href":"https:\/\/nettiseitti.fi\/showroom\/wp-json\/wp\/v2\/media\/13125"}],"wp:attachment":[{"href":"https:\/\/nettiseitti.fi\/showroom\/wp-json\/wp\/v2\/media?parent=13124"}],"wp:term":[{"taxonomy":"product_brand","embeddable":true,"href":"https:\/\/nettiseitti.fi\/showroom\/wp-json\/wp\/v2\/product_brand?post=13124"},{"taxonomy":"product_cat","embeddable":true,"href":"https:\/\/nettiseitti.fi\/showroom\/wp-json\/wp\/v2\/product_cat?post=13124"},{"taxonomy":"product_tag","embeddable":true,"href":"https:\/\/nettiseitti.fi\/showroom\/wp-json\/wp\/v2\/product_tag?post=13124"}],"curies":[{"name":"wp","href":"https:\/\/api.w.org\/{rel}","templated":true}]}}