{"id":13144,"date":"2024-04-26T12:44:18","date_gmt":"2024-04-26T09:44:18","guid":{"rendered":"https:\/\/nettiseitti.fi\/showroom\/?post_type=product&#038;p=13144"},"modified":"2024-04-26T12:44:19","modified_gmt":"2024-04-26T09:44:19","slug":"4-pin-atx12v-8-pin-eps12v-adapteri","status":"publish","type":"product","link":"https:\/\/nettiseitti.fi\/showroom\/tuote\/4-pin-atx12v-8-pin-eps12v-adapteri\/","title":{"rendered":"4-PIN ATX12V -> 8-PIN EPS12V -adapteri"},"content":{"rendered":"<p>4-PIN ATX12V -> 8-PIN EPS12V -adapteri prosessorin virtaliittimen muuntamiseen oikeaksi.<br \/>\nJoissakin virtal\u00e4hteiss\u00e4 on vain 4-pinninen virtaliitin, joten t\u00e4ll\u00e4 adapterilla liittimest\u00e4 saadaan 8-pinninen.<\/p>\n<p>Kauttamme my\u00f6s muut adapterit ja oheistarvikkeet, ota yhteytt\u00e4 !<\/p>\n<p>Kysy ajantasainen hinnasto ja lis\u00e4tietoja ottamalla meihin yhteytt\u00e4.<br \/>\nMy\u00f6s toimitus mahdollista riippuen tilatuista tuotteista.<\/p>\n<p>Ota yhteytt\u00e4:<br \/>\nPuh. <a href=\"tel:0401523801\">040 1523801<\/a><br \/>\nS\u00e4hk\u00f6posti: myynti [at] nettiseitti.fi<\/p>\n","protected":false},"excerpt":{"rendered":"<p>Adapteri 4-pin ATX12V -&gt; 8-pin EPS12V liittimeen.<\/p>\n","protected":false},"featured_media":13145,"template":"","meta":{"neve_meta_sidebar":"","neve_meta_container":"","neve_meta_enable_content_width":"off","neve_meta_content_width":100,"neve_meta_title_alignment":"","neve_meta_author_avatar":"","neve_post_elements_order":"","neve_meta_disable_header":"","neve_meta_disable_footer":"","neve_meta_disable_title":""},"product_brand":[],"product_cat":[529],"product_tag":[316,450,451,100,107,459,106,457,327,302,301,446,448,449,453,447,108,105,455,445,456,98,101,104,454,96,99,97,103,102,458,452],"class_list":{"0":"post-13144","1":"product","2":"type-product","3":"status-publish","4":"has-post-thumbnail","6":"product_cat-johdot-kaapelit","7":"product_tag-adapteri","8":"product_tag-ahtari","9":"product_tag-alavus","10":"product_tag-etela-pohjanmaa","11":"product_tag-etela-suomi","12":"product_tag-hameenlinna","13":"product_tag-huittinen","14":"product_tag-ikaalinen","15":"product_tag-jalasjarvi","16":"product_tag-johto","17":"product_tag-kaapeli","18":"product_tag-kankaanpaa","19":"product_tag-karvia","20":"product_tag-kauhajoki","21":"product_tag-kauhava","22":"product_tag-kihnio","23":"product_tag-lansi-suomi","24":"product_tag-lapua","25":"product_tag-lempaala","26":"product_tag-nokia","27":"product_tag-parkano","28":"product_tag-pirkanmaa","29":"product_tag-pohjanmaa","30":"product_tag-pori","31":"product_tag-rauma","32":"product_tag-sastamala","33":"product_tag-satakunta","34":"product_tag-seinajoki","35":"product_tag-tampere","36":"product_tag-vaasa","37":"product_tag-virrat","38":"product_tag-ylojarvi","40":"first","41":"instock","42":"shipping-taxable","43":"product-type-simple"},"yoast_head":"<!-- This site is optimized with the Yoast SEO plugin v27.4 - https:\/\/yoast.com\/product\/yoast-seo-wordpress\/ -->\n<title>4-PIN ATX12V -&gt; 8-PIN EPS12V -adapteri - NettiSeitti<\/title>\n<meta name=\"description\" content=\"Adapteri 4-pin ATX12V -&gt; 8-pin EPS12V liittimeen. Pirkanmaa, Satakunta, Etel\u00e4-Pohjanmaa, Pohjanmaa, Sein\u00e4joki, Sastamala, Tampere, Vaasa, Pori, Nokia, Rauma\" \/>\n<meta name=\"robots\" content=\"index, follow, max-snippet:-1, max-image-preview:large, max-video-preview:-1\" \/>\n<link rel=\"canonical\" href=\"https:\/\/nettiseitti.fi\/showroom\/tuote\/4-pin-atx12v-8-pin-eps12v-adapteri\/\" \/>\n<meta property=\"og:locale\" content=\"fi_FI\" \/>\n<meta property=\"og:type\" content=\"article\" \/>\n<meta property=\"og:title\" content=\"4-PIN ATX12V -&gt; 8-PIN EPS12V -adapteri - NettiSeitti\" \/>\n<meta property=\"og:description\" content=\"Adapteri 4-pin ATX12V -&gt; 8-pin EPS12V liittimeen. Pirkanmaa, Satakunta, Etel\u00e4-Pohjanmaa, Pohjanmaa, Sein\u00e4joki, Sastamala, Tampere, Vaasa, Pori, Nokia, Rauma\" \/>\n<meta property=\"og:url\" content=\"https:\/\/nettiseitti.fi\/showroom\/tuote\/4-pin-atx12v-8-pin-eps12v-adapteri\/\" \/>\n<meta property=\"og:site_name\" content=\"NettiSeitti\" \/>\n<meta property=\"article:modified_time\" content=\"2024-04-26T09:44:19+00:00\" \/>\n<meta property=\"og:image\" content=\"https:\/\/nettiseitti.fi\/showroom\/wp-content\/uploads\/2024\/04\/4pin-8pin-adapteri.jpg\" \/>\n\t<meta property=\"og:image:width\" content=\"562\" \/>\n\t<meta property=\"og:image:height\" content=\"512\" \/>\n\t<meta property=\"og:image:type\" content=\"image\/jpeg\" \/>\n<meta name=\"twitter:card\" content=\"summary_large_image\" \/>\n<meta name=\"twitter:label1\" content=\"Arvioitu lukuaika\" \/>\n\t<meta name=\"twitter:data1\" content=\"1 minuutti\" \/>\n<script type=\"application\/ld+json\" class=\"yoast-schema-graph\">{\"@context\":\"https:\\\/\\\/schema.org\",\"@graph\":[{\"@type\":\"WebPage\",\"@id\":\"https:\\\/\\\/nettiseitti.fi\\\/showroom\\\/tuote\\\/4-pin-atx12v-8-pin-eps12v-adapteri\\\/\",\"url\":\"https:\\\/\\\/nettiseitti.fi\\\/showroom\\\/tuote\\\/4-pin-atx12v-8-pin-eps12v-adapteri\\\/\",\"name\":\"4-PIN ATX12V -> 8-PIN EPS12V -adapteri - NettiSeitti\",\"isPartOf\":{\"@id\":\"https:\\\/\\\/nettiseitti.fi\\\/showroom\\\/#website\"},\"primaryImageOfPage\":{\"@id\":\"https:\\\/\\\/nettiseitti.fi\\\/showroom\\\/tuote\\\/4-pin-atx12v-8-pin-eps12v-adapteri\\\/#primaryimage\"},\"image\":{\"@id\":\"https:\\\/\\\/nettiseitti.fi\\\/showroom\\\/tuote\\\/4-pin-atx12v-8-pin-eps12v-adapteri\\\/#primaryimage\"},\"thumbnailUrl\":\"https:\\\/\\\/nettiseitti.fi\\\/showroom\\\/wp-content\\\/uploads\\\/2024\\\/04\\\/4pin-8pin-adapteri.jpg\",\"datePublished\":\"2024-04-26T09:44:18+00:00\",\"dateModified\":\"2024-04-26T09:44:19+00:00\",\"description\":\"Adapteri 4-pin ATX12V -> 8-pin EPS12V liittimeen. Pirkanmaa, Satakunta, Etel\u00e4-Pohjanmaa, Pohjanmaa, Sein\u00e4joki, Sastamala, Tampere, Vaasa, Pori, Nokia, Rauma\",\"breadcrumb\":{\"@id\":\"https:\\\/\\\/nettiseitti.fi\\\/showroom\\\/tuote\\\/4-pin-atx12v-8-pin-eps12v-adapteri\\\/#breadcrumb\"},\"inLanguage\":\"fi\",\"potentialAction\":[{\"@type\":\"ReadAction\",\"target\":[\"https:\\\/\\\/nettiseitti.fi\\\/showroom\\\/tuote\\\/4-pin-atx12v-8-pin-eps12v-adapteri\\\/\"]}]},{\"@type\":\"ImageObject\",\"inLanguage\":\"fi\",\"@id\":\"https:\\\/\\\/nettiseitti.fi\\\/showroom\\\/tuote\\\/4-pin-atx12v-8-pin-eps12v-adapteri\\\/#primaryimage\",\"url\":\"https:\\\/\\\/nettiseitti.fi\\\/showroom\\\/wp-content\\\/uploads\\\/2024\\\/04\\\/4pin-8pin-adapteri.jpg\",\"contentUrl\":\"https:\\\/\\\/nettiseitti.fi\\\/showroom\\\/wp-content\\\/uploads\\\/2024\\\/04\\\/4pin-8pin-adapteri.jpg\",\"width\":562,\"height\":512},{\"@type\":\"BreadcrumbList\",\"@id\":\"https:\\\/\\\/nettiseitti.fi\\\/showroom\\\/tuote\\\/4-pin-atx12v-8-pin-eps12v-adapteri\\\/#breadcrumb\",\"itemListElement\":[{\"@type\":\"ListItem\",\"position\":1,\"name\":\"Etusivu\",\"item\":\"https:\\\/\\\/nettiseitti.fi\\\/showroom\\\/\"},{\"@type\":\"ListItem\",\"position\":2,\"name\":\"Tuotteet\",\"item\":\"https:\\\/\\\/nettiseitti.fi\\\/showroom\\\/tuotteet\\\/\"},{\"@type\":\"ListItem\",\"position\":3,\"name\":\"4-PIN ATX12V -> 8-PIN EPS12V -adapteri\"}]},{\"@type\":\"WebSite\",\"@id\":\"https:\\\/\\\/nettiseitti.fi\\\/showroom\\\/#website\",\"url\":\"https:\\\/\\\/nettiseitti.fi\\\/showroom\\\/\",\"name\":\"NettiSeitti\",\"description\":\"\",\"publisher\":{\"@id\":\"https:\\\/\\\/nettiseitti.fi\\\/showroom\\\/#organization\"},\"potentialAction\":[{\"@type\":\"SearchAction\",\"target\":{\"@type\":\"EntryPoint\",\"urlTemplate\":\"https:\\\/\\\/nettiseitti.fi\\\/showroom\\\/?s={search_term_string}\"},\"query-input\":{\"@type\":\"PropertyValueSpecification\",\"valueRequired\":true,\"valueName\":\"search_term_string\"}}],\"inLanguage\":\"fi\"},{\"@type\":\"Organization\",\"@id\":\"https:\\\/\\\/nettiseitti.fi\\\/showroom\\\/#organization\",\"name\":\"NettiSeitti\",\"url\":\"https:\\\/\\\/nettiseitti.fi\\\/showroom\\\/\",\"logo\":{\"@type\":\"ImageObject\",\"inLanguage\":\"fi\",\"@id\":\"https:\\\/\\\/nettiseitti.fi\\\/showroom\\\/#\\\/schema\\\/logo\\\/image\\\/\",\"url\":\"https:\\\/\\\/nettiseitti.fi\\\/showroom\\\/wp-content\\\/uploads\\\/2024\\\/03\\\/nettiseitti_lapinakyva_tausta.png\",\"contentUrl\":\"https:\\\/\\\/nettiseitti.fi\\\/showroom\\\/wp-content\\\/uploads\\\/2024\\\/03\\\/nettiseitti_lapinakyva_tausta.png\",\"width\":2176,\"height\":741,\"caption\":\"NettiSeitti\"},\"image\":{\"@id\":\"https:\\\/\\\/nettiseitti.fi\\\/showroom\\\/#\\\/schema\\\/logo\\\/image\\\/\"}}]}<\/script>\n<!-- \/ Yoast SEO plugin. -->","yoast_head_json":{"title":"4-PIN ATX12V -> 8-PIN EPS12V -adapteri - NettiSeitti","description":"Adapteri 4-pin ATX12V -> 8-pin EPS12V liittimeen. Pirkanmaa, Satakunta, Etel\u00e4-Pohjanmaa, Pohjanmaa, Sein\u00e4joki, Sastamala, Tampere, Vaasa, Pori, Nokia, Rauma","robots":{"index":"index","follow":"follow","max-snippet":"max-snippet:-1","max-image-preview":"max-image-preview:large","max-video-preview":"max-video-preview:-1"},"canonical":"https:\/\/nettiseitti.fi\/showroom\/tuote\/4-pin-atx12v-8-pin-eps12v-adapteri\/","og_locale":"fi_FI","og_type":"article","og_title":"4-PIN ATX12V -> 8-PIN EPS12V -adapteri - NettiSeitti","og_description":"Adapteri 4-pin ATX12V -> 8-pin EPS12V liittimeen. Pirkanmaa, Satakunta, Etel\u00e4-Pohjanmaa, Pohjanmaa, Sein\u00e4joki, Sastamala, Tampere, Vaasa, Pori, Nokia, Rauma","og_url":"https:\/\/nettiseitti.fi\/showroom\/tuote\/4-pin-atx12v-8-pin-eps12v-adapteri\/","og_site_name":"NettiSeitti","article_modified_time":"2024-04-26T09:44:19+00:00","og_image":[{"width":562,"height":512,"url":"https:\/\/nettiseitti.fi\/showroom\/wp-content\/uploads\/2024\/04\/4pin-8pin-adapteri.jpg","type":"image\/jpeg"}],"twitter_card":"summary_large_image","twitter_misc":{"Arvioitu lukuaika":"1 minuutti"},"schema":{"@context":"https:\/\/schema.org","@graph":[{"@type":"WebPage","@id":"https:\/\/nettiseitti.fi\/showroom\/tuote\/4-pin-atx12v-8-pin-eps12v-adapteri\/","url":"https:\/\/nettiseitti.fi\/showroom\/tuote\/4-pin-atx12v-8-pin-eps12v-adapteri\/","name":"4-PIN ATX12V -> 8-PIN EPS12V -adapteri - NettiSeitti","isPartOf":{"@id":"https:\/\/nettiseitti.fi\/showroom\/#website"},"primaryImageOfPage":{"@id":"https:\/\/nettiseitti.fi\/showroom\/tuote\/4-pin-atx12v-8-pin-eps12v-adapteri\/#primaryimage"},"image":{"@id":"https:\/\/nettiseitti.fi\/showroom\/tuote\/4-pin-atx12v-8-pin-eps12v-adapteri\/#primaryimage"},"thumbnailUrl":"https:\/\/nettiseitti.fi\/showroom\/wp-content\/uploads\/2024\/04\/4pin-8pin-adapteri.jpg","datePublished":"2024-04-26T09:44:18+00:00","dateModified":"2024-04-26T09:44:19+00:00","description":"Adapteri 4-pin ATX12V -> 8-pin EPS12V liittimeen. Pirkanmaa, Satakunta, Etel\u00e4-Pohjanmaa, Pohjanmaa, Sein\u00e4joki, Sastamala, Tampere, Vaasa, Pori, Nokia, Rauma","breadcrumb":{"@id":"https:\/\/nettiseitti.fi\/showroom\/tuote\/4-pin-atx12v-8-pin-eps12v-adapteri\/#breadcrumb"},"inLanguage":"fi","potentialAction":[{"@type":"ReadAction","target":["https:\/\/nettiseitti.fi\/showroom\/tuote\/4-pin-atx12v-8-pin-eps12v-adapteri\/"]}]},{"@type":"ImageObject","inLanguage":"fi","@id":"https:\/\/nettiseitti.fi\/showroom\/tuote\/4-pin-atx12v-8-pin-eps12v-adapteri\/#primaryimage","url":"https:\/\/nettiseitti.fi\/showroom\/wp-content\/uploads\/2024\/04\/4pin-8pin-adapteri.jpg","contentUrl":"https:\/\/nettiseitti.fi\/showroom\/wp-content\/uploads\/2024\/04\/4pin-8pin-adapteri.jpg","width":562,"height":512},{"@type":"BreadcrumbList","@id":"https:\/\/nettiseitti.fi\/showroom\/tuote\/4-pin-atx12v-8-pin-eps12v-adapteri\/#breadcrumb","itemListElement":[{"@type":"ListItem","position":1,"name":"Etusivu","item":"https:\/\/nettiseitti.fi\/showroom\/"},{"@type":"ListItem","position":2,"name":"Tuotteet","item":"https:\/\/nettiseitti.fi\/showroom\/tuotteet\/"},{"@type":"ListItem","position":3,"name":"4-PIN ATX12V -> 8-PIN EPS12V -adapteri"}]},{"@type":"WebSite","@id":"https:\/\/nettiseitti.fi\/showroom\/#website","url":"https:\/\/nettiseitti.fi\/showroom\/","name":"NettiSeitti","description":"","publisher":{"@id":"https:\/\/nettiseitti.fi\/showroom\/#organization"},"potentialAction":[{"@type":"SearchAction","target":{"@type":"EntryPoint","urlTemplate":"https:\/\/nettiseitti.fi\/showroom\/?s={search_term_string}"},"query-input":{"@type":"PropertyValueSpecification","valueRequired":true,"valueName":"search_term_string"}}],"inLanguage":"fi"},{"@type":"Organization","@id":"https:\/\/nettiseitti.fi\/showroom\/#organization","name":"NettiSeitti","url":"https:\/\/nettiseitti.fi\/showroom\/","logo":{"@type":"ImageObject","inLanguage":"fi","@id":"https:\/\/nettiseitti.fi\/showroom\/#\/schema\/logo\/image\/","url":"https:\/\/nettiseitti.fi\/showroom\/wp-content\/uploads\/2024\/03\/nettiseitti_lapinakyva_tausta.png","contentUrl":"https:\/\/nettiseitti.fi\/showroom\/wp-content\/uploads\/2024\/03\/nettiseitti_lapinakyva_tausta.png","width":2176,"height":741,"caption":"NettiSeitti"},"image":{"@id":"https:\/\/nettiseitti.fi\/showroom\/#\/schema\/logo\/image\/"}}]}},"_links":{"self":[{"href":"https:\/\/nettiseitti.fi\/showroom\/wp-json\/wp\/v2\/product\/13144","targetHints":{"allow":["GET"]}}],"collection":[{"href":"https:\/\/nettiseitti.fi\/showroom\/wp-json\/wp\/v2\/product"}],"about":[{"href":"https:\/\/nettiseitti.fi\/showroom\/wp-json\/wp\/v2\/types\/product"}],"wp:featuredmedia":[{"embeddable":true,"href":"https:\/\/nettiseitti.fi\/showroom\/wp-json\/wp\/v2\/media\/13145"}],"wp:attachment":[{"href":"https:\/\/nettiseitti.fi\/showroom\/wp-json\/wp\/v2\/media?parent=13144"}],"wp:term":[{"taxonomy":"product_brand","embeddable":true,"href":"https:\/\/nettiseitti.fi\/showroom\/wp-json\/wp\/v2\/product_brand?post=13144"},{"taxonomy":"product_cat","embeddable":true,"href":"https:\/\/nettiseitti.fi\/showroom\/wp-json\/wp\/v2\/product_cat?post=13144"},{"taxonomy":"product_tag","embeddable":true,"href":"https:\/\/nettiseitti.fi\/showroom\/wp-json\/wp\/v2\/product_tag?post=13144"}],"curies":[{"name":"wp","href":"https:\/\/api.w.org\/{rel}","templated":true}]}}