{"id":13216,"date":"2024-05-14T14:37:08","date_gmt":"2024-05-14T11:37:08","guid":{"rendered":"https:\/\/nettiseitti.fi\/showroom\/?post_type=product&#038;p=13216"},"modified":"2024-12-08T14:47:11","modified_gmt":"2024-12-08T12:47:11","slug":"invertterin-yhdistaminen-lahiverkkoon","status":"publish","type":"product","link":"https:\/\/nettiseitti.fi\/showroom\/tuote\/invertterin-yhdistaminen-lahiverkkoon\/","title":{"rendered":"Invertterin yhdist\u00e4minen l\u00e4hiverkkoon"},"content":{"rendered":"<p>Useimmissa tuuli- ja aurinkovoimalan inverttereiss\u00e4 on nyky\u00e4\u00e4n mahdollisuutena yhdist\u00e4\u00e4 invertteri l\u00e4hiverkkoon, jolloin voidaan mm. tarkastella voimalan tuottamaa s\u00e4hk\u00f6n m\u00e4\u00e4r\u00e4\u00e4 internetin kautta web-portaalista.<\/p>\n<p>Invertteriss\u00e4 on oma verkkokortti, joka t\u00e4ytyy yhdist\u00e4\u00e4 l\u00e4hiverkkoon joko langattomasti WLAN-ominaisuuden tai langallisesti ethernet-kaapelin kautta verkkoon.<br \/>\nJotta invertterin tietoja voidaan katsoa suoraan verkon sis\u00e4ll\u00e4 IP-osoitteen kautta, tulee invertterin IP-osoite m\u00e4\u00e4ritell\u00e4 kiinte\u00e4ksi.<\/p>\n<p>Joissakin tapauksissa l\u00e4hiverkkoa t\u00e4ytyy jatkaa l\u00e4hemm\u00e4ksi invertteri\u00e4 johtuen yleens\u00e4 invertterin sijainnista kaukana rakennuksen muusta verkosta, esim. autotallissa talon l\u00e4hiverkko ei v\u00e4ltt\u00e4m\u00e4tt\u00e4 en\u00e4\u00e4 kuulu hyvin.<br \/>\nVerkkoa voidaan jatkaa helpoimmin WiFi-extenderill\u00e4, joka laajentaa l\u00e4hiverkon peittoaluetta.<\/p>\n<p>Yleisi\u00e4 invertterien web-portaaleja mm. Fronius Solarweb, Sofar \/ Solarman Smart, SMA Sunny Portal.<br \/>\nMy\u00f6s muita web-portaaleja l\u00f6ytyy, l\u00e4hes jokaisella valmistajalla on omansa.<\/p>\n<p>Ota yhteytt\u00e4 niin yhdistet\u00e4\u00e4n invertterisi verkkoon !<\/p>\n<p>Ota yhteytt\u00e4:<br \/>\nPuh. <a href=\"tel:0401523801\">040 1523801<\/a><br \/>\nS\u00e4hk\u00f6posti: myynti [at] nettiseitti.fi<\/p>\n","protected":false},"excerpt":{"rendered":"<p>Kauttamme invertterin yhdist\u00e4minen l\u00e4hiverkkoon ja web-portaaliin.<\/p>\n","protected":false},"featured_media":13218,"template":"","meta":{"neve_meta_sidebar":"","neve_meta_container":"","neve_meta_enable_content_width":"off","neve_meta_content_width":100,"neve_meta_title_alignment":"","neve_meta_author_avatar":"","neve_post_elements_order":"","neve_meta_disable_header":"","neve_meta_disable_footer":"","neve_meta_disable_title":""},"product_brand":[],"product_cat":[63],"product_tag":[450,451,173,100,107,459,106,457,545,327,446,448,449,453,447,108,105,455,445,456,98,101,104,454,96,99,97,103,102,458,452],"class_list":{"0":"post-13216","1":"product","2":"type-product","3":"status-publish","4":"has-post-thumbnail","6":"product_cat-palvelut","7":"product_tag-ahtari","8":"product_tag-alavus","9":"product_tag-aurinkovoimala","10":"product_tag-etela-pohjanmaa","11":"product_tag-etela-suomi","12":"product_tag-hameenlinna","13":"product_tag-huittinen","14":"product_tag-ikaalinen","15":"product_tag-invertteri","16":"product_tag-jalasjarvi","17":"product_tag-kankaanpaa","18":"product_tag-karvia","19":"product_tag-kauhajoki","20":"product_tag-kauhava","21":"product_tag-kihnio","22":"product_tag-lansi-suomi","23":"product_tag-lapua","24":"product_tag-lempaala","25":"product_tag-nokia","26":"product_tag-parkano","27":"product_tag-pirkanmaa","28":"product_tag-pohjanmaa","29":"product_tag-pori","30":"product_tag-rauma","31":"product_tag-sastamala","32":"product_tag-satakunta","33":"product_tag-seinajoki","34":"product_tag-tampere","35":"product_tag-vaasa","36":"product_tag-virrat","37":"product_tag-ylojarvi","39":"first","40":"instock","41":"shipping-taxable","42":"purchasable","43":"product-type-simple"},"yoast_head":"<!-- This site is optimized with the Yoast SEO plugin v27.4 - https:\/\/yoast.com\/product\/yoast-seo-wordpress\/ -->\n<title>Invertterin yhdist\u00e4minen l\u00e4hiverkkoon - Sein\u00e4joki, Tampere, Pori - NettiSeitti<\/title>\n<meta name=\"description\" content=\"Kauttamme invertterin yhdist\u00e4minen l\u00e4hiverkkoon ja web-portaaliin. Pirkanmaa, Satakunta, Etel\u00e4-Pohjanmaa, Pohjanmaa, Sein\u00e4joki, Sastamala, Tampere, Pori.\" \/>\n<meta name=\"robots\" content=\"index, follow, max-snippet:-1, max-image-preview:large, max-video-preview:-1\" \/>\n<link rel=\"canonical\" href=\"https:\/\/nettiseitti.fi\/showroom\/tuote\/invertterin-yhdistaminen-lahiverkkoon\/\" \/>\n<meta property=\"og:locale\" content=\"fi_FI\" \/>\n<meta property=\"og:type\" content=\"article\" \/>\n<meta property=\"og:title\" content=\"Invertterin yhdist\u00e4minen l\u00e4hiverkkoon - Sein\u00e4joki, Tampere, Pori - NettiSeitti\" \/>\n<meta property=\"og:description\" content=\"Kauttamme invertterin yhdist\u00e4minen l\u00e4hiverkkoon ja web-portaaliin. Pirkanmaa, Satakunta, Etel\u00e4-Pohjanmaa, Pohjanmaa, Sein\u00e4joki, Sastamala, Tampere, Pori.\" \/>\n<meta property=\"og:url\" content=\"https:\/\/nettiseitti.fi\/showroom\/tuote\/invertterin-yhdistaminen-lahiverkkoon\/\" \/>\n<meta property=\"og:site_name\" content=\"NettiSeitti\" \/>\n<meta property=\"article:modified_time\" content=\"2024-12-08T12:47:11+00:00\" \/>\n<meta property=\"og:image\" content=\"https:\/\/nettiseitti.fi\/showroom\/wp-content\/uploads\/2024\/05\/invertteri_portaali.jpg\" \/>\n\t<meta property=\"og:image:width\" content=\"903\" \/>\n\t<meta property=\"og:image:height\" content=\"538\" \/>\n\t<meta property=\"og:image:type\" content=\"image\/jpeg\" \/>\n<meta name=\"twitter:card\" content=\"summary_large_image\" \/>\n<meta name=\"twitter:label1\" content=\"Arvioitu lukuaika\" \/>\n\t<meta name=\"twitter:data1\" content=\"1 minuutti\" \/>\n<script type=\"application\/ld+json\" class=\"yoast-schema-graph\">{\"@context\":\"https:\\\/\\\/schema.org\",\"@graph\":[{\"@type\":\"WebPage\",\"@id\":\"https:\\\/\\\/nettiseitti.fi\\\/showroom\\\/tuote\\\/invertterin-yhdistaminen-lahiverkkoon\\\/\",\"url\":\"https:\\\/\\\/nettiseitti.fi\\\/showroom\\\/tuote\\\/invertterin-yhdistaminen-lahiverkkoon\\\/\",\"name\":\"Invertterin yhdist\u00e4minen l\u00e4hiverkkoon - Sein\u00e4joki, Tampere, Pori - NettiSeitti\",\"isPartOf\":{\"@id\":\"https:\\\/\\\/nettiseitti.fi\\\/showroom\\\/#website\"},\"primaryImageOfPage\":{\"@id\":\"https:\\\/\\\/nettiseitti.fi\\\/showroom\\\/tuote\\\/invertterin-yhdistaminen-lahiverkkoon\\\/#primaryimage\"},\"image\":{\"@id\":\"https:\\\/\\\/nettiseitti.fi\\\/showroom\\\/tuote\\\/invertterin-yhdistaminen-lahiverkkoon\\\/#primaryimage\"},\"thumbnailUrl\":\"https:\\\/\\\/nettiseitti.fi\\\/showroom\\\/wp-content\\\/uploads\\\/2024\\\/05\\\/invertteri_portaali.jpg\",\"datePublished\":\"2024-05-14T11:37:08+00:00\",\"dateModified\":\"2024-12-08T12:47:11+00:00\",\"description\":\"Kauttamme invertterin yhdist\u00e4minen l\u00e4hiverkkoon ja web-portaaliin. Pirkanmaa, Satakunta, Etel\u00e4-Pohjanmaa, Pohjanmaa, Sein\u00e4joki, Sastamala, Tampere, Pori.\",\"breadcrumb\":{\"@id\":\"https:\\\/\\\/nettiseitti.fi\\\/showroom\\\/tuote\\\/invertterin-yhdistaminen-lahiverkkoon\\\/#breadcrumb\"},\"inLanguage\":\"fi\",\"potentialAction\":[{\"@type\":\"ReadAction\",\"target\":[\"https:\\\/\\\/nettiseitti.fi\\\/showroom\\\/tuote\\\/invertterin-yhdistaminen-lahiverkkoon\\\/\"]}]},{\"@type\":\"ImageObject\",\"inLanguage\":\"fi\",\"@id\":\"https:\\\/\\\/nettiseitti.fi\\\/showroom\\\/tuote\\\/invertterin-yhdistaminen-lahiverkkoon\\\/#primaryimage\",\"url\":\"https:\\\/\\\/nettiseitti.fi\\\/showroom\\\/wp-content\\\/uploads\\\/2024\\\/05\\\/invertteri_portaali.jpg\",\"contentUrl\":\"https:\\\/\\\/nettiseitti.fi\\\/showroom\\\/wp-content\\\/uploads\\\/2024\\\/05\\\/invertteri_portaali.jpg\",\"width\":903,\"height\":538},{\"@type\":\"BreadcrumbList\",\"@id\":\"https:\\\/\\\/nettiseitti.fi\\\/showroom\\\/tuote\\\/invertterin-yhdistaminen-lahiverkkoon\\\/#breadcrumb\",\"itemListElement\":[{\"@type\":\"ListItem\",\"position\":1,\"name\":\"Etusivu\",\"item\":\"https:\\\/\\\/nettiseitti.fi\\\/showroom\\\/\"},{\"@type\":\"ListItem\",\"position\":2,\"name\":\"Tuotteet\",\"item\":\"https:\\\/\\\/nettiseitti.fi\\\/showroom\\\/tuotteet\\\/\"},{\"@type\":\"ListItem\",\"position\":3,\"name\":\"Invertterin yhdist\u00e4minen l\u00e4hiverkkoon\"}]},{\"@type\":\"WebSite\",\"@id\":\"https:\\\/\\\/nettiseitti.fi\\\/showroom\\\/#website\",\"url\":\"https:\\\/\\\/nettiseitti.fi\\\/showroom\\\/\",\"name\":\"NettiSeitti\",\"description\":\"\",\"publisher\":{\"@id\":\"https:\\\/\\\/nettiseitti.fi\\\/showroom\\\/#organization\"},\"potentialAction\":[{\"@type\":\"SearchAction\",\"target\":{\"@type\":\"EntryPoint\",\"urlTemplate\":\"https:\\\/\\\/nettiseitti.fi\\\/showroom\\\/?s={search_term_string}\"},\"query-input\":{\"@type\":\"PropertyValueSpecification\",\"valueRequired\":true,\"valueName\":\"search_term_string\"}}],\"inLanguage\":\"fi\"},{\"@type\":\"Organization\",\"@id\":\"https:\\\/\\\/nettiseitti.fi\\\/showroom\\\/#organization\",\"name\":\"NettiSeitti\",\"url\":\"https:\\\/\\\/nettiseitti.fi\\\/showroom\\\/\",\"logo\":{\"@type\":\"ImageObject\",\"inLanguage\":\"fi\",\"@id\":\"https:\\\/\\\/nettiseitti.fi\\\/showroom\\\/#\\\/schema\\\/logo\\\/image\\\/\",\"url\":\"https:\\\/\\\/nettiseitti.fi\\\/showroom\\\/wp-content\\\/uploads\\\/2024\\\/03\\\/nettiseitti_lapinakyva_tausta.png\",\"contentUrl\":\"https:\\\/\\\/nettiseitti.fi\\\/showroom\\\/wp-content\\\/uploads\\\/2024\\\/03\\\/nettiseitti_lapinakyva_tausta.png\",\"width\":2176,\"height\":741,\"caption\":\"NettiSeitti\"},\"image\":{\"@id\":\"https:\\\/\\\/nettiseitti.fi\\\/showroom\\\/#\\\/schema\\\/logo\\\/image\\\/\"}}]}<\/script>\n<!-- \/ Yoast SEO plugin. -->","yoast_head_json":{"title":"Invertterin yhdist\u00e4minen l\u00e4hiverkkoon - Sein\u00e4joki, Tampere, Pori - NettiSeitti","description":"Kauttamme invertterin yhdist\u00e4minen l\u00e4hiverkkoon ja web-portaaliin. Pirkanmaa, Satakunta, Etel\u00e4-Pohjanmaa, Pohjanmaa, Sein\u00e4joki, Sastamala, Tampere, Pori.","robots":{"index":"index","follow":"follow","max-snippet":"max-snippet:-1","max-image-preview":"max-image-preview:large","max-video-preview":"max-video-preview:-1"},"canonical":"https:\/\/nettiseitti.fi\/showroom\/tuote\/invertterin-yhdistaminen-lahiverkkoon\/","og_locale":"fi_FI","og_type":"article","og_title":"Invertterin yhdist\u00e4minen l\u00e4hiverkkoon - Sein\u00e4joki, Tampere, Pori - NettiSeitti","og_description":"Kauttamme invertterin yhdist\u00e4minen l\u00e4hiverkkoon ja web-portaaliin. Pirkanmaa, Satakunta, Etel\u00e4-Pohjanmaa, Pohjanmaa, Sein\u00e4joki, Sastamala, Tampere, Pori.","og_url":"https:\/\/nettiseitti.fi\/showroom\/tuote\/invertterin-yhdistaminen-lahiverkkoon\/","og_site_name":"NettiSeitti","article_modified_time":"2024-12-08T12:47:11+00:00","og_image":[{"width":903,"height":538,"url":"https:\/\/nettiseitti.fi\/showroom\/wp-content\/uploads\/2024\/05\/invertteri_portaali.jpg","type":"image\/jpeg"}],"twitter_card":"summary_large_image","twitter_misc":{"Arvioitu lukuaika":"1 minuutti"},"schema":{"@context":"https:\/\/schema.org","@graph":[{"@type":"WebPage","@id":"https:\/\/nettiseitti.fi\/showroom\/tuote\/invertterin-yhdistaminen-lahiverkkoon\/","url":"https:\/\/nettiseitti.fi\/showroom\/tuote\/invertterin-yhdistaminen-lahiverkkoon\/","name":"Invertterin yhdist\u00e4minen l\u00e4hiverkkoon - Sein\u00e4joki, Tampere, Pori - NettiSeitti","isPartOf":{"@id":"https:\/\/nettiseitti.fi\/showroom\/#website"},"primaryImageOfPage":{"@id":"https:\/\/nettiseitti.fi\/showroom\/tuote\/invertterin-yhdistaminen-lahiverkkoon\/#primaryimage"},"image":{"@id":"https:\/\/nettiseitti.fi\/showroom\/tuote\/invertterin-yhdistaminen-lahiverkkoon\/#primaryimage"},"thumbnailUrl":"https:\/\/nettiseitti.fi\/showroom\/wp-content\/uploads\/2024\/05\/invertteri_portaali.jpg","datePublished":"2024-05-14T11:37:08+00:00","dateModified":"2024-12-08T12:47:11+00:00","description":"Kauttamme invertterin yhdist\u00e4minen l\u00e4hiverkkoon ja web-portaaliin. Pirkanmaa, Satakunta, Etel\u00e4-Pohjanmaa, Pohjanmaa, Sein\u00e4joki, Sastamala, Tampere, Pori.","breadcrumb":{"@id":"https:\/\/nettiseitti.fi\/showroom\/tuote\/invertterin-yhdistaminen-lahiverkkoon\/#breadcrumb"},"inLanguage":"fi","potentialAction":[{"@type":"ReadAction","target":["https:\/\/nettiseitti.fi\/showroom\/tuote\/invertterin-yhdistaminen-lahiverkkoon\/"]}]},{"@type":"ImageObject","inLanguage":"fi","@id":"https:\/\/nettiseitti.fi\/showroom\/tuote\/invertterin-yhdistaminen-lahiverkkoon\/#primaryimage","url":"https:\/\/nettiseitti.fi\/showroom\/wp-content\/uploads\/2024\/05\/invertteri_portaali.jpg","contentUrl":"https:\/\/nettiseitti.fi\/showroom\/wp-content\/uploads\/2024\/05\/invertteri_portaali.jpg","width":903,"height":538},{"@type":"BreadcrumbList","@id":"https:\/\/nettiseitti.fi\/showroom\/tuote\/invertterin-yhdistaminen-lahiverkkoon\/#breadcrumb","itemListElement":[{"@type":"ListItem","position":1,"name":"Etusivu","item":"https:\/\/nettiseitti.fi\/showroom\/"},{"@type":"ListItem","position":2,"name":"Tuotteet","item":"https:\/\/nettiseitti.fi\/showroom\/tuotteet\/"},{"@type":"ListItem","position":3,"name":"Invertterin yhdist\u00e4minen l\u00e4hiverkkoon"}]},{"@type":"WebSite","@id":"https:\/\/nettiseitti.fi\/showroom\/#website","url":"https:\/\/nettiseitti.fi\/showroom\/","name":"NettiSeitti","description":"","publisher":{"@id":"https:\/\/nettiseitti.fi\/showroom\/#organization"},"potentialAction":[{"@type":"SearchAction","target":{"@type":"EntryPoint","urlTemplate":"https:\/\/nettiseitti.fi\/showroom\/?s={search_term_string}"},"query-input":{"@type":"PropertyValueSpecification","valueRequired":true,"valueName":"search_term_string"}}],"inLanguage":"fi"},{"@type":"Organization","@id":"https:\/\/nettiseitti.fi\/showroom\/#organization","name":"NettiSeitti","url":"https:\/\/nettiseitti.fi\/showroom\/","logo":{"@type":"ImageObject","inLanguage":"fi","@id":"https:\/\/nettiseitti.fi\/showroom\/#\/schema\/logo\/image\/","url":"https:\/\/nettiseitti.fi\/showroom\/wp-content\/uploads\/2024\/03\/nettiseitti_lapinakyva_tausta.png","contentUrl":"https:\/\/nettiseitti.fi\/showroom\/wp-content\/uploads\/2024\/03\/nettiseitti_lapinakyva_tausta.png","width":2176,"height":741,"caption":"NettiSeitti"},"image":{"@id":"https:\/\/nettiseitti.fi\/showroom\/#\/schema\/logo\/image\/"}}]}},"_links":{"self":[{"href":"https:\/\/nettiseitti.fi\/showroom\/wp-json\/wp\/v2\/product\/13216","targetHints":{"allow":["GET"]}}],"collection":[{"href":"https:\/\/nettiseitti.fi\/showroom\/wp-json\/wp\/v2\/product"}],"about":[{"href":"https:\/\/nettiseitti.fi\/showroom\/wp-json\/wp\/v2\/types\/product"}],"wp:featuredmedia":[{"embeddable":true,"href":"https:\/\/nettiseitti.fi\/showroom\/wp-json\/wp\/v2\/media\/13218"}],"wp:attachment":[{"href":"https:\/\/nettiseitti.fi\/showroom\/wp-json\/wp\/v2\/media?parent=13216"}],"wp:term":[{"taxonomy":"product_brand","embeddable":true,"href":"https:\/\/nettiseitti.fi\/showroom\/wp-json\/wp\/v2\/product_brand?post=13216"},{"taxonomy":"product_cat","embeddable":true,"href":"https:\/\/nettiseitti.fi\/showroom\/wp-json\/wp\/v2\/product_cat?post=13216"},{"taxonomy":"product_tag","embeddable":true,"href":"https:\/\/nettiseitti.fi\/showroom\/wp-json\/wp\/v2\/product_tag?post=13216"}],"curies":[{"name":"wp","href":"https:\/\/api.w.org\/{rel}","templated":true}]}}