{"id":13282,"date":"2024-05-26T14:21:23","date_gmt":"2024-05-26T11:21:23","guid":{"rendered":"https:\/\/nettiseitti.fi\/showroom\/?post_type=product&#038;p=13282"},"modified":"2024-05-28T12:30:39","modified_gmt":"2024-05-28T09:30:39","slug":"xerox-q2612a-crg-104-fx-9-crg-103-tarvikevarikasetti-musta","status":"publish","type":"product","link":"https:\/\/nettiseitti.fi\/showroom\/tuote\/xerox-q2612a-crg-104-fx-9-crg-103-tarvikevarikasetti-musta\/","title":{"rendered":"Xerox HP 12A \/ Q2612A \/ CRG-104 \/ FX-9 \/ CRG-103 -tarvikev\u00e4rikasetti, musta"},"content":{"rendered":"<p>Tarvikev\u00e4rikasetti HP ja Canon lasertulostimille.<br \/>\nVastaa alkuper\u00e4ist\u00e4 HP 12A, Q2612A 12A ja Canon CRG-104 \/ FX-9 \/ CRG-103 -laserv\u00e4rikasettia.<\/p>\n<p>Yhteensopivuus:<\/p>\n<ul>\n<li>HP LaserJet 1010, 1012, 1015, 1018, 1020, 1022, 3015, 3020, 3030, 3050, 3052, 3055, M1005, M1319<\/li>\n<li>Canon FAX L120, L100, L140<\/li>\n<li>Canon imageCLASS D420, D480, MF4140, MF4150, MF4270, MF4320, MF4350, MF4370, MF4380, MF4690, MF4010, MF4322, MF4330, MF4340, MF4680<\/li>\n<li>Canon LaserCLASS LBP2900, LBP3000<\/li>\n<li>Tulostuskapasiteetti: n. 2000 sivua<\/li>\n<li>Tulostusv\u00e4ri: musta<\/li>\n<\/ul>\n<p>Kauttamme my\u00f6s muut alkuper\u00e4iset ja tarvikev\u00e4rikasetit, ota yhteytt\u00e4 !<\/p>\n<p>Kysy ajantasainen hinnasto ja lis\u00e4tietoja ottamalla meihin yhteytt\u00e4.<br \/>\nMy\u00f6s toimitus mahdollista riippuen tilatuista tuotteista.<\/p>\n<p>Ota yhteytt\u00e4:<br \/>\nPuh. <a href=\"tel:0401523801\">040 1523801<\/a><br \/>\nS\u00e4hk\u00f6posti: myynti [at] nettiseitti.fi<\/p>\n<p><img decoding=\"async\" class=\"alignnone  wp-image-12074\" src=\"https:\/\/nettiseitti.fi\/showroom\/wp-content\/uploads\/2024\/03\/hp-300x148.png\" alt=\"\" width=\"136\" height=\"67\" srcset=\"https:\/\/nettiseitti.fi\/showroom\/wp-content\/uploads\/2024\/03\/hp-300x148.png 300w, https:\/\/nettiseitti.fi\/showroom\/wp-content\/uploads\/2024\/03\/hp-600x295.png 600w, https:\/\/nettiseitti.fi\/showroom\/wp-content\/uploads\/2024\/03\/hp.png 638w\" sizes=\"(max-width: 136px) 100vw, 136px\" \/><\/p>\n","protected":false},"excerpt":{"rendered":"<p>Yhteensopiva mm. HP LaserJet 1010, 1012, 1015, 1018, 1020, 1022, 3015, 3020, 3030, 3050, 3052, 3055, M1005, M1319, Canon FAX L120, L100, L140, Canon imageCLASS D420, D480, MF4140, MF4150, MF4270, MF4320, MF4350, MF4370, MF4380, MF4690, MF4010, MF4322, MF4330, MF4340, MF4680, Canon LaserCLASS LBP2900, LBP3000<\/p>\n","protected":false},"featured_media":13283,"template":"","meta":{"neve_meta_sidebar":"","neve_meta_container":"","neve_meta_enable_content_width":"off","neve_meta_content_width":100,"neve_meta_title_alignment":"","neve_meta_author_avatar":"","neve_post_elements_order":"","neve_meta_disable_header":"","neve_meta_disable_footer":"","neve_meta_disable_title":""},"product_brand":[],"product_cat":[550],"product_tag":[450,451,146,100,107,459,135,106,457,327,446,448,449,453,447,108,105,455,445,456,98,101,104,454,96,99,97,103,102,136,458,452],"class_list":{"0":"post-13282","1":"product","2":"type-product","3":"status-publish","4":"has-post-thumbnail","6":"product_cat-varikasetit","7":"product_tag-ahtari","8":"product_tag-alavus","9":"product_tag-canon","10":"product_tag-etela-pohjanmaa","11":"product_tag-etela-suomi","12":"product_tag-hameenlinna","13":"product_tag-hp","14":"product_tag-huittinen","15":"product_tag-ikaalinen","16":"product_tag-jalasjarvi","17":"product_tag-kankaanpaa","18":"product_tag-karvia","19":"product_tag-kauhajoki","20":"product_tag-kauhava","21":"product_tag-kihnio","22":"product_tag-lansi-suomi","23":"product_tag-lapua","24":"product_tag-lempaala","25":"product_tag-nokia","26":"product_tag-parkano","27":"product_tag-pirkanmaa","28":"product_tag-pohjanmaa","29":"product_tag-pori","30":"product_tag-rauma","31":"product_tag-sastamala","32":"product_tag-satakunta","33":"product_tag-seinajoki","34":"product_tag-tampere","35":"product_tag-vaasa","36":"product_tag-varikasetti","37":"product_tag-virrat","38":"product_tag-ylojarvi","40":"first","41":"instock","42":"shipping-taxable","43":"product-type-simple"},"yoast_head":"<!-- This site is optimized with the Yoast SEO plugin v27.4 - https:\/\/yoast.com\/product\/yoast-seo-wordpress\/ -->\n<title>Xerox HP 12A \/ Q2612A \/ CRG-104 \/ FX-9 \/ CRG-103 -tarvikev\u00e4rikasetti, musta - NettiSeitti<\/title>\n<meta name=\"description\" content=\"Yhteensopiva mm. HP LaserJet 1010, 1012, 1015, 1018, 1020, 1022, 3015, 3020, 3030, 3050, 3052, 3055, M1005, M1319, Canon FAX L120, L100, L140. Tampere, Pori\" \/>\n<meta name=\"robots\" content=\"index, follow, max-snippet:-1, max-image-preview:large, max-video-preview:-1\" \/>\n<link rel=\"canonical\" href=\"https:\/\/nettiseitti.fi\/showroom\/tuote\/xerox-q2612a-crg-104-fx-9-crg-103-tarvikevarikasetti-musta\/\" \/>\n<meta property=\"og:locale\" content=\"fi_FI\" \/>\n<meta property=\"og:type\" content=\"article\" \/>\n<meta property=\"og:title\" content=\"Xerox HP 12A \/ Q2612A \/ CRG-104 \/ FX-9 \/ CRG-103 -tarvikev\u00e4rikasetti, musta - NettiSeitti\" \/>\n<meta property=\"og:description\" content=\"Yhteensopiva mm. HP LaserJet 1010, 1012, 1015, 1018, 1020, 1022, 3015, 3020, 3030, 3050, 3052, 3055, M1005, M1319, Canon FAX L120, L100, L140. Tampere, Pori\" \/>\n<meta property=\"og:url\" content=\"https:\/\/nettiseitti.fi\/showroom\/tuote\/xerox-q2612a-crg-104-fx-9-crg-103-tarvikevarikasetti-musta\/\" \/>\n<meta property=\"og:site_name\" content=\"NettiSeitti\" \/>\n<meta property=\"article:modified_time\" content=\"2024-05-28T09:30:39+00:00\" \/>\n<meta property=\"og:image\" content=\"https:\/\/nettiseitti.fi\/showroom\/wp-content\/uploads\/2024\/05\/xerox_q2612a.jpg\" \/>\n\t<meta property=\"og:image:width\" content=\"872\" \/>\n\t<meta property=\"og:image:height\" content=\"816\" \/>\n\t<meta property=\"og:image:type\" content=\"image\/jpeg\" \/>\n<meta name=\"twitter:card\" content=\"summary_large_image\" \/>\n<meta name=\"twitter:label1\" content=\"Arvioitu lukuaika\" \/>\n\t<meta name=\"twitter:data1\" content=\"2 minuuttia\" \/>\n<script type=\"application\/ld+json\" class=\"yoast-schema-graph\">{\"@context\":\"https:\\\/\\\/schema.org\",\"@graph\":[{\"@type\":\"WebPage\",\"@id\":\"https:\\\/\\\/nettiseitti.fi\\\/showroom\\\/tuote\\\/xerox-q2612a-crg-104-fx-9-crg-103-tarvikevarikasetti-musta\\\/\",\"url\":\"https:\\\/\\\/nettiseitti.fi\\\/showroom\\\/tuote\\\/xerox-q2612a-crg-104-fx-9-crg-103-tarvikevarikasetti-musta\\\/\",\"name\":\"Xerox HP 12A \\\/ Q2612A \\\/ CRG-104 \\\/ FX-9 \\\/ CRG-103 -tarvikev\u00e4rikasetti, musta - NettiSeitti\",\"isPartOf\":{\"@id\":\"https:\\\/\\\/nettiseitti.fi\\\/showroom\\\/#website\"},\"primaryImageOfPage\":{\"@id\":\"https:\\\/\\\/nettiseitti.fi\\\/showroom\\\/tuote\\\/xerox-q2612a-crg-104-fx-9-crg-103-tarvikevarikasetti-musta\\\/#primaryimage\"},\"image\":{\"@id\":\"https:\\\/\\\/nettiseitti.fi\\\/showroom\\\/tuote\\\/xerox-q2612a-crg-104-fx-9-crg-103-tarvikevarikasetti-musta\\\/#primaryimage\"},\"thumbnailUrl\":\"https:\\\/\\\/nettiseitti.fi\\\/showroom\\\/wp-content\\\/uploads\\\/2024\\\/05\\\/xerox_q2612a.jpg\",\"datePublished\":\"2024-05-26T11:21:23+00:00\",\"dateModified\":\"2024-05-28T09:30:39+00:00\",\"description\":\"Yhteensopiva mm. HP LaserJet 1010, 1012, 1015, 1018, 1020, 1022, 3015, 3020, 3030, 3050, 3052, 3055, M1005, M1319, Canon FAX L120, L100, L140. Tampere, Pori\",\"breadcrumb\":{\"@id\":\"https:\\\/\\\/nettiseitti.fi\\\/showroom\\\/tuote\\\/xerox-q2612a-crg-104-fx-9-crg-103-tarvikevarikasetti-musta\\\/#breadcrumb\"},\"inLanguage\":\"fi\",\"potentialAction\":[{\"@type\":\"ReadAction\",\"target\":[\"https:\\\/\\\/nettiseitti.fi\\\/showroom\\\/tuote\\\/xerox-q2612a-crg-104-fx-9-crg-103-tarvikevarikasetti-musta\\\/\"]}]},{\"@type\":\"ImageObject\",\"inLanguage\":\"fi\",\"@id\":\"https:\\\/\\\/nettiseitti.fi\\\/showroom\\\/tuote\\\/xerox-q2612a-crg-104-fx-9-crg-103-tarvikevarikasetti-musta\\\/#primaryimage\",\"url\":\"https:\\\/\\\/nettiseitti.fi\\\/showroom\\\/wp-content\\\/uploads\\\/2024\\\/05\\\/xerox_q2612a.jpg\",\"contentUrl\":\"https:\\\/\\\/nettiseitti.fi\\\/showroom\\\/wp-content\\\/uploads\\\/2024\\\/05\\\/xerox_q2612a.jpg\",\"width\":872,\"height\":816},{\"@type\":\"BreadcrumbList\",\"@id\":\"https:\\\/\\\/nettiseitti.fi\\\/showroom\\\/tuote\\\/xerox-q2612a-crg-104-fx-9-crg-103-tarvikevarikasetti-musta\\\/#breadcrumb\",\"itemListElement\":[{\"@type\":\"ListItem\",\"position\":1,\"name\":\"Etusivu\",\"item\":\"https:\\\/\\\/nettiseitti.fi\\\/showroom\\\/\"},{\"@type\":\"ListItem\",\"position\":2,\"name\":\"Tuotteet\",\"item\":\"https:\\\/\\\/nettiseitti.fi\\\/showroom\\\/tuotteet\\\/\"},{\"@type\":\"ListItem\",\"position\":3,\"name\":\"Xerox HP 12A \\\/ Q2612A \\\/ CRG-104 \\\/ FX-9 \\\/ CRG-103 -tarvikev\u00e4rikasetti, musta\"}]},{\"@type\":\"WebSite\",\"@id\":\"https:\\\/\\\/nettiseitti.fi\\\/showroom\\\/#website\",\"url\":\"https:\\\/\\\/nettiseitti.fi\\\/showroom\\\/\",\"name\":\"NettiSeitti\",\"description\":\"\",\"publisher\":{\"@id\":\"https:\\\/\\\/nettiseitti.fi\\\/showroom\\\/#organization\"},\"potentialAction\":[{\"@type\":\"SearchAction\",\"target\":{\"@type\":\"EntryPoint\",\"urlTemplate\":\"https:\\\/\\\/nettiseitti.fi\\\/showroom\\\/?s={search_term_string}\"},\"query-input\":{\"@type\":\"PropertyValueSpecification\",\"valueRequired\":true,\"valueName\":\"search_term_string\"}}],\"inLanguage\":\"fi\"},{\"@type\":\"Organization\",\"@id\":\"https:\\\/\\\/nettiseitti.fi\\\/showroom\\\/#organization\",\"name\":\"NettiSeitti\",\"url\":\"https:\\\/\\\/nettiseitti.fi\\\/showroom\\\/\",\"logo\":{\"@type\":\"ImageObject\",\"inLanguage\":\"fi\",\"@id\":\"https:\\\/\\\/nettiseitti.fi\\\/showroom\\\/#\\\/schema\\\/logo\\\/image\\\/\",\"url\":\"https:\\\/\\\/nettiseitti.fi\\\/showroom\\\/wp-content\\\/uploads\\\/2024\\\/03\\\/nettiseitti_lapinakyva_tausta.png\",\"contentUrl\":\"https:\\\/\\\/nettiseitti.fi\\\/showroom\\\/wp-content\\\/uploads\\\/2024\\\/03\\\/nettiseitti_lapinakyva_tausta.png\",\"width\":2176,\"height\":741,\"caption\":\"NettiSeitti\"},\"image\":{\"@id\":\"https:\\\/\\\/nettiseitti.fi\\\/showroom\\\/#\\\/schema\\\/logo\\\/image\\\/\"}}]}<\/script>\n<!-- \/ Yoast SEO plugin. -->","yoast_head_json":{"title":"Xerox HP 12A \/ Q2612A \/ CRG-104 \/ FX-9 \/ CRG-103 -tarvikev\u00e4rikasetti, musta - NettiSeitti","description":"Yhteensopiva mm. HP LaserJet 1010, 1012, 1015, 1018, 1020, 1022, 3015, 3020, 3030, 3050, 3052, 3055, M1005, M1319, Canon FAX L120, L100, L140. Tampere, Pori","robots":{"index":"index","follow":"follow","max-snippet":"max-snippet:-1","max-image-preview":"max-image-preview:large","max-video-preview":"max-video-preview:-1"},"canonical":"https:\/\/nettiseitti.fi\/showroom\/tuote\/xerox-q2612a-crg-104-fx-9-crg-103-tarvikevarikasetti-musta\/","og_locale":"fi_FI","og_type":"article","og_title":"Xerox HP 12A \/ Q2612A \/ CRG-104 \/ FX-9 \/ CRG-103 -tarvikev\u00e4rikasetti, musta - NettiSeitti","og_description":"Yhteensopiva mm. HP LaserJet 1010, 1012, 1015, 1018, 1020, 1022, 3015, 3020, 3030, 3050, 3052, 3055, M1005, M1319, Canon FAX L120, L100, L140. Tampere, Pori","og_url":"https:\/\/nettiseitti.fi\/showroom\/tuote\/xerox-q2612a-crg-104-fx-9-crg-103-tarvikevarikasetti-musta\/","og_site_name":"NettiSeitti","article_modified_time":"2024-05-28T09:30:39+00:00","og_image":[{"width":872,"height":816,"url":"https:\/\/nettiseitti.fi\/showroom\/wp-content\/uploads\/2024\/05\/xerox_q2612a.jpg","type":"image\/jpeg"}],"twitter_card":"summary_large_image","twitter_misc":{"Arvioitu lukuaika":"2 minuuttia"},"schema":{"@context":"https:\/\/schema.org","@graph":[{"@type":"WebPage","@id":"https:\/\/nettiseitti.fi\/showroom\/tuote\/xerox-q2612a-crg-104-fx-9-crg-103-tarvikevarikasetti-musta\/","url":"https:\/\/nettiseitti.fi\/showroom\/tuote\/xerox-q2612a-crg-104-fx-9-crg-103-tarvikevarikasetti-musta\/","name":"Xerox HP 12A \/ Q2612A \/ CRG-104 \/ FX-9 \/ CRG-103 -tarvikev\u00e4rikasetti, musta - NettiSeitti","isPartOf":{"@id":"https:\/\/nettiseitti.fi\/showroom\/#website"},"primaryImageOfPage":{"@id":"https:\/\/nettiseitti.fi\/showroom\/tuote\/xerox-q2612a-crg-104-fx-9-crg-103-tarvikevarikasetti-musta\/#primaryimage"},"image":{"@id":"https:\/\/nettiseitti.fi\/showroom\/tuote\/xerox-q2612a-crg-104-fx-9-crg-103-tarvikevarikasetti-musta\/#primaryimage"},"thumbnailUrl":"https:\/\/nettiseitti.fi\/showroom\/wp-content\/uploads\/2024\/05\/xerox_q2612a.jpg","datePublished":"2024-05-26T11:21:23+00:00","dateModified":"2024-05-28T09:30:39+00:00","description":"Yhteensopiva mm. HP LaserJet 1010, 1012, 1015, 1018, 1020, 1022, 3015, 3020, 3030, 3050, 3052, 3055, M1005, M1319, Canon FAX L120, L100, L140. Tampere, Pori","breadcrumb":{"@id":"https:\/\/nettiseitti.fi\/showroom\/tuote\/xerox-q2612a-crg-104-fx-9-crg-103-tarvikevarikasetti-musta\/#breadcrumb"},"inLanguage":"fi","potentialAction":[{"@type":"ReadAction","target":["https:\/\/nettiseitti.fi\/showroom\/tuote\/xerox-q2612a-crg-104-fx-9-crg-103-tarvikevarikasetti-musta\/"]}]},{"@type":"ImageObject","inLanguage":"fi","@id":"https:\/\/nettiseitti.fi\/showroom\/tuote\/xerox-q2612a-crg-104-fx-9-crg-103-tarvikevarikasetti-musta\/#primaryimage","url":"https:\/\/nettiseitti.fi\/showroom\/wp-content\/uploads\/2024\/05\/xerox_q2612a.jpg","contentUrl":"https:\/\/nettiseitti.fi\/showroom\/wp-content\/uploads\/2024\/05\/xerox_q2612a.jpg","width":872,"height":816},{"@type":"BreadcrumbList","@id":"https:\/\/nettiseitti.fi\/showroom\/tuote\/xerox-q2612a-crg-104-fx-9-crg-103-tarvikevarikasetti-musta\/#breadcrumb","itemListElement":[{"@type":"ListItem","position":1,"name":"Etusivu","item":"https:\/\/nettiseitti.fi\/showroom\/"},{"@type":"ListItem","position":2,"name":"Tuotteet","item":"https:\/\/nettiseitti.fi\/showroom\/tuotteet\/"},{"@type":"ListItem","position":3,"name":"Xerox HP 12A \/ Q2612A \/ CRG-104 \/ FX-9 \/ CRG-103 -tarvikev\u00e4rikasetti, musta"}]},{"@type":"WebSite","@id":"https:\/\/nettiseitti.fi\/showroom\/#website","url":"https:\/\/nettiseitti.fi\/showroom\/","name":"NettiSeitti","description":"","publisher":{"@id":"https:\/\/nettiseitti.fi\/showroom\/#organization"},"potentialAction":[{"@type":"SearchAction","target":{"@type":"EntryPoint","urlTemplate":"https:\/\/nettiseitti.fi\/showroom\/?s={search_term_string}"},"query-input":{"@type":"PropertyValueSpecification","valueRequired":true,"valueName":"search_term_string"}}],"inLanguage":"fi"},{"@type":"Organization","@id":"https:\/\/nettiseitti.fi\/showroom\/#organization","name":"NettiSeitti","url":"https:\/\/nettiseitti.fi\/showroom\/","logo":{"@type":"ImageObject","inLanguage":"fi","@id":"https:\/\/nettiseitti.fi\/showroom\/#\/schema\/logo\/image\/","url":"https:\/\/nettiseitti.fi\/showroom\/wp-content\/uploads\/2024\/03\/nettiseitti_lapinakyva_tausta.png","contentUrl":"https:\/\/nettiseitti.fi\/showroom\/wp-content\/uploads\/2024\/03\/nettiseitti_lapinakyva_tausta.png","width":2176,"height":741,"caption":"NettiSeitti"},"image":{"@id":"https:\/\/nettiseitti.fi\/showroom\/#\/schema\/logo\/image\/"}}]}},"_links":{"self":[{"href":"https:\/\/nettiseitti.fi\/showroom\/wp-json\/wp\/v2\/product\/13282","targetHints":{"allow":["GET"]}}],"collection":[{"href":"https:\/\/nettiseitti.fi\/showroom\/wp-json\/wp\/v2\/product"}],"about":[{"href":"https:\/\/nettiseitti.fi\/showroom\/wp-json\/wp\/v2\/types\/product"}],"wp:featuredmedia":[{"embeddable":true,"href":"https:\/\/nettiseitti.fi\/showroom\/wp-json\/wp\/v2\/media\/13283"}],"wp:attachment":[{"href":"https:\/\/nettiseitti.fi\/showroom\/wp-json\/wp\/v2\/media?parent=13282"}],"wp:term":[{"taxonomy":"product_brand","embeddable":true,"href":"https:\/\/nettiseitti.fi\/showroom\/wp-json\/wp\/v2\/product_brand?post=13282"},{"taxonomy":"product_cat","embeddable":true,"href":"https:\/\/nettiseitti.fi\/showroom\/wp-json\/wp\/v2\/product_cat?post=13282"},{"taxonomy":"product_tag","embeddable":true,"href":"https:\/\/nettiseitti.fi\/showroom\/wp-json\/wp\/v2\/product_tag?post=13282"}],"curies":[{"name":"wp","href":"https:\/\/api.w.org\/{rel}","templated":true}]}}