{"id":13286,"date":"2024-05-26T21:07:41","date_gmt":"2024-05-26T18:07:41","guid":{"rendered":"https:\/\/nettiseitti.fi\/showroom\/?post_type=product&#038;p=13286"},"modified":"2024-05-28T12:29:50","modified_gmt":"2024-05-28T09:29:50","slug":"hp-126a-ce314a-kuvarumpu-alkuperainen","status":"publish","type":"product","link":"https:\/\/nettiseitti.fi\/showroom\/tuote\/hp-126a-ce314a-kuvarumpu-alkuperainen\/","title":{"rendered":"HP 126A \/ CE314A -kuvarumpu, alkuper\u00e4inen"},"content":{"rendered":"<p>Rumpuyksikk\u00f6 siirt\u00e4\u00e4 v\u00e4rijauheen paperille, jolloin kuvarummun tulee olla hyv\u00e4ss\u00e4 kunnossa jotta saavutetaan paras mahdollinen tulostuslaatu.<br \/>\nMik\u00e4li tulosteissa n\u00e4kyy viivoja tai muuta ep\u00e4tarkkuutta, saattaa kuvarummun vaihto olla ajankohtaista.<\/p>\n<p>Yhteensopivuus:<\/p>\n<ul>\n<li>HP Color LaserJet Pro MFP M176, MFP M177<\/li>\n<li>HP LaserJet Pro MFP M175<\/li>\n<li>HP TopShot LaserJet Pro M275<\/li>\n<li>Tulostuskapasiteetti: n. 14000 sivua (musta), n. 7000 sivua (v\u00e4ri)<\/li>\n<\/ul>\n<p>Kauttamme my\u00f6s muut alkuper\u00e4iset ja tarvikekuvarummut, ota yhteytt\u00e4 !<\/p>\n<p>Kysy ajantasainen hinnasto ja lis\u00e4tietoja ottamalla meihin yhteytt\u00e4.<br \/>\nMy\u00f6s toimitus mahdollista riippuen tilatuista tuotteista.<\/p>\n<p>Ota yhteytt\u00e4:<br \/>\nPuh. <a href=\"tel:0401523801\">040 1523801<\/a><br \/>\nS\u00e4hk\u00f6posti: myynti [at] nettiseitti.fi<\/p>\n<p><img decoding=\"async\" class=\"alignnone wp-image-12074\" src=\"https:\/\/nettiseitti.fi\/showroom\/wp-content\/uploads\/2024\/03\/hp-300x148.png\" alt=\"\" width=\"142\" height=\"70\" srcset=\"https:\/\/nettiseitti.fi\/showroom\/wp-content\/uploads\/2024\/03\/hp-300x148.png 300w, https:\/\/nettiseitti.fi\/showroom\/wp-content\/uploads\/2024\/03\/hp-600x295.png 600w, https:\/\/nettiseitti.fi\/showroom\/wp-content\/uploads\/2024\/03\/hp.png 638w\" sizes=\"(max-width: 142px) 100vw, 142px\" \/><\/p>\n","protected":false},"excerpt":{"rendered":"<p>Yhteensopiva mm. HP Color LaserJet Pro MFP M176, MFP M177, LaserJet Pro MFP M175, TopShot LaserJet Pro M275.<\/p>\n","protected":false},"featured_media":13287,"template":"","meta":{"neve_meta_sidebar":"","neve_meta_container":"","neve_meta_enable_content_width":"off","neve_meta_content_width":100,"neve_meta_title_alignment":"","neve_meta_author_avatar":"","neve_post_elements_order":"","neve_meta_disable_header":"","neve_meta_disable_footer":"","neve_meta_disable_title":""},"product_brand":[],"product_cat":[551],"product_tag":[450,451,100,107,459,106,457,327,446,448,449,453,447,108,105,455,445,456,98,101,104,454,96,99,97,103,80,102,458,452],"class_list":{"0":"post-13286","1":"product","2":"type-product","3":"status-publish","4":"has-post-thumbnail","6":"product_cat-kuvarummut","7":"product_tag-ahtari","8":"product_tag-alavus","9":"product_tag-etela-pohjanmaa","10":"product_tag-etela-suomi","11":"product_tag-hameenlinna","12":"product_tag-huittinen","13":"product_tag-ikaalinen","14":"product_tag-jalasjarvi","15":"product_tag-kankaanpaa","16":"product_tag-karvia","17":"product_tag-kauhajoki","18":"product_tag-kauhava","19":"product_tag-kihnio","20":"product_tag-lansi-suomi","21":"product_tag-lapua","22":"product_tag-lempaala","23":"product_tag-nokia","24":"product_tag-parkano","25":"product_tag-pirkanmaa","26":"product_tag-pohjanmaa","27":"product_tag-pori","28":"product_tag-rauma","29":"product_tag-sastamala","30":"product_tag-satakunta","31":"product_tag-seinajoki","32":"product_tag-tampere","33":"product_tag-tulostin","34":"product_tag-vaasa","35":"product_tag-virrat","36":"product_tag-ylojarvi","38":"first","39":"instock","40":"shipping-taxable","41":"product-type-simple"},"yoast_head":"<!-- This site is optimized with the Yoast SEO plugin v27.4 - https:\/\/yoast.com\/product\/yoast-seo-wordpress\/ -->\n<title>HP 126A \/ CE314A -kuvarumpu, alkuper\u00e4inen - NettiSeitti<\/title>\n<meta name=\"description\" content=\"Yhteensopiva mm. HP Color LaserJet Pro MFP M176, MFP M177, LaserJet Pro MFP M175, TopShot LaserJet Pro M275. Pirkanmaa, Satakunta, Etel\u00e4-Pohjanmaa, Tampere.\" \/>\n<meta name=\"robots\" content=\"index, follow, max-snippet:-1, max-image-preview:large, max-video-preview:-1\" \/>\n<link rel=\"canonical\" href=\"https:\/\/nettiseitti.fi\/showroom\/tuote\/hp-126a-ce314a-kuvarumpu-alkuperainen\/\" \/>\n<meta property=\"og:locale\" content=\"fi_FI\" \/>\n<meta property=\"og:type\" content=\"article\" \/>\n<meta property=\"og:title\" content=\"HP 126A \/ CE314A -kuvarumpu, alkuper\u00e4inen - NettiSeitti\" \/>\n<meta property=\"og:description\" content=\"Yhteensopiva mm. HP Color LaserJet Pro MFP M176, MFP M177, LaserJet Pro MFP M175, TopShot LaserJet Pro M275. Pirkanmaa, Satakunta, Etel\u00e4-Pohjanmaa, Tampere.\" \/>\n<meta property=\"og:url\" content=\"https:\/\/nettiseitti.fi\/showroom\/tuote\/hp-126a-ce314a-kuvarumpu-alkuperainen\/\" \/>\n<meta property=\"og:site_name\" content=\"NettiSeitti\" \/>\n<meta property=\"article:modified_time\" content=\"2024-05-28T09:29:50+00:00\" \/>\n<meta property=\"og:image\" content=\"https:\/\/nettiseitti.fi\/showroom\/wp-content\/uploads\/2024\/05\/kuvarumpu_126a.jpg\" \/>\n\t<meta property=\"og:image:width\" content=\"937\" \/>\n\t<meta property=\"og:image:height\" content=\"686\" \/>\n\t<meta property=\"og:image:type\" content=\"image\/jpeg\" \/>\n<meta name=\"twitter:card\" content=\"summary_large_image\" \/>\n<meta name=\"twitter:label1\" content=\"Arvioitu lukuaika\" \/>\n\t<meta name=\"twitter:data1\" content=\"1 minuutti\" \/>\n<script type=\"application\/ld+json\" class=\"yoast-schema-graph\">{\"@context\":\"https:\\\/\\\/schema.org\",\"@graph\":[{\"@type\":\"WebPage\",\"@id\":\"https:\\\/\\\/nettiseitti.fi\\\/showroom\\\/tuote\\\/hp-126a-ce314a-kuvarumpu-alkuperainen\\\/\",\"url\":\"https:\\\/\\\/nettiseitti.fi\\\/showroom\\\/tuote\\\/hp-126a-ce314a-kuvarumpu-alkuperainen\\\/\",\"name\":\"HP 126A \\\/ CE314A -kuvarumpu, alkuper\u00e4inen - NettiSeitti\",\"isPartOf\":{\"@id\":\"https:\\\/\\\/nettiseitti.fi\\\/showroom\\\/#website\"},\"primaryImageOfPage\":{\"@id\":\"https:\\\/\\\/nettiseitti.fi\\\/showroom\\\/tuote\\\/hp-126a-ce314a-kuvarumpu-alkuperainen\\\/#primaryimage\"},\"image\":{\"@id\":\"https:\\\/\\\/nettiseitti.fi\\\/showroom\\\/tuote\\\/hp-126a-ce314a-kuvarumpu-alkuperainen\\\/#primaryimage\"},\"thumbnailUrl\":\"https:\\\/\\\/nettiseitti.fi\\\/showroom\\\/wp-content\\\/uploads\\\/2024\\\/05\\\/kuvarumpu_126a.jpg\",\"datePublished\":\"2024-05-26T18:07:41+00:00\",\"dateModified\":\"2024-05-28T09:29:50+00:00\",\"description\":\"Yhteensopiva mm. HP Color LaserJet Pro MFP M176, MFP M177, LaserJet Pro MFP M175, TopShot LaserJet Pro M275. Pirkanmaa, Satakunta, Etel\u00e4-Pohjanmaa, Tampere.\",\"breadcrumb\":{\"@id\":\"https:\\\/\\\/nettiseitti.fi\\\/showroom\\\/tuote\\\/hp-126a-ce314a-kuvarumpu-alkuperainen\\\/#breadcrumb\"},\"inLanguage\":\"fi\",\"potentialAction\":[{\"@type\":\"ReadAction\",\"target\":[\"https:\\\/\\\/nettiseitti.fi\\\/showroom\\\/tuote\\\/hp-126a-ce314a-kuvarumpu-alkuperainen\\\/\"]}]},{\"@type\":\"ImageObject\",\"inLanguage\":\"fi\",\"@id\":\"https:\\\/\\\/nettiseitti.fi\\\/showroom\\\/tuote\\\/hp-126a-ce314a-kuvarumpu-alkuperainen\\\/#primaryimage\",\"url\":\"https:\\\/\\\/nettiseitti.fi\\\/showroom\\\/wp-content\\\/uploads\\\/2024\\\/05\\\/kuvarumpu_126a.jpg\",\"contentUrl\":\"https:\\\/\\\/nettiseitti.fi\\\/showroom\\\/wp-content\\\/uploads\\\/2024\\\/05\\\/kuvarumpu_126a.jpg\",\"width\":937,\"height\":686},{\"@type\":\"BreadcrumbList\",\"@id\":\"https:\\\/\\\/nettiseitti.fi\\\/showroom\\\/tuote\\\/hp-126a-ce314a-kuvarumpu-alkuperainen\\\/#breadcrumb\",\"itemListElement\":[{\"@type\":\"ListItem\",\"position\":1,\"name\":\"Etusivu\",\"item\":\"https:\\\/\\\/nettiseitti.fi\\\/showroom\\\/\"},{\"@type\":\"ListItem\",\"position\":2,\"name\":\"Tuotteet\",\"item\":\"https:\\\/\\\/nettiseitti.fi\\\/showroom\\\/tuotteet\\\/\"},{\"@type\":\"ListItem\",\"position\":3,\"name\":\"HP 126A \\\/ CE314A -kuvarumpu, alkuper\u00e4inen\"}]},{\"@type\":\"WebSite\",\"@id\":\"https:\\\/\\\/nettiseitti.fi\\\/showroom\\\/#website\",\"url\":\"https:\\\/\\\/nettiseitti.fi\\\/showroom\\\/\",\"name\":\"NettiSeitti\",\"description\":\"\",\"publisher\":{\"@id\":\"https:\\\/\\\/nettiseitti.fi\\\/showroom\\\/#organization\"},\"potentialAction\":[{\"@type\":\"SearchAction\",\"target\":{\"@type\":\"EntryPoint\",\"urlTemplate\":\"https:\\\/\\\/nettiseitti.fi\\\/showroom\\\/?s={search_term_string}\"},\"query-input\":{\"@type\":\"PropertyValueSpecification\",\"valueRequired\":true,\"valueName\":\"search_term_string\"}}],\"inLanguage\":\"fi\"},{\"@type\":\"Organization\",\"@id\":\"https:\\\/\\\/nettiseitti.fi\\\/showroom\\\/#organization\",\"name\":\"NettiSeitti\",\"url\":\"https:\\\/\\\/nettiseitti.fi\\\/showroom\\\/\",\"logo\":{\"@type\":\"ImageObject\",\"inLanguage\":\"fi\",\"@id\":\"https:\\\/\\\/nettiseitti.fi\\\/showroom\\\/#\\\/schema\\\/logo\\\/image\\\/\",\"url\":\"https:\\\/\\\/nettiseitti.fi\\\/showroom\\\/wp-content\\\/uploads\\\/2024\\\/03\\\/nettiseitti_lapinakyva_tausta.png\",\"contentUrl\":\"https:\\\/\\\/nettiseitti.fi\\\/showroom\\\/wp-content\\\/uploads\\\/2024\\\/03\\\/nettiseitti_lapinakyva_tausta.png\",\"width\":2176,\"height\":741,\"caption\":\"NettiSeitti\"},\"image\":{\"@id\":\"https:\\\/\\\/nettiseitti.fi\\\/showroom\\\/#\\\/schema\\\/logo\\\/image\\\/\"}}]}<\/script>\n<!-- \/ Yoast SEO plugin. -->","yoast_head_json":{"title":"HP 126A \/ CE314A -kuvarumpu, alkuper\u00e4inen - NettiSeitti","description":"Yhteensopiva mm. HP Color LaserJet Pro MFP M176, MFP M177, LaserJet Pro MFP M175, TopShot LaserJet Pro M275. Pirkanmaa, Satakunta, Etel\u00e4-Pohjanmaa, Tampere.","robots":{"index":"index","follow":"follow","max-snippet":"max-snippet:-1","max-image-preview":"max-image-preview:large","max-video-preview":"max-video-preview:-1"},"canonical":"https:\/\/nettiseitti.fi\/showroom\/tuote\/hp-126a-ce314a-kuvarumpu-alkuperainen\/","og_locale":"fi_FI","og_type":"article","og_title":"HP 126A \/ CE314A -kuvarumpu, alkuper\u00e4inen - NettiSeitti","og_description":"Yhteensopiva mm. HP Color LaserJet Pro MFP M176, MFP M177, LaserJet Pro MFP M175, TopShot LaserJet Pro M275. Pirkanmaa, Satakunta, Etel\u00e4-Pohjanmaa, Tampere.","og_url":"https:\/\/nettiseitti.fi\/showroom\/tuote\/hp-126a-ce314a-kuvarumpu-alkuperainen\/","og_site_name":"NettiSeitti","article_modified_time":"2024-05-28T09:29:50+00:00","og_image":[{"width":937,"height":686,"url":"https:\/\/nettiseitti.fi\/showroom\/wp-content\/uploads\/2024\/05\/kuvarumpu_126a.jpg","type":"image\/jpeg"}],"twitter_card":"summary_large_image","twitter_misc":{"Arvioitu lukuaika":"1 minuutti"},"schema":{"@context":"https:\/\/schema.org","@graph":[{"@type":"WebPage","@id":"https:\/\/nettiseitti.fi\/showroom\/tuote\/hp-126a-ce314a-kuvarumpu-alkuperainen\/","url":"https:\/\/nettiseitti.fi\/showroom\/tuote\/hp-126a-ce314a-kuvarumpu-alkuperainen\/","name":"HP 126A \/ CE314A -kuvarumpu, alkuper\u00e4inen - NettiSeitti","isPartOf":{"@id":"https:\/\/nettiseitti.fi\/showroom\/#website"},"primaryImageOfPage":{"@id":"https:\/\/nettiseitti.fi\/showroom\/tuote\/hp-126a-ce314a-kuvarumpu-alkuperainen\/#primaryimage"},"image":{"@id":"https:\/\/nettiseitti.fi\/showroom\/tuote\/hp-126a-ce314a-kuvarumpu-alkuperainen\/#primaryimage"},"thumbnailUrl":"https:\/\/nettiseitti.fi\/showroom\/wp-content\/uploads\/2024\/05\/kuvarumpu_126a.jpg","datePublished":"2024-05-26T18:07:41+00:00","dateModified":"2024-05-28T09:29:50+00:00","description":"Yhteensopiva mm. HP Color LaserJet Pro MFP M176, MFP M177, LaserJet Pro MFP M175, TopShot LaserJet Pro M275. Pirkanmaa, Satakunta, Etel\u00e4-Pohjanmaa, Tampere.","breadcrumb":{"@id":"https:\/\/nettiseitti.fi\/showroom\/tuote\/hp-126a-ce314a-kuvarumpu-alkuperainen\/#breadcrumb"},"inLanguage":"fi","potentialAction":[{"@type":"ReadAction","target":["https:\/\/nettiseitti.fi\/showroom\/tuote\/hp-126a-ce314a-kuvarumpu-alkuperainen\/"]}]},{"@type":"ImageObject","inLanguage":"fi","@id":"https:\/\/nettiseitti.fi\/showroom\/tuote\/hp-126a-ce314a-kuvarumpu-alkuperainen\/#primaryimage","url":"https:\/\/nettiseitti.fi\/showroom\/wp-content\/uploads\/2024\/05\/kuvarumpu_126a.jpg","contentUrl":"https:\/\/nettiseitti.fi\/showroom\/wp-content\/uploads\/2024\/05\/kuvarumpu_126a.jpg","width":937,"height":686},{"@type":"BreadcrumbList","@id":"https:\/\/nettiseitti.fi\/showroom\/tuote\/hp-126a-ce314a-kuvarumpu-alkuperainen\/#breadcrumb","itemListElement":[{"@type":"ListItem","position":1,"name":"Etusivu","item":"https:\/\/nettiseitti.fi\/showroom\/"},{"@type":"ListItem","position":2,"name":"Tuotteet","item":"https:\/\/nettiseitti.fi\/showroom\/tuotteet\/"},{"@type":"ListItem","position":3,"name":"HP 126A \/ CE314A -kuvarumpu, alkuper\u00e4inen"}]},{"@type":"WebSite","@id":"https:\/\/nettiseitti.fi\/showroom\/#website","url":"https:\/\/nettiseitti.fi\/showroom\/","name":"NettiSeitti","description":"","publisher":{"@id":"https:\/\/nettiseitti.fi\/showroom\/#organization"},"potentialAction":[{"@type":"SearchAction","target":{"@type":"EntryPoint","urlTemplate":"https:\/\/nettiseitti.fi\/showroom\/?s={search_term_string}"},"query-input":{"@type":"PropertyValueSpecification","valueRequired":true,"valueName":"search_term_string"}}],"inLanguage":"fi"},{"@type":"Organization","@id":"https:\/\/nettiseitti.fi\/showroom\/#organization","name":"NettiSeitti","url":"https:\/\/nettiseitti.fi\/showroom\/","logo":{"@type":"ImageObject","inLanguage":"fi","@id":"https:\/\/nettiseitti.fi\/showroom\/#\/schema\/logo\/image\/","url":"https:\/\/nettiseitti.fi\/showroom\/wp-content\/uploads\/2024\/03\/nettiseitti_lapinakyva_tausta.png","contentUrl":"https:\/\/nettiseitti.fi\/showroom\/wp-content\/uploads\/2024\/03\/nettiseitti_lapinakyva_tausta.png","width":2176,"height":741,"caption":"NettiSeitti"},"image":{"@id":"https:\/\/nettiseitti.fi\/showroom\/#\/schema\/logo\/image\/"}}]}},"_links":{"self":[{"href":"https:\/\/nettiseitti.fi\/showroom\/wp-json\/wp\/v2\/product\/13286","targetHints":{"allow":["GET"]}}],"collection":[{"href":"https:\/\/nettiseitti.fi\/showroom\/wp-json\/wp\/v2\/product"}],"about":[{"href":"https:\/\/nettiseitti.fi\/showroom\/wp-json\/wp\/v2\/types\/product"}],"wp:featuredmedia":[{"embeddable":true,"href":"https:\/\/nettiseitti.fi\/showroom\/wp-json\/wp\/v2\/media\/13287"}],"wp:attachment":[{"href":"https:\/\/nettiseitti.fi\/showroom\/wp-json\/wp\/v2\/media?parent=13286"}],"wp:term":[{"taxonomy":"product_brand","embeddable":true,"href":"https:\/\/nettiseitti.fi\/showroom\/wp-json\/wp\/v2\/product_brand?post=13286"},{"taxonomy":"product_cat","embeddable":true,"href":"https:\/\/nettiseitti.fi\/showroom\/wp-json\/wp\/v2\/product_cat?post=13286"},{"taxonomy":"product_tag","embeddable":true,"href":"https:\/\/nettiseitti.fi\/showroom\/wp-json\/wp\/v2\/product_tag?post=13286"}],"curies":[{"name":"wp","href":"https:\/\/api.w.org\/{rel}","templated":true}]}}