{"id":13317,"date":"2024-05-28T15:43:12","date_gmt":"2024-05-28T12:43:12","guid":{"rendered":"https:\/\/nettiseitti.fi\/showroom\/?post_type=product&#038;p=13317"},"modified":"2024-05-28T15:43:13","modified_gmt":"2024-05-28T12:43:13","slug":"samsung-clt-m404s-m404s-alkuperainen-varikasetti-punainen-magenta","status":"publish","type":"product","link":"https:\/\/nettiseitti.fi\/showroom\/tuote\/samsung-clt-m404s-m404s-alkuperainen-varikasetti-punainen-magenta\/","title":{"rendered":"Samsung CLT-M404S \/ M404S -alkuper\u00e4inen v\u00e4rikasetti, punainen \/ Magenta"},"content":{"rendered":"<p>Alkuper\u00e4inen Samsung CLT-M404S \/ M404S -v\u00e4rikasetti Samsung lasertulostimille.<\/p>\n<p>Yhteensopivuus:<\/p>\n<ul>\n<li>Samsung CLP-362, CLP-363, CLP-364, CLX-3302, CLX-3303, CLX-3303FW, CLX-3304, CLX-3307FW, CLX-3307W, Xpress SL-C412W, SL-C413W, SL-C417W, SL-C430, SL-C430W, SL-C432, SL-C432W, SL-C433, SL-C433W, SL-C462FW, SL-C462W, SL-C463FW, SL-C463W, SL-C467FW, SL-C467W, SL-C480, SL-C480FN, SL-C480FW, SL-C480W, SL-C482, SL-C482FW, SL-C482W, SL-C483, SL-C483FW, SL-C483W<\/li>\n<li>Tulostuskapasiteetti: n. 1000 sivua<\/li>\n<li>Tulostusv\u00e4ri: sininen \/ Cyan<\/li>\n<\/ul>\n<p>Kauttamme my\u00f6s muut alkuper\u00e4iset ja tarvikev\u00e4rikasetit, ota yhteytt\u00e4 !<\/p>\n<p>Kysy ajantasainen hinnasto ja lis\u00e4tietoja ottamalla meihin yhteytt\u00e4.<br \/>\nMy\u00f6s toimitus mahdollista riippuen tilatuista tuotteista.<\/p>\n<p>Ota yhteytt\u00e4:<br \/>\nPuh. <a href=\"tel:0401523801\">040 1523801<\/a><br \/>\nS\u00e4hk\u00f6posti: myynti [at] nettiseitti.fi<\/p>\n<p><img decoding=\"async\" class=\"alignnone  wp-image-12074\" src=\"https:\/\/nettiseitti.fi\/showroom\/wp-content\/uploads\/2024\/03\/hp-300x148.png\" alt=\"\" width=\"146\" height=\"72\" srcset=\"https:\/\/nettiseitti.fi\/showroom\/wp-content\/uploads\/2024\/03\/hp-300x148.png 300w, https:\/\/nettiseitti.fi\/showroom\/wp-content\/uploads\/2024\/03\/hp-600x295.png 600w, https:\/\/nettiseitti.fi\/showroom\/wp-content\/uploads\/2024\/03\/hp.png 638w\" sizes=\"(max-width: 146px) 100vw, 146px\" \/><\/p>\n","protected":false},"excerpt":{"rendered":"<p>Yhteensopiva mm. CLP-362, CLP-363, CLP-364, CLX-3302, CLX-3303, CLX-3303FW, CLX-3304, CLX-3307FW, CLX-3307W, Xpress SL-C412W, SL-C413W, SL-C417W, SL-C430.<\/p>\n","protected":false},"featured_media":13318,"template":"","meta":{"neve_meta_sidebar":"","neve_meta_container":"","neve_meta_enable_content_width":"off","neve_meta_content_width":100,"neve_meta_title_alignment":"","neve_meta_author_avatar":"","neve_post_elements_order":"","neve_meta_disable_header":"","neve_meta_disable_footer":"","neve_meta_disable_title":""},"product_brand":[],"product_cat":[550],"product_tag":[450,451,100,107,459,106,457,327,446,448,449,453,447,108,105,149,455,445,456,98,101,104,454,96,99,97,103,80,102,136,458,452],"class_list":{"0":"post-13317","1":"product","2":"type-product","3":"status-publish","4":"has-post-thumbnail","6":"product_cat-varikasetit","7":"product_tag-ahtari","8":"product_tag-alavus","9":"product_tag-etela-pohjanmaa","10":"product_tag-etela-suomi","11":"product_tag-hameenlinna","12":"product_tag-huittinen","13":"product_tag-ikaalinen","14":"product_tag-jalasjarvi","15":"product_tag-kankaanpaa","16":"product_tag-karvia","17":"product_tag-kauhajoki","18":"product_tag-kauhava","19":"product_tag-kihnio","20":"product_tag-lansi-suomi","21":"product_tag-lapua","22":"product_tag-lasertulostin","23":"product_tag-lempaala","24":"product_tag-nokia","25":"product_tag-parkano","26":"product_tag-pirkanmaa","27":"product_tag-pohjanmaa","28":"product_tag-pori","29":"product_tag-rauma","30":"product_tag-sastamala","31":"product_tag-satakunta","32":"product_tag-seinajoki","33":"product_tag-tampere","34":"product_tag-tulostin","35":"product_tag-vaasa","36":"product_tag-varikasetti","37":"product_tag-virrat","38":"product_tag-ylojarvi","40":"first","41":"instock","42":"shipping-taxable","43":"product-type-simple"},"yoast_head":"<!-- This site is optimized with the Yoast SEO plugin v27.4 - https:\/\/yoast.com\/product\/yoast-seo-wordpress\/ -->\n<title>Samsung CLT-M404S \/ M404S -alkuper\u00e4inen v\u00e4rikasetti, punainen \/ Magenta - NettiSeitti<\/title>\n<meta name=\"description\" content=\"Yhteensopiva mm. CLP-362, CLP-363, CLP-364, CLX-3302, CLX-3303, CLX-3303FW, CLX-3304, CLX-3307FW, CLX-3307W, Xpress SL-C412W, SL-C413W, SL-C417W, SL-C430.\" \/>\n<meta name=\"robots\" content=\"index, follow, max-snippet:-1, max-image-preview:large, max-video-preview:-1\" \/>\n<link rel=\"canonical\" href=\"https:\/\/nettiseitti.fi\/showroom\/tuote\/samsung-clt-m404s-m404s-alkuperainen-varikasetti-punainen-magenta\/\" \/>\n<meta property=\"og:locale\" content=\"fi_FI\" \/>\n<meta property=\"og:type\" content=\"article\" \/>\n<meta property=\"og:title\" content=\"Samsung CLT-M404S \/ M404S -alkuper\u00e4inen v\u00e4rikasetti, punainen \/ Magenta - NettiSeitti\" \/>\n<meta property=\"og:description\" content=\"Yhteensopiva mm. CLP-362, CLP-363, CLP-364, CLX-3302, CLX-3303, CLX-3303FW, CLX-3304, CLX-3307FW, CLX-3307W, Xpress SL-C412W, SL-C413W, SL-C417W, SL-C430.\" \/>\n<meta property=\"og:url\" content=\"https:\/\/nettiseitti.fi\/showroom\/tuote\/samsung-clt-m404s-m404s-alkuperainen-varikasetti-punainen-magenta\/\" \/>\n<meta property=\"og:site_name\" content=\"NettiSeitti\" \/>\n<meta property=\"article:modified_time\" content=\"2024-05-28T12:43:13+00:00\" \/>\n<meta property=\"og:image\" content=\"https:\/\/nettiseitti.fi\/showroom\/wp-content\/uploads\/2024\/05\/m404s.jpg\" \/>\n\t<meta property=\"og:image:width\" content=\"538\" \/>\n\t<meta property=\"og:image:height\" content=\"463\" \/>\n\t<meta property=\"og:image:type\" content=\"image\/jpeg\" \/>\n<meta name=\"twitter:card\" content=\"summary_large_image\" \/>\n<meta name=\"twitter:label1\" content=\"Arvioitu lukuaika\" \/>\n\t<meta name=\"twitter:data1\" content=\"1 minuutti\" \/>\n<script type=\"application\/ld+json\" class=\"yoast-schema-graph\">{\"@context\":\"https:\\\/\\\/schema.org\",\"@graph\":[{\"@type\":\"WebPage\",\"@id\":\"https:\\\/\\\/nettiseitti.fi\\\/showroom\\\/tuote\\\/samsung-clt-m404s-m404s-alkuperainen-varikasetti-punainen-magenta\\\/\",\"url\":\"https:\\\/\\\/nettiseitti.fi\\\/showroom\\\/tuote\\\/samsung-clt-m404s-m404s-alkuperainen-varikasetti-punainen-magenta\\\/\",\"name\":\"Samsung CLT-M404S \\\/ M404S -alkuper\u00e4inen v\u00e4rikasetti, punainen \\\/ Magenta - NettiSeitti\",\"isPartOf\":{\"@id\":\"https:\\\/\\\/nettiseitti.fi\\\/showroom\\\/#website\"},\"primaryImageOfPage\":{\"@id\":\"https:\\\/\\\/nettiseitti.fi\\\/showroom\\\/tuote\\\/samsung-clt-m404s-m404s-alkuperainen-varikasetti-punainen-magenta\\\/#primaryimage\"},\"image\":{\"@id\":\"https:\\\/\\\/nettiseitti.fi\\\/showroom\\\/tuote\\\/samsung-clt-m404s-m404s-alkuperainen-varikasetti-punainen-magenta\\\/#primaryimage\"},\"thumbnailUrl\":\"https:\\\/\\\/nettiseitti.fi\\\/showroom\\\/wp-content\\\/uploads\\\/2024\\\/05\\\/m404s.jpg\",\"datePublished\":\"2024-05-28T12:43:12+00:00\",\"dateModified\":\"2024-05-28T12:43:13+00:00\",\"description\":\"Yhteensopiva mm. CLP-362, CLP-363, CLP-364, CLX-3302, CLX-3303, CLX-3303FW, CLX-3304, CLX-3307FW, CLX-3307W, Xpress SL-C412W, SL-C413W, SL-C417W, SL-C430.\",\"breadcrumb\":{\"@id\":\"https:\\\/\\\/nettiseitti.fi\\\/showroom\\\/tuote\\\/samsung-clt-m404s-m404s-alkuperainen-varikasetti-punainen-magenta\\\/#breadcrumb\"},\"inLanguage\":\"fi\",\"potentialAction\":[{\"@type\":\"ReadAction\",\"target\":[\"https:\\\/\\\/nettiseitti.fi\\\/showroom\\\/tuote\\\/samsung-clt-m404s-m404s-alkuperainen-varikasetti-punainen-magenta\\\/\"]}]},{\"@type\":\"ImageObject\",\"inLanguage\":\"fi\",\"@id\":\"https:\\\/\\\/nettiseitti.fi\\\/showroom\\\/tuote\\\/samsung-clt-m404s-m404s-alkuperainen-varikasetti-punainen-magenta\\\/#primaryimage\",\"url\":\"https:\\\/\\\/nettiseitti.fi\\\/showroom\\\/wp-content\\\/uploads\\\/2024\\\/05\\\/m404s.jpg\",\"contentUrl\":\"https:\\\/\\\/nettiseitti.fi\\\/showroom\\\/wp-content\\\/uploads\\\/2024\\\/05\\\/m404s.jpg\",\"width\":538,\"height\":463},{\"@type\":\"BreadcrumbList\",\"@id\":\"https:\\\/\\\/nettiseitti.fi\\\/showroom\\\/tuote\\\/samsung-clt-m404s-m404s-alkuperainen-varikasetti-punainen-magenta\\\/#breadcrumb\",\"itemListElement\":[{\"@type\":\"ListItem\",\"position\":1,\"name\":\"Etusivu\",\"item\":\"https:\\\/\\\/nettiseitti.fi\\\/showroom\\\/\"},{\"@type\":\"ListItem\",\"position\":2,\"name\":\"Tuotteet\",\"item\":\"https:\\\/\\\/nettiseitti.fi\\\/showroom\\\/tuotteet\\\/\"},{\"@type\":\"ListItem\",\"position\":3,\"name\":\"Samsung CLT-M404S \\\/ M404S -alkuper\u00e4inen v\u00e4rikasetti, punainen \\\/ Magenta\"}]},{\"@type\":\"WebSite\",\"@id\":\"https:\\\/\\\/nettiseitti.fi\\\/showroom\\\/#website\",\"url\":\"https:\\\/\\\/nettiseitti.fi\\\/showroom\\\/\",\"name\":\"NettiSeitti\",\"description\":\"\",\"publisher\":{\"@id\":\"https:\\\/\\\/nettiseitti.fi\\\/showroom\\\/#organization\"},\"potentialAction\":[{\"@type\":\"SearchAction\",\"target\":{\"@type\":\"EntryPoint\",\"urlTemplate\":\"https:\\\/\\\/nettiseitti.fi\\\/showroom\\\/?s={search_term_string}\"},\"query-input\":{\"@type\":\"PropertyValueSpecification\",\"valueRequired\":true,\"valueName\":\"search_term_string\"}}],\"inLanguage\":\"fi\"},{\"@type\":\"Organization\",\"@id\":\"https:\\\/\\\/nettiseitti.fi\\\/showroom\\\/#organization\",\"name\":\"NettiSeitti\",\"url\":\"https:\\\/\\\/nettiseitti.fi\\\/showroom\\\/\",\"logo\":{\"@type\":\"ImageObject\",\"inLanguage\":\"fi\",\"@id\":\"https:\\\/\\\/nettiseitti.fi\\\/showroom\\\/#\\\/schema\\\/logo\\\/image\\\/\",\"url\":\"https:\\\/\\\/nettiseitti.fi\\\/showroom\\\/wp-content\\\/uploads\\\/2024\\\/03\\\/nettiseitti_lapinakyva_tausta.png\",\"contentUrl\":\"https:\\\/\\\/nettiseitti.fi\\\/showroom\\\/wp-content\\\/uploads\\\/2024\\\/03\\\/nettiseitti_lapinakyva_tausta.png\",\"width\":2176,\"height\":741,\"caption\":\"NettiSeitti\"},\"image\":{\"@id\":\"https:\\\/\\\/nettiseitti.fi\\\/showroom\\\/#\\\/schema\\\/logo\\\/image\\\/\"}}]}<\/script>\n<!-- \/ Yoast SEO plugin. -->","yoast_head_json":{"title":"Samsung CLT-M404S \/ M404S -alkuper\u00e4inen v\u00e4rikasetti, punainen \/ Magenta - NettiSeitti","description":"Yhteensopiva mm. CLP-362, CLP-363, CLP-364, CLX-3302, CLX-3303, CLX-3303FW, CLX-3304, CLX-3307FW, CLX-3307W, Xpress SL-C412W, SL-C413W, SL-C417W, SL-C430.","robots":{"index":"index","follow":"follow","max-snippet":"max-snippet:-1","max-image-preview":"max-image-preview:large","max-video-preview":"max-video-preview:-1"},"canonical":"https:\/\/nettiseitti.fi\/showroom\/tuote\/samsung-clt-m404s-m404s-alkuperainen-varikasetti-punainen-magenta\/","og_locale":"fi_FI","og_type":"article","og_title":"Samsung CLT-M404S \/ M404S -alkuper\u00e4inen v\u00e4rikasetti, punainen \/ Magenta - NettiSeitti","og_description":"Yhteensopiva mm. CLP-362, CLP-363, CLP-364, CLX-3302, CLX-3303, CLX-3303FW, CLX-3304, CLX-3307FW, CLX-3307W, Xpress SL-C412W, SL-C413W, SL-C417W, SL-C430.","og_url":"https:\/\/nettiseitti.fi\/showroom\/tuote\/samsung-clt-m404s-m404s-alkuperainen-varikasetti-punainen-magenta\/","og_site_name":"NettiSeitti","article_modified_time":"2024-05-28T12:43:13+00:00","og_image":[{"width":538,"height":463,"url":"https:\/\/nettiseitti.fi\/showroom\/wp-content\/uploads\/2024\/05\/m404s.jpg","type":"image\/jpeg"}],"twitter_card":"summary_large_image","twitter_misc":{"Arvioitu lukuaika":"1 minuutti"},"schema":{"@context":"https:\/\/schema.org","@graph":[{"@type":"WebPage","@id":"https:\/\/nettiseitti.fi\/showroom\/tuote\/samsung-clt-m404s-m404s-alkuperainen-varikasetti-punainen-magenta\/","url":"https:\/\/nettiseitti.fi\/showroom\/tuote\/samsung-clt-m404s-m404s-alkuperainen-varikasetti-punainen-magenta\/","name":"Samsung CLT-M404S \/ M404S -alkuper\u00e4inen v\u00e4rikasetti, punainen \/ Magenta - NettiSeitti","isPartOf":{"@id":"https:\/\/nettiseitti.fi\/showroom\/#website"},"primaryImageOfPage":{"@id":"https:\/\/nettiseitti.fi\/showroom\/tuote\/samsung-clt-m404s-m404s-alkuperainen-varikasetti-punainen-magenta\/#primaryimage"},"image":{"@id":"https:\/\/nettiseitti.fi\/showroom\/tuote\/samsung-clt-m404s-m404s-alkuperainen-varikasetti-punainen-magenta\/#primaryimage"},"thumbnailUrl":"https:\/\/nettiseitti.fi\/showroom\/wp-content\/uploads\/2024\/05\/m404s.jpg","datePublished":"2024-05-28T12:43:12+00:00","dateModified":"2024-05-28T12:43:13+00:00","description":"Yhteensopiva mm. CLP-362, CLP-363, CLP-364, CLX-3302, CLX-3303, CLX-3303FW, CLX-3304, CLX-3307FW, CLX-3307W, Xpress SL-C412W, SL-C413W, SL-C417W, SL-C430.","breadcrumb":{"@id":"https:\/\/nettiseitti.fi\/showroom\/tuote\/samsung-clt-m404s-m404s-alkuperainen-varikasetti-punainen-magenta\/#breadcrumb"},"inLanguage":"fi","potentialAction":[{"@type":"ReadAction","target":["https:\/\/nettiseitti.fi\/showroom\/tuote\/samsung-clt-m404s-m404s-alkuperainen-varikasetti-punainen-magenta\/"]}]},{"@type":"ImageObject","inLanguage":"fi","@id":"https:\/\/nettiseitti.fi\/showroom\/tuote\/samsung-clt-m404s-m404s-alkuperainen-varikasetti-punainen-magenta\/#primaryimage","url":"https:\/\/nettiseitti.fi\/showroom\/wp-content\/uploads\/2024\/05\/m404s.jpg","contentUrl":"https:\/\/nettiseitti.fi\/showroom\/wp-content\/uploads\/2024\/05\/m404s.jpg","width":538,"height":463},{"@type":"BreadcrumbList","@id":"https:\/\/nettiseitti.fi\/showroom\/tuote\/samsung-clt-m404s-m404s-alkuperainen-varikasetti-punainen-magenta\/#breadcrumb","itemListElement":[{"@type":"ListItem","position":1,"name":"Etusivu","item":"https:\/\/nettiseitti.fi\/showroom\/"},{"@type":"ListItem","position":2,"name":"Tuotteet","item":"https:\/\/nettiseitti.fi\/showroom\/tuotteet\/"},{"@type":"ListItem","position":3,"name":"Samsung CLT-M404S \/ M404S -alkuper\u00e4inen v\u00e4rikasetti, punainen \/ Magenta"}]},{"@type":"WebSite","@id":"https:\/\/nettiseitti.fi\/showroom\/#website","url":"https:\/\/nettiseitti.fi\/showroom\/","name":"NettiSeitti","description":"","publisher":{"@id":"https:\/\/nettiseitti.fi\/showroom\/#organization"},"potentialAction":[{"@type":"SearchAction","target":{"@type":"EntryPoint","urlTemplate":"https:\/\/nettiseitti.fi\/showroom\/?s={search_term_string}"},"query-input":{"@type":"PropertyValueSpecification","valueRequired":true,"valueName":"search_term_string"}}],"inLanguage":"fi"},{"@type":"Organization","@id":"https:\/\/nettiseitti.fi\/showroom\/#organization","name":"NettiSeitti","url":"https:\/\/nettiseitti.fi\/showroom\/","logo":{"@type":"ImageObject","inLanguage":"fi","@id":"https:\/\/nettiseitti.fi\/showroom\/#\/schema\/logo\/image\/","url":"https:\/\/nettiseitti.fi\/showroom\/wp-content\/uploads\/2024\/03\/nettiseitti_lapinakyva_tausta.png","contentUrl":"https:\/\/nettiseitti.fi\/showroom\/wp-content\/uploads\/2024\/03\/nettiseitti_lapinakyva_tausta.png","width":2176,"height":741,"caption":"NettiSeitti"},"image":{"@id":"https:\/\/nettiseitti.fi\/showroom\/#\/schema\/logo\/image\/"}}]}},"_links":{"self":[{"href":"https:\/\/nettiseitti.fi\/showroom\/wp-json\/wp\/v2\/product\/13317","targetHints":{"allow":["GET"]}}],"collection":[{"href":"https:\/\/nettiseitti.fi\/showroom\/wp-json\/wp\/v2\/product"}],"about":[{"href":"https:\/\/nettiseitti.fi\/showroom\/wp-json\/wp\/v2\/types\/product"}],"wp:featuredmedia":[{"embeddable":true,"href":"https:\/\/nettiseitti.fi\/showroom\/wp-json\/wp\/v2\/media\/13318"}],"wp:attachment":[{"href":"https:\/\/nettiseitti.fi\/showroom\/wp-json\/wp\/v2\/media?parent=13317"}],"wp:term":[{"taxonomy":"product_brand","embeddable":true,"href":"https:\/\/nettiseitti.fi\/showroom\/wp-json\/wp\/v2\/product_brand?post=13317"},{"taxonomy":"product_cat","embeddable":true,"href":"https:\/\/nettiseitti.fi\/showroom\/wp-json\/wp\/v2\/product_cat?post=13317"},{"taxonomy":"product_tag","embeddable":true,"href":"https:\/\/nettiseitti.fi\/showroom\/wp-json\/wp\/v2\/product_tag?post=13317"}],"curies":[{"name":"wp","href":"https:\/\/api.w.org\/{rel}","templated":true}]}}