{"id":13342,"date":"2024-05-30T20:41:31","date_gmt":"2024-05-30T17:41:31","guid":{"rendered":"https:\/\/nettiseitti.fi\/showroom\/?post_type=product&#038;p=13342"},"modified":"2024-10-01T19:43:35","modified_gmt":"2024-10-01T16:43:35","slug":"elektroniikan-myynti-huolto-asennus-varaosat","status":"publish","type":"product","link":"https:\/\/nettiseitti.fi\/showroom\/tuote\/elektroniikan-myynti-huolto-asennus-varaosat\/","title":{"rendered":"Elektroniikkahuolto ja elektroniikan myynti \/ huolto \/ asennus \/ varaosat"},"content":{"rendered":"<p>Elektroniikan laitteiden myynti, huolto ja asennus.<\/p>\n<p>Kauttamme my\u00f6s laaja varaosavalikoima akuista komponentteihin ja muihin osiin, kysy tarvitsemaasi osaa.<br \/>\nTavarantoimittajiimme kuuluvat elektroniikan suurimmat toimittajat, joten valikoima on kattava.<\/p>\n<p>My\u00f6s varaosia ja laitteita teollisuuteen.<\/p>\n<p>Esim.<\/p>\n<ul>\n<li>Dronehuolto<\/li>\n<li>Pienelektroniikan huolto<\/li>\n<li>Tulostinhuolto, tietokonehuolto yms.<\/li>\n<li>TV-, radio-, audiolaitteet<\/li>\n<li>\u00c4lykotij\u00e4rjestelm\u00e4t<\/li>\n<li>Virtal\u00e4hteet, suojaerotusmuuntajat, elektroniikan komponentit ja osat<\/li>\n<li>Antennit, UHF, VHF, ULA, DAB, 4G\/5G, GPS, elektroniikan 2,4GHz antennit<\/li>\n<li>Olemme Tukesin hyv\u00e4ksym\u00e4 s\u00e4hk\u00f6laitekorjaamo, voit tarkistaa hyv\u00e4ksytyt korjaamot Tukesin toiminnanharjoittajarekisterist\u00e4 (Micmedi Oy)<\/li>\n<li>Elektroniikkahuolto alk. 50\u20ac \/ tunti (sis. alv 25,5%).<\/li>\n<\/ul>\n<p>Voimme tarvittaessa noutaa laitteet huoltoon Etel\u00e4- ja L\u00e4nsi-Suomen alueilta,<br \/>\nmatkakustannukset sopimuksen mukaan.<\/p>\n<p>Ota yhteytt\u00e4:<br \/>\nPuh. <a href=\"tel:0401523801\">040 1523801<\/a><br \/>\nS\u00e4hk\u00f6posti: myynti [at] nettiseitti.fi<\/p>\n","protected":false},"excerpt":{"rendered":"<p>Elektroniikan myynti-, huolto- ja asennuspalvelut sek\u00e4 laaja elektroniikan varaosavalikoima.<\/p>\n","protected":false},"featured_media":13343,"template":"","meta":{"neve_meta_sidebar":"","neve_meta_container":"","neve_meta_enable_content_width":"off","neve_meta_content_width":100,"neve_meta_title_alignment":"","neve_meta_author_avatar":"","neve_post_elements_order":"","neve_meta_disable_header":"","neve_meta_disable_footer":"","neve_meta_disable_title":""},"product_brand":[],"product_cat":[63],"product_tag":[450,451,92,254,100,107,459,106,200,457,327,446,448,449,453,447,108,105,455,445,456,98,101,104,454,96,99,97,103,102,458,137,452],"class_list":{"0":"post-13342","1":"product","2":"type-product","3":"status-publish","4":"has-post-thumbnail","6":"product_cat-palvelut","7":"product_tag-ahtari","8":"product_tag-alavus","9":"product_tag-asennus","10":"product_tag-elektroniikka","11":"product_tag-etela-pohjanmaa","12":"product_tag-etela-suomi","13":"product_tag-hameenlinna","14":"product_tag-huittinen","15":"product_tag-huolto","16":"product_tag-ikaalinen","17":"product_tag-jalasjarvi","18":"product_tag-kankaanpaa","19":"product_tag-karvia","20":"product_tag-kauhajoki","21":"product_tag-kauhava","22":"product_tag-kihnio","23":"product_tag-lansi-suomi","24":"product_tag-lapua","25":"product_tag-lempaala","26":"product_tag-nokia","27":"product_tag-parkano","28":"product_tag-pirkanmaa","29":"product_tag-pohjanmaa","30":"product_tag-pori","31":"product_tag-rauma","32":"product_tag-sastamala","33":"product_tag-satakunta","34":"product_tag-seinajoki","35":"product_tag-tampere","36":"product_tag-vaasa","37":"product_tag-virrat","38":"product_tag-virtalahde","39":"product_tag-ylojarvi","41":"first","42":"instock","43":"shipping-taxable","44":"product-type-simple"},"yoast_head":"<!-- This site is optimized with the Yoast SEO plugin v27.4 - https:\/\/yoast.com\/product\/yoast-seo-wordpress\/ -->\n<title>Elektroniikkahuolto ja elektroniikan myynti \/ huolto \/ asennus \/ varaosat - NettiSeitti<\/title>\n<meta name=\"description\" content=\"Elektroniikan myynti-, huolto- ja asennuspalvelut sek\u00e4 laaja elektroniikan varaosavalikoima. Pirkanmaa, Satakunta, Etel\u00e4-Pohjanmaa, Pohjanmaa, Sein\u00e4joki.\" \/>\n<meta name=\"robots\" content=\"index, follow, max-snippet:-1, max-image-preview:large, max-video-preview:-1\" \/>\n<link rel=\"canonical\" href=\"https:\/\/nettiseitti.fi\/showroom\/tuote\/elektroniikan-myynti-huolto-asennus-varaosat\/\" \/>\n<meta property=\"og:locale\" content=\"fi_FI\" \/>\n<meta property=\"og:type\" content=\"article\" \/>\n<meta property=\"og:title\" content=\"Elektroniikkahuolto ja elektroniikan myynti \/ huolto \/ asennus \/ varaosat - NettiSeitti\" \/>\n<meta property=\"og:description\" content=\"Elektroniikan myynti-, huolto- ja asennuspalvelut sek\u00e4 laaja elektroniikan varaosavalikoima. Pirkanmaa, Satakunta, Etel\u00e4-Pohjanmaa, Pohjanmaa, Sein\u00e4joki.\" \/>\n<meta property=\"og:url\" content=\"https:\/\/nettiseitti.fi\/showroom\/tuote\/elektroniikan-myynti-huolto-asennus-varaosat\/\" \/>\n<meta property=\"og:site_name\" content=\"NettiSeitti\" \/>\n<meta property=\"article:modified_time\" content=\"2024-10-01T16:43:35+00:00\" \/>\n<meta property=\"og:image\" content=\"https:\/\/nettiseitti.fi\/showroom\/wp-content\/uploads\/2024\/05\/elektroniikka.jpg\" \/>\n\t<meta property=\"og:image:width\" content=\"1280\" \/>\n\t<meta property=\"og:image:height\" content=\"853\" \/>\n\t<meta property=\"og:image:type\" content=\"image\/jpeg\" \/>\n<meta name=\"twitter:card\" content=\"summary_large_image\" \/>\n<meta name=\"twitter:label1\" content=\"Arvioitu lukuaika\" \/>\n\t<meta name=\"twitter:data1\" content=\"1 minuutti\" \/>\n<script type=\"application\/ld+json\" class=\"yoast-schema-graph\">{\"@context\":\"https:\\\/\\\/schema.org\",\"@graph\":[{\"@type\":\"WebPage\",\"@id\":\"https:\\\/\\\/nettiseitti.fi\\\/showroom\\\/tuote\\\/elektroniikan-myynti-huolto-asennus-varaosat\\\/\",\"url\":\"https:\\\/\\\/nettiseitti.fi\\\/showroom\\\/tuote\\\/elektroniikan-myynti-huolto-asennus-varaosat\\\/\",\"name\":\"Elektroniikkahuolto ja elektroniikan myynti \\\/ huolto \\\/ asennus \\\/ varaosat - NettiSeitti\",\"isPartOf\":{\"@id\":\"https:\\\/\\\/nettiseitti.fi\\\/showroom\\\/#website\"},\"primaryImageOfPage\":{\"@id\":\"https:\\\/\\\/nettiseitti.fi\\\/showroom\\\/tuote\\\/elektroniikan-myynti-huolto-asennus-varaosat\\\/#primaryimage\"},\"image\":{\"@id\":\"https:\\\/\\\/nettiseitti.fi\\\/showroom\\\/tuote\\\/elektroniikan-myynti-huolto-asennus-varaosat\\\/#primaryimage\"},\"thumbnailUrl\":\"https:\\\/\\\/nettiseitti.fi\\\/showroom\\\/wp-content\\\/uploads\\\/2024\\\/05\\\/elektroniikka.jpg\",\"datePublished\":\"2024-05-30T17:41:31+00:00\",\"dateModified\":\"2024-10-01T16:43:35+00:00\",\"description\":\"Elektroniikan myynti-, huolto- ja asennuspalvelut sek\u00e4 laaja elektroniikan varaosavalikoima. Pirkanmaa, Satakunta, Etel\u00e4-Pohjanmaa, Pohjanmaa, Sein\u00e4joki.\",\"breadcrumb\":{\"@id\":\"https:\\\/\\\/nettiseitti.fi\\\/showroom\\\/tuote\\\/elektroniikan-myynti-huolto-asennus-varaosat\\\/#breadcrumb\"},\"inLanguage\":\"fi\",\"potentialAction\":[{\"@type\":\"ReadAction\",\"target\":[\"https:\\\/\\\/nettiseitti.fi\\\/showroom\\\/tuote\\\/elektroniikan-myynti-huolto-asennus-varaosat\\\/\"]}]},{\"@type\":\"ImageObject\",\"inLanguage\":\"fi\",\"@id\":\"https:\\\/\\\/nettiseitti.fi\\\/showroom\\\/tuote\\\/elektroniikan-myynti-huolto-asennus-varaosat\\\/#primaryimage\",\"url\":\"https:\\\/\\\/nettiseitti.fi\\\/showroom\\\/wp-content\\\/uploads\\\/2024\\\/05\\\/elektroniikka.jpg\",\"contentUrl\":\"https:\\\/\\\/nettiseitti.fi\\\/showroom\\\/wp-content\\\/uploads\\\/2024\\\/05\\\/elektroniikka.jpg\",\"width\":1280,\"height\":853},{\"@type\":\"BreadcrumbList\",\"@id\":\"https:\\\/\\\/nettiseitti.fi\\\/showroom\\\/tuote\\\/elektroniikan-myynti-huolto-asennus-varaosat\\\/#breadcrumb\",\"itemListElement\":[{\"@type\":\"ListItem\",\"position\":1,\"name\":\"Etusivu\",\"item\":\"https:\\\/\\\/nettiseitti.fi\\\/showroom\\\/\"},{\"@type\":\"ListItem\",\"position\":2,\"name\":\"Tuotteet\",\"item\":\"https:\\\/\\\/nettiseitti.fi\\\/showroom\\\/tuotteet\\\/\"},{\"@type\":\"ListItem\",\"position\":3,\"name\":\"Elektroniikkahuolto ja elektroniikan myynti \\\/ huolto \\\/ asennus \\\/ varaosat\"}]},{\"@type\":\"WebSite\",\"@id\":\"https:\\\/\\\/nettiseitti.fi\\\/showroom\\\/#website\",\"url\":\"https:\\\/\\\/nettiseitti.fi\\\/showroom\\\/\",\"name\":\"NettiSeitti\",\"description\":\"\",\"publisher\":{\"@id\":\"https:\\\/\\\/nettiseitti.fi\\\/showroom\\\/#organization\"},\"potentialAction\":[{\"@type\":\"SearchAction\",\"target\":{\"@type\":\"EntryPoint\",\"urlTemplate\":\"https:\\\/\\\/nettiseitti.fi\\\/showroom\\\/?s={search_term_string}\"},\"query-input\":{\"@type\":\"PropertyValueSpecification\",\"valueRequired\":true,\"valueName\":\"search_term_string\"}}],\"inLanguage\":\"fi\"},{\"@type\":\"Organization\",\"@id\":\"https:\\\/\\\/nettiseitti.fi\\\/showroom\\\/#organization\",\"name\":\"NettiSeitti\",\"url\":\"https:\\\/\\\/nettiseitti.fi\\\/showroom\\\/\",\"logo\":{\"@type\":\"ImageObject\",\"inLanguage\":\"fi\",\"@id\":\"https:\\\/\\\/nettiseitti.fi\\\/showroom\\\/#\\\/schema\\\/logo\\\/image\\\/\",\"url\":\"https:\\\/\\\/nettiseitti.fi\\\/showroom\\\/wp-content\\\/uploads\\\/2024\\\/03\\\/nettiseitti_lapinakyva_tausta.png\",\"contentUrl\":\"https:\\\/\\\/nettiseitti.fi\\\/showroom\\\/wp-content\\\/uploads\\\/2024\\\/03\\\/nettiseitti_lapinakyva_tausta.png\",\"width\":2176,\"height\":741,\"caption\":\"NettiSeitti\"},\"image\":{\"@id\":\"https:\\\/\\\/nettiseitti.fi\\\/showroom\\\/#\\\/schema\\\/logo\\\/image\\\/\"}}]}<\/script>\n<!-- \/ Yoast SEO plugin. -->","yoast_head_json":{"title":"Elektroniikkahuolto ja elektroniikan myynti \/ huolto \/ asennus \/ varaosat - NettiSeitti","description":"Elektroniikan myynti-, huolto- ja asennuspalvelut sek\u00e4 laaja elektroniikan varaosavalikoima. Pirkanmaa, Satakunta, Etel\u00e4-Pohjanmaa, Pohjanmaa, Sein\u00e4joki.","robots":{"index":"index","follow":"follow","max-snippet":"max-snippet:-1","max-image-preview":"max-image-preview:large","max-video-preview":"max-video-preview:-1"},"canonical":"https:\/\/nettiseitti.fi\/showroom\/tuote\/elektroniikan-myynti-huolto-asennus-varaosat\/","og_locale":"fi_FI","og_type":"article","og_title":"Elektroniikkahuolto ja elektroniikan myynti \/ huolto \/ asennus \/ varaosat - NettiSeitti","og_description":"Elektroniikan myynti-, huolto- ja asennuspalvelut sek\u00e4 laaja elektroniikan varaosavalikoima. Pirkanmaa, Satakunta, Etel\u00e4-Pohjanmaa, Pohjanmaa, Sein\u00e4joki.","og_url":"https:\/\/nettiseitti.fi\/showroom\/tuote\/elektroniikan-myynti-huolto-asennus-varaosat\/","og_site_name":"NettiSeitti","article_modified_time":"2024-10-01T16:43:35+00:00","og_image":[{"width":1280,"height":853,"url":"https:\/\/nettiseitti.fi\/showroom\/wp-content\/uploads\/2024\/05\/elektroniikka.jpg","type":"image\/jpeg"}],"twitter_card":"summary_large_image","twitter_misc":{"Arvioitu lukuaika":"1 minuutti"},"schema":{"@context":"https:\/\/schema.org","@graph":[{"@type":"WebPage","@id":"https:\/\/nettiseitti.fi\/showroom\/tuote\/elektroniikan-myynti-huolto-asennus-varaosat\/","url":"https:\/\/nettiseitti.fi\/showroom\/tuote\/elektroniikan-myynti-huolto-asennus-varaosat\/","name":"Elektroniikkahuolto ja elektroniikan myynti \/ huolto \/ asennus \/ varaosat - NettiSeitti","isPartOf":{"@id":"https:\/\/nettiseitti.fi\/showroom\/#website"},"primaryImageOfPage":{"@id":"https:\/\/nettiseitti.fi\/showroom\/tuote\/elektroniikan-myynti-huolto-asennus-varaosat\/#primaryimage"},"image":{"@id":"https:\/\/nettiseitti.fi\/showroom\/tuote\/elektroniikan-myynti-huolto-asennus-varaosat\/#primaryimage"},"thumbnailUrl":"https:\/\/nettiseitti.fi\/showroom\/wp-content\/uploads\/2024\/05\/elektroniikka.jpg","datePublished":"2024-05-30T17:41:31+00:00","dateModified":"2024-10-01T16:43:35+00:00","description":"Elektroniikan myynti-, huolto- ja asennuspalvelut sek\u00e4 laaja elektroniikan varaosavalikoima. Pirkanmaa, Satakunta, Etel\u00e4-Pohjanmaa, Pohjanmaa, Sein\u00e4joki.","breadcrumb":{"@id":"https:\/\/nettiseitti.fi\/showroom\/tuote\/elektroniikan-myynti-huolto-asennus-varaosat\/#breadcrumb"},"inLanguage":"fi","potentialAction":[{"@type":"ReadAction","target":["https:\/\/nettiseitti.fi\/showroom\/tuote\/elektroniikan-myynti-huolto-asennus-varaosat\/"]}]},{"@type":"ImageObject","inLanguage":"fi","@id":"https:\/\/nettiseitti.fi\/showroom\/tuote\/elektroniikan-myynti-huolto-asennus-varaosat\/#primaryimage","url":"https:\/\/nettiseitti.fi\/showroom\/wp-content\/uploads\/2024\/05\/elektroniikka.jpg","contentUrl":"https:\/\/nettiseitti.fi\/showroom\/wp-content\/uploads\/2024\/05\/elektroniikka.jpg","width":1280,"height":853},{"@type":"BreadcrumbList","@id":"https:\/\/nettiseitti.fi\/showroom\/tuote\/elektroniikan-myynti-huolto-asennus-varaosat\/#breadcrumb","itemListElement":[{"@type":"ListItem","position":1,"name":"Etusivu","item":"https:\/\/nettiseitti.fi\/showroom\/"},{"@type":"ListItem","position":2,"name":"Tuotteet","item":"https:\/\/nettiseitti.fi\/showroom\/tuotteet\/"},{"@type":"ListItem","position":3,"name":"Elektroniikkahuolto ja elektroniikan myynti \/ huolto \/ asennus \/ varaosat"}]},{"@type":"WebSite","@id":"https:\/\/nettiseitti.fi\/showroom\/#website","url":"https:\/\/nettiseitti.fi\/showroom\/","name":"NettiSeitti","description":"","publisher":{"@id":"https:\/\/nettiseitti.fi\/showroom\/#organization"},"potentialAction":[{"@type":"SearchAction","target":{"@type":"EntryPoint","urlTemplate":"https:\/\/nettiseitti.fi\/showroom\/?s={search_term_string}"},"query-input":{"@type":"PropertyValueSpecification","valueRequired":true,"valueName":"search_term_string"}}],"inLanguage":"fi"},{"@type":"Organization","@id":"https:\/\/nettiseitti.fi\/showroom\/#organization","name":"NettiSeitti","url":"https:\/\/nettiseitti.fi\/showroom\/","logo":{"@type":"ImageObject","inLanguage":"fi","@id":"https:\/\/nettiseitti.fi\/showroom\/#\/schema\/logo\/image\/","url":"https:\/\/nettiseitti.fi\/showroom\/wp-content\/uploads\/2024\/03\/nettiseitti_lapinakyva_tausta.png","contentUrl":"https:\/\/nettiseitti.fi\/showroom\/wp-content\/uploads\/2024\/03\/nettiseitti_lapinakyva_tausta.png","width":2176,"height":741,"caption":"NettiSeitti"},"image":{"@id":"https:\/\/nettiseitti.fi\/showroom\/#\/schema\/logo\/image\/"}}]}},"_links":{"self":[{"href":"https:\/\/nettiseitti.fi\/showroom\/wp-json\/wp\/v2\/product\/13342","targetHints":{"allow":["GET"]}}],"collection":[{"href":"https:\/\/nettiseitti.fi\/showroom\/wp-json\/wp\/v2\/product"}],"about":[{"href":"https:\/\/nettiseitti.fi\/showroom\/wp-json\/wp\/v2\/types\/product"}],"wp:featuredmedia":[{"embeddable":true,"href":"https:\/\/nettiseitti.fi\/showroom\/wp-json\/wp\/v2\/media\/13343"}],"wp:attachment":[{"href":"https:\/\/nettiseitti.fi\/showroom\/wp-json\/wp\/v2\/media?parent=13342"}],"wp:term":[{"taxonomy":"product_brand","embeddable":true,"href":"https:\/\/nettiseitti.fi\/showroom\/wp-json\/wp\/v2\/product_brand?post=13342"},{"taxonomy":"product_cat","embeddable":true,"href":"https:\/\/nettiseitti.fi\/showroom\/wp-json\/wp\/v2\/product_cat?post=13342"},{"taxonomy":"product_tag","embeddable":true,"href":"https:\/\/nettiseitti.fi\/showroom\/wp-json\/wp\/v2\/product_tag?post=13342"}],"curies":[{"name":"wp","href":"https:\/\/api.w.org\/{rel}","templated":true}]}}