{"id":13391,"date":"2024-06-04T16:34:42","date_gmt":"2024-06-04T13:34:42","guid":{"rendered":"https:\/\/nettiseitti.fi\/showroom\/?post_type=product&#038;p=13391"},"modified":"2024-06-04T18:40:15","modified_gmt":"2024-06-04T15:40:15","slug":"bluetooth-nappaimisto-suomenkielinen","status":"publish","type":"product","link":"https:\/\/nettiseitti.fi\/showroom\/tuote\/bluetooth-nappaimisto-suomenkielinen\/","title":{"rendered":"Bluetooth-n\u00e4pp\u00e4imist\u00f6, suomenkielinen"},"content":{"rendered":"<p>Bluetooth-n\u00e4pp\u00e4imist\u00f6 voidan yhdist\u00e4 esim. Android \/ iOS \/ Windows -laitteisiin eli mm. tablettiin, puhelimeen, tietokoneeseen yms.<\/p>\n<p>Ominaisuudet:<\/p>\n<ul>\n<li>Yhteystekniikka: Bluetooth<\/li>\n<li>Suomenkielinen n\u00e4pp\u00e4inasettelu<\/li>\n<li>USB-portin kautta ladattava akku<\/li>\n<li>Langaton, ei h\u00e4iritsevi\u00e4 johtoja<\/li>\n<li>Yhteydenkantavuus useita metrej\u00e4<\/li>\n<\/ul>\n<p>Kauttamme my\u00f6s muut hiiret ja n\u00e4pp\u00e4imist\u00f6t, ota yhteytt\u00e4 !<\/p>\n<p>Kysy ajantasainen hinnasto ja lis\u00e4tietoja ottamalla meihin yhteytt\u00e4.<br \/>\nMy\u00f6s toimitus mahdollista riippuen tilatuista tuotteista.<\/p>\n<p>Ota yhteytt\u00e4:<br \/>\nPuh. <a href=\"tel:0401523801\">040 1523801<\/a><br \/>\nS\u00e4hk\u00f6posti: myynti [at] nettiseitti.fi<\/p>\n","protected":false},"excerpt":{"rendered":"<p>Bluetooth-n\u00e4pp\u00e4imist\u00f6 voidaan yhdist\u00e4\u00e4 k\u00e4tev\u00e4sti mm. Android \/ iOS-laitteisiin, tietokoneeseen, tablettiin yms.<\/p>\n","protected":false},"featured_media":13392,"template":"","meta":{"neve_meta_sidebar":"","neve_meta_container":"","neve_meta_enable_content_width":"off","neve_meta_content_width":100,"neve_meta_title_alignment":"","neve_meta_author_avatar":"","neve_post_elements_order":"","neve_meta_disable_header":"","neve_meta_disable_footer":"","neve_meta_disable_title":""},"product_brand":[],"product_cat":[503],"product_tag":[450,451,339,308,100,107,459,106,457,327,446,448,449,453,447,108,105,455,90,445,456,98,101,104,86,454,96,99,97,87,103,102,458,216,452],"class_list":{"0":"post-13391","1":"product","2":"type-product","3":"status-publish","4":"has-post-thumbnail","6":"product_cat-hiiret-ja-nappaimistot","7":"product_tag-ahtari","8":"product_tag-alavus","9":"product_tag-android","10":"product_tag-bluetooth","11":"product_tag-etela-pohjanmaa","12":"product_tag-etela-suomi","13":"product_tag-hameenlinna","14":"product_tag-huittinen","15":"product_tag-ikaalinen","16":"product_tag-jalasjarvi","17":"product_tag-kankaanpaa","18":"product_tag-karvia","19":"product_tag-kauhajoki","20":"product_tag-kauhava","21":"product_tag-kihnio","22":"product_tag-lansi-suomi","23":"product_tag-lapua","24":"product_tag-lempaala","25":"product_tag-nappaimisto","26":"product_tag-nokia","27":"product_tag-parkano","28":"product_tag-pirkanmaa","29":"product_tag-pohjanmaa","30":"product_tag-pori","31":"product_tag-puhelin","32":"product_tag-rauma","33":"product_tag-sastamala","34":"product_tag-satakunta","35":"product_tag-seinajoki","36":"product_tag-tabletti","37":"product_tag-tampere","38":"product_tag-vaasa","39":"product_tag-virrat","40":"product_tag-windows","41":"product_tag-ylojarvi","43":"first","44":"instock","45":"shipping-taxable","46":"product-type-simple"},"yoast_head":"<!-- This site is optimized with the Yoast SEO plugin v27.4 - https:\/\/yoast.com\/product\/yoast-seo-wordpress\/ -->\n<title>Bluetooth-n\u00e4pp\u00e4imist\u00f6, suomenkielinen - NettiSeitti<\/title>\n<meta name=\"description\" content=\"Bluetooth-n\u00e4pp\u00e4imist\u00f6 voidaan yhdist\u00e4\u00e4 k\u00e4tev\u00e4sti mm. Android \/ iOS-laitteisiin, tietokoneeseen, tablettiin yms. Pirkanmaa, Satakunta, Pohjanmaa, Sastamala.\" \/>\n<meta name=\"robots\" content=\"index, follow, max-snippet:-1, max-image-preview:large, max-video-preview:-1\" \/>\n<link rel=\"canonical\" href=\"https:\/\/nettiseitti.fi\/showroom\/tuote\/bluetooth-nappaimisto-suomenkielinen\/\" \/>\n<meta property=\"og:locale\" content=\"fi_FI\" \/>\n<meta property=\"og:type\" content=\"article\" \/>\n<meta property=\"og:title\" content=\"Bluetooth-n\u00e4pp\u00e4imist\u00f6, suomenkielinen - NettiSeitti\" \/>\n<meta property=\"og:description\" content=\"Bluetooth-n\u00e4pp\u00e4imist\u00f6 voidaan yhdist\u00e4\u00e4 k\u00e4tev\u00e4sti mm. Android \/ iOS-laitteisiin, tietokoneeseen, tablettiin yms. Pirkanmaa, Satakunta, Pohjanmaa, Sastamala.\" \/>\n<meta property=\"og:url\" content=\"https:\/\/nettiseitti.fi\/showroom\/tuote\/bluetooth-nappaimisto-suomenkielinen\/\" \/>\n<meta property=\"og:site_name\" content=\"NettiSeitti\" \/>\n<meta property=\"article:modified_time\" content=\"2024-06-04T15:40:15+00:00\" \/>\n<meta property=\"og:image\" content=\"https:\/\/nettiseitti.fi\/showroom\/wp-content\/uploads\/2024\/06\/bluetooth_nappaimisto.jpg\" \/>\n\t<meta property=\"og:image:width\" content=\"313\" \/>\n\t<meta property=\"og:image:height\" content=\"110\" \/>\n\t<meta property=\"og:image:type\" content=\"image\/jpeg\" \/>\n<meta name=\"twitter:card\" content=\"summary_large_image\" \/>\n<meta name=\"twitter:label1\" content=\"Arvioitu lukuaika\" \/>\n\t<meta name=\"twitter:data1\" content=\"1 minuutti\" \/>\n<script type=\"application\/ld+json\" class=\"yoast-schema-graph\">{\"@context\":\"https:\\\/\\\/schema.org\",\"@graph\":[{\"@type\":\"WebPage\",\"@id\":\"https:\\\/\\\/nettiseitti.fi\\\/showroom\\\/tuote\\\/bluetooth-nappaimisto-suomenkielinen\\\/\",\"url\":\"https:\\\/\\\/nettiseitti.fi\\\/showroom\\\/tuote\\\/bluetooth-nappaimisto-suomenkielinen\\\/\",\"name\":\"Bluetooth-n\u00e4pp\u00e4imist\u00f6, suomenkielinen - NettiSeitti\",\"isPartOf\":{\"@id\":\"https:\\\/\\\/nettiseitti.fi\\\/showroom\\\/#website\"},\"primaryImageOfPage\":{\"@id\":\"https:\\\/\\\/nettiseitti.fi\\\/showroom\\\/tuote\\\/bluetooth-nappaimisto-suomenkielinen\\\/#primaryimage\"},\"image\":{\"@id\":\"https:\\\/\\\/nettiseitti.fi\\\/showroom\\\/tuote\\\/bluetooth-nappaimisto-suomenkielinen\\\/#primaryimage\"},\"thumbnailUrl\":\"https:\\\/\\\/nettiseitti.fi\\\/showroom\\\/wp-content\\\/uploads\\\/2024\\\/06\\\/bluetooth_nappaimisto.jpg\",\"datePublished\":\"2024-06-04T13:34:42+00:00\",\"dateModified\":\"2024-06-04T15:40:15+00:00\",\"description\":\"Bluetooth-n\u00e4pp\u00e4imist\u00f6 voidaan yhdist\u00e4\u00e4 k\u00e4tev\u00e4sti mm. Android \\\/ iOS-laitteisiin, tietokoneeseen, tablettiin yms. Pirkanmaa, Satakunta, Pohjanmaa, Sastamala.\",\"breadcrumb\":{\"@id\":\"https:\\\/\\\/nettiseitti.fi\\\/showroom\\\/tuote\\\/bluetooth-nappaimisto-suomenkielinen\\\/#breadcrumb\"},\"inLanguage\":\"fi\",\"potentialAction\":[{\"@type\":\"ReadAction\",\"target\":[\"https:\\\/\\\/nettiseitti.fi\\\/showroom\\\/tuote\\\/bluetooth-nappaimisto-suomenkielinen\\\/\"]}]},{\"@type\":\"ImageObject\",\"inLanguage\":\"fi\",\"@id\":\"https:\\\/\\\/nettiseitti.fi\\\/showroom\\\/tuote\\\/bluetooth-nappaimisto-suomenkielinen\\\/#primaryimage\",\"url\":\"https:\\\/\\\/nettiseitti.fi\\\/showroom\\\/wp-content\\\/uploads\\\/2024\\\/06\\\/bluetooth_nappaimisto.jpg\",\"contentUrl\":\"https:\\\/\\\/nettiseitti.fi\\\/showroom\\\/wp-content\\\/uploads\\\/2024\\\/06\\\/bluetooth_nappaimisto.jpg\",\"width\":313,\"height\":110},{\"@type\":\"BreadcrumbList\",\"@id\":\"https:\\\/\\\/nettiseitti.fi\\\/showroom\\\/tuote\\\/bluetooth-nappaimisto-suomenkielinen\\\/#breadcrumb\",\"itemListElement\":[{\"@type\":\"ListItem\",\"position\":1,\"name\":\"Etusivu\",\"item\":\"https:\\\/\\\/nettiseitti.fi\\\/showroom\\\/\"},{\"@type\":\"ListItem\",\"position\":2,\"name\":\"Tuotteet\",\"item\":\"https:\\\/\\\/nettiseitti.fi\\\/showroom\\\/tuotteet\\\/\"},{\"@type\":\"ListItem\",\"position\":3,\"name\":\"Bluetooth-n\u00e4pp\u00e4imist\u00f6, suomenkielinen\"}]},{\"@type\":\"WebSite\",\"@id\":\"https:\\\/\\\/nettiseitti.fi\\\/showroom\\\/#website\",\"url\":\"https:\\\/\\\/nettiseitti.fi\\\/showroom\\\/\",\"name\":\"NettiSeitti\",\"description\":\"\",\"publisher\":{\"@id\":\"https:\\\/\\\/nettiseitti.fi\\\/showroom\\\/#organization\"},\"potentialAction\":[{\"@type\":\"SearchAction\",\"target\":{\"@type\":\"EntryPoint\",\"urlTemplate\":\"https:\\\/\\\/nettiseitti.fi\\\/showroom\\\/?s={search_term_string}\"},\"query-input\":{\"@type\":\"PropertyValueSpecification\",\"valueRequired\":true,\"valueName\":\"search_term_string\"}}],\"inLanguage\":\"fi\"},{\"@type\":\"Organization\",\"@id\":\"https:\\\/\\\/nettiseitti.fi\\\/showroom\\\/#organization\",\"name\":\"NettiSeitti\",\"url\":\"https:\\\/\\\/nettiseitti.fi\\\/showroom\\\/\",\"logo\":{\"@type\":\"ImageObject\",\"inLanguage\":\"fi\",\"@id\":\"https:\\\/\\\/nettiseitti.fi\\\/showroom\\\/#\\\/schema\\\/logo\\\/image\\\/\",\"url\":\"https:\\\/\\\/nettiseitti.fi\\\/showroom\\\/wp-content\\\/uploads\\\/2024\\\/03\\\/nettiseitti_lapinakyva_tausta.png\",\"contentUrl\":\"https:\\\/\\\/nettiseitti.fi\\\/showroom\\\/wp-content\\\/uploads\\\/2024\\\/03\\\/nettiseitti_lapinakyva_tausta.png\",\"width\":2176,\"height\":741,\"caption\":\"NettiSeitti\"},\"image\":{\"@id\":\"https:\\\/\\\/nettiseitti.fi\\\/showroom\\\/#\\\/schema\\\/logo\\\/image\\\/\"}}]}<\/script>\n<!-- \/ Yoast SEO plugin. -->","yoast_head_json":{"title":"Bluetooth-n\u00e4pp\u00e4imist\u00f6, suomenkielinen - NettiSeitti","description":"Bluetooth-n\u00e4pp\u00e4imist\u00f6 voidaan yhdist\u00e4\u00e4 k\u00e4tev\u00e4sti mm. Android \/ iOS-laitteisiin, tietokoneeseen, tablettiin yms. Pirkanmaa, Satakunta, Pohjanmaa, Sastamala.","robots":{"index":"index","follow":"follow","max-snippet":"max-snippet:-1","max-image-preview":"max-image-preview:large","max-video-preview":"max-video-preview:-1"},"canonical":"https:\/\/nettiseitti.fi\/showroom\/tuote\/bluetooth-nappaimisto-suomenkielinen\/","og_locale":"fi_FI","og_type":"article","og_title":"Bluetooth-n\u00e4pp\u00e4imist\u00f6, suomenkielinen - NettiSeitti","og_description":"Bluetooth-n\u00e4pp\u00e4imist\u00f6 voidaan yhdist\u00e4\u00e4 k\u00e4tev\u00e4sti mm. Android \/ iOS-laitteisiin, tietokoneeseen, tablettiin yms. Pirkanmaa, Satakunta, Pohjanmaa, Sastamala.","og_url":"https:\/\/nettiseitti.fi\/showroom\/tuote\/bluetooth-nappaimisto-suomenkielinen\/","og_site_name":"NettiSeitti","article_modified_time":"2024-06-04T15:40:15+00:00","og_image":[{"width":313,"height":110,"url":"https:\/\/nettiseitti.fi\/showroom\/wp-content\/uploads\/2024\/06\/bluetooth_nappaimisto.jpg","type":"image\/jpeg"}],"twitter_card":"summary_large_image","twitter_misc":{"Arvioitu lukuaika":"1 minuutti"},"schema":{"@context":"https:\/\/schema.org","@graph":[{"@type":"WebPage","@id":"https:\/\/nettiseitti.fi\/showroom\/tuote\/bluetooth-nappaimisto-suomenkielinen\/","url":"https:\/\/nettiseitti.fi\/showroom\/tuote\/bluetooth-nappaimisto-suomenkielinen\/","name":"Bluetooth-n\u00e4pp\u00e4imist\u00f6, suomenkielinen - NettiSeitti","isPartOf":{"@id":"https:\/\/nettiseitti.fi\/showroom\/#website"},"primaryImageOfPage":{"@id":"https:\/\/nettiseitti.fi\/showroom\/tuote\/bluetooth-nappaimisto-suomenkielinen\/#primaryimage"},"image":{"@id":"https:\/\/nettiseitti.fi\/showroom\/tuote\/bluetooth-nappaimisto-suomenkielinen\/#primaryimage"},"thumbnailUrl":"https:\/\/nettiseitti.fi\/showroom\/wp-content\/uploads\/2024\/06\/bluetooth_nappaimisto.jpg","datePublished":"2024-06-04T13:34:42+00:00","dateModified":"2024-06-04T15:40:15+00:00","description":"Bluetooth-n\u00e4pp\u00e4imist\u00f6 voidaan yhdist\u00e4\u00e4 k\u00e4tev\u00e4sti mm. Android \/ iOS-laitteisiin, tietokoneeseen, tablettiin yms. Pirkanmaa, Satakunta, Pohjanmaa, Sastamala.","breadcrumb":{"@id":"https:\/\/nettiseitti.fi\/showroom\/tuote\/bluetooth-nappaimisto-suomenkielinen\/#breadcrumb"},"inLanguage":"fi","potentialAction":[{"@type":"ReadAction","target":["https:\/\/nettiseitti.fi\/showroom\/tuote\/bluetooth-nappaimisto-suomenkielinen\/"]}]},{"@type":"ImageObject","inLanguage":"fi","@id":"https:\/\/nettiseitti.fi\/showroom\/tuote\/bluetooth-nappaimisto-suomenkielinen\/#primaryimage","url":"https:\/\/nettiseitti.fi\/showroom\/wp-content\/uploads\/2024\/06\/bluetooth_nappaimisto.jpg","contentUrl":"https:\/\/nettiseitti.fi\/showroom\/wp-content\/uploads\/2024\/06\/bluetooth_nappaimisto.jpg","width":313,"height":110},{"@type":"BreadcrumbList","@id":"https:\/\/nettiseitti.fi\/showroom\/tuote\/bluetooth-nappaimisto-suomenkielinen\/#breadcrumb","itemListElement":[{"@type":"ListItem","position":1,"name":"Etusivu","item":"https:\/\/nettiseitti.fi\/showroom\/"},{"@type":"ListItem","position":2,"name":"Tuotteet","item":"https:\/\/nettiseitti.fi\/showroom\/tuotteet\/"},{"@type":"ListItem","position":3,"name":"Bluetooth-n\u00e4pp\u00e4imist\u00f6, suomenkielinen"}]},{"@type":"WebSite","@id":"https:\/\/nettiseitti.fi\/showroom\/#website","url":"https:\/\/nettiseitti.fi\/showroom\/","name":"NettiSeitti","description":"","publisher":{"@id":"https:\/\/nettiseitti.fi\/showroom\/#organization"},"potentialAction":[{"@type":"SearchAction","target":{"@type":"EntryPoint","urlTemplate":"https:\/\/nettiseitti.fi\/showroom\/?s={search_term_string}"},"query-input":{"@type":"PropertyValueSpecification","valueRequired":true,"valueName":"search_term_string"}}],"inLanguage":"fi"},{"@type":"Organization","@id":"https:\/\/nettiseitti.fi\/showroom\/#organization","name":"NettiSeitti","url":"https:\/\/nettiseitti.fi\/showroom\/","logo":{"@type":"ImageObject","inLanguage":"fi","@id":"https:\/\/nettiseitti.fi\/showroom\/#\/schema\/logo\/image\/","url":"https:\/\/nettiseitti.fi\/showroom\/wp-content\/uploads\/2024\/03\/nettiseitti_lapinakyva_tausta.png","contentUrl":"https:\/\/nettiseitti.fi\/showroom\/wp-content\/uploads\/2024\/03\/nettiseitti_lapinakyva_tausta.png","width":2176,"height":741,"caption":"NettiSeitti"},"image":{"@id":"https:\/\/nettiseitti.fi\/showroom\/#\/schema\/logo\/image\/"}}]}},"_links":{"self":[{"href":"https:\/\/nettiseitti.fi\/showroom\/wp-json\/wp\/v2\/product\/13391","targetHints":{"allow":["GET"]}}],"collection":[{"href":"https:\/\/nettiseitti.fi\/showroom\/wp-json\/wp\/v2\/product"}],"about":[{"href":"https:\/\/nettiseitti.fi\/showroom\/wp-json\/wp\/v2\/types\/product"}],"wp:featuredmedia":[{"embeddable":true,"href":"https:\/\/nettiseitti.fi\/showroom\/wp-json\/wp\/v2\/media\/13392"}],"wp:attachment":[{"href":"https:\/\/nettiseitti.fi\/showroom\/wp-json\/wp\/v2\/media?parent=13391"}],"wp:term":[{"taxonomy":"product_brand","embeddable":true,"href":"https:\/\/nettiseitti.fi\/showroom\/wp-json\/wp\/v2\/product_brand?post=13391"},{"taxonomy":"product_cat","embeddable":true,"href":"https:\/\/nettiseitti.fi\/showroom\/wp-json\/wp\/v2\/product_cat?post=13391"},{"taxonomy":"product_tag","embeddable":true,"href":"https:\/\/nettiseitti.fi\/showroom\/wp-json\/wp\/v2\/product_tag?post=13391"}],"curies":[{"name":"wp","href":"https:\/\/api.w.org\/{rel}","templated":true}]}}