{"id":13416,"date":"2024-06-07T14:01:15","date_gmt":"2024-06-07T11:01:15","guid":{"rendered":"https:\/\/nettiseitti.fi\/showroom\/?post_type=product&#038;p=13416"},"modified":"2024-06-07T14:01:17","modified_gmt":"2024-06-07T11:01:17","slug":"asus-bw-16d1ht-cd-dvd-blu-ray-kirjoittava-levyasema","status":"publish","type":"product","link":"https:\/\/nettiseitti.fi\/showroom\/tuote\/asus-bw-16d1ht-cd-dvd-blu-ray-kirjoittava-levyasema\/","title":{"rendered":"Asus BW-16D1HT CD \/ DVD \/ Blu-Ray kirjoittava levyasema"},"content":{"rendered":"<p>Kirjoittava CD \/ DVD \/ Blu-Ray -levyasema tietokoneen laitepaikkaan SATA-liit\u00e4nn\u00e4ll\u00e4.<\/p>\n<p>Ominaisuudet:<\/p>\n<ul>\n<li>Uudelleenkirjoituksen nopeus: 24x (CD), 6x (DVD-RW), 8x (DVD+RW), 5x (DVD-RAM), 2x (BD-RE), 2x (BD-RE DL), 2x (BD-RE TL)<\/li>\n<li>Kirjoitusnopeus: BD-R: 16X, BD-R (SL, M-DISC): 4X, BD-R (DL): 12X, BD-R (TL): 8X, BD-R (QL): 6X, DVD+R: 16X, DVD-R: 16X, DVD+R (SL, M-DISC): 4X, DVD+R (DL): 8X, DVD-R (DL): 8X, CD-R: 48X<\/li>\n<li>Lukunopeus: BD-ROM: 12X, BD-R (SL, M-DISC): 12X, BD-RE: 10X, DVD-ROM: 16X, DVD+R: 16X, DVD-R: 16X, DVD+R (SL, M-DISC): 12X, DVD+RW: 12X, DVD-RW: 12X, DVD+R (DL): 12X, DVD-R (DL): 12X, DVD-RAM: 5X, CD-ROM: 48X, CD-R: 48X<\/li>\n<li>Liit\u00e4nn\u00e4t: SATA<\/li>\n<li>Laitepaikan koko: 5.25&#8243;<\/li>\n<\/ul>\n<p>Kauttamme my\u00f6s muut levyasemat ja tarvikkeet.<\/p>\n<p>Kysy ajantasainen hinnasto ja lis\u00e4tietoja ottamalla meihin yhteytt\u00e4.<br \/>\nMy\u00f6s toimitus mahdollista riippuen tilatuista tuotteista.<\/p>\n<p>Ota yhteytt\u00e4:<br \/>\nPuh. <a href=\"tel:0401523801\">040 1523801<\/a><br \/>\nS\u00e4hk\u00f6posti: myynti [at] nettiseitti.fi<\/p>\n","protected":false},"excerpt":{"rendered":"<p>Polttava CD \/ DVD \/ Blu-Ray -asema p\u00f6yt\u00e4tietokoneen 5.25&#8243;-laitepaikkaan.<\/p>\n","protected":false},"featured_media":13417,"template":"","meta":{"neve_meta_sidebar":"","neve_meta_container":"","neve_meta_enable_content_width":"off","neve_meta_content_width":100,"neve_meta_title_alignment":"","neve_meta_author_avatar":"","neve_post_elements_order":"","neve_meta_disable_header":"","neve_meta_disable_footer":"","neve_meta_disable_title":""},"product_brand":[],"product_cat":[554],"product_tag":[450,451,556,555,100,107,459,106,457,327,446,448,449,453,447,108,105,455,445,456,98,101,104,454,96,99,97,103,102,458,452],"class_list":{"0":"post-13416","1":"product","2":"type-product","3":"status-publish","4":"has-post-thumbnail","6":"product_cat-cd-dvd-blu-ray-asemat","7":"product_tag-ahtari","8":"product_tag-alavus","9":"product_tag-blu-ray","10":"product_tag-dvd-asema","11":"product_tag-etela-pohjanmaa","12":"product_tag-etela-suomi","13":"product_tag-hameenlinna","14":"product_tag-huittinen","15":"product_tag-ikaalinen","16":"product_tag-jalasjarvi","17":"product_tag-kankaanpaa","18":"product_tag-karvia","19":"product_tag-kauhajoki","20":"product_tag-kauhava","21":"product_tag-kihnio","22":"product_tag-lansi-suomi","23":"product_tag-lapua","24":"product_tag-lempaala","25":"product_tag-nokia","26":"product_tag-parkano","27":"product_tag-pirkanmaa","28":"product_tag-pohjanmaa","29":"product_tag-pori","30":"product_tag-rauma","31":"product_tag-sastamala","32":"product_tag-satakunta","33":"product_tag-seinajoki","34":"product_tag-tampere","35":"product_tag-vaasa","36":"product_tag-virrat","37":"product_tag-ylojarvi","39":"first","40":"instock","41":"shipping-taxable","42":"product-type-simple"},"yoast_head":"<!-- This site is optimized with the Yoast SEO plugin v27.4 - https:\/\/yoast.com\/product\/yoast-seo-wordpress\/ -->\n<title>Asus BW-16D1HT CD \/ DVD \/ Blu-Ray kirjoittava levyasema - NettiSeitti<\/title>\n<meta name=\"description\" content=\"Polttava CD \/ DVD \/ Blu-Ray -asema p\u00f6yt\u00e4tietokoneen 5.25&quot;-laitepaikkaan. Pirkanmaa, Satakunta, Etel\u00e4-Pohjanmaa, Pohjanmaa, Sein\u00e4joki, Sastamala, Tampere.\" \/>\n<meta name=\"robots\" content=\"index, follow, max-snippet:-1, max-image-preview:large, max-video-preview:-1\" \/>\n<link rel=\"canonical\" href=\"https:\/\/nettiseitti.fi\/showroom\/tuote\/asus-bw-16d1ht-cd-dvd-blu-ray-kirjoittava-levyasema\/\" \/>\n<meta property=\"og:locale\" content=\"fi_FI\" \/>\n<meta property=\"og:type\" content=\"article\" \/>\n<meta property=\"og:title\" content=\"Asus BW-16D1HT CD \/ DVD \/ Blu-Ray kirjoittava levyasema - NettiSeitti\" \/>\n<meta property=\"og:description\" content=\"Polttava CD \/ DVD \/ Blu-Ray -asema p\u00f6yt\u00e4tietokoneen 5.25&quot;-laitepaikkaan. Pirkanmaa, Satakunta, Etel\u00e4-Pohjanmaa, Pohjanmaa, Sein\u00e4joki, Sastamala, Tampere.\" \/>\n<meta property=\"og:url\" content=\"https:\/\/nettiseitti.fi\/showroom\/tuote\/asus-bw-16d1ht-cd-dvd-blu-ray-kirjoittava-levyasema\/\" \/>\n<meta property=\"og:site_name\" content=\"NettiSeitti\" \/>\n<meta property=\"article:modified_time\" content=\"2024-06-07T11:01:17+00:00\" \/>\n<meta property=\"og:image\" content=\"https:\/\/nettiseitti.fi\/showroom\/wp-content\/uploads\/2024\/06\/polttava_bluray_asema.jpg\" \/>\n\t<meta property=\"og:image:width\" content=\"788\" \/>\n\t<meta property=\"og:image:height\" content=\"786\" \/>\n\t<meta property=\"og:image:type\" content=\"image\/jpeg\" \/>\n<meta name=\"twitter:card\" content=\"summary_large_image\" \/>\n<meta name=\"twitter:label1\" content=\"Arvioitu lukuaika\" \/>\n\t<meta name=\"twitter:data1\" content=\"2 minuuttia\" \/>\n<script type=\"application\/ld+json\" class=\"yoast-schema-graph\">{\"@context\":\"https:\\\/\\\/schema.org\",\"@graph\":[{\"@type\":\"WebPage\",\"@id\":\"https:\\\/\\\/nettiseitti.fi\\\/showroom\\\/tuote\\\/asus-bw-16d1ht-cd-dvd-blu-ray-kirjoittava-levyasema\\\/\",\"url\":\"https:\\\/\\\/nettiseitti.fi\\\/showroom\\\/tuote\\\/asus-bw-16d1ht-cd-dvd-blu-ray-kirjoittava-levyasema\\\/\",\"name\":\"Asus BW-16D1HT CD \\\/ DVD \\\/ Blu-Ray kirjoittava levyasema - NettiSeitti\",\"isPartOf\":{\"@id\":\"https:\\\/\\\/nettiseitti.fi\\\/showroom\\\/#website\"},\"primaryImageOfPage\":{\"@id\":\"https:\\\/\\\/nettiseitti.fi\\\/showroom\\\/tuote\\\/asus-bw-16d1ht-cd-dvd-blu-ray-kirjoittava-levyasema\\\/#primaryimage\"},\"image\":{\"@id\":\"https:\\\/\\\/nettiseitti.fi\\\/showroom\\\/tuote\\\/asus-bw-16d1ht-cd-dvd-blu-ray-kirjoittava-levyasema\\\/#primaryimage\"},\"thumbnailUrl\":\"https:\\\/\\\/nettiseitti.fi\\\/showroom\\\/wp-content\\\/uploads\\\/2024\\\/06\\\/polttava_bluray_asema.jpg\",\"datePublished\":\"2024-06-07T11:01:15+00:00\",\"dateModified\":\"2024-06-07T11:01:17+00:00\",\"description\":\"Polttava CD \\\/ DVD \\\/ Blu-Ray -asema p\u00f6yt\u00e4tietokoneen 5.25\\\"-laitepaikkaan. Pirkanmaa, Satakunta, Etel\u00e4-Pohjanmaa, Pohjanmaa, Sein\u00e4joki, Sastamala, Tampere.\",\"breadcrumb\":{\"@id\":\"https:\\\/\\\/nettiseitti.fi\\\/showroom\\\/tuote\\\/asus-bw-16d1ht-cd-dvd-blu-ray-kirjoittava-levyasema\\\/#breadcrumb\"},\"inLanguage\":\"fi\",\"potentialAction\":[{\"@type\":\"ReadAction\",\"target\":[\"https:\\\/\\\/nettiseitti.fi\\\/showroom\\\/tuote\\\/asus-bw-16d1ht-cd-dvd-blu-ray-kirjoittava-levyasema\\\/\"]}]},{\"@type\":\"ImageObject\",\"inLanguage\":\"fi\",\"@id\":\"https:\\\/\\\/nettiseitti.fi\\\/showroom\\\/tuote\\\/asus-bw-16d1ht-cd-dvd-blu-ray-kirjoittava-levyasema\\\/#primaryimage\",\"url\":\"https:\\\/\\\/nettiseitti.fi\\\/showroom\\\/wp-content\\\/uploads\\\/2024\\\/06\\\/polttava_bluray_asema.jpg\",\"contentUrl\":\"https:\\\/\\\/nettiseitti.fi\\\/showroom\\\/wp-content\\\/uploads\\\/2024\\\/06\\\/polttava_bluray_asema.jpg\",\"width\":788,\"height\":786},{\"@type\":\"BreadcrumbList\",\"@id\":\"https:\\\/\\\/nettiseitti.fi\\\/showroom\\\/tuote\\\/asus-bw-16d1ht-cd-dvd-blu-ray-kirjoittava-levyasema\\\/#breadcrumb\",\"itemListElement\":[{\"@type\":\"ListItem\",\"position\":1,\"name\":\"Etusivu\",\"item\":\"https:\\\/\\\/nettiseitti.fi\\\/showroom\\\/\"},{\"@type\":\"ListItem\",\"position\":2,\"name\":\"Tuotteet\",\"item\":\"https:\\\/\\\/nettiseitti.fi\\\/showroom\\\/tuotteet\\\/\"},{\"@type\":\"ListItem\",\"position\":3,\"name\":\"Asus BW-16D1HT CD \\\/ DVD \\\/ Blu-Ray kirjoittava levyasema\"}]},{\"@type\":\"WebSite\",\"@id\":\"https:\\\/\\\/nettiseitti.fi\\\/showroom\\\/#website\",\"url\":\"https:\\\/\\\/nettiseitti.fi\\\/showroom\\\/\",\"name\":\"NettiSeitti\",\"description\":\"\",\"publisher\":{\"@id\":\"https:\\\/\\\/nettiseitti.fi\\\/showroom\\\/#organization\"},\"potentialAction\":[{\"@type\":\"SearchAction\",\"target\":{\"@type\":\"EntryPoint\",\"urlTemplate\":\"https:\\\/\\\/nettiseitti.fi\\\/showroom\\\/?s={search_term_string}\"},\"query-input\":{\"@type\":\"PropertyValueSpecification\",\"valueRequired\":true,\"valueName\":\"search_term_string\"}}],\"inLanguage\":\"fi\"},{\"@type\":\"Organization\",\"@id\":\"https:\\\/\\\/nettiseitti.fi\\\/showroom\\\/#organization\",\"name\":\"NettiSeitti\",\"url\":\"https:\\\/\\\/nettiseitti.fi\\\/showroom\\\/\",\"logo\":{\"@type\":\"ImageObject\",\"inLanguage\":\"fi\",\"@id\":\"https:\\\/\\\/nettiseitti.fi\\\/showroom\\\/#\\\/schema\\\/logo\\\/image\\\/\",\"url\":\"https:\\\/\\\/nettiseitti.fi\\\/showroom\\\/wp-content\\\/uploads\\\/2024\\\/03\\\/nettiseitti_lapinakyva_tausta.png\",\"contentUrl\":\"https:\\\/\\\/nettiseitti.fi\\\/showroom\\\/wp-content\\\/uploads\\\/2024\\\/03\\\/nettiseitti_lapinakyva_tausta.png\",\"width\":2176,\"height\":741,\"caption\":\"NettiSeitti\"},\"image\":{\"@id\":\"https:\\\/\\\/nettiseitti.fi\\\/showroom\\\/#\\\/schema\\\/logo\\\/image\\\/\"}}]}<\/script>\n<!-- \/ Yoast SEO plugin. -->","yoast_head_json":{"title":"Asus BW-16D1HT CD \/ DVD \/ Blu-Ray kirjoittava levyasema - NettiSeitti","description":"Polttava CD \/ DVD \/ Blu-Ray -asema p\u00f6yt\u00e4tietokoneen 5.25\"-laitepaikkaan. Pirkanmaa, Satakunta, Etel\u00e4-Pohjanmaa, Pohjanmaa, Sein\u00e4joki, Sastamala, Tampere.","robots":{"index":"index","follow":"follow","max-snippet":"max-snippet:-1","max-image-preview":"max-image-preview:large","max-video-preview":"max-video-preview:-1"},"canonical":"https:\/\/nettiseitti.fi\/showroom\/tuote\/asus-bw-16d1ht-cd-dvd-blu-ray-kirjoittava-levyasema\/","og_locale":"fi_FI","og_type":"article","og_title":"Asus BW-16D1HT CD \/ DVD \/ Blu-Ray kirjoittava levyasema - NettiSeitti","og_description":"Polttava CD \/ DVD \/ Blu-Ray -asema p\u00f6yt\u00e4tietokoneen 5.25\"-laitepaikkaan. Pirkanmaa, Satakunta, Etel\u00e4-Pohjanmaa, Pohjanmaa, Sein\u00e4joki, Sastamala, Tampere.","og_url":"https:\/\/nettiseitti.fi\/showroom\/tuote\/asus-bw-16d1ht-cd-dvd-blu-ray-kirjoittava-levyasema\/","og_site_name":"NettiSeitti","article_modified_time":"2024-06-07T11:01:17+00:00","og_image":[{"width":788,"height":786,"url":"https:\/\/nettiseitti.fi\/showroom\/wp-content\/uploads\/2024\/06\/polttava_bluray_asema.jpg","type":"image\/jpeg"}],"twitter_card":"summary_large_image","twitter_misc":{"Arvioitu lukuaika":"2 minuuttia"},"schema":{"@context":"https:\/\/schema.org","@graph":[{"@type":"WebPage","@id":"https:\/\/nettiseitti.fi\/showroom\/tuote\/asus-bw-16d1ht-cd-dvd-blu-ray-kirjoittava-levyasema\/","url":"https:\/\/nettiseitti.fi\/showroom\/tuote\/asus-bw-16d1ht-cd-dvd-blu-ray-kirjoittava-levyasema\/","name":"Asus BW-16D1HT CD \/ DVD \/ Blu-Ray kirjoittava levyasema - NettiSeitti","isPartOf":{"@id":"https:\/\/nettiseitti.fi\/showroom\/#website"},"primaryImageOfPage":{"@id":"https:\/\/nettiseitti.fi\/showroom\/tuote\/asus-bw-16d1ht-cd-dvd-blu-ray-kirjoittava-levyasema\/#primaryimage"},"image":{"@id":"https:\/\/nettiseitti.fi\/showroom\/tuote\/asus-bw-16d1ht-cd-dvd-blu-ray-kirjoittava-levyasema\/#primaryimage"},"thumbnailUrl":"https:\/\/nettiseitti.fi\/showroom\/wp-content\/uploads\/2024\/06\/polttava_bluray_asema.jpg","datePublished":"2024-06-07T11:01:15+00:00","dateModified":"2024-06-07T11:01:17+00:00","description":"Polttava CD \/ DVD \/ Blu-Ray -asema p\u00f6yt\u00e4tietokoneen 5.25\"-laitepaikkaan. Pirkanmaa, Satakunta, Etel\u00e4-Pohjanmaa, Pohjanmaa, Sein\u00e4joki, Sastamala, Tampere.","breadcrumb":{"@id":"https:\/\/nettiseitti.fi\/showroom\/tuote\/asus-bw-16d1ht-cd-dvd-blu-ray-kirjoittava-levyasema\/#breadcrumb"},"inLanguage":"fi","potentialAction":[{"@type":"ReadAction","target":["https:\/\/nettiseitti.fi\/showroom\/tuote\/asus-bw-16d1ht-cd-dvd-blu-ray-kirjoittava-levyasema\/"]}]},{"@type":"ImageObject","inLanguage":"fi","@id":"https:\/\/nettiseitti.fi\/showroom\/tuote\/asus-bw-16d1ht-cd-dvd-blu-ray-kirjoittava-levyasema\/#primaryimage","url":"https:\/\/nettiseitti.fi\/showroom\/wp-content\/uploads\/2024\/06\/polttava_bluray_asema.jpg","contentUrl":"https:\/\/nettiseitti.fi\/showroom\/wp-content\/uploads\/2024\/06\/polttava_bluray_asema.jpg","width":788,"height":786},{"@type":"BreadcrumbList","@id":"https:\/\/nettiseitti.fi\/showroom\/tuote\/asus-bw-16d1ht-cd-dvd-blu-ray-kirjoittava-levyasema\/#breadcrumb","itemListElement":[{"@type":"ListItem","position":1,"name":"Etusivu","item":"https:\/\/nettiseitti.fi\/showroom\/"},{"@type":"ListItem","position":2,"name":"Tuotteet","item":"https:\/\/nettiseitti.fi\/showroom\/tuotteet\/"},{"@type":"ListItem","position":3,"name":"Asus BW-16D1HT CD \/ DVD \/ Blu-Ray kirjoittava levyasema"}]},{"@type":"WebSite","@id":"https:\/\/nettiseitti.fi\/showroom\/#website","url":"https:\/\/nettiseitti.fi\/showroom\/","name":"NettiSeitti","description":"","publisher":{"@id":"https:\/\/nettiseitti.fi\/showroom\/#organization"},"potentialAction":[{"@type":"SearchAction","target":{"@type":"EntryPoint","urlTemplate":"https:\/\/nettiseitti.fi\/showroom\/?s={search_term_string}"},"query-input":{"@type":"PropertyValueSpecification","valueRequired":true,"valueName":"search_term_string"}}],"inLanguage":"fi"},{"@type":"Organization","@id":"https:\/\/nettiseitti.fi\/showroom\/#organization","name":"NettiSeitti","url":"https:\/\/nettiseitti.fi\/showroom\/","logo":{"@type":"ImageObject","inLanguage":"fi","@id":"https:\/\/nettiseitti.fi\/showroom\/#\/schema\/logo\/image\/","url":"https:\/\/nettiseitti.fi\/showroom\/wp-content\/uploads\/2024\/03\/nettiseitti_lapinakyva_tausta.png","contentUrl":"https:\/\/nettiseitti.fi\/showroom\/wp-content\/uploads\/2024\/03\/nettiseitti_lapinakyva_tausta.png","width":2176,"height":741,"caption":"NettiSeitti"},"image":{"@id":"https:\/\/nettiseitti.fi\/showroom\/#\/schema\/logo\/image\/"}}]}},"_links":{"self":[{"href":"https:\/\/nettiseitti.fi\/showroom\/wp-json\/wp\/v2\/product\/13416","targetHints":{"allow":["GET"]}}],"collection":[{"href":"https:\/\/nettiseitti.fi\/showroom\/wp-json\/wp\/v2\/product"}],"about":[{"href":"https:\/\/nettiseitti.fi\/showroom\/wp-json\/wp\/v2\/types\/product"}],"wp:featuredmedia":[{"embeddable":true,"href":"https:\/\/nettiseitti.fi\/showroom\/wp-json\/wp\/v2\/media\/13417"}],"wp:attachment":[{"href":"https:\/\/nettiseitti.fi\/showroom\/wp-json\/wp\/v2\/media?parent=13416"}],"wp:term":[{"taxonomy":"product_brand","embeddable":true,"href":"https:\/\/nettiseitti.fi\/showroom\/wp-json\/wp\/v2\/product_brand?post=13416"},{"taxonomy":"product_cat","embeddable":true,"href":"https:\/\/nettiseitti.fi\/showroom\/wp-json\/wp\/v2\/product_cat?post=13416"},{"taxonomy":"product_tag","embeddable":true,"href":"https:\/\/nettiseitti.fi\/showroom\/wp-json\/wp\/v2\/product_tag?post=13416"}],"curies":[{"name":"wp","href":"https:\/\/api.w.org\/{rel}","templated":true}]}}