{"id":13566,"date":"2024-07-27T17:26:16","date_gmt":"2024-07-27T14:26:16","guid":{"rendered":"https:\/\/nettiseitti.fi\/showroom\/?post_type=product&#038;p=13566"},"modified":"2025-06-15T15:11:47","modified_gmt":"2025-06-15T12:11:47","slug":"absima-micro-crawler-jimny-124-rtr","status":"publish","type":"product","link":"https:\/\/nettiseitti.fi\/showroom\/tuote\/absima-micro-crawler-jimny-124-rtr\/","title":{"rendered":"Absima Micro Crawler &#8221;Jimny&#8221; 1:24 RTR"},"content":{"rendered":"<p>Ready to Race crawler-paketti, jonka mukana tulee l\u00e4hes kaikki tarvittava: auto, radiol\u00e4hetin, LiPo-akku, USB-latauskaapeli.<\/p>\n<p>Ominaisuudet:<\/p>\n<ul>\n<li>Kokoluokka: 1:24<\/li>\n<li>Neliveto, 4WD (all-wheel drive)<\/li>\n<li>4-kanavainen 2.4GHz radio-ohjaus<\/li>\n<li>88T \/ 030 -hiiliharjamoottori<\/li>\n<li>2-in-1 ESC ja vastaanotin, PPX4, 10A\/50A<\/li>\n<li>Runkoon asennettu vedenkest\u00e4v\u00e4 servo, 1kg k\u00e4ytt\u00f6voima<\/li>\n<li>T\u00e4ysin lukittu tasauspy\u00f6r\u00e4st\u00f6 edess\u00e4 ja takana<\/li>\n<li>LED-valot edess\u00e4 ja takana<\/li>\n<li>Jousitus iskunvaimentimilla<\/li>\n<li>Vaihteiston v\u00e4lityssuhde: 104:1<\/li>\n<li>Akku: LiPo 7.4V\/2S 360mAh<\/li>\n<li>Akun liitin: Molex 2-pin<\/li>\n<li>Py\u00f6r\u00e4t: 18x45mm<\/li>\n<li>Maavara: n. 25mm<\/li>\n<li>Raideleveys: n. 100mm<\/li>\n<li>Pituus: n. 215mm<\/li>\n<li>Korkeus: n. 120mm<\/li>\n<li>Leveys: n. 104mm<\/li>\n<li>Paino: n. 250g<\/li>\n<\/ul>\n<p>Kauttamme my\u00f6s muut RC-autot ja tarvikkeet, ota yhteytt\u00e4 !<\/p>\n<p>Kysy ajantasainen hinnasto ja lis\u00e4tietoja ottamalla meihin yhteytt\u00e4.<br \/>\nMy\u00f6s toimitus mahdollista riippuen tilatuista tuotteista.<\/p>\n<p>Ota yhteytt\u00e4:<br \/>\nPuh. <a href=\"tel:0401523801\">040 1523801<\/a><br \/>\nS\u00e4hk\u00f6posti: myynti [at] nettiseitti.fi<\/p>\n","protected":false},"excerpt":{"rendered":"<p>Suzuki Jimnyn -mallinen crawler RC-auto nelivedolla ja LED-valoilla.<\/p>\n","protected":false},"featured_media":13567,"template":"","meta":{"neve_meta_sidebar":"","neve_meta_container":"","neve_meta_enable_content_width":"off","neve_meta_content_width":100,"neve_meta_title_alignment":"","neve_meta_author_avatar":"","neve_post_elements_order":"","neve_meta_disable_header":"","neve_meta_disable_footer":"","neve_meta_disable_title":""},"product_brand":[],"product_cat":[569,67],"product_tag":[450,451,100,107,459,106,457,327,446,448,449,453,447,108,105,455,445,456,98,101,104,454,267,96,99,97,103,102,458,452],"class_list":{"0":"post-13566","1":"product","2":"type-product","3":"status-publish","4":"has-post-thumbnail","6":"product_cat-rc-autot","7":"product_cat-rc-tuotteet","8":"product_tag-ahtari","9":"product_tag-alavus","10":"product_tag-etela-pohjanmaa","11":"product_tag-etela-suomi","12":"product_tag-hameenlinna","13":"product_tag-huittinen","14":"product_tag-ikaalinen","15":"product_tag-jalasjarvi","16":"product_tag-kankaanpaa","17":"product_tag-karvia","18":"product_tag-kauhajoki","19":"product_tag-kauhava","20":"product_tag-kihnio","21":"product_tag-lansi-suomi","22":"product_tag-lapua","23":"product_tag-lempaala","24":"product_tag-nokia","25":"product_tag-parkano","26":"product_tag-pirkanmaa","27":"product_tag-pohjanmaa","28":"product_tag-pori","29":"product_tag-rauma","30":"product_tag-rc-auto","31":"product_tag-sastamala","32":"product_tag-satakunta","33":"product_tag-seinajoki","34":"product_tag-tampere","35":"product_tag-vaasa","36":"product_tag-virrat","37":"product_tag-ylojarvi","39":"first","40":"instock","41":"shipping-taxable","42":"product-type-simple"},"yoast_head":"<!-- This site is optimized with the Yoast SEO plugin v27.4 - https:\/\/yoast.com\/product\/yoast-seo-wordpress\/ -->\n<title>Absima Micro Crawler &quot;Jimny&quot; 1:24 RTR - NettiSeitti<\/title>\n<meta name=\"description\" content=\"Suzuki Jimnyn -mallinen crawler RC-auto nelivedolla ja LED-valoilla. Pirkanmaa, Satakunta, Etel\u00e4-Pohjanmaa, Pohjanmaa, Sein\u00e4joki, Sastamala, Tampere, Vaasa.\" \/>\n<meta name=\"robots\" content=\"index, follow, max-snippet:-1, max-image-preview:large, max-video-preview:-1\" \/>\n<link rel=\"canonical\" href=\"https:\/\/nettiseitti.fi\/showroom\/tuote\/absima-micro-crawler-jimny-124-rtr\/\" \/>\n<meta property=\"og:locale\" content=\"fi_FI\" \/>\n<meta property=\"og:type\" content=\"article\" \/>\n<meta property=\"og:title\" content=\"Absima Micro Crawler &quot;Jimny&quot; 1:24 RTR - NettiSeitti\" \/>\n<meta property=\"og:description\" content=\"Suzuki Jimnyn -mallinen crawler RC-auto nelivedolla ja LED-valoilla. Pirkanmaa, Satakunta, Etel\u00e4-Pohjanmaa, Pohjanmaa, Sein\u00e4joki, Sastamala, Tampere, Vaasa.\" \/>\n<meta property=\"og:url\" content=\"https:\/\/nettiseitti.fi\/showroom\/tuote\/absima-micro-crawler-jimny-124-rtr\/\" \/>\n<meta property=\"og:site_name\" content=\"NettiSeitti\" \/>\n<meta property=\"article:modified_time\" content=\"2025-06-15T12:11:47+00:00\" \/>\n<meta property=\"og:image\" content=\"https:\/\/nettiseitti.fi\/showroom\/wp-content\/uploads\/2024\/07\/absima_crawler_jimny.jpg\" \/>\n\t<meta property=\"og:image:width\" content=\"513\" \/>\n\t<meta property=\"og:image:height\" content=\"378\" \/>\n\t<meta property=\"og:image:type\" content=\"image\/jpeg\" \/>\n<meta name=\"twitter:card\" content=\"summary_large_image\" \/>\n<meta name=\"twitter:label1\" content=\"Arvioitu lukuaika\" \/>\n\t<meta name=\"twitter:data1\" content=\"1 minuutti\" \/>\n<script type=\"application\/ld+json\" class=\"yoast-schema-graph\">{\"@context\":\"https:\\\/\\\/schema.org\",\"@graph\":[{\"@type\":\"WebPage\",\"@id\":\"https:\\\/\\\/nettiseitti.fi\\\/showroom\\\/tuote\\\/absima-micro-crawler-jimny-124-rtr\\\/\",\"url\":\"https:\\\/\\\/nettiseitti.fi\\\/showroom\\\/tuote\\\/absima-micro-crawler-jimny-124-rtr\\\/\",\"name\":\"Absima Micro Crawler \\\"Jimny\\\" 1:24 RTR - NettiSeitti\",\"isPartOf\":{\"@id\":\"https:\\\/\\\/nettiseitti.fi\\\/showroom\\\/#website\"},\"primaryImageOfPage\":{\"@id\":\"https:\\\/\\\/nettiseitti.fi\\\/showroom\\\/tuote\\\/absima-micro-crawler-jimny-124-rtr\\\/#primaryimage\"},\"image\":{\"@id\":\"https:\\\/\\\/nettiseitti.fi\\\/showroom\\\/tuote\\\/absima-micro-crawler-jimny-124-rtr\\\/#primaryimage\"},\"thumbnailUrl\":\"https:\\\/\\\/nettiseitti.fi\\\/showroom\\\/wp-content\\\/uploads\\\/2024\\\/07\\\/absima_crawler_jimny.jpg\",\"datePublished\":\"2024-07-27T14:26:16+00:00\",\"dateModified\":\"2025-06-15T12:11:47+00:00\",\"description\":\"Suzuki Jimnyn -mallinen crawler RC-auto nelivedolla ja LED-valoilla. Pirkanmaa, Satakunta, Etel\u00e4-Pohjanmaa, Pohjanmaa, Sein\u00e4joki, Sastamala, Tampere, Vaasa.\",\"breadcrumb\":{\"@id\":\"https:\\\/\\\/nettiseitti.fi\\\/showroom\\\/tuote\\\/absima-micro-crawler-jimny-124-rtr\\\/#breadcrumb\"},\"inLanguage\":\"fi\",\"potentialAction\":[{\"@type\":\"ReadAction\",\"target\":[\"https:\\\/\\\/nettiseitti.fi\\\/showroom\\\/tuote\\\/absima-micro-crawler-jimny-124-rtr\\\/\"]}]},{\"@type\":\"ImageObject\",\"inLanguage\":\"fi\",\"@id\":\"https:\\\/\\\/nettiseitti.fi\\\/showroom\\\/tuote\\\/absima-micro-crawler-jimny-124-rtr\\\/#primaryimage\",\"url\":\"https:\\\/\\\/nettiseitti.fi\\\/showroom\\\/wp-content\\\/uploads\\\/2024\\\/07\\\/absima_crawler_jimny.jpg\",\"contentUrl\":\"https:\\\/\\\/nettiseitti.fi\\\/showroom\\\/wp-content\\\/uploads\\\/2024\\\/07\\\/absima_crawler_jimny.jpg\",\"width\":513,\"height\":378},{\"@type\":\"BreadcrumbList\",\"@id\":\"https:\\\/\\\/nettiseitti.fi\\\/showroom\\\/tuote\\\/absima-micro-crawler-jimny-124-rtr\\\/#breadcrumb\",\"itemListElement\":[{\"@type\":\"ListItem\",\"position\":1,\"name\":\"Etusivu\",\"item\":\"https:\\\/\\\/nettiseitti.fi\\\/showroom\\\/\"},{\"@type\":\"ListItem\",\"position\":2,\"name\":\"Tuotteet\",\"item\":\"https:\\\/\\\/nettiseitti.fi\\\/showroom\\\/tuotteet\\\/\"},{\"@type\":\"ListItem\",\"position\":3,\"name\":\"Absima Micro Crawler &#8221;Jimny&#8221; 1:24 RTR\"}]},{\"@type\":\"WebSite\",\"@id\":\"https:\\\/\\\/nettiseitti.fi\\\/showroom\\\/#website\",\"url\":\"https:\\\/\\\/nettiseitti.fi\\\/showroom\\\/\",\"name\":\"NettiSeitti\",\"description\":\"\",\"publisher\":{\"@id\":\"https:\\\/\\\/nettiseitti.fi\\\/showroom\\\/#organization\"},\"potentialAction\":[{\"@type\":\"SearchAction\",\"target\":{\"@type\":\"EntryPoint\",\"urlTemplate\":\"https:\\\/\\\/nettiseitti.fi\\\/showroom\\\/?s={search_term_string}\"},\"query-input\":{\"@type\":\"PropertyValueSpecification\",\"valueRequired\":true,\"valueName\":\"search_term_string\"}}],\"inLanguage\":\"fi\"},{\"@type\":\"Organization\",\"@id\":\"https:\\\/\\\/nettiseitti.fi\\\/showroom\\\/#organization\",\"name\":\"NettiSeitti\",\"url\":\"https:\\\/\\\/nettiseitti.fi\\\/showroom\\\/\",\"logo\":{\"@type\":\"ImageObject\",\"inLanguage\":\"fi\",\"@id\":\"https:\\\/\\\/nettiseitti.fi\\\/showroom\\\/#\\\/schema\\\/logo\\\/image\\\/\",\"url\":\"https:\\\/\\\/nettiseitti.fi\\\/showroom\\\/wp-content\\\/uploads\\\/2024\\\/03\\\/nettiseitti_lapinakyva_tausta.png\",\"contentUrl\":\"https:\\\/\\\/nettiseitti.fi\\\/showroom\\\/wp-content\\\/uploads\\\/2024\\\/03\\\/nettiseitti_lapinakyva_tausta.png\",\"width\":2176,\"height\":741,\"caption\":\"NettiSeitti\"},\"image\":{\"@id\":\"https:\\\/\\\/nettiseitti.fi\\\/showroom\\\/#\\\/schema\\\/logo\\\/image\\\/\"}}]}<\/script>\n<!-- \/ Yoast SEO plugin. -->","yoast_head_json":{"title":"Absima Micro Crawler \"Jimny\" 1:24 RTR - NettiSeitti","description":"Suzuki Jimnyn -mallinen crawler RC-auto nelivedolla ja LED-valoilla. Pirkanmaa, Satakunta, Etel\u00e4-Pohjanmaa, Pohjanmaa, Sein\u00e4joki, Sastamala, Tampere, Vaasa.","robots":{"index":"index","follow":"follow","max-snippet":"max-snippet:-1","max-image-preview":"max-image-preview:large","max-video-preview":"max-video-preview:-1"},"canonical":"https:\/\/nettiseitti.fi\/showroom\/tuote\/absima-micro-crawler-jimny-124-rtr\/","og_locale":"fi_FI","og_type":"article","og_title":"Absima Micro Crawler \"Jimny\" 1:24 RTR - NettiSeitti","og_description":"Suzuki Jimnyn -mallinen crawler RC-auto nelivedolla ja LED-valoilla. Pirkanmaa, Satakunta, Etel\u00e4-Pohjanmaa, Pohjanmaa, Sein\u00e4joki, Sastamala, Tampere, Vaasa.","og_url":"https:\/\/nettiseitti.fi\/showroom\/tuote\/absima-micro-crawler-jimny-124-rtr\/","og_site_name":"NettiSeitti","article_modified_time":"2025-06-15T12:11:47+00:00","og_image":[{"width":513,"height":378,"url":"https:\/\/nettiseitti.fi\/showroom\/wp-content\/uploads\/2024\/07\/absima_crawler_jimny.jpg","type":"image\/jpeg"}],"twitter_card":"summary_large_image","twitter_misc":{"Arvioitu lukuaika":"1 minuutti"},"schema":{"@context":"https:\/\/schema.org","@graph":[{"@type":"WebPage","@id":"https:\/\/nettiseitti.fi\/showroom\/tuote\/absima-micro-crawler-jimny-124-rtr\/","url":"https:\/\/nettiseitti.fi\/showroom\/tuote\/absima-micro-crawler-jimny-124-rtr\/","name":"Absima Micro Crawler \"Jimny\" 1:24 RTR - NettiSeitti","isPartOf":{"@id":"https:\/\/nettiseitti.fi\/showroom\/#website"},"primaryImageOfPage":{"@id":"https:\/\/nettiseitti.fi\/showroom\/tuote\/absima-micro-crawler-jimny-124-rtr\/#primaryimage"},"image":{"@id":"https:\/\/nettiseitti.fi\/showroom\/tuote\/absima-micro-crawler-jimny-124-rtr\/#primaryimage"},"thumbnailUrl":"https:\/\/nettiseitti.fi\/showroom\/wp-content\/uploads\/2024\/07\/absima_crawler_jimny.jpg","datePublished":"2024-07-27T14:26:16+00:00","dateModified":"2025-06-15T12:11:47+00:00","description":"Suzuki Jimnyn -mallinen crawler RC-auto nelivedolla ja LED-valoilla. Pirkanmaa, Satakunta, Etel\u00e4-Pohjanmaa, Pohjanmaa, Sein\u00e4joki, Sastamala, Tampere, Vaasa.","breadcrumb":{"@id":"https:\/\/nettiseitti.fi\/showroom\/tuote\/absima-micro-crawler-jimny-124-rtr\/#breadcrumb"},"inLanguage":"fi","potentialAction":[{"@type":"ReadAction","target":["https:\/\/nettiseitti.fi\/showroom\/tuote\/absima-micro-crawler-jimny-124-rtr\/"]}]},{"@type":"ImageObject","inLanguage":"fi","@id":"https:\/\/nettiseitti.fi\/showroom\/tuote\/absima-micro-crawler-jimny-124-rtr\/#primaryimage","url":"https:\/\/nettiseitti.fi\/showroom\/wp-content\/uploads\/2024\/07\/absima_crawler_jimny.jpg","contentUrl":"https:\/\/nettiseitti.fi\/showroom\/wp-content\/uploads\/2024\/07\/absima_crawler_jimny.jpg","width":513,"height":378},{"@type":"BreadcrumbList","@id":"https:\/\/nettiseitti.fi\/showroom\/tuote\/absima-micro-crawler-jimny-124-rtr\/#breadcrumb","itemListElement":[{"@type":"ListItem","position":1,"name":"Etusivu","item":"https:\/\/nettiseitti.fi\/showroom\/"},{"@type":"ListItem","position":2,"name":"Tuotteet","item":"https:\/\/nettiseitti.fi\/showroom\/tuotteet\/"},{"@type":"ListItem","position":3,"name":"Absima Micro Crawler &#8221;Jimny&#8221; 1:24 RTR"}]},{"@type":"WebSite","@id":"https:\/\/nettiseitti.fi\/showroom\/#website","url":"https:\/\/nettiseitti.fi\/showroom\/","name":"NettiSeitti","description":"","publisher":{"@id":"https:\/\/nettiseitti.fi\/showroom\/#organization"},"potentialAction":[{"@type":"SearchAction","target":{"@type":"EntryPoint","urlTemplate":"https:\/\/nettiseitti.fi\/showroom\/?s={search_term_string}"},"query-input":{"@type":"PropertyValueSpecification","valueRequired":true,"valueName":"search_term_string"}}],"inLanguage":"fi"},{"@type":"Organization","@id":"https:\/\/nettiseitti.fi\/showroom\/#organization","name":"NettiSeitti","url":"https:\/\/nettiseitti.fi\/showroom\/","logo":{"@type":"ImageObject","inLanguage":"fi","@id":"https:\/\/nettiseitti.fi\/showroom\/#\/schema\/logo\/image\/","url":"https:\/\/nettiseitti.fi\/showroom\/wp-content\/uploads\/2024\/03\/nettiseitti_lapinakyva_tausta.png","contentUrl":"https:\/\/nettiseitti.fi\/showroom\/wp-content\/uploads\/2024\/03\/nettiseitti_lapinakyva_tausta.png","width":2176,"height":741,"caption":"NettiSeitti"},"image":{"@id":"https:\/\/nettiseitti.fi\/showroom\/#\/schema\/logo\/image\/"}}]}},"_links":{"self":[{"href":"https:\/\/nettiseitti.fi\/showroom\/wp-json\/wp\/v2\/product\/13566","targetHints":{"allow":["GET"]}}],"collection":[{"href":"https:\/\/nettiseitti.fi\/showroom\/wp-json\/wp\/v2\/product"}],"about":[{"href":"https:\/\/nettiseitti.fi\/showroom\/wp-json\/wp\/v2\/types\/product"}],"wp:featuredmedia":[{"embeddable":true,"href":"https:\/\/nettiseitti.fi\/showroom\/wp-json\/wp\/v2\/media\/13567"}],"wp:attachment":[{"href":"https:\/\/nettiseitti.fi\/showroom\/wp-json\/wp\/v2\/media?parent=13566"}],"wp:term":[{"taxonomy":"product_brand","embeddable":true,"href":"https:\/\/nettiseitti.fi\/showroom\/wp-json\/wp\/v2\/product_brand?post=13566"},{"taxonomy":"product_cat","embeddable":true,"href":"https:\/\/nettiseitti.fi\/showroom\/wp-json\/wp\/v2\/product_cat?post=13566"},{"taxonomy":"product_tag","embeddable":true,"href":"https:\/\/nettiseitti.fi\/showroom\/wp-json\/wp\/v2\/product_tag?post=13566"}],"curies":[{"name":"wp","href":"https:\/\/api.w.org\/{rel}","templated":true}]}}