{"id":13682,"date":"2024-08-03T21:55:48","date_gmt":"2024-08-03T18:55:48","guid":{"rendered":"https:\/\/nettiseitti.fi\/showroom\/?post_type=product&#038;p=13682"},"modified":"2024-08-03T21:57:50","modified_gmt":"2024-08-03T18:57:50","slug":"varikasettihaku","status":"publish","type":"product","link":"https:\/\/nettiseitti.fi\/showroom\/tuote\/varikasettihaku\/","title":{"rendered":"V\u00e4rikasettihaku"},"content":{"rendered":"<h4 style=\"text-align: center;\">Alla olevasta luettelosta l\u00f6ytyv\u00e4t vain osa kauttamme saatavilla olevista v\u00e4rikaseteista ja varaosista.<br \/>\nMik\u00e4li et l\u00f6yd\u00e4 etsim\u00e4\u00e4si, ota yhteytt\u00e4 meihin niin tarkistamme varaosan saatavuuden my\u00f6s muilta tavarantoimittajiltamme.<br \/>\nValikoimassamme l\u00e4hes kaikki ICT-laitteet ja niiden oheislaitteet uusista tietokoneista huoltopalveluihin sek\u00e4 varaosiin.<\/p>\n<p>Kauttamme v\u00e4rikasetit sek\u00e4 varaosat l\u00e4hes kaikkiin tulostinmalleihin, kysy tarvitsemaasi v\u00e4rikasettia tai varaosaa !<\/p>\n<p>Luettelosta l\u00f6yd\u00e4t mm. v\u00e4rikasetit, tulostinten, monitoimilaitteiden ja kopiokoneiden varaosat (esim. kuvarumpu, siirtohihnayksikk\u00f6, paperin poimintarulla, kiinnitysyksikk\u00f6, hukkav\u00e4ris\u00e4ili\u00f6, erottelurulla, sy\u00f6tt\u00f6rulla, monitoimilaite, siirtorulla yms.) sek\u00e4 osia ja tarvikkeita.<\/p>\n<p>Kauttamme my\u00f6s esim. uudet tulostimet, kopiokoneet, monitoimilaitteet (MFP), tarvikkeet, varaosat yms.<br \/>\nVaraosat valmistajille kuten HP, Laserjet, Canon, ImageRunner, OKI, Kyocera, Xerox, Ricoh, Brother, Dell, Epson, Lexmark, Panasonic, Samsung, Sharp yms.<\/p>\n<p>My\u00f6s toimitus mahdollista riippuen tilatuista tuotteista.<br \/>\nTarkista ajantasaiset saatavuus- ja hintatiedot ottamalla yhteytt\u00e4 meihin.<\/p>\n<p>Tarvittaessa voimme laitetyypist\u00e4 riippuen my\u00f6s asentaa varaosat laitteisiin ja huoltaa laitteet.<br \/>\nPuh. <a href=\"tel:0401523801\">040 1523801<\/a><br \/>\nS\u00e4hk\u00f6posti: myynti [at] nettiseitti.fi<br \/>\n<\/h4>\n<p><iframe src=\"https:\/\/www.eetgroup.com\/fi-fi\/external-guides\/productguide?externalId=3b502460-520b-4152-b578-a2326698ada9&#038;guideId=all\n\" width=\"100%\" height=\"500px\" frameborder=\"0\"><\/p>\n<p>Your browser does not support iframes.<\/p>\n<p><\/iframe><\/p>\n<h3>Vaihtoehtoisesti voit etsi\u00e4 oikean v\u00e4rikasetin tai varaosan k\u00e4ytt\u00e4m\u00e4ll\u00e4 Step-by-step tuoteopasta ja sy\u00f6tt\u00e4m\u00e4ll\u00e4 laitteesi valmistajan \/ mallin alla oleviin kenttiin:<\/h3>\n<p><iframe src=\"https:\/\/www.eetgroup.com\/fi-fi\/external-guides\/productguide?externalId=27df3f06-e0ec-4b0d-91c4-51c2d672ca70&#038;guideId=all\" width=\"100%\" height=\"500px\" frameborder=\"0\"><\/p>\n<p>Your browser does not support iframes.<\/p>\n<p><\/iframe><\/p>\n<p>Ota yhteytt\u00e4:<br \/>\nPuh. <a href=\"tel:0401523801\">040 1523801<\/a><br \/>\nS\u00e4hk\u00f6posti: myynti [at] nettiseitti.fi<\/p>\n","protected":false},"excerpt":{"rendered":"<p>Luettelosta l\u00f6ytyv\u00e4t mm. v\u00e4rikasetit ja varaosat tulostimille, kopiokoneille ja monitoimilaitteille yms.<\/p>\n","protected":false},"featured_media":13669,"template":"","meta":{"neve_meta_sidebar":"","neve_meta_container":"","neve_meta_enable_content_width":"off","neve_meta_content_width":100,"neve_meta_title_alignment":"","neve_meta_author_avatar":"","neve_post_elements_order":"","neve_meta_disable_header":"","neve_meta_disable_footer":"","neve_meta_disable_title":""},"product_brand":[],"product_cat":[484,551,560,550,579],"product_tag":[450,451,146,100,107,459,135,106,457,327,446,448,449,453,447,108,105,145,455,445,456,98,101,104,454,96,99,97,103,102,136,458,452],"class_list":{"0":"post-13682","1":"product","2":"type-product","3":"status-publish","4":"has-post-thumbnail","6":"product_cat-a3-tulostimet","7":"product_cat-kuvarummut","8":"product_cat-monitoimilaitteet-a4-tulostimet","9":"product_cat-varikasetit","10":"product_cat-varikasettihaku","11":"product_tag-ahtari","12":"product_tag-alavus","13":"product_tag-canon","14":"product_tag-etela-pohjanmaa","15":"product_tag-etela-suomi","16":"product_tag-hameenlinna","17":"product_tag-hp","18":"product_tag-huittinen","19":"product_tag-ikaalinen","20":"product_tag-jalasjarvi","21":"product_tag-kankaanpaa","22":"product_tag-karvia","23":"product_tag-kauhajoki","24":"product_tag-kauhava","25":"product_tag-kihnio","26":"product_tag-lansi-suomi","27":"product_tag-lapua","28":"product_tag-laserjet","29":"product_tag-lempaala","30":"product_tag-nokia","31":"product_tag-parkano","32":"product_tag-pirkanmaa","33":"product_tag-pohjanmaa","34":"product_tag-pori","35":"product_tag-rauma","36":"product_tag-sastamala","37":"product_tag-satakunta","38":"product_tag-seinajoki","39":"product_tag-tampere","40":"product_tag-vaasa","41":"product_tag-varikasetti","42":"product_tag-virrat","43":"product_tag-ylojarvi","45":"first","46":"instock","47":"shipping-taxable","48":"product-type-simple"},"yoast_head":"<!-- This site is optimized with the Yoast SEO plugin v27.4 - https:\/\/yoast.com\/product\/yoast-seo-wordpress\/ -->\n<title>V\u00e4rikasettihaku - NettiSeitti<\/title>\n<meta name=\"description\" content=\"Monitoimilaite, kopiokone, tulostin varaosat valmistajille kuten HP, LaserJet, Canon, ImageRunner, Epson, Samsung, Xerox, OKI, Brother, Lexmark. Pirkanmaa\" \/>\n<meta name=\"robots\" content=\"index, follow, max-snippet:-1, max-image-preview:large, max-video-preview:-1\" \/>\n<link rel=\"canonical\" href=\"https:\/\/nettiseitti.fi\/showroom\/tuote\/varikasettihaku\/\" \/>\n<meta property=\"og:locale\" content=\"fi_FI\" \/>\n<meta property=\"og:type\" content=\"article\" \/>\n<meta property=\"og:title\" content=\"V\u00e4rikasettihaku - NettiSeitti\" \/>\n<meta property=\"og:description\" content=\"Monitoimilaite, kopiokone, tulostin varaosat valmistajille kuten HP, LaserJet, Canon, ImageRunner, Epson, Samsung, Xerox, OKI, Brother, Lexmark. Pirkanmaa\" \/>\n<meta property=\"og:url\" content=\"https:\/\/nettiseitti.fi\/showroom\/tuote\/varikasettihaku\/\" \/>\n<meta property=\"og:site_name\" content=\"NettiSeitti\" \/>\n<meta property=\"article:modified_time\" content=\"2024-08-03T18:57:50+00:00\" \/>\n<meta property=\"og:image\" content=\"https:\/\/nettiseitti.fi\/showroom\/wp-content\/uploads\/2024\/08\/laserjet_kuva.jpg\" \/>\n\t<meta property=\"og:image:width\" content=\"2166\" \/>\n\t<meta property=\"og:image:height\" content=\"1438\" \/>\n\t<meta property=\"og:image:type\" content=\"image\/jpeg\" \/>\n<meta name=\"twitter:card\" content=\"summary_large_image\" \/>\n<meta name=\"twitter:label1\" content=\"Arvioitu lukuaika\" \/>\n\t<meta name=\"twitter:data1\" content=\"2 minuuttia\" \/>\n<script type=\"application\/ld+json\" class=\"yoast-schema-graph\">{\"@context\":\"https:\\\/\\\/schema.org\",\"@graph\":[{\"@type\":\"WebPage\",\"@id\":\"https:\\\/\\\/nettiseitti.fi\\\/showroom\\\/tuote\\\/varikasettihaku\\\/\",\"url\":\"https:\\\/\\\/nettiseitti.fi\\\/showroom\\\/tuote\\\/varikasettihaku\\\/\",\"name\":\"V\u00e4rikasettihaku - NettiSeitti\",\"isPartOf\":{\"@id\":\"https:\\\/\\\/nettiseitti.fi\\\/showroom\\\/#website\"},\"primaryImageOfPage\":{\"@id\":\"https:\\\/\\\/nettiseitti.fi\\\/showroom\\\/tuote\\\/varikasettihaku\\\/#primaryimage\"},\"image\":{\"@id\":\"https:\\\/\\\/nettiseitti.fi\\\/showroom\\\/tuote\\\/varikasettihaku\\\/#primaryimage\"},\"thumbnailUrl\":\"https:\\\/\\\/nettiseitti.fi\\\/showroom\\\/wp-content\\\/uploads\\\/2024\\\/08\\\/laserjet_kuva.jpg\",\"datePublished\":\"2024-08-03T18:55:48+00:00\",\"dateModified\":\"2024-08-03T18:57:50+00:00\",\"description\":\"Monitoimilaite, kopiokone, tulostin varaosat valmistajille kuten HP, LaserJet, Canon, ImageRunner, Epson, Samsung, Xerox, OKI, Brother, Lexmark. Pirkanmaa\",\"breadcrumb\":{\"@id\":\"https:\\\/\\\/nettiseitti.fi\\\/showroom\\\/tuote\\\/varikasettihaku\\\/#breadcrumb\"},\"inLanguage\":\"fi\",\"potentialAction\":[{\"@type\":\"ReadAction\",\"target\":[\"https:\\\/\\\/nettiseitti.fi\\\/showroom\\\/tuote\\\/varikasettihaku\\\/\"]}]},{\"@type\":\"ImageObject\",\"inLanguage\":\"fi\",\"@id\":\"https:\\\/\\\/nettiseitti.fi\\\/showroom\\\/tuote\\\/varikasettihaku\\\/#primaryimage\",\"url\":\"https:\\\/\\\/nettiseitti.fi\\\/showroom\\\/wp-content\\\/uploads\\\/2024\\\/08\\\/laserjet_kuva.jpg\",\"contentUrl\":\"https:\\\/\\\/nettiseitti.fi\\\/showroom\\\/wp-content\\\/uploads\\\/2024\\\/08\\\/laserjet_kuva.jpg\",\"width\":2166,\"height\":1438},{\"@type\":\"BreadcrumbList\",\"@id\":\"https:\\\/\\\/nettiseitti.fi\\\/showroom\\\/tuote\\\/varikasettihaku\\\/#breadcrumb\",\"itemListElement\":[{\"@type\":\"ListItem\",\"position\":1,\"name\":\"Etusivu\",\"item\":\"https:\\\/\\\/nettiseitti.fi\\\/showroom\\\/\"},{\"@type\":\"ListItem\",\"position\":2,\"name\":\"Tuotteet\",\"item\":\"https:\\\/\\\/nettiseitti.fi\\\/showroom\\\/tuotteet\\\/\"},{\"@type\":\"ListItem\",\"position\":3,\"name\":\"V\u00e4rikasettihaku\"}]},{\"@type\":\"WebSite\",\"@id\":\"https:\\\/\\\/nettiseitti.fi\\\/showroom\\\/#website\",\"url\":\"https:\\\/\\\/nettiseitti.fi\\\/showroom\\\/\",\"name\":\"NettiSeitti\",\"description\":\"\",\"publisher\":{\"@id\":\"https:\\\/\\\/nettiseitti.fi\\\/showroom\\\/#organization\"},\"potentialAction\":[{\"@type\":\"SearchAction\",\"target\":{\"@type\":\"EntryPoint\",\"urlTemplate\":\"https:\\\/\\\/nettiseitti.fi\\\/showroom\\\/?s={search_term_string}\"},\"query-input\":{\"@type\":\"PropertyValueSpecification\",\"valueRequired\":true,\"valueName\":\"search_term_string\"}}],\"inLanguage\":\"fi\"},{\"@type\":\"Organization\",\"@id\":\"https:\\\/\\\/nettiseitti.fi\\\/showroom\\\/#organization\",\"name\":\"NettiSeitti\",\"url\":\"https:\\\/\\\/nettiseitti.fi\\\/showroom\\\/\",\"logo\":{\"@type\":\"ImageObject\",\"inLanguage\":\"fi\",\"@id\":\"https:\\\/\\\/nettiseitti.fi\\\/showroom\\\/#\\\/schema\\\/logo\\\/image\\\/\",\"url\":\"https:\\\/\\\/nettiseitti.fi\\\/showroom\\\/wp-content\\\/uploads\\\/2024\\\/03\\\/nettiseitti_lapinakyva_tausta.png\",\"contentUrl\":\"https:\\\/\\\/nettiseitti.fi\\\/showroom\\\/wp-content\\\/uploads\\\/2024\\\/03\\\/nettiseitti_lapinakyva_tausta.png\",\"width\":2176,\"height\":741,\"caption\":\"NettiSeitti\"},\"image\":{\"@id\":\"https:\\\/\\\/nettiseitti.fi\\\/showroom\\\/#\\\/schema\\\/logo\\\/image\\\/\"}}]}<\/script>\n<!-- \/ Yoast SEO plugin. -->","yoast_head_json":{"title":"V\u00e4rikasettihaku - NettiSeitti","description":"Monitoimilaite, kopiokone, tulostin varaosat valmistajille kuten HP, LaserJet, Canon, ImageRunner, Epson, Samsung, Xerox, OKI, Brother, Lexmark. Pirkanmaa","robots":{"index":"index","follow":"follow","max-snippet":"max-snippet:-1","max-image-preview":"max-image-preview:large","max-video-preview":"max-video-preview:-1"},"canonical":"https:\/\/nettiseitti.fi\/showroom\/tuote\/varikasettihaku\/","og_locale":"fi_FI","og_type":"article","og_title":"V\u00e4rikasettihaku - NettiSeitti","og_description":"Monitoimilaite, kopiokone, tulostin varaosat valmistajille kuten HP, LaserJet, Canon, ImageRunner, Epson, Samsung, Xerox, OKI, Brother, Lexmark. Pirkanmaa","og_url":"https:\/\/nettiseitti.fi\/showroom\/tuote\/varikasettihaku\/","og_site_name":"NettiSeitti","article_modified_time":"2024-08-03T18:57:50+00:00","og_image":[{"width":2166,"height":1438,"url":"https:\/\/nettiseitti.fi\/showroom\/wp-content\/uploads\/2024\/08\/laserjet_kuva.jpg","type":"image\/jpeg"}],"twitter_card":"summary_large_image","twitter_misc":{"Arvioitu lukuaika":"2 minuuttia"},"schema":{"@context":"https:\/\/schema.org","@graph":[{"@type":"WebPage","@id":"https:\/\/nettiseitti.fi\/showroom\/tuote\/varikasettihaku\/","url":"https:\/\/nettiseitti.fi\/showroom\/tuote\/varikasettihaku\/","name":"V\u00e4rikasettihaku - NettiSeitti","isPartOf":{"@id":"https:\/\/nettiseitti.fi\/showroom\/#website"},"primaryImageOfPage":{"@id":"https:\/\/nettiseitti.fi\/showroom\/tuote\/varikasettihaku\/#primaryimage"},"image":{"@id":"https:\/\/nettiseitti.fi\/showroom\/tuote\/varikasettihaku\/#primaryimage"},"thumbnailUrl":"https:\/\/nettiseitti.fi\/showroom\/wp-content\/uploads\/2024\/08\/laserjet_kuva.jpg","datePublished":"2024-08-03T18:55:48+00:00","dateModified":"2024-08-03T18:57:50+00:00","description":"Monitoimilaite, kopiokone, tulostin varaosat valmistajille kuten HP, LaserJet, Canon, ImageRunner, Epson, Samsung, Xerox, OKI, Brother, Lexmark. Pirkanmaa","breadcrumb":{"@id":"https:\/\/nettiseitti.fi\/showroom\/tuote\/varikasettihaku\/#breadcrumb"},"inLanguage":"fi","potentialAction":[{"@type":"ReadAction","target":["https:\/\/nettiseitti.fi\/showroom\/tuote\/varikasettihaku\/"]}]},{"@type":"ImageObject","inLanguage":"fi","@id":"https:\/\/nettiseitti.fi\/showroom\/tuote\/varikasettihaku\/#primaryimage","url":"https:\/\/nettiseitti.fi\/showroom\/wp-content\/uploads\/2024\/08\/laserjet_kuva.jpg","contentUrl":"https:\/\/nettiseitti.fi\/showroom\/wp-content\/uploads\/2024\/08\/laserjet_kuva.jpg","width":2166,"height":1438},{"@type":"BreadcrumbList","@id":"https:\/\/nettiseitti.fi\/showroom\/tuote\/varikasettihaku\/#breadcrumb","itemListElement":[{"@type":"ListItem","position":1,"name":"Etusivu","item":"https:\/\/nettiseitti.fi\/showroom\/"},{"@type":"ListItem","position":2,"name":"Tuotteet","item":"https:\/\/nettiseitti.fi\/showroom\/tuotteet\/"},{"@type":"ListItem","position":3,"name":"V\u00e4rikasettihaku"}]},{"@type":"WebSite","@id":"https:\/\/nettiseitti.fi\/showroom\/#website","url":"https:\/\/nettiseitti.fi\/showroom\/","name":"NettiSeitti","description":"","publisher":{"@id":"https:\/\/nettiseitti.fi\/showroom\/#organization"},"potentialAction":[{"@type":"SearchAction","target":{"@type":"EntryPoint","urlTemplate":"https:\/\/nettiseitti.fi\/showroom\/?s={search_term_string}"},"query-input":{"@type":"PropertyValueSpecification","valueRequired":true,"valueName":"search_term_string"}}],"inLanguage":"fi"},{"@type":"Organization","@id":"https:\/\/nettiseitti.fi\/showroom\/#organization","name":"NettiSeitti","url":"https:\/\/nettiseitti.fi\/showroom\/","logo":{"@type":"ImageObject","inLanguage":"fi","@id":"https:\/\/nettiseitti.fi\/showroom\/#\/schema\/logo\/image\/","url":"https:\/\/nettiseitti.fi\/showroom\/wp-content\/uploads\/2024\/03\/nettiseitti_lapinakyva_tausta.png","contentUrl":"https:\/\/nettiseitti.fi\/showroom\/wp-content\/uploads\/2024\/03\/nettiseitti_lapinakyva_tausta.png","width":2176,"height":741,"caption":"NettiSeitti"},"image":{"@id":"https:\/\/nettiseitti.fi\/showroom\/#\/schema\/logo\/image\/"}}]}},"_links":{"self":[{"href":"https:\/\/nettiseitti.fi\/showroom\/wp-json\/wp\/v2\/product\/13682","targetHints":{"allow":["GET"]}}],"collection":[{"href":"https:\/\/nettiseitti.fi\/showroom\/wp-json\/wp\/v2\/product"}],"about":[{"href":"https:\/\/nettiseitti.fi\/showroom\/wp-json\/wp\/v2\/types\/product"}],"wp:featuredmedia":[{"embeddable":true,"href":"https:\/\/nettiseitti.fi\/showroom\/wp-json\/wp\/v2\/media\/13669"}],"wp:attachment":[{"href":"https:\/\/nettiseitti.fi\/showroom\/wp-json\/wp\/v2\/media?parent=13682"}],"wp:term":[{"taxonomy":"product_brand","embeddable":true,"href":"https:\/\/nettiseitti.fi\/showroom\/wp-json\/wp\/v2\/product_brand?post=13682"},{"taxonomy":"product_cat","embeddable":true,"href":"https:\/\/nettiseitti.fi\/showroom\/wp-json\/wp\/v2\/product_cat?post=13682"},{"taxonomy":"product_tag","embeddable":true,"href":"https:\/\/nettiseitti.fi\/showroom\/wp-json\/wp\/v2\/product_tag?post=13682"}],"curies":[{"name":"wp","href":"https:\/\/api.w.org\/{rel}","templated":true}]}}