{"id":13690,"date":"2024-08-19T21:45:13","date_gmt":"2024-08-19T18:45:13","guid":{"rendered":"https:\/\/nettiseitti.fi\/showroom\/?post_type=product&#038;p=13690"},"modified":"2024-12-08T14:35:26","modified_gmt":"2024-12-08T12:35:26","slug":"ict-ja-it-palvelut-yrityksille","status":"publish","type":"product","link":"https:\/\/nettiseitti.fi\/showroom\/tuote\/ict-ja-it-palvelut-yrityksille\/","title":{"rendered":"ICT- ja IT-palvelut yrityksille"},"content":{"rendered":"<p>ICT- ja IT-palvelut laajalla tuotevalikoimalla uusista tuotteista huolto- ja tukipalveluihin.<\/p>\n<p>Kauttamme mm.<\/p>\n<ul>\n<li>Yrityskannettavat, p\u00f6yt\u00e4koneet, v\u00e4rikasetit yms.<\/li>\n<li>Ohjelmistolisenssit, esim. Microsoft Office, F-Secure, Windows yms.<\/li>\n<li>Kaapelit, johdot, adapterit, muuntimet yms.<\/li>\n<li>Oheislaitteet, esim. hiiret, n\u00e4pp\u00e4imist\u00f6t, viivakoodinlukijat, tulostimet, n\u00e4yt\u00f6t, tarrakirjoittimet, kuulokkeet yms.<\/li>\n<li>Tarvikkeet, kuten v\u00e4rikasetit, tietokonelaukut, tulostimien ja tietokoneiden sek\u00e4 muiden laitteiden varaosat,<\/li>\n<li>UPS-laitteet<\/li>\n<li>AV-laitteet, mm. projektorit, televisiot, kaiuttimet, mikrofonit, kamerat yms.<\/li>\n<li>Verkkolaitteet, esim. reitittimet, kytkimet, laitteistopalomuurit, toistimet, mediamuuntimet, NAS-verkkolevyasemat yms.<\/li>\n<li>Palveluihimme kuuluvat mm. tietokonehuolto, tulostinhuolto, elektroniikkahuolto, tekninen tuki ja et\u00e4tuki<\/li>\n<\/ul>\n<p>Voimme tarvittaessa noutaa laitteet huoltoon Etel\u00e4- ja L\u00e4nsi-Suomen alueilta,<br \/>\nmatkakustannukset sopimuksen mukaan.<\/p>\n<p>&nbsp;<\/p>\n<p>Ota yhteytt\u00e4:<br \/>\nPuh. <a href=\"tel:0401523801\">040 1523801<\/a><br \/>\nS\u00e4hk\u00f6posti: myynti [at] nettiseitti.fi<br \/>\n<img decoding=\"async\" class=\"alignnone wp-image-12074\" src=\"https:\/\/nettiseitti.fi\/showroom\/wp-content\/uploads\/2024\/03\/hp-300x148.png\" alt=\"\" width=\"134\" height=\"66\" srcset=\"https:\/\/nettiseitti.fi\/showroom\/wp-content\/uploads\/2024\/03\/hp-300x148.png 300w, https:\/\/nettiseitti.fi\/showroom\/wp-content\/uploads\/2024\/03\/hp-600x295.png 600w, https:\/\/nettiseitti.fi\/showroom\/wp-content\/uploads\/2024\/03\/hp.png 638w\" sizes=\"(max-width: 134px) 100vw, 134px\" \/><\/p>\n","protected":false},"excerpt":{"rendered":"<p>IT-palvelut yrityksille laajalla tuotevalikoimalla sek\u00e4 teknisell\u00e4 tuella yms.<\/p>\n","protected":false},"featured_media":13691,"template":"","meta":{"neve_meta_sidebar":"","neve_meta_container":"","neve_meta_enable_content_width":"off","neve_meta_content_width":100,"neve_meta_title_alignment":"","neve_meta_author_avatar":"","neve_post_elements_order":"","neve_meta_disable_header":"","neve_meta_disable_footer":"","neve_meta_disable_title":""},"product_brand":[],"product_cat":[63],"product_tag":[316,450,451,93,100,107,338,459,298,106,200,457,327,302,301,245,214,446,141,448,449,453,447,299,84,108,105,455,328,378,536,90,292,89,445,330,335,88,162,456,98,101,104,398,454,83,96,99,97,103,229,581,283,80,232,388,386,387,102,75,136,82,242,458,216,452,95],"class_list":{"0":"post-13690","1":"product","2":"type-product","3":"status-publish","4":"has-post-thumbnail","6":"product_cat-palvelut","7":"product_tag-adapteri","8":"product_tag-ahtari","9":"product_tag-alavus","10":"product_tag-etatuki","11":"product_tag-etela-pohjanmaa","12":"product_tag-etela-suomi","13":"product_tag-f-secure","14":"product_tag-hameenlinna","15":"product_tag-hiiri","16":"product_tag-huittinen","17":"product_tag-huolto","18":"product_tag-ikaalinen","19":"product_tag-jalasjarvi","20":"product_tag-johto","21":"product_tag-kaapeli","22":"product_tag-kaiutin","23":"product_tag-kamera","24":"product_tag-kankaanpaa","25":"product_tag-kannettava","26":"product_tag-karvia","27":"product_tag-kauhajoki","28":"product_tag-kauhava","29":"product_tag-kihnio","30":"product_tag-kuulokkeet","31":"product_tag-kytkin","32":"product_tag-lansi-suomi","33":"product_tag-lapua","34":"product_tag-lempaala","35":"product_tag-lisenssi","36":"product_tag-mediamuunnin","37":"product_tag-mikrofoni","38":"product_tag-nappaimisto","39":"product_tag-nas-verkkolevypalvelin","40":"product_tag-naytto","41":"product_tag-nokia","42":"product_tag-office","43":"product_tag-office-365","44":"product_tag-oheislaite","45":"product_tag-palomuuri","46":"product_tag-parkano","47":"product_tag-pirkanmaa","48":"product_tag-pohjanmaa","49":"product_tag-pori","50":"product_tag-projektori","51":"product_tag-rauma","52":"product_tag-reititin","53":"product_tag-sastamala","54":"product_tag-satakunta","55":"product_tag-seinajoki","56":"product_tag-tampere","57":"product_tag-tarrakirjoitin","58":"product_tag-tietokone","59":"product_tag-tietokonelaukku","60":"product_tag-tulostin","61":"product_tag-tv","62":"product_tag-ups-laite","63":"product_tag-ups-varavirtalaite","64":"product_tag-ups-varavoimalahde","65":"product_tag-vaasa","66":"product_tag-varaosat","67":"product_tag-varikasetti","68":"product_tag-verkkolaite","69":"product_tag-viivakoodinlukija","70":"product_tag-virrat","71":"product_tag-windows","72":"product_tag-ylojarvi","73":"product_tag-yritys","75":"first","76":"instock","77":"shipping-taxable","78":"product-type-simple"},"yoast_head":"<!-- This site is optimized with the Yoast SEO plugin v27.4 - https:\/\/yoast.com\/product\/yoast-seo-wordpress\/ -->\n<title>ICT- ja IT-palvelut yrityksille - L\u00e4nsi- ja Etel\u00e4-Suomi, Tampere, Pori - NettiSeitti<\/title>\n<meta name=\"description\" content=\"IT-palvelut yrityksille laajalla tuotevalikoimalla sek\u00e4 teknisell\u00e4 tuella yms. Pirkanmaa, Satakunta, Etel\u00e4-Pohjanmaa, Sein\u00e4joki, Sastamala, Pori, Tampere.\" \/>\n<meta name=\"robots\" content=\"index, follow, max-snippet:-1, max-image-preview:large, max-video-preview:-1\" \/>\n<link rel=\"canonical\" href=\"https:\/\/nettiseitti.fi\/showroom\/tuote\/ict-ja-it-palvelut-yrityksille\/\" \/>\n<meta property=\"og:locale\" content=\"fi_FI\" \/>\n<meta property=\"og:type\" content=\"article\" \/>\n<meta property=\"og:title\" content=\"ICT- ja IT-palvelut yrityksille - L\u00e4nsi- ja Etel\u00e4-Suomi, Tampere, Pori - NettiSeitti\" \/>\n<meta property=\"og:description\" content=\"IT-palvelut yrityksille laajalla tuotevalikoimalla sek\u00e4 teknisell\u00e4 tuella yms. Pirkanmaa, Satakunta, Etel\u00e4-Pohjanmaa, Sein\u00e4joki, Sastamala, Pori, Tampere.\" \/>\n<meta property=\"og:url\" content=\"https:\/\/nettiseitti.fi\/showroom\/tuote\/ict-ja-it-palvelut-yrityksille\/\" \/>\n<meta property=\"og:site_name\" content=\"NettiSeitti\" \/>\n<meta property=\"article:modified_time\" content=\"2024-12-08T12:35:26+00:00\" \/>\n<meta property=\"og:image\" content=\"https:\/\/nettiseitti.fi\/showroom\/wp-content\/uploads\/2024\/08\/naytot_tietokoneet.jpg\" \/>\n\t<meta property=\"og:image:width\" content=\"1920\" \/>\n\t<meta property=\"og:image:height\" content=\"1080\" \/>\n\t<meta property=\"og:image:type\" content=\"image\/jpeg\" \/>\n<meta name=\"twitter:card\" content=\"summary_large_image\" \/>\n<meta name=\"twitter:label1\" content=\"Arvioitu lukuaika\" \/>\n\t<meta name=\"twitter:data1\" content=\"2 minuuttia\" \/>\n<script type=\"application\/ld+json\" class=\"yoast-schema-graph\">{\"@context\":\"https:\\\/\\\/schema.org\",\"@graph\":[{\"@type\":\"WebPage\",\"@id\":\"https:\\\/\\\/nettiseitti.fi\\\/showroom\\\/tuote\\\/ict-ja-it-palvelut-yrityksille\\\/\",\"url\":\"https:\\\/\\\/nettiseitti.fi\\\/showroom\\\/tuote\\\/ict-ja-it-palvelut-yrityksille\\\/\",\"name\":\"ICT- ja IT-palvelut yrityksille - L\u00e4nsi- ja Etel\u00e4-Suomi, Tampere, Pori - NettiSeitti\",\"isPartOf\":{\"@id\":\"https:\\\/\\\/nettiseitti.fi\\\/showroom\\\/#website\"},\"primaryImageOfPage\":{\"@id\":\"https:\\\/\\\/nettiseitti.fi\\\/showroom\\\/tuote\\\/ict-ja-it-palvelut-yrityksille\\\/#primaryimage\"},\"image\":{\"@id\":\"https:\\\/\\\/nettiseitti.fi\\\/showroom\\\/tuote\\\/ict-ja-it-palvelut-yrityksille\\\/#primaryimage\"},\"thumbnailUrl\":\"https:\\\/\\\/nettiseitti.fi\\\/showroom\\\/wp-content\\\/uploads\\\/2024\\\/08\\\/naytot_tietokoneet.jpg\",\"datePublished\":\"2024-08-19T18:45:13+00:00\",\"dateModified\":\"2024-12-08T12:35:26+00:00\",\"description\":\"IT-palvelut yrityksille laajalla tuotevalikoimalla sek\u00e4 teknisell\u00e4 tuella yms. Pirkanmaa, Satakunta, Etel\u00e4-Pohjanmaa, Sein\u00e4joki, Sastamala, Pori, Tampere.\",\"breadcrumb\":{\"@id\":\"https:\\\/\\\/nettiseitti.fi\\\/showroom\\\/tuote\\\/ict-ja-it-palvelut-yrityksille\\\/#breadcrumb\"},\"inLanguage\":\"fi\",\"potentialAction\":[{\"@type\":\"ReadAction\",\"target\":[\"https:\\\/\\\/nettiseitti.fi\\\/showroom\\\/tuote\\\/ict-ja-it-palvelut-yrityksille\\\/\"]}]},{\"@type\":\"ImageObject\",\"inLanguage\":\"fi\",\"@id\":\"https:\\\/\\\/nettiseitti.fi\\\/showroom\\\/tuote\\\/ict-ja-it-palvelut-yrityksille\\\/#primaryimage\",\"url\":\"https:\\\/\\\/nettiseitti.fi\\\/showroom\\\/wp-content\\\/uploads\\\/2024\\\/08\\\/naytot_tietokoneet.jpg\",\"contentUrl\":\"https:\\\/\\\/nettiseitti.fi\\\/showroom\\\/wp-content\\\/uploads\\\/2024\\\/08\\\/naytot_tietokoneet.jpg\",\"width\":1920,\"height\":1080},{\"@type\":\"BreadcrumbList\",\"@id\":\"https:\\\/\\\/nettiseitti.fi\\\/showroom\\\/tuote\\\/ict-ja-it-palvelut-yrityksille\\\/#breadcrumb\",\"itemListElement\":[{\"@type\":\"ListItem\",\"position\":1,\"name\":\"Etusivu\",\"item\":\"https:\\\/\\\/nettiseitti.fi\\\/showroom\\\/\"},{\"@type\":\"ListItem\",\"position\":2,\"name\":\"Tuotteet\",\"item\":\"https:\\\/\\\/nettiseitti.fi\\\/showroom\\\/tuotteet\\\/\"},{\"@type\":\"ListItem\",\"position\":3,\"name\":\"ICT- ja IT-palvelut yrityksille\"}]},{\"@type\":\"WebSite\",\"@id\":\"https:\\\/\\\/nettiseitti.fi\\\/showroom\\\/#website\",\"url\":\"https:\\\/\\\/nettiseitti.fi\\\/showroom\\\/\",\"name\":\"NettiSeitti\",\"description\":\"\",\"publisher\":{\"@id\":\"https:\\\/\\\/nettiseitti.fi\\\/showroom\\\/#organization\"},\"potentialAction\":[{\"@type\":\"SearchAction\",\"target\":{\"@type\":\"EntryPoint\",\"urlTemplate\":\"https:\\\/\\\/nettiseitti.fi\\\/showroom\\\/?s={search_term_string}\"},\"query-input\":{\"@type\":\"PropertyValueSpecification\",\"valueRequired\":true,\"valueName\":\"search_term_string\"}}],\"inLanguage\":\"fi\"},{\"@type\":\"Organization\",\"@id\":\"https:\\\/\\\/nettiseitti.fi\\\/showroom\\\/#organization\",\"name\":\"NettiSeitti\",\"url\":\"https:\\\/\\\/nettiseitti.fi\\\/showroom\\\/\",\"logo\":{\"@type\":\"ImageObject\",\"inLanguage\":\"fi\",\"@id\":\"https:\\\/\\\/nettiseitti.fi\\\/showroom\\\/#\\\/schema\\\/logo\\\/image\\\/\",\"url\":\"https:\\\/\\\/nettiseitti.fi\\\/showroom\\\/wp-content\\\/uploads\\\/2024\\\/03\\\/nettiseitti_lapinakyva_tausta.png\",\"contentUrl\":\"https:\\\/\\\/nettiseitti.fi\\\/showroom\\\/wp-content\\\/uploads\\\/2024\\\/03\\\/nettiseitti_lapinakyva_tausta.png\",\"width\":2176,\"height\":741,\"caption\":\"NettiSeitti\"},\"image\":{\"@id\":\"https:\\\/\\\/nettiseitti.fi\\\/showroom\\\/#\\\/schema\\\/logo\\\/image\\\/\"}}]}<\/script>\n<!-- \/ Yoast SEO plugin. -->","yoast_head_json":{"title":"ICT- ja IT-palvelut yrityksille - L\u00e4nsi- ja Etel\u00e4-Suomi, Tampere, Pori - NettiSeitti","description":"IT-palvelut yrityksille laajalla tuotevalikoimalla sek\u00e4 teknisell\u00e4 tuella yms. Pirkanmaa, Satakunta, Etel\u00e4-Pohjanmaa, Sein\u00e4joki, Sastamala, Pori, Tampere.","robots":{"index":"index","follow":"follow","max-snippet":"max-snippet:-1","max-image-preview":"max-image-preview:large","max-video-preview":"max-video-preview:-1"},"canonical":"https:\/\/nettiseitti.fi\/showroom\/tuote\/ict-ja-it-palvelut-yrityksille\/","og_locale":"fi_FI","og_type":"article","og_title":"ICT- ja IT-palvelut yrityksille - L\u00e4nsi- ja Etel\u00e4-Suomi, Tampere, Pori - NettiSeitti","og_description":"IT-palvelut yrityksille laajalla tuotevalikoimalla sek\u00e4 teknisell\u00e4 tuella yms. Pirkanmaa, Satakunta, Etel\u00e4-Pohjanmaa, Sein\u00e4joki, Sastamala, Pori, Tampere.","og_url":"https:\/\/nettiseitti.fi\/showroom\/tuote\/ict-ja-it-palvelut-yrityksille\/","og_site_name":"NettiSeitti","article_modified_time":"2024-12-08T12:35:26+00:00","og_image":[{"width":1920,"height":1080,"url":"https:\/\/nettiseitti.fi\/showroom\/wp-content\/uploads\/2024\/08\/naytot_tietokoneet.jpg","type":"image\/jpeg"}],"twitter_card":"summary_large_image","twitter_misc":{"Arvioitu lukuaika":"2 minuuttia"},"schema":{"@context":"https:\/\/schema.org","@graph":[{"@type":"WebPage","@id":"https:\/\/nettiseitti.fi\/showroom\/tuote\/ict-ja-it-palvelut-yrityksille\/","url":"https:\/\/nettiseitti.fi\/showroom\/tuote\/ict-ja-it-palvelut-yrityksille\/","name":"ICT- ja IT-palvelut yrityksille - L\u00e4nsi- ja Etel\u00e4-Suomi, Tampere, Pori - NettiSeitti","isPartOf":{"@id":"https:\/\/nettiseitti.fi\/showroom\/#website"},"primaryImageOfPage":{"@id":"https:\/\/nettiseitti.fi\/showroom\/tuote\/ict-ja-it-palvelut-yrityksille\/#primaryimage"},"image":{"@id":"https:\/\/nettiseitti.fi\/showroom\/tuote\/ict-ja-it-palvelut-yrityksille\/#primaryimage"},"thumbnailUrl":"https:\/\/nettiseitti.fi\/showroom\/wp-content\/uploads\/2024\/08\/naytot_tietokoneet.jpg","datePublished":"2024-08-19T18:45:13+00:00","dateModified":"2024-12-08T12:35:26+00:00","description":"IT-palvelut yrityksille laajalla tuotevalikoimalla sek\u00e4 teknisell\u00e4 tuella yms. Pirkanmaa, Satakunta, Etel\u00e4-Pohjanmaa, Sein\u00e4joki, Sastamala, Pori, Tampere.","breadcrumb":{"@id":"https:\/\/nettiseitti.fi\/showroom\/tuote\/ict-ja-it-palvelut-yrityksille\/#breadcrumb"},"inLanguage":"fi","potentialAction":[{"@type":"ReadAction","target":["https:\/\/nettiseitti.fi\/showroom\/tuote\/ict-ja-it-palvelut-yrityksille\/"]}]},{"@type":"ImageObject","inLanguage":"fi","@id":"https:\/\/nettiseitti.fi\/showroom\/tuote\/ict-ja-it-palvelut-yrityksille\/#primaryimage","url":"https:\/\/nettiseitti.fi\/showroom\/wp-content\/uploads\/2024\/08\/naytot_tietokoneet.jpg","contentUrl":"https:\/\/nettiseitti.fi\/showroom\/wp-content\/uploads\/2024\/08\/naytot_tietokoneet.jpg","width":1920,"height":1080},{"@type":"BreadcrumbList","@id":"https:\/\/nettiseitti.fi\/showroom\/tuote\/ict-ja-it-palvelut-yrityksille\/#breadcrumb","itemListElement":[{"@type":"ListItem","position":1,"name":"Etusivu","item":"https:\/\/nettiseitti.fi\/showroom\/"},{"@type":"ListItem","position":2,"name":"Tuotteet","item":"https:\/\/nettiseitti.fi\/showroom\/tuotteet\/"},{"@type":"ListItem","position":3,"name":"ICT- ja IT-palvelut yrityksille"}]},{"@type":"WebSite","@id":"https:\/\/nettiseitti.fi\/showroom\/#website","url":"https:\/\/nettiseitti.fi\/showroom\/","name":"NettiSeitti","description":"","publisher":{"@id":"https:\/\/nettiseitti.fi\/showroom\/#organization"},"potentialAction":[{"@type":"SearchAction","target":{"@type":"EntryPoint","urlTemplate":"https:\/\/nettiseitti.fi\/showroom\/?s={search_term_string}"},"query-input":{"@type":"PropertyValueSpecification","valueRequired":true,"valueName":"search_term_string"}}],"inLanguage":"fi"},{"@type":"Organization","@id":"https:\/\/nettiseitti.fi\/showroom\/#organization","name":"NettiSeitti","url":"https:\/\/nettiseitti.fi\/showroom\/","logo":{"@type":"ImageObject","inLanguage":"fi","@id":"https:\/\/nettiseitti.fi\/showroom\/#\/schema\/logo\/image\/","url":"https:\/\/nettiseitti.fi\/showroom\/wp-content\/uploads\/2024\/03\/nettiseitti_lapinakyva_tausta.png","contentUrl":"https:\/\/nettiseitti.fi\/showroom\/wp-content\/uploads\/2024\/03\/nettiseitti_lapinakyva_tausta.png","width":2176,"height":741,"caption":"NettiSeitti"},"image":{"@id":"https:\/\/nettiseitti.fi\/showroom\/#\/schema\/logo\/image\/"}}]}},"_links":{"self":[{"href":"https:\/\/nettiseitti.fi\/showroom\/wp-json\/wp\/v2\/product\/13690","targetHints":{"allow":["GET"]}}],"collection":[{"href":"https:\/\/nettiseitti.fi\/showroom\/wp-json\/wp\/v2\/product"}],"about":[{"href":"https:\/\/nettiseitti.fi\/showroom\/wp-json\/wp\/v2\/types\/product"}],"wp:featuredmedia":[{"embeddable":true,"href":"https:\/\/nettiseitti.fi\/showroom\/wp-json\/wp\/v2\/media\/13691"}],"wp:attachment":[{"href":"https:\/\/nettiseitti.fi\/showroom\/wp-json\/wp\/v2\/media?parent=13690"}],"wp:term":[{"taxonomy":"product_brand","embeddable":true,"href":"https:\/\/nettiseitti.fi\/showroom\/wp-json\/wp\/v2\/product_brand?post=13690"},{"taxonomy":"product_cat","embeddable":true,"href":"https:\/\/nettiseitti.fi\/showroom\/wp-json\/wp\/v2\/product_cat?post=13690"},{"taxonomy":"product_tag","embeddable":true,"href":"https:\/\/nettiseitti.fi\/showroom\/wp-json\/wp\/v2\/product_tag?post=13690"}],"curies":[{"name":"wp","href":"https:\/\/api.w.org\/{rel}","templated":true}]}}