{"id":13826,"date":"2024-10-08T18:33:24","date_gmt":"2024-10-08T15:33:24","guid":{"rendered":"https:\/\/nettiseitti.fi\/showroom\/?post_type=product&#038;p=13826"},"modified":"2024-10-08T18:33:25","modified_gmt":"2024-10-08T15:33:25","slug":"teqcycle-lenovo-thinkpad-t490-14-full-hd-intel-core-i5-8365u-16gb-ddr4-256gb-m-2-ssd-w11-pro-yrityskannettava","status":"publish","type":"product","link":"https:\/\/nettiseitti.fi\/showroom\/tuote\/teqcycle-lenovo-thinkpad-t490-14-full-hd-intel-core-i5-8365u-16gb-ddr4-256gb-m-2-ssd-w11-pro-yrityskannettava\/","title":{"rendered":"TEQCYCLE LENOVO ThinkPad T490 14&#8243; Full HD \/ Intel Core i5-8365U \/ 16GB DDR4 \/ 256GB M.2 SSD \/ W11 Pro -yrityskannettava"},"content":{"rendered":"<p>Tehokas uusiotietokone i5-suorittimella ja 16GB:n muistilla takaa monen ohjelman sujuvan k\u00e4yt\u00f6n samanaikaisesti.<\/p>\n<p>Teqcycle Premium laatuluokitus:<\/p>\n<ul>\n<li>Kahden vuoden nouto-korjaus-palautustakuu<\/li>\n<li>Akun varauskapasiteetti &gt;70% (90pv akkutakuu)<\/li>\n<li>N\u00e4ytt\u00f6paneeli kunnostettu uutta vastaavaksi<\/li>\n<li>Laitteen kansi ja k\u00e4mmentuki pinnoitettu uudelleen<\/li>\n<\/ul>\n<p>&nbsp;<\/p>\n<p>Ominaisuuksia:<\/p>\n<ul>\n<li>256GB M.2 SSD-levy<\/li>\n<li>Intel Core i5-8365U -neliydinprosessori (1.6GHz \/ 4.1GHz)<\/li>\n<li>16GB DDR4 -muistia<\/li>\n<li>Integroitu Intel UHD Graphics -n\u00e4yt\u00f6nohjain<\/li>\n<li>Akun kapasiteetti n. 50Wh<\/li>\n<li>Mekaaninen telakointiliitin laitteen kyljess\u00e4<\/li>\n<li>14.0&#8243; Full HD IPS-n\u00e4ytt\u00f6 (1920\u00d71080)<\/li>\n<li>Stereokaiuttimet 2x 2W Dolby Audio Premium<\/li>\n<li>HD720p webbikamera ja ThinkShutter suoja<\/li>\n<li>Windows 11 Pro -k\u00e4ytt\u00f6j\u00e4rjestelm\u00e4<\/li>\n<li>Liit\u00e4nn\u00e4t: HDMI 1.4b, Thunderbolt 3, USB-C Gen1, 2x USB3.1, RJ-45 Ethernet, 3.5mm audio combo, Bluetooth, WiFi, muistikortinlukija<\/li>\n<\/ul>\n<p>Kauttamme my\u00f6s muut kannettavat ja tarvikkeet, ota yhteytt\u00e4 !<\/p>\n<p>Kysy ajantasainen hinnasto ja lis\u00e4tietoja ottamalla meihin yhteytt\u00e4.<br \/>\nMy\u00f6s toimitus mahdollista riippuen tilatuista tuotteista.<\/p>\n<p>Ota yhteytt\u00e4:<br \/>\nPuh. <a href=\"tel:0401523801\">040 1523801<\/a><br \/>\nS\u00e4hk\u00f6posti: myynti [at] nettiseitti.fi<\/p>\n","protected":false},"excerpt":{"rendered":"<p>Yritystason uusiokannettava erinomaisella hinta-laatusuhteella esim. opiskelu- tai yritysk\u00e4ytt\u00f6\u00f6n.<\/p>\n","protected":false},"featured_media":13827,"template":"","meta":{"neve_meta_sidebar":"","neve_meta_container":"","neve_meta_enable_content_width":"off","neve_meta_content_width":100,"neve_meta_title_alignment":"","neve_meta_author_avatar":"","neve_post_elements_order":"","neve_meta_disable_header":"","neve_meta_disable_footer":"","neve_meta_disable_title":""},"product_brand":[],"product_cat":[480],"product_tag":[450,451,100,107,459,106,457,327,446,141,448,449,453,447,108,105,455,445,456,98,101,104,454,96,99,97,103,102,458,452,129],"class_list":{"0":"post-13826","1":"product","2":"type-product","3":"status-publish","4":"has-post-thumbnail","6":"product_cat-kannettavat","7":"product_tag-ahtari","8":"product_tag-alavus","9":"product_tag-etela-pohjanmaa","10":"product_tag-etela-suomi","11":"product_tag-hameenlinna","12":"product_tag-huittinen","13":"product_tag-ikaalinen","14":"product_tag-jalasjarvi","15":"product_tag-kankaanpaa","16":"product_tag-kannettava","17":"product_tag-karvia","18":"product_tag-kauhajoki","19":"product_tag-kauhava","20":"product_tag-kihnio","21":"product_tag-lansi-suomi","22":"product_tag-lapua","23":"product_tag-lempaala","24":"product_tag-nokia","25":"product_tag-parkano","26":"product_tag-pirkanmaa","27":"product_tag-pohjanmaa","28":"product_tag-pori","29":"product_tag-rauma","30":"product_tag-sastamala","31":"product_tag-satakunta","32":"product_tag-seinajoki","33":"product_tag-tampere","34":"product_tag-vaasa","35":"product_tag-virrat","36":"product_tag-ylojarvi","37":"product_tag-yrityslappari","39":"first","40":"instock","41":"shipping-taxable","42":"product-type-simple"},"yoast_head":"<!-- This site is optimized with the Yoast SEO plugin v27.4 - https:\/\/yoast.com\/product\/yoast-seo-wordpress\/ -->\n<title>TEQCYCLE LENOVO ThinkPad T490 14&quot; Full HD \/ Intel Core i5-8365U \/ 16GB DDR4 \/ 256GB M.2 SSD \/ W11 Pro -yrityskannettava - NettiSeitti<\/title>\n<meta name=\"description\" content=\"Yritystason uusiokannettava erinomaisella hinta-laatusuhteella esim. opiskelu- tai yritysk\u00e4ytt\u00f6\u00f6n. Pirkanmaa, Satakunta, Etel\u00e4-Pohjanmaa, Pohjanmaa, Pori.\" \/>\n<meta name=\"robots\" content=\"index, follow, max-snippet:-1, max-image-preview:large, max-video-preview:-1\" \/>\n<link rel=\"canonical\" href=\"https:\/\/nettiseitti.fi\/showroom\/tuote\/teqcycle-lenovo-thinkpad-t490-14-full-hd-intel-core-i5-8365u-16gb-ddr4-256gb-m-2-ssd-w11-pro-yrityskannettava\/\" \/>\n<meta property=\"og:locale\" content=\"fi_FI\" \/>\n<meta property=\"og:type\" content=\"article\" \/>\n<meta property=\"og:title\" content=\"TEQCYCLE LENOVO ThinkPad T490 14&quot; Full HD \/ Intel Core i5-8365U \/ 16GB DDR4 \/ 256GB M.2 SSD \/ W11 Pro -yrityskannettava - NettiSeitti\" \/>\n<meta property=\"og:description\" content=\"Yritystason uusiokannettava erinomaisella hinta-laatusuhteella esim. opiskelu- tai yritysk\u00e4ytt\u00f6\u00f6n. Pirkanmaa, Satakunta, Etel\u00e4-Pohjanmaa, Pohjanmaa, Pori.\" \/>\n<meta property=\"og:url\" content=\"https:\/\/nettiseitti.fi\/showroom\/tuote\/teqcycle-lenovo-thinkpad-t490-14-full-hd-intel-core-i5-8365u-16gb-ddr4-256gb-m-2-ssd-w11-pro-yrityskannettava\/\" \/>\n<meta property=\"og:site_name\" content=\"NettiSeitti\" \/>\n<meta property=\"article:modified_time\" content=\"2024-10-08T15:33:25+00:00\" \/>\n<meta property=\"og:image\" content=\"https:\/\/nettiseitti.fi\/showroom\/wp-content\/uploads\/2024\/10\/uusio_lenovo_thinkpad_t490.jpg\" \/>\n\t<meta property=\"og:image:width\" content=\"813\" \/>\n\t<meta property=\"og:image:height\" content=\"784\" \/>\n\t<meta property=\"og:image:type\" content=\"image\/jpeg\" \/>\n<meta name=\"twitter:card\" content=\"summary_large_image\" \/>\n<meta name=\"twitter:label1\" content=\"Arvioitu lukuaika\" \/>\n\t<meta name=\"twitter:data1\" content=\"1 minuutti\" \/>\n<script type=\"application\/ld+json\" class=\"yoast-schema-graph\">{\"@context\":\"https:\\\/\\\/schema.org\",\"@graph\":[{\"@type\":\"WebPage\",\"@id\":\"https:\\\/\\\/nettiseitti.fi\\\/showroom\\\/tuote\\\/teqcycle-lenovo-thinkpad-t490-14-full-hd-intel-core-i5-8365u-16gb-ddr4-256gb-m-2-ssd-w11-pro-yrityskannettava\\\/\",\"url\":\"https:\\\/\\\/nettiseitti.fi\\\/showroom\\\/tuote\\\/teqcycle-lenovo-thinkpad-t490-14-full-hd-intel-core-i5-8365u-16gb-ddr4-256gb-m-2-ssd-w11-pro-yrityskannettava\\\/\",\"name\":\"TEQCYCLE LENOVO ThinkPad T490 14\\\" Full HD \\\/ Intel Core i5-8365U \\\/ 16GB DDR4 \\\/ 256GB M.2 SSD \\\/ W11 Pro -yrityskannettava - NettiSeitti\",\"isPartOf\":{\"@id\":\"https:\\\/\\\/nettiseitti.fi\\\/showroom\\\/#website\"},\"primaryImageOfPage\":{\"@id\":\"https:\\\/\\\/nettiseitti.fi\\\/showroom\\\/tuote\\\/teqcycle-lenovo-thinkpad-t490-14-full-hd-intel-core-i5-8365u-16gb-ddr4-256gb-m-2-ssd-w11-pro-yrityskannettava\\\/#primaryimage\"},\"image\":{\"@id\":\"https:\\\/\\\/nettiseitti.fi\\\/showroom\\\/tuote\\\/teqcycle-lenovo-thinkpad-t490-14-full-hd-intel-core-i5-8365u-16gb-ddr4-256gb-m-2-ssd-w11-pro-yrityskannettava\\\/#primaryimage\"},\"thumbnailUrl\":\"https:\\\/\\\/nettiseitti.fi\\\/showroom\\\/wp-content\\\/uploads\\\/2024\\\/10\\\/uusio_lenovo_thinkpad_t490.jpg\",\"datePublished\":\"2024-10-08T15:33:24+00:00\",\"dateModified\":\"2024-10-08T15:33:25+00:00\",\"description\":\"Yritystason uusiokannettava erinomaisella hinta-laatusuhteella esim. opiskelu- tai yritysk\u00e4ytt\u00f6\u00f6n. Pirkanmaa, Satakunta, Etel\u00e4-Pohjanmaa, Pohjanmaa, Pori.\",\"breadcrumb\":{\"@id\":\"https:\\\/\\\/nettiseitti.fi\\\/showroom\\\/tuote\\\/teqcycle-lenovo-thinkpad-t490-14-full-hd-intel-core-i5-8365u-16gb-ddr4-256gb-m-2-ssd-w11-pro-yrityskannettava\\\/#breadcrumb\"},\"inLanguage\":\"fi\",\"potentialAction\":[{\"@type\":\"ReadAction\",\"target\":[\"https:\\\/\\\/nettiseitti.fi\\\/showroom\\\/tuote\\\/teqcycle-lenovo-thinkpad-t490-14-full-hd-intel-core-i5-8365u-16gb-ddr4-256gb-m-2-ssd-w11-pro-yrityskannettava\\\/\"]}]},{\"@type\":\"ImageObject\",\"inLanguage\":\"fi\",\"@id\":\"https:\\\/\\\/nettiseitti.fi\\\/showroom\\\/tuote\\\/teqcycle-lenovo-thinkpad-t490-14-full-hd-intel-core-i5-8365u-16gb-ddr4-256gb-m-2-ssd-w11-pro-yrityskannettava\\\/#primaryimage\",\"url\":\"https:\\\/\\\/nettiseitti.fi\\\/showroom\\\/wp-content\\\/uploads\\\/2024\\\/10\\\/uusio_lenovo_thinkpad_t490.jpg\",\"contentUrl\":\"https:\\\/\\\/nettiseitti.fi\\\/showroom\\\/wp-content\\\/uploads\\\/2024\\\/10\\\/uusio_lenovo_thinkpad_t490.jpg\",\"width\":813,\"height\":784},{\"@type\":\"BreadcrumbList\",\"@id\":\"https:\\\/\\\/nettiseitti.fi\\\/showroom\\\/tuote\\\/teqcycle-lenovo-thinkpad-t490-14-full-hd-intel-core-i5-8365u-16gb-ddr4-256gb-m-2-ssd-w11-pro-yrityskannettava\\\/#breadcrumb\",\"itemListElement\":[{\"@type\":\"ListItem\",\"position\":1,\"name\":\"Etusivu\",\"item\":\"https:\\\/\\\/nettiseitti.fi\\\/showroom\\\/\"},{\"@type\":\"ListItem\",\"position\":2,\"name\":\"Tuotteet\",\"item\":\"https:\\\/\\\/nettiseitti.fi\\\/showroom\\\/tuotteet\\\/\"},{\"@type\":\"ListItem\",\"position\":3,\"name\":\"TEQCYCLE LENOVO ThinkPad T490 14&#8243; Full HD \\\/ Intel Core i5-8365U \\\/ 16GB DDR4 \\\/ 256GB M.2 SSD \\\/ W11 Pro -yrityskannettava\"}]},{\"@type\":\"WebSite\",\"@id\":\"https:\\\/\\\/nettiseitti.fi\\\/showroom\\\/#website\",\"url\":\"https:\\\/\\\/nettiseitti.fi\\\/showroom\\\/\",\"name\":\"NettiSeitti\",\"description\":\"\",\"publisher\":{\"@id\":\"https:\\\/\\\/nettiseitti.fi\\\/showroom\\\/#organization\"},\"potentialAction\":[{\"@type\":\"SearchAction\",\"target\":{\"@type\":\"EntryPoint\",\"urlTemplate\":\"https:\\\/\\\/nettiseitti.fi\\\/showroom\\\/?s={search_term_string}\"},\"query-input\":{\"@type\":\"PropertyValueSpecification\",\"valueRequired\":true,\"valueName\":\"search_term_string\"}}],\"inLanguage\":\"fi\"},{\"@type\":\"Organization\",\"@id\":\"https:\\\/\\\/nettiseitti.fi\\\/showroom\\\/#organization\",\"name\":\"NettiSeitti\",\"url\":\"https:\\\/\\\/nettiseitti.fi\\\/showroom\\\/\",\"logo\":{\"@type\":\"ImageObject\",\"inLanguage\":\"fi\",\"@id\":\"https:\\\/\\\/nettiseitti.fi\\\/showroom\\\/#\\\/schema\\\/logo\\\/image\\\/\",\"url\":\"https:\\\/\\\/nettiseitti.fi\\\/showroom\\\/wp-content\\\/uploads\\\/2024\\\/03\\\/nettiseitti_lapinakyva_tausta.png\",\"contentUrl\":\"https:\\\/\\\/nettiseitti.fi\\\/showroom\\\/wp-content\\\/uploads\\\/2024\\\/03\\\/nettiseitti_lapinakyva_tausta.png\",\"width\":2176,\"height\":741,\"caption\":\"NettiSeitti\"},\"image\":{\"@id\":\"https:\\\/\\\/nettiseitti.fi\\\/showroom\\\/#\\\/schema\\\/logo\\\/image\\\/\"}}]}<\/script>\n<!-- \/ Yoast SEO plugin. -->","yoast_head_json":{"title":"TEQCYCLE LENOVO ThinkPad T490 14\" Full HD \/ Intel Core i5-8365U \/ 16GB DDR4 \/ 256GB M.2 SSD \/ W11 Pro -yrityskannettava - NettiSeitti","description":"Yritystason uusiokannettava erinomaisella hinta-laatusuhteella esim. opiskelu- tai yritysk\u00e4ytt\u00f6\u00f6n. Pirkanmaa, Satakunta, Etel\u00e4-Pohjanmaa, Pohjanmaa, Pori.","robots":{"index":"index","follow":"follow","max-snippet":"max-snippet:-1","max-image-preview":"max-image-preview:large","max-video-preview":"max-video-preview:-1"},"canonical":"https:\/\/nettiseitti.fi\/showroom\/tuote\/teqcycle-lenovo-thinkpad-t490-14-full-hd-intel-core-i5-8365u-16gb-ddr4-256gb-m-2-ssd-w11-pro-yrityskannettava\/","og_locale":"fi_FI","og_type":"article","og_title":"TEQCYCLE LENOVO ThinkPad T490 14\" Full HD \/ Intel Core i5-8365U \/ 16GB DDR4 \/ 256GB M.2 SSD \/ W11 Pro -yrityskannettava - NettiSeitti","og_description":"Yritystason uusiokannettava erinomaisella hinta-laatusuhteella esim. opiskelu- tai yritysk\u00e4ytt\u00f6\u00f6n. Pirkanmaa, Satakunta, Etel\u00e4-Pohjanmaa, Pohjanmaa, Pori.","og_url":"https:\/\/nettiseitti.fi\/showroom\/tuote\/teqcycle-lenovo-thinkpad-t490-14-full-hd-intel-core-i5-8365u-16gb-ddr4-256gb-m-2-ssd-w11-pro-yrityskannettava\/","og_site_name":"NettiSeitti","article_modified_time":"2024-10-08T15:33:25+00:00","og_image":[{"width":813,"height":784,"url":"https:\/\/nettiseitti.fi\/showroom\/wp-content\/uploads\/2024\/10\/uusio_lenovo_thinkpad_t490.jpg","type":"image\/jpeg"}],"twitter_card":"summary_large_image","twitter_misc":{"Arvioitu lukuaika":"1 minuutti"},"schema":{"@context":"https:\/\/schema.org","@graph":[{"@type":"WebPage","@id":"https:\/\/nettiseitti.fi\/showroom\/tuote\/teqcycle-lenovo-thinkpad-t490-14-full-hd-intel-core-i5-8365u-16gb-ddr4-256gb-m-2-ssd-w11-pro-yrityskannettava\/","url":"https:\/\/nettiseitti.fi\/showroom\/tuote\/teqcycle-lenovo-thinkpad-t490-14-full-hd-intel-core-i5-8365u-16gb-ddr4-256gb-m-2-ssd-w11-pro-yrityskannettava\/","name":"TEQCYCLE LENOVO ThinkPad T490 14\" Full HD \/ Intel Core i5-8365U \/ 16GB DDR4 \/ 256GB M.2 SSD \/ W11 Pro -yrityskannettava - NettiSeitti","isPartOf":{"@id":"https:\/\/nettiseitti.fi\/showroom\/#website"},"primaryImageOfPage":{"@id":"https:\/\/nettiseitti.fi\/showroom\/tuote\/teqcycle-lenovo-thinkpad-t490-14-full-hd-intel-core-i5-8365u-16gb-ddr4-256gb-m-2-ssd-w11-pro-yrityskannettava\/#primaryimage"},"image":{"@id":"https:\/\/nettiseitti.fi\/showroom\/tuote\/teqcycle-lenovo-thinkpad-t490-14-full-hd-intel-core-i5-8365u-16gb-ddr4-256gb-m-2-ssd-w11-pro-yrityskannettava\/#primaryimage"},"thumbnailUrl":"https:\/\/nettiseitti.fi\/showroom\/wp-content\/uploads\/2024\/10\/uusio_lenovo_thinkpad_t490.jpg","datePublished":"2024-10-08T15:33:24+00:00","dateModified":"2024-10-08T15:33:25+00:00","description":"Yritystason uusiokannettava erinomaisella hinta-laatusuhteella esim. opiskelu- tai yritysk\u00e4ytt\u00f6\u00f6n. Pirkanmaa, Satakunta, Etel\u00e4-Pohjanmaa, Pohjanmaa, Pori.","breadcrumb":{"@id":"https:\/\/nettiseitti.fi\/showroom\/tuote\/teqcycle-lenovo-thinkpad-t490-14-full-hd-intel-core-i5-8365u-16gb-ddr4-256gb-m-2-ssd-w11-pro-yrityskannettava\/#breadcrumb"},"inLanguage":"fi","potentialAction":[{"@type":"ReadAction","target":["https:\/\/nettiseitti.fi\/showroom\/tuote\/teqcycle-lenovo-thinkpad-t490-14-full-hd-intel-core-i5-8365u-16gb-ddr4-256gb-m-2-ssd-w11-pro-yrityskannettava\/"]}]},{"@type":"ImageObject","inLanguage":"fi","@id":"https:\/\/nettiseitti.fi\/showroom\/tuote\/teqcycle-lenovo-thinkpad-t490-14-full-hd-intel-core-i5-8365u-16gb-ddr4-256gb-m-2-ssd-w11-pro-yrityskannettava\/#primaryimage","url":"https:\/\/nettiseitti.fi\/showroom\/wp-content\/uploads\/2024\/10\/uusio_lenovo_thinkpad_t490.jpg","contentUrl":"https:\/\/nettiseitti.fi\/showroom\/wp-content\/uploads\/2024\/10\/uusio_lenovo_thinkpad_t490.jpg","width":813,"height":784},{"@type":"BreadcrumbList","@id":"https:\/\/nettiseitti.fi\/showroom\/tuote\/teqcycle-lenovo-thinkpad-t490-14-full-hd-intel-core-i5-8365u-16gb-ddr4-256gb-m-2-ssd-w11-pro-yrityskannettava\/#breadcrumb","itemListElement":[{"@type":"ListItem","position":1,"name":"Etusivu","item":"https:\/\/nettiseitti.fi\/showroom\/"},{"@type":"ListItem","position":2,"name":"Tuotteet","item":"https:\/\/nettiseitti.fi\/showroom\/tuotteet\/"},{"@type":"ListItem","position":3,"name":"TEQCYCLE LENOVO ThinkPad T490 14&#8243; Full HD \/ Intel Core i5-8365U \/ 16GB DDR4 \/ 256GB M.2 SSD \/ W11 Pro -yrityskannettava"}]},{"@type":"WebSite","@id":"https:\/\/nettiseitti.fi\/showroom\/#website","url":"https:\/\/nettiseitti.fi\/showroom\/","name":"NettiSeitti","description":"","publisher":{"@id":"https:\/\/nettiseitti.fi\/showroom\/#organization"},"potentialAction":[{"@type":"SearchAction","target":{"@type":"EntryPoint","urlTemplate":"https:\/\/nettiseitti.fi\/showroom\/?s={search_term_string}"},"query-input":{"@type":"PropertyValueSpecification","valueRequired":true,"valueName":"search_term_string"}}],"inLanguage":"fi"},{"@type":"Organization","@id":"https:\/\/nettiseitti.fi\/showroom\/#organization","name":"NettiSeitti","url":"https:\/\/nettiseitti.fi\/showroom\/","logo":{"@type":"ImageObject","inLanguage":"fi","@id":"https:\/\/nettiseitti.fi\/showroom\/#\/schema\/logo\/image\/","url":"https:\/\/nettiseitti.fi\/showroom\/wp-content\/uploads\/2024\/03\/nettiseitti_lapinakyva_tausta.png","contentUrl":"https:\/\/nettiseitti.fi\/showroom\/wp-content\/uploads\/2024\/03\/nettiseitti_lapinakyva_tausta.png","width":2176,"height":741,"caption":"NettiSeitti"},"image":{"@id":"https:\/\/nettiseitti.fi\/showroom\/#\/schema\/logo\/image\/"}}]}},"_links":{"self":[{"href":"https:\/\/nettiseitti.fi\/showroom\/wp-json\/wp\/v2\/product\/13826","targetHints":{"allow":["GET"]}}],"collection":[{"href":"https:\/\/nettiseitti.fi\/showroom\/wp-json\/wp\/v2\/product"}],"about":[{"href":"https:\/\/nettiseitti.fi\/showroom\/wp-json\/wp\/v2\/types\/product"}],"wp:featuredmedia":[{"embeddable":true,"href":"https:\/\/nettiseitti.fi\/showroom\/wp-json\/wp\/v2\/media\/13827"}],"wp:attachment":[{"href":"https:\/\/nettiseitti.fi\/showroom\/wp-json\/wp\/v2\/media?parent=13826"}],"wp:term":[{"taxonomy":"product_brand","embeddable":true,"href":"https:\/\/nettiseitti.fi\/showroom\/wp-json\/wp\/v2\/product_brand?post=13826"},{"taxonomy":"product_cat","embeddable":true,"href":"https:\/\/nettiseitti.fi\/showroom\/wp-json\/wp\/v2\/product_cat?post=13826"},{"taxonomy":"product_tag","embeddable":true,"href":"https:\/\/nettiseitti.fi\/showroom\/wp-json\/wp\/v2\/product_tag?post=13826"}],"curies":[{"name":"wp","href":"https:\/\/api.w.org\/{rel}","templated":true}]}}