{"id":13872,"date":"2024-11-05T19:08:03","date_gmt":"2024-11-05T17:08:03","guid":{"rendered":"https:\/\/nettiseitti.fi\/showroom\/?post_type=product&#038;p=13872"},"modified":"2024-11-05T19:08:07","modified_gmt":"2024-11-05T17:08:07","slug":"philips-az127-soundmachine-cd-kasettidekki-fm-radio","status":"publish","type":"product","link":"https:\/\/nettiseitti.fi\/showroom\/tuote\/philips-az127-soundmachine-cd-kasettidekki-fm-radio\/","title":{"rendered":"Philips AZ127 SOUNDMACHINE CD \/ kasettidekki \/ FM -radio"},"content":{"rendered":"<p>Radio, jossa mm. CD- ja kasettisoitin sek\u00e4 FM-vastaanotin.<\/p>\n<p>Ominaisuuksia:<\/p>\n<ul>\n<li>Kaksi sis\u00e4\u00e4nrakennettua kaiutinta, stereo\u00e4\u00e4ni<\/li>\n<li>CD-soitin<\/li>\n<li>Kasettisoitin<\/li>\n<li>FM-viritin<\/li>\n<li>Dynamic Bass Boost -bassotehostus<\/li>\n<li>3.5 mm:n \u00e4\u00e4nitulo<\/li>\n<li>Verkkovirta- tai paristok\u00e4ytt\u00f6 (6x C-paristo, ei sis\u00e4lly)<\/li>\n<\/ul>\n<p>Kauttamme my\u00f6s muut radiot ja \u00e4\u00e4nentoistolaitteet, ota yhteytt\u00e4 !<\/p>\n<p>Kysy ajantasainen hinnasto ja lis\u00e4tietoja ottamalla meihin yhteytt\u00e4.<br \/>\nMy\u00f6s toimitus mahdollista riippuen tilatuista tuotteista.<\/p>\n<p>Ota yhteytt\u00e4:<br \/>\nPuh. <a href=\"tel:0401523801\">040 1523801<\/a><br \/>\nS\u00e4hk\u00f6posti: myynti [at] nettiseitti.fi<\/p>\n","protected":false},"excerpt":{"rendered":"<p>FM-radio CD- ja kasettisoittimella, t\u00e4rkeimm\u00e4t ominaisuudet yhdess\u00e4 laitteessa.<\/p>\n","protected":false},"featured_media":13873,"template":"","meta":{"neve_meta_sidebar":"","neve_meta_container":"","neve_meta_enable_content_width":"off","neve_meta_content_width":100,"neve_meta_title_alignment":"","neve_meta_author_avatar":"","neve_post_elements_order":"","neve_meta_disable_header":"","neve_meta_disable_footer":"","neve_meta_disable_title":""},"product_brand":[],"product_cat":[600],"product_tag":[450,451,100,107,459,106,457,327,446,448,449,453,447,108,105,455,445,456,98,101,104,123,454,96,99,97,103,253,102,458,452],"class_list":{"0":"post-13872","1":"product","2":"type-product","3":"status-publish","4":"has-post-thumbnail","6":"product_cat-radiot","7":"product_tag-ahtari","8":"product_tag-alavus","9":"product_tag-etela-pohjanmaa","10":"product_tag-etela-suomi","11":"product_tag-hameenlinna","12":"product_tag-huittinen","13":"product_tag-ikaalinen","14":"product_tag-jalasjarvi","15":"product_tag-kankaanpaa","16":"product_tag-karvia","17":"product_tag-kauhajoki","18":"product_tag-kauhava","19":"product_tag-kihnio","20":"product_tag-lansi-suomi","21":"product_tag-lapua","22":"product_tag-lempaala","23":"product_tag-nokia","24":"product_tag-parkano","25":"product_tag-pirkanmaa","26":"product_tag-pohjanmaa","27":"product_tag-pori","28":"product_tag-radiovastaanotin","29":"product_tag-rauma","30":"product_tag-sastamala","31":"product_tag-satakunta","32":"product_tag-seinajoki","33":"product_tag-tampere","34":"product_tag-ula","35":"product_tag-vaasa","36":"product_tag-virrat","37":"product_tag-ylojarvi","39":"first","40":"instock","41":"shipping-taxable","42":"product-type-simple"},"yoast_head":"<!-- This site is optimized with the Yoast SEO plugin v27.4 - https:\/\/yoast.com\/product\/yoast-seo-wordpress\/ -->\n<title>Philips AZ127 SOUNDMACHINE CD \/ kasettidekki \/ FM -radio - NettiSeitti<\/title>\n<meta name=\"description\" content=\"FM-radio CD- ja kasettisoittimella, t\u00e4rkeimm\u00e4t ominaisuudet yhdess\u00e4 laitteessa. Pirkanmaa, Satakunta, Etel\u00e4-Pohjanmaa, Pohjanmaa, Sein\u00e4joki, Sastamala, Pori\" \/>\n<meta name=\"robots\" content=\"index, follow, max-snippet:-1, max-image-preview:large, max-video-preview:-1\" \/>\n<link rel=\"canonical\" href=\"https:\/\/nettiseitti.fi\/showroom\/tuote\/philips-az127-soundmachine-cd-kasettidekki-fm-radio\/\" \/>\n<meta property=\"og:locale\" content=\"fi_FI\" \/>\n<meta property=\"og:type\" content=\"article\" \/>\n<meta property=\"og:title\" content=\"Philips AZ127 SOUNDMACHINE CD \/ kasettidekki \/ FM -radio - NettiSeitti\" \/>\n<meta property=\"og:description\" content=\"FM-radio CD- ja kasettisoittimella, t\u00e4rkeimm\u00e4t ominaisuudet yhdess\u00e4 laitteessa. Pirkanmaa, Satakunta, Etel\u00e4-Pohjanmaa, Pohjanmaa, Sein\u00e4joki, Sastamala, Pori\" \/>\n<meta property=\"og:url\" content=\"https:\/\/nettiseitti.fi\/showroom\/tuote\/philips-az127-soundmachine-cd-kasettidekki-fm-radio\/\" \/>\n<meta property=\"og:site_name\" content=\"NettiSeitti\" \/>\n<meta property=\"article:modified_time\" content=\"2024-11-05T17:08:07+00:00\" \/>\n<meta property=\"og:image\" content=\"https:\/\/nettiseitti.fi\/showroom\/wp-content\/uploads\/2024\/11\/philips_az127.jpg\" \/>\n\t<meta property=\"og:image:width\" content=\"596\" \/>\n\t<meta property=\"og:image:height\" content=\"571\" \/>\n\t<meta property=\"og:image:type\" content=\"image\/jpeg\" \/>\n<meta name=\"twitter:card\" content=\"summary_large_image\" \/>\n<meta name=\"twitter:label1\" content=\"Arvioitu lukuaika\" \/>\n\t<meta name=\"twitter:data1\" content=\"1 minuutti\" \/>\n<script type=\"application\/ld+json\" class=\"yoast-schema-graph\">{\"@context\":\"https:\\\/\\\/schema.org\",\"@graph\":[{\"@type\":\"WebPage\",\"@id\":\"https:\\\/\\\/nettiseitti.fi\\\/showroom\\\/tuote\\\/philips-az127-soundmachine-cd-kasettidekki-fm-radio\\\/\",\"url\":\"https:\\\/\\\/nettiseitti.fi\\\/showroom\\\/tuote\\\/philips-az127-soundmachine-cd-kasettidekki-fm-radio\\\/\",\"name\":\"Philips AZ127 SOUNDMACHINE CD \\\/ kasettidekki \\\/ FM -radio - NettiSeitti\",\"isPartOf\":{\"@id\":\"https:\\\/\\\/nettiseitti.fi\\\/showroom\\\/#website\"},\"primaryImageOfPage\":{\"@id\":\"https:\\\/\\\/nettiseitti.fi\\\/showroom\\\/tuote\\\/philips-az127-soundmachine-cd-kasettidekki-fm-radio\\\/#primaryimage\"},\"image\":{\"@id\":\"https:\\\/\\\/nettiseitti.fi\\\/showroom\\\/tuote\\\/philips-az127-soundmachine-cd-kasettidekki-fm-radio\\\/#primaryimage\"},\"thumbnailUrl\":\"https:\\\/\\\/nettiseitti.fi\\\/showroom\\\/wp-content\\\/uploads\\\/2024\\\/11\\\/philips_az127.jpg\",\"datePublished\":\"2024-11-05T17:08:03+00:00\",\"dateModified\":\"2024-11-05T17:08:07+00:00\",\"description\":\"FM-radio CD- ja kasettisoittimella, t\u00e4rkeimm\u00e4t ominaisuudet yhdess\u00e4 laitteessa. Pirkanmaa, Satakunta, Etel\u00e4-Pohjanmaa, Pohjanmaa, Sein\u00e4joki, Sastamala, Pori\",\"breadcrumb\":{\"@id\":\"https:\\\/\\\/nettiseitti.fi\\\/showroom\\\/tuote\\\/philips-az127-soundmachine-cd-kasettidekki-fm-radio\\\/#breadcrumb\"},\"inLanguage\":\"fi\",\"potentialAction\":[{\"@type\":\"ReadAction\",\"target\":[\"https:\\\/\\\/nettiseitti.fi\\\/showroom\\\/tuote\\\/philips-az127-soundmachine-cd-kasettidekki-fm-radio\\\/\"]}]},{\"@type\":\"ImageObject\",\"inLanguage\":\"fi\",\"@id\":\"https:\\\/\\\/nettiseitti.fi\\\/showroom\\\/tuote\\\/philips-az127-soundmachine-cd-kasettidekki-fm-radio\\\/#primaryimage\",\"url\":\"https:\\\/\\\/nettiseitti.fi\\\/showroom\\\/wp-content\\\/uploads\\\/2024\\\/11\\\/philips_az127.jpg\",\"contentUrl\":\"https:\\\/\\\/nettiseitti.fi\\\/showroom\\\/wp-content\\\/uploads\\\/2024\\\/11\\\/philips_az127.jpg\",\"width\":596,\"height\":571},{\"@type\":\"BreadcrumbList\",\"@id\":\"https:\\\/\\\/nettiseitti.fi\\\/showroom\\\/tuote\\\/philips-az127-soundmachine-cd-kasettidekki-fm-radio\\\/#breadcrumb\",\"itemListElement\":[{\"@type\":\"ListItem\",\"position\":1,\"name\":\"Etusivu\",\"item\":\"https:\\\/\\\/nettiseitti.fi\\\/showroom\\\/\"},{\"@type\":\"ListItem\",\"position\":2,\"name\":\"Tuotteet\",\"item\":\"https:\\\/\\\/nettiseitti.fi\\\/showroom\\\/tuotteet\\\/\"},{\"@type\":\"ListItem\",\"position\":3,\"name\":\"Philips AZ127 SOUNDMACHINE CD \\\/ kasettidekki \\\/ FM -radio\"}]},{\"@type\":\"WebSite\",\"@id\":\"https:\\\/\\\/nettiseitti.fi\\\/showroom\\\/#website\",\"url\":\"https:\\\/\\\/nettiseitti.fi\\\/showroom\\\/\",\"name\":\"NettiSeitti\",\"description\":\"\",\"publisher\":{\"@id\":\"https:\\\/\\\/nettiseitti.fi\\\/showroom\\\/#organization\"},\"potentialAction\":[{\"@type\":\"SearchAction\",\"target\":{\"@type\":\"EntryPoint\",\"urlTemplate\":\"https:\\\/\\\/nettiseitti.fi\\\/showroom\\\/?s={search_term_string}\"},\"query-input\":{\"@type\":\"PropertyValueSpecification\",\"valueRequired\":true,\"valueName\":\"search_term_string\"}}],\"inLanguage\":\"fi\"},{\"@type\":\"Organization\",\"@id\":\"https:\\\/\\\/nettiseitti.fi\\\/showroom\\\/#organization\",\"name\":\"NettiSeitti\",\"url\":\"https:\\\/\\\/nettiseitti.fi\\\/showroom\\\/\",\"logo\":{\"@type\":\"ImageObject\",\"inLanguage\":\"fi\",\"@id\":\"https:\\\/\\\/nettiseitti.fi\\\/showroom\\\/#\\\/schema\\\/logo\\\/image\\\/\",\"url\":\"https:\\\/\\\/nettiseitti.fi\\\/showroom\\\/wp-content\\\/uploads\\\/2024\\\/03\\\/nettiseitti_lapinakyva_tausta.png\",\"contentUrl\":\"https:\\\/\\\/nettiseitti.fi\\\/showroom\\\/wp-content\\\/uploads\\\/2024\\\/03\\\/nettiseitti_lapinakyva_tausta.png\",\"width\":2176,\"height\":741,\"caption\":\"NettiSeitti\"},\"image\":{\"@id\":\"https:\\\/\\\/nettiseitti.fi\\\/showroom\\\/#\\\/schema\\\/logo\\\/image\\\/\"}}]}<\/script>\n<!-- \/ Yoast SEO plugin. -->","yoast_head_json":{"title":"Philips AZ127 SOUNDMACHINE CD \/ kasettidekki \/ FM -radio - NettiSeitti","description":"FM-radio CD- ja kasettisoittimella, t\u00e4rkeimm\u00e4t ominaisuudet yhdess\u00e4 laitteessa. Pirkanmaa, Satakunta, Etel\u00e4-Pohjanmaa, Pohjanmaa, Sein\u00e4joki, Sastamala, Pori","robots":{"index":"index","follow":"follow","max-snippet":"max-snippet:-1","max-image-preview":"max-image-preview:large","max-video-preview":"max-video-preview:-1"},"canonical":"https:\/\/nettiseitti.fi\/showroom\/tuote\/philips-az127-soundmachine-cd-kasettidekki-fm-radio\/","og_locale":"fi_FI","og_type":"article","og_title":"Philips AZ127 SOUNDMACHINE CD \/ kasettidekki \/ FM -radio - NettiSeitti","og_description":"FM-radio CD- ja kasettisoittimella, t\u00e4rkeimm\u00e4t ominaisuudet yhdess\u00e4 laitteessa. Pirkanmaa, Satakunta, Etel\u00e4-Pohjanmaa, Pohjanmaa, Sein\u00e4joki, Sastamala, Pori","og_url":"https:\/\/nettiseitti.fi\/showroom\/tuote\/philips-az127-soundmachine-cd-kasettidekki-fm-radio\/","og_site_name":"NettiSeitti","article_modified_time":"2024-11-05T17:08:07+00:00","og_image":[{"width":596,"height":571,"url":"https:\/\/nettiseitti.fi\/showroom\/wp-content\/uploads\/2024\/11\/philips_az127.jpg","type":"image\/jpeg"}],"twitter_card":"summary_large_image","twitter_misc":{"Arvioitu lukuaika":"1 minuutti"},"schema":{"@context":"https:\/\/schema.org","@graph":[{"@type":"WebPage","@id":"https:\/\/nettiseitti.fi\/showroom\/tuote\/philips-az127-soundmachine-cd-kasettidekki-fm-radio\/","url":"https:\/\/nettiseitti.fi\/showroom\/tuote\/philips-az127-soundmachine-cd-kasettidekki-fm-radio\/","name":"Philips AZ127 SOUNDMACHINE CD \/ kasettidekki \/ FM -radio - NettiSeitti","isPartOf":{"@id":"https:\/\/nettiseitti.fi\/showroom\/#website"},"primaryImageOfPage":{"@id":"https:\/\/nettiseitti.fi\/showroom\/tuote\/philips-az127-soundmachine-cd-kasettidekki-fm-radio\/#primaryimage"},"image":{"@id":"https:\/\/nettiseitti.fi\/showroom\/tuote\/philips-az127-soundmachine-cd-kasettidekki-fm-radio\/#primaryimage"},"thumbnailUrl":"https:\/\/nettiseitti.fi\/showroom\/wp-content\/uploads\/2024\/11\/philips_az127.jpg","datePublished":"2024-11-05T17:08:03+00:00","dateModified":"2024-11-05T17:08:07+00:00","description":"FM-radio CD- ja kasettisoittimella, t\u00e4rkeimm\u00e4t ominaisuudet yhdess\u00e4 laitteessa. Pirkanmaa, Satakunta, Etel\u00e4-Pohjanmaa, Pohjanmaa, Sein\u00e4joki, Sastamala, Pori","breadcrumb":{"@id":"https:\/\/nettiseitti.fi\/showroom\/tuote\/philips-az127-soundmachine-cd-kasettidekki-fm-radio\/#breadcrumb"},"inLanguage":"fi","potentialAction":[{"@type":"ReadAction","target":["https:\/\/nettiseitti.fi\/showroom\/tuote\/philips-az127-soundmachine-cd-kasettidekki-fm-radio\/"]}]},{"@type":"ImageObject","inLanguage":"fi","@id":"https:\/\/nettiseitti.fi\/showroom\/tuote\/philips-az127-soundmachine-cd-kasettidekki-fm-radio\/#primaryimage","url":"https:\/\/nettiseitti.fi\/showroom\/wp-content\/uploads\/2024\/11\/philips_az127.jpg","contentUrl":"https:\/\/nettiseitti.fi\/showroom\/wp-content\/uploads\/2024\/11\/philips_az127.jpg","width":596,"height":571},{"@type":"BreadcrumbList","@id":"https:\/\/nettiseitti.fi\/showroom\/tuote\/philips-az127-soundmachine-cd-kasettidekki-fm-radio\/#breadcrumb","itemListElement":[{"@type":"ListItem","position":1,"name":"Etusivu","item":"https:\/\/nettiseitti.fi\/showroom\/"},{"@type":"ListItem","position":2,"name":"Tuotteet","item":"https:\/\/nettiseitti.fi\/showroom\/tuotteet\/"},{"@type":"ListItem","position":3,"name":"Philips AZ127 SOUNDMACHINE CD \/ kasettidekki \/ FM -radio"}]},{"@type":"WebSite","@id":"https:\/\/nettiseitti.fi\/showroom\/#website","url":"https:\/\/nettiseitti.fi\/showroom\/","name":"NettiSeitti","description":"","publisher":{"@id":"https:\/\/nettiseitti.fi\/showroom\/#organization"},"potentialAction":[{"@type":"SearchAction","target":{"@type":"EntryPoint","urlTemplate":"https:\/\/nettiseitti.fi\/showroom\/?s={search_term_string}"},"query-input":{"@type":"PropertyValueSpecification","valueRequired":true,"valueName":"search_term_string"}}],"inLanguage":"fi"},{"@type":"Organization","@id":"https:\/\/nettiseitti.fi\/showroom\/#organization","name":"NettiSeitti","url":"https:\/\/nettiseitti.fi\/showroom\/","logo":{"@type":"ImageObject","inLanguage":"fi","@id":"https:\/\/nettiseitti.fi\/showroom\/#\/schema\/logo\/image\/","url":"https:\/\/nettiseitti.fi\/showroom\/wp-content\/uploads\/2024\/03\/nettiseitti_lapinakyva_tausta.png","contentUrl":"https:\/\/nettiseitti.fi\/showroom\/wp-content\/uploads\/2024\/03\/nettiseitti_lapinakyva_tausta.png","width":2176,"height":741,"caption":"NettiSeitti"},"image":{"@id":"https:\/\/nettiseitti.fi\/showroom\/#\/schema\/logo\/image\/"}}]}},"_links":{"self":[{"href":"https:\/\/nettiseitti.fi\/showroom\/wp-json\/wp\/v2\/product\/13872","targetHints":{"allow":["GET"]}}],"collection":[{"href":"https:\/\/nettiseitti.fi\/showroom\/wp-json\/wp\/v2\/product"}],"about":[{"href":"https:\/\/nettiseitti.fi\/showroom\/wp-json\/wp\/v2\/types\/product"}],"wp:featuredmedia":[{"embeddable":true,"href":"https:\/\/nettiseitti.fi\/showroom\/wp-json\/wp\/v2\/media\/13873"}],"wp:attachment":[{"href":"https:\/\/nettiseitti.fi\/showroom\/wp-json\/wp\/v2\/media?parent=13872"}],"wp:term":[{"taxonomy":"product_brand","embeddable":true,"href":"https:\/\/nettiseitti.fi\/showroom\/wp-json\/wp\/v2\/product_brand?post=13872"},{"taxonomy":"product_cat","embeddable":true,"href":"https:\/\/nettiseitti.fi\/showroom\/wp-json\/wp\/v2\/product_cat?post=13872"},{"taxonomy":"product_tag","embeddable":true,"href":"https:\/\/nettiseitti.fi\/showroom\/wp-json\/wp\/v2\/product_tag?post=13872"}],"curies":[{"name":"wp","href":"https:\/\/api.w.org\/{rel}","templated":true}]}}