{"id":13879,"date":"2024-11-11T20:30:31","date_gmt":"2024-11-11T18:30:31","guid":{"rendered":"https:\/\/nettiseitti.fi\/showroom\/?post_type=product&#038;p=13879"},"modified":"2024-11-11T20:30:33","modified_gmt":"2024-11-11T18:30:33","slug":"hp-zbook-15u-g5-15-6-full-hd-intel-core-i7-8550u-amd-radeon-pro-wx-3100-2gb-32gb-ddr4-512gb-ssd-w11-pro-tehokannettava-refurbished","status":"publish","type":"product","link":"https:\/\/nettiseitti.fi\/showroom\/tuote\/hp-zbook-15u-g5-15-6-full-hd-intel-core-i7-8550u-amd-radeon-pro-wx-3100-2gb-32gb-ddr4-512gb-ssd-w11-pro-tehokannettava-refurbished\/","title":{"rendered":"HP ZBook 15u G5 15.6&#8243; Full HD \/ Intel Core i7-8550U \/ AMD Radeon Pro WX 3100 2GB \/ 32GB DDR4 \/ 512GB SSD \/ W11 Pro -tehokannettava, Refurbished"},"content":{"rendered":"<p>Kunnostettu tehoty\u00f6asema vaativaan ammattik\u00e4ytt\u00f6\u00f6n.<br \/>\nKannettava soveltuu esim. suunnitteluty\u00f6h\u00f6n ja suorituskyky\u00e4 vaativien ohjelmien suoritukseen.<\/p>\n<p>Kuntoluokka:<\/p>\n<ul>\n<li>A \u2013 Yleisilmeelt\u00e4\u00e4n siisti, v\u00e4h\u00e4isi\u00e4 k\u00e4yt\u00f6n j\u00e4lki\u00e4 voi esiinty\u00e4.<\/li>\n<li>Takuu: 24kk (akku 3kk)<\/li>\n<li>Pakkaus sis\u00e4lt\u00e4\u00e4: Tietokoneen ja virtal\u00e4hteen<\/li>\n<\/ul>\n<p>&nbsp;<\/p>\n<p>Ominaisuuksia:<\/p>\n<ul>\n<li>512GB SSD-levy<\/li>\n<li>Intel Core i7-8550U -neliydinprosessori (1.8GHz \/ 4GHz)<\/li>\n<li>32GB DDR4 -muistia<\/li>\n<li>Erillinen AMD Radeon Pro WX 3100 2GB GDDR5 -n\u00e4yt\u00f6nohjain ja integroitu Intel UHD Graphics 620 -n\u00e4yt\u00f6nohjain<\/li>\n<li>Akun kapasiteetti n. 56Wh, k\u00e4ytt\u00f6aika n. 2-3h (arvio perusk\u00e4yt\u00f6ll\u00e4)<\/li>\n<li>15.6&#8243; Full HD IPS-n\u00e4ytt\u00f6 (1920\u00d71080)<\/li>\n<li>Stereokaiuttimet<\/li>\n<li>HD720p webbikamera<\/li>\n<li>Windows 11 Pro -k\u00e4ytt\u00f6j\u00e4rjestelm\u00e4<\/li>\n<li>Erillinen numeron\u00e4pp\u00e4imist\u00f6<\/li>\n<li>Telakkaliit\u00e4nt\u00e4<\/li>\n<li>Liit\u00e4nn\u00e4t: HDMI, telakkaliit\u00e4nt\u00e4, 2x USB 3.0, 1x USB 3.1 Gen 1, RJ-45 Ethernet, 3.5mm audio combo, Bluetooth, WiFi<\/li>\n<\/ul>\n<p>Kauttamme my\u00f6s muut kannettavat ja tarvikkeet, ota yhteytt\u00e4 !<\/p>\n<p>Kysy ajantasainen hinnasto ja lis\u00e4tietoja ottamalla meihin yhteytt\u00e4.<br \/>\nMy\u00f6s toimitus mahdollista riippuen tilatuista tuotteista.<\/p>\n<p>Ota yhteytt\u00e4:<br \/>\nPuh. <a href=\"tel:0401523801\">040 1523801<\/a><br \/>\nS\u00e4hk\u00f6posti: myynti [at] nettiseitti.fi<\/p>\n<p><img decoding=\"async\" class=\"alignnone wp-image-12074\" src=\"https:\/\/nettiseitti.fi\/showroom\/wp-content\/uploads\/2024\/03\/hp-300x148.png\" alt=\"\" width=\"144\" height=\"71\" srcset=\"https:\/\/nettiseitti.fi\/showroom\/wp-content\/uploads\/2024\/03\/hp-300x148.png 300w, https:\/\/nettiseitti.fi\/showroom\/wp-content\/uploads\/2024\/03\/hp-600x295.png 600w, https:\/\/nettiseitti.fi\/showroom\/wp-content\/uploads\/2024\/03\/hp.png 638w\" sizes=\"(max-width: 144px) 100vw, 144px\" \/><\/p>\n","protected":false},"excerpt":{"rendered":"<p>Tehokas yrityskannettava erillisell\u00e4 n\u00e4yt\u00f6nohjaimella ammattik\u00e4ytt\u00f6\u00f6n.<\/p>\n","protected":false},"featured_media":13880,"template":"","meta":{"neve_meta_sidebar":"","neve_meta_container":"","neve_meta_enable_content_width":"off","neve_meta_content_width":100,"neve_meta_title_alignment":"","neve_meta_author_avatar":"","neve_post_elements_order":"","neve_meta_disable_header":"","neve_meta_disable_footer":"","neve_meta_disable_title":""},"product_brand":[],"product_cat":[480],"product_tag":[450,451,100,107,459,106,457,327,446,141,448,449,453,447,108,105,455,138,445,456,98,101,104,454,96,99,97,103,102,458,452,95,129],"class_list":{"0":"post-13879","1":"product","2":"type-product","3":"status-publish","4":"has-post-thumbnail","6":"product_cat-kannettavat","7":"product_tag-ahtari","8":"product_tag-alavus","9":"product_tag-etela-pohjanmaa","10":"product_tag-etela-suomi","11":"product_tag-hameenlinna","12":"product_tag-huittinen","13":"product_tag-ikaalinen","14":"product_tag-jalasjarvi","15":"product_tag-kankaanpaa","16":"product_tag-kannettava","17":"product_tag-karvia","18":"product_tag-kauhajoki","19":"product_tag-kauhava","20":"product_tag-kihnio","21":"product_tag-lansi-suomi","22":"product_tag-lapua","23":"product_tag-lempaala","24":"product_tag-naytonohjain","25":"product_tag-nokia","26":"product_tag-parkano","27":"product_tag-pirkanmaa","28":"product_tag-pohjanmaa","29":"product_tag-pori","30":"product_tag-rauma","31":"product_tag-sastamala","32":"product_tag-satakunta","33":"product_tag-seinajoki","34":"product_tag-tampere","35":"product_tag-vaasa","36":"product_tag-virrat","37":"product_tag-ylojarvi","38":"product_tag-yritys","39":"product_tag-yrityslappari","41":"first","42":"instock","43":"shipping-taxable","44":"product-type-simple"},"yoast_head":"<!-- This site is optimized with the Yoast SEO plugin v27.4 - https:\/\/yoast.com\/product\/yoast-seo-wordpress\/ -->\n<title>HP ZBook 15u G5 15.6&quot; Full HD \/ Intel Core i7-8550U \/ AMD Radeon Pro WX 3100 2GB \/ 32GB DDR4 \/ 512GB SSD \/ W11 Pro -tehokannettava, Refurbished - NettiSeitti<\/title>\n<meta name=\"description\" content=\"Tehokas yrityskannettava erillisell\u00e4 n\u00e4yt\u00f6nohjaimella ammattik\u00e4ytt\u00f6\u00f6n. Pirkanmaa, Satakunta, Etel\u00e4-Pohjanmaa, Pohjanmaa, Sein\u00e4joki, Sastamala, Tampere, Pori\" \/>\n<meta name=\"robots\" content=\"index, follow, max-snippet:-1, max-image-preview:large, max-video-preview:-1\" \/>\n<link rel=\"canonical\" href=\"https:\/\/nettiseitti.fi\/showroom\/tuote\/hp-zbook-15u-g5-15-6-full-hd-intel-core-i7-8550u-amd-radeon-pro-wx-3100-2gb-32gb-ddr4-512gb-ssd-w11-pro-tehokannettava-refurbished\/\" \/>\n<meta property=\"og:locale\" content=\"fi_FI\" \/>\n<meta property=\"og:type\" content=\"article\" \/>\n<meta property=\"og:title\" content=\"HP ZBook 15u G5 15.6&quot; Full HD \/ Intel Core i7-8550U \/ AMD Radeon Pro WX 3100 2GB \/ 32GB DDR4 \/ 512GB SSD \/ W11 Pro -tehokannettava, Refurbished - NettiSeitti\" \/>\n<meta property=\"og:description\" content=\"Tehokas yrityskannettava erillisell\u00e4 n\u00e4yt\u00f6nohjaimella ammattik\u00e4ytt\u00f6\u00f6n. Pirkanmaa, Satakunta, Etel\u00e4-Pohjanmaa, Pohjanmaa, Sein\u00e4joki, Sastamala, Tampere, Pori\" \/>\n<meta property=\"og:url\" content=\"https:\/\/nettiseitti.fi\/showroom\/tuote\/hp-zbook-15u-g5-15-6-full-hd-intel-core-i7-8550u-amd-radeon-pro-wx-3100-2gb-32gb-ddr4-512gb-ssd-w11-pro-tehokannettava-refurbished\/\" \/>\n<meta property=\"og:site_name\" content=\"NettiSeitti\" \/>\n<meta property=\"article:modified_time\" content=\"2024-11-11T18:30:33+00:00\" \/>\n<meta property=\"og:image\" content=\"https:\/\/nettiseitti.fi\/showroom\/wp-content\/uploads\/2024\/11\/hp_zbook_15u_g5.jpg\" \/>\n\t<meta property=\"og:image:width\" content=\"896\" \/>\n\t<meta property=\"og:image:height\" content=\"725\" \/>\n\t<meta property=\"og:image:type\" content=\"image\/jpeg\" \/>\n<meta name=\"twitter:card\" content=\"summary_large_image\" \/>\n<meta name=\"twitter:label1\" content=\"Arvioitu lukuaika\" \/>\n\t<meta name=\"twitter:data1\" content=\"2 minuuttia\" \/>\n<script type=\"application\/ld+json\" class=\"yoast-schema-graph\">{\"@context\":\"https:\\\/\\\/schema.org\",\"@graph\":[{\"@type\":\"WebPage\",\"@id\":\"https:\\\/\\\/nettiseitti.fi\\\/showroom\\\/tuote\\\/hp-zbook-15u-g5-15-6-full-hd-intel-core-i7-8550u-amd-radeon-pro-wx-3100-2gb-32gb-ddr4-512gb-ssd-w11-pro-tehokannettava-refurbished\\\/\",\"url\":\"https:\\\/\\\/nettiseitti.fi\\\/showroom\\\/tuote\\\/hp-zbook-15u-g5-15-6-full-hd-intel-core-i7-8550u-amd-radeon-pro-wx-3100-2gb-32gb-ddr4-512gb-ssd-w11-pro-tehokannettava-refurbished\\\/\",\"name\":\"HP ZBook 15u G5 15.6\\\" Full HD \\\/ Intel Core i7-8550U \\\/ AMD Radeon Pro WX 3100 2GB \\\/ 32GB DDR4 \\\/ 512GB SSD \\\/ W11 Pro -tehokannettava, Refurbished - NettiSeitti\",\"isPartOf\":{\"@id\":\"https:\\\/\\\/nettiseitti.fi\\\/showroom\\\/#website\"},\"primaryImageOfPage\":{\"@id\":\"https:\\\/\\\/nettiseitti.fi\\\/showroom\\\/tuote\\\/hp-zbook-15u-g5-15-6-full-hd-intel-core-i7-8550u-amd-radeon-pro-wx-3100-2gb-32gb-ddr4-512gb-ssd-w11-pro-tehokannettava-refurbished\\\/#primaryimage\"},\"image\":{\"@id\":\"https:\\\/\\\/nettiseitti.fi\\\/showroom\\\/tuote\\\/hp-zbook-15u-g5-15-6-full-hd-intel-core-i7-8550u-amd-radeon-pro-wx-3100-2gb-32gb-ddr4-512gb-ssd-w11-pro-tehokannettava-refurbished\\\/#primaryimage\"},\"thumbnailUrl\":\"https:\\\/\\\/nettiseitti.fi\\\/showroom\\\/wp-content\\\/uploads\\\/2024\\\/11\\\/hp_zbook_15u_g5.jpg\",\"datePublished\":\"2024-11-11T18:30:31+00:00\",\"dateModified\":\"2024-11-11T18:30:33+00:00\",\"description\":\"Tehokas yrityskannettava erillisell\u00e4 n\u00e4yt\u00f6nohjaimella ammattik\u00e4ytt\u00f6\u00f6n. Pirkanmaa, Satakunta, Etel\u00e4-Pohjanmaa, Pohjanmaa, Sein\u00e4joki, Sastamala, Tampere, Pori\",\"breadcrumb\":{\"@id\":\"https:\\\/\\\/nettiseitti.fi\\\/showroom\\\/tuote\\\/hp-zbook-15u-g5-15-6-full-hd-intel-core-i7-8550u-amd-radeon-pro-wx-3100-2gb-32gb-ddr4-512gb-ssd-w11-pro-tehokannettava-refurbished\\\/#breadcrumb\"},\"inLanguage\":\"fi\",\"potentialAction\":[{\"@type\":\"ReadAction\",\"target\":[\"https:\\\/\\\/nettiseitti.fi\\\/showroom\\\/tuote\\\/hp-zbook-15u-g5-15-6-full-hd-intel-core-i7-8550u-amd-radeon-pro-wx-3100-2gb-32gb-ddr4-512gb-ssd-w11-pro-tehokannettava-refurbished\\\/\"]}]},{\"@type\":\"ImageObject\",\"inLanguage\":\"fi\",\"@id\":\"https:\\\/\\\/nettiseitti.fi\\\/showroom\\\/tuote\\\/hp-zbook-15u-g5-15-6-full-hd-intel-core-i7-8550u-amd-radeon-pro-wx-3100-2gb-32gb-ddr4-512gb-ssd-w11-pro-tehokannettava-refurbished\\\/#primaryimage\",\"url\":\"https:\\\/\\\/nettiseitti.fi\\\/showroom\\\/wp-content\\\/uploads\\\/2024\\\/11\\\/hp_zbook_15u_g5.jpg\",\"contentUrl\":\"https:\\\/\\\/nettiseitti.fi\\\/showroom\\\/wp-content\\\/uploads\\\/2024\\\/11\\\/hp_zbook_15u_g5.jpg\",\"width\":896,\"height\":725},{\"@type\":\"BreadcrumbList\",\"@id\":\"https:\\\/\\\/nettiseitti.fi\\\/showroom\\\/tuote\\\/hp-zbook-15u-g5-15-6-full-hd-intel-core-i7-8550u-amd-radeon-pro-wx-3100-2gb-32gb-ddr4-512gb-ssd-w11-pro-tehokannettava-refurbished\\\/#breadcrumb\",\"itemListElement\":[{\"@type\":\"ListItem\",\"position\":1,\"name\":\"Etusivu\",\"item\":\"https:\\\/\\\/nettiseitti.fi\\\/showroom\\\/\"},{\"@type\":\"ListItem\",\"position\":2,\"name\":\"Tuotteet\",\"item\":\"https:\\\/\\\/nettiseitti.fi\\\/showroom\\\/tuotteet\\\/\"},{\"@type\":\"ListItem\",\"position\":3,\"name\":\"HP ZBook 15u G5 15.6&#8243; Full HD \\\/ Intel Core i7-8550U \\\/ AMD Radeon Pro WX 3100 2GB \\\/ 32GB DDR4 \\\/ 512GB SSD \\\/ W11 Pro -tehokannettava, Refurbished\"}]},{\"@type\":\"WebSite\",\"@id\":\"https:\\\/\\\/nettiseitti.fi\\\/showroom\\\/#website\",\"url\":\"https:\\\/\\\/nettiseitti.fi\\\/showroom\\\/\",\"name\":\"NettiSeitti\",\"description\":\"\",\"publisher\":{\"@id\":\"https:\\\/\\\/nettiseitti.fi\\\/showroom\\\/#organization\"},\"potentialAction\":[{\"@type\":\"SearchAction\",\"target\":{\"@type\":\"EntryPoint\",\"urlTemplate\":\"https:\\\/\\\/nettiseitti.fi\\\/showroom\\\/?s={search_term_string}\"},\"query-input\":{\"@type\":\"PropertyValueSpecification\",\"valueRequired\":true,\"valueName\":\"search_term_string\"}}],\"inLanguage\":\"fi\"},{\"@type\":\"Organization\",\"@id\":\"https:\\\/\\\/nettiseitti.fi\\\/showroom\\\/#organization\",\"name\":\"NettiSeitti\",\"url\":\"https:\\\/\\\/nettiseitti.fi\\\/showroom\\\/\",\"logo\":{\"@type\":\"ImageObject\",\"inLanguage\":\"fi\",\"@id\":\"https:\\\/\\\/nettiseitti.fi\\\/showroom\\\/#\\\/schema\\\/logo\\\/image\\\/\",\"url\":\"https:\\\/\\\/nettiseitti.fi\\\/showroom\\\/wp-content\\\/uploads\\\/2024\\\/03\\\/nettiseitti_lapinakyva_tausta.png\",\"contentUrl\":\"https:\\\/\\\/nettiseitti.fi\\\/showroom\\\/wp-content\\\/uploads\\\/2024\\\/03\\\/nettiseitti_lapinakyva_tausta.png\",\"width\":2176,\"height\":741,\"caption\":\"NettiSeitti\"},\"image\":{\"@id\":\"https:\\\/\\\/nettiseitti.fi\\\/showroom\\\/#\\\/schema\\\/logo\\\/image\\\/\"}}]}<\/script>\n<!-- \/ Yoast SEO plugin. -->","yoast_head_json":{"title":"HP ZBook 15u G5 15.6\" Full HD \/ Intel Core i7-8550U \/ AMD Radeon Pro WX 3100 2GB \/ 32GB DDR4 \/ 512GB SSD \/ W11 Pro -tehokannettava, Refurbished - NettiSeitti","description":"Tehokas yrityskannettava erillisell\u00e4 n\u00e4yt\u00f6nohjaimella ammattik\u00e4ytt\u00f6\u00f6n. Pirkanmaa, Satakunta, Etel\u00e4-Pohjanmaa, Pohjanmaa, Sein\u00e4joki, Sastamala, Tampere, Pori","robots":{"index":"index","follow":"follow","max-snippet":"max-snippet:-1","max-image-preview":"max-image-preview:large","max-video-preview":"max-video-preview:-1"},"canonical":"https:\/\/nettiseitti.fi\/showroom\/tuote\/hp-zbook-15u-g5-15-6-full-hd-intel-core-i7-8550u-amd-radeon-pro-wx-3100-2gb-32gb-ddr4-512gb-ssd-w11-pro-tehokannettava-refurbished\/","og_locale":"fi_FI","og_type":"article","og_title":"HP ZBook 15u G5 15.6\" Full HD \/ Intel Core i7-8550U \/ AMD Radeon Pro WX 3100 2GB \/ 32GB DDR4 \/ 512GB SSD \/ W11 Pro -tehokannettava, Refurbished - NettiSeitti","og_description":"Tehokas yrityskannettava erillisell\u00e4 n\u00e4yt\u00f6nohjaimella ammattik\u00e4ytt\u00f6\u00f6n. Pirkanmaa, Satakunta, Etel\u00e4-Pohjanmaa, Pohjanmaa, Sein\u00e4joki, Sastamala, Tampere, Pori","og_url":"https:\/\/nettiseitti.fi\/showroom\/tuote\/hp-zbook-15u-g5-15-6-full-hd-intel-core-i7-8550u-amd-radeon-pro-wx-3100-2gb-32gb-ddr4-512gb-ssd-w11-pro-tehokannettava-refurbished\/","og_site_name":"NettiSeitti","article_modified_time":"2024-11-11T18:30:33+00:00","og_image":[{"width":896,"height":725,"url":"https:\/\/nettiseitti.fi\/showroom\/wp-content\/uploads\/2024\/11\/hp_zbook_15u_g5.jpg","type":"image\/jpeg"}],"twitter_card":"summary_large_image","twitter_misc":{"Arvioitu lukuaika":"2 minuuttia"},"schema":{"@context":"https:\/\/schema.org","@graph":[{"@type":"WebPage","@id":"https:\/\/nettiseitti.fi\/showroom\/tuote\/hp-zbook-15u-g5-15-6-full-hd-intel-core-i7-8550u-amd-radeon-pro-wx-3100-2gb-32gb-ddr4-512gb-ssd-w11-pro-tehokannettava-refurbished\/","url":"https:\/\/nettiseitti.fi\/showroom\/tuote\/hp-zbook-15u-g5-15-6-full-hd-intel-core-i7-8550u-amd-radeon-pro-wx-3100-2gb-32gb-ddr4-512gb-ssd-w11-pro-tehokannettava-refurbished\/","name":"HP ZBook 15u G5 15.6\" Full HD \/ Intel Core i7-8550U \/ AMD Radeon Pro WX 3100 2GB \/ 32GB DDR4 \/ 512GB SSD \/ W11 Pro -tehokannettava, Refurbished - NettiSeitti","isPartOf":{"@id":"https:\/\/nettiseitti.fi\/showroom\/#website"},"primaryImageOfPage":{"@id":"https:\/\/nettiseitti.fi\/showroom\/tuote\/hp-zbook-15u-g5-15-6-full-hd-intel-core-i7-8550u-amd-radeon-pro-wx-3100-2gb-32gb-ddr4-512gb-ssd-w11-pro-tehokannettava-refurbished\/#primaryimage"},"image":{"@id":"https:\/\/nettiseitti.fi\/showroom\/tuote\/hp-zbook-15u-g5-15-6-full-hd-intel-core-i7-8550u-amd-radeon-pro-wx-3100-2gb-32gb-ddr4-512gb-ssd-w11-pro-tehokannettava-refurbished\/#primaryimage"},"thumbnailUrl":"https:\/\/nettiseitti.fi\/showroom\/wp-content\/uploads\/2024\/11\/hp_zbook_15u_g5.jpg","datePublished":"2024-11-11T18:30:31+00:00","dateModified":"2024-11-11T18:30:33+00:00","description":"Tehokas yrityskannettava erillisell\u00e4 n\u00e4yt\u00f6nohjaimella ammattik\u00e4ytt\u00f6\u00f6n. Pirkanmaa, Satakunta, Etel\u00e4-Pohjanmaa, Pohjanmaa, Sein\u00e4joki, Sastamala, Tampere, Pori","breadcrumb":{"@id":"https:\/\/nettiseitti.fi\/showroom\/tuote\/hp-zbook-15u-g5-15-6-full-hd-intel-core-i7-8550u-amd-radeon-pro-wx-3100-2gb-32gb-ddr4-512gb-ssd-w11-pro-tehokannettava-refurbished\/#breadcrumb"},"inLanguage":"fi","potentialAction":[{"@type":"ReadAction","target":["https:\/\/nettiseitti.fi\/showroom\/tuote\/hp-zbook-15u-g5-15-6-full-hd-intel-core-i7-8550u-amd-radeon-pro-wx-3100-2gb-32gb-ddr4-512gb-ssd-w11-pro-tehokannettava-refurbished\/"]}]},{"@type":"ImageObject","inLanguage":"fi","@id":"https:\/\/nettiseitti.fi\/showroom\/tuote\/hp-zbook-15u-g5-15-6-full-hd-intel-core-i7-8550u-amd-radeon-pro-wx-3100-2gb-32gb-ddr4-512gb-ssd-w11-pro-tehokannettava-refurbished\/#primaryimage","url":"https:\/\/nettiseitti.fi\/showroom\/wp-content\/uploads\/2024\/11\/hp_zbook_15u_g5.jpg","contentUrl":"https:\/\/nettiseitti.fi\/showroom\/wp-content\/uploads\/2024\/11\/hp_zbook_15u_g5.jpg","width":896,"height":725},{"@type":"BreadcrumbList","@id":"https:\/\/nettiseitti.fi\/showroom\/tuote\/hp-zbook-15u-g5-15-6-full-hd-intel-core-i7-8550u-amd-radeon-pro-wx-3100-2gb-32gb-ddr4-512gb-ssd-w11-pro-tehokannettava-refurbished\/#breadcrumb","itemListElement":[{"@type":"ListItem","position":1,"name":"Etusivu","item":"https:\/\/nettiseitti.fi\/showroom\/"},{"@type":"ListItem","position":2,"name":"Tuotteet","item":"https:\/\/nettiseitti.fi\/showroom\/tuotteet\/"},{"@type":"ListItem","position":3,"name":"HP ZBook 15u G5 15.6&#8243; Full HD \/ Intel Core i7-8550U \/ AMD Radeon Pro WX 3100 2GB \/ 32GB DDR4 \/ 512GB SSD \/ W11 Pro -tehokannettava, Refurbished"}]},{"@type":"WebSite","@id":"https:\/\/nettiseitti.fi\/showroom\/#website","url":"https:\/\/nettiseitti.fi\/showroom\/","name":"NettiSeitti","description":"","publisher":{"@id":"https:\/\/nettiseitti.fi\/showroom\/#organization"},"potentialAction":[{"@type":"SearchAction","target":{"@type":"EntryPoint","urlTemplate":"https:\/\/nettiseitti.fi\/showroom\/?s={search_term_string}"},"query-input":{"@type":"PropertyValueSpecification","valueRequired":true,"valueName":"search_term_string"}}],"inLanguage":"fi"},{"@type":"Organization","@id":"https:\/\/nettiseitti.fi\/showroom\/#organization","name":"NettiSeitti","url":"https:\/\/nettiseitti.fi\/showroom\/","logo":{"@type":"ImageObject","inLanguage":"fi","@id":"https:\/\/nettiseitti.fi\/showroom\/#\/schema\/logo\/image\/","url":"https:\/\/nettiseitti.fi\/showroom\/wp-content\/uploads\/2024\/03\/nettiseitti_lapinakyva_tausta.png","contentUrl":"https:\/\/nettiseitti.fi\/showroom\/wp-content\/uploads\/2024\/03\/nettiseitti_lapinakyva_tausta.png","width":2176,"height":741,"caption":"NettiSeitti"},"image":{"@id":"https:\/\/nettiseitti.fi\/showroom\/#\/schema\/logo\/image\/"}}]}},"_links":{"self":[{"href":"https:\/\/nettiseitti.fi\/showroom\/wp-json\/wp\/v2\/product\/13879","targetHints":{"allow":["GET"]}}],"collection":[{"href":"https:\/\/nettiseitti.fi\/showroom\/wp-json\/wp\/v2\/product"}],"about":[{"href":"https:\/\/nettiseitti.fi\/showroom\/wp-json\/wp\/v2\/types\/product"}],"wp:featuredmedia":[{"embeddable":true,"href":"https:\/\/nettiseitti.fi\/showroom\/wp-json\/wp\/v2\/media\/13880"}],"wp:attachment":[{"href":"https:\/\/nettiseitti.fi\/showroom\/wp-json\/wp\/v2\/media?parent=13879"}],"wp:term":[{"taxonomy":"product_brand","embeddable":true,"href":"https:\/\/nettiseitti.fi\/showroom\/wp-json\/wp\/v2\/product_brand?post=13879"},{"taxonomy":"product_cat","embeddable":true,"href":"https:\/\/nettiseitti.fi\/showroom\/wp-json\/wp\/v2\/product_cat?post=13879"},{"taxonomy":"product_tag","embeddable":true,"href":"https:\/\/nettiseitti.fi\/showroom\/wp-json\/wp\/v2\/product_tag?post=13879"}],"curies":[{"name":"wp","href":"https:\/\/api.w.org\/{rel}","templated":true}]}}