{"id":14138,"date":"2025-01-20T19:22:24","date_gmt":"2025-01-20T17:22:24","guid":{"rendered":"https:\/\/nettiseitti.fi\/showroom\/?post_type=product&#038;p=14138"},"modified":"2025-01-20T19:26:44","modified_gmt":"2025-01-20T17:26:44","slug":"noco-genius-gx4820eu-48v-20a-alylaturi","status":"publish","type":"product","link":"https:\/\/nettiseitti.fi\/showroom\/tuote\/noco-genius-gx4820eu-48v-20a-alylaturi\/","title":{"rendered":"Noco Genius GX4820EU 48V 20A -\u00e4lylaturi"},"content":{"rendered":"<p>Monipuolinen teollisuustason akkulaturi, joka soveltuu k\u00e4ytett\u00e4v\u00e4ksi litium- ja lyijyakkujen kanssa.<br \/>\nLaturista l\u00f6ytyy ominaisuutena my\u00f6s virtal\u00e4hde-toiminto, joka sy\u00f6tt\u00e4\u00e4 tasaista virtaa yht\u00e4jaksoisesti.<\/p>\n<p>Ominaisuuksia:<\/p>\n<ul>\n<li>Yhteensopivat akkukemiat: Wet, Gel, MF, AGM, EFB, LIB<\/li>\n<li>Lataustilat: 48V NORM, 48V Cold\/AGM, AGM+, LI-ION, Repair, Supply (tarkista latausj\u00e4nniitteet ja -virrat datalehdelt\u00e4)<\/li>\n<li>Max latausvirta: 20A (vaihtelee lataustilasta riippuen)<\/li>\n<li>Yll\u00e4pitolataus lyijyakuille<\/li>\n<li>Latausj\u00e4nnite vaihtelee lataustilasta riippuen<\/li>\n<li>Suositeltu akuston kapasiteetti: 55-425Ah<\/li>\n<li>Kotelointiluokka: IP66<\/li>\n<li>Tuloj\u00e4nnite: 100-240 VAC, 50-60<\/li>\n<li>Tulopuolella suko-pistoke<\/li>\n<\/ul>\n<p>Datalehti: <a href=\"https:\/\/nettiseitti.fi\/showroom\/wp-content\/uploads\/2025\/01\/datalehti_gx4820.pdf\" target=\"_blank\" rel=\"noopener\">Avaa laturin datalehti t\u00e4st\u00e4<\/a><\/p>\n<p>Kauttamme my\u00f6s muut laturit ja tarvikkeet, ota yhteytt\u00e4 !<\/p>\n<p>Kysy ajantasainen hinnasto ja lis\u00e4tietoja ottamalla meihin yhteytt\u00e4.<br \/>\nMy\u00f6s toimitus mahdollista tarvittaessa riippuen tilatuista tuotteista.<\/p>\n<p>Ota yhteytt\u00e4:<br \/>\nPuh. <a href=\"tel:0401523801\">040 1523801<\/a><br \/>\nS\u00e4hk\u00f6posti: myynti [at] nettiseitti.fi<\/p>\n","protected":false},"excerpt":{"rendered":"<p>Teollisuustason akkulaturi lyijy- ja litiumakuille jota voidaan k\u00e4ytt\u00e4\u00e4 my\u00f6s virtal\u00e4hteen\u00e4.<\/p>\n","protected":false},"featured_media":14140,"template":"","meta":{"neve_meta_sidebar":"","neve_meta_container":"","neve_meta_enable_content_width":"off","neve_meta_content_width":100,"neve_meta_title_alignment":"","neve_meta_author_avatar":"","neve_post_elements_order":"","neve_meta_disable_header":"","neve_meta_disable_footer":"","neve_meta_disable_title":""},"product_brand":[],"product_cat":[606],"product_tag":[450,444,451,125,100,107,459,106,457,327,446,448,449,453,447,108,105,509,455,445,456,98,101,104,454,96,99,97,103,102,458,452],"class_list":{"0":"post-14138","1":"product","2":"type-product","3":"status-publish","4":"has-post-thumbnail","6":"product_cat-akkulaturit","7":"product_tag-ahtari","8":"product_tag-akkulaturi","9":"product_tag-alavus","10":"product_tag-alylaturi","11":"product_tag-etela-pohjanmaa","12":"product_tag-etela-suomi","13":"product_tag-hameenlinna","14":"product_tag-huittinen","15":"product_tag-ikaalinen","16":"product_tag-jalasjarvi","17":"product_tag-kankaanpaa","18":"product_tag-karvia","19":"product_tag-kauhajoki","20":"product_tag-kauhava","21":"product_tag-kihnio","22":"product_tag-lansi-suomi","23":"product_tag-lapua","24":"product_tag-laturi","25":"product_tag-lempaala","26":"product_tag-nokia","27":"product_tag-parkano","28":"product_tag-pirkanmaa","29":"product_tag-pohjanmaa","30":"product_tag-pori","31":"product_tag-rauma","32":"product_tag-sastamala","33":"product_tag-satakunta","34":"product_tag-seinajoki","35":"product_tag-tampere","36":"product_tag-vaasa","37":"product_tag-virrat","38":"product_tag-ylojarvi","40":"first","41":"instock","42":"shipping-taxable","43":"product-type-simple"},"yoast_head":"<!-- This site is optimized with the Yoast SEO plugin v27.4 - https:\/\/yoast.com\/product\/yoast-seo-wordpress\/ -->\n<title>Noco Genius GX4820EU 48V 20A -\u00e4lylaturi - NettiSeitti<\/title>\n<meta name=\"description\" content=\"Teollisuustason akkulaturi lyijy- ja litiumakuille jota voidaan k\u00e4ytt\u00e4\u00e4 my\u00f6s virtal\u00e4hteen\u00e4. Pirkanmaa, Satakunta, Etel\u00e4-Pohjanmaa, Pohjanmaa, Sein\u00e4joki.\" \/>\n<meta name=\"robots\" content=\"index, follow, max-snippet:-1, max-image-preview:large, max-video-preview:-1\" \/>\n<link rel=\"canonical\" href=\"https:\/\/nettiseitti.fi\/showroom\/tuote\/noco-genius-gx4820eu-48v-20a-alylaturi\/\" \/>\n<meta property=\"og:locale\" content=\"fi_FI\" \/>\n<meta property=\"og:type\" content=\"article\" \/>\n<meta property=\"og:title\" content=\"Noco Genius GX4820EU 48V 20A -\u00e4lylaturi - NettiSeitti\" \/>\n<meta property=\"og:description\" content=\"Teollisuustason akkulaturi lyijy- ja litiumakuille jota voidaan k\u00e4ytt\u00e4\u00e4 my\u00f6s virtal\u00e4hteen\u00e4. Pirkanmaa, Satakunta, Etel\u00e4-Pohjanmaa, Pohjanmaa, Sein\u00e4joki.\" \/>\n<meta property=\"og:url\" content=\"https:\/\/nettiseitti.fi\/showroom\/tuote\/noco-genius-gx4820eu-48v-20a-alylaturi\/\" \/>\n<meta property=\"og:site_name\" content=\"NettiSeitti\" \/>\n<meta property=\"article:modified_time\" content=\"2025-01-20T17:26:44+00:00\" \/>\n<meta property=\"og:image\" content=\"https:\/\/nettiseitti.fi\/showroom\/wp-content\/uploads\/2025\/01\/gx4820.jpg\" \/>\n\t<meta property=\"og:image:width\" content=\"1353\" \/>\n\t<meta property=\"og:image:height\" content=\"911\" \/>\n\t<meta property=\"og:image:type\" content=\"image\/jpeg\" \/>\n<meta name=\"twitter:card\" content=\"summary_large_image\" \/>\n<meta name=\"twitter:label1\" content=\"Arvioitu lukuaika\" \/>\n\t<meta name=\"twitter:data1\" content=\"1 minuutti\" \/>\n<script type=\"application\/ld+json\" class=\"yoast-schema-graph\">{\"@context\":\"https:\\\/\\\/schema.org\",\"@graph\":[{\"@type\":\"WebPage\",\"@id\":\"https:\\\/\\\/nettiseitti.fi\\\/showroom\\\/tuote\\\/noco-genius-gx4820eu-48v-20a-alylaturi\\\/\",\"url\":\"https:\\\/\\\/nettiseitti.fi\\\/showroom\\\/tuote\\\/noco-genius-gx4820eu-48v-20a-alylaturi\\\/\",\"name\":\"Noco Genius GX4820EU 48V 20A -\u00e4lylaturi - NettiSeitti\",\"isPartOf\":{\"@id\":\"https:\\\/\\\/nettiseitti.fi\\\/showroom\\\/#website\"},\"primaryImageOfPage\":{\"@id\":\"https:\\\/\\\/nettiseitti.fi\\\/showroom\\\/tuote\\\/noco-genius-gx4820eu-48v-20a-alylaturi\\\/#primaryimage\"},\"image\":{\"@id\":\"https:\\\/\\\/nettiseitti.fi\\\/showroom\\\/tuote\\\/noco-genius-gx4820eu-48v-20a-alylaturi\\\/#primaryimage\"},\"thumbnailUrl\":\"https:\\\/\\\/nettiseitti.fi\\\/showroom\\\/wp-content\\\/uploads\\\/2025\\\/01\\\/gx4820.jpg\",\"datePublished\":\"2025-01-20T17:22:24+00:00\",\"dateModified\":\"2025-01-20T17:26:44+00:00\",\"description\":\"Teollisuustason akkulaturi lyijy- ja litiumakuille jota voidaan k\u00e4ytt\u00e4\u00e4 my\u00f6s virtal\u00e4hteen\u00e4. Pirkanmaa, Satakunta, Etel\u00e4-Pohjanmaa, Pohjanmaa, Sein\u00e4joki.\",\"breadcrumb\":{\"@id\":\"https:\\\/\\\/nettiseitti.fi\\\/showroom\\\/tuote\\\/noco-genius-gx4820eu-48v-20a-alylaturi\\\/#breadcrumb\"},\"inLanguage\":\"fi\",\"potentialAction\":[{\"@type\":\"ReadAction\",\"target\":[\"https:\\\/\\\/nettiseitti.fi\\\/showroom\\\/tuote\\\/noco-genius-gx4820eu-48v-20a-alylaturi\\\/\"]}]},{\"@type\":\"ImageObject\",\"inLanguage\":\"fi\",\"@id\":\"https:\\\/\\\/nettiseitti.fi\\\/showroom\\\/tuote\\\/noco-genius-gx4820eu-48v-20a-alylaturi\\\/#primaryimage\",\"url\":\"https:\\\/\\\/nettiseitti.fi\\\/showroom\\\/wp-content\\\/uploads\\\/2025\\\/01\\\/gx4820.jpg\",\"contentUrl\":\"https:\\\/\\\/nettiseitti.fi\\\/showroom\\\/wp-content\\\/uploads\\\/2025\\\/01\\\/gx4820.jpg\",\"width\":1353,\"height\":911},{\"@type\":\"BreadcrumbList\",\"@id\":\"https:\\\/\\\/nettiseitti.fi\\\/showroom\\\/tuote\\\/noco-genius-gx4820eu-48v-20a-alylaturi\\\/#breadcrumb\",\"itemListElement\":[{\"@type\":\"ListItem\",\"position\":1,\"name\":\"Etusivu\",\"item\":\"https:\\\/\\\/nettiseitti.fi\\\/showroom\\\/\"},{\"@type\":\"ListItem\",\"position\":2,\"name\":\"Tuotteet\",\"item\":\"https:\\\/\\\/nettiseitti.fi\\\/showroom\\\/tuotteet\\\/\"},{\"@type\":\"ListItem\",\"position\":3,\"name\":\"Noco Genius GX4820EU 48V 20A -\u00e4lylaturi\"}]},{\"@type\":\"WebSite\",\"@id\":\"https:\\\/\\\/nettiseitti.fi\\\/showroom\\\/#website\",\"url\":\"https:\\\/\\\/nettiseitti.fi\\\/showroom\\\/\",\"name\":\"NettiSeitti\",\"description\":\"\",\"publisher\":{\"@id\":\"https:\\\/\\\/nettiseitti.fi\\\/showroom\\\/#organization\"},\"potentialAction\":[{\"@type\":\"SearchAction\",\"target\":{\"@type\":\"EntryPoint\",\"urlTemplate\":\"https:\\\/\\\/nettiseitti.fi\\\/showroom\\\/?s={search_term_string}\"},\"query-input\":{\"@type\":\"PropertyValueSpecification\",\"valueRequired\":true,\"valueName\":\"search_term_string\"}}],\"inLanguage\":\"fi\"},{\"@type\":\"Organization\",\"@id\":\"https:\\\/\\\/nettiseitti.fi\\\/showroom\\\/#organization\",\"name\":\"NettiSeitti\",\"url\":\"https:\\\/\\\/nettiseitti.fi\\\/showroom\\\/\",\"logo\":{\"@type\":\"ImageObject\",\"inLanguage\":\"fi\",\"@id\":\"https:\\\/\\\/nettiseitti.fi\\\/showroom\\\/#\\\/schema\\\/logo\\\/image\\\/\",\"url\":\"https:\\\/\\\/nettiseitti.fi\\\/showroom\\\/wp-content\\\/uploads\\\/2024\\\/03\\\/nettiseitti_lapinakyva_tausta.png\",\"contentUrl\":\"https:\\\/\\\/nettiseitti.fi\\\/showroom\\\/wp-content\\\/uploads\\\/2024\\\/03\\\/nettiseitti_lapinakyva_tausta.png\",\"width\":2176,\"height\":741,\"caption\":\"NettiSeitti\"},\"image\":{\"@id\":\"https:\\\/\\\/nettiseitti.fi\\\/showroom\\\/#\\\/schema\\\/logo\\\/image\\\/\"}}]}<\/script>\n<!-- \/ Yoast SEO plugin. -->","yoast_head_json":{"title":"Noco Genius GX4820EU 48V 20A -\u00e4lylaturi - NettiSeitti","description":"Teollisuustason akkulaturi lyijy- ja litiumakuille jota voidaan k\u00e4ytt\u00e4\u00e4 my\u00f6s virtal\u00e4hteen\u00e4. Pirkanmaa, Satakunta, Etel\u00e4-Pohjanmaa, Pohjanmaa, Sein\u00e4joki.","robots":{"index":"index","follow":"follow","max-snippet":"max-snippet:-1","max-image-preview":"max-image-preview:large","max-video-preview":"max-video-preview:-1"},"canonical":"https:\/\/nettiseitti.fi\/showroom\/tuote\/noco-genius-gx4820eu-48v-20a-alylaturi\/","og_locale":"fi_FI","og_type":"article","og_title":"Noco Genius GX4820EU 48V 20A -\u00e4lylaturi - NettiSeitti","og_description":"Teollisuustason akkulaturi lyijy- ja litiumakuille jota voidaan k\u00e4ytt\u00e4\u00e4 my\u00f6s virtal\u00e4hteen\u00e4. Pirkanmaa, Satakunta, Etel\u00e4-Pohjanmaa, Pohjanmaa, Sein\u00e4joki.","og_url":"https:\/\/nettiseitti.fi\/showroom\/tuote\/noco-genius-gx4820eu-48v-20a-alylaturi\/","og_site_name":"NettiSeitti","article_modified_time":"2025-01-20T17:26:44+00:00","og_image":[{"width":1353,"height":911,"url":"https:\/\/nettiseitti.fi\/showroom\/wp-content\/uploads\/2025\/01\/gx4820.jpg","type":"image\/jpeg"}],"twitter_card":"summary_large_image","twitter_misc":{"Arvioitu lukuaika":"1 minuutti"},"schema":{"@context":"https:\/\/schema.org","@graph":[{"@type":"WebPage","@id":"https:\/\/nettiseitti.fi\/showroom\/tuote\/noco-genius-gx4820eu-48v-20a-alylaturi\/","url":"https:\/\/nettiseitti.fi\/showroom\/tuote\/noco-genius-gx4820eu-48v-20a-alylaturi\/","name":"Noco Genius GX4820EU 48V 20A -\u00e4lylaturi - NettiSeitti","isPartOf":{"@id":"https:\/\/nettiseitti.fi\/showroom\/#website"},"primaryImageOfPage":{"@id":"https:\/\/nettiseitti.fi\/showroom\/tuote\/noco-genius-gx4820eu-48v-20a-alylaturi\/#primaryimage"},"image":{"@id":"https:\/\/nettiseitti.fi\/showroom\/tuote\/noco-genius-gx4820eu-48v-20a-alylaturi\/#primaryimage"},"thumbnailUrl":"https:\/\/nettiseitti.fi\/showroom\/wp-content\/uploads\/2025\/01\/gx4820.jpg","datePublished":"2025-01-20T17:22:24+00:00","dateModified":"2025-01-20T17:26:44+00:00","description":"Teollisuustason akkulaturi lyijy- ja litiumakuille jota voidaan k\u00e4ytt\u00e4\u00e4 my\u00f6s virtal\u00e4hteen\u00e4. Pirkanmaa, Satakunta, Etel\u00e4-Pohjanmaa, Pohjanmaa, Sein\u00e4joki.","breadcrumb":{"@id":"https:\/\/nettiseitti.fi\/showroom\/tuote\/noco-genius-gx4820eu-48v-20a-alylaturi\/#breadcrumb"},"inLanguage":"fi","potentialAction":[{"@type":"ReadAction","target":["https:\/\/nettiseitti.fi\/showroom\/tuote\/noco-genius-gx4820eu-48v-20a-alylaturi\/"]}]},{"@type":"ImageObject","inLanguage":"fi","@id":"https:\/\/nettiseitti.fi\/showroom\/tuote\/noco-genius-gx4820eu-48v-20a-alylaturi\/#primaryimage","url":"https:\/\/nettiseitti.fi\/showroom\/wp-content\/uploads\/2025\/01\/gx4820.jpg","contentUrl":"https:\/\/nettiseitti.fi\/showroom\/wp-content\/uploads\/2025\/01\/gx4820.jpg","width":1353,"height":911},{"@type":"BreadcrumbList","@id":"https:\/\/nettiseitti.fi\/showroom\/tuote\/noco-genius-gx4820eu-48v-20a-alylaturi\/#breadcrumb","itemListElement":[{"@type":"ListItem","position":1,"name":"Etusivu","item":"https:\/\/nettiseitti.fi\/showroom\/"},{"@type":"ListItem","position":2,"name":"Tuotteet","item":"https:\/\/nettiseitti.fi\/showroom\/tuotteet\/"},{"@type":"ListItem","position":3,"name":"Noco Genius GX4820EU 48V 20A -\u00e4lylaturi"}]},{"@type":"WebSite","@id":"https:\/\/nettiseitti.fi\/showroom\/#website","url":"https:\/\/nettiseitti.fi\/showroom\/","name":"NettiSeitti","description":"","publisher":{"@id":"https:\/\/nettiseitti.fi\/showroom\/#organization"},"potentialAction":[{"@type":"SearchAction","target":{"@type":"EntryPoint","urlTemplate":"https:\/\/nettiseitti.fi\/showroom\/?s={search_term_string}"},"query-input":{"@type":"PropertyValueSpecification","valueRequired":true,"valueName":"search_term_string"}}],"inLanguage":"fi"},{"@type":"Organization","@id":"https:\/\/nettiseitti.fi\/showroom\/#organization","name":"NettiSeitti","url":"https:\/\/nettiseitti.fi\/showroom\/","logo":{"@type":"ImageObject","inLanguage":"fi","@id":"https:\/\/nettiseitti.fi\/showroom\/#\/schema\/logo\/image\/","url":"https:\/\/nettiseitti.fi\/showroom\/wp-content\/uploads\/2024\/03\/nettiseitti_lapinakyva_tausta.png","contentUrl":"https:\/\/nettiseitti.fi\/showroom\/wp-content\/uploads\/2024\/03\/nettiseitti_lapinakyva_tausta.png","width":2176,"height":741,"caption":"NettiSeitti"},"image":{"@id":"https:\/\/nettiseitti.fi\/showroom\/#\/schema\/logo\/image\/"}}]}},"_links":{"self":[{"href":"https:\/\/nettiseitti.fi\/showroom\/wp-json\/wp\/v2\/product\/14138","targetHints":{"allow":["GET"]}}],"collection":[{"href":"https:\/\/nettiseitti.fi\/showroom\/wp-json\/wp\/v2\/product"}],"about":[{"href":"https:\/\/nettiseitti.fi\/showroom\/wp-json\/wp\/v2\/types\/product"}],"wp:featuredmedia":[{"embeddable":true,"href":"https:\/\/nettiseitti.fi\/showroom\/wp-json\/wp\/v2\/media\/14140"}],"wp:attachment":[{"href":"https:\/\/nettiseitti.fi\/showroom\/wp-json\/wp\/v2\/media?parent=14138"}],"wp:term":[{"taxonomy":"product_brand","embeddable":true,"href":"https:\/\/nettiseitti.fi\/showroom\/wp-json\/wp\/v2\/product_brand?post=14138"},{"taxonomy":"product_cat","embeddable":true,"href":"https:\/\/nettiseitti.fi\/showroom\/wp-json\/wp\/v2\/product_cat?post=14138"},{"taxonomy":"product_tag","embeddable":true,"href":"https:\/\/nettiseitti.fi\/showroom\/wp-json\/wp\/v2\/product_tag?post=14138"}],"curies":[{"name":"wp","href":"https:\/\/api.w.org\/{rel}","templated":true}]}}