{"id":14226,"date":"2025-02-21T15:50:52","date_gmt":"2025-02-21T13:50:52","guid":{"rendered":"https:\/\/nettiseitti.fi\/showroom\/?post_type=product&#038;p=14226"},"modified":"2025-11-17T20:31:17","modified_gmt":"2025-11-17T18:31:17","slug":"hp-laserjet-mfp-m234sdw-monitoimilaite","status":"publish","type":"product","link":"https:\/\/nettiseitti.fi\/showroom\/tuote\/hp-laserjet-mfp-m234sdw-monitoimilaite\/","title":{"rendered":"HP LaserJet MFP M234sdw -monitoimilaite"},"content":{"rendered":"<p>Monipuolisilla ominaisuuksilla varustettu mustavalkolasermonitoimilaite, josta l\u00f6ytyv\u00e4t mm. kaksipuolinen tulostus, automaattinen sy\u00f6tt\u00f6laite, kopiointi ja skannaus.<\/p>\n<p>Ominaisuuksia:<\/p>\n<ul>\n<li>Automaattinen kaksipuolinen tulostus<\/li>\n<li>Skannaus: automaattinen sy\u00f6tt\u00f6laite, kapasiteetti 40 arkkia, tasoskanneri<\/li>\n<li>Skannausominaisuudet: mm. Skannaa s\u00e4hk\u00f6postiin, Mopria-sertifioitu, p\u00f6lysuojus, skannaa tietokoneelle, HP Auto-On\/Auto-Off Technology, IPP-tulostus, print from mobile devices, scan to PDF<\/li>\n<li>Max tulostusresoluutio 600 \u00d7 600 dpi<\/li>\n<li>Vakio sy\u00f6tt\u00f6lokeron koko: 150 arkkia<\/li>\n<li>Max yht\u00e4jaksoinen tulostuskapasiteetti: 100 sivua<\/li>\n<li>Tulostuskielet: PCLmS; URF; PWG<\/li>\n<li>Mobiilitulostustuki: mm. Apple AirPrint; HP Smart -sovellus; Mopria-hyv\u00e4ksytty; Wi-Fi Direct -tulostus<\/li>\n<li>Tuetut tulostusmateriaalien koot: A4; A5; A6; B5 (JIS)<\/li>\n<li>Yhteensopivat vaihtov\u00e4rikasetit: HP 135A\/X ja W1350A\/X<\/li>\n<li>Liit\u00e4nn\u00e4t: Ethernet RJ45, USB 2.0, WiFi<\/li>\n<\/ul>\n<p>Kauttamme my\u00f6s muut tulostimet ja tarvikkeet, ota yhteytt\u00e4 !<\/p>\n<p>Kysy ajantasainen hinnasto ja lis\u00e4tietoja ottamalla meihin yhteytt\u00e4.<br \/>\nMy\u00f6s toimitus mahdollista riippuen tilatuista tuotteista.<\/p>\n<p>Tulostimet tarvittaessa k\u00e4ytt\u00f6kuntoon asennettuna.<\/p>\n<p>Ota yhteytt\u00e4:<br \/>\nPuh. <a href=\"tel:0401523801\">040 1523801<\/a><br \/>\nS\u00e4hk\u00f6posti: myynti [at] nettiseitti.fi<\/p>\n<p><img decoding=\"async\" class=\"alignnone wp-image-12074\" src=\"https:\/\/nettiseitti.fi\/showroom\/wp-content\/uploads\/2024\/03\/hp-300x148.png\" alt=\"\" width=\"162\" height=\"80\" srcset=\"https:\/\/nettiseitti.fi\/showroom\/wp-content\/uploads\/2024\/03\/hp-300x148.png 300w, https:\/\/nettiseitti.fi\/showroom\/wp-content\/uploads\/2024\/03\/hp-600x295.png 600w, https:\/\/nettiseitti.fi\/showroom\/wp-content\/uploads\/2024\/03\/hp.png 638w\" sizes=\"(max-width: 162px) 100vw, 162px\" \/><\/p>\n","protected":false},"excerpt":{"rendered":"<p>Mustavalkolasertulostin monipuolisilla ominaisuuksilla mm. automaattinen sy\u00f6tt\u00f6laite. Laitteella onnistuvat tulostus \/ skannaus \/ kopiointi.<\/p>\n","protected":false},"featured_media":14227,"template":"","meta":{"neve_meta_sidebar":"","neve_meta_container":"","neve_meta_enable_content_width":"off","neve_meta_content_width":100,"neve_meta_title_alignment":"","neve_meta_author_avatar":"","neve_post_elements_order":"","neve_meta_disable_header":"","neve_meta_disable_footer":"","neve_meta_disable_title":""},"product_brand":[],"product_cat":[560],"product_tag":[450,451,100,107,459,135,106,457,327,446,448,449,453,447,108,105,149,455,225,445,456,98,101,104,454,96,99,97,103,80,102,458,452],"class_list":{"0":"post-14226","1":"product","2":"type-product","3":"status-publish","4":"has-post-thumbnail","6":"product_cat-monitoimilaitteet-a4-tulostimet","7":"product_tag-ahtari","8":"product_tag-alavus","9":"product_tag-etela-pohjanmaa","10":"product_tag-etela-suomi","11":"product_tag-hameenlinna","12":"product_tag-hp","13":"product_tag-huittinen","14":"product_tag-ikaalinen","15":"product_tag-jalasjarvi","16":"product_tag-kankaanpaa","17":"product_tag-karvia","18":"product_tag-kauhajoki","19":"product_tag-kauhava","20":"product_tag-kihnio","21":"product_tag-lansi-suomi","22":"product_tag-lapua","23":"product_tag-lasertulostin","24":"product_tag-lempaala","25":"product_tag-mustavalkolasertulostin","26":"product_tag-nokia","27":"product_tag-parkano","28":"product_tag-pirkanmaa","29":"product_tag-pohjanmaa","30":"product_tag-pori","31":"product_tag-rauma","32":"product_tag-sastamala","33":"product_tag-satakunta","34":"product_tag-seinajoki","35":"product_tag-tampere","36":"product_tag-tulostin","37":"product_tag-vaasa","38":"product_tag-virrat","39":"product_tag-ylojarvi","41":"first","42":"instock","43":"shipping-taxable","44":"product-type-simple"},"yoast_head":"<!-- This site is optimized with the Yoast SEO plugin v27.4 - https:\/\/yoast.com\/product\/yoast-seo-wordpress\/ -->\n<title>HP LaserJet MFP M234sdw -monitoimilaite - NettiSeitti<\/title>\n<meta name=\"description\" content=\"Mustavalkolasertulostin monipuolisilla ominaisuuksilla mm. automaattinen sy\u00f6tt\u00f6laite. Laitteella onnistuvat tulostus \/ skannaus \/ kopiointi. Pirkanmaa, Pori\" \/>\n<meta name=\"robots\" content=\"index, follow, max-snippet:-1, max-image-preview:large, max-video-preview:-1\" \/>\n<link rel=\"canonical\" href=\"https:\/\/nettiseitti.fi\/showroom\/tuote\/hp-laserjet-mfp-m234sdw-monitoimilaite\/\" \/>\n<meta property=\"og:locale\" content=\"fi_FI\" \/>\n<meta property=\"og:type\" content=\"article\" \/>\n<meta property=\"og:title\" content=\"HP LaserJet MFP M234sdw -monitoimilaite - NettiSeitti\" \/>\n<meta property=\"og:description\" content=\"Mustavalkolasertulostin monipuolisilla ominaisuuksilla mm. automaattinen sy\u00f6tt\u00f6laite. Laitteella onnistuvat tulostus \/ skannaus \/ kopiointi. Pirkanmaa, Pori\" \/>\n<meta property=\"og:url\" content=\"https:\/\/nettiseitti.fi\/showroom\/tuote\/hp-laserjet-mfp-m234sdw-monitoimilaite\/\" \/>\n<meta property=\"og:site_name\" content=\"NettiSeitti\" \/>\n<meta property=\"article:modified_time\" content=\"2025-11-17T18:31:17+00:00\" \/>\n<meta property=\"og:image\" content=\"https:\/\/nettiseitti.fi\/showroom\/wp-content\/uploads\/2025\/02\/laserjet_234sdw.jpg\" \/>\n\t<meta property=\"og:image:width\" content=\"794\" \/>\n\t<meta property=\"og:image:height\" content=\"595\" \/>\n\t<meta property=\"og:image:type\" content=\"image\/jpeg\" \/>\n<meta name=\"twitter:card\" content=\"summary_large_image\" \/>\n<meta name=\"twitter:label1\" content=\"Arvioitu lukuaika\" \/>\n\t<meta name=\"twitter:data1\" content=\"2 minuuttia\" \/>\n<script type=\"application\/ld+json\" class=\"yoast-schema-graph\">{\"@context\":\"https:\\\/\\\/schema.org\",\"@graph\":[{\"@type\":\"WebPage\",\"@id\":\"https:\\\/\\\/nettiseitti.fi\\\/showroom\\\/tuote\\\/hp-laserjet-mfp-m234sdw-monitoimilaite\\\/\",\"url\":\"https:\\\/\\\/nettiseitti.fi\\\/showroom\\\/tuote\\\/hp-laserjet-mfp-m234sdw-monitoimilaite\\\/\",\"name\":\"HP LaserJet MFP M234sdw -monitoimilaite - NettiSeitti\",\"isPartOf\":{\"@id\":\"https:\\\/\\\/nettiseitti.fi\\\/showroom\\\/#website\"},\"primaryImageOfPage\":{\"@id\":\"https:\\\/\\\/nettiseitti.fi\\\/showroom\\\/tuote\\\/hp-laserjet-mfp-m234sdw-monitoimilaite\\\/#primaryimage\"},\"image\":{\"@id\":\"https:\\\/\\\/nettiseitti.fi\\\/showroom\\\/tuote\\\/hp-laserjet-mfp-m234sdw-monitoimilaite\\\/#primaryimage\"},\"thumbnailUrl\":\"https:\\\/\\\/nettiseitti.fi\\\/showroom\\\/wp-content\\\/uploads\\\/2025\\\/02\\\/laserjet_234sdw.jpg\",\"datePublished\":\"2025-02-21T13:50:52+00:00\",\"dateModified\":\"2025-11-17T18:31:17+00:00\",\"description\":\"Mustavalkolasertulostin monipuolisilla ominaisuuksilla mm. automaattinen sy\u00f6tt\u00f6laite. Laitteella onnistuvat tulostus \\\/ skannaus \\\/ kopiointi. Pirkanmaa, Pori\",\"breadcrumb\":{\"@id\":\"https:\\\/\\\/nettiseitti.fi\\\/showroom\\\/tuote\\\/hp-laserjet-mfp-m234sdw-monitoimilaite\\\/#breadcrumb\"},\"inLanguage\":\"fi\",\"potentialAction\":[{\"@type\":\"ReadAction\",\"target\":[\"https:\\\/\\\/nettiseitti.fi\\\/showroom\\\/tuote\\\/hp-laserjet-mfp-m234sdw-monitoimilaite\\\/\"]}]},{\"@type\":\"ImageObject\",\"inLanguage\":\"fi\",\"@id\":\"https:\\\/\\\/nettiseitti.fi\\\/showroom\\\/tuote\\\/hp-laserjet-mfp-m234sdw-monitoimilaite\\\/#primaryimage\",\"url\":\"https:\\\/\\\/nettiseitti.fi\\\/showroom\\\/wp-content\\\/uploads\\\/2025\\\/02\\\/laserjet_234sdw.jpg\",\"contentUrl\":\"https:\\\/\\\/nettiseitti.fi\\\/showroom\\\/wp-content\\\/uploads\\\/2025\\\/02\\\/laserjet_234sdw.jpg\",\"width\":794,\"height\":595},{\"@type\":\"BreadcrumbList\",\"@id\":\"https:\\\/\\\/nettiseitti.fi\\\/showroom\\\/tuote\\\/hp-laserjet-mfp-m234sdw-monitoimilaite\\\/#breadcrumb\",\"itemListElement\":[{\"@type\":\"ListItem\",\"position\":1,\"name\":\"Etusivu\",\"item\":\"https:\\\/\\\/nettiseitti.fi\\\/showroom\\\/\"},{\"@type\":\"ListItem\",\"position\":2,\"name\":\"Tuotteet\",\"item\":\"https:\\\/\\\/nettiseitti.fi\\\/showroom\\\/tuotteet\\\/\"},{\"@type\":\"ListItem\",\"position\":3,\"name\":\"HP LaserJet MFP M234sdw -monitoimilaite\"}]},{\"@type\":\"WebSite\",\"@id\":\"https:\\\/\\\/nettiseitti.fi\\\/showroom\\\/#website\",\"url\":\"https:\\\/\\\/nettiseitti.fi\\\/showroom\\\/\",\"name\":\"NettiSeitti\",\"description\":\"\",\"publisher\":{\"@id\":\"https:\\\/\\\/nettiseitti.fi\\\/showroom\\\/#organization\"},\"potentialAction\":[{\"@type\":\"SearchAction\",\"target\":{\"@type\":\"EntryPoint\",\"urlTemplate\":\"https:\\\/\\\/nettiseitti.fi\\\/showroom\\\/?s={search_term_string}\"},\"query-input\":{\"@type\":\"PropertyValueSpecification\",\"valueRequired\":true,\"valueName\":\"search_term_string\"}}],\"inLanguage\":\"fi\"},{\"@type\":\"Organization\",\"@id\":\"https:\\\/\\\/nettiseitti.fi\\\/showroom\\\/#organization\",\"name\":\"NettiSeitti\",\"url\":\"https:\\\/\\\/nettiseitti.fi\\\/showroom\\\/\",\"logo\":{\"@type\":\"ImageObject\",\"inLanguage\":\"fi\",\"@id\":\"https:\\\/\\\/nettiseitti.fi\\\/showroom\\\/#\\\/schema\\\/logo\\\/image\\\/\",\"url\":\"https:\\\/\\\/nettiseitti.fi\\\/showroom\\\/wp-content\\\/uploads\\\/2024\\\/03\\\/nettiseitti_lapinakyva_tausta.png\",\"contentUrl\":\"https:\\\/\\\/nettiseitti.fi\\\/showroom\\\/wp-content\\\/uploads\\\/2024\\\/03\\\/nettiseitti_lapinakyva_tausta.png\",\"width\":2176,\"height\":741,\"caption\":\"NettiSeitti\"},\"image\":{\"@id\":\"https:\\\/\\\/nettiseitti.fi\\\/showroom\\\/#\\\/schema\\\/logo\\\/image\\\/\"}}]}<\/script>\n<!-- \/ Yoast SEO plugin. -->","yoast_head_json":{"title":"HP LaserJet MFP M234sdw -monitoimilaite - NettiSeitti","description":"Mustavalkolasertulostin monipuolisilla ominaisuuksilla mm. automaattinen sy\u00f6tt\u00f6laite. Laitteella onnistuvat tulostus \/ skannaus \/ kopiointi. Pirkanmaa, Pori","robots":{"index":"index","follow":"follow","max-snippet":"max-snippet:-1","max-image-preview":"max-image-preview:large","max-video-preview":"max-video-preview:-1"},"canonical":"https:\/\/nettiseitti.fi\/showroom\/tuote\/hp-laserjet-mfp-m234sdw-monitoimilaite\/","og_locale":"fi_FI","og_type":"article","og_title":"HP LaserJet MFP M234sdw -monitoimilaite - NettiSeitti","og_description":"Mustavalkolasertulostin monipuolisilla ominaisuuksilla mm. automaattinen sy\u00f6tt\u00f6laite. Laitteella onnistuvat tulostus \/ skannaus \/ kopiointi. Pirkanmaa, Pori","og_url":"https:\/\/nettiseitti.fi\/showroom\/tuote\/hp-laserjet-mfp-m234sdw-monitoimilaite\/","og_site_name":"NettiSeitti","article_modified_time":"2025-11-17T18:31:17+00:00","og_image":[{"width":794,"height":595,"url":"https:\/\/nettiseitti.fi\/showroom\/wp-content\/uploads\/2025\/02\/laserjet_234sdw.jpg","type":"image\/jpeg"}],"twitter_card":"summary_large_image","twitter_misc":{"Arvioitu lukuaika":"2 minuuttia"},"schema":{"@context":"https:\/\/schema.org","@graph":[{"@type":"WebPage","@id":"https:\/\/nettiseitti.fi\/showroom\/tuote\/hp-laserjet-mfp-m234sdw-monitoimilaite\/","url":"https:\/\/nettiseitti.fi\/showroom\/tuote\/hp-laserjet-mfp-m234sdw-monitoimilaite\/","name":"HP LaserJet MFP M234sdw -monitoimilaite - NettiSeitti","isPartOf":{"@id":"https:\/\/nettiseitti.fi\/showroom\/#website"},"primaryImageOfPage":{"@id":"https:\/\/nettiseitti.fi\/showroom\/tuote\/hp-laserjet-mfp-m234sdw-monitoimilaite\/#primaryimage"},"image":{"@id":"https:\/\/nettiseitti.fi\/showroom\/tuote\/hp-laserjet-mfp-m234sdw-monitoimilaite\/#primaryimage"},"thumbnailUrl":"https:\/\/nettiseitti.fi\/showroom\/wp-content\/uploads\/2025\/02\/laserjet_234sdw.jpg","datePublished":"2025-02-21T13:50:52+00:00","dateModified":"2025-11-17T18:31:17+00:00","description":"Mustavalkolasertulostin monipuolisilla ominaisuuksilla mm. automaattinen sy\u00f6tt\u00f6laite. Laitteella onnistuvat tulostus \/ skannaus \/ kopiointi. Pirkanmaa, Pori","breadcrumb":{"@id":"https:\/\/nettiseitti.fi\/showroom\/tuote\/hp-laserjet-mfp-m234sdw-monitoimilaite\/#breadcrumb"},"inLanguage":"fi","potentialAction":[{"@type":"ReadAction","target":["https:\/\/nettiseitti.fi\/showroom\/tuote\/hp-laserjet-mfp-m234sdw-monitoimilaite\/"]}]},{"@type":"ImageObject","inLanguage":"fi","@id":"https:\/\/nettiseitti.fi\/showroom\/tuote\/hp-laserjet-mfp-m234sdw-monitoimilaite\/#primaryimage","url":"https:\/\/nettiseitti.fi\/showroom\/wp-content\/uploads\/2025\/02\/laserjet_234sdw.jpg","contentUrl":"https:\/\/nettiseitti.fi\/showroom\/wp-content\/uploads\/2025\/02\/laserjet_234sdw.jpg","width":794,"height":595},{"@type":"BreadcrumbList","@id":"https:\/\/nettiseitti.fi\/showroom\/tuote\/hp-laserjet-mfp-m234sdw-monitoimilaite\/#breadcrumb","itemListElement":[{"@type":"ListItem","position":1,"name":"Etusivu","item":"https:\/\/nettiseitti.fi\/showroom\/"},{"@type":"ListItem","position":2,"name":"Tuotteet","item":"https:\/\/nettiseitti.fi\/showroom\/tuotteet\/"},{"@type":"ListItem","position":3,"name":"HP LaserJet MFP M234sdw -monitoimilaite"}]},{"@type":"WebSite","@id":"https:\/\/nettiseitti.fi\/showroom\/#website","url":"https:\/\/nettiseitti.fi\/showroom\/","name":"NettiSeitti","description":"","publisher":{"@id":"https:\/\/nettiseitti.fi\/showroom\/#organization"},"potentialAction":[{"@type":"SearchAction","target":{"@type":"EntryPoint","urlTemplate":"https:\/\/nettiseitti.fi\/showroom\/?s={search_term_string}"},"query-input":{"@type":"PropertyValueSpecification","valueRequired":true,"valueName":"search_term_string"}}],"inLanguage":"fi"},{"@type":"Organization","@id":"https:\/\/nettiseitti.fi\/showroom\/#organization","name":"NettiSeitti","url":"https:\/\/nettiseitti.fi\/showroom\/","logo":{"@type":"ImageObject","inLanguage":"fi","@id":"https:\/\/nettiseitti.fi\/showroom\/#\/schema\/logo\/image\/","url":"https:\/\/nettiseitti.fi\/showroom\/wp-content\/uploads\/2024\/03\/nettiseitti_lapinakyva_tausta.png","contentUrl":"https:\/\/nettiseitti.fi\/showroom\/wp-content\/uploads\/2024\/03\/nettiseitti_lapinakyva_tausta.png","width":2176,"height":741,"caption":"NettiSeitti"},"image":{"@id":"https:\/\/nettiseitti.fi\/showroom\/#\/schema\/logo\/image\/"}}]}},"_links":{"self":[{"href":"https:\/\/nettiseitti.fi\/showroom\/wp-json\/wp\/v2\/product\/14226","targetHints":{"allow":["GET"]}}],"collection":[{"href":"https:\/\/nettiseitti.fi\/showroom\/wp-json\/wp\/v2\/product"}],"about":[{"href":"https:\/\/nettiseitti.fi\/showroom\/wp-json\/wp\/v2\/types\/product"}],"wp:featuredmedia":[{"embeddable":true,"href":"https:\/\/nettiseitti.fi\/showroom\/wp-json\/wp\/v2\/media\/14227"}],"wp:attachment":[{"href":"https:\/\/nettiseitti.fi\/showroom\/wp-json\/wp\/v2\/media?parent=14226"}],"wp:term":[{"taxonomy":"product_brand","embeddable":true,"href":"https:\/\/nettiseitti.fi\/showroom\/wp-json\/wp\/v2\/product_brand?post=14226"},{"taxonomy":"product_cat","embeddable":true,"href":"https:\/\/nettiseitti.fi\/showroom\/wp-json\/wp\/v2\/product_cat?post=14226"},{"taxonomy":"product_tag","embeddable":true,"href":"https:\/\/nettiseitti.fi\/showroom\/wp-json\/wp\/v2\/product_tag?post=14226"}],"curies":[{"name":"wp","href":"https:\/\/api.w.org\/{rel}","templated":true}]}}