{"id":14279,"date":"2025-03-31T22:06:43","date_gmt":"2025-03-31T19:06:43","guid":{"rendered":"https:\/\/nettiseitti.fi\/showroom\/?post_type=product&#038;p=14279"},"modified":"2025-03-31T22:06:44","modified_gmt":"2025-03-31T19:06:44","slug":"brother-dcp-l3560cdw-mfp-varilasermonitoimilaite","status":"publish","type":"product","link":"https:\/\/nettiseitti.fi\/showroom\/tuote\/brother-dcp-l3560cdw-mfp-varilasermonitoimilaite\/","title":{"rendered":"Brother DCP-L3560CDW MFP -v\u00e4rilasermonitoimilaite"},"content":{"rendered":"<p>Monipuolinen v\u00e4rilasermonitoimitulostin, josta l\u00f6ytyv\u00e4t mm. automaattinen sy\u00f6tt\u00f6laite ja automaattinen kaksipuolinen tulostus.<\/p>\n<p>Ominaisuuksia:<\/p>\n<ul>\n<li>8,8 cm v\u00e4rikosketusn\u00e4ytt\u00f6<\/li>\n<li>Automaattinen kaksipuolinen tulostus<\/li>\n<li>Skannaus: automaattinen sy\u00f6tt\u00f6laite, kapasiteetti 50 arkkia ja tasoskanneri<\/li>\n<li>Skannausominaisuudet: Skannauskohteet mm. Verkkokansio, Microsoft Office, SharePoint (Paikallinen), FTP, Tiedosto, Kuva, S\u00e4hk\u00f6postin liitetiedosto<\/li>\n<li>Max tulostusresoluutio jopa 600 x 2400 dpi<\/li>\n<li>Vakio sy\u00f6tt\u00f6lokeron koko: 250 arkkia<\/li>\n<li>Max yht\u00e4jaksoinen tulostuskapasiteetti: 150 sivua<\/li>\n<li>Tulostuskielet: PCL6, PDF versio 1.7, BR-Script3<\/li>\n<li>Mobiilitulostustuki: Brother Mobile Connect (Android, iPad \/ iPhone), Apple AirPrint, Brother Print Service Plugin, Mopria, Brother-sovellukset, Web Connect<\/li>\n<li>Tuetut tulostusmateriaalien koot: Vakiopaperikasetti (kasetti 1) (A4, Letter, Legal, Folio, A5, A5 (Pitk\u00e4 sivu), A6, Executive, Mexico Legal, India Legal, B5, lyhyt A4 (270 mm), 16K, B6 (JIS)), Kaksipuoiinen tulostus (A4), Manuaalinen ohisy\u00f6tt\u00f6 (Monarch, DL-kirjekuori, C5-kirjekuori, Com-10, Leveys: 76,2 &#8211; 216 mm x Pituus: 116 &#8211; 355,6 mm), Skannerin lasilta (jopa A4\/Letter), Automaattinen dokumentinsy\u00f6tt\u00f6laite (Leveys 105 &#8211; 215,9 mm x Pituus 147,3 &#8211; 355,6 mm)<\/li>\n<li>Liit\u00e4nn\u00e4t: Ethernet RJ45, USB, WiFi<\/li>\n<\/ul>\n<p>Kauttamme my\u00f6s muut tulostimet ja tarvikkeet, ota yhteytt\u00e4 !<\/p>\n<p>Kysy ajantasainen hinnasto ja lis\u00e4tietoja ottamalla meihin yhteytt\u00e4.<br \/>\nMy\u00f6s toimitus mahdollista riippuen tilatuista tuotteista.<\/p>\n<p>Tulostimet tarvittaessa k\u00e4ytt\u00f6kuntoon asennettuna.<\/p>\n<p>Ota yhteytt\u00e4:<br \/>\nPuh. <a href=\"tel:0401523801\">040 1523801<\/a><br \/>\nS\u00e4hk\u00f6posti: myynti [at] nettiseitti.fi<\/p>\n","protected":false},"excerpt":{"rendered":"<p>LED-v\u00e4rikosketusn\u00e4yt\u00f6ll\u00e4 varustettu monitoimilaite mm. automaattisella sy\u00f6tt\u00f6laitteella.<\/p>\n","protected":false},"featured_media":14280,"template":"","meta":{"neve_meta_sidebar":"","neve_meta_container":"","neve_meta_enable_content_width":"off","neve_meta_content_width":100,"neve_meta_title_alignment":"","neve_meta_author_avatar":"","neve_post_elements_order":"","neve_meta_disable_header":"","neve_meta_disable_footer":"","neve_meta_disable_title":""},"product_brand":[],"product_cat":[560],"product_tag":[450,451,100,107,459,106,457,327,446,448,449,453,447,108,105,149,455,227,226,445,456,98,101,104,454,96,99,97,103,102,458,452],"class_list":{"0":"post-14279","1":"product","2":"type-product","3":"status-publish","4":"has-post-thumbnail","6":"product_cat-monitoimilaitteet-a4-tulostimet","7":"product_tag-ahtari","8":"product_tag-alavus","9":"product_tag-etela-pohjanmaa","10":"product_tag-etela-suomi","11":"product_tag-hameenlinna","12":"product_tag-huittinen","13":"product_tag-ikaalinen","14":"product_tag-jalasjarvi","15":"product_tag-kankaanpaa","16":"product_tag-karvia","17":"product_tag-kauhajoki","18":"product_tag-kauhava","19":"product_tag-kihnio","20":"product_tag-lansi-suomi","21":"product_tag-lapua","22":"product_tag-lasertulostin","23":"product_tag-lempaala","24":"product_tag-monitoimilaite","25":"product_tag-monitoimitulostin","26":"product_tag-nokia","27":"product_tag-parkano","28":"product_tag-pirkanmaa","29":"product_tag-pohjanmaa","30":"product_tag-pori","31":"product_tag-rauma","32":"product_tag-sastamala","33":"product_tag-satakunta","34":"product_tag-seinajoki","35":"product_tag-tampere","36":"product_tag-vaasa","37":"product_tag-virrat","38":"product_tag-ylojarvi","40":"first","41":"instock","42":"shipping-taxable","43":"product-type-simple"},"yoast_head":"<!-- This site is optimized with the Yoast SEO plugin v27.4 - https:\/\/yoast.com\/product\/yoast-seo-wordpress\/ -->\n<title>Brother DCP-L3560CDW MFP -v\u00e4rilasermonitoimilaite - NettiSeitti<\/title>\n<meta name=\"description\" content=\"LED-v\u00e4rikosketusn\u00e4yt\u00f6ll\u00e4 varustettu monitoimilaite mm. automaattisella sy\u00f6tt\u00f6laitteella. Pirkanmaa, Satakunta, Etel\u00e4-Pohjanmaa, Pohjanmaa, Sein\u00e4joki, Pori.\" \/>\n<meta name=\"robots\" content=\"index, follow, max-snippet:-1, max-image-preview:large, max-video-preview:-1\" \/>\n<link rel=\"canonical\" href=\"https:\/\/nettiseitti.fi\/showroom\/tuote\/brother-dcp-l3560cdw-mfp-varilasermonitoimilaite\/\" \/>\n<meta property=\"og:locale\" content=\"fi_FI\" \/>\n<meta property=\"og:type\" content=\"article\" \/>\n<meta property=\"og:title\" content=\"Brother DCP-L3560CDW MFP -v\u00e4rilasermonitoimilaite - NettiSeitti\" \/>\n<meta property=\"og:description\" content=\"LED-v\u00e4rikosketusn\u00e4yt\u00f6ll\u00e4 varustettu monitoimilaite mm. automaattisella sy\u00f6tt\u00f6laitteella. Pirkanmaa, Satakunta, Etel\u00e4-Pohjanmaa, Pohjanmaa, Sein\u00e4joki, Pori.\" \/>\n<meta property=\"og:url\" content=\"https:\/\/nettiseitti.fi\/showroom\/tuote\/brother-dcp-l3560cdw-mfp-varilasermonitoimilaite\/\" \/>\n<meta property=\"og:site_name\" content=\"NettiSeitti\" \/>\n<meta property=\"article:modified_time\" content=\"2025-03-31T19:06:44+00:00\" \/>\n<meta property=\"og:image\" content=\"https:\/\/nettiseitti.fi\/showroom\/wp-content\/uploads\/2025\/03\/brother_l3560cdw.jpg\" \/>\n\t<meta property=\"og:image:width\" content=\"909\" \/>\n\t<meta property=\"og:image:height\" content=\"906\" \/>\n\t<meta property=\"og:image:type\" content=\"image\/jpeg\" \/>\n<meta name=\"twitter:card\" content=\"summary_large_image\" \/>\n<meta name=\"twitter:label1\" content=\"Arvioitu lukuaika\" \/>\n\t<meta name=\"twitter:data1\" content=\"2 minuuttia\" \/>\n<script type=\"application\/ld+json\" class=\"yoast-schema-graph\">{\"@context\":\"https:\\\/\\\/schema.org\",\"@graph\":[{\"@type\":\"WebPage\",\"@id\":\"https:\\\/\\\/nettiseitti.fi\\\/showroom\\\/tuote\\\/brother-dcp-l3560cdw-mfp-varilasermonitoimilaite\\\/\",\"url\":\"https:\\\/\\\/nettiseitti.fi\\\/showroom\\\/tuote\\\/brother-dcp-l3560cdw-mfp-varilasermonitoimilaite\\\/\",\"name\":\"Brother DCP-L3560CDW MFP -v\u00e4rilasermonitoimilaite - NettiSeitti\",\"isPartOf\":{\"@id\":\"https:\\\/\\\/nettiseitti.fi\\\/showroom\\\/#website\"},\"primaryImageOfPage\":{\"@id\":\"https:\\\/\\\/nettiseitti.fi\\\/showroom\\\/tuote\\\/brother-dcp-l3560cdw-mfp-varilasermonitoimilaite\\\/#primaryimage\"},\"image\":{\"@id\":\"https:\\\/\\\/nettiseitti.fi\\\/showroom\\\/tuote\\\/brother-dcp-l3560cdw-mfp-varilasermonitoimilaite\\\/#primaryimage\"},\"thumbnailUrl\":\"https:\\\/\\\/nettiseitti.fi\\\/showroom\\\/wp-content\\\/uploads\\\/2025\\\/03\\\/brother_l3560cdw.jpg\",\"datePublished\":\"2025-03-31T19:06:43+00:00\",\"dateModified\":\"2025-03-31T19:06:44+00:00\",\"description\":\"LED-v\u00e4rikosketusn\u00e4yt\u00f6ll\u00e4 varustettu monitoimilaite mm. automaattisella sy\u00f6tt\u00f6laitteella. Pirkanmaa, Satakunta, Etel\u00e4-Pohjanmaa, Pohjanmaa, Sein\u00e4joki, Pori.\",\"breadcrumb\":{\"@id\":\"https:\\\/\\\/nettiseitti.fi\\\/showroom\\\/tuote\\\/brother-dcp-l3560cdw-mfp-varilasermonitoimilaite\\\/#breadcrumb\"},\"inLanguage\":\"fi\",\"potentialAction\":[{\"@type\":\"ReadAction\",\"target\":[\"https:\\\/\\\/nettiseitti.fi\\\/showroom\\\/tuote\\\/brother-dcp-l3560cdw-mfp-varilasermonitoimilaite\\\/\"]}]},{\"@type\":\"ImageObject\",\"inLanguage\":\"fi\",\"@id\":\"https:\\\/\\\/nettiseitti.fi\\\/showroom\\\/tuote\\\/brother-dcp-l3560cdw-mfp-varilasermonitoimilaite\\\/#primaryimage\",\"url\":\"https:\\\/\\\/nettiseitti.fi\\\/showroom\\\/wp-content\\\/uploads\\\/2025\\\/03\\\/brother_l3560cdw.jpg\",\"contentUrl\":\"https:\\\/\\\/nettiseitti.fi\\\/showroom\\\/wp-content\\\/uploads\\\/2025\\\/03\\\/brother_l3560cdw.jpg\",\"width\":909,\"height\":906},{\"@type\":\"BreadcrumbList\",\"@id\":\"https:\\\/\\\/nettiseitti.fi\\\/showroom\\\/tuote\\\/brother-dcp-l3560cdw-mfp-varilasermonitoimilaite\\\/#breadcrumb\",\"itemListElement\":[{\"@type\":\"ListItem\",\"position\":1,\"name\":\"Etusivu\",\"item\":\"https:\\\/\\\/nettiseitti.fi\\\/showroom\\\/\"},{\"@type\":\"ListItem\",\"position\":2,\"name\":\"Tuotteet\",\"item\":\"https:\\\/\\\/nettiseitti.fi\\\/showroom\\\/tuotteet\\\/\"},{\"@type\":\"ListItem\",\"position\":3,\"name\":\"Brother DCP-L3560CDW MFP -v\u00e4rilasermonitoimilaite\"}]},{\"@type\":\"WebSite\",\"@id\":\"https:\\\/\\\/nettiseitti.fi\\\/showroom\\\/#website\",\"url\":\"https:\\\/\\\/nettiseitti.fi\\\/showroom\\\/\",\"name\":\"NettiSeitti\",\"description\":\"\",\"publisher\":{\"@id\":\"https:\\\/\\\/nettiseitti.fi\\\/showroom\\\/#organization\"},\"potentialAction\":[{\"@type\":\"SearchAction\",\"target\":{\"@type\":\"EntryPoint\",\"urlTemplate\":\"https:\\\/\\\/nettiseitti.fi\\\/showroom\\\/?s={search_term_string}\"},\"query-input\":{\"@type\":\"PropertyValueSpecification\",\"valueRequired\":true,\"valueName\":\"search_term_string\"}}],\"inLanguage\":\"fi\"},{\"@type\":\"Organization\",\"@id\":\"https:\\\/\\\/nettiseitti.fi\\\/showroom\\\/#organization\",\"name\":\"NettiSeitti\",\"url\":\"https:\\\/\\\/nettiseitti.fi\\\/showroom\\\/\",\"logo\":{\"@type\":\"ImageObject\",\"inLanguage\":\"fi\",\"@id\":\"https:\\\/\\\/nettiseitti.fi\\\/showroom\\\/#\\\/schema\\\/logo\\\/image\\\/\",\"url\":\"https:\\\/\\\/nettiseitti.fi\\\/showroom\\\/wp-content\\\/uploads\\\/2024\\\/03\\\/nettiseitti_lapinakyva_tausta.png\",\"contentUrl\":\"https:\\\/\\\/nettiseitti.fi\\\/showroom\\\/wp-content\\\/uploads\\\/2024\\\/03\\\/nettiseitti_lapinakyva_tausta.png\",\"width\":2176,\"height\":741,\"caption\":\"NettiSeitti\"},\"image\":{\"@id\":\"https:\\\/\\\/nettiseitti.fi\\\/showroom\\\/#\\\/schema\\\/logo\\\/image\\\/\"}}]}<\/script>\n<!-- \/ Yoast SEO plugin. -->","yoast_head_json":{"title":"Brother DCP-L3560CDW MFP -v\u00e4rilasermonitoimilaite - NettiSeitti","description":"LED-v\u00e4rikosketusn\u00e4yt\u00f6ll\u00e4 varustettu monitoimilaite mm. automaattisella sy\u00f6tt\u00f6laitteella. Pirkanmaa, Satakunta, Etel\u00e4-Pohjanmaa, Pohjanmaa, Sein\u00e4joki, Pori.","robots":{"index":"index","follow":"follow","max-snippet":"max-snippet:-1","max-image-preview":"max-image-preview:large","max-video-preview":"max-video-preview:-1"},"canonical":"https:\/\/nettiseitti.fi\/showroom\/tuote\/brother-dcp-l3560cdw-mfp-varilasermonitoimilaite\/","og_locale":"fi_FI","og_type":"article","og_title":"Brother DCP-L3560CDW MFP -v\u00e4rilasermonitoimilaite - NettiSeitti","og_description":"LED-v\u00e4rikosketusn\u00e4yt\u00f6ll\u00e4 varustettu monitoimilaite mm. automaattisella sy\u00f6tt\u00f6laitteella. Pirkanmaa, Satakunta, Etel\u00e4-Pohjanmaa, Pohjanmaa, Sein\u00e4joki, Pori.","og_url":"https:\/\/nettiseitti.fi\/showroom\/tuote\/brother-dcp-l3560cdw-mfp-varilasermonitoimilaite\/","og_site_name":"NettiSeitti","article_modified_time":"2025-03-31T19:06:44+00:00","og_image":[{"width":909,"height":906,"url":"https:\/\/nettiseitti.fi\/showroom\/wp-content\/uploads\/2025\/03\/brother_l3560cdw.jpg","type":"image\/jpeg"}],"twitter_card":"summary_large_image","twitter_misc":{"Arvioitu lukuaika":"2 minuuttia"},"schema":{"@context":"https:\/\/schema.org","@graph":[{"@type":"WebPage","@id":"https:\/\/nettiseitti.fi\/showroom\/tuote\/brother-dcp-l3560cdw-mfp-varilasermonitoimilaite\/","url":"https:\/\/nettiseitti.fi\/showroom\/tuote\/brother-dcp-l3560cdw-mfp-varilasermonitoimilaite\/","name":"Brother DCP-L3560CDW MFP -v\u00e4rilasermonitoimilaite - NettiSeitti","isPartOf":{"@id":"https:\/\/nettiseitti.fi\/showroom\/#website"},"primaryImageOfPage":{"@id":"https:\/\/nettiseitti.fi\/showroom\/tuote\/brother-dcp-l3560cdw-mfp-varilasermonitoimilaite\/#primaryimage"},"image":{"@id":"https:\/\/nettiseitti.fi\/showroom\/tuote\/brother-dcp-l3560cdw-mfp-varilasermonitoimilaite\/#primaryimage"},"thumbnailUrl":"https:\/\/nettiseitti.fi\/showroom\/wp-content\/uploads\/2025\/03\/brother_l3560cdw.jpg","datePublished":"2025-03-31T19:06:43+00:00","dateModified":"2025-03-31T19:06:44+00:00","description":"LED-v\u00e4rikosketusn\u00e4yt\u00f6ll\u00e4 varustettu monitoimilaite mm. automaattisella sy\u00f6tt\u00f6laitteella. Pirkanmaa, Satakunta, Etel\u00e4-Pohjanmaa, Pohjanmaa, Sein\u00e4joki, Pori.","breadcrumb":{"@id":"https:\/\/nettiseitti.fi\/showroom\/tuote\/brother-dcp-l3560cdw-mfp-varilasermonitoimilaite\/#breadcrumb"},"inLanguage":"fi","potentialAction":[{"@type":"ReadAction","target":["https:\/\/nettiseitti.fi\/showroom\/tuote\/brother-dcp-l3560cdw-mfp-varilasermonitoimilaite\/"]}]},{"@type":"ImageObject","inLanguage":"fi","@id":"https:\/\/nettiseitti.fi\/showroom\/tuote\/brother-dcp-l3560cdw-mfp-varilasermonitoimilaite\/#primaryimage","url":"https:\/\/nettiseitti.fi\/showroom\/wp-content\/uploads\/2025\/03\/brother_l3560cdw.jpg","contentUrl":"https:\/\/nettiseitti.fi\/showroom\/wp-content\/uploads\/2025\/03\/brother_l3560cdw.jpg","width":909,"height":906},{"@type":"BreadcrumbList","@id":"https:\/\/nettiseitti.fi\/showroom\/tuote\/brother-dcp-l3560cdw-mfp-varilasermonitoimilaite\/#breadcrumb","itemListElement":[{"@type":"ListItem","position":1,"name":"Etusivu","item":"https:\/\/nettiseitti.fi\/showroom\/"},{"@type":"ListItem","position":2,"name":"Tuotteet","item":"https:\/\/nettiseitti.fi\/showroom\/tuotteet\/"},{"@type":"ListItem","position":3,"name":"Brother DCP-L3560CDW MFP -v\u00e4rilasermonitoimilaite"}]},{"@type":"WebSite","@id":"https:\/\/nettiseitti.fi\/showroom\/#website","url":"https:\/\/nettiseitti.fi\/showroom\/","name":"NettiSeitti","description":"","publisher":{"@id":"https:\/\/nettiseitti.fi\/showroom\/#organization"},"potentialAction":[{"@type":"SearchAction","target":{"@type":"EntryPoint","urlTemplate":"https:\/\/nettiseitti.fi\/showroom\/?s={search_term_string}"},"query-input":{"@type":"PropertyValueSpecification","valueRequired":true,"valueName":"search_term_string"}}],"inLanguage":"fi"},{"@type":"Organization","@id":"https:\/\/nettiseitti.fi\/showroom\/#organization","name":"NettiSeitti","url":"https:\/\/nettiseitti.fi\/showroom\/","logo":{"@type":"ImageObject","inLanguage":"fi","@id":"https:\/\/nettiseitti.fi\/showroom\/#\/schema\/logo\/image\/","url":"https:\/\/nettiseitti.fi\/showroom\/wp-content\/uploads\/2024\/03\/nettiseitti_lapinakyva_tausta.png","contentUrl":"https:\/\/nettiseitti.fi\/showroom\/wp-content\/uploads\/2024\/03\/nettiseitti_lapinakyva_tausta.png","width":2176,"height":741,"caption":"NettiSeitti"},"image":{"@id":"https:\/\/nettiseitti.fi\/showroom\/#\/schema\/logo\/image\/"}}]}},"_links":{"self":[{"href":"https:\/\/nettiseitti.fi\/showroom\/wp-json\/wp\/v2\/product\/14279","targetHints":{"allow":["GET"]}}],"collection":[{"href":"https:\/\/nettiseitti.fi\/showroom\/wp-json\/wp\/v2\/product"}],"about":[{"href":"https:\/\/nettiseitti.fi\/showroom\/wp-json\/wp\/v2\/types\/product"}],"wp:featuredmedia":[{"embeddable":true,"href":"https:\/\/nettiseitti.fi\/showroom\/wp-json\/wp\/v2\/media\/14280"}],"wp:attachment":[{"href":"https:\/\/nettiseitti.fi\/showroom\/wp-json\/wp\/v2\/media?parent=14279"}],"wp:term":[{"taxonomy":"product_brand","embeddable":true,"href":"https:\/\/nettiseitti.fi\/showroom\/wp-json\/wp\/v2\/product_brand?post=14279"},{"taxonomy":"product_cat","embeddable":true,"href":"https:\/\/nettiseitti.fi\/showroom\/wp-json\/wp\/v2\/product_cat?post=14279"},{"taxonomy":"product_tag","embeddable":true,"href":"https:\/\/nettiseitti.fi\/showroom\/wp-json\/wp\/v2\/product_tag?post=14279"}],"curies":[{"name":"wp","href":"https:\/\/api.w.org\/{rel}","templated":true}]}}