{"id":14390,"date":"2025-06-29T20:48:01","date_gmt":"2025-06-29T17:48:01","guid":{"rendered":"https:\/\/nettiseitti.fi\/showroom\/?post_type=product&#038;p=14390"},"modified":"2025-06-29T21:50:52","modified_gmt":"2025-06-29T18:50:52","slug":"apc-back-ups-bx2200mi-line-interaktiivinen-2200va-1200w-ups-laite","status":"publish","type":"product","link":"https:\/\/nettiseitti.fi\/showroom\/tuote\/apc-back-ups-bx2200mi-line-interaktiivinen-2200va-1200w-ups-laite\/","title":{"rendered":"APC Back-UPS BX2200MI Line-interaktiivinen 2200VA \/ 1200W UPS-laite"},"content":{"rendered":"<p>2200VA \/ 1200W -tehoinen line-interaktiivinen UPS-laite.<\/p>\n<p>Ominaisuuksia:<\/p>\n<ul>\n<li>Kytkent\u00e4aika (s\u00e4hk\u00f6katkon tullessa): 6-10 ms<\/li>\n<li>Teknologia: Line-interaktiivinen<\/li>\n<li>Akusto: 2x 12V\/9Ah<\/li>\n<li>Aaltomuoto (kun k\u00e4yt\u00f6ss\u00e4 akut): modifioitu siniaalto<\/li>\n<li>Sis\u00e4\u00e4ntuloj\u00e4nnite: 230 VAC<\/li>\n<li>Ulostuloj\u00e4nnite: 230 VAC +\/-10%@ 100% load<\/li>\n<li>Liit\u00e4nn\u00e4t: 6x IEC-pistoke, Ethernet RJ45, 1x USB, lis\u00e4akkuliitin<\/li>\n<li>Valmistajan ilmoittama varak\u00e4yntiaika t\u00e4ydell\u00e4 teholla (1200W): 1 min<\/li>\n<li>Valmistajan ilmoittama varak\u00e4yntiaika puoliteholla (600W): 8.5 min<\/li>\n<\/ul>\n<p>Kauttamme my\u00f6s muut UPS-laitteet ja tarvikkeet, ota yhteytt\u00e4 !<\/p>\n<p>Kysy ajantasainen hinnasto ja lis\u00e4tietoja ottamalla meihin yhteytt\u00e4.<br \/>\nMy\u00f6s toimitus mahdollista riippuen tilatuista tuotteista sek\u00e4 sovittaessa laitteiden konfigurointi k\u00e4ytt\u00f6kuntoon asennettuna.<\/p>\n<p>Ota yhteytt\u00e4:<br \/>\nPuh. <a href=\"tel:0401523801\">040 1523801<\/a><br \/>\nS\u00e4hk\u00f6posti: myynti [at] nettiseitti.fi<\/p>\n","protected":false},"excerpt":{"rendered":"<p>2200VA -tehoinen line-interaktiivinen UPS-laite IEC-ulostuloliittimill\u00e4.<\/p>\n","protected":false},"featured_media":14391,"template":"","meta":{"neve_meta_sidebar":"","neve_meta_container":"","neve_meta_enable_content_width":"off","neve_meta_content_width":100,"neve_meta_title_alignment":"","neve_meta_author_avatar":"","neve_post_elements_order":"","neve_meta_disable_header":"","neve_meta_disable_footer":"","neve_meta_disable_title":""},"product_brand":[],"product_cat":[495],"product_tag":[450,451,100,107,459,106,457,327,446,448,449,453,447,108,105,455,445,456,98,101,104,454,96,99,97,103,384,388,386,102,458,452],"class_list":{"0":"post-14390","1":"product","2":"type-product","3":"status-publish","4":"has-post-thumbnail","6":"product_cat-ups-varavoimalaitteet","7":"product_tag-ahtari","8":"product_tag-alavus","9":"product_tag-etela-pohjanmaa","10":"product_tag-etela-suomi","11":"product_tag-hameenlinna","12":"product_tag-huittinen","13":"product_tag-ikaalinen","14":"product_tag-jalasjarvi","15":"product_tag-kankaanpaa","16":"product_tag-karvia","17":"product_tag-kauhajoki","18":"product_tag-kauhava","19":"product_tag-kihnio","20":"product_tag-lansi-suomi","21":"product_tag-lapua","22":"product_tag-lempaala","23":"product_tag-nokia","24":"product_tag-parkano","25":"product_tag-pirkanmaa","26":"product_tag-pohjanmaa","27":"product_tag-pori","28":"product_tag-rauma","29":"product_tag-sastamala","30":"product_tag-satakunta","31":"product_tag-seinajoki","32":"product_tag-tampere","33":"product_tag-ups","34":"product_tag-ups-laite","35":"product_tag-ups-varavirtalaite","36":"product_tag-vaasa","37":"product_tag-virrat","38":"product_tag-ylojarvi","40":"first","41":"instock","42":"shipping-taxable","43":"product-type-simple"},"yoast_head":"<!-- This site is optimized with the Yoast SEO plugin v27.4 - https:\/\/yoast.com\/product\/yoast-seo-wordpress\/ -->\n<title>APC Back-UPS BX2200MI Line-interaktiivinen 2200VA \/ 1200W UPS-laite - NettiSeitti<\/title>\n<meta name=\"description\" content=\"2200VA -tehoinen line-interaktiivinen UPS-laite IEC-ulostuloliittimill\u00e4. Pirkanmaa, Satakunta, Etel\u00e4-Pohjanmaa, Pohjanmaa, Sein\u00e4joki, Sastamala, Tampere.\" \/>\n<meta name=\"robots\" content=\"index, follow, max-snippet:-1, max-image-preview:large, max-video-preview:-1\" \/>\n<link rel=\"canonical\" href=\"https:\/\/nettiseitti.fi\/showroom\/tuote\/apc-back-ups-bx2200mi-line-interaktiivinen-2200va-1200w-ups-laite\/\" \/>\n<meta property=\"og:locale\" content=\"fi_FI\" \/>\n<meta property=\"og:type\" content=\"article\" \/>\n<meta property=\"og:title\" content=\"APC Back-UPS BX2200MI Line-interaktiivinen 2200VA \/ 1200W UPS-laite - NettiSeitti\" \/>\n<meta property=\"og:description\" content=\"2200VA -tehoinen line-interaktiivinen UPS-laite IEC-ulostuloliittimill\u00e4. Pirkanmaa, Satakunta, Etel\u00e4-Pohjanmaa, Pohjanmaa, Sein\u00e4joki, Sastamala, Tampere.\" \/>\n<meta property=\"og:url\" content=\"https:\/\/nettiseitti.fi\/showroom\/tuote\/apc-back-ups-bx2200mi-line-interaktiivinen-2200va-1200w-ups-laite\/\" \/>\n<meta property=\"og:site_name\" content=\"NettiSeitti\" \/>\n<meta property=\"article:modified_time\" content=\"2025-06-29T18:50:52+00:00\" \/>\n<meta property=\"og:image\" content=\"https:\/\/nettiseitti.fi\/showroom\/wp-content\/uploads\/2025\/06\/apc_bx2200mi.jpg\" \/>\n\t<meta property=\"og:image:width\" content=\"1021\" \/>\n\t<meta property=\"og:image:height\" content=\"798\" \/>\n\t<meta property=\"og:image:type\" content=\"image\/jpeg\" \/>\n<meta name=\"twitter:card\" content=\"summary_large_image\" \/>\n<meta name=\"twitter:label1\" content=\"Arvioitu lukuaika\" \/>\n\t<meta name=\"twitter:data1\" content=\"1 minuutti\" \/>\n<script type=\"application\/ld+json\" class=\"yoast-schema-graph\">{\"@context\":\"https:\\\/\\\/schema.org\",\"@graph\":[{\"@type\":\"WebPage\",\"@id\":\"https:\\\/\\\/nettiseitti.fi\\\/showroom\\\/tuote\\\/apc-back-ups-bx2200mi-line-interaktiivinen-2200va-1200w-ups-laite\\\/\",\"url\":\"https:\\\/\\\/nettiseitti.fi\\\/showroom\\\/tuote\\\/apc-back-ups-bx2200mi-line-interaktiivinen-2200va-1200w-ups-laite\\\/\",\"name\":\"APC Back-UPS BX2200MI Line-interaktiivinen 2200VA \\\/ 1200W UPS-laite - NettiSeitti\",\"isPartOf\":{\"@id\":\"https:\\\/\\\/nettiseitti.fi\\\/showroom\\\/#website\"},\"primaryImageOfPage\":{\"@id\":\"https:\\\/\\\/nettiseitti.fi\\\/showroom\\\/tuote\\\/apc-back-ups-bx2200mi-line-interaktiivinen-2200va-1200w-ups-laite\\\/#primaryimage\"},\"image\":{\"@id\":\"https:\\\/\\\/nettiseitti.fi\\\/showroom\\\/tuote\\\/apc-back-ups-bx2200mi-line-interaktiivinen-2200va-1200w-ups-laite\\\/#primaryimage\"},\"thumbnailUrl\":\"https:\\\/\\\/nettiseitti.fi\\\/showroom\\\/wp-content\\\/uploads\\\/2025\\\/06\\\/apc_bx2200mi.jpg\",\"datePublished\":\"2025-06-29T17:48:01+00:00\",\"dateModified\":\"2025-06-29T18:50:52+00:00\",\"description\":\"2200VA -tehoinen line-interaktiivinen UPS-laite IEC-ulostuloliittimill\u00e4. Pirkanmaa, Satakunta, Etel\u00e4-Pohjanmaa, Pohjanmaa, Sein\u00e4joki, Sastamala, Tampere.\",\"breadcrumb\":{\"@id\":\"https:\\\/\\\/nettiseitti.fi\\\/showroom\\\/tuote\\\/apc-back-ups-bx2200mi-line-interaktiivinen-2200va-1200w-ups-laite\\\/#breadcrumb\"},\"inLanguage\":\"fi\",\"potentialAction\":[{\"@type\":\"ReadAction\",\"target\":[\"https:\\\/\\\/nettiseitti.fi\\\/showroom\\\/tuote\\\/apc-back-ups-bx2200mi-line-interaktiivinen-2200va-1200w-ups-laite\\\/\"]}]},{\"@type\":\"ImageObject\",\"inLanguage\":\"fi\",\"@id\":\"https:\\\/\\\/nettiseitti.fi\\\/showroom\\\/tuote\\\/apc-back-ups-bx2200mi-line-interaktiivinen-2200va-1200w-ups-laite\\\/#primaryimage\",\"url\":\"https:\\\/\\\/nettiseitti.fi\\\/showroom\\\/wp-content\\\/uploads\\\/2025\\\/06\\\/apc_bx2200mi.jpg\",\"contentUrl\":\"https:\\\/\\\/nettiseitti.fi\\\/showroom\\\/wp-content\\\/uploads\\\/2025\\\/06\\\/apc_bx2200mi.jpg\",\"width\":1021,\"height\":798},{\"@type\":\"BreadcrumbList\",\"@id\":\"https:\\\/\\\/nettiseitti.fi\\\/showroom\\\/tuote\\\/apc-back-ups-bx2200mi-line-interaktiivinen-2200va-1200w-ups-laite\\\/#breadcrumb\",\"itemListElement\":[{\"@type\":\"ListItem\",\"position\":1,\"name\":\"Etusivu\",\"item\":\"https:\\\/\\\/nettiseitti.fi\\\/showroom\\\/\"},{\"@type\":\"ListItem\",\"position\":2,\"name\":\"Tuotteet\",\"item\":\"https:\\\/\\\/nettiseitti.fi\\\/showroom\\\/tuotteet\\\/\"},{\"@type\":\"ListItem\",\"position\":3,\"name\":\"APC Back-UPS BX2200MI Line-interaktiivinen 2200VA \\\/ 1200W UPS-laite\"}]},{\"@type\":\"WebSite\",\"@id\":\"https:\\\/\\\/nettiseitti.fi\\\/showroom\\\/#website\",\"url\":\"https:\\\/\\\/nettiseitti.fi\\\/showroom\\\/\",\"name\":\"NettiSeitti\",\"description\":\"\",\"publisher\":{\"@id\":\"https:\\\/\\\/nettiseitti.fi\\\/showroom\\\/#organization\"},\"potentialAction\":[{\"@type\":\"SearchAction\",\"target\":{\"@type\":\"EntryPoint\",\"urlTemplate\":\"https:\\\/\\\/nettiseitti.fi\\\/showroom\\\/?s={search_term_string}\"},\"query-input\":{\"@type\":\"PropertyValueSpecification\",\"valueRequired\":true,\"valueName\":\"search_term_string\"}}],\"inLanguage\":\"fi\"},{\"@type\":\"Organization\",\"@id\":\"https:\\\/\\\/nettiseitti.fi\\\/showroom\\\/#organization\",\"name\":\"NettiSeitti\",\"url\":\"https:\\\/\\\/nettiseitti.fi\\\/showroom\\\/\",\"logo\":{\"@type\":\"ImageObject\",\"inLanguage\":\"fi\",\"@id\":\"https:\\\/\\\/nettiseitti.fi\\\/showroom\\\/#\\\/schema\\\/logo\\\/image\\\/\",\"url\":\"https:\\\/\\\/nettiseitti.fi\\\/showroom\\\/wp-content\\\/uploads\\\/2024\\\/03\\\/nettiseitti_lapinakyva_tausta.png\",\"contentUrl\":\"https:\\\/\\\/nettiseitti.fi\\\/showroom\\\/wp-content\\\/uploads\\\/2024\\\/03\\\/nettiseitti_lapinakyva_tausta.png\",\"width\":2176,\"height\":741,\"caption\":\"NettiSeitti\"},\"image\":{\"@id\":\"https:\\\/\\\/nettiseitti.fi\\\/showroom\\\/#\\\/schema\\\/logo\\\/image\\\/\"}}]}<\/script>\n<!-- \/ Yoast SEO plugin. -->","yoast_head_json":{"title":"APC Back-UPS BX2200MI Line-interaktiivinen 2200VA \/ 1200W UPS-laite - NettiSeitti","description":"2200VA -tehoinen line-interaktiivinen UPS-laite IEC-ulostuloliittimill\u00e4. Pirkanmaa, Satakunta, Etel\u00e4-Pohjanmaa, Pohjanmaa, Sein\u00e4joki, Sastamala, Tampere.","robots":{"index":"index","follow":"follow","max-snippet":"max-snippet:-1","max-image-preview":"max-image-preview:large","max-video-preview":"max-video-preview:-1"},"canonical":"https:\/\/nettiseitti.fi\/showroom\/tuote\/apc-back-ups-bx2200mi-line-interaktiivinen-2200va-1200w-ups-laite\/","og_locale":"fi_FI","og_type":"article","og_title":"APC Back-UPS BX2200MI Line-interaktiivinen 2200VA \/ 1200W UPS-laite - NettiSeitti","og_description":"2200VA -tehoinen line-interaktiivinen UPS-laite IEC-ulostuloliittimill\u00e4. Pirkanmaa, Satakunta, Etel\u00e4-Pohjanmaa, Pohjanmaa, Sein\u00e4joki, Sastamala, Tampere.","og_url":"https:\/\/nettiseitti.fi\/showroom\/tuote\/apc-back-ups-bx2200mi-line-interaktiivinen-2200va-1200w-ups-laite\/","og_site_name":"NettiSeitti","article_modified_time":"2025-06-29T18:50:52+00:00","og_image":[{"width":1021,"height":798,"url":"https:\/\/nettiseitti.fi\/showroom\/wp-content\/uploads\/2025\/06\/apc_bx2200mi.jpg","type":"image\/jpeg"}],"twitter_card":"summary_large_image","twitter_misc":{"Arvioitu lukuaika":"1 minuutti"},"schema":{"@context":"https:\/\/schema.org","@graph":[{"@type":"WebPage","@id":"https:\/\/nettiseitti.fi\/showroom\/tuote\/apc-back-ups-bx2200mi-line-interaktiivinen-2200va-1200w-ups-laite\/","url":"https:\/\/nettiseitti.fi\/showroom\/tuote\/apc-back-ups-bx2200mi-line-interaktiivinen-2200va-1200w-ups-laite\/","name":"APC Back-UPS BX2200MI Line-interaktiivinen 2200VA \/ 1200W UPS-laite - NettiSeitti","isPartOf":{"@id":"https:\/\/nettiseitti.fi\/showroom\/#website"},"primaryImageOfPage":{"@id":"https:\/\/nettiseitti.fi\/showroom\/tuote\/apc-back-ups-bx2200mi-line-interaktiivinen-2200va-1200w-ups-laite\/#primaryimage"},"image":{"@id":"https:\/\/nettiseitti.fi\/showroom\/tuote\/apc-back-ups-bx2200mi-line-interaktiivinen-2200va-1200w-ups-laite\/#primaryimage"},"thumbnailUrl":"https:\/\/nettiseitti.fi\/showroom\/wp-content\/uploads\/2025\/06\/apc_bx2200mi.jpg","datePublished":"2025-06-29T17:48:01+00:00","dateModified":"2025-06-29T18:50:52+00:00","description":"2200VA -tehoinen line-interaktiivinen UPS-laite IEC-ulostuloliittimill\u00e4. Pirkanmaa, Satakunta, Etel\u00e4-Pohjanmaa, Pohjanmaa, Sein\u00e4joki, Sastamala, Tampere.","breadcrumb":{"@id":"https:\/\/nettiseitti.fi\/showroom\/tuote\/apc-back-ups-bx2200mi-line-interaktiivinen-2200va-1200w-ups-laite\/#breadcrumb"},"inLanguage":"fi","potentialAction":[{"@type":"ReadAction","target":["https:\/\/nettiseitti.fi\/showroom\/tuote\/apc-back-ups-bx2200mi-line-interaktiivinen-2200va-1200w-ups-laite\/"]}]},{"@type":"ImageObject","inLanguage":"fi","@id":"https:\/\/nettiseitti.fi\/showroom\/tuote\/apc-back-ups-bx2200mi-line-interaktiivinen-2200va-1200w-ups-laite\/#primaryimage","url":"https:\/\/nettiseitti.fi\/showroom\/wp-content\/uploads\/2025\/06\/apc_bx2200mi.jpg","contentUrl":"https:\/\/nettiseitti.fi\/showroom\/wp-content\/uploads\/2025\/06\/apc_bx2200mi.jpg","width":1021,"height":798},{"@type":"BreadcrumbList","@id":"https:\/\/nettiseitti.fi\/showroom\/tuote\/apc-back-ups-bx2200mi-line-interaktiivinen-2200va-1200w-ups-laite\/#breadcrumb","itemListElement":[{"@type":"ListItem","position":1,"name":"Etusivu","item":"https:\/\/nettiseitti.fi\/showroom\/"},{"@type":"ListItem","position":2,"name":"Tuotteet","item":"https:\/\/nettiseitti.fi\/showroom\/tuotteet\/"},{"@type":"ListItem","position":3,"name":"APC Back-UPS BX2200MI Line-interaktiivinen 2200VA \/ 1200W UPS-laite"}]},{"@type":"WebSite","@id":"https:\/\/nettiseitti.fi\/showroom\/#website","url":"https:\/\/nettiseitti.fi\/showroom\/","name":"NettiSeitti","description":"","publisher":{"@id":"https:\/\/nettiseitti.fi\/showroom\/#organization"},"potentialAction":[{"@type":"SearchAction","target":{"@type":"EntryPoint","urlTemplate":"https:\/\/nettiseitti.fi\/showroom\/?s={search_term_string}"},"query-input":{"@type":"PropertyValueSpecification","valueRequired":true,"valueName":"search_term_string"}}],"inLanguage":"fi"},{"@type":"Organization","@id":"https:\/\/nettiseitti.fi\/showroom\/#organization","name":"NettiSeitti","url":"https:\/\/nettiseitti.fi\/showroom\/","logo":{"@type":"ImageObject","inLanguage":"fi","@id":"https:\/\/nettiseitti.fi\/showroom\/#\/schema\/logo\/image\/","url":"https:\/\/nettiseitti.fi\/showroom\/wp-content\/uploads\/2024\/03\/nettiseitti_lapinakyva_tausta.png","contentUrl":"https:\/\/nettiseitti.fi\/showroom\/wp-content\/uploads\/2024\/03\/nettiseitti_lapinakyva_tausta.png","width":2176,"height":741,"caption":"NettiSeitti"},"image":{"@id":"https:\/\/nettiseitti.fi\/showroom\/#\/schema\/logo\/image\/"}}]}},"_links":{"self":[{"href":"https:\/\/nettiseitti.fi\/showroom\/wp-json\/wp\/v2\/product\/14390","targetHints":{"allow":["GET"]}}],"collection":[{"href":"https:\/\/nettiseitti.fi\/showroom\/wp-json\/wp\/v2\/product"}],"about":[{"href":"https:\/\/nettiseitti.fi\/showroom\/wp-json\/wp\/v2\/types\/product"}],"wp:featuredmedia":[{"embeddable":true,"href":"https:\/\/nettiseitti.fi\/showroom\/wp-json\/wp\/v2\/media\/14391"}],"wp:attachment":[{"href":"https:\/\/nettiseitti.fi\/showroom\/wp-json\/wp\/v2\/media?parent=14390"}],"wp:term":[{"taxonomy":"product_brand","embeddable":true,"href":"https:\/\/nettiseitti.fi\/showroom\/wp-json\/wp\/v2\/product_brand?post=14390"},{"taxonomy":"product_cat","embeddable":true,"href":"https:\/\/nettiseitti.fi\/showroom\/wp-json\/wp\/v2\/product_cat?post=14390"},{"taxonomy":"product_tag","embeddable":true,"href":"https:\/\/nettiseitti.fi\/showroom\/wp-json\/wp\/v2\/product_tag?post=14390"}],"curies":[{"name":"wp","href":"https:\/\/api.w.org\/{rel}","templated":true}]}}