{"id":14431,"date":"2025-07-31T20:13:40","date_gmt":"2025-07-31T17:13:40","guid":{"rendered":"https:\/\/nettiseitti.fi\/showroom\/?post_type=product&#038;p=14431"},"modified":"2025-07-31T20:19:37","modified_gmt":"2025-07-31T17:19:37","slug":"traxxas-trx3785-titan-550-12t-hiiliharjallinen-dc-moottori","status":"publish","type":"product","link":"https:\/\/nettiseitti.fi\/showroom\/tuote\/traxxas-trx3785-titan-550-12t-hiiliharjallinen-dc-moottori\/","title":{"rendered":"Traxxas TRX3785 Titan 550 12T hiiliharjallinen DC-moottori"},"content":{"rendered":"<p>550-kokoluokan hiiliharjallinen DC-moottori, joka on tarkoitettu RC-autojen moottoriksi.<\/p>\n<p>Ominaisuuksia:<\/p>\n<ul>\n<li>J\u00e4nnite: NiMh akut 8.4V asti tai 2-kennoinen LiPo-akku (7.4V)<\/li>\n<li>Suositeltu yhden moottorin autoihin<\/li>\n<li>Sis\u00e4\u00e4nrakennettu tuuletin<\/li>\n<li>Vedenkest\u00e4v\u00e4<\/li>\n<li>Koko: 550<\/li>\n<li>Akseli: 3,17mm<\/li>\n<li>Mukana valmiiksi juotetut johdot ja liittimet<\/li>\n<\/ul>\n<p>Yhteensopivuus mm.<\/p>\n<ul>\n<li>Traxxas 1\/16 models<\/li>\n<li>Traxxas Stampede (Bigfoot, Craniac, Skully&#8230;)<\/li>\n<li>Traxxas Stampede 4&#215;4<\/li>\n<li>Traxxas Telluride 4\u00d74<\/li>\n<li>Traxxas Slash (Raptor&#8230;)<\/li>\n<li>Traxxas Slash 4&#215;4 (Fiesta&#8230;)<\/li>\n<li>Traxxas Bandit<\/li>\n<li>Traxxas Rustler<\/li>\n<li>Traxxas 4-tec (Ford GT, Mustang&#8230;)<\/li>\n<\/ul>\n<p>Kauttamme my\u00f6s muut DC-moottorit ja tarvikkeet, ota yhteytt\u00e4 !<\/p>\n<p>Kysy ajantasainen hinnasto ja lis\u00e4tietoja ottamalla meihin yhteytt\u00e4.<br \/>\nMy\u00f6s toimitus mahdollista riippuen tilatuista tuotteista sek\u00e4 sovittaessa laitteiden konfigurointi k\u00e4ytt\u00f6kuntoon asennettuna.<\/p>\n<p>Ota yhteytt\u00e4:<br \/>\nPuh. <a href=\"tel:0401523801\">040 1523801<\/a><br \/>\nS\u00e4hk\u00f6posti: myynti [at] nettiseitti.fi<\/p>\n","protected":false},"excerpt":{"rendered":"<p>550-kokoluokan hiiliharjallinen DC-moottori integroidulla tuulettimella.<\/p>\n","protected":false},"featured_media":14432,"template":"","meta":{"neve_meta_sidebar":"","neve_meta_container":"","neve_meta_enable_content_width":"off","neve_meta_content_width":100,"neve_meta_title_alignment":"","neve_meta_author_avatar":"","neve_post_elements_order":"","neve_meta_disable_header":"","neve_meta_disable_footer":"","neve_meta_disable_title":""},"product_brand":[],"product_cat":[618],"product_tag":[450,451,100,107,459,106,457,327,446,448,449,453,447,108,105,455,445,456,98,101,104,454,267,275,96,99,97,103,113,102,458,452],"class_list":{"0":"post-14431","1":"product","2":"type-product","3":"status-publish","4":"has-post-thumbnail","6":"product_cat-moottorit","7":"product_tag-ahtari","8":"product_tag-alavus","9":"product_tag-etela-pohjanmaa","10":"product_tag-etela-suomi","11":"product_tag-hameenlinna","12":"product_tag-huittinen","13":"product_tag-ikaalinen","14":"product_tag-jalasjarvi","15":"product_tag-kankaanpaa","16":"product_tag-karvia","17":"product_tag-kauhajoki","18":"product_tag-kauhava","19":"product_tag-kihnio","20":"product_tag-lansi-suomi","21":"product_tag-lapua","22":"product_tag-lempaala","23":"product_tag-nokia","24":"product_tag-parkano","25":"product_tag-pirkanmaa","26":"product_tag-pohjanmaa","27":"product_tag-pori","28":"product_tag-rauma","29":"product_tag-rc-auto","30":"product_tag-sahkomoottori","31":"product_tag-sastamala","32":"product_tag-satakunta","33":"product_tag-seinajoki","34":"product_tag-tampere","35":"product_tag-traxxas","36":"product_tag-vaasa","37":"product_tag-virrat","38":"product_tag-ylojarvi","40":"first","41":"instock","42":"shipping-taxable","43":"product-type-simple"},"yoast_head":"<!-- This site is optimized with the Yoast SEO plugin v27.4 - https:\/\/yoast.com\/product\/yoast-seo-wordpress\/ -->\n<title>Traxxas TRX3785 Titan 550 12T hiiliharjallinen DC-moottori - NettiSeitti<\/title>\n<meta name=\"description\" content=\"550-kokoluokan hiiliharjallinen DC-moottori integroidulla tuulettimella. Pirkanmaa, Satakunta, Etel\u00e4-Pohjanmaa, Pohjanmaa, Sein\u00e4joki, Sastamala, Tampere.\" \/>\n<meta name=\"robots\" content=\"index, follow, max-snippet:-1, max-image-preview:large, max-video-preview:-1\" \/>\n<link rel=\"canonical\" href=\"https:\/\/nettiseitti.fi\/showroom\/tuote\/traxxas-trx3785-titan-550-12t-hiiliharjallinen-dc-moottori\/\" \/>\n<meta property=\"og:locale\" content=\"fi_FI\" \/>\n<meta property=\"og:type\" content=\"article\" \/>\n<meta property=\"og:title\" content=\"Traxxas TRX3785 Titan 550 12T hiiliharjallinen DC-moottori - NettiSeitti\" \/>\n<meta property=\"og:description\" content=\"550-kokoluokan hiiliharjallinen DC-moottori integroidulla tuulettimella. Pirkanmaa, Satakunta, Etel\u00e4-Pohjanmaa, Pohjanmaa, Sein\u00e4joki, Sastamala, Tampere.\" \/>\n<meta property=\"og:url\" content=\"https:\/\/nettiseitti.fi\/showroom\/tuote\/traxxas-trx3785-titan-550-12t-hiiliharjallinen-dc-moottori\/\" \/>\n<meta property=\"og:site_name\" content=\"NettiSeitti\" \/>\n<meta property=\"article:modified_time\" content=\"2025-07-31T17:19:37+00:00\" \/>\n<meta property=\"og:image\" content=\"https:\/\/nettiseitti.fi\/showroom\/wp-content\/uploads\/2025\/07\/traxxas_trx3785.jpg\" \/>\n\t<meta property=\"og:image:width\" content=\"374\" \/>\n\t<meta property=\"og:image:height\" content=\"368\" \/>\n\t<meta property=\"og:image:type\" content=\"image\/jpeg\" \/>\n<meta name=\"twitter:card\" content=\"summary_large_image\" \/>\n<meta name=\"twitter:label1\" content=\"Arvioitu lukuaika\" \/>\n\t<meta name=\"twitter:data1\" content=\"1 minuutti\" \/>\n<script type=\"application\/ld+json\" class=\"yoast-schema-graph\">{\"@context\":\"https:\\\/\\\/schema.org\",\"@graph\":[{\"@type\":\"WebPage\",\"@id\":\"https:\\\/\\\/nettiseitti.fi\\\/showroom\\\/tuote\\\/traxxas-trx3785-titan-550-12t-hiiliharjallinen-dc-moottori\\\/\",\"url\":\"https:\\\/\\\/nettiseitti.fi\\\/showroom\\\/tuote\\\/traxxas-trx3785-titan-550-12t-hiiliharjallinen-dc-moottori\\\/\",\"name\":\"Traxxas TRX3785 Titan 550 12T hiiliharjallinen DC-moottori - NettiSeitti\",\"isPartOf\":{\"@id\":\"https:\\\/\\\/nettiseitti.fi\\\/showroom\\\/#website\"},\"primaryImageOfPage\":{\"@id\":\"https:\\\/\\\/nettiseitti.fi\\\/showroom\\\/tuote\\\/traxxas-trx3785-titan-550-12t-hiiliharjallinen-dc-moottori\\\/#primaryimage\"},\"image\":{\"@id\":\"https:\\\/\\\/nettiseitti.fi\\\/showroom\\\/tuote\\\/traxxas-trx3785-titan-550-12t-hiiliharjallinen-dc-moottori\\\/#primaryimage\"},\"thumbnailUrl\":\"https:\\\/\\\/nettiseitti.fi\\\/showroom\\\/wp-content\\\/uploads\\\/2025\\\/07\\\/traxxas_trx3785.jpg\",\"datePublished\":\"2025-07-31T17:13:40+00:00\",\"dateModified\":\"2025-07-31T17:19:37+00:00\",\"description\":\"550-kokoluokan hiiliharjallinen DC-moottori integroidulla tuulettimella. Pirkanmaa, Satakunta, Etel\u00e4-Pohjanmaa, Pohjanmaa, Sein\u00e4joki, Sastamala, Tampere.\",\"breadcrumb\":{\"@id\":\"https:\\\/\\\/nettiseitti.fi\\\/showroom\\\/tuote\\\/traxxas-trx3785-titan-550-12t-hiiliharjallinen-dc-moottori\\\/#breadcrumb\"},\"inLanguage\":\"fi\",\"potentialAction\":[{\"@type\":\"ReadAction\",\"target\":[\"https:\\\/\\\/nettiseitti.fi\\\/showroom\\\/tuote\\\/traxxas-trx3785-titan-550-12t-hiiliharjallinen-dc-moottori\\\/\"]}]},{\"@type\":\"ImageObject\",\"inLanguage\":\"fi\",\"@id\":\"https:\\\/\\\/nettiseitti.fi\\\/showroom\\\/tuote\\\/traxxas-trx3785-titan-550-12t-hiiliharjallinen-dc-moottori\\\/#primaryimage\",\"url\":\"https:\\\/\\\/nettiseitti.fi\\\/showroom\\\/wp-content\\\/uploads\\\/2025\\\/07\\\/traxxas_trx3785.jpg\",\"contentUrl\":\"https:\\\/\\\/nettiseitti.fi\\\/showroom\\\/wp-content\\\/uploads\\\/2025\\\/07\\\/traxxas_trx3785.jpg\",\"width\":374,\"height\":368},{\"@type\":\"BreadcrumbList\",\"@id\":\"https:\\\/\\\/nettiseitti.fi\\\/showroom\\\/tuote\\\/traxxas-trx3785-titan-550-12t-hiiliharjallinen-dc-moottori\\\/#breadcrumb\",\"itemListElement\":[{\"@type\":\"ListItem\",\"position\":1,\"name\":\"Etusivu\",\"item\":\"https:\\\/\\\/nettiseitti.fi\\\/showroom\\\/\"},{\"@type\":\"ListItem\",\"position\":2,\"name\":\"Tuotteet\",\"item\":\"https:\\\/\\\/nettiseitti.fi\\\/showroom\\\/tuotteet\\\/\"},{\"@type\":\"ListItem\",\"position\":3,\"name\":\"Traxxas TRX3785 Titan 550 12T hiiliharjallinen DC-moottori\"}]},{\"@type\":\"WebSite\",\"@id\":\"https:\\\/\\\/nettiseitti.fi\\\/showroom\\\/#website\",\"url\":\"https:\\\/\\\/nettiseitti.fi\\\/showroom\\\/\",\"name\":\"NettiSeitti\",\"description\":\"\",\"publisher\":{\"@id\":\"https:\\\/\\\/nettiseitti.fi\\\/showroom\\\/#organization\"},\"potentialAction\":[{\"@type\":\"SearchAction\",\"target\":{\"@type\":\"EntryPoint\",\"urlTemplate\":\"https:\\\/\\\/nettiseitti.fi\\\/showroom\\\/?s={search_term_string}\"},\"query-input\":{\"@type\":\"PropertyValueSpecification\",\"valueRequired\":true,\"valueName\":\"search_term_string\"}}],\"inLanguage\":\"fi\"},{\"@type\":\"Organization\",\"@id\":\"https:\\\/\\\/nettiseitti.fi\\\/showroom\\\/#organization\",\"name\":\"NettiSeitti\",\"url\":\"https:\\\/\\\/nettiseitti.fi\\\/showroom\\\/\",\"logo\":{\"@type\":\"ImageObject\",\"inLanguage\":\"fi\",\"@id\":\"https:\\\/\\\/nettiseitti.fi\\\/showroom\\\/#\\\/schema\\\/logo\\\/image\\\/\",\"url\":\"https:\\\/\\\/nettiseitti.fi\\\/showroom\\\/wp-content\\\/uploads\\\/2024\\\/03\\\/nettiseitti_lapinakyva_tausta.png\",\"contentUrl\":\"https:\\\/\\\/nettiseitti.fi\\\/showroom\\\/wp-content\\\/uploads\\\/2024\\\/03\\\/nettiseitti_lapinakyva_tausta.png\",\"width\":2176,\"height\":741,\"caption\":\"NettiSeitti\"},\"image\":{\"@id\":\"https:\\\/\\\/nettiseitti.fi\\\/showroom\\\/#\\\/schema\\\/logo\\\/image\\\/\"}}]}<\/script>\n<!-- \/ Yoast SEO plugin. -->","yoast_head_json":{"title":"Traxxas TRX3785 Titan 550 12T hiiliharjallinen DC-moottori - NettiSeitti","description":"550-kokoluokan hiiliharjallinen DC-moottori integroidulla tuulettimella. Pirkanmaa, Satakunta, Etel\u00e4-Pohjanmaa, Pohjanmaa, Sein\u00e4joki, Sastamala, Tampere.","robots":{"index":"index","follow":"follow","max-snippet":"max-snippet:-1","max-image-preview":"max-image-preview:large","max-video-preview":"max-video-preview:-1"},"canonical":"https:\/\/nettiseitti.fi\/showroom\/tuote\/traxxas-trx3785-titan-550-12t-hiiliharjallinen-dc-moottori\/","og_locale":"fi_FI","og_type":"article","og_title":"Traxxas TRX3785 Titan 550 12T hiiliharjallinen DC-moottori - NettiSeitti","og_description":"550-kokoluokan hiiliharjallinen DC-moottori integroidulla tuulettimella. Pirkanmaa, Satakunta, Etel\u00e4-Pohjanmaa, Pohjanmaa, Sein\u00e4joki, Sastamala, Tampere.","og_url":"https:\/\/nettiseitti.fi\/showroom\/tuote\/traxxas-trx3785-titan-550-12t-hiiliharjallinen-dc-moottori\/","og_site_name":"NettiSeitti","article_modified_time":"2025-07-31T17:19:37+00:00","og_image":[{"width":374,"height":368,"url":"https:\/\/nettiseitti.fi\/showroom\/wp-content\/uploads\/2025\/07\/traxxas_trx3785.jpg","type":"image\/jpeg"}],"twitter_card":"summary_large_image","twitter_misc":{"Arvioitu lukuaika":"1 minuutti"},"schema":{"@context":"https:\/\/schema.org","@graph":[{"@type":"WebPage","@id":"https:\/\/nettiseitti.fi\/showroom\/tuote\/traxxas-trx3785-titan-550-12t-hiiliharjallinen-dc-moottori\/","url":"https:\/\/nettiseitti.fi\/showroom\/tuote\/traxxas-trx3785-titan-550-12t-hiiliharjallinen-dc-moottori\/","name":"Traxxas TRX3785 Titan 550 12T hiiliharjallinen DC-moottori - NettiSeitti","isPartOf":{"@id":"https:\/\/nettiseitti.fi\/showroom\/#website"},"primaryImageOfPage":{"@id":"https:\/\/nettiseitti.fi\/showroom\/tuote\/traxxas-trx3785-titan-550-12t-hiiliharjallinen-dc-moottori\/#primaryimage"},"image":{"@id":"https:\/\/nettiseitti.fi\/showroom\/tuote\/traxxas-trx3785-titan-550-12t-hiiliharjallinen-dc-moottori\/#primaryimage"},"thumbnailUrl":"https:\/\/nettiseitti.fi\/showroom\/wp-content\/uploads\/2025\/07\/traxxas_trx3785.jpg","datePublished":"2025-07-31T17:13:40+00:00","dateModified":"2025-07-31T17:19:37+00:00","description":"550-kokoluokan hiiliharjallinen DC-moottori integroidulla tuulettimella. Pirkanmaa, Satakunta, Etel\u00e4-Pohjanmaa, Pohjanmaa, Sein\u00e4joki, Sastamala, Tampere.","breadcrumb":{"@id":"https:\/\/nettiseitti.fi\/showroom\/tuote\/traxxas-trx3785-titan-550-12t-hiiliharjallinen-dc-moottori\/#breadcrumb"},"inLanguage":"fi","potentialAction":[{"@type":"ReadAction","target":["https:\/\/nettiseitti.fi\/showroom\/tuote\/traxxas-trx3785-titan-550-12t-hiiliharjallinen-dc-moottori\/"]}]},{"@type":"ImageObject","inLanguage":"fi","@id":"https:\/\/nettiseitti.fi\/showroom\/tuote\/traxxas-trx3785-titan-550-12t-hiiliharjallinen-dc-moottori\/#primaryimage","url":"https:\/\/nettiseitti.fi\/showroom\/wp-content\/uploads\/2025\/07\/traxxas_trx3785.jpg","contentUrl":"https:\/\/nettiseitti.fi\/showroom\/wp-content\/uploads\/2025\/07\/traxxas_trx3785.jpg","width":374,"height":368},{"@type":"BreadcrumbList","@id":"https:\/\/nettiseitti.fi\/showroom\/tuote\/traxxas-trx3785-titan-550-12t-hiiliharjallinen-dc-moottori\/#breadcrumb","itemListElement":[{"@type":"ListItem","position":1,"name":"Etusivu","item":"https:\/\/nettiseitti.fi\/showroom\/"},{"@type":"ListItem","position":2,"name":"Tuotteet","item":"https:\/\/nettiseitti.fi\/showroom\/tuotteet\/"},{"@type":"ListItem","position":3,"name":"Traxxas TRX3785 Titan 550 12T hiiliharjallinen DC-moottori"}]},{"@type":"WebSite","@id":"https:\/\/nettiseitti.fi\/showroom\/#website","url":"https:\/\/nettiseitti.fi\/showroom\/","name":"NettiSeitti","description":"","publisher":{"@id":"https:\/\/nettiseitti.fi\/showroom\/#organization"},"potentialAction":[{"@type":"SearchAction","target":{"@type":"EntryPoint","urlTemplate":"https:\/\/nettiseitti.fi\/showroom\/?s={search_term_string}"},"query-input":{"@type":"PropertyValueSpecification","valueRequired":true,"valueName":"search_term_string"}}],"inLanguage":"fi"},{"@type":"Organization","@id":"https:\/\/nettiseitti.fi\/showroom\/#organization","name":"NettiSeitti","url":"https:\/\/nettiseitti.fi\/showroom\/","logo":{"@type":"ImageObject","inLanguage":"fi","@id":"https:\/\/nettiseitti.fi\/showroom\/#\/schema\/logo\/image\/","url":"https:\/\/nettiseitti.fi\/showroom\/wp-content\/uploads\/2024\/03\/nettiseitti_lapinakyva_tausta.png","contentUrl":"https:\/\/nettiseitti.fi\/showroom\/wp-content\/uploads\/2024\/03\/nettiseitti_lapinakyva_tausta.png","width":2176,"height":741,"caption":"NettiSeitti"},"image":{"@id":"https:\/\/nettiseitti.fi\/showroom\/#\/schema\/logo\/image\/"}}]}},"_links":{"self":[{"href":"https:\/\/nettiseitti.fi\/showroom\/wp-json\/wp\/v2\/product\/14431","targetHints":{"allow":["GET"]}}],"collection":[{"href":"https:\/\/nettiseitti.fi\/showroom\/wp-json\/wp\/v2\/product"}],"about":[{"href":"https:\/\/nettiseitti.fi\/showroom\/wp-json\/wp\/v2\/types\/product"}],"wp:featuredmedia":[{"embeddable":true,"href":"https:\/\/nettiseitti.fi\/showroom\/wp-json\/wp\/v2\/media\/14432"}],"wp:attachment":[{"href":"https:\/\/nettiseitti.fi\/showroom\/wp-json\/wp\/v2\/media?parent=14431"}],"wp:term":[{"taxonomy":"product_brand","embeddable":true,"href":"https:\/\/nettiseitti.fi\/showroom\/wp-json\/wp\/v2\/product_brand?post=14431"},{"taxonomy":"product_cat","embeddable":true,"href":"https:\/\/nettiseitti.fi\/showroom\/wp-json\/wp\/v2\/product_cat?post=14431"},{"taxonomy":"product_tag","embeddable":true,"href":"https:\/\/nettiseitti.fi\/showroom\/wp-json\/wp\/v2\/product_tag?post=14431"}],"curies":[{"name":"wp","href":"https:\/\/api.w.org\/{rel}","templated":true}]}}