{"id":14434,"date":"2025-08-01T17:05:05","date_gmt":"2025-08-01T14:05:05","guid":{"rendered":"https:\/\/nettiseitti.fi\/showroom\/?post_type=product&#038;p=14434"},"modified":"2025-08-01T17:06:07","modified_gmt":"2025-08-01T14:06:07","slug":"absima-cube-2-0-nimh-nicd-lipo-life-akkulaturi","status":"publish","type":"product","link":"https:\/\/nettiseitti.fi\/showroom\/tuote\/absima-cube-2-0-nimh-nicd-lipo-life-akkulaturi\/","title":{"rendered":"Absima Cube 2.0 NiMH \/ NiCd \/ LiPo \/ LiFe -akkulaturi"},"content":{"rendered":"<p>Helppok\u00e4ytt\u00f6inen \u00e4lylaturi LiPo, LiFe, NiMH ja NiCd -akuille.<\/p>\n<p>Ominaisuuksia:<\/p>\n<ul>\n<li>Yhteensopivat akkukemiat: LiPo, LiFe: 2\u20133S sek\u00e4 NiMH, NiCd: 1\u20138 kennoa<\/li>\n<li>Max latausvirta: valittavissa 1A \/ 3A \/ 5A, max 50W<\/li>\n<li>Balanssiliittimet lithium-akuille<\/li>\n<li>Tuloj\u00e4nnite: 100-240V AC<\/li>\n<li>Akkuliitin: 4mm banaaniliitin<\/li>\n<li>LED-merkkivalo akkutyypin ja lataustilan ilmoittamiseen<\/li>\n<li>Delta-peak herkkyys NiMH\/NiCd-latauksessa<\/li>\n<li>Mukana toimitetaaan latausjohto T-liittimell\u00e4 sek\u00e4 Tamiya-liittimell\u00e4<\/li>\n<\/ul>\n<p>Kauttamme my\u00f6s muut laturit ja tarvikkeet, ota yhteytt\u00e4 !<\/p>\n<p>Kysy ajantasainen hinnasto ja lis\u00e4tietoja ottamalla meihin yhteytt\u00e4.<br \/>\nMy\u00f6s toimitus mahdollista riippuen tilatuista tuotteista sek\u00e4 sovittaessa laitteiden konfigurointi k\u00e4ytt\u00f6kuntoon asennettuna.<\/p>\n<p>Ota yhteytt\u00e4:<br \/>\nPuh. <a href=\"tel:0401523801\">040 1523801<\/a><br \/>\nS\u00e4hk\u00f6posti: myynti [at] nettiseitti.fi<\/p>\n","protected":false},"excerpt":{"rendered":"<p>Helppok\u00e4ytt\u00f6inen \u00e4lylaturi LiPo, LiFe, NiMH ja NiCd -akuille.<\/p>\n","protected":false},"featured_media":14435,"template":"","meta":{"neve_meta_sidebar":"","neve_meta_container":"","neve_meta_enable_content_width":"off","neve_meta_content_width":100,"neve_meta_title_alignment":"","neve_meta_author_avatar":"","neve_post_elements_order":"","neve_meta_disable_header":"","neve_meta_disable_footer":"","neve_meta_disable_title":""},"product_brand":[],"product_cat":[606],"product_tag":[450,126,444,451,125,100,107,459,106,457,327,446,448,449,453,447,108,105,455,445,456,98,101,104,454,96,99,97,103,102,458,452],"class_list":{"0":"post-14434","1":"product","2":"type-product","3":"status-publish","4":"has-post-thumbnail","6":"product_cat-akkulaturit","7":"product_tag-ahtari","8":"product_tag-akku","9":"product_tag-akkulaturi","10":"product_tag-alavus","11":"product_tag-alylaturi","12":"product_tag-etela-pohjanmaa","13":"product_tag-etela-suomi","14":"product_tag-hameenlinna","15":"product_tag-huittinen","16":"product_tag-ikaalinen","17":"product_tag-jalasjarvi","18":"product_tag-kankaanpaa","19":"product_tag-karvia","20":"product_tag-kauhajoki","21":"product_tag-kauhava","22":"product_tag-kihnio","23":"product_tag-lansi-suomi","24":"product_tag-lapua","25":"product_tag-lempaala","26":"product_tag-nokia","27":"product_tag-parkano","28":"product_tag-pirkanmaa","29":"product_tag-pohjanmaa","30":"product_tag-pori","31":"product_tag-rauma","32":"product_tag-sastamala","33":"product_tag-satakunta","34":"product_tag-seinajoki","35":"product_tag-tampere","36":"product_tag-vaasa","37":"product_tag-virrat","38":"product_tag-ylojarvi","40":"first","41":"instock","42":"shipping-taxable","43":"product-type-simple"},"yoast_head":"<!-- This site is optimized with the Yoast SEO plugin v27.4 - https:\/\/yoast.com\/product\/yoast-seo-wordpress\/ -->\n<title>Absima Cube 2.0 NiMH \/ NiCd \/ LiPo \/ LiFe -akkulaturi - NettiSeitti<\/title>\n<meta name=\"description\" content=\"Helppok\u00e4ytt\u00f6inen \u00e4lylaturi LiPo, LiFe, NiMH ja NiCd -akuille. Pirkanmaa, Satakunta, Etel\u00e4-Pohjanmaa, Pohjanmaa, Sein\u00e4joki, Sastamala, Tampere, Pori, Vaasa.\" \/>\n<meta name=\"robots\" content=\"index, follow, max-snippet:-1, max-image-preview:large, max-video-preview:-1\" \/>\n<link rel=\"canonical\" href=\"https:\/\/nettiseitti.fi\/showroom\/tuote\/absima-cube-2-0-nimh-nicd-lipo-life-akkulaturi\/\" \/>\n<meta property=\"og:locale\" content=\"fi_FI\" \/>\n<meta property=\"og:type\" content=\"article\" \/>\n<meta property=\"og:title\" content=\"Absima Cube 2.0 NiMH \/ NiCd \/ LiPo \/ LiFe -akkulaturi - NettiSeitti\" \/>\n<meta property=\"og:description\" content=\"Helppok\u00e4ytt\u00f6inen \u00e4lylaturi LiPo, LiFe, NiMH ja NiCd -akuille. Pirkanmaa, Satakunta, Etel\u00e4-Pohjanmaa, Pohjanmaa, Sein\u00e4joki, Sastamala, Tampere, Pori, Vaasa.\" \/>\n<meta property=\"og:url\" content=\"https:\/\/nettiseitti.fi\/showroom\/tuote\/absima-cube-2-0-nimh-nicd-lipo-life-akkulaturi\/\" \/>\n<meta property=\"og:site_name\" content=\"NettiSeitti\" \/>\n<meta property=\"article:modified_time\" content=\"2025-08-01T14:06:07+00:00\" \/>\n<meta property=\"og:image\" content=\"https:\/\/nettiseitti.fi\/showroom\/wp-content\/uploads\/2025\/08\/absima_cube2_laturi.jpg\" \/>\n\t<meta property=\"og:image:width\" content=\"552\" \/>\n\t<meta property=\"og:image:height\" content=\"440\" \/>\n\t<meta property=\"og:image:type\" content=\"image\/jpeg\" \/>\n<meta name=\"twitter:card\" content=\"summary_large_image\" \/>\n<meta name=\"twitter:label1\" content=\"Arvioitu lukuaika\" \/>\n\t<meta name=\"twitter:data1\" content=\"1 minuutti\" \/>\n<script type=\"application\/ld+json\" class=\"yoast-schema-graph\">{\"@context\":\"https:\\\/\\\/schema.org\",\"@graph\":[{\"@type\":\"WebPage\",\"@id\":\"https:\\\/\\\/nettiseitti.fi\\\/showroom\\\/tuote\\\/absima-cube-2-0-nimh-nicd-lipo-life-akkulaturi\\\/\",\"url\":\"https:\\\/\\\/nettiseitti.fi\\\/showroom\\\/tuote\\\/absima-cube-2-0-nimh-nicd-lipo-life-akkulaturi\\\/\",\"name\":\"Absima Cube 2.0 NiMH \\\/ NiCd \\\/ LiPo \\\/ LiFe -akkulaturi - NettiSeitti\",\"isPartOf\":{\"@id\":\"https:\\\/\\\/nettiseitti.fi\\\/showroom\\\/#website\"},\"primaryImageOfPage\":{\"@id\":\"https:\\\/\\\/nettiseitti.fi\\\/showroom\\\/tuote\\\/absima-cube-2-0-nimh-nicd-lipo-life-akkulaturi\\\/#primaryimage\"},\"image\":{\"@id\":\"https:\\\/\\\/nettiseitti.fi\\\/showroom\\\/tuote\\\/absima-cube-2-0-nimh-nicd-lipo-life-akkulaturi\\\/#primaryimage\"},\"thumbnailUrl\":\"https:\\\/\\\/nettiseitti.fi\\\/showroom\\\/wp-content\\\/uploads\\\/2025\\\/08\\\/absima_cube2_laturi.jpg\",\"datePublished\":\"2025-08-01T14:05:05+00:00\",\"dateModified\":\"2025-08-01T14:06:07+00:00\",\"description\":\"Helppok\u00e4ytt\u00f6inen \u00e4lylaturi LiPo, LiFe, NiMH ja NiCd -akuille. Pirkanmaa, Satakunta, Etel\u00e4-Pohjanmaa, Pohjanmaa, Sein\u00e4joki, Sastamala, Tampere, Pori, Vaasa.\",\"breadcrumb\":{\"@id\":\"https:\\\/\\\/nettiseitti.fi\\\/showroom\\\/tuote\\\/absima-cube-2-0-nimh-nicd-lipo-life-akkulaturi\\\/#breadcrumb\"},\"inLanguage\":\"fi\",\"potentialAction\":[{\"@type\":\"ReadAction\",\"target\":[\"https:\\\/\\\/nettiseitti.fi\\\/showroom\\\/tuote\\\/absima-cube-2-0-nimh-nicd-lipo-life-akkulaturi\\\/\"]}]},{\"@type\":\"ImageObject\",\"inLanguage\":\"fi\",\"@id\":\"https:\\\/\\\/nettiseitti.fi\\\/showroom\\\/tuote\\\/absima-cube-2-0-nimh-nicd-lipo-life-akkulaturi\\\/#primaryimage\",\"url\":\"https:\\\/\\\/nettiseitti.fi\\\/showroom\\\/wp-content\\\/uploads\\\/2025\\\/08\\\/absima_cube2_laturi.jpg\",\"contentUrl\":\"https:\\\/\\\/nettiseitti.fi\\\/showroom\\\/wp-content\\\/uploads\\\/2025\\\/08\\\/absima_cube2_laturi.jpg\",\"width\":552,\"height\":440},{\"@type\":\"BreadcrumbList\",\"@id\":\"https:\\\/\\\/nettiseitti.fi\\\/showroom\\\/tuote\\\/absima-cube-2-0-nimh-nicd-lipo-life-akkulaturi\\\/#breadcrumb\",\"itemListElement\":[{\"@type\":\"ListItem\",\"position\":1,\"name\":\"Etusivu\",\"item\":\"https:\\\/\\\/nettiseitti.fi\\\/showroom\\\/\"},{\"@type\":\"ListItem\",\"position\":2,\"name\":\"Tuotteet\",\"item\":\"https:\\\/\\\/nettiseitti.fi\\\/showroom\\\/tuotteet\\\/\"},{\"@type\":\"ListItem\",\"position\":3,\"name\":\"Absima Cube 2.0 NiMH \\\/ NiCd \\\/ LiPo \\\/ LiFe -akkulaturi\"}]},{\"@type\":\"WebSite\",\"@id\":\"https:\\\/\\\/nettiseitti.fi\\\/showroom\\\/#website\",\"url\":\"https:\\\/\\\/nettiseitti.fi\\\/showroom\\\/\",\"name\":\"NettiSeitti\",\"description\":\"\",\"publisher\":{\"@id\":\"https:\\\/\\\/nettiseitti.fi\\\/showroom\\\/#organization\"},\"potentialAction\":[{\"@type\":\"SearchAction\",\"target\":{\"@type\":\"EntryPoint\",\"urlTemplate\":\"https:\\\/\\\/nettiseitti.fi\\\/showroom\\\/?s={search_term_string}\"},\"query-input\":{\"@type\":\"PropertyValueSpecification\",\"valueRequired\":true,\"valueName\":\"search_term_string\"}}],\"inLanguage\":\"fi\"},{\"@type\":\"Organization\",\"@id\":\"https:\\\/\\\/nettiseitti.fi\\\/showroom\\\/#organization\",\"name\":\"NettiSeitti\",\"url\":\"https:\\\/\\\/nettiseitti.fi\\\/showroom\\\/\",\"logo\":{\"@type\":\"ImageObject\",\"inLanguage\":\"fi\",\"@id\":\"https:\\\/\\\/nettiseitti.fi\\\/showroom\\\/#\\\/schema\\\/logo\\\/image\\\/\",\"url\":\"https:\\\/\\\/nettiseitti.fi\\\/showroom\\\/wp-content\\\/uploads\\\/2024\\\/03\\\/nettiseitti_lapinakyva_tausta.png\",\"contentUrl\":\"https:\\\/\\\/nettiseitti.fi\\\/showroom\\\/wp-content\\\/uploads\\\/2024\\\/03\\\/nettiseitti_lapinakyva_tausta.png\",\"width\":2176,\"height\":741,\"caption\":\"NettiSeitti\"},\"image\":{\"@id\":\"https:\\\/\\\/nettiseitti.fi\\\/showroom\\\/#\\\/schema\\\/logo\\\/image\\\/\"}}]}<\/script>\n<!-- \/ Yoast SEO plugin. -->","yoast_head_json":{"title":"Absima Cube 2.0 NiMH \/ NiCd \/ LiPo \/ LiFe -akkulaturi - NettiSeitti","description":"Helppok\u00e4ytt\u00f6inen \u00e4lylaturi LiPo, LiFe, NiMH ja NiCd -akuille. Pirkanmaa, Satakunta, Etel\u00e4-Pohjanmaa, Pohjanmaa, Sein\u00e4joki, Sastamala, Tampere, Pori, Vaasa.","robots":{"index":"index","follow":"follow","max-snippet":"max-snippet:-1","max-image-preview":"max-image-preview:large","max-video-preview":"max-video-preview:-1"},"canonical":"https:\/\/nettiseitti.fi\/showroom\/tuote\/absima-cube-2-0-nimh-nicd-lipo-life-akkulaturi\/","og_locale":"fi_FI","og_type":"article","og_title":"Absima Cube 2.0 NiMH \/ NiCd \/ LiPo \/ LiFe -akkulaturi - NettiSeitti","og_description":"Helppok\u00e4ytt\u00f6inen \u00e4lylaturi LiPo, LiFe, NiMH ja NiCd -akuille. Pirkanmaa, Satakunta, Etel\u00e4-Pohjanmaa, Pohjanmaa, Sein\u00e4joki, Sastamala, Tampere, Pori, Vaasa.","og_url":"https:\/\/nettiseitti.fi\/showroom\/tuote\/absima-cube-2-0-nimh-nicd-lipo-life-akkulaturi\/","og_site_name":"NettiSeitti","article_modified_time":"2025-08-01T14:06:07+00:00","og_image":[{"width":552,"height":440,"url":"https:\/\/nettiseitti.fi\/showroom\/wp-content\/uploads\/2025\/08\/absima_cube2_laturi.jpg","type":"image\/jpeg"}],"twitter_card":"summary_large_image","twitter_misc":{"Arvioitu lukuaika":"1 minuutti"},"schema":{"@context":"https:\/\/schema.org","@graph":[{"@type":"WebPage","@id":"https:\/\/nettiseitti.fi\/showroom\/tuote\/absima-cube-2-0-nimh-nicd-lipo-life-akkulaturi\/","url":"https:\/\/nettiseitti.fi\/showroom\/tuote\/absima-cube-2-0-nimh-nicd-lipo-life-akkulaturi\/","name":"Absima Cube 2.0 NiMH \/ NiCd \/ LiPo \/ LiFe -akkulaturi - NettiSeitti","isPartOf":{"@id":"https:\/\/nettiseitti.fi\/showroom\/#website"},"primaryImageOfPage":{"@id":"https:\/\/nettiseitti.fi\/showroom\/tuote\/absima-cube-2-0-nimh-nicd-lipo-life-akkulaturi\/#primaryimage"},"image":{"@id":"https:\/\/nettiseitti.fi\/showroom\/tuote\/absima-cube-2-0-nimh-nicd-lipo-life-akkulaturi\/#primaryimage"},"thumbnailUrl":"https:\/\/nettiseitti.fi\/showroom\/wp-content\/uploads\/2025\/08\/absima_cube2_laturi.jpg","datePublished":"2025-08-01T14:05:05+00:00","dateModified":"2025-08-01T14:06:07+00:00","description":"Helppok\u00e4ytt\u00f6inen \u00e4lylaturi LiPo, LiFe, NiMH ja NiCd -akuille. Pirkanmaa, Satakunta, Etel\u00e4-Pohjanmaa, Pohjanmaa, Sein\u00e4joki, Sastamala, Tampere, Pori, Vaasa.","breadcrumb":{"@id":"https:\/\/nettiseitti.fi\/showroom\/tuote\/absima-cube-2-0-nimh-nicd-lipo-life-akkulaturi\/#breadcrumb"},"inLanguage":"fi","potentialAction":[{"@type":"ReadAction","target":["https:\/\/nettiseitti.fi\/showroom\/tuote\/absima-cube-2-0-nimh-nicd-lipo-life-akkulaturi\/"]}]},{"@type":"ImageObject","inLanguage":"fi","@id":"https:\/\/nettiseitti.fi\/showroom\/tuote\/absima-cube-2-0-nimh-nicd-lipo-life-akkulaturi\/#primaryimage","url":"https:\/\/nettiseitti.fi\/showroom\/wp-content\/uploads\/2025\/08\/absima_cube2_laturi.jpg","contentUrl":"https:\/\/nettiseitti.fi\/showroom\/wp-content\/uploads\/2025\/08\/absima_cube2_laturi.jpg","width":552,"height":440},{"@type":"BreadcrumbList","@id":"https:\/\/nettiseitti.fi\/showroom\/tuote\/absima-cube-2-0-nimh-nicd-lipo-life-akkulaturi\/#breadcrumb","itemListElement":[{"@type":"ListItem","position":1,"name":"Etusivu","item":"https:\/\/nettiseitti.fi\/showroom\/"},{"@type":"ListItem","position":2,"name":"Tuotteet","item":"https:\/\/nettiseitti.fi\/showroom\/tuotteet\/"},{"@type":"ListItem","position":3,"name":"Absima Cube 2.0 NiMH \/ NiCd \/ LiPo \/ LiFe -akkulaturi"}]},{"@type":"WebSite","@id":"https:\/\/nettiseitti.fi\/showroom\/#website","url":"https:\/\/nettiseitti.fi\/showroom\/","name":"NettiSeitti","description":"","publisher":{"@id":"https:\/\/nettiseitti.fi\/showroom\/#organization"},"potentialAction":[{"@type":"SearchAction","target":{"@type":"EntryPoint","urlTemplate":"https:\/\/nettiseitti.fi\/showroom\/?s={search_term_string}"},"query-input":{"@type":"PropertyValueSpecification","valueRequired":true,"valueName":"search_term_string"}}],"inLanguage":"fi"},{"@type":"Organization","@id":"https:\/\/nettiseitti.fi\/showroom\/#organization","name":"NettiSeitti","url":"https:\/\/nettiseitti.fi\/showroom\/","logo":{"@type":"ImageObject","inLanguage":"fi","@id":"https:\/\/nettiseitti.fi\/showroom\/#\/schema\/logo\/image\/","url":"https:\/\/nettiseitti.fi\/showroom\/wp-content\/uploads\/2024\/03\/nettiseitti_lapinakyva_tausta.png","contentUrl":"https:\/\/nettiseitti.fi\/showroom\/wp-content\/uploads\/2024\/03\/nettiseitti_lapinakyva_tausta.png","width":2176,"height":741,"caption":"NettiSeitti"},"image":{"@id":"https:\/\/nettiseitti.fi\/showroom\/#\/schema\/logo\/image\/"}}]}},"_links":{"self":[{"href":"https:\/\/nettiseitti.fi\/showroom\/wp-json\/wp\/v2\/product\/14434","targetHints":{"allow":["GET"]}}],"collection":[{"href":"https:\/\/nettiseitti.fi\/showroom\/wp-json\/wp\/v2\/product"}],"about":[{"href":"https:\/\/nettiseitti.fi\/showroom\/wp-json\/wp\/v2\/types\/product"}],"wp:featuredmedia":[{"embeddable":true,"href":"https:\/\/nettiseitti.fi\/showroom\/wp-json\/wp\/v2\/media\/14435"}],"wp:attachment":[{"href":"https:\/\/nettiseitti.fi\/showroom\/wp-json\/wp\/v2\/media?parent=14434"}],"wp:term":[{"taxonomy":"product_brand","embeddable":true,"href":"https:\/\/nettiseitti.fi\/showroom\/wp-json\/wp\/v2\/product_brand?post=14434"},{"taxonomy":"product_cat","embeddable":true,"href":"https:\/\/nettiseitti.fi\/showroom\/wp-json\/wp\/v2\/product_cat?post=14434"},{"taxonomy":"product_tag","embeddable":true,"href":"https:\/\/nettiseitti.fi\/showroom\/wp-json\/wp\/v2\/product_tag?post=14434"}],"curies":[{"name":"wp","href":"https:\/\/api.w.org\/{rel}","templated":true}]}}