{"id":14488,"date":"2025-09-25T21:31:31","date_gmt":"2025-09-25T18:31:31","guid":{"rendered":"https:\/\/nettiseitti.fi\/showroom\/?post_type=product&#038;p=14488"},"modified":"2026-02-03T15:10:11","modified_gmt":"2026-02-03T13:10:11","slug":"dell-se2425hm-238-fhd-ips-100hz-8ms-kensington-naytto","status":"publish","type":"product","link":"https:\/\/nettiseitti.fi\/showroom\/tuote\/dell-se2425hm-238-fhd-ips-100hz-8ms-kensington-naytto\/","title":{"rendered":"DELL SE2425HM 23,8&#8243; FHD \/ IPS \/ 100Hz \/ 8ms \/ Kensington -n\u00e4ytt\u00f6"},"content":{"rendered":"<p>Toimistok\u00e4ytt\u00f6\u00f6n soveltuva n\u00e4ytt\u00f6 Full HD -resoluutiolla ja nykyaikaisella muotoilulla.<\/p>\n<p>Ominaisuuksia:<\/p>\n<ul>\n<li>Kontrastisuhde: 1000:1, resoluutio Full HD 1920 x 1080, kirkkaus 250 cd\/m2<\/li>\n<li>VESA 100 x 100<\/li>\n<li>Kensington-lukkoliit\u00e4nt\u00e4<\/li>\n<li>IPS-paneeli, virkistystaajuus: 100Hz, vasteaika: 8ms, kuvasuhde: 16:9<\/li>\n<li>Kallistus: -5\u00b0 \u2013 +21\u00b0, katselukulmat: 178\u00b0<\/li>\n<li>Liit\u00e4nn\u00e4t: 1x DisplayPort 1.2, 1x HDMI 1.4, kuulokeliit\u00e4nt\u00e4<\/li>\n<\/ul>\n<p>Kauttamme my\u00f6s muut n\u00e4yt\u00f6t ja tarvikkeet, ota yhteytt\u00e4 !<\/p>\n<p>Kysy ajantasainen hinnasto ja lis\u00e4tietoja ottamalla meihin yhteytt\u00e4.<br \/>\nMy\u00f6s toimitus mahdollista riippuen tilatuista tuotteista sek\u00e4 sovittaessa laitteiden konfigurointi k\u00e4ytt\u00f6kuntoon asennettuna.<\/p>\n<p>Ota yhteytt\u00e4:<br \/>\nPuh. <a href=\"tel:0401523801\">040 1523801<\/a><br \/>\nS\u00e4hk\u00f6posti: myynti [at] nettiseitti.fi<\/p>\n<p><img decoding=\"async\" class=\"alignnone  wp-image-14836\" src=\"https:\/\/nettiseitti.fi\/showroom\/wp-content\/uploads\/2025\/12\/dell_authorized_partner-300x87.jpg\" alt=\"\" width=\"217\" height=\"63\" srcset=\"https:\/\/nettiseitti.fi\/showroom\/wp-content\/uploads\/2025\/12\/dell_authorized_partner-300x87.jpg 300w, https:\/\/nettiseitti.fi\/showroom\/wp-content\/uploads\/2025\/12\/dell_authorized_partner-768x223.jpg 768w, https:\/\/nettiseitti.fi\/showroom\/wp-content\/uploads\/2025\/12\/dell_authorized_partner-600x174.jpg 600w, https:\/\/nettiseitti.fi\/showroom\/wp-content\/uploads\/2025\/12\/dell_authorized_partner.jpg 879w\" sizes=\"(max-width: 217px) 100vw, 217px\" \/><\/p>\n","protected":false},"excerpt":{"rendered":"<p>Tyylikk\u00e4\u00e4ll\u00e4 ja toimivalla muotoilulla toteutettu n\u00e4ytt\u00f6, loistava valinta esim. yritysk\u00e4ytt\u00f6\u00f6n.<\/p>\n","protected":false},"featured_media":14489,"template":"","meta":{"neve_meta_sidebar":"","neve_meta_container":"","neve_meta_enable_content_width":"off","neve_meta_content_width":100,"neve_meta_title_alignment":"","neve_meta_author_avatar":"","neve_post_elements_order":"","neve_meta_disable_header":"","neve_meta_disable_footer":"","neve_meta_disable_title":""},"product_brand":[],"product_cat":[561],"product_tag":[450,451,100,107,459,106,457,327,446,448,449,453,447,108,105,455,89,445,456,98,101,104,454,96,99,97,103,102,458,452,193],"class_list":{"0":"post-14488","1":"product","2":"type-product","3":"status-publish","4":"has-post-thumbnail","6":"product_cat-naytot","7":"product_tag-ahtari","8":"product_tag-alavus","9":"product_tag-etela-pohjanmaa","10":"product_tag-etela-suomi","11":"product_tag-hameenlinna","12":"product_tag-huittinen","13":"product_tag-ikaalinen","14":"product_tag-jalasjarvi","15":"product_tag-kankaanpaa","16":"product_tag-karvia","17":"product_tag-kauhajoki","18":"product_tag-kauhava","19":"product_tag-kihnio","20":"product_tag-lansi-suomi","21":"product_tag-lapua","22":"product_tag-lempaala","23":"product_tag-naytto","24":"product_tag-nokia","25":"product_tag-parkano","26":"product_tag-pirkanmaa","27":"product_tag-pohjanmaa","28":"product_tag-pori","29":"product_tag-rauma","30":"product_tag-sastamala","31":"product_tag-satakunta","32":"product_tag-seinajoki","33":"product_tag-tampere","34":"product_tag-vaasa","35":"product_tag-virrat","36":"product_tag-ylojarvi","37":"product_tag-yritysnaytto","39":"first","40":"instock","41":"shipping-taxable","42":"product-type-simple"},"yoast_head":"<!-- This site is optimized with the Yoast SEO plugin v27.4 - https:\/\/yoast.com\/product\/yoast-seo-wordpress\/ -->\n<title>DELL SE2425HM 23,8&quot; FHD \/ IPS \/ 100Hz \/ 8ms \/ Kensington -n\u00e4ytt\u00f6 - NettiSeitti<\/title>\n<meta name=\"description\" content=\"Tyylikk\u00e4\u00e4ll\u00e4 ja toimivalla muotoilulla toteutettu n\u00e4ytt\u00f6, loistava valinta esim. yritysk\u00e4ytt\u00f6\u00f6n. Pirkanmaa, Satakunta, Etel\u00e4-Pohjanmaa, Pohjanmaa, Sein\u00e4joki\" \/>\n<meta name=\"robots\" content=\"index, follow, max-snippet:-1, max-image-preview:large, max-video-preview:-1\" \/>\n<link rel=\"canonical\" href=\"https:\/\/nettiseitti.fi\/showroom\/tuote\/dell-se2425hm-238-fhd-ips-100hz-8ms-kensington-naytto\/\" \/>\n<meta property=\"og:locale\" content=\"fi_FI\" \/>\n<meta property=\"og:type\" content=\"article\" \/>\n<meta property=\"og:title\" content=\"DELL SE2425HM 23,8&quot; FHD \/ IPS \/ 100Hz \/ 8ms \/ Kensington -n\u00e4ytt\u00f6 - NettiSeitti\" \/>\n<meta property=\"og:description\" content=\"Tyylikk\u00e4\u00e4ll\u00e4 ja toimivalla muotoilulla toteutettu n\u00e4ytt\u00f6, loistava valinta esim. yritysk\u00e4ytt\u00f6\u00f6n. Pirkanmaa, Satakunta, Etel\u00e4-Pohjanmaa, Pohjanmaa, Sein\u00e4joki\" \/>\n<meta property=\"og:url\" content=\"https:\/\/nettiseitti.fi\/showroom\/tuote\/dell-se2425hm-238-fhd-ips-100hz-8ms-kensington-naytto\/\" \/>\n<meta property=\"og:site_name\" content=\"NettiSeitti\" \/>\n<meta property=\"article:modified_time\" content=\"2026-02-03T13:10:11+00:00\" \/>\n<meta property=\"og:image\" content=\"https:\/\/nettiseitti.fi\/showroom\/wp-content\/uploads\/2025\/09\/dell_se2425hm.jpg\" \/>\n\t<meta property=\"og:image:width\" content=\"1026\" \/>\n\t<meta property=\"og:image:height\" content=\"917\" \/>\n\t<meta property=\"og:image:type\" content=\"image\/jpeg\" \/>\n<meta name=\"twitter:card\" content=\"summary_large_image\" \/>\n<meta name=\"twitter:label1\" content=\"Arvioitu lukuaika\" \/>\n\t<meta name=\"twitter:data1\" content=\"1 minuutti\" \/>\n<script type=\"application\/ld+json\" class=\"yoast-schema-graph\">{\"@context\":\"https:\\\/\\\/schema.org\",\"@graph\":[{\"@type\":\"WebPage\",\"@id\":\"https:\\\/\\\/nettiseitti.fi\\\/showroom\\\/tuote\\\/dell-se2425hm-238-fhd-ips-100hz-8ms-kensington-naytto\\\/\",\"url\":\"https:\\\/\\\/nettiseitti.fi\\\/showroom\\\/tuote\\\/dell-se2425hm-238-fhd-ips-100hz-8ms-kensington-naytto\\\/\",\"name\":\"DELL SE2425HM 23,8\\\" FHD \\\/ IPS \\\/ 100Hz \\\/ 8ms \\\/ Kensington -n\u00e4ytt\u00f6 - NettiSeitti\",\"isPartOf\":{\"@id\":\"https:\\\/\\\/nettiseitti.fi\\\/showroom\\\/#website\"},\"primaryImageOfPage\":{\"@id\":\"https:\\\/\\\/nettiseitti.fi\\\/showroom\\\/tuote\\\/dell-se2425hm-238-fhd-ips-100hz-8ms-kensington-naytto\\\/#primaryimage\"},\"image\":{\"@id\":\"https:\\\/\\\/nettiseitti.fi\\\/showroom\\\/tuote\\\/dell-se2425hm-238-fhd-ips-100hz-8ms-kensington-naytto\\\/#primaryimage\"},\"thumbnailUrl\":\"https:\\\/\\\/nettiseitti.fi\\\/showroom\\\/wp-content\\\/uploads\\\/2025\\\/09\\\/dell_se2425hm.jpg\",\"datePublished\":\"2025-09-25T18:31:31+00:00\",\"dateModified\":\"2026-02-03T13:10:11+00:00\",\"description\":\"Tyylikk\u00e4\u00e4ll\u00e4 ja toimivalla muotoilulla toteutettu n\u00e4ytt\u00f6, loistava valinta esim. yritysk\u00e4ytt\u00f6\u00f6n. Pirkanmaa, Satakunta, Etel\u00e4-Pohjanmaa, Pohjanmaa, Sein\u00e4joki\",\"breadcrumb\":{\"@id\":\"https:\\\/\\\/nettiseitti.fi\\\/showroom\\\/tuote\\\/dell-se2425hm-238-fhd-ips-100hz-8ms-kensington-naytto\\\/#breadcrumb\"},\"inLanguage\":\"fi\",\"potentialAction\":[{\"@type\":\"ReadAction\",\"target\":[\"https:\\\/\\\/nettiseitti.fi\\\/showroom\\\/tuote\\\/dell-se2425hm-238-fhd-ips-100hz-8ms-kensington-naytto\\\/\"]}]},{\"@type\":\"ImageObject\",\"inLanguage\":\"fi\",\"@id\":\"https:\\\/\\\/nettiseitti.fi\\\/showroom\\\/tuote\\\/dell-se2425hm-238-fhd-ips-100hz-8ms-kensington-naytto\\\/#primaryimage\",\"url\":\"https:\\\/\\\/nettiseitti.fi\\\/showroom\\\/wp-content\\\/uploads\\\/2025\\\/09\\\/dell_se2425hm.jpg\",\"contentUrl\":\"https:\\\/\\\/nettiseitti.fi\\\/showroom\\\/wp-content\\\/uploads\\\/2025\\\/09\\\/dell_se2425hm.jpg\",\"width\":1026,\"height\":917},{\"@type\":\"BreadcrumbList\",\"@id\":\"https:\\\/\\\/nettiseitti.fi\\\/showroom\\\/tuote\\\/dell-se2425hm-238-fhd-ips-100hz-8ms-kensington-naytto\\\/#breadcrumb\",\"itemListElement\":[{\"@type\":\"ListItem\",\"position\":1,\"name\":\"Etusivu\",\"item\":\"https:\\\/\\\/nettiseitti.fi\\\/showroom\\\/\"},{\"@type\":\"ListItem\",\"position\":2,\"name\":\"Tuotteet\",\"item\":\"https:\\\/\\\/nettiseitti.fi\\\/showroom\\\/tuotteet\\\/\"},{\"@type\":\"ListItem\",\"position\":3,\"name\":\"DELL SE2425HM 23,8&#8243; FHD \\\/ IPS \\\/ 100Hz \\\/ 8ms \\\/ Kensington -n\u00e4ytt\u00f6\"}]},{\"@type\":\"WebSite\",\"@id\":\"https:\\\/\\\/nettiseitti.fi\\\/showroom\\\/#website\",\"url\":\"https:\\\/\\\/nettiseitti.fi\\\/showroom\\\/\",\"name\":\"NettiSeitti\",\"description\":\"\",\"publisher\":{\"@id\":\"https:\\\/\\\/nettiseitti.fi\\\/showroom\\\/#organization\"},\"potentialAction\":[{\"@type\":\"SearchAction\",\"target\":{\"@type\":\"EntryPoint\",\"urlTemplate\":\"https:\\\/\\\/nettiseitti.fi\\\/showroom\\\/?s={search_term_string}\"},\"query-input\":{\"@type\":\"PropertyValueSpecification\",\"valueRequired\":true,\"valueName\":\"search_term_string\"}}],\"inLanguage\":\"fi\"},{\"@type\":\"Organization\",\"@id\":\"https:\\\/\\\/nettiseitti.fi\\\/showroom\\\/#organization\",\"name\":\"NettiSeitti\",\"url\":\"https:\\\/\\\/nettiseitti.fi\\\/showroom\\\/\",\"logo\":{\"@type\":\"ImageObject\",\"inLanguage\":\"fi\",\"@id\":\"https:\\\/\\\/nettiseitti.fi\\\/showroom\\\/#\\\/schema\\\/logo\\\/image\\\/\",\"url\":\"https:\\\/\\\/nettiseitti.fi\\\/showroom\\\/wp-content\\\/uploads\\\/2024\\\/03\\\/nettiseitti_lapinakyva_tausta.png\",\"contentUrl\":\"https:\\\/\\\/nettiseitti.fi\\\/showroom\\\/wp-content\\\/uploads\\\/2024\\\/03\\\/nettiseitti_lapinakyva_tausta.png\",\"width\":2176,\"height\":741,\"caption\":\"NettiSeitti\"},\"image\":{\"@id\":\"https:\\\/\\\/nettiseitti.fi\\\/showroom\\\/#\\\/schema\\\/logo\\\/image\\\/\"}}]}<\/script>\n<!-- \/ Yoast SEO plugin. -->","yoast_head_json":{"title":"DELL SE2425HM 23,8\" FHD \/ IPS \/ 100Hz \/ 8ms \/ Kensington -n\u00e4ytt\u00f6 - NettiSeitti","description":"Tyylikk\u00e4\u00e4ll\u00e4 ja toimivalla muotoilulla toteutettu n\u00e4ytt\u00f6, loistava valinta esim. yritysk\u00e4ytt\u00f6\u00f6n. Pirkanmaa, Satakunta, Etel\u00e4-Pohjanmaa, Pohjanmaa, Sein\u00e4joki","robots":{"index":"index","follow":"follow","max-snippet":"max-snippet:-1","max-image-preview":"max-image-preview:large","max-video-preview":"max-video-preview:-1"},"canonical":"https:\/\/nettiseitti.fi\/showroom\/tuote\/dell-se2425hm-238-fhd-ips-100hz-8ms-kensington-naytto\/","og_locale":"fi_FI","og_type":"article","og_title":"DELL SE2425HM 23,8\" FHD \/ IPS \/ 100Hz \/ 8ms \/ Kensington -n\u00e4ytt\u00f6 - NettiSeitti","og_description":"Tyylikk\u00e4\u00e4ll\u00e4 ja toimivalla muotoilulla toteutettu n\u00e4ytt\u00f6, loistava valinta esim. yritysk\u00e4ytt\u00f6\u00f6n. Pirkanmaa, Satakunta, Etel\u00e4-Pohjanmaa, Pohjanmaa, Sein\u00e4joki","og_url":"https:\/\/nettiseitti.fi\/showroom\/tuote\/dell-se2425hm-238-fhd-ips-100hz-8ms-kensington-naytto\/","og_site_name":"NettiSeitti","article_modified_time":"2026-02-03T13:10:11+00:00","og_image":[{"width":1026,"height":917,"url":"https:\/\/nettiseitti.fi\/showroom\/wp-content\/uploads\/2025\/09\/dell_se2425hm.jpg","type":"image\/jpeg"}],"twitter_card":"summary_large_image","twitter_misc":{"Arvioitu lukuaika":"1 minuutti"},"schema":{"@context":"https:\/\/schema.org","@graph":[{"@type":"WebPage","@id":"https:\/\/nettiseitti.fi\/showroom\/tuote\/dell-se2425hm-238-fhd-ips-100hz-8ms-kensington-naytto\/","url":"https:\/\/nettiseitti.fi\/showroom\/tuote\/dell-se2425hm-238-fhd-ips-100hz-8ms-kensington-naytto\/","name":"DELL SE2425HM 23,8\" FHD \/ IPS \/ 100Hz \/ 8ms \/ Kensington -n\u00e4ytt\u00f6 - NettiSeitti","isPartOf":{"@id":"https:\/\/nettiseitti.fi\/showroom\/#website"},"primaryImageOfPage":{"@id":"https:\/\/nettiseitti.fi\/showroom\/tuote\/dell-se2425hm-238-fhd-ips-100hz-8ms-kensington-naytto\/#primaryimage"},"image":{"@id":"https:\/\/nettiseitti.fi\/showroom\/tuote\/dell-se2425hm-238-fhd-ips-100hz-8ms-kensington-naytto\/#primaryimage"},"thumbnailUrl":"https:\/\/nettiseitti.fi\/showroom\/wp-content\/uploads\/2025\/09\/dell_se2425hm.jpg","datePublished":"2025-09-25T18:31:31+00:00","dateModified":"2026-02-03T13:10:11+00:00","description":"Tyylikk\u00e4\u00e4ll\u00e4 ja toimivalla muotoilulla toteutettu n\u00e4ytt\u00f6, loistava valinta esim. yritysk\u00e4ytt\u00f6\u00f6n. Pirkanmaa, Satakunta, Etel\u00e4-Pohjanmaa, Pohjanmaa, Sein\u00e4joki","breadcrumb":{"@id":"https:\/\/nettiseitti.fi\/showroom\/tuote\/dell-se2425hm-238-fhd-ips-100hz-8ms-kensington-naytto\/#breadcrumb"},"inLanguage":"fi","potentialAction":[{"@type":"ReadAction","target":["https:\/\/nettiseitti.fi\/showroom\/tuote\/dell-se2425hm-238-fhd-ips-100hz-8ms-kensington-naytto\/"]}]},{"@type":"ImageObject","inLanguage":"fi","@id":"https:\/\/nettiseitti.fi\/showroom\/tuote\/dell-se2425hm-238-fhd-ips-100hz-8ms-kensington-naytto\/#primaryimage","url":"https:\/\/nettiseitti.fi\/showroom\/wp-content\/uploads\/2025\/09\/dell_se2425hm.jpg","contentUrl":"https:\/\/nettiseitti.fi\/showroom\/wp-content\/uploads\/2025\/09\/dell_se2425hm.jpg","width":1026,"height":917},{"@type":"BreadcrumbList","@id":"https:\/\/nettiseitti.fi\/showroom\/tuote\/dell-se2425hm-238-fhd-ips-100hz-8ms-kensington-naytto\/#breadcrumb","itemListElement":[{"@type":"ListItem","position":1,"name":"Etusivu","item":"https:\/\/nettiseitti.fi\/showroom\/"},{"@type":"ListItem","position":2,"name":"Tuotteet","item":"https:\/\/nettiseitti.fi\/showroom\/tuotteet\/"},{"@type":"ListItem","position":3,"name":"DELL SE2425HM 23,8&#8243; FHD \/ IPS \/ 100Hz \/ 8ms \/ Kensington -n\u00e4ytt\u00f6"}]},{"@type":"WebSite","@id":"https:\/\/nettiseitti.fi\/showroom\/#website","url":"https:\/\/nettiseitti.fi\/showroom\/","name":"NettiSeitti","description":"","publisher":{"@id":"https:\/\/nettiseitti.fi\/showroom\/#organization"},"potentialAction":[{"@type":"SearchAction","target":{"@type":"EntryPoint","urlTemplate":"https:\/\/nettiseitti.fi\/showroom\/?s={search_term_string}"},"query-input":{"@type":"PropertyValueSpecification","valueRequired":true,"valueName":"search_term_string"}}],"inLanguage":"fi"},{"@type":"Organization","@id":"https:\/\/nettiseitti.fi\/showroom\/#organization","name":"NettiSeitti","url":"https:\/\/nettiseitti.fi\/showroom\/","logo":{"@type":"ImageObject","inLanguage":"fi","@id":"https:\/\/nettiseitti.fi\/showroom\/#\/schema\/logo\/image\/","url":"https:\/\/nettiseitti.fi\/showroom\/wp-content\/uploads\/2024\/03\/nettiseitti_lapinakyva_tausta.png","contentUrl":"https:\/\/nettiseitti.fi\/showroom\/wp-content\/uploads\/2024\/03\/nettiseitti_lapinakyva_tausta.png","width":2176,"height":741,"caption":"NettiSeitti"},"image":{"@id":"https:\/\/nettiseitti.fi\/showroom\/#\/schema\/logo\/image\/"}}]}},"_links":{"self":[{"href":"https:\/\/nettiseitti.fi\/showroom\/wp-json\/wp\/v2\/product\/14488","targetHints":{"allow":["GET"]}}],"collection":[{"href":"https:\/\/nettiseitti.fi\/showroom\/wp-json\/wp\/v2\/product"}],"about":[{"href":"https:\/\/nettiseitti.fi\/showroom\/wp-json\/wp\/v2\/types\/product"}],"wp:featuredmedia":[{"embeddable":true,"href":"https:\/\/nettiseitti.fi\/showroom\/wp-json\/wp\/v2\/media\/14489"}],"wp:attachment":[{"href":"https:\/\/nettiseitti.fi\/showroom\/wp-json\/wp\/v2\/media?parent=14488"}],"wp:term":[{"taxonomy":"product_brand","embeddable":true,"href":"https:\/\/nettiseitti.fi\/showroom\/wp-json\/wp\/v2\/product_brand?post=14488"},{"taxonomy":"product_cat","embeddable":true,"href":"https:\/\/nettiseitti.fi\/showroom\/wp-json\/wp\/v2\/product_cat?post=14488"},{"taxonomy":"product_tag","embeddable":true,"href":"https:\/\/nettiseitti.fi\/showroom\/wp-json\/wp\/v2\/product_tag?post=14488"}],"curies":[{"name":"wp","href":"https:\/\/api.w.org\/{rel}","templated":true}]}}