{"id":14504,"date":"2025-10-01T19:33:13","date_gmt":"2025-10-01T16:33:13","guid":{"rendered":"https:\/\/nettiseitti.fi\/showroom\/?post_type=product&#038;p=14504"},"modified":"2026-01-11T16:03:48","modified_gmt":"2026-01-11T14:03:48","slug":"ab-cryptobox-752hd-combo-usb-tallennus-dvb-t2-c-s2-digiboksi","status":"publish","type":"product","link":"https:\/\/nettiseitti.fi\/showroom\/tuote\/ab-cryptobox-752hd-combo-usb-tallennus-dvb-t2-c-s2-digiboksi\/","title":{"rendered":"AB CryptoBox 752HD Combo USB-tallennus \/ DVB-T2 \/ C \/ S2 -digiboksi"},"content":{"rendered":"<p>Kaikilla virittimill\u00e4 (DVB-T2, DVB-C ja DVB-S2) varustettu Full HD -digiboksi USB-tallennuksella.<\/p>\n<p>Ominaisuuksia:<\/p>\n<ul>\n<li>Antenni-, kaapeli- ja satelliittivirittimet (DVB-T2, DVB-C ja DVB-S2)<\/li>\n<li>Tukee tallennusta USB-portin kautta<\/li>\n<li>Ajansiirto, kun kytketty USB-portin kautta levy<\/li>\n<li>Tukee Full HD resoluutiota ja vastaanottaa SD, HD ja Full HD -kanavat<\/li>\n<li>Liit\u00e4nn\u00e4t: HDMI, USB, Ethernet RJ45, antenniliittimet, optinen \u00e4\u00e4niliitin, SCART<\/li>\n<li>Voidaan tallentaa max kahta kanavaa samanaikaisesti ja katsella kolmatta, huomioi kuitenkin ett\u00e4 koska digiboksissa on yksi viritin, voit katsella tallennuksen aikana suoraa l\u00e4hetyst\u00e4 ainoastaan saman kanavanipun kanavalta kuin jolta tallennetaan ohjelmaa.<\/li>\n<\/ul>\n<p>Kauttamme my\u00f6s muut TV-tarvikkeet, ota yhteytt\u00e4 !<\/p>\n<p>Kysy ajantasainen hinnasto ja lis\u00e4tietoja ottamalla meihin yhteytt\u00e4.<br \/>\nMy\u00f6s toimitus ja laitteiden konfigurointi \/ asennus k\u00e4ytt\u00f6kuntoon mahdollista riippuen tilatuista tuotteista.<\/p>\n<p>Ota yhteytt\u00e4:<br \/>\nPuh. <a href=\"tel:0401523801\">040 1523801<\/a><br \/>\nS\u00e4hk\u00f6posti: myynti [at] nettiseitti.fi<\/p>\n","protected":false},"excerpt":{"rendered":"<p>Monipuolinen digiboksi mm. suomenkielisill\u00e4 valikoilla ja USB-tallennuksella.<\/p>\n","protected":false},"featured_media":14505,"template":"","meta":{"neve_meta_sidebar":"","neve_meta_container":"","neve_meta_enable_content_width":"off","neve_meta_content_width":100,"neve_meta_title_alignment":"","neve_meta_author_avatar":"","neve_post_elements_order":"","neve_meta_disable_header":"","neve_meta_disable_footer":"","neve_meta_disable_title":""},"product_brand":[],"product_cat":[558],"product_tag":[450,451,215,100,107,459,106,457,327,446,448,449,453,447,108,105,455,445,456,98,101,104,454,96,99,97,103,102,458,452],"class_list":{"0":"post-14504","1":"product","2":"type-product","3":"status-publish","4":"has-post-thumbnail","6":"product_cat-digiboksit-ja-tarvikkeet","7":"product_tag-ahtari","8":"product_tag-alavus","9":"product_tag-digiboksi","10":"product_tag-etela-pohjanmaa","11":"product_tag-etela-suomi","12":"product_tag-hameenlinna","13":"product_tag-huittinen","14":"product_tag-ikaalinen","15":"product_tag-jalasjarvi","16":"product_tag-kankaanpaa","17":"product_tag-karvia","18":"product_tag-kauhajoki","19":"product_tag-kauhava","20":"product_tag-kihnio","21":"product_tag-lansi-suomi","22":"product_tag-lapua","23":"product_tag-lempaala","24":"product_tag-nokia","25":"product_tag-parkano","26":"product_tag-pirkanmaa","27":"product_tag-pohjanmaa","28":"product_tag-pori","29":"product_tag-rauma","30":"product_tag-sastamala","31":"product_tag-satakunta","32":"product_tag-seinajoki","33":"product_tag-tampere","34":"product_tag-vaasa","35":"product_tag-virrat","36":"product_tag-ylojarvi","38":"first","39":"instock","40":"shipping-taxable","41":"product-type-simple"},"yoast_head":"<!-- This site is optimized with the Yoast SEO plugin v27.4 - https:\/\/yoast.com\/product\/yoast-seo-wordpress\/ -->\n<title>AB CryptoBox 752HD Combo USB-tallennus \/ DVB-T2 \/ C \/ S2 -digiboksi - NettiSeitti<\/title>\n<meta name=\"description\" content=\"Monipuolinen digiboksi mm. suomenkielisill\u00e4 valikoilla ja USB-tallennuksella. Pirkanmaa, Satakunta, Etel\u00e4-Pohjanmaa, Pohjanmaa, Sein\u00e4joki, Sastamala, Pori.\" \/>\n<meta name=\"robots\" content=\"index, follow, max-snippet:-1, max-image-preview:large, max-video-preview:-1\" \/>\n<link rel=\"canonical\" href=\"https:\/\/nettiseitti.fi\/showroom\/tuote\/ab-cryptobox-752hd-combo-usb-tallennus-dvb-t2-c-s2-digiboksi\/\" \/>\n<meta property=\"og:locale\" content=\"fi_FI\" \/>\n<meta property=\"og:type\" content=\"article\" \/>\n<meta property=\"og:title\" content=\"AB CryptoBox 752HD Combo USB-tallennus \/ DVB-T2 \/ C \/ S2 -digiboksi - NettiSeitti\" \/>\n<meta property=\"og:description\" content=\"Monipuolinen digiboksi mm. suomenkielisill\u00e4 valikoilla ja USB-tallennuksella. Pirkanmaa, Satakunta, Etel\u00e4-Pohjanmaa, Pohjanmaa, Sein\u00e4joki, Sastamala, Pori.\" \/>\n<meta property=\"og:url\" content=\"https:\/\/nettiseitti.fi\/showroom\/tuote\/ab-cryptobox-752hd-combo-usb-tallennus-dvb-t2-c-s2-digiboksi\/\" \/>\n<meta property=\"og:site_name\" content=\"NettiSeitti\" \/>\n<meta property=\"article:modified_time\" content=\"2026-01-11T14:03:48+00:00\" \/>\n<meta property=\"og:image\" content=\"https:\/\/nettiseitti.fi\/showroom\/wp-content\/uploads\/2025\/10\/ab_cryptobox_752hd.jpg\" \/>\n\t<meta property=\"og:image:width\" content=\"987\" \/>\n\t<meta property=\"og:image:height\" content=\"745\" \/>\n\t<meta property=\"og:image:type\" content=\"image\/jpeg\" \/>\n<meta name=\"twitter:card\" content=\"summary_large_image\" \/>\n<meta name=\"twitter:label1\" content=\"Arvioitu lukuaika\" \/>\n\t<meta name=\"twitter:data1\" content=\"1 minuutti\" \/>\n<script type=\"application\/ld+json\" class=\"yoast-schema-graph\">{\"@context\":\"https:\\\/\\\/schema.org\",\"@graph\":[{\"@type\":\"WebPage\",\"@id\":\"https:\\\/\\\/nettiseitti.fi\\\/showroom\\\/tuote\\\/ab-cryptobox-752hd-combo-usb-tallennus-dvb-t2-c-s2-digiboksi\\\/\",\"url\":\"https:\\\/\\\/nettiseitti.fi\\\/showroom\\\/tuote\\\/ab-cryptobox-752hd-combo-usb-tallennus-dvb-t2-c-s2-digiboksi\\\/\",\"name\":\"AB CryptoBox 752HD Combo USB-tallennus \\\/ DVB-T2 \\\/ C \\\/ S2 -digiboksi - NettiSeitti\",\"isPartOf\":{\"@id\":\"https:\\\/\\\/nettiseitti.fi\\\/showroom\\\/#website\"},\"primaryImageOfPage\":{\"@id\":\"https:\\\/\\\/nettiseitti.fi\\\/showroom\\\/tuote\\\/ab-cryptobox-752hd-combo-usb-tallennus-dvb-t2-c-s2-digiboksi\\\/#primaryimage\"},\"image\":{\"@id\":\"https:\\\/\\\/nettiseitti.fi\\\/showroom\\\/tuote\\\/ab-cryptobox-752hd-combo-usb-tallennus-dvb-t2-c-s2-digiboksi\\\/#primaryimage\"},\"thumbnailUrl\":\"https:\\\/\\\/nettiseitti.fi\\\/showroom\\\/wp-content\\\/uploads\\\/2025\\\/10\\\/ab_cryptobox_752hd.jpg\",\"datePublished\":\"2025-10-01T16:33:13+00:00\",\"dateModified\":\"2026-01-11T14:03:48+00:00\",\"description\":\"Monipuolinen digiboksi mm. suomenkielisill\u00e4 valikoilla ja USB-tallennuksella. Pirkanmaa, Satakunta, Etel\u00e4-Pohjanmaa, Pohjanmaa, Sein\u00e4joki, Sastamala, Pori.\",\"breadcrumb\":{\"@id\":\"https:\\\/\\\/nettiseitti.fi\\\/showroom\\\/tuote\\\/ab-cryptobox-752hd-combo-usb-tallennus-dvb-t2-c-s2-digiboksi\\\/#breadcrumb\"},\"inLanguage\":\"fi\",\"potentialAction\":[{\"@type\":\"ReadAction\",\"target\":[\"https:\\\/\\\/nettiseitti.fi\\\/showroom\\\/tuote\\\/ab-cryptobox-752hd-combo-usb-tallennus-dvb-t2-c-s2-digiboksi\\\/\"]}]},{\"@type\":\"ImageObject\",\"inLanguage\":\"fi\",\"@id\":\"https:\\\/\\\/nettiseitti.fi\\\/showroom\\\/tuote\\\/ab-cryptobox-752hd-combo-usb-tallennus-dvb-t2-c-s2-digiboksi\\\/#primaryimage\",\"url\":\"https:\\\/\\\/nettiseitti.fi\\\/showroom\\\/wp-content\\\/uploads\\\/2025\\\/10\\\/ab_cryptobox_752hd.jpg\",\"contentUrl\":\"https:\\\/\\\/nettiseitti.fi\\\/showroom\\\/wp-content\\\/uploads\\\/2025\\\/10\\\/ab_cryptobox_752hd.jpg\",\"width\":987,\"height\":745},{\"@type\":\"BreadcrumbList\",\"@id\":\"https:\\\/\\\/nettiseitti.fi\\\/showroom\\\/tuote\\\/ab-cryptobox-752hd-combo-usb-tallennus-dvb-t2-c-s2-digiboksi\\\/#breadcrumb\",\"itemListElement\":[{\"@type\":\"ListItem\",\"position\":1,\"name\":\"Etusivu\",\"item\":\"https:\\\/\\\/nettiseitti.fi\\\/showroom\\\/\"},{\"@type\":\"ListItem\",\"position\":2,\"name\":\"Tuotteet\",\"item\":\"https:\\\/\\\/nettiseitti.fi\\\/showroom\\\/tuotteet\\\/\"},{\"@type\":\"ListItem\",\"position\":3,\"name\":\"AB CryptoBox 752HD Combo USB-tallennus \\\/ DVB-T2 \\\/ C \\\/ S2 -digiboksi\"}]},{\"@type\":\"WebSite\",\"@id\":\"https:\\\/\\\/nettiseitti.fi\\\/showroom\\\/#website\",\"url\":\"https:\\\/\\\/nettiseitti.fi\\\/showroom\\\/\",\"name\":\"NettiSeitti\",\"description\":\"\",\"publisher\":{\"@id\":\"https:\\\/\\\/nettiseitti.fi\\\/showroom\\\/#organization\"},\"potentialAction\":[{\"@type\":\"SearchAction\",\"target\":{\"@type\":\"EntryPoint\",\"urlTemplate\":\"https:\\\/\\\/nettiseitti.fi\\\/showroom\\\/?s={search_term_string}\"},\"query-input\":{\"@type\":\"PropertyValueSpecification\",\"valueRequired\":true,\"valueName\":\"search_term_string\"}}],\"inLanguage\":\"fi\"},{\"@type\":\"Organization\",\"@id\":\"https:\\\/\\\/nettiseitti.fi\\\/showroom\\\/#organization\",\"name\":\"NettiSeitti\",\"url\":\"https:\\\/\\\/nettiseitti.fi\\\/showroom\\\/\",\"logo\":{\"@type\":\"ImageObject\",\"inLanguage\":\"fi\",\"@id\":\"https:\\\/\\\/nettiseitti.fi\\\/showroom\\\/#\\\/schema\\\/logo\\\/image\\\/\",\"url\":\"https:\\\/\\\/nettiseitti.fi\\\/showroom\\\/wp-content\\\/uploads\\\/2024\\\/03\\\/nettiseitti_lapinakyva_tausta.png\",\"contentUrl\":\"https:\\\/\\\/nettiseitti.fi\\\/showroom\\\/wp-content\\\/uploads\\\/2024\\\/03\\\/nettiseitti_lapinakyva_tausta.png\",\"width\":2176,\"height\":741,\"caption\":\"NettiSeitti\"},\"image\":{\"@id\":\"https:\\\/\\\/nettiseitti.fi\\\/showroom\\\/#\\\/schema\\\/logo\\\/image\\\/\"}}]}<\/script>\n<!-- \/ Yoast SEO plugin. -->","yoast_head_json":{"title":"AB CryptoBox 752HD Combo USB-tallennus \/ DVB-T2 \/ C \/ S2 -digiboksi - NettiSeitti","description":"Monipuolinen digiboksi mm. suomenkielisill\u00e4 valikoilla ja USB-tallennuksella. Pirkanmaa, Satakunta, Etel\u00e4-Pohjanmaa, Pohjanmaa, Sein\u00e4joki, Sastamala, Pori.","robots":{"index":"index","follow":"follow","max-snippet":"max-snippet:-1","max-image-preview":"max-image-preview:large","max-video-preview":"max-video-preview:-1"},"canonical":"https:\/\/nettiseitti.fi\/showroom\/tuote\/ab-cryptobox-752hd-combo-usb-tallennus-dvb-t2-c-s2-digiboksi\/","og_locale":"fi_FI","og_type":"article","og_title":"AB CryptoBox 752HD Combo USB-tallennus \/ DVB-T2 \/ C \/ S2 -digiboksi - NettiSeitti","og_description":"Monipuolinen digiboksi mm. suomenkielisill\u00e4 valikoilla ja USB-tallennuksella. Pirkanmaa, Satakunta, Etel\u00e4-Pohjanmaa, Pohjanmaa, Sein\u00e4joki, Sastamala, Pori.","og_url":"https:\/\/nettiseitti.fi\/showroom\/tuote\/ab-cryptobox-752hd-combo-usb-tallennus-dvb-t2-c-s2-digiboksi\/","og_site_name":"NettiSeitti","article_modified_time":"2026-01-11T14:03:48+00:00","og_image":[{"width":987,"height":745,"url":"https:\/\/nettiseitti.fi\/showroom\/wp-content\/uploads\/2025\/10\/ab_cryptobox_752hd.jpg","type":"image\/jpeg"}],"twitter_card":"summary_large_image","twitter_misc":{"Arvioitu lukuaika":"1 minuutti"},"schema":{"@context":"https:\/\/schema.org","@graph":[{"@type":"WebPage","@id":"https:\/\/nettiseitti.fi\/showroom\/tuote\/ab-cryptobox-752hd-combo-usb-tallennus-dvb-t2-c-s2-digiboksi\/","url":"https:\/\/nettiseitti.fi\/showroom\/tuote\/ab-cryptobox-752hd-combo-usb-tallennus-dvb-t2-c-s2-digiboksi\/","name":"AB CryptoBox 752HD Combo USB-tallennus \/ DVB-T2 \/ C \/ S2 -digiboksi - NettiSeitti","isPartOf":{"@id":"https:\/\/nettiseitti.fi\/showroom\/#website"},"primaryImageOfPage":{"@id":"https:\/\/nettiseitti.fi\/showroom\/tuote\/ab-cryptobox-752hd-combo-usb-tallennus-dvb-t2-c-s2-digiboksi\/#primaryimage"},"image":{"@id":"https:\/\/nettiseitti.fi\/showroom\/tuote\/ab-cryptobox-752hd-combo-usb-tallennus-dvb-t2-c-s2-digiboksi\/#primaryimage"},"thumbnailUrl":"https:\/\/nettiseitti.fi\/showroom\/wp-content\/uploads\/2025\/10\/ab_cryptobox_752hd.jpg","datePublished":"2025-10-01T16:33:13+00:00","dateModified":"2026-01-11T14:03:48+00:00","description":"Monipuolinen digiboksi mm. suomenkielisill\u00e4 valikoilla ja USB-tallennuksella. Pirkanmaa, Satakunta, Etel\u00e4-Pohjanmaa, Pohjanmaa, Sein\u00e4joki, Sastamala, Pori.","breadcrumb":{"@id":"https:\/\/nettiseitti.fi\/showroom\/tuote\/ab-cryptobox-752hd-combo-usb-tallennus-dvb-t2-c-s2-digiboksi\/#breadcrumb"},"inLanguage":"fi","potentialAction":[{"@type":"ReadAction","target":["https:\/\/nettiseitti.fi\/showroom\/tuote\/ab-cryptobox-752hd-combo-usb-tallennus-dvb-t2-c-s2-digiboksi\/"]}]},{"@type":"ImageObject","inLanguage":"fi","@id":"https:\/\/nettiseitti.fi\/showroom\/tuote\/ab-cryptobox-752hd-combo-usb-tallennus-dvb-t2-c-s2-digiboksi\/#primaryimage","url":"https:\/\/nettiseitti.fi\/showroom\/wp-content\/uploads\/2025\/10\/ab_cryptobox_752hd.jpg","contentUrl":"https:\/\/nettiseitti.fi\/showroom\/wp-content\/uploads\/2025\/10\/ab_cryptobox_752hd.jpg","width":987,"height":745},{"@type":"BreadcrumbList","@id":"https:\/\/nettiseitti.fi\/showroom\/tuote\/ab-cryptobox-752hd-combo-usb-tallennus-dvb-t2-c-s2-digiboksi\/#breadcrumb","itemListElement":[{"@type":"ListItem","position":1,"name":"Etusivu","item":"https:\/\/nettiseitti.fi\/showroom\/"},{"@type":"ListItem","position":2,"name":"Tuotteet","item":"https:\/\/nettiseitti.fi\/showroom\/tuotteet\/"},{"@type":"ListItem","position":3,"name":"AB CryptoBox 752HD Combo USB-tallennus \/ DVB-T2 \/ C \/ S2 -digiboksi"}]},{"@type":"WebSite","@id":"https:\/\/nettiseitti.fi\/showroom\/#website","url":"https:\/\/nettiseitti.fi\/showroom\/","name":"NettiSeitti","description":"","publisher":{"@id":"https:\/\/nettiseitti.fi\/showroom\/#organization"},"potentialAction":[{"@type":"SearchAction","target":{"@type":"EntryPoint","urlTemplate":"https:\/\/nettiseitti.fi\/showroom\/?s={search_term_string}"},"query-input":{"@type":"PropertyValueSpecification","valueRequired":true,"valueName":"search_term_string"}}],"inLanguage":"fi"},{"@type":"Organization","@id":"https:\/\/nettiseitti.fi\/showroom\/#organization","name":"NettiSeitti","url":"https:\/\/nettiseitti.fi\/showroom\/","logo":{"@type":"ImageObject","inLanguage":"fi","@id":"https:\/\/nettiseitti.fi\/showroom\/#\/schema\/logo\/image\/","url":"https:\/\/nettiseitti.fi\/showroom\/wp-content\/uploads\/2024\/03\/nettiseitti_lapinakyva_tausta.png","contentUrl":"https:\/\/nettiseitti.fi\/showroom\/wp-content\/uploads\/2024\/03\/nettiseitti_lapinakyva_tausta.png","width":2176,"height":741,"caption":"NettiSeitti"},"image":{"@id":"https:\/\/nettiseitti.fi\/showroom\/#\/schema\/logo\/image\/"}}]}},"_links":{"self":[{"href":"https:\/\/nettiseitti.fi\/showroom\/wp-json\/wp\/v2\/product\/14504","targetHints":{"allow":["GET"]}}],"collection":[{"href":"https:\/\/nettiseitti.fi\/showroom\/wp-json\/wp\/v2\/product"}],"about":[{"href":"https:\/\/nettiseitti.fi\/showroom\/wp-json\/wp\/v2\/types\/product"}],"wp:featuredmedia":[{"embeddable":true,"href":"https:\/\/nettiseitti.fi\/showroom\/wp-json\/wp\/v2\/media\/14505"}],"wp:attachment":[{"href":"https:\/\/nettiseitti.fi\/showroom\/wp-json\/wp\/v2\/media?parent=14504"}],"wp:term":[{"taxonomy":"product_brand","embeddable":true,"href":"https:\/\/nettiseitti.fi\/showroom\/wp-json\/wp\/v2\/product_brand?post=14504"},{"taxonomy":"product_cat","embeddable":true,"href":"https:\/\/nettiseitti.fi\/showroom\/wp-json\/wp\/v2\/product_cat?post=14504"},{"taxonomy":"product_tag","embeddable":true,"href":"https:\/\/nettiseitti.fi\/showroom\/wp-json\/wp\/v2\/product_tag?post=14504"}],"curies":[{"name":"wp","href":"https:\/\/api.w.org\/{rel}","templated":true}]}}