{"id":14510,"date":"2025-10-02T11:32:52","date_gmt":"2025-10-02T08:32:52","guid":{"rendered":"https:\/\/nettiseitti.fi\/showroom\/?post_type=product&#038;p=14510"},"modified":"2025-10-02T11:32:53","modified_gmt":"2025-10-02T08:32:53","slug":"msi-cubi-n-adl-s-098eu-intel-pentium-n200-4gb-ddr4-128gb-m-2-nvme-ssd-wlanbt-windows-11-pro-minipoytatietokone","status":"publish","type":"product","link":"https:\/\/nettiseitti.fi\/showroom\/tuote\/msi-cubi-n-adl-s-098eu-intel-pentium-n200-4gb-ddr4-128gb-m-2-nvme-ssd-wlanbt-windows-11-pro-minipoytatietokone\/","title":{"rendered":"MSI Cubi N ADL S-098EU Intel Pentium N200 \/ 4GB DDR4 \/ 128GB M.2 NVMe SSD \/ WLAN+BT \/ Windows 11 Pro -minip\u00f6yt\u00e4tietokone"},"content":{"rendered":"<p>Koti- tai yritysymp\u00e4rist\u00f6ihin suunniteltu tuulettimettomalla rakenteella toteutettu minitietokone.<\/p>\n<p>Ominaisuuksia:<\/p>\n<ul>\n<li>128GB M.2 NVMe SSD-levy<\/li>\n<li>Intel Pentium N200 -neliydinprosessori (max 3.7GHz, v\u00e4limuisti 6MB)<\/li>\n<li>4GB DDR4 3200MHz SODIMM -muistia, (1x SO-DIMM -paikka, max 16GB)<\/li>\n<li>Integroitu Intel UHD Graphics -n\u00e4yt\u00f6nohjain<\/li>\n<li>Windows 11 Professional -k\u00e4ytt\u00f6j\u00e4rjestelm\u00e4<\/li>\n<li>Bluetooth 5.0, WLAN<\/li>\n<li>Ei tuuletinta, hiljainen<\/li>\n<li>VESA-kiinnitysmahdollisuus: 100x100mm<\/li>\n<li>Liit\u00e4nn\u00e4t etupaneelissa: 1x Mikrofoni\/Kuuloke-yhdistelm\u00e4, 2x USB 3.2 Gen 2 Type A, 1x USB 3.2 Gen 2 Type-C<\/li>\n<li>Liit\u00e4nn\u00e4t takapaneelissa: 2x USB 2.0 Type A, 1x HDMI (2.1), 1x DisplayPort (1.4), 2x RJ45, 1x Kensington-lukkoliit\u00e4nt\u00e4<\/li>\n<\/ul>\n<p>Kauttamme my\u00f6s muut tietokoneet ja tarvikkeet, ota yhteytt\u00e4 !<\/p>\n<p>Kysy ajantasainen hinnasto ja lis\u00e4tietoja ottamalla meihin yhteytt\u00e4.<br \/>\nMy\u00f6s toimitus mahdollista riippuen tilatuista tuotteista sek\u00e4 sovittaessa laitteiden konfigurointi k\u00e4ytt\u00f6kuntoon asennettuna.<\/p>\n<p>Ota yhteytt\u00e4:<br \/>\nPuh. <a href=\"tel:0401523801\">040 1523801<\/a><br \/>\nS\u00e4hk\u00f6posti: myynti [at] nettiseitti.fi<\/p>\n","protected":false},"excerpt":{"rendered":"<p>Kattavilla liit\u00e4nn\u00f6ill\u00e4 varusteltu mini-PC tuulettimettomalla rakenteella.<\/p>\n","protected":false},"featured_media":14511,"template":"","meta":{"neve_meta_sidebar":"","neve_meta_container":"","neve_meta_enable_content_width":"off","neve_meta_content_width":100,"neve_meta_title_alignment":"","neve_meta_author_avatar":"","neve_post_elements_order":"","neve_meta_disable_header":"","neve_meta_disable_footer":"","neve_meta_disable_title":""},"product_brand":[],"product_cat":[611],"product_tag":[450,451,100,107,459,106,457,327,446,448,449,453,447,108,105,455,404,405,445,456,98,101,104,454,96,99,97,103,102,458,452],"class_list":{"0":"post-14510","1":"product","2":"type-product","3":"status-publish","4":"has-post-thumbnail","6":"product_cat-minipct","7":"product_tag-ahtari","8":"product_tag-alavus","9":"product_tag-etela-pohjanmaa","10":"product_tag-etela-suomi","11":"product_tag-hameenlinna","12":"product_tag-huittinen","13":"product_tag-ikaalinen","14":"product_tag-jalasjarvi","15":"product_tag-kankaanpaa","16":"product_tag-karvia","17":"product_tag-kauhajoki","18":"product_tag-kauhava","19":"product_tag-kihnio","20":"product_tag-lansi-suomi","21":"product_tag-lapua","22":"product_tag-lempaala","23":"product_tag-mini-pc","24":"product_tag-minitietokone","25":"product_tag-nokia","26":"product_tag-parkano","27":"product_tag-pirkanmaa","28":"product_tag-pohjanmaa","29":"product_tag-pori","30":"product_tag-rauma","31":"product_tag-sastamala","32":"product_tag-satakunta","33":"product_tag-seinajoki","34":"product_tag-tampere","35":"product_tag-vaasa","36":"product_tag-virrat","37":"product_tag-ylojarvi","39":"first","40":"instock","41":"shipping-taxable","42":"product-type-simple"},"yoast_head":"<!-- This site is optimized with the Yoast SEO plugin v27.4 - https:\/\/yoast.com\/product\/yoast-seo-wordpress\/ -->\n<title>MSI Cubi N ADL S-098EU Intel Pentium N200 \/ 4GB DDR4 \/ 128GB M.2 NVMe SSD \/ WLAN+BT \/ Windows 11 Pro -minip\u00f6yt\u00e4tietokone - NettiSeitti<\/title>\n<meta name=\"description\" content=\"Kattavilla liit\u00e4nn\u00f6ill\u00e4 varusteltu mini-PC tuulettimettomalla rakenteella. Pirkanmaa, Satakunta, Etel\u00e4-Pohjanmaa, Pohjanmaa, Sein\u00e4joki, Sastamala, Tampere.\" \/>\n<meta name=\"robots\" content=\"index, follow, max-snippet:-1, max-image-preview:large, max-video-preview:-1\" \/>\n<link rel=\"canonical\" href=\"https:\/\/nettiseitti.fi\/showroom\/tuote\/msi-cubi-n-adl-s-098eu-intel-pentium-n200-4gb-ddr4-128gb-m-2-nvme-ssd-wlanbt-windows-11-pro-minipoytatietokone\/\" \/>\n<meta property=\"og:locale\" content=\"fi_FI\" \/>\n<meta property=\"og:type\" content=\"article\" \/>\n<meta property=\"og:title\" content=\"MSI Cubi N ADL S-098EU Intel Pentium N200 \/ 4GB DDR4 \/ 128GB M.2 NVMe SSD \/ WLAN+BT \/ Windows 11 Pro -minip\u00f6yt\u00e4tietokone - NettiSeitti\" \/>\n<meta property=\"og:description\" content=\"Kattavilla liit\u00e4nn\u00f6ill\u00e4 varusteltu mini-PC tuulettimettomalla rakenteella. Pirkanmaa, Satakunta, Etel\u00e4-Pohjanmaa, Pohjanmaa, Sein\u00e4joki, Sastamala, Tampere.\" \/>\n<meta property=\"og:url\" content=\"https:\/\/nettiseitti.fi\/showroom\/tuote\/msi-cubi-n-adl-s-098eu-intel-pentium-n200-4gb-ddr4-128gb-m-2-nvme-ssd-wlanbt-windows-11-pro-minipoytatietokone\/\" \/>\n<meta property=\"og:site_name\" content=\"NettiSeitti\" \/>\n<meta property=\"article:modified_time\" content=\"2025-10-02T08:32:53+00:00\" \/>\n<meta property=\"og:image\" content=\"https:\/\/nettiseitti.fi\/showroom\/wp-content\/uploads\/2025\/10\/msi_cubi_s-098eu.jpg\" \/>\n\t<meta property=\"og:image:width\" content=\"913\" \/>\n\t<meta property=\"og:image:height\" content=\"909\" \/>\n\t<meta property=\"og:image:type\" content=\"image\/jpeg\" \/>\n<meta name=\"twitter:card\" content=\"summary_large_image\" \/>\n<meta name=\"twitter:label1\" content=\"Arvioitu lukuaika\" \/>\n\t<meta name=\"twitter:data1\" content=\"1 minuutti\" \/>\n<script type=\"application\/ld+json\" class=\"yoast-schema-graph\">{\"@context\":\"https:\\\/\\\/schema.org\",\"@graph\":[{\"@type\":\"WebPage\",\"@id\":\"https:\\\/\\\/nettiseitti.fi\\\/showroom\\\/tuote\\\/msi-cubi-n-adl-s-098eu-intel-pentium-n200-4gb-ddr4-128gb-m-2-nvme-ssd-wlanbt-windows-11-pro-minipoytatietokone\\\/\",\"url\":\"https:\\\/\\\/nettiseitti.fi\\\/showroom\\\/tuote\\\/msi-cubi-n-adl-s-098eu-intel-pentium-n200-4gb-ddr4-128gb-m-2-nvme-ssd-wlanbt-windows-11-pro-minipoytatietokone\\\/\",\"name\":\"MSI Cubi N ADL S-098EU Intel Pentium N200 \\\/ 4GB DDR4 \\\/ 128GB M.2 NVMe SSD \\\/ WLAN+BT \\\/ Windows 11 Pro -minip\u00f6yt\u00e4tietokone - NettiSeitti\",\"isPartOf\":{\"@id\":\"https:\\\/\\\/nettiseitti.fi\\\/showroom\\\/#website\"},\"primaryImageOfPage\":{\"@id\":\"https:\\\/\\\/nettiseitti.fi\\\/showroom\\\/tuote\\\/msi-cubi-n-adl-s-098eu-intel-pentium-n200-4gb-ddr4-128gb-m-2-nvme-ssd-wlanbt-windows-11-pro-minipoytatietokone\\\/#primaryimage\"},\"image\":{\"@id\":\"https:\\\/\\\/nettiseitti.fi\\\/showroom\\\/tuote\\\/msi-cubi-n-adl-s-098eu-intel-pentium-n200-4gb-ddr4-128gb-m-2-nvme-ssd-wlanbt-windows-11-pro-minipoytatietokone\\\/#primaryimage\"},\"thumbnailUrl\":\"https:\\\/\\\/nettiseitti.fi\\\/showroom\\\/wp-content\\\/uploads\\\/2025\\\/10\\\/msi_cubi_s-098eu.jpg\",\"datePublished\":\"2025-10-02T08:32:52+00:00\",\"dateModified\":\"2025-10-02T08:32:53+00:00\",\"description\":\"Kattavilla liit\u00e4nn\u00f6ill\u00e4 varusteltu mini-PC tuulettimettomalla rakenteella. Pirkanmaa, Satakunta, Etel\u00e4-Pohjanmaa, Pohjanmaa, Sein\u00e4joki, Sastamala, Tampere.\",\"breadcrumb\":{\"@id\":\"https:\\\/\\\/nettiseitti.fi\\\/showroom\\\/tuote\\\/msi-cubi-n-adl-s-098eu-intel-pentium-n200-4gb-ddr4-128gb-m-2-nvme-ssd-wlanbt-windows-11-pro-minipoytatietokone\\\/#breadcrumb\"},\"inLanguage\":\"fi\",\"potentialAction\":[{\"@type\":\"ReadAction\",\"target\":[\"https:\\\/\\\/nettiseitti.fi\\\/showroom\\\/tuote\\\/msi-cubi-n-adl-s-098eu-intel-pentium-n200-4gb-ddr4-128gb-m-2-nvme-ssd-wlanbt-windows-11-pro-minipoytatietokone\\\/\"]}]},{\"@type\":\"ImageObject\",\"inLanguage\":\"fi\",\"@id\":\"https:\\\/\\\/nettiseitti.fi\\\/showroom\\\/tuote\\\/msi-cubi-n-adl-s-098eu-intel-pentium-n200-4gb-ddr4-128gb-m-2-nvme-ssd-wlanbt-windows-11-pro-minipoytatietokone\\\/#primaryimage\",\"url\":\"https:\\\/\\\/nettiseitti.fi\\\/showroom\\\/wp-content\\\/uploads\\\/2025\\\/10\\\/msi_cubi_s-098eu.jpg\",\"contentUrl\":\"https:\\\/\\\/nettiseitti.fi\\\/showroom\\\/wp-content\\\/uploads\\\/2025\\\/10\\\/msi_cubi_s-098eu.jpg\",\"width\":913,\"height\":909},{\"@type\":\"BreadcrumbList\",\"@id\":\"https:\\\/\\\/nettiseitti.fi\\\/showroom\\\/tuote\\\/msi-cubi-n-adl-s-098eu-intel-pentium-n200-4gb-ddr4-128gb-m-2-nvme-ssd-wlanbt-windows-11-pro-minipoytatietokone\\\/#breadcrumb\",\"itemListElement\":[{\"@type\":\"ListItem\",\"position\":1,\"name\":\"Etusivu\",\"item\":\"https:\\\/\\\/nettiseitti.fi\\\/showroom\\\/\"},{\"@type\":\"ListItem\",\"position\":2,\"name\":\"Tuotteet\",\"item\":\"https:\\\/\\\/nettiseitti.fi\\\/showroom\\\/tuotteet\\\/\"},{\"@type\":\"ListItem\",\"position\":3,\"name\":\"MSI Cubi N ADL S-098EU Intel Pentium N200 \\\/ 4GB DDR4 \\\/ 128GB M.2 NVMe SSD \\\/ WLAN+BT \\\/ Windows 11 Pro -minip\u00f6yt\u00e4tietokone\"}]},{\"@type\":\"WebSite\",\"@id\":\"https:\\\/\\\/nettiseitti.fi\\\/showroom\\\/#website\",\"url\":\"https:\\\/\\\/nettiseitti.fi\\\/showroom\\\/\",\"name\":\"NettiSeitti\",\"description\":\"\",\"publisher\":{\"@id\":\"https:\\\/\\\/nettiseitti.fi\\\/showroom\\\/#organization\"},\"potentialAction\":[{\"@type\":\"SearchAction\",\"target\":{\"@type\":\"EntryPoint\",\"urlTemplate\":\"https:\\\/\\\/nettiseitti.fi\\\/showroom\\\/?s={search_term_string}\"},\"query-input\":{\"@type\":\"PropertyValueSpecification\",\"valueRequired\":true,\"valueName\":\"search_term_string\"}}],\"inLanguage\":\"fi\"},{\"@type\":\"Organization\",\"@id\":\"https:\\\/\\\/nettiseitti.fi\\\/showroom\\\/#organization\",\"name\":\"NettiSeitti\",\"url\":\"https:\\\/\\\/nettiseitti.fi\\\/showroom\\\/\",\"logo\":{\"@type\":\"ImageObject\",\"inLanguage\":\"fi\",\"@id\":\"https:\\\/\\\/nettiseitti.fi\\\/showroom\\\/#\\\/schema\\\/logo\\\/image\\\/\",\"url\":\"https:\\\/\\\/nettiseitti.fi\\\/showroom\\\/wp-content\\\/uploads\\\/2024\\\/03\\\/nettiseitti_lapinakyva_tausta.png\",\"contentUrl\":\"https:\\\/\\\/nettiseitti.fi\\\/showroom\\\/wp-content\\\/uploads\\\/2024\\\/03\\\/nettiseitti_lapinakyva_tausta.png\",\"width\":2176,\"height\":741,\"caption\":\"NettiSeitti\"},\"image\":{\"@id\":\"https:\\\/\\\/nettiseitti.fi\\\/showroom\\\/#\\\/schema\\\/logo\\\/image\\\/\"}}]}<\/script>\n<!-- \/ Yoast SEO plugin. -->","yoast_head_json":{"title":"MSI Cubi N ADL S-098EU Intel Pentium N200 \/ 4GB DDR4 \/ 128GB M.2 NVMe SSD \/ WLAN+BT \/ Windows 11 Pro -minip\u00f6yt\u00e4tietokone - NettiSeitti","description":"Kattavilla liit\u00e4nn\u00f6ill\u00e4 varusteltu mini-PC tuulettimettomalla rakenteella. Pirkanmaa, Satakunta, Etel\u00e4-Pohjanmaa, Pohjanmaa, Sein\u00e4joki, Sastamala, Tampere.","robots":{"index":"index","follow":"follow","max-snippet":"max-snippet:-1","max-image-preview":"max-image-preview:large","max-video-preview":"max-video-preview:-1"},"canonical":"https:\/\/nettiseitti.fi\/showroom\/tuote\/msi-cubi-n-adl-s-098eu-intel-pentium-n200-4gb-ddr4-128gb-m-2-nvme-ssd-wlanbt-windows-11-pro-minipoytatietokone\/","og_locale":"fi_FI","og_type":"article","og_title":"MSI Cubi N ADL S-098EU Intel Pentium N200 \/ 4GB DDR4 \/ 128GB M.2 NVMe SSD \/ WLAN+BT \/ Windows 11 Pro -minip\u00f6yt\u00e4tietokone - NettiSeitti","og_description":"Kattavilla liit\u00e4nn\u00f6ill\u00e4 varusteltu mini-PC tuulettimettomalla rakenteella. Pirkanmaa, Satakunta, Etel\u00e4-Pohjanmaa, Pohjanmaa, Sein\u00e4joki, Sastamala, Tampere.","og_url":"https:\/\/nettiseitti.fi\/showroom\/tuote\/msi-cubi-n-adl-s-098eu-intel-pentium-n200-4gb-ddr4-128gb-m-2-nvme-ssd-wlanbt-windows-11-pro-minipoytatietokone\/","og_site_name":"NettiSeitti","article_modified_time":"2025-10-02T08:32:53+00:00","og_image":[{"width":913,"height":909,"url":"https:\/\/nettiseitti.fi\/showroom\/wp-content\/uploads\/2025\/10\/msi_cubi_s-098eu.jpg","type":"image\/jpeg"}],"twitter_card":"summary_large_image","twitter_misc":{"Arvioitu lukuaika":"1 minuutti"},"schema":{"@context":"https:\/\/schema.org","@graph":[{"@type":"WebPage","@id":"https:\/\/nettiseitti.fi\/showroom\/tuote\/msi-cubi-n-adl-s-098eu-intel-pentium-n200-4gb-ddr4-128gb-m-2-nvme-ssd-wlanbt-windows-11-pro-minipoytatietokone\/","url":"https:\/\/nettiseitti.fi\/showroom\/tuote\/msi-cubi-n-adl-s-098eu-intel-pentium-n200-4gb-ddr4-128gb-m-2-nvme-ssd-wlanbt-windows-11-pro-minipoytatietokone\/","name":"MSI Cubi N ADL S-098EU Intel Pentium N200 \/ 4GB DDR4 \/ 128GB M.2 NVMe SSD \/ WLAN+BT \/ Windows 11 Pro -minip\u00f6yt\u00e4tietokone - NettiSeitti","isPartOf":{"@id":"https:\/\/nettiseitti.fi\/showroom\/#website"},"primaryImageOfPage":{"@id":"https:\/\/nettiseitti.fi\/showroom\/tuote\/msi-cubi-n-adl-s-098eu-intel-pentium-n200-4gb-ddr4-128gb-m-2-nvme-ssd-wlanbt-windows-11-pro-minipoytatietokone\/#primaryimage"},"image":{"@id":"https:\/\/nettiseitti.fi\/showroom\/tuote\/msi-cubi-n-adl-s-098eu-intel-pentium-n200-4gb-ddr4-128gb-m-2-nvme-ssd-wlanbt-windows-11-pro-minipoytatietokone\/#primaryimage"},"thumbnailUrl":"https:\/\/nettiseitti.fi\/showroom\/wp-content\/uploads\/2025\/10\/msi_cubi_s-098eu.jpg","datePublished":"2025-10-02T08:32:52+00:00","dateModified":"2025-10-02T08:32:53+00:00","description":"Kattavilla liit\u00e4nn\u00f6ill\u00e4 varusteltu mini-PC tuulettimettomalla rakenteella. Pirkanmaa, Satakunta, Etel\u00e4-Pohjanmaa, Pohjanmaa, Sein\u00e4joki, Sastamala, Tampere.","breadcrumb":{"@id":"https:\/\/nettiseitti.fi\/showroom\/tuote\/msi-cubi-n-adl-s-098eu-intel-pentium-n200-4gb-ddr4-128gb-m-2-nvme-ssd-wlanbt-windows-11-pro-minipoytatietokone\/#breadcrumb"},"inLanguage":"fi","potentialAction":[{"@type":"ReadAction","target":["https:\/\/nettiseitti.fi\/showroom\/tuote\/msi-cubi-n-adl-s-098eu-intel-pentium-n200-4gb-ddr4-128gb-m-2-nvme-ssd-wlanbt-windows-11-pro-minipoytatietokone\/"]}]},{"@type":"ImageObject","inLanguage":"fi","@id":"https:\/\/nettiseitti.fi\/showroom\/tuote\/msi-cubi-n-adl-s-098eu-intel-pentium-n200-4gb-ddr4-128gb-m-2-nvme-ssd-wlanbt-windows-11-pro-minipoytatietokone\/#primaryimage","url":"https:\/\/nettiseitti.fi\/showroom\/wp-content\/uploads\/2025\/10\/msi_cubi_s-098eu.jpg","contentUrl":"https:\/\/nettiseitti.fi\/showroom\/wp-content\/uploads\/2025\/10\/msi_cubi_s-098eu.jpg","width":913,"height":909},{"@type":"BreadcrumbList","@id":"https:\/\/nettiseitti.fi\/showroom\/tuote\/msi-cubi-n-adl-s-098eu-intel-pentium-n200-4gb-ddr4-128gb-m-2-nvme-ssd-wlanbt-windows-11-pro-minipoytatietokone\/#breadcrumb","itemListElement":[{"@type":"ListItem","position":1,"name":"Etusivu","item":"https:\/\/nettiseitti.fi\/showroom\/"},{"@type":"ListItem","position":2,"name":"Tuotteet","item":"https:\/\/nettiseitti.fi\/showroom\/tuotteet\/"},{"@type":"ListItem","position":3,"name":"MSI Cubi N ADL S-098EU Intel Pentium N200 \/ 4GB DDR4 \/ 128GB M.2 NVMe SSD \/ WLAN+BT \/ Windows 11 Pro -minip\u00f6yt\u00e4tietokone"}]},{"@type":"WebSite","@id":"https:\/\/nettiseitti.fi\/showroom\/#website","url":"https:\/\/nettiseitti.fi\/showroom\/","name":"NettiSeitti","description":"","publisher":{"@id":"https:\/\/nettiseitti.fi\/showroom\/#organization"},"potentialAction":[{"@type":"SearchAction","target":{"@type":"EntryPoint","urlTemplate":"https:\/\/nettiseitti.fi\/showroom\/?s={search_term_string}"},"query-input":{"@type":"PropertyValueSpecification","valueRequired":true,"valueName":"search_term_string"}}],"inLanguage":"fi"},{"@type":"Organization","@id":"https:\/\/nettiseitti.fi\/showroom\/#organization","name":"NettiSeitti","url":"https:\/\/nettiseitti.fi\/showroom\/","logo":{"@type":"ImageObject","inLanguage":"fi","@id":"https:\/\/nettiseitti.fi\/showroom\/#\/schema\/logo\/image\/","url":"https:\/\/nettiseitti.fi\/showroom\/wp-content\/uploads\/2024\/03\/nettiseitti_lapinakyva_tausta.png","contentUrl":"https:\/\/nettiseitti.fi\/showroom\/wp-content\/uploads\/2024\/03\/nettiseitti_lapinakyva_tausta.png","width":2176,"height":741,"caption":"NettiSeitti"},"image":{"@id":"https:\/\/nettiseitti.fi\/showroom\/#\/schema\/logo\/image\/"}}]}},"_links":{"self":[{"href":"https:\/\/nettiseitti.fi\/showroom\/wp-json\/wp\/v2\/product\/14510","targetHints":{"allow":["GET"]}}],"collection":[{"href":"https:\/\/nettiseitti.fi\/showroom\/wp-json\/wp\/v2\/product"}],"about":[{"href":"https:\/\/nettiseitti.fi\/showroom\/wp-json\/wp\/v2\/types\/product"}],"wp:featuredmedia":[{"embeddable":true,"href":"https:\/\/nettiseitti.fi\/showroom\/wp-json\/wp\/v2\/media\/14511"}],"wp:attachment":[{"href":"https:\/\/nettiseitti.fi\/showroom\/wp-json\/wp\/v2\/media?parent=14510"}],"wp:term":[{"taxonomy":"product_brand","embeddable":true,"href":"https:\/\/nettiseitti.fi\/showroom\/wp-json\/wp\/v2\/product_brand?post=14510"},{"taxonomy":"product_cat","embeddable":true,"href":"https:\/\/nettiseitti.fi\/showroom\/wp-json\/wp\/v2\/product_cat?post=14510"},{"taxonomy":"product_tag","embeddable":true,"href":"https:\/\/nettiseitti.fi\/showroom\/wp-json\/wp\/v2\/product_tag?post=14510"}],"curies":[{"name":"wp","href":"https:\/\/api.w.org\/{rel}","templated":true}]}}