{"id":14596,"date":"2025-10-26T16:37:03","date_gmt":"2025-10-26T14:37:03","guid":{"rendered":"https:\/\/nettiseitti.fi\/showroom\/?post_type=product&#038;p=14596"},"modified":"2026-02-03T15:09:10","modified_gmt":"2026-02-03T13:09:10","slug":"teqcycle-dell-latutide-5420-14-fhd-intel-core-i3-1125g4-16gb-ddr4-256gb-m-2-nvme-ssd-windows-11-pro-2y-yrityskannettava","status":"publish","type":"product","link":"https:\/\/nettiseitti.fi\/showroom\/tuote\/teqcycle-dell-latutide-5420-14-fhd-intel-core-i3-1125g4-16gb-ddr4-256gb-m-2-nvme-ssd-windows-11-pro-2y-yrityskannettava\/","title":{"rendered":"TEQCYCLE DELL Latutide 5420 14&#8243; FHD \/ Intel Core i3-1125G4 \/ 16GB DDR4 \/ 256GB M.2 NVMe SSD \/ Windows 11 Pro \/ 2Y -yrityskannettava"},"content":{"rendered":"<p>Yritystason uusiokannettava jokap\u00e4iv\u00e4iseen asioiden hoitoon ja ty\u00f6ntekoon.<\/p>\n<p>Teqcycle Premium laatuluokitus:<\/p>\n<ul>\n<li>Kahden vuoden nouto-korjaus-palautustakuu<\/li>\n<li>Akun varauskapasiteetti &gt;70% (90pv akkutakuu)<\/li>\n<li>N\u00e4ytt\u00f6paneeli kunnostettu uutta vastaavaksi<\/li>\n<li>Laitteen kansi ja k\u00e4mmentuki pinnoitettu uudelleen<\/li>\n<\/ul>\n<p>Ominaisuuksia:<\/p>\n<ul>\n<li>256GB M.2 NVMe SSD-levy<\/li>\n<li>Intel Core i3-1125G4 4-ydinprosessori (max 3.80GHz, 8MB v\u00e4limuisti)<\/li>\n<li>16GB DDR4 3200MHz -muistia, max 64GB (ei vapaita muistipaikkoja)<\/li>\n<li>Integroitu n\u00e4yt\u00f6nohjain: Intel UHD Graphics<\/li>\n<li>Akun kapasiteetti n. 42Wh<\/li>\n<li>14&#8243; Full HD (1920\u00d71080) IPS-n\u00e4ytt\u00f6<\/li>\n<li>HD720p webbikamera<\/li>\n<li>Windows 11 Pro -k\u00e4ytt\u00f6j\u00e4rjestelm\u00e4<\/li>\n<li>Liit\u00e4nn\u00e4t: 1x HDMI 2.0, 2x USB-A 3.2, 2x Thunderbolt 4 (USB-C), 1x RJ45, audio combo, MicroSD-korttipaikka<\/li>\n<li>Kahden vuoden nouto-korjaus-palautustakuu<\/li>\n<\/ul>\n<p>Kauttamme my\u00f6s muut kannettavat ja tarvikkeet, ota yhteytt\u00e4 !<\/p>\n<p>Kysy ajantasainen hinnasto ja lis\u00e4tietoja ottamalla meihin yhteytt\u00e4.<br \/>\nMy\u00f6s toimitus mahdollista riippuen tilatuista tuotteista sek\u00e4 sovittaessa laitteiden konfigurointi k\u00e4ytt\u00f6kuntoon asennettuna.<\/p>\n<p>Ota yhteytt\u00e4:<br \/>\nPuh. <a href=\"tel:0401523801\">040 1523801<\/a><br \/>\nS\u00e4hk\u00f6posti: myynti [at] nettiseitti.fi<\/p>\n<p><img decoding=\"async\" class=\"alignnone  wp-image-14836\" src=\"https:\/\/nettiseitti.fi\/showroom\/wp-content\/uploads\/2025\/12\/dell_authorized_partner-300x87.jpg\" alt=\"\" width=\"207\" height=\"60\" srcset=\"https:\/\/nettiseitti.fi\/showroom\/wp-content\/uploads\/2025\/12\/dell_authorized_partner-300x87.jpg 300w, https:\/\/nettiseitti.fi\/showroom\/wp-content\/uploads\/2025\/12\/dell_authorized_partner-768x223.jpg 768w, https:\/\/nettiseitti.fi\/showroom\/wp-content\/uploads\/2025\/12\/dell_authorized_partner-600x174.jpg 600w, https:\/\/nettiseitti.fi\/showroom\/wp-content\/uploads\/2025\/12\/dell_authorized_partner.jpg 879w\" sizes=\"(max-width: 207px) 100vw, 207px\" \/><\/p>\n","protected":false},"excerpt":{"rendered":"<p>Laatutason uusiokannettava, joka ominaisuuksiensa puolesta sopii erinomaisesti kaikenlaiseen yritys- ja opiskeluk\u00e4ytt\u00f6\u00f6n.<\/p>\n","protected":false},"featured_media":14597,"template":"","meta":{"neve_meta_sidebar":"","neve_meta_container":"","neve_meta_enable_content_width":"off","neve_meta_content_width":100,"neve_meta_title_alignment":"","neve_meta_author_avatar":"","neve_post_elements_order":"","neve_meta_disable_header":"","neve_meta_disable_footer":"","neve_meta_disable_title":""},"product_brand":[],"product_cat":[480],"product_tag":[450,451,160,100,107,459,106,457,327,446,141,448,449,453,447,108,105,455,445,456,98,101,104,454,96,99,97,103,102,458,452,129],"class_list":{"0":"post-14596","1":"product","2":"type-product","3":"status-publish","4":"has-post-thumbnail","6":"product_cat-kannettavat","7":"product_tag-ahtari","8":"product_tag-alavus","9":"product_tag-dell","10":"product_tag-etela-pohjanmaa","11":"product_tag-etela-suomi","12":"product_tag-hameenlinna","13":"product_tag-huittinen","14":"product_tag-ikaalinen","15":"product_tag-jalasjarvi","16":"product_tag-kankaanpaa","17":"product_tag-kannettava","18":"product_tag-karvia","19":"product_tag-kauhajoki","20":"product_tag-kauhava","21":"product_tag-kihnio","22":"product_tag-lansi-suomi","23":"product_tag-lapua","24":"product_tag-lempaala","25":"product_tag-nokia","26":"product_tag-parkano","27":"product_tag-pirkanmaa","28":"product_tag-pohjanmaa","29":"product_tag-pori","30":"product_tag-rauma","31":"product_tag-sastamala","32":"product_tag-satakunta","33":"product_tag-seinajoki","34":"product_tag-tampere","35":"product_tag-vaasa","36":"product_tag-virrat","37":"product_tag-ylojarvi","38":"product_tag-yrityslappari","40":"first","41":"instock","42":"shipping-taxable","43":"product-type-simple"},"yoast_head":"<!-- This site is optimized with the Yoast SEO plugin v27.4 - https:\/\/yoast.com\/product\/yoast-seo-wordpress\/ -->\n<title>TEQCYCLE DELL Latutide 5420 14&quot; FHD \/ Intel Core i3-1125G4 \/ 16GB DDR4 \/ 256GB M.2 NVMe SSD \/ Windows 11 Pro \/ 2Y -yrityskannettava - NettiSeitti<\/title>\n<meta name=\"description\" content=\"Laatutason uusiokannettava, joka ominaisuuksiensa puolesta sopii erinomaisesti kaikenlaiseen yritys- ja opiskeluk\u00e4ytt\u00f6\u00f6n. Pirkanmaa, Satakunta, Sastamala.\" \/>\n<meta name=\"robots\" content=\"index, follow, max-snippet:-1, max-image-preview:large, max-video-preview:-1\" \/>\n<link rel=\"canonical\" href=\"https:\/\/nettiseitti.fi\/showroom\/tuote\/teqcycle-dell-latutide-5420-14-fhd-intel-core-i3-1125g4-16gb-ddr4-256gb-m-2-nvme-ssd-windows-11-pro-2y-yrityskannettava\/\" \/>\n<meta property=\"og:locale\" content=\"fi_FI\" \/>\n<meta property=\"og:type\" content=\"article\" \/>\n<meta property=\"og:title\" content=\"TEQCYCLE DELL Latutide 5420 14&quot; FHD \/ Intel Core i3-1125G4 \/ 16GB DDR4 \/ 256GB M.2 NVMe SSD \/ Windows 11 Pro \/ 2Y -yrityskannettava - NettiSeitti\" \/>\n<meta property=\"og:description\" content=\"Laatutason uusiokannettava, joka ominaisuuksiensa puolesta sopii erinomaisesti kaikenlaiseen yritys- ja opiskeluk\u00e4ytt\u00f6\u00f6n. Pirkanmaa, Satakunta, Sastamala.\" \/>\n<meta property=\"og:url\" content=\"https:\/\/nettiseitti.fi\/showroom\/tuote\/teqcycle-dell-latutide-5420-14-fhd-intel-core-i3-1125g4-16gb-ddr4-256gb-m-2-nvme-ssd-windows-11-pro-2y-yrityskannettava\/\" \/>\n<meta property=\"og:site_name\" content=\"NettiSeitti\" \/>\n<meta property=\"article:modified_time\" content=\"2026-02-03T13:09:10+00:00\" \/>\n<meta property=\"og:image\" content=\"https:\/\/nettiseitti.fi\/showroom\/wp-content\/uploads\/2025\/10\/teqcycle_dell_l5420.jpg\" \/>\n\t<meta property=\"og:image:width\" content=\"1357\" \/>\n\t<meta property=\"og:image:height\" content=\"873\" \/>\n\t<meta property=\"og:image:type\" content=\"image\/jpeg\" \/>\n<meta name=\"twitter:card\" content=\"summary_large_image\" \/>\n<meta name=\"twitter:label1\" content=\"Arvioitu lukuaika\" \/>\n\t<meta name=\"twitter:data1\" content=\"2 minuuttia\" \/>\n<script type=\"application\/ld+json\" class=\"yoast-schema-graph\">{\"@context\":\"https:\\\/\\\/schema.org\",\"@graph\":[{\"@type\":\"WebPage\",\"@id\":\"https:\\\/\\\/nettiseitti.fi\\\/showroom\\\/tuote\\\/teqcycle-dell-latutide-5420-14-fhd-intel-core-i3-1125g4-16gb-ddr4-256gb-m-2-nvme-ssd-windows-11-pro-2y-yrityskannettava\\\/\",\"url\":\"https:\\\/\\\/nettiseitti.fi\\\/showroom\\\/tuote\\\/teqcycle-dell-latutide-5420-14-fhd-intel-core-i3-1125g4-16gb-ddr4-256gb-m-2-nvme-ssd-windows-11-pro-2y-yrityskannettava\\\/\",\"name\":\"TEQCYCLE DELL Latutide 5420 14\\\" FHD \\\/ Intel Core i3-1125G4 \\\/ 16GB DDR4 \\\/ 256GB M.2 NVMe SSD \\\/ Windows 11 Pro \\\/ 2Y -yrityskannettava - NettiSeitti\",\"isPartOf\":{\"@id\":\"https:\\\/\\\/nettiseitti.fi\\\/showroom\\\/#website\"},\"primaryImageOfPage\":{\"@id\":\"https:\\\/\\\/nettiseitti.fi\\\/showroom\\\/tuote\\\/teqcycle-dell-latutide-5420-14-fhd-intel-core-i3-1125g4-16gb-ddr4-256gb-m-2-nvme-ssd-windows-11-pro-2y-yrityskannettava\\\/#primaryimage\"},\"image\":{\"@id\":\"https:\\\/\\\/nettiseitti.fi\\\/showroom\\\/tuote\\\/teqcycle-dell-latutide-5420-14-fhd-intel-core-i3-1125g4-16gb-ddr4-256gb-m-2-nvme-ssd-windows-11-pro-2y-yrityskannettava\\\/#primaryimage\"},\"thumbnailUrl\":\"https:\\\/\\\/nettiseitti.fi\\\/showroom\\\/wp-content\\\/uploads\\\/2025\\\/10\\\/teqcycle_dell_l5420.jpg\",\"datePublished\":\"2025-10-26T14:37:03+00:00\",\"dateModified\":\"2026-02-03T13:09:10+00:00\",\"description\":\"Laatutason uusiokannettava, joka ominaisuuksiensa puolesta sopii erinomaisesti kaikenlaiseen yritys- ja opiskeluk\u00e4ytt\u00f6\u00f6n. Pirkanmaa, Satakunta, Sastamala.\",\"breadcrumb\":{\"@id\":\"https:\\\/\\\/nettiseitti.fi\\\/showroom\\\/tuote\\\/teqcycle-dell-latutide-5420-14-fhd-intel-core-i3-1125g4-16gb-ddr4-256gb-m-2-nvme-ssd-windows-11-pro-2y-yrityskannettava\\\/#breadcrumb\"},\"inLanguage\":\"fi\",\"potentialAction\":[{\"@type\":\"ReadAction\",\"target\":[\"https:\\\/\\\/nettiseitti.fi\\\/showroom\\\/tuote\\\/teqcycle-dell-latutide-5420-14-fhd-intel-core-i3-1125g4-16gb-ddr4-256gb-m-2-nvme-ssd-windows-11-pro-2y-yrityskannettava\\\/\"]}]},{\"@type\":\"ImageObject\",\"inLanguage\":\"fi\",\"@id\":\"https:\\\/\\\/nettiseitti.fi\\\/showroom\\\/tuote\\\/teqcycle-dell-latutide-5420-14-fhd-intel-core-i3-1125g4-16gb-ddr4-256gb-m-2-nvme-ssd-windows-11-pro-2y-yrityskannettava\\\/#primaryimage\",\"url\":\"https:\\\/\\\/nettiseitti.fi\\\/showroom\\\/wp-content\\\/uploads\\\/2025\\\/10\\\/teqcycle_dell_l5420.jpg\",\"contentUrl\":\"https:\\\/\\\/nettiseitti.fi\\\/showroom\\\/wp-content\\\/uploads\\\/2025\\\/10\\\/teqcycle_dell_l5420.jpg\",\"width\":1357,\"height\":873},{\"@type\":\"BreadcrumbList\",\"@id\":\"https:\\\/\\\/nettiseitti.fi\\\/showroom\\\/tuote\\\/teqcycle-dell-latutide-5420-14-fhd-intel-core-i3-1125g4-16gb-ddr4-256gb-m-2-nvme-ssd-windows-11-pro-2y-yrityskannettava\\\/#breadcrumb\",\"itemListElement\":[{\"@type\":\"ListItem\",\"position\":1,\"name\":\"Etusivu\",\"item\":\"https:\\\/\\\/nettiseitti.fi\\\/showroom\\\/\"},{\"@type\":\"ListItem\",\"position\":2,\"name\":\"Tuotteet\",\"item\":\"https:\\\/\\\/nettiseitti.fi\\\/showroom\\\/tuotteet\\\/\"},{\"@type\":\"ListItem\",\"position\":3,\"name\":\"TEQCYCLE DELL Latutide 5420 14&#8243; FHD \\\/ Intel Core i3-1125G4 \\\/ 16GB DDR4 \\\/ 256GB M.2 NVMe SSD \\\/ Windows 11 Pro \\\/ 2Y -yrityskannettava\"}]},{\"@type\":\"WebSite\",\"@id\":\"https:\\\/\\\/nettiseitti.fi\\\/showroom\\\/#website\",\"url\":\"https:\\\/\\\/nettiseitti.fi\\\/showroom\\\/\",\"name\":\"NettiSeitti\",\"description\":\"\",\"publisher\":{\"@id\":\"https:\\\/\\\/nettiseitti.fi\\\/showroom\\\/#organization\"},\"potentialAction\":[{\"@type\":\"SearchAction\",\"target\":{\"@type\":\"EntryPoint\",\"urlTemplate\":\"https:\\\/\\\/nettiseitti.fi\\\/showroom\\\/?s={search_term_string}\"},\"query-input\":{\"@type\":\"PropertyValueSpecification\",\"valueRequired\":true,\"valueName\":\"search_term_string\"}}],\"inLanguage\":\"fi\"},{\"@type\":\"Organization\",\"@id\":\"https:\\\/\\\/nettiseitti.fi\\\/showroom\\\/#organization\",\"name\":\"NettiSeitti\",\"url\":\"https:\\\/\\\/nettiseitti.fi\\\/showroom\\\/\",\"logo\":{\"@type\":\"ImageObject\",\"inLanguage\":\"fi\",\"@id\":\"https:\\\/\\\/nettiseitti.fi\\\/showroom\\\/#\\\/schema\\\/logo\\\/image\\\/\",\"url\":\"https:\\\/\\\/nettiseitti.fi\\\/showroom\\\/wp-content\\\/uploads\\\/2024\\\/03\\\/nettiseitti_lapinakyva_tausta.png\",\"contentUrl\":\"https:\\\/\\\/nettiseitti.fi\\\/showroom\\\/wp-content\\\/uploads\\\/2024\\\/03\\\/nettiseitti_lapinakyva_tausta.png\",\"width\":2176,\"height\":741,\"caption\":\"NettiSeitti\"},\"image\":{\"@id\":\"https:\\\/\\\/nettiseitti.fi\\\/showroom\\\/#\\\/schema\\\/logo\\\/image\\\/\"}}]}<\/script>\n<!-- \/ Yoast SEO plugin. -->","yoast_head_json":{"title":"TEQCYCLE DELL Latutide 5420 14\" FHD \/ Intel Core i3-1125G4 \/ 16GB DDR4 \/ 256GB M.2 NVMe SSD \/ Windows 11 Pro \/ 2Y -yrityskannettava - NettiSeitti","description":"Laatutason uusiokannettava, joka ominaisuuksiensa puolesta sopii erinomaisesti kaikenlaiseen yritys- ja opiskeluk\u00e4ytt\u00f6\u00f6n. Pirkanmaa, Satakunta, Sastamala.","robots":{"index":"index","follow":"follow","max-snippet":"max-snippet:-1","max-image-preview":"max-image-preview:large","max-video-preview":"max-video-preview:-1"},"canonical":"https:\/\/nettiseitti.fi\/showroom\/tuote\/teqcycle-dell-latutide-5420-14-fhd-intel-core-i3-1125g4-16gb-ddr4-256gb-m-2-nvme-ssd-windows-11-pro-2y-yrityskannettava\/","og_locale":"fi_FI","og_type":"article","og_title":"TEQCYCLE DELL Latutide 5420 14\" FHD \/ Intel Core i3-1125G4 \/ 16GB DDR4 \/ 256GB M.2 NVMe SSD \/ Windows 11 Pro \/ 2Y -yrityskannettava - NettiSeitti","og_description":"Laatutason uusiokannettava, joka ominaisuuksiensa puolesta sopii erinomaisesti kaikenlaiseen yritys- ja opiskeluk\u00e4ytt\u00f6\u00f6n. Pirkanmaa, Satakunta, Sastamala.","og_url":"https:\/\/nettiseitti.fi\/showroom\/tuote\/teqcycle-dell-latutide-5420-14-fhd-intel-core-i3-1125g4-16gb-ddr4-256gb-m-2-nvme-ssd-windows-11-pro-2y-yrityskannettava\/","og_site_name":"NettiSeitti","article_modified_time":"2026-02-03T13:09:10+00:00","og_image":[{"width":1357,"height":873,"url":"https:\/\/nettiseitti.fi\/showroom\/wp-content\/uploads\/2025\/10\/teqcycle_dell_l5420.jpg","type":"image\/jpeg"}],"twitter_card":"summary_large_image","twitter_misc":{"Arvioitu lukuaika":"2 minuuttia"},"schema":{"@context":"https:\/\/schema.org","@graph":[{"@type":"WebPage","@id":"https:\/\/nettiseitti.fi\/showroom\/tuote\/teqcycle-dell-latutide-5420-14-fhd-intel-core-i3-1125g4-16gb-ddr4-256gb-m-2-nvme-ssd-windows-11-pro-2y-yrityskannettava\/","url":"https:\/\/nettiseitti.fi\/showroom\/tuote\/teqcycle-dell-latutide-5420-14-fhd-intel-core-i3-1125g4-16gb-ddr4-256gb-m-2-nvme-ssd-windows-11-pro-2y-yrityskannettava\/","name":"TEQCYCLE DELL Latutide 5420 14\" FHD \/ Intel Core i3-1125G4 \/ 16GB DDR4 \/ 256GB M.2 NVMe SSD \/ Windows 11 Pro \/ 2Y -yrityskannettava - NettiSeitti","isPartOf":{"@id":"https:\/\/nettiseitti.fi\/showroom\/#website"},"primaryImageOfPage":{"@id":"https:\/\/nettiseitti.fi\/showroom\/tuote\/teqcycle-dell-latutide-5420-14-fhd-intel-core-i3-1125g4-16gb-ddr4-256gb-m-2-nvme-ssd-windows-11-pro-2y-yrityskannettava\/#primaryimage"},"image":{"@id":"https:\/\/nettiseitti.fi\/showroom\/tuote\/teqcycle-dell-latutide-5420-14-fhd-intel-core-i3-1125g4-16gb-ddr4-256gb-m-2-nvme-ssd-windows-11-pro-2y-yrityskannettava\/#primaryimage"},"thumbnailUrl":"https:\/\/nettiseitti.fi\/showroom\/wp-content\/uploads\/2025\/10\/teqcycle_dell_l5420.jpg","datePublished":"2025-10-26T14:37:03+00:00","dateModified":"2026-02-03T13:09:10+00:00","description":"Laatutason uusiokannettava, joka ominaisuuksiensa puolesta sopii erinomaisesti kaikenlaiseen yritys- ja opiskeluk\u00e4ytt\u00f6\u00f6n. Pirkanmaa, Satakunta, Sastamala.","breadcrumb":{"@id":"https:\/\/nettiseitti.fi\/showroom\/tuote\/teqcycle-dell-latutide-5420-14-fhd-intel-core-i3-1125g4-16gb-ddr4-256gb-m-2-nvme-ssd-windows-11-pro-2y-yrityskannettava\/#breadcrumb"},"inLanguage":"fi","potentialAction":[{"@type":"ReadAction","target":["https:\/\/nettiseitti.fi\/showroom\/tuote\/teqcycle-dell-latutide-5420-14-fhd-intel-core-i3-1125g4-16gb-ddr4-256gb-m-2-nvme-ssd-windows-11-pro-2y-yrityskannettava\/"]}]},{"@type":"ImageObject","inLanguage":"fi","@id":"https:\/\/nettiseitti.fi\/showroom\/tuote\/teqcycle-dell-latutide-5420-14-fhd-intel-core-i3-1125g4-16gb-ddr4-256gb-m-2-nvme-ssd-windows-11-pro-2y-yrityskannettava\/#primaryimage","url":"https:\/\/nettiseitti.fi\/showroom\/wp-content\/uploads\/2025\/10\/teqcycle_dell_l5420.jpg","contentUrl":"https:\/\/nettiseitti.fi\/showroom\/wp-content\/uploads\/2025\/10\/teqcycle_dell_l5420.jpg","width":1357,"height":873},{"@type":"BreadcrumbList","@id":"https:\/\/nettiseitti.fi\/showroom\/tuote\/teqcycle-dell-latutide-5420-14-fhd-intel-core-i3-1125g4-16gb-ddr4-256gb-m-2-nvme-ssd-windows-11-pro-2y-yrityskannettava\/#breadcrumb","itemListElement":[{"@type":"ListItem","position":1,"name":"Etusivu","item":"https:\/\/nettiseitti.fi\/showroom\/"},{"@type":"ListItem","position":2,"name":"Tuotteet","item":"https:\/\/nettiseitti.fi\/showroom\/tuotteet\/"},{"@type":"ListItem","position":3,"name":"TEQCYCLE DELL Latutide 5420 14&#8243; FHD \/ Intel Core i3-1125G4 \/ 16GB DDR4 \/ 256GB M.2 NVMe SSD \/ Windows 11 Pro \/ 2Y -yrityskannettava"}]},{"@type":"WebSite","@id":"https:\/\/nettiseitti.fi\/showroom\/#website","url":"https:\/\/nettiseitti.fi\/showroom\/","name":"NettiSeitti","description":"","publisher":{"@id":"https:\/\/nettiseitti.fi\/showroom\/#organization"},"potentialAction":[{"@type":"SearchAction","target":{"@type":"EntryPoint","urlTemplate":"https:\/\/nettiseitti.fi\/showroom\/?s={search_term_string}"},"query-input":{"@type":"PropertyValueSpecification","valueRequired":true,"valueName":"search_term_string"}}],"inLanguage":"fi"},{"@type":"Organization","@id":"https:\/\/nettiseitti.fi\/showroom\/#organization","name":"NettiSeitti","url":"https:\/\/nettiseitti.fi\/showroom\/","logo":{"@type":"ImageObject","inLanguage":"fi","@id":"https:\/\/nettiseitti.fi\/showroom\/#\/schema\/logo\/image\/","url":"https:\/\/nettiseitti.fi\/showroom\/wp-content\/uploads\/2024\/03\/nettiseitti_lapinakyva_tausta.png","contentUrl":"https:\/\/nettiseitti.fi\/showroom\/wp-content\/uploads\/2024\/03\/nettiseitti_lapinakyva_tausta.png","width":2176,"height":741,"caption":"NettiSeitti"},"image":{"@id":"https:\/\/nettiseitti.fi\/showroom\/#\/schema\/logo\/image\/"}}]}},"_links":{"self":[{"href":"https:\/\/nettiseitti.fi\/showroom\/wp-json\/wp\/v2\/product\/14596","targetHints":{"allow":["GET"]}}],"collection":[{"href":"https:\/\/nettiseitti.fi\/showroom\/wp-json\/wp\/v2\/product"}],"about":[{"href":"https:\/\/nettiseitti.fi\/showroom\/wp-json\/wp\/v2\/types\/product"}],"wp:featuredmedia":[{"embeddable":true,"href":"https:\/\/nettiseitti.fi\/showroom\/wp-json\/wp\/v2\/media\/14597"}],"wp:attachment":[{"href":"https:\/\/nettiseitti.fi\/showroom\/wp-json\/wp\/v2\/media?parent=14596"}],"wp:term":[{"taxonomy":"product_brand","embeddable":true,"href":"https:\/\/nettiseitti.fi\/showroom\/wp-json\/wp\/v2\/product_brand?post=14596"},{"taxonomy":"product_cat","embeddable":true,"href":"https:\/\/nettiseitti.fi\/showroom\/wp-json\/wp\/v2\/product_cat?post=14596"},{"taxonomy":"product_tag","embeddable":true,"href":"https:\/\/nettiseitti.fi\/showroom\/wp-json\/wp\/v2\/product_tag?post=14596"}],"curies":[{"name":"wp","href":"https:\/\/api.w.org\/{rel}","templated":true}]}}