{"id":14599,"date":"2025-10-29T21:40:24","date_gmt":"2025-10-29T19:40:24","guid":{"rendered":"https:\/\/nettiseitti.fi\/showroom\/?post_type=product&#038;p=14599"},"modified":"2025-10-29T21:40:24","modified_gmt":"2025-10-29T19:40:24","slug":"niteforce-concept-4g-lte-20mp-riistakamera","status":"publish","type":"product","link":"https:\/\/nettiseitti.fi\/showroom\/tuote\/niteforce-concept-4g-lte-20mp-riistakamera\/","title":{"rendered":"NITEforce Concept 4G LTE 20MP -riistakamera"},"content":{"rendered":"<p>L\u00e4hett\u00e4v\u00e4 4G riistakamera tarkalla resoluutiolla.<br \/>\nSaatavissa sovellus Android ja iOS -laitteille, jolla kameraa voidaan et\u00e4ohjata.<br \/>\nSovelluksen kautta onnistuvat mm. kuvien katselu ja akun \/ paristojen varaustilan tarkistus.<\/p>\n<p>Ominaisuuksia:<\/p>\n<ul>\n<li>Resoluutio: 20MP<\/li>\n<li>Verkkoyhteys: 4G LTE<\/li>\n<li>Salaman kantama: 20 m<\/li>\n<li>PIR liiketunnistin et\u00e4isyys: 20 m<\/li>\n<li>Linssi: F2.3 \/ FOV 48\u00b0<\/li>\n<li>Kotelointiluokka: IP66<\/li>\n<li>Virransy\u00f6tt\u00f6: 8 kpl AA 1,5 V (ei mukana) tai ulkoinen 12 V sy\u00f6tt\u00f6<\/li>\n<li>Micro SD muistikortin kapasiteetti: 2GB \u2013 32GB<\/li>\n<\/ul>\n<p>Kauttamme my\u00f6s muut kamerat ja tarvikkeet, ota yhteytt\u00e4 !<\/p>\n<p>Kysy ajantasainen hinnasto ja lis\u00e4tietoja ottamalla meihin yhteytt\u00e4.<br \/>\nMy\u00f6s toimitus mahdollista riippuen tilatuista tuotteista sek\u00e4 sovittaessa laitteiden konfigurointi k\u00e4ytt\u00f6kuntoon asennettuna.<\/p>\n<p>Ota yhteytt\u00e4:<br \/>\nPuh. <a href=\"tel:0401523801\">040 1523801<\/a><br \/>\nS\u00e4hk\u00f6posti: myynti [at] nettiseitti.fi<\/p>\n","protected":false},"excerpt":{"rendered":"<p>4G-yhteyden kautta l\u00e4hett\u00e4v\u00e4 riistakamera 20MP resoluutiolla.<\/p>\n","protected":false},"featured_media":14602,"template":"","meta":{"neve_meta_sidebar":"","neve_meta_container":"","neve_meta_enable_content_width":"off","neve_meta_content_width":100,"neve_meta_title_alignment":"","neve_meta_author_avatar":"","neve_post_elements_order":"","neve_meta_disable_header":"","neve_meta_disable_footer":"","neve_meta_disable_title":""},"product_brand":[],"product_cat":[622],"product_tag":[250,450,451,100,107,459,106,457,327,214,446,448,449,453,447,108,105,455,445,456,98,101,104,454,96,99,97,103,102,458,452],"class_list":{"0":"post-14599","1":"product","2":"type-product","3":"status-publish","4":"has-post-thumbnail","6":"product_cat-riistakamerat","7":"product_tag-4g","8":"product_tag-ahtari","9":"product_tag-alavus","10":"product_tag-etela-pohjanmaa","11":"product_tag-etela-suomi","12":"product_tag-hameenlinna","13":"product_tag-huittinen","14":"product_tag-ikaalinen","15":"product_tag-jalasjarvi","16":"product_tag-kamera","17":"product_tag-kankaanpaa","18":"product_tag-karvia","19":"product_tag-kauhajoki","20":"product_tag-kauhava","21":"product_tag-kihnio","22":"product_tag-lansi-suomi","23":"product_tag-lapua","24":"product_tag-lempaala","25":"product_tag-nokia","26":"product_tag-parkano","27":"product_tag-pirkanmaa","28":"product_tag-pohjanmaa","29":"product_tag-pori","30":"product_tag-rauma","31":"product_tag-sastamala","32":"product_tag-satakunta","33":"product_tag-seinajoki","34":"product_tag-tampere","35":"product_tag-vaasa","36":"product_tag-virrat","37":"product_tag-ylojarvi","39":"first","40":"instock","41":"shipping-taxable","42":"product-type-simple"},"yoast_head":"<!-- This site is optimized with the Yoast SEO plugin v27.4 - https:\/\/yoast.com\/product\/yoast-seo-wordpress\/ -->\n<title>NITEforce Concept 4G LTE 20MP -riistakamera - NettiSeitti<\/title>\n<meta name=\"description\" content=\"4G-yhteyden kautta l\u00e4hett\u00e4v\u00e4 riistakamera 20MP resoluutiolla. Pirkanmaa, Satakunta, Etel\u00e4-Pohjanmaa, Pohjanmaa, Sein\u00e4joki, Sastamala, Tampere, Pori, Vaasa.\" \/>\n<meta name=\"robots\" content=\"index, follow, max-snippet:-1, max-image-preview:large, max-video-preview:-1\" \/>\n<link rel=\"canonical\" href=\"https:\/\/nettiseitti.fi\/showroom\/tuote\/niteforce-concept-4g-lte-20mp-riistakamera\/\" \/>\n<meta property=\"og:locale\" content=\"fi_FI\" \/>\n<meta property=\"og:type\" content=\"article\" \/>\n<meta property=\"og:title\" content=\"NITEforce Concept 4G LTE 20MP -riistakamera - NettiSeitti\" \/>\n<meta property=\"og:description\" content=\"4G-yhteyden kautta l\u00e4hett\u00e4v\u00e4 riistakamera 20MP resoluutiolla. Pirkanmaa, Satakunta, Etel\u00e4-Pohjanmaa, Pohjanmaa, Sein\u00e4joki, Sastamala, Tampere, Pori, Vaasa.\" \/>\n<meta property=\"og:url\" content=\"https:\/\/nettiseitti.fi\/showroom\/tuote\/niteforce-concept-4g-lte-20mp-riistakamera\/\" \/>\n<meta property=\"og:site_name\" content=\"NettiSeitti\" \/>\n<meta property=\"og:image\" content=\"https:\/\/nettiseitti.fi\/showroom\/wp-content\/uploads\/2025\/10\/niteforce_concept_20mp.jpg\" \/>\n\t<meta property=\"og:image:width\" content=\"639\" \/>\n\t<meta property=\"og:image:height\" content=\"729\" \/>\n\t<meta property=\"og:image:type\" content=\"image\/jpeg\" \/>\n<meta name=\"twitter:card\" content=\"summary_large_image\" \/>\n<meta name=\"twitter:label1\" content=\"Arvioitu lukuaika\" \/>\n\t<meta name=\"twitter:data1\" content=\"1 minuutti\" \/>\n<script type=\"application\/ld+json\" class=\"yoast-schema-graph\">{\"@context\":\"https:\\\/\\\/schema.org\",\"@graph\":[{\"@type\":\"WebPage\",\"@id\":\"https:\\\/\\\/nettiseitti.fi\\\/showroom\\\/tuote\\\/niteforce-concept-4g-lte-20mp-riistakamera\\\/\",\"url\":\"https:\\\/\\\/nettiseitti.fi\\\/showroom\\\/tuote\\\/niteforce-concept-4g-lte-20mp-riistakamera\\\/\",\"name\":\"NITEforce Concept 4G LTE 20MP -riistakamera - NettiSeitti\",\"isPartOf\":{\"@id\":\"https:\\\/\\\/nettiseitti.fi\\\/showroom\\\/#website\"},\"primaryImageOfPage\":{\"@id\":\"https:\\\/\\\/nettiseitti.fi\\\/showroom\\\/tuote\\\/niteforce-concept-4g-lte-20mp-riistakamera\\\/#primaryimage\"},\"image\":{\"@id\":\"https:\\\/\\\/nettiseitti.fi\\\/showroom\\\/tuote\\\/niteforce-concept-4g-lte-20mp-riistakamera\\\/#primaryimage\"},\"thumbnailUrl\":\"https:\\\/\\\/nettiseitti.fi\\\/showroom\\\/wp-content\\\/uploads\\\/2025\\\/10\\\/niteforce_concept_20mp.jpg\",\"datePublished\":\"2025-10-29T19:40:24+00:00\",\"description\":\"4G-yhteyden kautta l\u00e4hett\u00e4v\u00e4 riistakamera 20MP resoluutiolla. Pirkanmaa, Satakunta, Etel\u00e4-Pohjanmaa, Pohjanmaa, Sein\u00e4joki, Sastamala, Tampere, Pori, Vaasa.\",\"breadcrumb\":{\"@id\":\"https:\\\/\\\/nettiseitti.fi\\\/showroom\\\/tuote\\\/niteforce-concept-4g-lte-20mp-riistakamera\\\/#breadcrumb\"},\"inLanguage\":\"fi\",\"potentialAction\":[{\"@type\":\"ReadAction\",\"target\":[\"https:\\\/\\\/nettiseitti.fi\\\/showroom\\\/tuote\\\/niteforce-concept-4g-lte-20mp-riistakamera\\\/\"]}]},{\"@type\":\"ImageObject\",\"inLanguage\":\"fi\",\"@id\":\"https:\\\/\\\/nettiseitti.fi\\\/showroom\\\/tuote\\\/niteforce-concept-4g-lte-20mp-riistakamera\\\/#primaryimage\",\"url\":\"https:\\\/\\\/nettiseitti.fi\\\/showroom\\\/wp-content\\\/uploads\\\/2025\\\/10\\\/niteforce_concept_20mp.jpg\",\"contentUrl\":\"https:\\\/\\\/nettiseitti.fi\\\/showroom\\\/wp-content\\\/uploads\\\/2025\\\/10\\\/niteforce_concept_20mp.jpg\",\"width\":639,\"height\":729},{\"@type\":\"BreadcrumbList\",\"@id\":\"https:\\\/\\\/nettiseitti.fi\\\/showroom\\\/tuote\\\/niteforce-concept-4g-lte-20mp-riistakamera\\\/#breadcrumb\",\"itemListElement\":[{\"@type\":\"ListItem\",\"position\":1,\"name\":\"Etusivu\",\"item\":\"https:\\\/\\\/nettiseitti.fi\\\/showroom\\\/\"},{\"@type\":\"ListItem\",\"position\":2,\"name\":\"Tuotteet\",\"item\":\"https:\\\/\\\/nettiseitti.fi\\\/showroom\\\/tuotteet\\\/\"},{\"@type\":\"ListItem\",\"position\":3,\"name\":\"NITEforce Concept 4G LTE 20MP -riistakamera\"}]},{\"@type\":\"WebSite\",\"@id\":\"https:\\\/\\\/nettiseitti.fi\\\/showroom\\\/#website\",\"url\":\"https:\\\/\\\/nettiseitti.fi\\\/showroom\\\/\",\"name\":\"NettiSeitti\",\"description\":\"\",\"publisher\":{\"@id\":\"https:\\\/\\\/nettiseitti.fi\\\/showroom\\\/#organization\"},\"potentialAction\":[{\"@type\":\"SearchAction\",\"target\":{\"@type\":\"EntryPoint\",\"urlTemplate\":\"https:\\\/\\\/nettiseitti.fi\\\/showroom\\\/?s={search_term_string}\"},\"query-input\":{\"@type\":\"PropertyValueSpecification\",\"valueRequired\":true,\"valueName\":\"search_term_string\"}}],\"inLanguage\":\"fi\"},{\"@type\":\"Organization\",\"@id\":\"https:\\\/\\\/nettiseitti.fi\\\/showroom\\\/#organization\",\"name\":\"NettiSeitti\",\"url\":\"https:\\\/\\\/nettiseitti.fi\\\/showroom\\\/\",\"logo\":{\"@type\":\"ImageObject\",\"inLanguage\":\"fi\",\"@id\":\"https:\\\/\\\/nettiseitti.fi\\\/showroom\\\/#\\\/schema\\\/logo\\\/image\\\/\",\"url\":\"https:\\\/\\\/nettiseitti.fi\\\/showroom\\\/wp-content\\\/uploads\\\/2024\\\/03\\\/nettiseitti_lapinakyva_tausta.png\",\"contentUrl\":\"https:\\\/\\\/nettiseitti.fi\\\/showroom\\\/wp-content\\\/uploads\\\/2024\\\/03\\\/nettiseitti_lapinakyva_tausta.png\",\"width\":2176,\"height\":741,\"caption\":\"NettiSeitti\"},\"image\":{\"@id\":\"https:\\\/\\\/nettiseitti.fi\\\/showroom\\\/#\\\/schema\\\/logo\\\/image\\\/\"}}]}<\/script>\n<!-- \/ Yoast SEO plugin. -->","yoast_head_json":{"title":"NITEforce Concept 4G LTE 20MP -riistakamera - NettiSeitti","description":"4G-yhteyden kautta l\u00e4hett\u00e4v\u00e4 riistakamera 20MP resoluutiolla. Pirkanmaa, Satakunta, Etel\u00e4-Pohjanmaa, Pohjanmaa, Sein\u00e4joki, Sastamala, Tampere, Pori, Vaasa.","robots":{"index":"index","follow":"follow","max-snippet":"max-snippet:-1","max-image-preview":"max-image-preview:large","max-video-preview":"max-video-preview:-1"},"canonical":"https:\/\/nettiseitti.fi\/showroom\/tuote\/niteforce-concept-4g-lte-20mp-riistakamera\/","og_locale":"fi_FI","og_type":"article","og_title":"NITEforce Concept 4G LTE 20MP -riistakamera - NettiSeitti","og_description":"4G-yhteyden kautta l\u00e4hett\u00e4v\u00e4 riistakamera 20MP resoluutiolla. Pirkanmaa, Satakunta, Etel\u00e4-Pohjanmaa, Pohjanmaa, Sein\u00e4joki, Sastamala, Tampere, Pori, Vaasa.","og_url":"https:\/\/nettiseitti.fi\/showroom\/tuote\/niteforce-concept-4g-lte-20mp-riistakamera\/","og_site_name":"NettiSeitti","og_image":[{"width":639,"height":729,"url":"https:\/\/nettiseitti.fi\/showroom\/wp-content\/uploads\/2025\/10\/niteforce_concept_20mp.jpg","type":"image\/jpeg"}],"twitter_card":"summary_large_image","twitter_misc":{"Arvioitu lukuaika":"1 minuutti"},"schema":{"@context":"https:\/\/schema.org","@graph":[{"@type":"WebPage","@id":"https:\/\/nettiseitti.fi\/showroom\/tuote\/niteforce-concept-4g-lte-20mp-riistakamera\/","url":"https:\/\/nettiseitti.fi\/showroom\/tuote\/niteforce-concept-4g-lte-20mp-riistakamera\/","name":"NITEforce Concept 4G LTE 20MP -riistakamera - NettiSeitti","isPartOf":{"@id":"https:\/\/nettiseitti.fi\/showroom\/#website"},"primaryImageOfPage":{"@id":"https:\/\/nettiseitti.fi\/showroom\/tuote\/niteforce-concept-4g-lte-20mp-riistakamera\/#primaryimage"},"image":{"@id":"https:\/\/nettiseitti.fi\/showroom\/tuote\/niteforce-concept-4g-lte-20mp-riistakamera\/#primaryimage"},"thumbnailUrl":"https:\/\/nettiseitti.fi\/showroom\/wp-content\/uploads\/2025\/10\/niteforce_concept_20mp.jpg","datePublished":"2025-10-29T19:40:24+00:00","description":"4G-yhteyden kautta l\u00e4hett\u00e4v\u00e4 riistakamera 20MP resoluutiolla. Pirkanmaa, Satakunta, Etel\u00e4-Pohjanmaa, Pohjanmaa, Sein\u00e4joki, Sastamala, Tampere, Pori, Vaasa.","breadcrumb":{"@id":"https:\/\/nettiseitti.fi\/showroom\/tuote\/niteforce-concept-4g-lte-20mp-riistakamera\/#breadcrumb"},"inLanguage":"fi","potentialAction":[{"@type":"ReadAction","target":["https:\/\/nettiseitti.fi\/showroom\/tuote\/niteforce-concept-4g-lte-20mp-riistakamera\/"]}]},{"@type":"ImageObject","inLanguage":"fi","@id":"https:\/\/nettiseitti.fi\/showroom\/tuote\/niteforce-concept-4g-lte-20mp-riistakamera\/#primaryimage","url":"https:\/\/nettiseitti.fi\/showroom\/wp-content\/uploads\/2025\/10\/niteforce_concept_20mp.jpg","contentUrl":"https:\/\/nettiseitti.fi\/showroom\/wp-content\/uploads\/2025\/10\/niteforce_concept_20mp.jpg","width":639,"height":729},{"@type":"BreadcrumbList","@id":"https:\/\/nettiseitti.fi\/showroom\/tuote\/niteforce-concept-4g-lte-20mp-riistakamera\/#breadcrumb","itemListElement":[{"@type":"ListItem","position":1,"name":"Etusivu","item":"https:\/\/nettiseitti.fi\/showroom\/"},{"@type":"ListItem","position":2,"name":"Tuotteet","item":"https:\/\/nettiseitti.fi\/showroom\/tuotteet\/"},{"@type":"ListItem","position":3,"name":"NITEforce Concept 4G LTE 20MP -riistakamera"}]},{"@type":"WebSite","@id":"https:\/\/nettiseitti.fi\/showroom\/#website","url":"https:\/\/nettiseitti.fi\/showroom\/","name":"NettiSeitti","description":"","publisher":{"@id":"https:\/\/nettiseitti.fi\/showroom\/#organization"},"potentialAction":[{"@type":"SearchAction","target":{"@type":"EntryPoint","urlTemplate":"https:\/\/nettiseitti.fi\/showroom\/?s={search_term_string}"},"query-input":{"@type":"PropertyValueSpecification","valueRequired":true,"valueName":"search_term_string"}}],"inLanguage":"fi"},{"@type":"Organization","@id":"https:\/\/nettiseitti.fi\/showroom\/#organization","name":"NettiSeitti","url":"https:\/\/nettiseitti.fi\/showroom\/","logo":{"@type":"ImageObject","inLanguage":"fi","@id":"https:\/\/nettiseitti.fi\/showroom\/#\/schema\/logo\/image\/","url":"https:\/\/nettiseitti.fi\/showroom\/wp-content\/uploads\/2024\/03\/nettiseitti_lapinakyva_tausta.png","contentUrl":"https:\/\/nettiseitti.fi\/showroom\/wp-content\/uploads\/2024\/03\/nettiseitti_lapinakyva_tausta.png","width":2176,"height":741,"caption":"NettiSeitti"},"image":{"@id":"https:\/\/nettiseitti.fi\/showroom\/#\/schema\/logo\/image\/"}}]}},"_links":{"self":[{"href":"https:\/\/nettiseitti.fi\/showroom\/wp-json\/wp\/v2\/product\/14599","targetHints":{"allow":["GET"]}}],"collection":[{"href":"https:\/\/nettiseitti.fi\/showroom\/wp-json\/wp\/v2\/product"}],"about":[{"href":"https:\/\/nettiseitti.fi\/showroom\/wp-json\/wp\/v2\/types\/product"}],"wp:featuredmedia":[{"embeddable":true,"href":"https:\/\/nettiseitti.fi\/showroom\/wp-json\/wp\/v2\/media\/14602"}],"wp:attachment":[{"href":"https:\/\/nettiseitti.fi\/showroom\/wp-json\/wp\/v2\/media?parent=14599"}],"wp:term":[{"taxonomy":"product_brand","embeddable":true,"href":"https:\/\/nettiseitti.fi\/showroom\/wp-json\/wp\/v2\/product_brand?post=14599"},{"taxonomy":"product_cat","embeddable":true,"href":"https:\/\/nettiseitti.fi\/showroom\/wp-json\/wp\/v2\/product_cat?post=14599"},{"taxonomy":"product_tag","embeddable":true,"href":"https:\/\/nettiseitti.fi\/showroom\/wp-json\/wp\/v2\/product_tag?post=14599"}],"curies":[{"name":"wp","href":"https:\/\/api.w.org\/{rel}","templated":true}]}}