{"id":14624,"date":"2025-11-03T16:35:23","date_gmt":"2025-11-03T14:35:23","guid":{"rendered":"https:\/\/nettiseitti.fi\/showroom\/?post_type=product&#038;p=14624"},"modified":"2025-11-03T16:35:23","modified_gmt":"2025-11-03T14:35:23","slug":"philips-50-pus8000-uhd-smart-ambilight-tv","status":"publish","type":"product","link":"https:\/\/nettiseitti.fi\/showroom\/tuote\/philips-50-pus8000-uhd-smart-ambilight-tv\/","title":{"rendered":"PHILIPS 50&#8243; PUS8000 UHD SMART AMBILIGHT TV"},"content":{"rendered":"<p>Ambilight-valaistuksella varusteltu Smart TV Titan-k\u00e4ytt\u00f6j\u00e4rjestelm\u00e4ll\u00e4.<\/p>\n<p>Ominaisuuksia:<\/p>\n<ul>\n<li>Ruudunkoko: 50&#8243;, 4K-resoluutio (3840 x 2160), 60Hz-paneeli<\/li>\n<li>HDR10+ ja Dolby Atmos<\/li>\n<li>TITAN-k\u00e4ytt\u00f6j\u00e4rjestelm\u00e4<\/li>\n<li>Smart TV sovelluksina saatavissa mm. Yle Areena, Ruutu, Youtube, Netflix (Useat sovellukset vaativat erillisen maksullisen tilauksen)<\/li>\n<li>VESA 200 x 100mm<\/li>\n<li>Apple AirPlay -yhteensopiva<\/li>\n<li>Antenni- (DVB-T2 HD), kaapeli- (DVB-C) ja satelliittivirittimet (DVB-S2)<\/li>\n<li>Liit\u00e4nn\u00e4t: 3x HDMI, 2x USB, Wi-Fi, Bluetooth, Ethernet RJ45, optinen \u00e4\u00e4nil\u00e4ht\u00f6, antenniliittimet<\/li>\n<li>2 x 10 W:n koko \u00e4\u00e4nialueen kaiutinta<\/li>\n<\/ul>\n<p>Kauttamme my\u00f6s muut televisiot ja tarvikkeet, ota yhteytt\u00e4 !<\/p>\n<p>Kysy ajantasainen hinnasto ja lis\u00e4tietoja ottamalla meihin yhteytt\u00e4.<br \/>\nMy\u00f6s toimitus mahdollista riippuen tilatuista tuotteista sek\u00e4 sovittaessa laitteiden konfigurointi k\u00e4ytt\u00f6kuntoon asennettuna.<\/p>\n<p>Ota yhteytt\u00e4:<br \/>\nPuh. <a href=\"tel:0401523801\">040 1523801<\/a><br \/>\nS\u00e4hk\u00f6posti: myynti [at] nettiseitti.fi<\/p>\n","protected":false},"excerpt":{"rendered":"<p>Esittelyss\u00e4 Ambilight TV. Smart TV, jonka tehosta vastaa Titan-k\u00e4ytt\u00f6j\u00e4rjestelm\u00e4.<\/p>\n","protected":false},"featured_media":14625,"template":"","meta":{"neve_meta_sidebar":"","neve_meta_container":"","neve_meta_enable_content_width":"off","neve_meta_content_width":100,"neve_meta_title_alignment":"","neve_meta_author_avatar":"","neve_post_elements_order":"","neve_meta_disable_header":"","neve_meta_disable_footer":"","neve_meta_disable_title":""},"product_brand":[],"product_cat":[558],"product_tag":[450,451,100,107,459,106,457,327,446,448,449,453,447,108,105,455,445,456,98,101,104,454,96,99,97,235,103,232,102,458,452],"class_list":{"0":"post-14624","1":"product","2":"type-product","3":"status-publish","4":"has-post-thumbnail","6":"product_cat-digiboksit-ja-tarvikkeet","7":"product_tag-ahtari","8":"product_tag-alavus","9":"product_tag-etela-pohjanmaa","10":"product_tag-etela-suomi","11":"product_tag-hameenlinna","12":"product_tag-huittinen","13":"product_tag-ikaalinen","14":"product_tag-jalasjarvi","15":"product_tag-kankaanpaa","16":"product_tag-karvia","17":"product_tag-kauhajoki","18":"product_tag-kauhava","19":"product_tag-kihnio","20":"product_tag-lansi-suomi","21":"product_tag-lapua","22":"product_tag-lempaala","23":"product_tag-nokia","24":"product_tag-parkano","25":"product_tag-pirkanmaa","26":"product_tag-pohjanmaa","27":"product_tag-pori","28":"product_tag-rauma","29":"product_tag-sastamala","30":"product_tag-satakunta","31":"product_tag-seinajoki","32":"product_tag-smart-tv","33":"product_tag-tampere","34":"product_tag-tv","35":"product_tag-vaasa","36":"product_tag-virrat","37":"product_tag-ylojarvi","39":"first","40":"instock","41":"shipping-taxable","42":"product-type-simple"},"yoast_head":"<!-- This site is optimized with the Yoast SEO plugin v27.4 - https:\/\/yoast.com\/product\/yoast-seo-wordpress\/ -->\n<title>PHILIPS 50&quot; PUS8000 UHD SMART AMBILIGHT TV - NettiSeitti<\/title>\n<meta name=\"description\" content=\"Esittelyss\u00e4 Ambilight TV. Smart TV, jonka tehosta vastaa Titan-k\u00e4ytt\u00f6j\u00e4rjestelm\u00e4. Pirkanmaa, Satakunta, Etel\u00e4-Pohjanmaa, Pohjanmaa, Sein\u00e4joki, Sastamala.\" \/>\n<meta name=\"robots\" content=\"index, follow, max-snippet:-1, max-image-preview:large, max-video-preview:-1\" \/>\n<link rel=\"canonical\" href=\"https:\/\/nettiseitti.fi\/showroom\/tuote\/philips-50-pus8000-uhd-smart-ambilight-tv\/\" \/>\n<meta property=\"og:locale\" content=\"fi_FI\" \/>\n<meta property=\"og:type\" content=\"article\" \/>\n<meta property=\"og:title\" content=\"PHILIPS 50&quot; PUS8000 UHD SMART AMBILIGHT TV - NettiSeitti\" \/>\n<meta property=\"og:description\" content=\"Esittelyss\u00e4 Ambilight TV. Smart TV, jonka tehosta vastaa Titan-k\u00e4ytt\u00f6j\u00e4rjestelm\u00e4. Pirkanmaa, Satakunta, Etel\u00e4-Pohjanmaa, Pohjanmaa, Sein\u00e4joki, Sastamala.\" \/>\n<meta property=\"og:url\" content=\"https:\/\/nettiseitti.fi\/showroom\/tuote\/philips-50-pus8000-uhd-smart-ambilight-tv\/\" \/>\n<meta property=\"og:site_name\" content=\"NettiSeitti\" \/>\n<meta property=\"og:image\" content=\"https:\/\/nettiseitti.fi\/showroom\/wp-content\/uploads\/2025\/11\/philips_pus8000_50.jpg\" \/>\n\t<meta property=\"og:image:width\" content=\"803\" \/>\n\t<meta property=\"og:image:height\" content=\"677\" \/>\n\t<meta property=\"og:image:type\" content=\"image\/jpeg\" \/>\n<meta name=\"twitter:card\" content=\"summary_large_image\" \/>\n<meta name=\"twitter:label1\" content=\"Arvioitu lukuaika\" \/>\n\t<meta name=\"twitter:data1\" content=\"1 minuutti\" \/>\n<script type=\"application\/ld+json\" class=\"yoast-schema-graph\">{\"@context\":\"https:\\\/\\\/schema.org\",\"@graph\":[{\"@type\":\"WebPage\",\"@id\":\"https:\\\/\\\/nettiseitti.fi\\\/showroom\\\/tuote\\\/philips-50-pus8000-uhd-smart-ambilight-tv\\\/\",\"url\":\"https:\\\/\\\/nettiseitti.fi\\\/showroom\\\/tuote\\\/philips-50-pus8000-uhd-smart-ambilight-tv\\\/\",\"name\":\"PHILIPS 50\\\" PUS8000 UHD SMART AMBILIGHT TV - NettiSeitti\",\"isPartOf\":{\"@id\":\"https:\\\/\\\/nettiseitti.fi\\\/showroom\\\/#website\"},\"primaryImageOfPage\":{\"@id\":\"https:\\\/\\\/nettiseitti.fi\\\/showroom\\\/tuote\\\/philips-50-pus8000-uhd-smart-ambilight-tv\\\/#primaryimage\"},\"image\":{\"@id\":\"https:\\\/\\\/nettiseitti.fi\\\/showroom\\\/tuote\\\/philips-50-pus8000-uhd-smart-ambilight-tv\\\/#primaryimage\"},\"thumbnailUrl\":\"https:\\\/\\\/nettiseitti.fi\\\/showroom\\\/wp-content\\\/uploads\\\/2025\\\/11\\\/philips_pus8000_50.jpg\",\"datePublished\":\"2025-11-03T14:35:23+00:00\",\"description\":\"Esittelyss\u00e4 Ambilight TV. Smart TV, jonka tehosta vastaa Titan-k\u00e4ytt\u00f6j\u00e4rjestelm\u00e4. Pirkanmaa, Satakunta, Etel\u00e4-Pohjanmaa, Pohjanmaa, Sein\u00e4joki, Sastamala.\",\"breadcrumb\":{\"@id\":\"https:\\\/\\\/nettiseitti.fi\\\/showroom\\\/tuote\\\/philips-50-pus8000-uhd-smart-ambilight-tv\\\/#breadcrumb\"},\"inLanguage\":\"fi\",\"potentialAction\":[{\"@type\":\"ReadAction\",\"target\":[\"https:\\\/\\\/nettiseitti.fi\\\/showroom\\\/tuote\\\/philips-50-pus8000-uhd-smart-ambilight-tv\\\/\"]}]},{\"@type\":\"ImageObject\",\"inLanguage\":\"fi\",\"@id\":\"https:\\\/\\\/nettiseitti.fi\\\/showroom\\\/tuote\\\/philips-50-pus8000-uhd-smart-ambilight-tv\\\/#primaryimage\",\"url\":\"https:\\\/\\\/nettiseitti.fi\\\/showroom\\\/wp-content\\\/uploads\\\/2025\\\/11\\\/philips_pus8000_50.jpg\",\"contentUrl\":\"https:\\\/\\\/nettiseitti.fi\\\/showroom\\\/wp-content\\\/uploads\\\/2025\\\/11\\\/philips_pus8000_50.jpg\",\"width\":803,\"height\":677},{\"@type\":\"BreadcrumbList\",\"@id\":\"https:\\\/\\\/nettiseitti.fi\\\/showroom\\\/tuote\\\/philips-50-pus8000-uhd-smart-ambilight-tv\\\/#breadcrumb\",\"itemListElement\":[{\"@type\":\"ListItem\",\"position\":1,\"name\":\"Etusivu\",\"item\":\"https:\\\/\\\/nettiseitti.fi\\\/showroom\\\/\"},{\"@type\":\"ListItem\",\"position\":2,\"name\":\"Tuotteet\",\"item\":\"https:\\\/\\\/nettiseitti.fi\\\/showroom\\\/tuotteet\\\/\"},{\"@type\":\"ListItem\",\"position\":3,\"name\":\"PHILIPS 50&#8243; PUS8000 UHD SMART AMBILIGHT TV\"}]},{\"@type\":\"WebSite\",\"@id\":\"https:\\\/\\\/nettiseitti.fi\\\/showroom\\\/#website\",\"url\":\"https:\\\/\\\/nettiseitti.fi\\\/showroom\\\/\",\"name\":\"NettiSeitti\",\"description\":\"\",\"publisher\":{\"@id\":\"https:\\\/\\\/nettiseitti.fi\\\/showroom\\\/#organization\"},\"potentialAction\":[{\"@type\":\"SearchAction\",\"target\":{\"@type\":\"EntryPoint\",\"urlTemplate\":\"https:\\\/\\\/nettiseitti.fi\\\/showroom\\\/?s={search_term_string}\"},\"query-input\":{\"@type\":\"PropertyValueSpecification\",\"valueRequired\":true,\"valueName\":\"search_term_string\"}}],\"inLanguage\":\"fi\"},{\"@type\":\"Organization\",\"@id\":\"https:\\\/\\\/nettiseitti.fi\\\/showroom\\\/#organization\",\"name\":\"NettiSeitti\",\"url\":\"https:\\\/\\\/nettiseitti.fi\\\/showroom\\\/\",\"logo\":{\"@type\":\"ImageObject\",\"inLanguage\":\"fi\",\"@id\":\"https:\\\/\\\/nettiseitti.fi\\\/showroom\\\/#\\\/schema\\\/logo\\\/image\\\/\",\"url\":\"https:\\\/\\\/nettiseitti.fi\\\/showroom\\\/wp-content\\\/uploads\\\/2024\\\/03\\\/nettiseitti_lapinakyva_tausta.png\",\"contentUrl\":\"https:\\\/\\\/nettiseitti.fi\\\/showroom\\\/wp-content\\\/uploads\\\/2024\\\/03\\\/nettiseitti_lapinakyva_tausta.png\",\"width\":2176,\"height\":741,\"caption\":\"NettiSeitti\"},\"image\":{\"@id\":\"https:\\\/\\\/nettiseitti.fi\\\/showroom\\\/#\\\/schema\\\/logo\\\/image\\\/\"}}]}<\/script>\n<!-- \/ Yoast SEO plugin. -->","yoast_head_json":{"title":"PHILIPS 50\" PUS8000 UHD SMART AMBILIGHT TV - NettiSeitti","description":"Esittelyss\u00e4 Ambilight TV. Smart TV, jonka tehosta vastaa Titan-k\u00e4ytt\u00f6j\u00e4rjestelm\u00e4. Pirkanmaa, Satakunta, Etel\u00e4-Pohjanmaa, Pohjanmaa, Sein\u00e4joki, Sastamala.","robots":{"index":"index","follow":"follow","max-snippet":"max-snippet:-1","max-image-preview":"max-image-preview:large","max-video-preview":"max-video-preview:-1"},"canonical":"https:\/\/nettiseitti.fi\/showroom\/tuote\/philips-50-pus8000-uhd-smart-ambilight-tv\/","og_locale":"fi_FI","og_type":"article","og_title":"PHILIPS 50\" PUS8000 UHD SMART AMBILIGHT TV - NettiSeitti","og_description":"Esittelyss\u00e4 Ambilight TV. Smart TV, jonka tehosta vastaa Titan-k\u00e4ytt\u00f6j\u00e4rjestelm\u00e4. Pirkanmaa, Satakunta, Etel\u00e4-Pohjanmaa, Pohjanmaa, Sein\u00e4joki, Sastamala.","og_url":"https:\/\/nettiseitti.fi\/showroom\/tuote\/philips-50-pus8000-uhd-smart-ambilight-tv\/","og_site_name":"NettiSeitti","og_image":[{"width":803,"height":677,"url":"https:\/\/nettiseitti.fi\/showroom\/wp-content\/uploads\/2025\/11\/philips_pus8000_50.jpg","type":"image\/jpeg"}],"twitter_card":"summary_large_image","twitter_misc":{"Arvioitu lukuaika":"1 minuutti"},"schema":{"@context":"https:\/\/schema.org","@graph":[{"@type":"WebPage","@id":"https:\/\/nettiseitti.fi\/showroom\/tuote\/philips-50-pus8000-uhd-smart-ambilight-tv\/","url":"https:\/\/nettiseitti.fi\/showroom\/tuote\/philips-50-pus8000-uhd-smart-ambilight-tv\/","name":"PHILIPS 50\" PUS8000 UHD SMART AMBILIGHT TV - NettiSeitti","isPartOf":{"@id":"https:\/\/nettiseitti.fi\/showroom\/#website"},"primaryImageOfPage":{"@id":"https:\/\/nettiseitti.fi\/showroom\/tuote\/philips-50-pus8000-uhd-smart-ambilight-tv\/#primaryimage"},"image":{"@id":"https:\/\/nettiseitti.fi\/showroom\/tuote\/philips-50-pus8000-uhd-smart-ambilight-tv\/#primaryimage"},"thumbnailUrl":"https:\/\/nettiseitti.fi\/showroom\/wp-content\/uploads\/2025\/11\/philips_pus8000_50.jpg","datePublished":"2025-11-03T14:35:23+00:00","description":"Esittelyss\u00e4 Ambilight TV. Smart TV, jonka tehosta vastaa Titan-k\u00e4ytt\u00f6j\u00e4rjestelm\u00e4. Pirkanmaa, Satakunta, Etel\u00e4-Pohjanmaa, Pohjanmaa, Sein\u00e4joki, Sastamala.","breadcrumb":{"@id":"https:\/\/nettiseitti.fi\/showroom\/tuote\/philips-50-pus8000-uhd-smart-ambilight-tv\/#breadcrumb"},"inLanguage":"fi","potentialAction":[{"@type":"ReadAction","target":["https:\/\/nettiseitti.fi\/showroom\/tuote\/philips-50-pus8000-uhd-smart-ambilight-tv\/"]}]},{"@type":"ImageObject","inLanguage":"fi","@id":"https:\/\/nettiseitti.fi\/showroom\/tuote\/philips-50-pus8000-uhd-smart-ambilight-tv\/#primaryimage","url":"https:\/\/nettiseitti.fi\/showroom\/wp-content\/uploads\/2025\/11\/philips_pus8000_50.jpg","contentUrl":"https:\/\/nettiseitti.fi\/showroom\/wp-content\/uploads\/2025\/11\/philips_pus8000_50.jpg","width":803,"height":677},{"@type":"BreadcrumbList","@id":"https:\/\/nettiseitti.fi\/showroom\/tuote\/philips-50-pus8000-uhd-smart-ambilight-tv\/#breadcrumb","itemListElement":[{"@type":"ListItem","position":1,"name":"Etusivu","item":"https:\/\/nettiseitti.fi\/showroom\/"},{"@type":"ListItem","position":2,"name":"Tuotteet","item":"https:\/\/nettiseitti.fi\/showroom\/tuotteet\/"},{"@type":"ListItem","position":3,"name":"PHILIPS 50&#8243; PUS8000 UHD SMART AMBILIGHT TV"}]},{"@type":"WebSite","@id":"https:\/\/nettiseitti.fi\/showroom\/#website","url":"https:\/\/nettiseitti.fi\/showroom\/","name":"NettiSeitti","description":"","publisher":{"@id":"https:\/\/nettiseitti.fi\/showroom\/#organization"},"potentialAction":[{"@type":"SearchAction","target":{"@type":"EntryPoint","urlTemplate":"https:\/\/nettiseitti.fi\/showroom\/?s={search_term_string}"},"query-input":{"@type":"PropertyValueSpecification","valueRequired":true,"valueName":"search_term_string"}}],"inLanguage":"fi"},{"@type":"Organization","@id":"https:\/\/nettiseitti.fi\/showroom\/#organization","name":"NettiSeitti","url":"https:\/\/nettiseitti.fi\/showroom\/","logo":{"@type":"ImageObject","inLanguage":"fi","@id":"https:\/\/nettiseitti.fi\/showroom\/#\/schema\/logo\/image\/","url":"https:\/\/nettiseitti.fi\/showroom\/wp-content\/uploads\/2024\/03\/nettiseitti_lapinakyva_tausta.png","contentUrl":"https:\/\/nettiseitti.fi\/showroom\/wp-content\/uploads\/2024\/03\/nettiseitti_lapinakyva_tausta.png","width":2176,"height":741,"caption":"NettiSeitti"},"image":{"@id":"https:\/\/nettiseitti.fi\/showroom\/#\/schema\/logo\/image\/"}}]}},"_links":{"self":[{"href":"https:\/\/nettiseitti.fi\/showroom\/wp-json\/wp\/v2\/product\/14624","targetHints":{"allow":["GET"]}}],"collection":[{"href":"https:\/\/nettiseitti.fi\/showroom\/wp-json\/wp\/v2\/product"}],"about":[{"href":"https:\/\/nettiseitti.fi\/showroom\/wp-json\/wp\/v2\/types\/product"}],"wp:featuredmedia":[{"embeddable":true,"href":"https:\/\/nettiseitti.fi\/showroom\/wp-json\/wp\/v2\/media\/14625"}],"wp:attachment":[{"href":"https:\/\/nettiseitti.fi\/showroom\/wp-json\/wp\/v2\/media?parent=14624"}],"wp:term":[{"taxonomy":"product_brand","embeddable":true,"href":"https:\/\/nettiseitti.fi\/showroom\/wp-json\/wp\/v2\/product_brand?post=14624"},{"taxonomy":"product_cat","embeddable":true,"href":"https:\/\/nettiseitti.fi\/showroom\/wp-json\/wp\/v2\/product_cat?post=14624"},{"taxonomy":"product_tag","embeddable":true,"href":"https:\/\/nettiseitti.fi\/showroom\/wp-json\/wp\/v2\/product_tag?post=14624"}],"curies":[{"name":"wp","href":"https:\/\/api.w.org\/{rel}","templated":true}]}}