{"id":14679,"date":"2025-11-20T12:17:06","date_gmt":"2025-11-20T10:17:06","guid":{"rendered":"https:\/\/nettiseitti.fi\/showroom\/?post_type=product&#038;p=14679"},"modified":"2025-11-20T12:17:07","modified_gmt":"2025-11-20T10:17:07","slug":"hp-laserjet-pro-mfp-3102fdw-mustavalkolasermonitoimilaite","status":"publish","type":"product","link":"https:\/\/nettiseitti.fi\/showroom\/tuote\/hp-laserjet-pro-mfp-3102fdw-mustavalkolasermonitoimilaite\/","title":{"rendered":"HP LaserJet Pro MFP 3102fdw -mustavalkolasermonitoimilaite"},"content":{"rendered":"<p>Monipuolisilla ominaisuuksilla varuteltu mustavalkolasermonitoimilaite, jolla onnistuvat tulostus, faksaus, kopiointi ja skannaus.<\/p>\n<p>Ominaisuuksia:<\/p>\n<ul>\n<li>Automaattinen kaksipuolinen tulostus<\/li>\n<li>Skannaus: automaattinen sy\u00f6tt\u00f6laite, kapasiteetti 50 arkkia, tasoskanneri<\/li>\n<li>Max tulostusresoluutio: Jopa 1200 x 1200 dpi<\/li>\n<li>Max skannaustarkkuus: jopa 1200 x 1200 (tasoskanneri), jopa 300 x 300 dpi (sy\u00f6tt\u00f6laite)<\/li>\n<li>Vakio sy\u00f6tt\u00f6lokeron koko: 250 arkkia<\/li>\n<li>Max yht\u00e4jaksoinen tulostuskapasiteetti: 150 sivua<\/li>\n<li>Faksi<\/li>\n<li>Mobiilitulostustuki: HP Smart -sovellus, Apple AirPrint, Mopria-hyv\u00e4ksytty, Wi-Fi Direct -tulostus<\/li>\n<li>Tuetut tulostusmateriaalien koot: A4, A5, A5-R, A6, B5(JIS); B6(JIS); Oficio (216&#215;340); 16K (195 x 270 mm); 16K (195 x 270 mm); 16K (197 x 273 mm); L 9&#215;13 cm; 10x15cm; Japanese Postcard; Double Japan Postcard Rotated; Japanese Envelope Chou #3; Japanese Envelope Chou #4; Envelope B5; Envelope C5; Envelope C6; Envelope DL<\/li>\n<li>Liit\u00e4nn\u00e4t: Ethernet RJ45, USB, WiFi<\/li>\n<\/ul>\n<p>Kauttamme my\u00f6s muut tulostimet ja tarvikkeet, ota yhteytt\u00e4 !<\/p>\n<p>Kysy ajantasainen hinnasto ja lis\u00e4tietoja ottamalla meihin yhteytt\u00e4.<br \/>\nMy\u00f6s toimitus mahdollista riippuen tilatuista tuotteista sek\u00e4 sovittaessa laitteiden konfigurointi k\u00e4ytt\u00f6kuntoon asennettuna.<\/p>\n<p>Ota yhteytt\u00e4:<br \/>\nPuh. <a href=\"tel:0401523801\">040 1523801<\/a><br \/>\nS\u00e4hk\u00f6posti: myynti [at] nettiseitti.fi<\/p>\n<p><img decoding=\"async\" class=\"alignnone wp-image-12074\" src=\"https:\/\/nettiseitti.fi\/showroom\/wp-content\/uploads\/2024\/03\/hp-300x148.png\" alt=\"\" width=\"170\" height=\"84\" srcset=\"https:\/\/nettiseitti.fi\/showroom\/wp-content\/uploads\/2024\/03\/hp-300x148.png 300w, https:\/\/nettiseitti.fi\/showroom\/wp-content\/uploads\/2024\/03\/hp-600x295.png 600w, https:\/\/nettiseitti.fi\/showroom\/wp-content\/uploads\/2024\/03\/hp.png 638w\" sizes=\"(max-width: 170px) 100vw, 170px\" \/><\/p>\n","protected":false},"excerpt":{"rendered":"<p>Monipuolinen ja luotettava mustavalkolasermonitoimilaite esim. toimistoihin ja yritysk\u00e4ytt\u00f6\u00f6n.<\/p>\n","protected":false},"featured_media":14680,"template":"","meta":{"neve_meta_sidebar":"","neve_meta_container":"","neve_meta_enable_content_width":"off","neve_meta_content_width":100,"neve_meta_title_alignment":"","neve_meta_author_avatar":"","neve_post_elements_order":"","neve_meta_disable_header":"","neve_meta_disable_footer":"","neve_meta_disable_title":""},"product_brand":[],"product_cat":[560],"product_tag":[450,451,100,107,459,135,106,457,327,446,448,449,453,447,108,105,145,455,225,445,456,98,101,104,454,96,99,97,103,102,458,452],"class_list":{"0":"post-14679","1":"product","2":"type-product","3":"status-publish","4":"has-post-thumbnail","6":"product_cat-monitoimilaitteet-a4-tulostimet","7":"product_tag-ahtari","8":"product_tag-alavus","9":"product_tag-etela-pohjanmaa","10":"product_tag-etela-suomi","11":"product_tag-hameenlinna","12":"product_tag-hp","13":"product_tag-huittinen","14":"product_tag-ikaalinen","15":"product_tag-jalasjarvi","16":"product_tag-kankaanpaa","17":"product_tag-karvia","18":"product_tag-kauhajoki","19":"product_tag-kauhava","20":"product_tag-kihnio","21":"product_tag-lansi-suomi","22":"product_tag-lapua","23":"product_tag-laserjet","24":"product_tag-lempaala","25":"product_tag-mustavalkolasertulostin","26":"product_tag-nokia","27":"product_tag-parkano","28":"product_tag-pirkanmaa","29":"product_tag-pohjanmaa","30":"product_tag-pori","31":"product_tag-rauma","32":"product_tag-sastamala","33":"product_tag-satakunta","34":"product_tag-seinajoki","35":"product_tag-tampere","36":"product_tag-vaasa","37":"product_tag-virrat","38":"product_tag-ylojarvi","40":"first","41":"instock","42":"shipping-taxable","43":"product-type-simple"},"yoast_head":"<!-- This site is optimized with the Yoast SEO plugin v27.4 - https:\/\/yoast.com\/product\/yoast-seo-wordpress\/ -->\n<title>HP LaserJet Pro MFP 3102fdw -mustavalkolasermonitoimilaite - NettiSeitti<\/title>\n<meta name=\"description\" content=\"Monipuolinen ja luotettava mustavalkolasermonitoimilaite esim. toimistoihin ja yritysk\u00e4ytt\u00f6\u00f6n. Pirkanmaa, Satakunta, Etel\u00e4-Pohjanmaa, Pohjanmaa, Sein\u00e4joki.\" \/>\n<meta name=\"robots\" content=\"index, follow, max-snippet:-1, max-image-preview:large, max-video-preview:-1\" \/>\n<link rel=\"canonical\" href=\"https:\/\/nettiseitti.fi\/showroom\/tuote\/hp-laserjet-pro-mfp-3102fdw-mustavalkolasermonitoimilaite\/\" \/>\n<meta property=\"og:locale\" content=\"fi_FI\" \/>\n<meta property=\"og:type\" content=\"article\" \/>\n<meta property=\"og:title\" content=\"HP LaserJet Pro MFP 3102fdw -mustavalkolasermonitoimilaite - NettiSeitti\" \/>\n<meta property=\"og:description\" content=\"Monipuolinen ja luotettava mustavalkolasermonitoimilaite esim. toimistoihin ja yritysk\u00e4ytt\u00f6\u00f6n. Pirkanmaa, Satakunta, Etel\u00e4-Pohjanmaa, Pohjanmaa, Sein\u00e4joki.\" \/>\n<meta property=\"og:url\" content=\"https:\/\/nettiseitti.fi\/showroom\/tuote\/hp-laserjet-pro-mfp-3102fdw-mustavalkolasermonitoimilaite\/\" \/>\n<meta property=\"og:site_name\" content=\"NettiSeitti\" \/>\n<meta property=\"article:modified_time\" content=\"2025-11-20T10:17:07+00:00\" \/>\n<meta property=\"og:image\" content=\"https:\/\/nettiseitti.fi\/showroom\/wp-content\/uploads\/2025\/11\/hp_laserjet_pro_3102fdw.jpg\" \/>\n\t<meta property=\"og:image:width\" content=\"593\" \/>\n\t<meta property=\"og:image:height\" content=\"476\" \/>\n\t<meta property=\"og:image:type\" content=\"image\/jpeg\" \/>\n<meta name=\"twitter:card\" content=\"summary_large_image\" \/>\n<meta name=\"twitter:label1\" content=\"Arvioitu lukuaika\" \/>\n\t<meta name=\"twitter:data1\" content=\"2 minuuttia\" \/>\n<script type=\"application\/ld+json\" class=\"yoast-schema-graph\">{\"@context\":\"https:\\\/\\\/schema.org\",\"@graph\":[{\"@type\":\"WebPage\",\"@id\":\"https:\\\/\\\/nettiseitti.fi\\\/showroom\\\/tuote\\\/hp-laserjet-pro-mfp-3102fdw-mustavalkolasermonitoimilaite\\\/\",\"url\":\"https:\\\/\\\/nettiseitti.fi\\\/showroom\\\/tuote\\\/hp-laserjet-pro-mfp-3102fdw-mustavalkolasermonitoimilaite\\\/\",\"name\":\"HP LaserJet Pro MFP 3102fdw -mustavalkolasermonitoimilaite - NettiSeitti\",\"isPartOf\":{\"@id\":\"https:\\\/\\\/nettiseitti.fi\\\/showroom\\\/#website\"},\"primaryImageOfPage\":{\"@id\":\"https:\\\/\\\/nettiseitti.fi\\\/showroom\\\/tuote\\\/hp-laserjet-pro-mfp-3102fdw-mustavalkolasermonitoimilaite\\\/#primaryimage\"},\"image\":{\"@id\":\"https:\\\/\\\/nettiseitti.fi\\\/showroom\\\/tuote\\\/hp-laserjet-pro-mfp-3102fdw-mustavalkolasermonitoimilaite\\\/#primaryimage\"},\"thumbnailUrl\":\"https:\\\/\\\/nettiseitti.fi\\\/showroom\\\/wp-content\\\/uploads\\\/2025\\\/11\\\/hp_laserjet_pro_3102fdw.jpg\",\"datePublished\":\"2025-11-20T10:17:06+00:00\",\"dateModified\":\"2025-11-20T10:17:07+00:00\",\"description\":\"Monipuolinen ja luotettava mustavalkolasermonitoimilaite esim. toimistoihin ja yritysk\u00e4ytt\u00f6\u00f6n. Pirkanmaa, Satakunta, Etel\u00e4-Pohjanmaa, Pohjanmaa, Sein\u00e4joki.\",\"breadcrumb\":{\"@id\":\"https:\\\/\\\/nettiseitti.fi\\\/showroom\\\/tuote\\\/hp-laserjet-pro-mfp-3102fdw-mustavalkolasermonitoimilaite\\\/#breadcrumb\"},\"inLanguage\":\"fi\",\"potentialAction\":[{\"@type\":\"ReadAction\",\"target\":[\"https:\\\/\\\/nettiseitti.fi\\\/showroom\\\/tuote\\\/hp-laserjet-pro-mfp-3102fdw-mustavalkolasermonitoimilaite\\\/\"]}]},{\"@type\":\"ImageObject\",\"inLanguage\":\"fi\",\"@id\":\"https:\\\/\\\/nettiseitti.fi\\\/showroom\\\/tuote\\\/hp-laserjet-pro-mfp-3102fdw-mustavalkolasermonitoimilaite\\\/#primaryimage\",\"url\":\"https:\\\/\\\/nettiseitti.fi\\\/showroom\\\/wp-content\\\/uploads\\\/2025\\\/11\\\/hp_laserjet_pro_3102fdw.jpg\",\"contentUrl\":\"https:\\\/\\\/nettiseitti.fi\\\/showroom\\\/wp-content\\\/uploads\\\/2025\\\/11\\\/hp_laserjet_pro_3102fdw.jpg\",\"width\":593,\"height\":476},{\"@type\":\"BreadcrumbList\",\"@id\":\"https:\\\/\\\/nettiseitti.fi\\\/showroom\\\/tuote\\\/hp-laserjet-pro-mfp-3102fdw-mustavalkolasermonitoimilaite\\\/#breadcrumb\",\"itemListElement\":[{\"@type\":\"ListItem\",\"position\":1,\"name\":\"Etusivu\",\"item\":\"https:\\\/\\\/nettiseitti.fi\\\/showroom\\\/\"},{\"@type\":\"ListItem\",\"position\":2,\"name\":\"Tuotteet\",\"item\":\"https:\\\/\\\/nettiseitti.fi\\\/showroom\\\/tuotteet\\\/\"},{\"@type\":\"ListItem\",\"position\":3,\"name\":\"HP LaserJet Pro MFP 3102fdw -mustavalkolasermonitoimilaite\"}]},{\"@type\":\"WebSite\",\"@id\":\"https:\\\/\\\/nettiseitti.fi\\\/showroom\\\/#website\",\"url\":\"https:\\\/\\\/nettiseitti.fi\\\/showroom\\\/\",\"name\":\"NettiSeitti\",\"description\":\"\",\"publisher\":{\"@id\":\"https:\\\/\\\/nettiseitti.fi\\\/showroom\\\/#organization\"},\"potentialAction\":[{\"@type\":\"SearchAction\",\"target\":{\"@type\":\"EntryPoint\",\"urlTemplate\":\"https:\\\/\\\/nettiseitti.fi\\\/showroom\\\/?s={search_term_string}\"},\"query-input\":{\"@type\":\"PropertyValueSpecification\",\"valueRequired\":true,\"valueName\":\"search_term_string\"}}],\"inLanguage\":\"fi\"},{\"@type\":\"Organization\",\"@id\":\"https:\\\/\\\/nettiseitti.fi\\\/showroom\\\/#organization\",\"name\":\"NettiSeitti\",\"url\":\"https:\\\/\\\/nettiseitti.fi\\\/showroom\\\/\",\"logo\":{\"@type\":\"ImageObject\",\"inLanguage\":\"fi\",\"@id\":\"https:\\\/\\\/nettiseitti.fi\\\/showroom\\\/#\\\/schema\\\/logo\\\/image\\\/\",\"url\":\"https:\\\/\\\/nettiseitti.fi\\\/showroom\\\/wp-content\\\/uploads\\\/2024\\\/03\\\/nettiseitti_lapinakyva_tausta.png\",\"contentUrl\":\"https:\\\/\\\/nettiseitti.fi\\\/showroom\\\/wp-content\\\/uploads\\\/2024\\\/03\\\/nettiseitti_lapinakyva_tausta.png\",\"width\":2176,\"height\":741,\"caption\":\"NettiSeitti\"},\"image\":{\"@id\":\"https:\\\/\\\/nettiseitti.fi\\\/showroom\\\/#\\\/schema\\\/logo\\\/image\\\/\"}}]}<\/script>\n<!-- \/ Yoast SEO plugin. -->","yoast_head_json":{"title":"HP LaserJet Pro MFP 3102fdw -mustavalkolasermonitoimilaite - NettiSeitti","description":"Monipuolinen ja luotettava mustavalkolasermonitoimilaite esim. toimistoihin ja yritysk\u00e4ytt\u00f6\u00f6n. Pirkanmaa, Satakunta, Etel\u00e4-Pohjanmaa, Pohjanmaa, Sein\u00e4joki.","robots":{"index":"index","follow":"follow","max-snippet":"max-snippet:-1","max-image-preview":"max-image-preview:large","max-video-preview":"max-video-preview:-1"},"canonical":"https:\/\/nettiseitti.fi\/showroom\/tuote\/hp-laserjet-pro-mfp-3102fdw-mustavalkolasermonitoimilaite\/","og_locale":"fi_FI","og_type":"article","og_title":"HP LaserJet Pro MFP 3102fdw -mustavalkolasermonitoimilaite - NettiSeitti","og_description":"Monipuolinen ja luotettava mustavalkolasermonitoimilaite esim. toimistoihin ja yritysk\u00e4ytt\u00f6\u00f6n. Pirkanmaa, Satakunta, Etel\u00e4-Pohjanmaa, Pohjanmaa, Sein\u00e4joki.","og_url":"https:\/\/nettiseitti.fi\/showroom\/tuote\/hp-laserjet-pro-mfp-3102fdw-mustavalkolasermonitoimilaite\/","og_site_name":"NettiSeitti","article_modified_time":"2025-11-20T10:17:07+00:00","og_image":[{"width":593,"height":476,"url":"https:\/\/nettiseitti.fi\/showroom\/wp-content\/uploads\/2025\/11\/hp_laserjet_pro_3102fdw.jpg","type":"image\/jpeg"}],"twitter_card":"summary_large_image","twitter_misc":{"Arvioitu lukuaika":"2 minuuttia"},"schema":{"@context":"https:\/\/schema.org","@graph":[{"@type":"WebPage","@id":"https:\/\/nettiseitti.fi\/showroom\/tuote\/hp-laserjet-pro-mfp-3102fdw-mustavalkolasermonitoimilaite\/","url":"https:\/\/nettiseitti.fi\/showroom\/tuote\/hp-laserjet-pro-mfp-3102fdw-mustavalkolasermonitoimilaite\/","name":"HP LaserJet Pro MFP 3102fdw -mustavalkolasermonitoimilaite - NettiSeitti","isPartOf":{"@id":"https:\/\/nettiseitti.fi\/showroom\/#website"},"primaryImageOfPage":{"@id":"https:\/\/nettiseitti.fi\/showroom\/tuote\/hp-laserjet-pro-mfp-3102fdw-mustavalkolasermonitoimilaite\/#primaryimage"},"image":{"@id":"https:\/\/nettiseitti.fi\/showroom\/tuote\/hp-laserjet-pro-mfp-3102fdw-mustavalkolasermonitoimilaite\/#primaryimage"},"thumbnailUrl":"https:\/\/nettiseitti.fi\/showroom\/wp-content\/uploads\/2025\/11\/hp_laserjet_pro_3102fdw.jpg","datePublished":"2025-11-20T10:17:06+00:00","dateModified":"2025-11-20T10:17:07+00:00","description":"Monipuolinen ja luotettava mustavalkolasermonitoimilaite esim. toimistoihin ja yritysk\u00e4ytt\u00f6\u00f6n. Pirkanmaa, Satakunta, Etel\u00e4-Pohjanmaa, Pohjanmaa, Sein\u00e4joki.","breadcrumb":{"@id":"https:\/\/nettiseitti.fi\/showroom\/tuote\/hp-laserjet-pro-mfp-3102fdw-mustavalkolasermonitoimilaite\/#breadcrumb"},"inLanguage":"fi","potentialAction":[{"@type":"ReadAction","target":["https:\/\/nettiseitti.fi\/showroom\/tuote\/hp-laserjet-pro-mfp-3102fdw-mustavalkolasermonitoimilaite\/"]}]},{"@type":"ImageObject","inLanguage":"fi","@id":"https:\/\/nettiseitti.fi\/showroom\/tuote\/hp-laserjet-pro-mfp-3102fdw-mustavalkolasermonitoimilaite\/#primaryimage","url":"https:\/\/nettiseitti.fi\/showroom\/wp-content\/uploads\/2025\/11\/hp_laserjet_pro_3102fdw.jpg","contentUrl":"https:\/\/nettiseitti.fi\/showroom\/wp-content\/uploads\/2025\/11\/hp_laserjet_pro_3102fdw.jpg","width":593,"height":476},{"@type":"BreadcrumbList","@id":"https:\/\/nettiseitti.fi\/showroom\/tuote\/hp-laserjet-pro-mfp-3102fdw-mustavalkolasermonitoimilaite\/#breadcrumb","itemListElement":[{"@type":"ListItem","position":1,"name":"Etusivu","item":"https:\/\/nettiseitti.fi\/showroom\/"},{"@type":"ListItem","position":2,"name":"Tuotteet","item":"https:\/\/nettiseitti.fi\/showroom\/tuotteet\/"},{"@type":"ListItem","position":3,"name":"HP LaserJet Pro MFP 3102fdw -mustavalkolasermonitoimilaite"}]},{"@type":"WebSite","@id":"https:\/\/nettiseitti.fi\/showroom\/#website","url":"https:\/\/nettiseitti.fi\/showroom\/","name":"NettiSeitti","description":"","publisher":{"@id":"https:\/\/nettiseitti.fi\/showroom\/#organization"},"potentialAction":[{"@type":"SearchAction","target":{"@type":"EntryPoint","urlTemplate":"https:\/\/nettiseitti.fi\/showroom\/?s={search_term_string}"},"query-input":{"@type":"PropertyValueSpecification","valueRequired":true,"valueName":"search_term_string"}}],"inLanguage":"fi"},{"@type":"Organization","@id":"https:\/\/nettiseitti.fi\/showroom\/#organization","name":"NettiSeitti","url":"https:\/\/nettiseitti.fi\/showroom\/","logo":{"@type":"ImageObject","inLanguage":"fi","@id":"https:\/\/nettiseitti.fi\/showroom\/#\/schema\/logo\/image\/","url":"https:\/\/nettiseitti.fi\/showroom\/wp-content\/uploads\/2024\/03\/nettiseitti_lapinakyva_tausta.png","contentUrl":"https:\/\/nettiseitti.fi\/showroom\/wp-content\/uploads\/2024\/03\/nettiseitti_lapinakyva_tausta.png","width":2176,"height":741,"caption":"NettiSeitti"},"image":{"@id":"https:\/\/nettiseitti.fi\/showroom\/#\/schema\/logo\/image\/"}}]}},"_links":{"self":[{"href":"https:\/\/nettiseitti.fi\/showroom\/wp-json\/wp\/v2\/product\/14679","targetHints":{"allow":["GET"]}}],"collection":[{"href":"https:\/\/nettiseitti.fi\/showroom\/wp-json\/wp\/v2\/product"}],"about":[{"href":"https:\/\/nettiseitti.fi\/showroom\/wp-json\/wp\/v2\/types\/product"}],"wp:featuredmedia":[{"embeddable":true,"href":"https:\/\/nettiseitti.fi\/showroom\/wp-json\/wp\/v2\/media\/14680"}],"wp:attachment":[{"href":"https:\/\/nettiseitti.fi\/showroom\/wp-json\/wp\/v2\/media?parent=14679"}],"wp:term":[{"taxonomy":"product_brand","embeddable":true,"href":"https:\/\/nettiseitti.fi\/showroom\/wp-json\/wp\/v2\/product_brand?post=14679"},{"taxonomy":"product_cat","embeddable":true,"href":"https:\/\/nettiseitti.fi\/showroom\/wp-json\/wp\/v2\/product_cat?post=14679"},{"taxonomy":"product_tag","embeddable":true,"href":"https:\/\/nettiseitti.fi\/showroom\/wp-json\/wp\/v2\/product_tag?post=14679"}],"curies":[{"name":"wp","href":"https:\/\/api.w.org\/{rel}","templated":true}]}}